{"id":422,"date":"2022-06-26T04:42:47","date_gmt":"2022-06-26T04:42:47","guid":{"rendered":"https:\/\/lotusgolf.vn\/?page_id=422"},"modified":"2022-07-12T07:01:35","modified_gmt":"2022-07-12T07:01:35","slug":"quy-dinh-chung","status":"publish","type":"page","link":"https:\/\/lotusgolf.vn\/vi\/quy-dinh-chung\/","title":{"rendered":"Quy \u0111\u1ecbnh chung"},"content":{"rendered":"\n\t<div id=\"text-782502787\" class=\"text\">\n\t\t\n\n<div id=\"media\">\n<div class=\"content-detail\">\n<h1 style=\"font-size: 2em; margin: 0px;\">Quy \u0111\u1ecbnh chung<\/h1>\n<!-- ENd share -->\n<div id=\"media\" class=\"columns content\" style=\"display: block; text-align: justify; padding: 20px 7px;\">\n<p style=\"text-align: center;\"><span style=\"color: #27ae60;\"><span style=\"font-size: 20px;\"><strong>Ch\u00e0o m\u1eebng qu\u00fd kh\u00e1ch \u0111\u1ebfn v\u1edbi website lotusgolf.vn<\/strong><\/span><\/span><\/p>\n<p><span style=\"font-size: 16px;\">Khi qu\u00fd kh\u00e1ch h\u00e0ng truy c\u1eadp v\u00e0o trang website c\u1ee7a ch\u00fang t\u00f4i c\u00f3 ngh\u0129a l\u00e0 qu\u00fd kh\u00e1ch \u0111\u1ed3ng \u00fd v\u1edbi c\u00e1c \u0111i\u1ec1u kho\u1ea3n n\u00e0y. Trang web c\u00f3 quy\u1ec1n thay \u0111\u1ed5i, ch\u1ec9nh s\u1eeda, th\u00eam ho\u1eb7c l\u01b0\u1ee3c b\u1ecf b\u1ea5t k\u1ef3 ph\u1ea7n n\u00e0o trong \u0111i\u1ec1u kho\u1ea3n mua b\u00e1n h\u00e0ng h\u00f3a n\u00e0y, v\u00e0o b\u1ea5t c\u1ee9 l\u00fac n\u00e0o. C\u00e1c thay \u0111\u1ed5i c\u00f3 hi\u1ec7u l\u1ef1c ngay khi \u0111\u01b0\u1ee3c \u0111\u0103ng tr\u00ean trang web m\u00e0 kh\u00f4ng c\u1ea7n th\u00f4ng b\u00e1o tr\u01b0\u1edbc. V\u00e0 khi qu\u00fd kh\u00e1ch ti\u1ebfp t\u1ee5c s\u1eed d\u1ee5ng trang web, sau khi c\u00e1c thay \u0111\u1ed5i v\u1ec1 \u0110i\u1ec1u kho\u1ea3n n\u00e0y \u0111\u01b0\u1ee3c \u0111\u0103ng t\u1ea3i, c\u00f3 ngh\u0129a l\u00e0 qu\u00fd kh\u00e1ch ch\u1ea5p nh\u1eadn v\u1edbi nh\u1eefng thay \u0111\u1ed5i \u0111\u00f3. Qu\u00fd kh\u00e1ch vui l\u00f2ng ki\u1ec3m tra th\u01b0\u1eddng xuy\u00ean \u0111\u1ec3 c\u1eadp nh\u1eadt nh\u1eefng thay \u0111\u1ed5i c\u1ee7a ch\u00fang t\u00f4i.<\/span><\/p>\n<p><span style=\"color: #27ae60;\"><em><strong><span style=\"font-size: 16px;\">Xin vui l\u00f2ng \u0111\u1ecdc k\u0129 tr\u01b0\u1edbc khi mua h\u00e0ng!<\/span><\/strong><\/em><\/span><\/p>\n<p><span style=\"color: #27ae60;\"><strong><span style=\"font-size: 16px;\">H\u01b0\u1edbng d\u1eabn s\u1eed d\u1ee5ng website<\/span><\/strong><\/span><\/p>\n<p><span style=\"font-size: 16px;\">Khi v\u00e0o web c\u1ee7a ch\u00fang t\u00f4i, kh\u00e1ch h\u00e0ng ph\u1ea3i \u0111\u1ea3m b\u1ea3o \u0111\u1ee7 18 tu\u1ed5i, ho\u1eb7c truy c\u1eadp d\u01b0\u1edbi s\u1ef1 gi\u00e1m s\u00e1t c\u1ee7a cha m\u1eb9 hay ng\u01b0\u1eddi gi\u00e1m h\u1ed9 h\u1ee3p ph\u00e1p. Kh\u00e1ch h\u00e0ng \u0111\u1ea3m b\u1ea3o c\u00f3 \u0111\u1ea7y \u0111\u1ee7 h\u00e0nh vi d\u00e2n s\u1ef1 \u0111\u1ec3 th\u1ef1c hi\u1ec7n c\u00e1c giao d\u1ecbch mua b\u00e1n h\u00e0ng h\u00f3a theo quy \u0111\u1ecbnh hi\u1ec7n h\u00e0nh c\u1ee7a ph\u00e1p lu\u1eadt Vi\u1ec7t Nam.<\/span><\/p>\n<p><span style=\"font-size: 16px;\">Nghi\u00eam c\u1ea5m s\u1eed d\u1ee5ng b\u1ea5t k\u1ef3 ph\u1ea7n n\u00e0o c\u1ee7a trang web n\u00e0y v\u1edbi m\u1ee5c \u0111\u00edch th\u01b0\u01a1ng m\u1ea1i ho\u1eb7c nh\u00e2n danh b\u1ea5t k\u1ef3 \u0111\u1ed1i t\u00e1c th\u1ee9 ba n\u00e0o n\u1ebfu kh\u00f4ng \u0111\u01b0\u1ee3c ch\u00fang t\u00f4i cho ph\u00e9p b\u1eb1ng v\u0103n b\u1ea3n. N\u1ebfu vi ph\u1ea1m b\u1ea5t c\u1ee9 \u0111i\u1ec1u n\u00e0o trong \u0111\u00e2y, ch\u00fang t\u00f4i s\u1ebd h\u1ee7y t\u00e0i kho\u1ea3n c\u1ee7a kh\u00e1ch m\u00e0 kh\u00f4ng c\u1ea7n b\u00e1o tr\u01b0\u1edbc.<\/span><\/p>\n<p><span style=\"font-size: 16px;\">Trong su\u1ed1t qu\u00e1 tr\u00ecnh \u0111\u0103ng k\u00fd, qu\u00fd kh\u00e1ch \u0111\u1ed3ng \u00fd nh\u1eadn email qu\u1ea3ng c\u00e1o t\u1eeb website. N\u1ebfu kh\u00f4ng mu\u1ed1n ti\u1ebfp t\u1ee5c nh\u1eadn mail, qu\u00fd kh\u00e1ch c\u00f3 th\u1ec3 t\u1eeb ch\u1ed1i b\u1eb1ng c\u00e1ch th\u1ef1c hi\u1ec7n theo h\u01b0\u1edbng d\u1eabn c\u1ee7a ch\u00fang t\u00f4i trong m\u1ed7i email.<\/span><\/p>\n<p><span style=\"color: #27ae60;\"><strong><span style=\"font-size: 16px;\">\u00dd ki\u1ebfn c\u1ee7a kh\u00e1ch h\u00e0ng<\/span><\/strong><\/span><\/p>\n<p><span style=\"font-size: 16px;\">T\u1ea5t c\u1ea3 n\u1ed9i dung trang web v\u00e0 \u00fd ki\u1ebfn ph\u00ea b\u00ecnh c\u1ee7a qu\u00fd kh\u00e1ch \u0111\u1ec1u l\u00e0 t\u00e0i s\u1ea3n c\u1ee7a ch\u00fang t\u00f4i. N\u1ebfu ch\u00fang t\u00f4i ph\u00e1t hi\u1ec7n b\u1ea5t k\u1ef3 th\u00f4ng tin gi\u1ea3 m\u1ea1o n\u00e0o, ch\u00fang t\u00f4i s\u1ebd kh\u00f3a t\u00e0i kho\u1ea3n c\u1ee7a qu\u00fd kh\u00e1ch ngay l\u1eadp t\u1ee9c ho\u1eb7c \u00e1p d\u1ee5ng c\u00e1c bi\u1ec7n ph\u00e1p kh\u00e1c theo quy \u0111\u1ecbnh c\u1ee7a ph\u00e1p lu\u1eadt Vi\u1ec7t Nam.<\/span><\/p>\n<p><span style=\"color: #27ae60;\"><strong><span style=\"font-size: 16px;\">X\u00e1c nh\u1eadn v\u00e0 t\u1eeb ch\u1ed1i \u0111\u01a1n h\u00e0ng<\/span><\/strong><\/span><\/p>\n<p><span style=\"font-size: 16px;\">Khi qu\u00fd kh\u00e1ch \u0111\u1eb7t h\u00e0ng t\u1ea1i <a href=\"https:\/\/lotusgolf.vn\/\">lotusgolf.vn<\/a>, ch\u00fang t\u00f4i s\u1ebd nh\u1eadn \u0111\u01b0\u1ee3c y\u00eau c\u1ea7u \u0111\u1eb7t h\u00e0ng v\u00e0 g\u1eedi \u0111\u1ebfn qu\u00fd kh\u00e1ch m\u00e3 s\u1ed1 \u0111\u01a1n h\u00e0ng. Tuy nhi\u00ean, y\u00eau c\u1ea7u \u0111\u1eb7t h\u00e0ng c\u1ea7n th\u00f4ng qua m\u1ed9t b\u01b0\u1edbc x\u00e1c nh\u1eadn \u0111\u01a1n h\u00e0ng, <a href=\"https:\/\/lotusgolf.vn\/\">lotusgolf.vn<\/a> ch\u1ec9 x\u00e1c nh\u1eadn \u0111\u01a1n h\u00e0ng n\u1ebfu y\u00eau c\u1ea7u \u0111\u1eb7t h\u00e0ng c\u1ee7a qu\u00fd kh\u00e1ch th\u1ecfa m\u00e3n c\u00e1c ti\u00eau ch\u00ed th\u1ef1c hi\u1ec7n \u0111\u01a1n h\u00e0ng t\u1ea1i <a href=\"https:\/\/lotusgolf.vn\/\">lotusgolf.vn<\/a>. \u0110\u1ec3 y\u00eau c\u1ea7u \u0111\u1eb7t h\u00e0ng \u0111\u01b0\u1ee3c x\u00e1c nh\u1eadn nhanh ch\u00f3ng, qu\u00fd kh\u00e1ch vui l\u00f2ng cung c\u1ea5p \u0111\u00fang v\u00e0 \u0111\u1ea7y \u0111\u1ee7 c\u00e1c th\u00f4ng tin li\u00ean quan \u0111\u1ebfn vi\u1ec7c giao nh\u1eadn, ho\u1eb7c c\u00e1c \u0111i\u1ec1u kho\u1ea3n v\u00e0 \u0111i\u1ec1u ki\u1ec7n c\u1ee7a ch\u01b0\u01a1ng tr\u00ecnh khuy\u1ebfn m\u00e3i (n\u1ebfu c\u00f3) m\u00e0 qu\u00fd kh\u00e1ch tham gia.<\/span><\/p>\n<p><span style=\"font-size: 16px;\">Ch\u00fang t\u00f4i c\u00f3 quy\u1ec1n t\u1eeb ch\u1ed1i ho\u1eb7c h\u1ee7y \u0111\u01a1n h\u00e0ng c\u1ee7a qu\u00fd kh\u00e1ch v\u00ec b\u1ea5t k\u1ef3 l\u00fd do g\u00ec li\u00ean quan \u0111\u1ebfn l\u1ed7i k\u1ef9 thu\u1eadt, h\u1ec7 th\u1ed1ng m\u1ed9t c\u00e1ch kh\u00e1ch quan v\u00e0o b\u1ea5t k\u1ef3 l\u00fac n\u00e0o. Ch\u00fang t\u00f4i s\u1ebd h\u1ecfi th\u00eam v\u1ec1 s\u1ed1 \u0111i\u1ec7n tho\u1ea1i v\u00e0 \u0111\u1ecba ch\u1ec9 nh\u1eadn h\u00e0ng tr\u01b0\u1edbc khi x\u00e1c nh\u1eadn \u0111\u01a1n h\u00e0ng.<\/span><\/p>\n<p><span style=\"color: #27ae60;\"><strong><span style=\"font-size: 16px;\">H\u1ee7y b\u1ecf \u0111\u01a1n h\u00e0ng t\u1ea1i lotusgolf.vn<\/span><\/strong><\/span><\/p>\n<p><span style=\"font-size: 16px;\">Tr\u01b0\u1eddng h\u1ee3p qu\u00fd kh\u00e1ch mu\u1ed1n h\u1ee7y b\u1ecf \u0111\u01a1n h\u00e0ng \u0111\u00e3 th\u1ef1c hi\u1ec7n tr\u00ean website <a href=\"https:\/\/lotusgolf.vn\/\">lotusgolf.vn<\/a>, xin vui l\u00f2ng li\u00ean h\u1ec7 s\u1ed1 Hotline: 085 866 9993 \u0111\u1ec3 y\u00eau c\u1ea7u h\u1ee7y \u0111\u01a1n h\u00e0ng ho\u1eb7c t\u1eeb ch\u1ed1i nh\u1eadn h\u00e0ng trong tr\u01b0\u1eddng h\u1ee3p \u0111\u01a1n h\u00e0ng c\u1ee7a b\u1ea1n \u0111ang \u0111\u01b0\u1ee3c v\u1eadn chuy\u1ec3n.<\/span><\/p>\n<p><span style=\"color: #27ae60;\"><strong><span style=\"font-size: 16px;\">Ch\u01b0\u01a1ng tr\u00ecnh khuy\u1ebfn m\u00e3i<\/span><\/strong><\/span><\/p>\n<p><span style=\"font-size: 16px;\">V\u1edbi mong mu\u1ed1n mang l\u1ea1i nhi\u1ec1u l\u1ee3i \u00edch cho kh\u00e1ch h\u00e0ng, lotusgolf.vn th\u01b0\u1eddng xuy\u00ean c\u00f3 c\u00e1c ch\u01b0\u01a1ng tr\u00ecnh gi\u1ea3m gi\u00e1 \u0111\u1eb7c bi\u1ec7t. Tuy nhi\u00ean, \u0111\u1ec3 \u0111\u1ea3m b\u1ea3o t\u00ednh c\u00f4ng b\u1eb1ng cho kh\u00e1ch h\u00e0ng l\u00e0 ng\u01b0\u1eddi ti\u00eau d\u00f9ng cu\u1ed1i c\u00f9ng c\u1ee7a lotusgolf.vn, ch\u00fang t\u00f4i c\u00f3 quy\u1ec1n t\u1eeb ch\u1ed1i c\u00e1c \u0111\u01a1n h\u00e0ng kh\u00f4ng nh\u1eb1m m\u1ee5c \u0111\u00edch s\u1eed d\u1ee5ng cho c\u00e1 nh\u00e2n, mua h\u00e0ng s\u1ed1 l\u01b0\u1ee3ng nhi\u1ec1u ho\u1eb7c v\u1edbi m\u1ee5c \u0111\u00edch mua \u0111i b\u00e1n l\u1ea1i khi qu\u00fd kh\u00e1ch tham gia c\u00e1c ch\u01b0\u01a1ng tr\u00ecnh khuy\u1ebfn m\u00e3i, c\u00e1c \u0111\u01a1n h\u00e0ng kh\u00f4ng th\u1ecfa m\u00e3n \u0111i\u1ec1u kho\u1ea3n v\u00e0 \u0111i\u1ec1u ki\u1ec7n tham gia c\u00e1c ch\u01b0\u01a1ng tr\u00ecnh khuy\u1ebfn m\u00e3i m\u00e0 kh\u00f4ng c\u1ea7n th\u00f4ng b\u00e1o \u0111\u1ebfn kh\u00e1ch h\u00e0ng. V\u00ec v\u1eady, xin qu\u00fd kh\u00e1ch vui l\u00f2ng tham kh\u1ea3o k\u0129 Th\u1ec3 l\u1ec7 c\u1ee7a t\u1eebng ch\u01b0\u01a1ng tr\u00ecnh tr\u01b0\u1edbc khi tham gia.<\/span><\/p>\n<p><span style=\"color: #27ae60;\"><strong><span style=\"font-size: 16px;\">Phi\u1ebfu gi\u1ea3m gi\u00e1 v\u00e0 M\u00e3 gi\u1ea3m gi\u00e1<\/span><\/strong><\/span><\/p>\n<p><span style=\"font-size: 16px;\">&#8211; Phi\u1ebfu gi\u1ea3m gi\u00e1\/ M\u00e3 gi\u1ea3m gi\u00e1 l\u00e0 h\u00ecnh th\u1ee9c chi\u1ebft kh\u1ea5u m\u00e0 Lotusgolf d\u00e0nh cho kh\u00e1ch h\u00e0ng c\u00f3 th\u1ec3 c\u00f3 gi\u00e1 tr\u1ecb gi\u1ea3m m\u1ed9t ph\u1ea7n ho\u1eb7c to\u00e0n ph\u1ea7n gi\u00e1 tr\u1ecb c\u1ee7a \u0111\u01a1n h\u00e0ng.<\/span><\/p>\n<p><span style=\"font-size: 16px;\">&#8211; M\u1ed7i \u0111\u01a1n h\u00e0ng ch\u1ec9 c\u00f3 th\u1ec3 \u00e1p d\u1ee5ng 1 m\u00e3 gi\u1ea3m gi\u00e1, qu\u00fd kh\u00e1ch s\u1ebd nh\u1eadn \u0111\u01b0\u1ee3c th\u00f4ng tin chi ti\u1ebft v\u1ec1 \u0111i\u1ec1u kho\u1ea3n v\u00e0 \u0111i\u1ec1u ki\u1ec7n s\u1eed d\u1ee5ng m\u00e3 gi\u1ea3m gi\u00e1 k\u00e8m theo.<\/span><\/p>\n<p><span style=\"font-size: 16px;\">&#8211; lotusgolf.vn c\u00f3 quy\u1ec1n t\u1eeb ch\u1ed1i c\u00e1c \u0111\u01a1n h\u00e0ng s\u1eed d\u1ee5ng m\u00e3 gi\u1ea3m gi\u00e1 kh\u00f4ng th\u1ecfa m\u00e3n \u0111i\u1ec1u kho\u1ea3n v\u00e0 \u0111i\u1ec1u ki\u1ec7n s\u1eed d\u1ee5ng m\u00e3 gi\u1ea3m gi\u00e1 m\u00e0 kh\u00f4ng c\u1ea7n th\u00f4ng b\u00e1o tr\u01b0\u1edbc. M\u00e3 gi\u1ea3m gi\u00e1 trong tr\u01b0\u1eddng h\u1ee3p n\u00e0y s\u1ebd kh\u00f4ng \u0111\u01b0\u1ee3c c\u1ea5p l\u1ea1i. Ngo\u00e0i ra, lotusgolf.vn c\u00f3 quy\u1ec1n t\u1eeb ch\u1ed1i vi\u1ec7c gia h\u1ea1n m\u00e3 \u0111\u00e3 h\u1ebft h\u1ea1n s\u1eed d\u1ee5ng, m\u00e3 kh\u00f4ng \u0111\u01b0\u1ee3c s\u1eed d\u1ee5ng h\u1ebft gi\u00e1 tr\u1ecb ho\u1eb7c c\u00e1c tr\u01b0\u1eddng h\u1ee3p \u0111\u01a1n ph\u01b0\u01a1ng ng\u1eebng th\u1ef1c hi\u1ec7n \u0111\u01a1n h\u00e0ng ph\u00e1t sinh t\u1eeb ph\u00eda qu\u00fd kh\u00e1ch.<\/span><\/p>\n<p><span style=\"color: #27ae60;\"><strong><span style=\"font-size: 16px;\">\u0110i\u1ec1u ki\u1ec7n v\u00e0 \u0110i\u1ec1u kho\u1ea3n s\u1eed d\u1ee5ng Phi\u1ebfu Gi\u1ea3m Gi\u00e1 v\u00e0 M\u00e3 Gi\u1ea3m Gi\u00e1<\/span><\/strong><\/span><\/p>\n<p><span style=\"font-size: 16px;\">C\u00e1c Phi\u1ebfu gi\u1ea3m gi\u00e1, M\u00e3 gi\u1ea3m gi\u00e1 s\u1ebd \u0111\u01b0\u1ee3c \u00e1p d\u1ee5ng cho \u0111\u01a1n h\u00e0ng khi Phi\u1ebfu gi\u1ea3m gi\u00e1, M\u00e3 gi\u1ea3m gi\u00e1 kh\u00f4ng c\u00f3 \u0111i\u1ec1u ki\u1ec7n v\u00e0 t\u00f9y theo quy \u0111\u1ecbnh c\u1ee7a t\u1eebng ch\u01b0\u01a1ng tr\u00ecnh khuy\u1ebfn m\u00e3i c\u1ee5 th\u1ec3.<\/span><\/p>\n<p><span style=\"color: #27ae60;\"><strong><span style=\"font-size: 16px;\">Thanh to\u00e1n an to\u00e0n v\u00e0 ti\u1ec7n l\u1ee3i t\u1ea1i lotusgolf.vn<\/span><\/strong><\/span><\/p>\n<p><span style=\"font-size: 16px;\">Ng\u01b0\u1eddi mua c\u00f3 th\u1ec3 tham kh\u1ea3o c\u00e1c ph\u01b0\u01a1ng th\u1ee9c thanh to\u00e1n sau \u0111\u00e2y v\u00e0 l\u1ef1a ch\u1ecdn \u00e1p d\u1ee5ng ph\u01b0\u01a1ng th\u1ee9c ph\u00f9 h\u1ee3p:<\/span><\/p>\n<p><span style=\"font-size: 16px;\">&#8211;<strong> C\u00e1ch 1:\u00a0<\/strong>Thanh to\u00e1n khi nh\u1eadn h\u00e0ng (COD \u2013 giao h\u00e0ng v\u00e0 thu ti\u1ec1n t\u1eadn n\u01a1i).<\/span><\/p>\n<p><span style=\"font-size: 16px;\">&#8211; <strong>C\u00e1ch 2:<\/strong>\u00a0Thanh to\u00e1n tr\u1ef1c tuy\u1ebfn th\u00f4ng qua th\u1ebb t\u00edn d\u1ee5ng qu\u1ed1c t\u1ebf.<\/span><\/p>\n<p><span style=\"font-size: 16px;\">&#8211; <strong>C\u00e1ch 3:<\/strong>\u00a0Thanh to\u00e1n tr\u1ef1c tuy\u1ebfn th\u00f4ng qua th\u1ebb ng\u00e2n h\u00e0ng trong n\u01b0\u1edbc c\u00f3 \u0111\u0103ng k\u00ed Internet Banking<\/span><\/p>\n<p><span style=\"color: #27ae60;\"><strong><span style=\"font-size: 16px;\">Gi\u1ea3i quy\u1ebft h\u1eadu qu\u1ea3 do l\u1ed7i nh\u1eadp sai th\u00f4ng tin t\u1ea1i lotusgolf.vn<\/span><\/strong><\/span><\/p>\n<p>\u00a0<\/p>\n<p><span style=\"font-size: 16px;\">Kh\u00e1ch h\u00e0ng c\u00f3 tr\u00e1ch nhi\u1ec7m cung c\u1ea5p th\u00f4ng tin \u0111\u1ea7y \u0111\u1ee7 v\u00e0 ch\u00ednh x\u00e1c khi tham gia giao d\u1ecbch t\u1ea1i lotusgolf.vn. Trong tr\u01b0\u1eddng h\u1ee3p kh\u00e1ch h\u00e0ng nh\u1eadp sai th\u00f4ng tin, Lotusgolf c\u00f3 quy\u1ec1n t\u1eeb ch\u1ed1i th\u1ef1c hi\u1ec7n giao d\u1ecbch.<\/span><\/p>\n<p><span style=\"font-size: 16px;\">Trong tr\u01b0\u1eddng h\u1ee3p sai th\u00f4ng tin ph\u00e1t sinh t\u1eeb ph\u00eda lotusgolf.vn m\u00e0 lotusgolf.vn c\u00f3 th\u1ec3 ch\u1ee9ng minh \u0111\u00f3 l\u00e0 l\u1ed7i c\u1ee7a h\u1ec7 th\u1ed1ng, lotusgolf.vn s\u1ebd gi\u1ea3i quy\u1ebft c\u00e1c s\u1ef1 c\u1ed1 ph\u00e1t sinh cho kh\u00e1ch h\u00e0ng ho\u1eb7c s\u1ebd \u0111\u1ec1n b\u00f9 m\u1ed9t m\u00e3 gi\u1ea3m gi\u00e1 cho c\u00e1c l\u1ea7n mua s\u1eafm ti\u1ebfp theo v\u1edbi m\u1ec7nh gi\u00e1 t\u00f9y t\u1eebng tr\u01b0\u1eddng h\u1ee3p c\u1ee5 th\u1ec3 v\u00e0 c\u00f3 quy\u1ec1n kh\u00f4ng th\u1ef1c hi\u1ec7n giao d\u1ecbch b\u1ecb l\u1ed7i.<\/span><\/p>\n<p><span style=\"font-size: 16px;\">M\u1ecdi quy\u1ec1n s\u1edf h\u1eefu tr\u00ed tu\u1ec7 (\u0111\u00e3 \u0111\u0103ng k\u00fd ho\u1eb7c ch\u01b0a \u0111\u0103ng k\u00fd), n\u1ed9i dung th\u00f4ng tin v\u00e0 t\u1ea5t c\u1ea3 c\u00e1c thi\u1ebft k\u1ebf, v\u0103n b\u1ea3n, \u0111\u1ed3 h\u1ecda, ph\u1ea7n m\u1ec1m, h\u00ecnh \u1ea3nh, video, \u00e2m nh\u1ea1c, \u00e2m thanh, bi\u00ean d\u1ecbch ph\u1ea7n m\u1ec1m, m\u00e3 ngu\u1ed3n v\u00e0 ph\u1ea7n m\u1ec1m c\u01a1 b\u1ea3n \u0111\u1ec1u l\u00e0 t\u00e0i s\u1ea3n c\u1ee7a ch\u00fang t\u00f4i. To\u00e0n b\u1ed9 n\u1ed9i dung c\u1ee7a trang web \u0111\u01b0\u1ee3c b\u1ea3o v\u1ec7 b\u1edfi lu\u1eadt b\u1ea3n quy\u1ec1n c\u1ee7a Vi\u1ec7t Nam v\u00e0 c\u00e1c c\u00f4ng \u01b0\u1edbc qu\u1ed1c t\u1ebf. B\u1ea3n quy\u1ec1n \u0111\u00e3 \u0111\u01b0\u1ee3c b\u1ea3o l\u01b0u.<\/span><\/p>\n<p><span style=\"color: #27ae60;\"><strong><span style=\"font-size: 16px;\">Quy \u0111\u1ecbnh v\u1ec1 b\u1ea3o m\u1eadt<\/span><\/strong><\/span><\/p>\n<p><span style=\"font-size: 16px;\">lotusgolf.vn coi tr\u1ecdng vi\u1ec7c b\u1ea3o m\u1eadt th\u00f4ng tin v\u00e0 s\u1eed d\u1ee5ng c\u00e1c bi\u1ec7n ph\u00e1p t\u1ed1t nh\u1ea5t b\u1ea3o v\u1ec7 th\u00f4ng tin v\u00e0 vi\u1ec7c thanh to\u00e1n c\u1ee7a qu\u00fd kh\u00e1ch. Th\u00f4ng tin c\u1ee7a qu\u00fd kh\u00e1ch trong qu\u00e1 tr\u00ecnh thanh to\u00e1n s\u1ebd \u0111\u01b0\u1ee3c m\u00e3 h\u00f3a \u0111\u1ec3 \u0111\u1ea3m b\u1ea3o an to\u00e0n. Sau khi qu\u00fd kh\u00e1ch ho\u00e0n th\u00e0nh qu\u00e1 tr\u00ecnh \u0111\u1eb7t h\u00e0ng, qu\u00fd kh\u00e1ch s\u1ebd tho\u00e1t kh\u1ecfi ch\u1ebf \u0111\u1ed9 an to\u00e0n.<\/span><\/p>\n<p><span style=\"font-size: 16px;\">Qu\u00fd kh\u00e1ch kh\u00f4ng \u0111\u01b0\u1ee3c s\u1eed d\u1ee5ng b\u1ea5t k\u1ef3 ch\u01b0\u01a1ng tr\u00ecnh, c\u00f4ng c\u1ee5 hay h\u00ecnh th\u1ee9c n\u00e0o kh\u00e1c \u0111\u1ec3 can thi\u1ec7p v\u00e0o h\u1ec7 th\u1ed1ng hay l\u00e0m thay \u0111\u1ed5i c\u1ea5u tr\u00fac d\u1eef li\u1ec7u. Trang web c\u0169ng nghi\u00eam c\u1ea5m vi\u1ec7c ph\u00e1t t\u00e1n, truy\u1ec1n b\u00e1 hay c\u1ed5 v\u0169 cho b\u1ea5t k\u1ef3 ho\u1ea1t \u0111\u1ed9ng n\u00e0o nh\u1eb1m can thi\u1ec7p, ph\u00e1 ho\u1ea1i hay x\u00e2m nh\u1eadp v\u00e0o d\u1eef li\u1ec7u c\u1ee7a h\u1ec7 th\u1ed1ng. C\u00e1 nh\u00e2n hay t\u1ed5 ch\u1ee9c vi ph\u1ea1m s\u1ebd b\u1ecb t\u01b0\u1edbc b\u1ecf m\u1ecdi quy\u1ec1n l\u1ee3i c\u0169ng nh\u01b0 s\u1ebd b\u1ecb truy t\u1ed1 tr\u01b0\u1edbc ph\u00e1p lu\u1eadt n\u1ebfu c\u1ea7n thi\u1ebft.<\/span><\/p>\n<p><span style=\"font-size: 16px;\">M\u1ecdi th\u00f4ng tin giao d\u1ecbch s\u1ebd \u0111\u01b0\u1ee3c b\u1ea3o m\u1eadt ngo\u1ea1i tr\u1eeb trong tr\u01b0\u1eddng h\u1ee3p c\u01a1 quan ph\u00e1p lu\u1eadt y\u00eau c\u1ea7u.<\/span><\/p>\n<p><span style=\"color: #27ae60;\"><strong><span style=\"font-size: 16px;\">Quy\u1ec1n ph\u00e1p l\u00fd<\/span><\/strong><\/span><\/p>\n<p><span style=\"font-size: 16px;\">C\u00e1c \u0111i\u1ec1u ki\u1ec7n, \u0111i\u1ec1u kho\u1ea3n v\u00e0 n\u1ed9i dung c\u1ee7a trang web n\u00e0y \u0111\u01b0\u1ee3c \u0111i\u1ec1u ch\u1ec9nh b\u1edfi lu\u1eadt ph\u00e1p Vi\u1ec7t Nam v\u00e0 T\u00f2a \u00e1n c\u00f3 th\u1ea9m quy\u1ec1n t\u1ea1i Vi\u1ec7t Nam s\u1ebd gi\u1ea3i quy\u1ebft b\u1ea5t k\u1ef3 tranh ch\u1ea5p n\u00e0o ph\u00e1t sinh t\u1eeb vi\u1ec7c s\u1eed d\u1ee5ng tr\u00e1i ph\u00e9p trang web n\u00e0y.<\/span><\/p>\n<p><span style=\"color: #27ae60;\"><strong><span style=\"font-size: 16px;\">Gi\u1ea3i quy\u1ebft tranh ch\u1ea5p<\/span><\/strong><\/span><\/p>\n<div>\n<p><span style=\"font-size: 16px;\">B\u1ea5t k\u1ef3 tranh c\u00e3i, khi\u1ebfu n\u1ea1i ho\u1eb7c tranh ch\u1ea5p ph\u00e1t sinh t\u1eeb ho\u1eb7c li\u00ean quan \u0111\u1ebfn giao d\u1ecbch t\u1ea1i lotusgolf.vn ho\u1eb7c c\u00e1c Quy \u0111\u1ecbnh v\u00e0 \u0110i\u1ec1u ki\u1ec7n n\u00e0y \u0111\u1ec1u s\u1ebd \u0111\u01b0\u1ee3c gi\u1ea3i quy\u1ebft b\u1eb1ng h\u00ecnh th\u1ee9c th\u01b0\u01a1ng l\u01b0\u1ee3ng, h\u00f2a gi\u1ea3i, tr\u1ecdng t\u00e0i v\u00e0\/ho\u1eb7c T\u00f2a \u00e1n theo Lu\u1eadt b\u1ea3o v\u1ec7 Ng\u01b0\u1eddi ti\u00eau d\u00f9ng Ch\u01b0\u01a1ng 4 v\u1ec1 Gi\u1ea3i quy\u1ebft tranh ch\u1ea5p gi\u1eefa ng\u01b0\u1eddi ti\u00eau d\u00f9ng v\u00e0 t\u1ed5 ch\u1ee9c, c\u00e1 nh\u00e2n kinh doanh h\u00e0ng h\u00f3a, d\u1ecbch v\u1ee5.<\/span><\/p>\n<\/div>\n<\/div>\n<\/div>\n<\/div>\n\t\t\n<style>\n#text-782502787 {\n  text-align: left;\n}\n<\/style>\n\t<\/div>\n\t\n\n","protected":false},"excerpt":{"rendered":"","protected":false},"author":1,"featured_media":0,"parent":0,"menu_order":0,"comment_status":"closed","ping_status":"closed","template":"","meta":{"footnotes":""},"class_list":["post-422","page","type-page","status-publish","hentry"],"yoast_head":"<!-- This site is optimized with the Yoast SEO plugin v19.0 - https:\/\/yoast.com\/wordpress\/plugins\/seo\/ -->\n<title>Quy \u0111\u1ecbnh chung -<\/title>\n<meta name=\"robots\" content=\"index, follow, max-snippet:-1, max-image-preview:large, max-video-preview:-1\" \/>\n<link rel=\"canonical\" href=\"https:\/\/lotusgolf.vn\/vi\/quy-dinh-chung\/\" \/>\n<meta property=\"og:locale\" content=\"vi_VN\" \/>\n<meta property=\"og:type\" content=\"article\" \/>\n<meta property=\"og:title\" content=\"Quy \u0111\u1ecbnh chung -\" \/>\n<meta property=\"og:url\" content=\"https:\/\/lotusgolf.vn\/vi\/quy-dinh-chung\/\" \/>\n<meta property=\"article:modified_time\" content=\"2022-07-12T07:01:35+00:00\" \/>\n<meta name=\"twitter:card\" content=\"summary_large_image\" \/>\n<meta name=\"twitter:label1\" content=\"\u01af\u1edbc t\u00ednh th\u1eddi gian \u0111\u1ecdc\" \/>\n\t<meta name=\"twitter:data1\" content=\"7 ph\u00fat\" \/>\n<script type=\"application\/ld+json\" class=\"yoast-schema-graph\">{\"@context\":\"https:\/\/schema.org\",\"@graph\":[{\"@type\":\"WebSite\",\"@id\":\"https:\/\/lotusgolf-b23998.ingress-bonde.ewp.live\/#website\",\"url\":\"https:\/\/lotusgolf-b23998.ingress-bonde.ewp.live\/\",\"name\":\"\",\"description\":\"\",\"potentialAction\":[{\"@type\":\"SearchAction\",\"target\":{\"@type\":\"EntryPoint\",\"urlTemplate\":\"https:\/\/lotusgolf-b23998.ingress-bonde.ewp.live\/?s={search_term_string}\"},\"query-input\":\"required name=search_term_string\"}],\"inLanguage\":\"vi\"},{\"@type\":\"WebPage\",\"@id\":\"https:\/\/lotusgolf.vn\/quy-dinh-chung\/#webpage\",\"url\":\"https:\/\/lotusgolf.vn\/quy-dinh-chung\/\",\"name\":\"Quy \u0111\u1ecbnh chung -\",\"isPartOf\":{\"@id\":\"https:\/\/lotusgolf-b23998.ingress-bonde.ewp.live\/#website\"},\"datePublished\":\"2022-06-26T04:42:47+00:00\",\"dateModified\":\"2022-07-12T07:01:35+00:00\",\"breadcrumb\":{\"@id\":\"https:\/\/lotusgolf.vn\/quy-dinh-chung\/#breadcrumb\"},\"inLanguage\":\"vi\",\"potentialAction\":[{\"@type\":\"ReadAction\",\"target\":[\"https:\/\/lotusgolf.vn\/quy-dinh-chung\/\"]}]},{\"@type\":\"BreadcrumbList\",\"@id\":\"https:\/\/lotusgolf.vn\/quy-dinh-chung\/#breadcrumb\",\"itemListElement\":[{\"@type\":\"ListItem\",\"position\":1,\"name\":\"Home\",\"item\":\"https:\/\/lotusgolf.vn\/\"},{\"@type\":\"ListItem\",\"position\":2,\"name\":\"Quy \u0111\u1ecbnh chung\"}]}]}<\/script>\n<!-- \/ Yoast SEO plugin. -->","yoast_head_json":{"title":"Quy \u0111\u1ecbnh chung -","robots":{"index":"index","follow":"follow","max-snippet":"max-snippet:-1","max-image-preview":"max-image-preview:large","max-video-preview":"max-video-preview:-1"},"canonical":"https:\/\/lotusgolf.vn\/vi\/quy-dinh-chung\/","og_locale":"vi_VN","og_type":"article","og_title":"Quy \u0111\u1ecbnh chung -","og_url":"https:\/\/lotusgolf.vn\/vi\/quy-dinh-chung\/","article_modified_time":"2022-07-12T07:01:35+00:00","twitter_card":"summary_large_image","twitter_misc":{"\u01af\u1edbc t\u00ednh th\u1eddi gian \u0111\u1ecdc":"7 ph\u00fat"},"schema":{"@context":"https:\/\/schema.org","@graph":[{"@type":"WebSite","@id":"https:\/\/lotusgolf-b23998.ingress-bonde.ewp.live\/#website","url":"https:\/\/lotusgolf-b23998.ingress-bonde.ewp.live\/","name":"","description":"","potentialAction":[{"@type":"SearchAction","target":{"@type":"EntryPoint","urlTemplate":"https:\/\/lotusgolf-b23998.ingress-bonde.ewp.live\/?s={search_term_string}"},"query-input":"required name=search_term_string"}],"inLanguage":"vi"},{"@type":"WebPage","@id":"https:\/\/lotusgolf.vn\/quy-dinh-chung\/#webpage","url":"https:\/\/lotusgolf.vn\/quy-dinh-chung\/","name":"Quy \u0111\u1ecbnh chung -","isPartOf":{"@id":"https:\/\/lotusgolf-b23998.ingress-bonde.ewp.live\/#website"},"datePublished":"2022-06-26T04:42:47+00:00","dateModified":"2022-07-12T07:01:35+00:00","breadcrumb":{"@id":"https:\/\/lotusgolf.vn\/quy-dinh-chung\/#breadcrumb"},"inLanguage":"vi","potentialAction":[{"@type":"ReadAction","target":["https:\/\/lotusgolf.vn\/quy-dinh-chung\/"]}]},{"@type":"BreadcrumbList","@id":"https:\/\/lotusgolf.vn\/quy-dinh-chung\/#breadcrumb","itemListElement":[{"@type":"ListItem","position":1,"name":"Home","item":"https:\/\/lotusgolf.vn\/"},{"@type":"ListItem","position":2,"name":"Quy \u0111\u1ecbnh chung"}]}]}},"_links":{"self":[{"href":"https:\/\/lotusgolf.vn\/vi\/wp-json\/wp\/v2\/pages\/422","targetHints":{"allow":["GET"]}}],"collection":[{"href":"https:\/\/lotusgolf.vn\/vi\/wp-json\/wp\/v2\/pages"}],"about":[{"href":"https:\/\/lotusgolf.vn\/vi\/wp-json\/wp\/v2\/types\/page"}],"author":[{"embeddable":true,"href":"https:\/\/lotusgolf.vn\/vi\/wp-json\/wp\/v2\/users\/1"}],"replies":[{"embeddable":true,"href":"https:\/\/lotusgolf.vn\/vi\/wp-json\/wp\/v2\/comments?post=422"}],"version-history":[{"count":5,"href":"https:\/\/lotusgolf.vn\/vi\/wp-json\/wp\/v2\/pages\/422\/revisions"}],"predecessor-version":[{"id":590,"href":"https:\/\/lotusgolf.vn\/vi\/wp-json\/wp\/v2\/pages\/422\/revisions\/590"}],"wp:attachment":[{"href":"https:\/\/lotusgolf.vn\/vi\/wp-json\/wp\/v2\/media?parent=422"}],"curies":[{"name":"wp","href":"https:\/\/api.w.org\/{rel}","templated":true}]}}