{"id":434,"date":"2022-06-26T10:21:36","date_gmt":"2022-06-26T10:21:36","guid":{"rendered":"https:\/\/lotusgolf.vn\/?page_id=434"},"modified":"2022-07-20T03:42:53","modified_gmt":"2022-07-20T03:42:53","slug":"chinh-sach-bao-hanh","status":"publish","type":"page","link":"https:\/\/lotusgolf.vn\/vi\/chinh-sach-bao-hanh\/","title":{"rendered":"Ch\u00ednh s\u00e1ch b\u1ea3o h\u00e0nh"},"content":{"rendered":"\n<div class=\"row\" style=\"padding: 20px 0px;\">\n<div id=\"media\">\n<div class=\"content-detail\">\n<h1 style=\"font-size: 2em; margin: 0px;\">Ch\u00ednh s\u00e1ch b\u1ea3o h\u00e0nh<\/h1>\n<p><!-- ENd share --><\/p>\n<div id=\"media\" class=\"columns content\" style=\"display: block; text-align: justify; padding: 20px 7px;\">\n<p><strong><span style=\"font-size: 16px;\">V\u1edbi ti\u00eau ch\u00ed \u0111\u1eb7t quy\u1ec1n l\u1ee3i c\u1ee7a kh\u00e1ch h\u00e0ng l\u00ean h\u00e0ng \u0111\u1ea7u, Lotusgolf cam k\u1ebft t\u1ea5t c\u1ea3 c\u00e1c s\u1ea3n ph\u1ea9m \u0111\u01b0\u1ee3c cung c\u1ea5p t\u1ea1i si\u00eau th\u1ecb Lotusgolf \u00a0l\u00e0 s\u1ea3n ph\u1ea9m ch\u00ednh h\u00e3ng, c\u00f3 ngu\u1ed3n g\u1ed1c, xu\u1ea5t x\u1ee9 r\u00f5 r\u00e0ng v\u00e0 \u0111\u1ea3m b\u1ea3o ch\u1ea5t l\u01b0\u1ee3ng.<\/span><\/strong><\/p>\n<p><span style=\"color: #27ae60;\"><span style=\"font-size: 16px;\"><strong>1. C\u00e1ch th\u1ee9c b\u1ea3o h\u00e0nh s\u1ea3n ph\u1ea9m<\/strong><\/span><\/span><\/p>\n<p><span style=\"font-size: 16px;\">&#8211; S\u1ea3n ph\u1ea9m cung c\u1ea5p t\u1ea1i Lotusgolf \u0111\u01b0\u1ee3c b\u1ea3o h\u00e0nh theo ch\u1ebf \u0111\u1ed9 b\u1ea3o h\u00e0nh c\u1ee7a h\u00e3ng:<\/span><\/p>\n<ul>\n<li><span style=\"font-size: 16px;\"><strong>\u0110\u1ed1i v\u1edbi g\u1eady golf m\u1edbi:<\/strong> B\u1ea3o h\u00e0nh trong th\u1eddi gian 12 -24 th\u00e1ng theo quy \u0111\u1ecbnh c\u1ee7a t\u1eebng h\u00e3ng v\u00e0 ho\u00e0n to\u00e0n mi\u1ec5n ph\u00ed \u0111\u1ed3ng th\u1eddi b\u1ea3o d\u01b0\u1ee1ng \u0111\u1ecbnh k\u1ef3 1 th\u00e1ng k\u1ec3 t\u1eeb ng\u00e0y mua h\u00e0ng.<\/span><\/li>\n<li><span style=\"font-size: 16px;\"><strong>T\u00fai golf: <\/strong>B\u1ea3o d\u01b0\u1ee1ng, l\u00e0m s\u1ea1ch v\u00e0 l\u00e0m m\u1edbi t\u00fai golf mi\u1ec5n ph\u00ed trong th\u1eddi gian 1 n\u0103m.<\/span><\/li>\n<li><span style=\"font-size: 16px;\"><strong>C\u00e1c s\u1ea3n ph\u1ea9m kh\u00e1c: <\/strong>\u0110i\u1ec1u ki\u1ec7n b\u1ea3o h\u00e0nh \u0111\u01b0\u1ee3c ghi tr\u00ean s\u1ea3n ph\u1ea9m theo ch\u00ednh s\u00e1ch b\u1ea3o h\u00e0nh c\u1ee7a nh\u00e0 s\u1ea3n xu\u1ea5t. <\/span><\/li>\n<\/ul>\n<p><span style=\"font-size: 16px;\">-Vi\u1ec7c s\u1ea3n ph\u1ea9m \u0111\u01b0\u1ee3c b\u1ea3o h\u00e0nh t\u1ea1i ph\u00f2ng k\u1ef9 thu\u1eadt ho\u1eb7c \u0111\u01b0\u1ee3c g\u1eedi \u0111\u1ebfn h\u00e3ng s\u1ea3n xu\u1ea5t s\u1ebd ph\u1ee5 thu\u1ed9c v\u00e0o ch\u00ednh s\u00e1ch b\u1ea3o h\u00e0nh c\u1ee5 th\u1ec3 c\u1ee7a t\u1eebng d\u00f2ng s\u1ea3n ph\u1ea9m.<\/span><\/p>\n<p><span style=\"font-size: 16px;\">-Th\u1eddi gian s\u1ea3n ph\u1ea9m b\u1ea3o h\u00e0nh \u0111\u01b0\u1ee3c t\u00ednh t\u1eeb ng\u00e0y nh\u00e2n vi\u00ean Lotusgolf ti\u1ebfp nh\u1eadn s\u1ea3n ph\u1ea9m s\u1ebd ph\u1ee5 thu\u1ed9c v\u00e0o t\u00ecnh tr\u1ea1ng c\u1ee7a t\u1eebng s\u1ea3n ph\u1ea9m v\u00e0 ch\u00ednh s\u00e1ch b\u1ea3o h\u00e0nh c\u1ee7a m\u1ed7i nh\u00e0 cung c\u1ea5p.<\/span><\/p>\n<p><span style=\"font-size: 16px;\">-C\u00e1c th\u00f4ng tin v\u1ec1 b\u1ea3o h\u00e0nh \u0111\u01b0\u1ee3c ghi tr\u00ean phi\u1ebfu b\u1ea3o h\u00e0nh k\u00e8m theo c\u1ee7a s\u1ea3n ph\u1ea9m bao g\u1ed3m: T\u00ean c\u00f4ng ty, th\u1eddi gian b\u1ea3o h\u00e0nh, s\u1ed1 \u0111i\u1ec7n tho\u1ea1i. \u0110i\u1ec1u ki\u1ec7n b\u1ea3o h\u00e0nh \u0111\u01b0\u1ee3c ghi r\u00f5 trong phi\u1ebfu b\u1ea3o h\u00e0nh c\u1ee7a nh\u00e0 s\u1ea3n xu\u1ea5t .<\/span><\/p>\n<p><span style=\"font-size: 16px;\"><span style=\"color: #2ecc71;\"><strong>2. Tr\u00e1ch nhi\u1ec7m b\u1ea3o h\u00e0nh s\u1ea3n ph\u1ea9m<\/strong><\/span><\/span><\/p>\n<p><span style=\"font-size: 16px;\">&#8211; Ch\u1ebf \u0111\u1ed9 b\u1ea3o h\u00e0nh mi\u1ec5n ph\u00ed \u00e1p d\u1ee5ng t\u1ea5t c\u1ea3 c\u00e1c s\u1ea3n ph\u1ea9m g\u1eady golf mua t\u1ea1i c\u1eeda h\u00e0ng Lotusgolf n\u1ebfu s\u1ea3n ph\u1ea9m \u0111\u00f3 c\u00f2n th\u1eddi gian b\u1ea3o h\u00e0nh, nguy\u00ean v\u1eb9n tem m\u00e1c v\u00e0 kh\u00f4ng c\u00f3 d\u1ea5u hi\u1ec7u thay \u0111\u1ed5i ho\u1eb7c d\u00e1n l\u1ea1i.<\/span><\/p>\n<p><span style=\"font-size: 16px;\">&#8211; Kh\u00e1ch h\u00e0ng mua s\u1ea3n ph\u1ea9m g\u1eady golf c\u1ee7a c\u1eeda h\u00e0ng Lotusgolf ph\u1ea3i gi\u1eef phi\u1ebfu b\u1ea3o h\u00e0nh ho\u1eb7c h\u00f3a \u0111\u01a1n mua h\u00e0ng c\u00f3 th\u1eddi gian tr\u00f9ng v\u1edbi phi\u1ebfu th\u00f4ng tin kh\u00e1ch h\u00e0ng c\u1ee7a c\u1eeda h\u00e0ng. H\u00f3a \u0111\u01a1n ho\u1eb7c phi\u1ebfu b\u1ea3o h\u00e0nh kh\u00f4ng c\u00f3 d\u1ea5u hi\u1ec7u t\u1ea9y x\u00f3a hay s\u1eeda ch\u1eefa.\u00a0<\/span><\/p>\n<p><span style=\"font-size: 16px;\"><span style=\"color: #27ae60;\"><strong>3. Tr\u01b0\u1eddng h\u1ee3p s\u1ea3n ph\u1ea9m mua t\u1ea1i c\u1eeda h\u00e0ng Lotusgolf kh\u00f4ng \u0111\u01b0\u1ee3c b\u1ea3o h\u00e0nh<\/strong><\/span><\/span><\/p>\n<p><span style=\"font-size: 16px;\">-S\u1ea3n ph\u1ea9m \u0111\u00e3 h\u1ebft th\u1eddi h\u1ea1n b\u1ea3o h\u00e0nh\u00a0trong phi\u1ebfu b\u1ea3o h\u00e0nh ho\u1eb7c h\u00f3a \u0111\u01a1n b\u00e1n h\u00e0ng.<\/span><\/p>\n<p><span style=\"font-size: 16px;\">-S\u1ea3n ph\u1ea9m b\u1ecb m\u1ea5t phi\u1ebfu b\u1ea3o h\u00e0nh , h\u00f3a \u0111\u01a1n mua h\u00e0ng t\u1ea1i Lotusgolf ho\u1eb7c tem b\u1ea3o h\u00e0nh b\u1ecb r\u00e1ch, kh\u00f4ng c\u00f2n tem b\u1ea3o h\u00e0nh, tem b\u1ea3o h\u00e0nh d\u00e1n \u0111\u00e8, ho\u1eb7c tem b\u1ea3o h\u00e0nh b\u1ecb s\u1eeda \u0111\u1ed5i ( gi\u1ea5y t\u1edd b\u1ecb r\u00e1ch , b\u1ecb s\u1eeda \u0111\u1ed5i..)<\/span><\/p>\n<p><span style=\"font-size: 16px;\">-S\u1ea3n ph\u1ea9m b\u1ecb can thi\u1ec7p nh\u01b0 th\u00e1o linh ki\u1ec7n, s\u1eeda ch\u1eefa l\u1ea1i k\u1ebft c\u1ea5u g\u1eady golf nh\u01b0 \u0111\u1ea7u g\u1eady , shaft\/ c\u00e1n g\u1eady\u2026 m\u00e0 kh\u00f4ng ph\u1ea3i t\u1eeb nh\u00e0 b\u1ea3o h\u00e0nh s\u1ea3n ph\u1ea9m\u00a0<\/span><\/p>\n<p><span style=\"font-size: 16px;\">-S\u1ea3n ph\u1ea9m h\u01b0 h\u1ecfng do ng\u01b0\u1eddi s\u1eed d\u1ee5ng, do tai n\u1ea1n, r\u01a1i v\u1ee1, tr\u1ea7y x\u01b0\u1edbc, b\u1ecb thay \u0111\u1ed5i k\u1ebft c\u1ea5u s\u1ea3n ph\u1ea9m do m\u1ed9t b\u00ean th\u1ee9 3, l\u1ed7i do ng\u01b0\u1eddi ch\u01a1i s\u1eed d\u1ee5ng sai c\u00e1ch.<\/span><\/p>\n<p><span style=\"color: #27ae60;\"><strong><span style=\"font-size: 16px;\">4. Ch\u00ednh s\u00e1ch h\u1ed7 tr\u1ee3 b\u1ea3o h\u00e0nh \u0111\u1ed1i v\u1edbi kh\u00e1ch h\u00e0ng th\u00e2n thi\u1ebft\u00a0<\/span><\/strong><\/span><\/p>\n<p><span style=\"font-size: 16px;\">-\u0110\u1ed1i v\u1edbi tr\u01b0\u1eddng h\u1ee3p s\u1ea3n ph\u1ea9m g\u1eady golf mua t\u1ea1i Lotusgolf vi ph\u1ea1m ch\u00ednh s\u00e1ch b\u1ea3o h\u00e0nh, ch\u00fang t\u00f4i s\u1ebd h\u1ed7 tr\u1ee3 b\u1ea3o h\u00e0nh, s\u1eeda ch\u1eefa c\u00f3 t\u00ednh ph\u00ed theo m\u1ee9c gi\u00e1 \u01b0u \u0111\u00e3i d\u00e0nh cho members. Tr\u01b0\u1edbc khi th\u1ef1c hi\u1ec7n b\u1ea3o h\u00e0nh, ch\u00fang t\u00f4i s\u1ebd th\u00f4ng b\u00e1o chi ph\u00ed tr\u01b0\u1edbc cho qu\u00fd kh\u00e1ch .<\/span><\/p>\n<p><span style=\"font-size: 16px;\">-Trong tr\u01b0\u1eddng h\u1ee3p qu\u00fd kh\u00e1ch mua g\u1eady t\u1ea1i c\u1eeda h\u00e0ng\u00a0Lotusgolf v\u00e0 mu\u1ed1n \u0111\u1ed5i s\u1ea3n ph\u1ea9m m\u1edbi \u00a0(v\u00ed d\u1ee5 \u0111\u1ed5i d\u00f2ng g\u1eady golf kh\u00e1c, th\u01b0\u01a1ng hi\u1ec7u kh\u00e1c\u2026) Kh\u00e1ch h\u00e0ng s\u1ebd \u0111\u01b0\u1ee3c mi\u1ec5n 100% ph\u00ed k\u00fd g\u1eedi b\u00e1n l\u1ea1i g\u1eady c\u0169 khi c\u00f3 nhu c\u1ea7u \u0111\u1ed5i g\u1eady <\/span><\/p>\n<p><span style=\"color: #27ae60;\"><strong><span style=\"font-size: 16px;\">\u0110\u1ec3 c\u00f3 s\u1ef1 t\u01b0 v\u1ea5n c\u1ee5 th\u1ec3 cho t\u1eebng tr\u01b0\u1eddng h\u1ee3p v\u00e0 c\u1eadp nh\u1eadt ch\u1ebf \u0111\u1ed9 b\u1ea3o h\u00e0nh c\u1ee7a c\u00e1c h\u00e3ng \u00e1p d\u1ee5ng t\u1ea1i th\u1eddi \u0111i\u1ec3m kh\u00e1ch h\u00e0ng \u0111\u1eb7t mua, kh\u00e1ch h\u00e0ng vui l\u00f2ng li\u00ean h\u1ec7:<\/span><\/strong><\/span><\/p>\n<ul>\n<li><em><span style=\"font-size: 16px;\">Hotline ch\u0103m s\u00f3c kh\u00e1ch h\u00e0ng: 0984.284.048<\/span><\/em><\/li>\n<li><em><span style=\"font-size: 16px;\">Fanpage Logtusgolf: <a href=\"https:\/\/www.facebook.com\/Lotusgolf-chuy%C3%AAn-g%E1%BA%ADy-golf-Nh%E1%BA%ADt-ch%C3%ADnh-h%C3%A3ng-100715519374878\">https:\/\/www.facebook.com\/Lotusgolf-chuy\u00ean-g\u1eady-golf-Nh\u1eadt-ch\u00ednh-h\u00e3ng<\/a><\/span><\/em><\/li>\n<\/ul>\n<\/div>\n<\/div>\n<\/div>\n<div class=\"small-12 medium-4 large-4 columns\" style=\"margin-top: 6px;\">\n<div class=\"general-trademark\">\n<div class=\"prod-general-trademark\">\u00a0<\/div>\n<\/div>\n<\/div>\n<\/div>\n\n","protected":false},"excerpt":{"rendered":"","protected":false},"author":1,"featured_media":0,"parent":0,"menu_order":0,"comment_status":"closed","ping_status":"closed","template":"","meta":{"footnotes":""},"class_list":["post-434","page","type-page","status-publish","hentry"],"yoast_head":"<!-- This site is optimized with the Yoast SEO plugin v19.0 - https:\/\/yoast.com\/wordpress\/plugins\/seo\/ -->\n<title>Ch\u00ednh s\u00e1ch b\u1ea3o h\u00e0nh -<\/title>\n<meta name=\"robots\" content=\"index, follow, max-snippet:-1, max-image-preview:large, max-video-preview:-1\" \/>\n<link rel=\"canonical\" href=\"https:\/\/lotusgolf.vn\/vi\/chinh-sach-bao-hanh\/\" \/>\n<meta property=\"og:locale\" content=\"vi_VN\" \/>\n<meta property=\"og:type\" content=\"article\" \/>\n<meta property=\"og:title\" content=\"Ch\u00ednh s\u00e1ch b\u1ea3o h\u00e0nh -\" \/>\n<meta property=\"og:url\" content=\"https:\/\/lotusgolf.vn\/vi\/chinh-sach-bao-hanh\/\" \/>\n<meta property=\"article:modified_time\" content=\"2022-07-20T03:42:53+00:00\" \/>\n<meta name=\"twitter:card\" content=\"summary_large_image\" \/>\n<meta name=\"twitter:label1\" content=\"\u01af\u1edbc t\u00ednh th\u1eddi gian \u0111\u1ecdc\" \/>\n\t<meta name=\"twitter:data1\" content=\"3 ph\u00fat\" \/>\n<script type=\"application\/ld+json\" class=\"yoast-schema-graph\">{\"@context\":\"https:\/\/schema.org\",\"@graph\":[{\"@type\":\"WebSite\",\"@id\":\"https:\/\/lotusgolf-b23998.ingress-bonde.ewp.live\/#website\",\"url\":\"https:\/\/lotusgolf-b23998.ingress-bonde.ewp.live\/\",\"name\":\"\",\"description\":\"\",\"potentialAction\":[{\"@type\":\"SearchAction\",\"target\":{\"@type\":\"EntryPoint\",\"urlTemplate\":\"https:\/\/lotusgolf-b23998.ingress-bonde.ewp.live\/?s={search_term_string}\"},\"query-input\":\"required name=search_term_string\"}],\"inLanguage\":\"vi\"},{\"@type\":\"WebPage\",\"@id\":\"https:\/\/lotusgolf.vn\/chinh-sach-bao-hanh\/#webpage\",\"url\":\"https:\/\/lotusgolf.vn\/chinh-sach-bao-hanh\/\",\"name\":\"Ch\u00ednh s\u00e1ch b\u1ea3o h\u00e0nh -\",\"isPartOf\":{\"@id\":\"https:\/\/lotusgolf-b23998.ingress-bonde.ewp.live\/#website\"},\"datePublished\":\"2022-06-26T10:21:36+00:00\",\"dateModified\":\"2022-07-20T03:42:53+00:00\",\"breadcrumb\":{\"@id\":\"https:\/\/lotusgolf.vn\/chinh-sach-bao-hanh\/#breadcrumb\"},\"inLanguage\":\"vi\",\"potentialAction\":[{\"@type\":\"ReadAction\",\"target\":[\"https:\/\/lotusgolf.vn\/chinh-sach-bao-hanh\/\"]}]},{\"@type\":\"BreadcrumbList\",\"@id\":\"https:\/\/lotusgolf.vn\/chinh-sach-bao-hanh\/#breadcrumb\",\"itemListElement\":[{\"@type\":\"ListItem\",\"position\":1,\"name\":\"Home\",\"item\":\"https:\/\/lotusgolf.vn\/\"},{\"@type\":\"ListItem\",\"position\":2,\"name\":\"Ch\u00ednh s\u00e1ch b\u1ea3o h\u00e0nh\"}]}]}<\/script>\n<!-- \/ Yoast SEO plugin. -->","yoast_head_json":{"title":"Ch\u00ednh s\u00e1ch b\u1ea3o h\u00e0nh -","robots":{"index":"index","follow":"follow","max-snippet":"max-snippet:-1","max-image-preview":"max-image-preview:large","max-video-preview":"max-video-preview:-1"},"canonical":"https:\/\/lotusgolf.vn\/vi\/chinh-sach-bao-hanh\/","og_locale":"vi_VN","og_type":"article","og_title":"Ch\u00ednh s\u00e1ch b\u1ea3o h\u00e0nh -","og_url":"https:\/\/lotusgolf.vn\/vi\/chinh-sach-bao-hanh\/","article_modified_time":"2022-07-20T03:42:53+00:00","twitter_card":"summary_large_image","twitter_misc":{"\u01af\u1edbc t\u00ednh th\u1eddi gian \u0111\u1ecdc":"3 ph\u00fat"},"schema":{"@context":"https:\/\/schema.org","@graph":[{"@type":"WebSite","@id":"https:\/\/lotusgolf-b23998.ingress-bonde.ewp.live\/#website","url":"https:\/\/lotusgolf-b23998.ingress-bonde.ewp.live\/","name":"","description":"","potentialAction":[{"@type":"SearchAction","target":{"@type":"EntryPoint","urlTemplate":"https:\/\/lotusgolf-b23998.ingress-bonde.ewp.live\/?s={search_term_string}"},"query-input":"required name=search_term_string"}],"inLanguage":"vi"},{"@type":"WebPage","@id":"https:\/\/lotusgolf.vn\/chinh-sach-bao-hanh\/#webpage","url":"https:\/\/lotusgolf.vn\/chinh-sach-bao-hanh\/","name":"Ch\u00ednh s\u00e1ch b\u1ea3o h\u00e0nh -","isPartOf":{"@id":"https:\/\/lotusgolf-b23998.ingress-bonde.ewp.live\/#website"},"datePublished":"2022-06-26T10:21:36+00:00","dateModified":"2022-07-20T03:42:53+00:00","breadcrumb":{"@id":"https:\/\/lotusgolf.vn\/chinh-sach-bao-hanh\/#breadcrumb"},"inLanguage":"vi","potentialAction":[{"@type":"ReadAction","target":["https:\/\/lotusgolf.vn\/chinh-sach-bao-hanh\/"]}]},{"@type":"BreadcrumbList","@id":"https:\/\/lotusgolf.vn\/chinh-sach-bao-hanh\/#breadcrumb","itemListElement":[{"@type":"ListItem","position":1,"name":"Home","item":"https:\/\/lotusgolf.vn\/"},{"@type":"ListItem","position":2,"name":"Ch\u00ednh s\u00e1ch b\u1ea3o h\u00e0nh"}]}]}},"_links":{"self":[{"href":"https:\/\/lotusgolf.vn\/vi\/wp-json\/wp\/v2\/pages\/434","targetHints":{"allow":["GET"]}}],"collection":[{"href":"https:\/\/lotusgolf.vn\/vi\/wp-json\/wp\/v2\/pages"}],"about":[{"href":"https:\/\/lotusgolf.vn\/vi\/wp-json\/wp\/v2\/types\/page"}],"author":[{"embeddable":true,"href":"https:\/\/lotusgolf.vn\/vi\/wp-json\/wp\/v2\/users\/1"}],"replies":[{"embeddable":true,"href":"https:\/\/lotusgolf.vn\/vi\/wp-json\/wp\/v2\/comments?post=434"}],"version-history":[{"count":5,"href":"https:\/\/lotusgolf.vn\/vi\/wp-json\/wp\/v2\/pages\/434\/revisions"}],"predecessor-version":[{"id":723,"href":"https:\/\/lotusgolf.vn\/vi\/wp-json\/wp\/v2\/pages\/434\/revisions\/723"}],"wp:attachment":[{"href":"https:\/\/lotusgolf.vn\/vi\/wp-json\/wp\/v2\/media?parent=434"}],"curies":[{"name":"wp","href":"https:\/\/api.w.org\/{rel}","templated":true}]}}