{"id":437,"date":"2022-06-26T10:27:23","date_gmt":"2022-06-26T10:27:23","guid":{"rendered":"https:\/\/lotusgolf.vn\/?page_id=437"},"modified":"2022-07-20T03:45:46","modified_gmt":"2022-07-20T03:45:46","slug":"chinh-sach-doi-tra","status":"publish","type":"page","link":"https:\/\/lotusgolf.vn\/vi\/chinh-sach-doi-tra\/","title":{"rendered":"Ch\u00ednh s\u00e1ch \u0111\u1ed5i tr\u1ea3"},"content":{"rendered":"\n<div id=\"media\">\n<div class=\"content-detail\">\n<h1 style=\"font-size: 2em; margin: 0px;\">Ch\u00ednh s\u00e1ch \u0111\u1ed5i tr\u1ea3<\/h1>\n<div id=\"media\" class=\"columns content\" style=\"display: block; text-align: justify; padding: 20px 7px;\">\n<p><span style=\"color: #27ae60;\"><strong><span style=\"font-size: 16px;\">Quy \u0111\u1ecbnh \u0111\u1ed5i tr\u1ea3: <\/span><\/strong><\/span><\/p>\n<p><span style=\"font-size: 16px;\">1\/ Kh\u00e1ch h\u00e0ng \u0111\u01b0\u1ee3c tr\u1ea3 s\u1ea3n ph\u1ea9m trong tr\u01b0\u1eddng h\u1ee3p c\u00f3 l\u1ed7i ph\u00e1t sinh t\u1eeb nh\u00e0 s\u1ea3n xu\u1ea5t v\u00e0 kh\u00f4ng c\u00f3 nhu c\u1ea7u \u0111\u1ed5i sang s\u1ea3n ph\u1ea9m kh\u00e1c. Tr\u1ea3 s\u1ea3n ph\u1ea9m trong v\u00f2ng 3 ng\u00e0y k\u1ec3 t\u1eeb ng\u00e0y nh\u1eadn s\u1ea3n ph\u1ea9m.<\/span><\/p>\n<p><span style=\"font-size: 16px;\">2\/ \u0110\u1ed1i v\u1edbi s\u1ea3n ph\u1ea9m qu\u1ea7n \u00e1o mua online, kh\u00e1ch mua v\u1ec1 m\u1eb7c kh\u00f4ng v\u1eeba, c\u1ea7n \u0111\u1ed5i size. Th\u1eddi gian \u0111\u1ed5i h\u00e0ng trong v\u00f2ng 3 ng\u00e0y k\u1ec3 t\u1eeb ng\u00e0y kh\u00e1ch nh\u1eadn \u0111\u01b0\u1ee3c s\u1ea3n ph\u1ea9m v\u1edbi \u0111i\u1ec1u ki\u1ec7n s\u1ea3n ph\u1ea9m ph\u1ea3i gi\u1eef nguy\u00ean t\u00ecnh tr\u1ea1ng nh\u01b0 ban \u0111\u1ea7u khi nh\u1eadn h\u00e0ng, nguy\u00ean tem, nh\u00e3n m\u00e1c v\u00e0 s\u1ea3n ph\u1ea9m ch\u01b0a qua gi\u1eb7t \u1ee7i ho\u1eb7c b\u1ea9n, h\u01b0 h\u1ecfng. V\u00e0 s\u1ea3n ph\u1ea9m ch\u1ec9 \u0111\u01b0\u1ee3c \u0111\u1ed5i 1 l\u1ea7n duy nh\u1ea5t.<\/span><\/p>\n<p><span style=\"font-size: 16px;\">&#8211; \u0110\u1ed1i v\u1edbi s\u1ea3n ph\u1ea9m b\u1eb1ng gi\u00e1 s\u1ebd \u0111\u01b0\u1ee3c \u0111\u1ed5i ngang n\u1ebfu kho c\u00f2n h\u00e0ng.<\/span><\/p>\n<p><span style=\"font-size: 16px;\">&#8211; \u0110\u1ed1i v\u1edbi s\u1ea3n ph\u1ea9m gi\u00e1 cao h\u01a1n, kh\u00e1ch h\u00e0ng thanh to\u00e1n s\u1ed1 ch\u00eanh l\u1ec7ch gi\u00e1<\/span><\/p>\n<div>\n<p><span style=\"color: #27ae60;\"><strong><span style=\"font-size: 16px;\">\u0110\u1ec3 c\u00f3 s\u1ef1 t\u01b0 v\u1ea5n c\u1ee5 th\u1ec3 cho t\u1eebng tr\u01b0\u1eddng h\u1ee3p v\u00e0 c\u1eadp nh\u1eadt ch\u1ebf \u0111\u1ed9 ch\u00ednh s\u00e1ch \u0111\u1ed5i tr\u1ea3\u00a0c\u1ee7a c\u00e1c d\u00f2ng s\u1ea3n ph\u1ea9m\u00a0\u00e1p d\u1ee5ng t\u1ea1i th\u1eddi \u0111i\u1ec3m kh\u00e1ch h\u00e0ng \u0111\u1eb7t mua, kh\u00e1ch h\u00e0ng vui l\u00f2ng li\u00ean h\u1ec7:<\/span><\/strong><\/span><\/p>\n<ul>\n<li><em><span style=\"font-size: 16px;\">Hotline ch\u0103m s\u00f3c kh\u00e1ch h\u00e0ng: 0984.284.048<\/span><\/em><\/li>\n<li><em><span style=\"font-size: 16px;\">Fanpage Logtusgolf: <a href=\"https:\/\/www.facebook.com\/Lotusgolf-chuy%C3%AAn-g%E1%BA%ADy-golf-Nh%E1%BA%ADt-ch%C3%ADnh-h%C3%A3ng-100715519374878\">https:\/\/www.facebook.com\/Lotusgolf-chuy\u00ean-g\u1eady-golf-Nh\u1eadt-ch\u00ednh-h\u00e3ng<\/a><\/span><\/em><\/li>\n<\/ul>\n<\/div>\n<\/div>\n<\/div>\n<\/div>\n\n","protected":false},"excerpt":{"rendered":"","protected":false},"author":1,"featured_media":0,"parent":0,"menu_order":0,"comment_status":"closed","ping_status":"closed","template":"","meta":{"footnotes":""},"class_list":["post-437","page","type-page","status-publish","hentry"],"yoast_head":"<!-- This site is optimized with the Yoast SEO plugin v19.0 - https:\/\/yoast.com\/wordpress\/plugins\/seo\/ -->\n<title>Ch\u00ednh s\u00e1ch \u0111\u1ed5i tr\u1ea3 -<\/title>\n<meta name=\"robots\" content=\"index, follow, max-snippet:-1, max-image-preview:large, max-video-preview:-1\" \/>\n<link rel=\"canonical\" href=\"https:\/\/lotusgolf.vn\/vi\/chinh-sach-doi-tra\/\" \/>\n<meta property=\"og:locale\" content=\"vi_VN\" \/>\n<meta property=\"og:type\" content=\"article\" \/>\n<meta property=\"og:title\" content=\"Ch\u00ednh s\u00e1ch \u0111\u1ed5i tr\u1ea3 -\" \/>\n<meta property=\"og:url\" content=\"https:\/\/lotusgolf.vn\/vi\/chinh-sach-doi-tra\/\" \/>\n<meta property=\"article:modified_time\" content=\"2022-07-20T03:45:46+00:00\" \/>\n<meta name=\"twitter:card\" content=\"summary_large_image\" \/>\n<script type=\"application\/ld+json\" class=\"yoast-schema-graph\">{\"@context\":\"https:\/\/schema.org\",\"@graph\":[{\"@type\":\"WebSite\",\"@id\":\"https:\/\/lotusgolf-b23998.ingress-bonde.ewp.live\/#website\",\"url\":\"https:\/\/lotusgolf-b23998.ingress-bonde.ewp.live\/\",\"name\":\"\",\"description\":\"\",\"potentialAction\":[{\"@type\":\"SearchAction\",\"target\":{\"@type\":\"EntryPoint\",\"urlTemplate\":\"https:\/\/lotusgolf-b23998.ingress-bonde.ewp.live\/?s={search_term_string}\"},\"query-input\":\"required name=search_term_string\"}],\"inLanguage\":\"vi\"},{\"@type\":\"WebPage\",\"@id\":\"https:\/\/lotusgolf.vn\/chinh-sach-doi-tra\/#webpage\",\"url\":\"https:\/\/lotusgolf.vn\/chinh-sach-doi-tra\/\",\"name\":\"Ch\u00ednh s\u00e1ch \u0111\u1ed5i tr\u1ea3 -\",\"isPartOf\":{\"@id\":\"https:\/\/lotusgolf-b23998.ingress-bonde.ewp.live\/#website\"},\"datePublished\":\"2022-06-26T10:27:23+00:00\",\"dateModified\":\"2022-07-20T03:45:46+00:00\",\"breadcrumb\":{\"@id\":\"https:\/\/lotusgolf.vn\/chinh-sach-doi-tra\/#breadcrumb\"},\"inLanguage\":\"vi\",\"potentialAction\":[{\"@type\":\"ReadAction\",\"target\":[\"https:\/\/lotusgolf.vn\/chinh-sach-doi-tra\/\"]}]},{\"@type\":\"BreadcrumbList\",\"@id\":\"https:\/\/lotusgolf.vn\/chinh-sach-doi-tra\/#breadcrumb\",\"itemListElement\":[{\"@type\":\"ListItem\",\"position\":1,\"name\":\"Home\",\"item\":\"https:\/\/lotusgolf.vn\/\"},{\"@type\":\"ListItem\",\"position\":2,\"name\":\"Ch\u00ednh s\u00e1ch \u0111\u1ed5i tr\u1ea3\"}]}]}<\/script>\n<!-- \/ Yoast SEO plugin. -->","yoast_head_json":{"title":"Ch\u00ednh s\u00e1ch \u0111\u1ed5i tr\u1ea3 -","robots":{"index":"index","follow":"follow","max-snippet":"max-snippet:-1","max-image-preview":"max-image-preview:large","max-video-preview":"max-video-preview:-1"},"canonical":"https:\/\/lotusgolf.vn\/vi\/chinh-sach-doi-tra\/","og_locale":"vi_VN","og_type":"article","og_title":"Ch\u00ednh s\u00e1ch \u0111\u1ed5i tr\u1ea3 -","og_url":"https:\/\/lotusgolf.vn\/vi\/chinh-sach-doi-tra\/","article_modified_time":"2022-07-20T03:45:46+00:00","twitter_card":"summary_large_image","schema":{"@context":"https:\/\/schema.org","@graph":[{"@type":"WebSite","@id":"https:\/\/lotusgolf-b23998.ingress-bonde.ewp.live\/#website","url":"https:\/\/lotusgolf-b23998.ingress-bonde.ewp.live\/","name":"","description":"","potentialAction":[{"@type":"SearchAction","target":{"@type":"EntryPoint","urlTemplate":"https:\/\/lotusgolf-b23998.ingress-bonde.ewp.live\/?s={search_term_string}"},"query-input":"required name=search_term_string"}],"inLanguage":"vi"},{"@type":"WebPage","@id":"https:\/\/lotusgolf.vn\/chinh-sach-doi-tra\/#webpage","url":"https:\/\/lotusgolf.vn\/chinh-sach-doi-tra\/","name":"Ch\u00ednh s\u00e1ch \u0111\u1ed5i tr\u1ea3 -","isPartOf":{"@id":"https:\/\/lotusgolf-b23998.ingress-bonde.ewp.live\/#website"},"datePublished":"2022-06-26T10:27:23+00:00","dateModified":"2022-07-20T03:45:46+00:00","breadcrumb":{"@id":"https:\/\/lotusgolf.vn\/chinh-sach-doi-tra\/#breadcrumb"},"inLanguage":"vi","potentialAction":[{"@type":"ReadAction","target":["https:\/\/lotusgolf.vn\/chinh-sach-doi-tra\/"]}]},{"@type":"BreadcrumbList","@id":"https:\/\/lotusgolf.vn\/chinh-sach-doi-tra\/#breadcrumb","itemListElement":[{"@type":"ListItem","position":1,"name":"Home","item":"https:\/\/lotusgolf.vn\/"},{"@type":"ListItem","position":2,"name":"Ch\u00ednh s\u00e1ch \u0111\u1ed5i tr\u1ea3"}]}]}},"_links":{"self":[{"href":"https:\/\/lotusgolf.vn\/vi\/wp-json\/wp\/v2\/pages\/437","targetHints":{"allow":["GET"]}}],"collection":[{"href":"https:\/\/lotusgolf.vn\/vi\/wp-json\/wp\/v2\/pages"}],"about":[{"href":"https:\/\/lotusgolf.vn\/vi\/wp-json\/wp\/v2\/types\/page"}],"author":[{"embeddable":true,"href":"https:\/\/lotusgolf.vn\/vi\/wp-json\/wp\/v2\/users\/1"}],"replies":[{"embeddable":true,"href":"https:\/\/lotusgolf.vn\/vi\/wp-json\/wp\/v2\/comments?post=437"}],"version-history":[{"count":5,"href":"https:\/\/lotusgolf.vn\/vi\/wp-json\/wp\/v2\/pages\/437\/revisions"}],"predecessor-version":[{"id":730,"href":"https:\/\/lotusgolf.vn\/vi\/wp-json\/wp\/v2\/pages\/437\/revisions\/730"}],"wp:attachment":[{"href":"https:\/\/lotusgolf.vn\/vi\/wp-json\/wp\/v2\/media?parent=437"}],"curies":[{"name":"wp","href":"https:\/\/api.w.org\/{rel}","templated":true}]}}