{"id":446,"date":"2022-06-26T10:43:30","date_gmt":"2022-06-26T10:43:30","guid":{"rendered":"https:\/\/lotusgolf.vn\/?page_id=446"},"modified":"2022-07-20T03:47:43","modified_gmt":"2022-07-20T03:47:43","slug":"chinh-sach-bao-mat","status":"publish","type":"page","link":"https:\/\/lotusgolf.vn\/vi\/chinh-sach-bao-mat\/","title":{"rendered":"Ch\u00ednh s\u00e1ch b\u1ea3o m\u1eadt"},"content":{"rendered":"\n<div class=\"row\" style=\"padding: 20px 0px;\">\n<div class=\"content-detail\">\n<h1 style=\"font-size: 2em; margin: 0px;\">Ch\u00ednh s\u00e1ch b\u1ea3o m\u1eadt c\u1ee7a LotusGolf<\/h1>\n<div id=\"media\" class=\"columns content\" style=\"display: block; text-align: justify; padding: 20px 7px;\">\n<p><strong><span style=\"font-size: 16px;\">T\u1ea1i Lotusgolf, s\u1ef1 ri\u00eang t\u01b0 c\u1ee7a kh\u00e1ch h\u00e0ng l\u00e0 \u0111i\u1ec1u v\u00f4 c\u00f9ng quan tr\u1ecdng. V\u00ec th\u1ebf, Lotusgolf s\u1ebd ch\u1ec9 thu th\u1eadp nh\u1eefng th\u00f4ng tin c\u1ea7n thi\u1ebft v\u00e0 c\u00f3 li\u00ean quan \u0111\u1ebfn giao d\u1ecbch gi\u1eefa qu\u00fd kh\u00e1ch h\u00e0ng v\u00e0 Lotusgolf . Nh\u1eefng th\u00f4ng tin n\u00e0y g\u1ed3m c\u00f3 t\u00ean, s\u1ed1 \u0111i\u1ec7n tho\u1ea1i v\u00e0 m\u1ed9t s\u1ed1 th\u00f4ng tin kh\u00e1c c\u1ee7a qu\u00fd kh\u00e1ch h\u00e0ng theo c\u00e1ch \u0111\u01b0\u1ee3c \u0111\u1ec1 ra trong &#8220;Ch\u00ednh S\u00e1ch B\u1ea3o M\u1eadt&#8221; n\u00e0y.<\/span><\/strong><\/p>\n<p><span style=\"font-size: 16px;\">Qu\u00fd kh\u00e1ch c\u00f3 th\u1ec3 gh\u00e9 th\u0103m trang web <a href=\"https:\/\/lotusgolf.vn\/\">lotusgolf.vn<\/a> m\u00e0 kh\u00f4ng c\u1ea7n ph\u1ea3i cung c\u1ea5p b\u1ea5t k\u1ef3 th\u00f4ng tin c\u00e1 nh\u00e2n n\u00e0o. Khi truy c\u1eadp trang web, qu\u00fd kh\u00e1ch s\u1ebd lu\u00f4n \u1edf trong t\u00ecnh tr\u1ea1ng v\u00f4 danh.<\/span><\/p>\n<p><span style=\"font-size: 16px;\">Quy \u0111\u1ecbnh B\u1ea3o m\u1eadt c\u1ee7a <strong>Lotusgolf <\/strong> ho\u00e0n to\u00e0n tu\u00e2n theo theo Quy \u0111\u1ecbnh c\u1ee7a Ph\u00e1p lu\u1eadt v\u1ec1 B\u1ea3o m\u1eadt th\u00f4ng tin c\u00e1 nh\u00e2n.<\/span><\/p>\n<p>\u00a0<\/p>\n<p><strong><span style=\"font-size: 16px;\"><span style=\"color: #27ae60;\">1. Thu th\u1eadp th\u00f4ng tin c\u00e1 nh\u00e2n<\/span><\/span><\/strong><\/p>\n<p><span style=\"font-size: 16px;\">&#8211; <strong>Lotusgolf <\/strong> \u00a0kh\u00f4ng b\u00e1n, chia s\u1ebb hay trao \u0111\u1ed5i th\u00f4ng tin c\u00e1 nh\u00e2n c\u1ee7a kh\u00e1ch h\u00e0ng thu th\u1eadp tr\u00ean website cho m\u1ed9t b\u00ean th\u1ee9 ba n\u00e0o kh\u00e1c.<\/span><\/p>\n<p><span style=\"font-size: 16px;\">&#8211; Th\u00f4ng tin c\u00e1 nh\u00e2n c\u1ee7a qu\u00fd kh\u00e1ch h\u00e0ng s\u1ebd ch\u1ec9 \u0111\u01b0\u1ee3c s\u1eed d\u1ee5ng trong n\u1ed9i b\u1ed9 c\u00f4ng ty <strong>Lotusgolf <\/strong>.<\/span><\/p>\n<p><span style=\"font-size: 16px;\">Nh\u1eefng th\u00f4ng tin tr\u00ean s\u1ebd \u0111\u01b0\u1ee3c s\u1eed d\u1ee5ng cho m\u1ed9t ho\u1eb7c t\u1ea5t c\u1ea3 c\u00e1c m\u1ee5c \u0111\u00edch sau \u0111\u00e2y:<\/span><\/p>\n<p><span style=\"font-size: 16px;\">\u2022 Giao h\u00e0ng qu\u00fd kh\u00e1ch \u0111\u00e3 mua t\u1ea1i <strong>Lotusgolf <\/strong>.<\/span><\/p>\n<p><span style=\"font-size: 16px;\">\u2022 Th\u00f4ng b\u00e1o v\u1ec1 vi\u1ec7c giao h\u00e0ng v\u00e0 h\u1ed7 tr\u1ee3 kh\u00e1ch h\u00e0ng.<\/span><\/p>\n<p><span style=\"font-size: 16px;\">\u2022 Cung c\u1ea5p th\u00f4ng tin li\u00ean quan \u0111\u1ebfn s\u1ea3n ph\u1ea9m.<\/span><\/p>\n<p><span style=\"font-size: 16px;\">\u2022 X\u1eed l\u00fd \u0111\u01a1n \u0111\u1eb7t h\u00e0ng v\u00e0 cung c\u1ea5p d\u1ecbch v\u1ee5 v\u00e0 th\u00f4ng tin qua trang web c\u1ee7a ch\u00fang t\u00f4i theo y\u00eau c\u1ea7u c\u1ee7a qu\u00fd kh\u00e1ch.<\/span><\/p>\n<p><span style=\"font-size: 16px;\">Ngo\u00e0i ra, ch\u00fang t\u00f4i s\u1ebd s\u1eed d\u1ee5ng th\u00f4ng tin qu\u00fd kh\u00e1ch cung c\u1ea5p \u0111\u1ec3 h\u1ed7 tr\u1ee3 qu\u1ea3n l\u00fd t\u00e0i kho\u1ea3n kh\u00e1ch h\u00e0ng; x\u00e1c nh\u1eadn v\u00e0 th\u1ef1c hi\u1ec7n c\u00e1c giao d\u1ecbch t\u00e0i ch\u00ednh li\u00ean quan \u0111\u1ebfn c\u00e1c kho\u1ea3n thanh to\u00e1n tr\u1ef1c tuy\u1ebfn c\u1ee7a qu\u00fd kh\u00e1ch; ki\u1ec3m tra d\u1eef li\u1ec7u t\u1ea3i t\u1eeb trang web c\u1ee7a ch\u00fang t\u00f4i; c\u1ea3i thi\u1ec7n giao di\u1ec7n v\u00e0\/ho\u1eb7c n\u1ed9i dung c\u1ee7a c\u00e1c trang m\u1ee5c tr\u00ean trang web v\u00e0 t\u00f9y ch\u1ec9nh \u0111\u1ec3 d\u1ec5 d\u00e0ng h\u01a1n khi s\u1eed d\u1ee5ng; nh\u1eadn di\u1ec7n kh\u00e1ch \u0111\u1ebfn th\u0103m trang web , g\u1eedi \u0111\u1ebfn qu\u00fd kh\u00e1ch th\u00f4ng tin m\u00e0 ch\u00fang t\u00f4i ngh\u0129 s\u1ebd c\u00f3 \u00edch ho\u1eb7c do qu\u00fd kh\u00e1ch y\u00eau c\u1ea7u, bao g\u1ed3m th\u00f4ng tin v\u1ec1 s\u1ea3n ph\u1ea9m v\u00e0 d\u1ecbch v\u1ee5, v\u1edbi \u0111i\u1ec1u ki\u1ec7n qu\u00fd kh\u00e1ch \u0111\u1ed3ng \u00fd kh\u00f4ng ph\u1ea3n \u0111\u1ed1i vi\u1ec7c \u0111\u01b0\u1ee3c li\u00ean l\u1ea1c cho c\u00e1c m\u1ee5c \u0111\u00edch tr\u00ean.<\/span><\/p>\n<p><span style=\"font-size: 16px;\">Ch\u00fang t\u00f4i c\u00f3 th\u1ec3 chia s\u1ebb t\u00ean v\u00e0 \u0111\u1ecba ch\u1ec9 c\u1ee7a qu\u00fd kh\u00e1ch cho d\u1ecbch v\u1ee5 chuy\u1ec3n ph\u00e1t nhanh ho\u1eb7c nh\u00e0 cung c\u1ea5p c\u1ee7a ch\u00fang t\u00f4i \u0111\u1ec3 c\u00f3 th\u1ec3 giao h\u00e0ng cho qu\u00fd kh\u00e1ch.<\/span><\/p>\n<p><span style=\"font-size: 16px;\">Khi qu\u00fd kh\u00e1ch \u0111\u0103ng k\u00fd l\u00e0m th\u00e0nh vi\u00ean tr\u00ean trang web lotusgolf.vn , ch\u00fang t\u00f4i c\u0169ng s\u1ebd s\u1eed d\u1ee5ng th\u00f4ng tin c\u00e1 nh\u00e2n c\u1ee7a qu\u00fd kh\u00e1ch \u0111\u1ec3 g\u1eedi c\u00e1c th\u00f4ng tin khuy\u1ebfn m\u00e3i\/ti\u1ebfp th\u1ecb. Qu\u00fd kh\u00e1ch c\u00f3 th\u1ec3 h\u1ee7y nh\u1eadn c\u00e1c th\u00f4ng tin \u0111\u00f3 b\u1ea5t k\u1ef3 l\u00fac n\u00e0o b\u1eb1ng c\u00e1ch s\u1eed d\u1ee5ng ch\u1ee9c n\u0103ng h\u1ee7y \u0111\u0103ng k\u00fd trong c\u00e1c th\u00f4ng b\u00e1o qu\u1ea3ng c\u00e1o.<\/span><\/p>\n<p><span style=\"font-size: 16px;\">C\u00e1c kho\u1ea3n thanh to\u00e1n m\u00e0 qu\u00fd kh\u00e1ch th\u1ef1c hi\u1ec7n qua trang web s\u1ebd \u0111\u01b0\u1ee3c x\u1eed l\u00fd b\u1edfi <strong>Lotusgolf <\/strong>. Qu\u00fd kh\u00e1ch ph\u1ea3i cung c\u1ea5p cho ch\u00fang t\u00f4i\u00a0 ho\u1eb7c trang web nh\u1eefng th\u00f4ng tin ch\u00ednh x\u00e1c v\u00e0 ph\u1ea3i lu\u00f4n c\u1eadp nh\u1eadt th\u00f4ng tin v\u00e0 th\u00f4ng b\u00e1o cho ch\u00fang t\u00f4i bi\u1ebft n\u1ebfu c\u00f3 thay \u0111\u1ed5i.<\/span><\/p>\n<p><span style=\"font-size: 16px;\">Chi ti\u1ebft \u0111\u01a1n h\u00e0ng c\u1ee7a qu\u00fd kh\u00e1ch s\u1ebd \u0111\u01b0\u1ee3c ch\u00fang t\u00f4i l\u01b0u tr\u1eef nh\u01b0ng v\u00ec l\u00fd do b\u1ea3o m\u1eadt, n\u00ean ch\u00fang t\u00f4i kh\u00f4ng c\u00f4ng khai tr\u1ef1c ti\u1ebfp \u0111\u01b0\u1ee3c. Tuy nhi\u00ean, qu\u00fd kh\u00e1ch c\u00f3 th\u1ec3 ki\u1ec3m tra th\u00f4ng tin \u0111\u00f3 b\u1eb1ng c\u00e1ch \u0111\u0103ng nh\u1eadp v\u00e0o t\u00e0i kho\u1ea3n ri\u00eang c\u1ee7a m\u00ecnh tr\u00ean trang web. T\u1ea1i \u0111\u00f3, qu\u00fd kh\u00e1ch c\u00f3 th\u1ec3 theo d\u00f5i \u0111\u1ea7y \u0111\u1ee7 chi ti\u1ebft c\u1ee7a c\u00e1c \u0111\u01a1n h\u00e0ng \u0111\u00e3 ho\u00e0n t\u1ea5t, nh\u1eefng \u0111\u01a1n h\u00e0ng m\u1edf v\u00e0 nh\u1eefng \u0111\u01a1n h\u00e0ng s\u1eafp \u0111\u01b0\u1ee3c giao c\u0169ng nh\u01b0 qu\u1ea3n l\u00fd th\u00f4ng tin v\u1ec1 \u0111\u1ecba ch\u1ec9, th\u00f4ng tin v\u1ec1 ng\u00e2n h\u00e0ng v\u00e0 nh\u1eefng b\u1ea3n tin m\u00e0 qu\u00fd kh\u00e1ch \u0111\u00e3 \u0111\u0103ng k\u00fd nh\u1eadn. Qu\u00fd kh\u00e1ch c\u1ea7n b\u1ea3o \u0111\u1ea3m l\u00e0 th\u00f4ng tin \u0111\u01b0\u1ee3c truy c\u1eadp m\u1ed9t c\u00e1ch b\u00ed m\u1eadt v\u00e0 kh\u00f4ng l\u00e0m l\u1ed9 cho m\u1ed9t b\u00ean th\u1ee9 ba kh\u00f4ng c\u00f3 quy\u1ec1n. Ch\u00fang t\u00f4i s\u1ebd kh\u00f4ng ch\u1ecbu tr\u00e1ch nhi\u1ec7m \u0111\u1ed1i v\u1edbi vi\u1ec7c s\u1eed d\u1ee5ng sai m\u1eadt kh\u1ea9u tr\u1eeb khi \u0111\u00f3 l\u00e0 l\u1ed7i c\u1ee7a ch\u00fang t\u00f4i.<\/span><\/p>\n<p><strong><span style=\"font-size: 16px;\"><span style=\"color: #27ae60;\">2. B\u1ea3o m\u1eadt th\u00f4ng tin c\u00e1 nh\u00e2n<\/span><\/span><\/strong><\/p>\n<p><span style=\"font-size: 16px;\"><strong>Lotusgolf <\/strong> \u0111\u1ea3m b\u1ea3o r\u1eb1ng m\u1ecdi th\u00f4ng tin thu th\u1eadp \u0111\u01b0\u1ee3c s\u1ebd \u0111\u01b0\u1ee3c l\u01b0u gi\u1eef an to\u00e0n. Ch\u00fang t\u00f4i b\u1ea3o v\u1ec7 th\u00f4ng tin c\u00e1 nh\u00e2n c\u1ee7a qu\u00fd kh\u00e1ch b\u1eb1ng c\u00e1ch:<\/span><\/p>\n<p><span style=\"font-size: 16px;\">\u2022 Gi\u1edbi h\u1ea1n truy c\u1eadp th\u00f4ng tin c\u00e1 nh\u00e2n.<\/span><\/p>\n<p><span style=\"font-size: 16px;\">\u2022 S\u1eed d\u1ee5ng s\u1ea3n ph\u1ea9m c\u00f4ng ngh\u1ec7 \u0111\u1ec3 ng\u0103n ch\u1eb7n truy c\u1eadp m\u00e1y t\u00ednh tr\u00e1i ph\u00e9p.<\/span><\/p>\n<p><strong><span style=\"font-size: 16px;\"><span style=\"color: #27ae60;\">3. Ti\u1ebft l\u1ed9 th\u00f4ng tin c\u00e1 nh\u00e2n<\/span><\/span><\/strong><\/p>\n<p><span style=\"font-size: 16px;\">Ch\u00fang t\u00f4i s\u1ebd kh\u00f4ng chia s\u1ebb th\u00f4ng tin c\u1ee7a qu\u00fd kh\u00e1ch cho b\u1ea5t k\u1ef3 m\u1ed9t c\u00f4ng ty n\u00e0o kh\u00e1c ngo\u1ea1i tr\u1eeb nh\u1eefng c\u00f4ng ty v\u00e0 c\u00e1c b\u00ean th\u1ee9 ba c\u00f3 li\u00ean quan tr\u1ef1c ti\u1ebfp \u0111\u1ebfn vi\u1ec7c giao h\u00e0ng m\u00e0 qu\u00fd kh\u00e1ch \u0111\u00e3 mua t\u1ea1i lotusgolf.vn. Trong m\u1ed9t v\u00e0i tr\u01b0\u1eddng h\u1ee3p \u0111\u1eb7c bi\u1ec7t, <strong>Lotusgolf <\/strong>c\u00f3 th\u1ec3 b\u1ecb y\u00eau c\u1ea7u ph\u1ea3i ti\u1ebft l\u1ed9 th\u00f4ng tin c\u00e1 nh\u00e2n, v\u00ed d\u1ee5 nh\u01b0 khi c\u00f3 c\u0103n c\u1ee9 cho vi\u1ec7c ti\u1ebft l\u1ed9 th\u00f4ng tin l\u00e0 c\u1ea7n thi\u1ebft \u0111\u1ec3 ng\u0103n ch\u1eb7n c\u00e1c m\u1ed1i \u0111e d\u1ecda v\u1ec1 t\u00ednh m\u1ea1ng v\u00e0 s\u1ee9c kh\u1ecfe, hay cho m\u1ee5c \u0111\u00edch th\u1ef1c thi ph\u00e1p lu\u1eadt. <strong>Lotusgolf <\/strong>cam k\u1ebft tu\u00e2n th\u1ee7 \u0110\u1ea1o lu\u1eadt B\u1ea3o M\u1eadt v\u00e0 c\u00e1c Nguy\u00ean t\u1eafc B\u1ea3o m\u1eadt Qu\u1ed1c gia.<\/span><\/p>\n<p><strong><span style=\"font-size: 16px;\"><span style=\"color: #27ae60;\">4. Ch\u00ednh s\u00e1ch b\u1ea3o m\u1eadt thanh to\u00e1n<\/span><\/span><\/strong><\/p>\n<p><span style=\"font-size: 16px;\">&#8211; H\u1ec7 th\u1ed1ng thanh to\u00e1n th\u1ebb tr\u00ean <strong>Lotusgolf <\/strong> \u0111\u01b0\u1ee3c cung c\u1ea5p b\u1edfi c\u00e1c \u0111\u1ed1i t\u00e1c c\u1ed5ng thanh to\u00e1n \u0111\u00e3 \u0111\u01b0\u1ee3c c\u1ea5p ph\u00e9p ho\u1ea1t \u0111\u1ed9ng h\u1ee3p ph\u00e1p t\u1ea1i Vi\u1ec7t Nam. Do \u0111\u00f3, c\u00e1c ti\u00eau chu\u1ea9n b\u1ea3o m\u1eadt thanh to\u00e1n th\u1ebb c\u1ee7a <strong>Lotusgolf <\/strong> \u0111\u1ea3m b\u1ea3o tu\u00e2n th\u1ee7 theo c\u00e1c ti\u00eau chu\u1ea9n b\u1ea3o m\u1eadt c\u1ee7a \u0110\u1ed1i t\u00e1c c\u1ed9ng thanh to\u00e1n.<\/span><\/p>\n<p><span style=\"font-size: 16px;\">&#8211; Ngo\u00e0i ra, <strong>Lotusgolf <\/strong> c\u00f2n c\u00f3 c\u00e1c ti\u00eau chu\u1ea9n b\u1ea3o m\u1eadt giao d\u1ecbch thanh to\u00e1n ri\u00eang \u0111\u1ec3 \u0111\u1ea3m b\u1ea3o an to\u00e0n c\u00e1c th\u00f4ng tin thanh to\u00e1n c\u1ee7a kh\u00e1ch h\u00e0ng.<\/span><\/p>\n<p><strong><span style=\"font-size: 16px;\"><span style=\"color: #27ae60;\">5. Thay \u0111\u1ed5i c\u1ee7a Ch\u00ednh s\u00e1ch B\u1ea3o m\u1eadt<\/span><\/span><\/strong><\/p>\n<div>\n<p><span style=\"font-size: 16px;\"><strong>Lotusgolf <\/strong>c\u00f3 quy\u1ec1n thay \u0111\u1ed5i v\u00e0 ch\u1ec9nh s\u1eeda Quy \u0111\u1ecbnh B\u1ea3o m\u1eadt v\u00e0o b\u1ea5t k\u1ef3 l\u00fac n\u00e0o. B\u1ea5t c\u1ee9 thay \u0111\u1ed5i n\u00e0o v\u1ec1 ch\u00ednh s\u00e1ch n\u00e0y \u0111\u1ec1u \u0111\u01b0\u1ee3c \u0111\u0103ng tr\u00ean trang web c\u1ee7a ch\u00fang t\u00f4i.<\/span><\/p>\n<\/div>\n<\/div>\n<\/div>\n<\/div>\n\n","protected":false},"excerpt":{"rendered":"","protected":false},"author":1,"featured_media":0,"parent":0,"menu_order":0,"comment_status":"closed","ping_status":"closed","template":"","meta":{"footnotes":""},"class_list":["post-446","page","type-page","status-publish","hentry"],"yoast_head":"<!-- This site is optimized with the Yoast SEO plugin v19.0 - https:\/\/yoast.com\/wordpress\/plugins\/seo\/ -->\n<title>Ch\u00ednh s\u00e1ch b\u1ea3o m\u1eadt -<\/title>\n<meta name=\"robots\" content=\"index, follow, max-snippet:-1, max-image-preview:large, max-video-preview:-1\" \/>\n<link rel=\"canonical\" href=\"https:\/\/lotusgolf.vn\/vi\/chinh-sach-bao-mat\/\" \/>\n<meta property=\"og:locale\" content=\"vi_VN\" \/>\n<meta property=\"og:type\" content=\"article\" \/>\n<meta property=\"og:title\" content=\"Ch\u00ednh s\u00e1ch b\u1ea3o m\u1eadt -\" \/>\n<meta property=\"og:url\" content=\"https:\/\/lotusgolf.vn\/vi\/chinh-sach-bao-mat\/\" \/>\n<meta property=\"article:modified_time\" content=\"2022-07-20T03:47:43+00:00\" \/>\n<meta name=\"twitter:card\" content=\"summary_large_image\" \/>\n<script type=\"application\/ld+json\" class=\"yoast-schema-graph\">{\"@context\":\"https:\/\/schema.org\",\"@graph\":[{\"@type\":\"WebSite\",\"@id\":\"https:\/\/lotusgolf-b23998.ingress-bonde.ewp.live\/#website\",\"url\":\"https:\/\/lotusgolf-b23998.ingress-bonde.ewp.live\/\",\"name\":\"\",\"description\":\"\",\"potentialAction\":[{\"@type\":\"SearchAction\",\"target\":{\"@type\":\"EntryPoint\",\"urlTemplate\":\"https:\/\/lotusgolf-b23998.ingress-bonde.ewp.live\/?s={search_term_string}\"},\"query-input\":\"required name=search_term_string\"}],\"inLanguage\":\"vi\"},{\"@type\":\"WebPage\",\"@id\":\"https:\/\/lotusgolf.vn\/chinh-sach-bao-mat\/#webpage\",\"url\":\"https:\/\/lotusgolf.vn\/chinh-sach-bao-mat\/\",\"name\":\"Ch\u00ednh s\u00e1ch b\u1ea3o m\u1eadt -\",\"isPartOf\":{\"@id\":\"https:\/\/lotusgolf-b23998.ingress-bonde.ewp.live\/#website\"},\"datePublished\":\"2022-06-26T10:43:30+00:00\",\"dateModified\":\"2022-07-20T03:47:43+00:00\",\"breadcrumb\":{\"@id\":\"https:\/\/lotusgolf.vn\/chinh-sach-bao-mat\/#breadcrumb\"},\"inLanguage\":\"vi\",\"potentialAction\":[{\"@type\":\"ReadAction\",\"target\":[\"https:\/\/lotusgolf.vn\/chinh-sach-bao-mat\/\"]}]},{\"@type\":\"BreadcrumbList\",\"@id\":\"https:\/\/lotusgolf.vn\/chinh-sach-bao-mat\/#breadcrumb\",\"itemListElement\":[{\"@type\":\"ListItem\",\"position\":1,\"name\":\"Home\",\"item\":\"https:\/\/lotusgolf.vn\/\"},{\"@type\":\"ListItem\",\"position\":2,\"name\":\"Ch\u00ednh s\u00e1ch b\u1ea3o m\u1eadt\"}]}]}<\/script>\n<!-- \/ Yoast SEO plugin. -->","yoast_head_json":{"title":"Ch\u00ednh s\u00e1ch b\u1ea3o m\u1eadt -","robots":{"index":"index","follow":"follow","max-snippet":"max-snippet:-1","max-image-preview":"max-image-preview:large","max-video-preview":"max-video-preview:-1"},"canonical":"https:\/\/lotusgolf.vn\/vi\/chinh-sach-bao-mat\/","og_locale":"vi_VN","og_type":"article","og_title":"Ch\u00ednh s\u00e1ch b\u1ea3o m\u1eadt -","og_url":"https:\/\/lotusgolf.vn\/vi\/chinh-sach-bao-mat\/","article_modified_time":"2022-07-20T03:47:43+00:00","twitter_card":"summary_large_image","schema":{"@context":"https:\/\/schema.org","@graph":[{"@type":"WebSite","@id":"https:\/\/lotusgolf-b23998.ingress-bonde.ewp.live\/#website","url":"https:\/\/lotusgolf-b23998.ingress-bonde.ewp.live\/","name":"","description":"","potentialAction":[{"@type":"SearchAction","target":{"@type":"EntryPoint","urlTemplate":"https:\/\/lotusgolf-b23998.ingress-bonde.ewp.live\/?s={search_term_string}"},"query-input":"required name=search_term_string"}],"inLanguage":"vi"},{"@type":"WebPage","@id":"https:\/\/lotusgolf.vn\/chinh-sach-bao-mat\/#webpage","url":"https:\/\/lotusgolf.vn\/chinh-sach-bao-mat\/","name":"Ch\u00ednh s\u00e1ch b\u1ea3o m\u1eadt -","isPartOf":{"@id":"https:\/\/lotusgolf-b23998.ingress-bonde.ewp.live\/#website"},"datePublished":"2022-06-26T10:43:30+00:00","dateModified":"2022-07-20T03:47:43+00:00","breadcrumb":{"@id":"https:\/\/lotusgolf.vn\/chinh-sach-bao-mat\/#breadcrumb"},"inLanguage":"vi","potentialAction":[{"@type":"ReadAction","target":["https:\/\/lotusgolf.vn\/chinh-sach-bao-mat\/"]}]},{"@type":"BreadcrumbList","@id":"https:\/\/lotusgolf.vn\/chinh-sach-bao-mat\/#breadcrumb","itemListElement":[{"@type":"ListItem","position":1,"name":"Home","item":"https:\/\/lotusgolf.vn\/"},{"@type":"ListItem","position":2,"name":"Ch\u00ednh s\u00e1ch b\u1ea3o m\u1eadt"}]}]}},"_links":{"self":[{"href":"https:\/\/lotusgolf.vn\/vi\/wp-json\/wp\/v2\/pages\/446","targetHints":{"allow":["GET"]}}],"collection":[{"href":"https:\/\/lotusgolf.vn\/vi\/wp-json\/wp\/v2\/pages"}],"about":[{"href":"https:\/\/lotusgolf.vn\/vi\/wp-json\/wp\/v2\/types\/page"}],"author":[{"embeddable":true,"href":"https:\/\/lotusgolf.vn\/vi\/wp-json\/wp\/v2\/users\/1"}],"replies":[{"embeddable":true,"href":"https:\/\/lotusgolf.vn\/vi\/wp-json\/wp\/v2\/comments?post=446"}],"version-history":[{"count":5,"href":"https:\/\/lotusgolf.vn\/vi\/wp-json\/wp\/v2\/pages\/446\/revisions"}],"predecessor-version":[{"id":731,"href":"https:\/\/lotusgolf.vn\/vi\/wp-json\/wp\/v2\/pages\/446\/revisions\/731"}],"wp:attachment":[{"href":"https:\/\/lotusgolf.vn\/vi\/wp-json\/wp\/v2\/media?parent=446"}],"curies":[{"name":"wp","href":"https:\/\/api.w.org\/{rel}","templated":true}]}}