{"id":568,"date":"2022-07-10T04:34:25","date_gmt":"2022-07-10T04:34:25","guid":{"rendered":"https:\/\/lotusgolf.vn\/?page_id=568"},"modified":"2022-07-12T06:21:37","modified_gmt":"2022-07-12T06:21:37","slug":"khoa-hoc-golf","status":"publish","type":"page","link":"https:\/\/lotusgolf.vn\/vi\/khoa-hoc-golf\/","title":{"rendered":"Kho\u00e1 h\u1ecdc Golf"},"content":{"rendered":"\n<h1>Kh\u00f3a h\u1ecdc golf c\u01a1 b\u1ea3n t\u1ea1i LotusGolf<\/h1>\n<p dir=\"ltr\">\u0110\u1ed1i v\u1edbi m\u1ed9t newbie, m\u1ed9t ng\u01b0\u1eddi m\u1edbi ti\u1ebfp c\u1eadn v\u1edbi b\u1ed9 m\u00f4n golf. Th\u00ec kh\u00f3a h\u1ecdc golf c\u01a1 b\u1ea3n l\u00e0 l\u1ef1a ch\u1ecdn ho\u00e0n h\u1ea3o nh\u1ea5t, \u0111\u1ec3 b\u1ea1n c\u00f3 th\u1ec3 n\u1eafm \u0111\u01b0\u1ee3c nh\u1eefng ki\u1ebfn th\u1ee9c c\u0103n b\u1ea3n nh\u1ea5t. V\u00e0 qua \u0111\u00f3 c\u00f3 th\u1ec3 n\u1eafm r\u00f5 \u0111\u01b0\u1ee3c c\u00e1c ki\u1ebfn th\u1ee9c, lu\u1eadt ch\u01a1i c\u0169ng nh\u01b0 quy \u0111\u1ecbnh trong golf.<\/p>\n<p dir=\"ltr\">T\u1ea1i LotusGolf ch\u00fang t\u00f4i l\u00e0 m\u1ed9t trong nh\u1eefng \u0111\u01a1n v\u1ecb chuy\u00ean cung c\u1ea5p nh\u1eefng kh\u00f3a h\u1ecdc c\u01a1 b\u1ea3n cho nh\u1eefng newbie, v\u1edbi gi\u00e1o tr\u00ecnh \u0111\u1ea1t chu\u1ea9n qu\u1ed1c t\u1ebf c\u0169ng nh\u01b0 \u0111\u01b0\u1ee3c bi\u00ean so\u1ea1n t\u01b0 nh\u1eefng chuy\u00ean gia golf h\u00e0ng \u0111\u1ea7u t\u1ea1i Vi\u1ec7t Nam.<\/p>\n<p dir=\"ltr\">Ch\u1eafc ch\u1eafn s\u1ebd \u0111em \u0111\u1ebfn cho c\u00e1c h\u1ecdc vi\u00ean nh\u1eefng n\u1ec1n t\u1ea3ng ki\u1ebfn th\u1ee9c t\u1ed1t nh\u1ea5t, k\u1ef9 thu\u1eadt c\u01a1 b\u1ea3n t\u1ed1t nh\u1ea5t sau khi ho\u00e0n th\u00e0nh kh\u00f3a h\u1ecdc c\u01a1 b\u1ea3n t\u1ea1i LotusGolf<\/p>\n\n","protected":false},"excerpt":{"rendered":"","protected":false},"author":1,"featured_media":0,"parent":0,"menu_order":0,"comment_status":"closed","ping_status":"closed","template":"","meta":{"footnotes":""},"class_list":["post-568","page","type-page","status-publish","hentry"],"yoast_head":"<!-- This site is optimized with the Yoast SEO plugin v19.0 - https:\/\/yoast.com\/wordpress\/plugins\/seo\/ -->\n<title>Kho\u00e1 h\u1ecdc Golf -<\/title>\n<meta name=\"robots\" content=\"index, follow, max-snippet:-1, max-image-preview:large, max-video-preview:-1\" \/>\n<link rel=\"canonical\" href=\"https:\/\/lotusgolf.vn\/vi\/khoa-hoc-golf\/\" \/>\n<meta property=\"og:locale\" content=\"vi_VN\" \/>\n<meta property=\"og:type\" content=\"article\" \/>\n<meta property=\"og:title\" content=\"Kho\u00e1 h\u1ecdc Golf -\" \/>\n<meta property=\"og:url\" content=\"https:\/\/lotusgolf.vn\/vi\/khoa-hoc-golf\/\" \/>\n<meta property=\"article:modified_time\" content=\"2022-07-12T06:21:37+00:00\" \/>\n<meta name=\"twitter:card\" content=\"summary_large_image\" \/>\n<script type=\"application\/ld+json\" class=\"yoast-schema-graph\">{\"@context\":\"https:\/\/schema.org\",\"@graph\":[{\"@type\":\"WebSite\",\"@id\":\"https:\/\/lotusgolf-b23998.ingress-bonde.ewp.live\/#website\",\"url\":\"https:\/\/lotusgolf-b23998.ingress-bonde.ewp.live\/\",\"name\":\"\",\"description\":\"\",\"potentialAction\":[{\"@type\":\"SearchAction\",\"target\":{\"@type\":\"EntryPoint\",\"urlTemplate\":\"https:\/\/lotusgolf-b23998.ingress-bonde.ewp.live\/?s={search_term_string}\"},\"query-input\":\"required name=search_term_string\"}],\"inLanguage\":\"vi\"},{\"@type\":\"WebPage\",\"@id\":\"https:\/\/lotusgolf.vn\/khoa-hoc-golf\/#webpage\",\"url\":\"https:\/\/lotusgolf.vn\/khoa-hoc-golf\/\",\"name\":\"Kho\u00e1 h\u1ecdc Golf -\",\"isPartOf\":{\"@id\":\"https:\/\/lotusgolf-b23998.ingress-bonde.ewp.live\/#website\"},\"datePublished\":\"2022-07-10T04:34:25+00:00\",\"dateModified\":\"2022-07-12T06:21:37+00:00\",\"breadcrumb\":{\"@id\":\"https:\/\/lotusgolf.vn\/khoa-hoc-golf\/#breadcrumb\"},\"inLanguage\":\"vi\",\"potentialAction\":[{\"@type\":\"ReadAction\",\"target\":[\"https:\/\/lotusgolf.vn\/khoa-hoc-golf\/\"]}]},{\"@type\":\"BreadcrumbList\",\"@id\":\"https:\/\/lotusgolf.vn\/khoa-hoc-golf\/#breadcrumb\",\"itemListElement\":[{\"@type\":\"ListItem\",\"position\":1,\"name\":\"Home\",\"item\":\"https:\/\/lotusgolf.vn\/\"},{\"@type\":\"ListItem\",\"position\":2,\"name\":\"Kho\u00e1 h\u1ecdc Golf\"}]}]}<\/script>\n<!-- \/ Yoast SEO plugin. -->","yoast_head_json":{"title":"Kho\u00e1 h\u1ecdc Golf -","robots":{"index":"index","follow":"follow","max-snippet":"max-snippet:-1","max-image-preview":"max-image-preview:large","max-video-preview":"max-video-preview:-1"},"canonical":"https:\/\/lotusgolf.vn\/vi\/khoa-hoc-golf\/","og_locale":"vi_VN","og_type":"article","og_title":"Kho\u00e1 h\u1ecdc Golf -","og_url":"https:\/\/lotusgolf.vn\/vi\/khoa-hoc-golf\/","article_modified_time":"2022-07-12T06:21:37+00:00","twitter_card":"summary_large_image","schema":{"@context":"https:\/\/schema.org","@graph":[{"@type":"WebSite","@id":"https:\/\/lotusgolf-b23998.ingress-bonde.ewp.live\/#website","url":"https:\/\/lotusgolf-b23998.ingress-bonde.ewp.live\/","name":"","description":"","potentialAction":[{"@type":"SearchAction","target":{"@type":"EntryPoint","urlTemplate":"https:\/\/lotusgolf-b23998.ingress-bonde.ewp.live\/?s={search_term_string}"},"query-input":"required name=search_term_string"}],"inLanguage":"vi"},{"@type":"WebPage","@id":"https:\/\/lotusgolf.vn\/khoa-hoc-golf\/#webpage","url":"https:\/\/lotusgolf.vn\/khoa-hoc-golf\/","name":"Kho\u00e1 h\u1ecdc Golf -","isPartOf":{"@id":"https:\/\/lotusgolf-b23998.ingress-bonde.ewp.live\/#website"},"datePublished":"2022-07-10T04:34:25+00:00","dateModified":"2022-07-12T06:21:37+00:00","breadcrumb":{"@id":"https:\/\/lotusgolf.vn\/khoa-hoc-golf\/#breadcrumb"},"inLanguage":"vi","potentialAction":[{"@type":"ReadAction","target":["https:\/\/lotusgolf.vn\/khoa-hoc-golf\/"]}]},{"@type":"BreadcrumbList","@id":"https:\/\/lotusgolf.vn\/khoa-hoc-golf\/#breadcrumb","itemListElement":[{"@type":"ListItem","position":1,"name":"Home","item":"https:\/\/lotusgolf.vn\/"},{"@type":"ListItem","position":2,"name":"Kho\u00e1 h\u1ecdc Golf"}]}]}},"_links":{"self":[{"href":"https:\/\/lotusgolf.vn\/vi\/wp-json\/wp\/v2\/pages\/568","targetHints":{"allow":["GET"]}}],"collection":[{"href":"https:\/\/lotusgolf.vn\/vi\/wp-json\/wp\/v2\/pages"}],"about":[{"href":"https:\/\/lotusgolf.vn\/vi\/wp-json\/wp\/v2\/types\/page"}],"author":[{"embeddable":true,"href":"https:\/\/lotusgolf.vn\/vi\/wp-json\/wp\/v2\/users\/1"}],"replies":[{"embeddable":true,"href":"https:\/\/lotusgolf.vn\/vi\/wp-json\/wp\/v2\/comments?post=568"}],"version-history":[{"count":4,"href":"https:\/\/lotusgolf.vn\/vi\/wp-json\/wp\/v2\/pages\/568\/revisions"}],"predecessor-version":[{"id":585,"href":"https:\/\/lotusgolf.vn\/vi\/wp-json\/wp\/v2\/pages\/568\/revisions\/585"}],"wp:attachment":[{"href":"https:\/\/lotusgolf.vn\/vi\/wp-json\/wp\/v2\/media?parent=568"}],"curies":[{"name":"wp","href":"https:\/\/api.w.org\/{rel}","templated":true}]}}