{"id":782,"date":"2022-07-20T04:28:39","date_gmt":"2022-07-20T04:28:39","guid":{"rendered":"https:\/\/lotusgolf.vn\/?page_id=782"},"modified":"2022-07-22T10:31:55","modified_gmt":"2022-07-22T10:31:55","slug":"tin-tuc","status":"publish","type":"page","link":"https:\/\/lotusgolf.vn\/vi\/tin-tuc\/","title":{"rendered":"Tin T\u1ee9c"},"content":{"rendered":"\n<div class=\"container section-title-container\" ><h2 class=\"section-title section-title-center\"><b><\/b><span class=\"section-title-main\" style=\"color:rgb(219, 28, 28);\">Trang tin t\u1ee9c<\/span><b><\/b><\/h2><\/div>\n\n\r\n\t\t<div class=\"bdp-post-grid-main bdp-design-1 bdpgrid-3 bdp-clearfix\">\t\t\t\r\n\t\t\t<div class=\"bdp-post-grid  bdp-medium-4 bdp-columns  bdp-first\">\t\t\r\n\t<div class=\"bdp-post-grid-content \">\r\n\t\t\t\t<div class=\"bdp-post-image-bg\">\r\n\t\t\t<a href=\"https:\/\/lotusgolf.vn\/vi\/2022\/08\/04\/vo-dich-evian-championship-brooke-henderson-co-danh-hieu-major-thu-2-su-nghiep\/\">\r\n\t\t\t\t<img decoding=\"async\" src=\"https:\/\/lotusgolf.vn\/wp-content\/uploads\/2022\/08\/Golf-5.jpg\" alt=\"V\u00f4 \u0111\u1ecbch Evian Championship, Brooke Henderson c\u00f3 danh hi\u1ec7u Major th\u1ee9 2 s\u1ef1 nghi\u1ec7p\" \/>\r\n\t\t\t<\/a>\r\n\t\t<\/div>\r\n\t\t\r\n\t\t<h2 class=\"bdp-post-title\">\r\n\t\t\t<a href=\"https:\/\/lotusgolf.vn\/vi\/2022\/08\/04\/vo-dich-evian-championship-brooke-henderson-co-danh-hieu-major-thu-2-su-nghiep\/\">V\u00f4 \u0111\u1ecbch Evian Championship, Brooke Henderson c\u00f3 danh hi\u1ec7u Major th\u1ee9 2 s\u1ef1 nghi\u1ec7p<\/a>\r\n\t\t<\/h2>\r\n\r\n\t\t\t\t\t<div class=\"bdp-post-meta\">\r\n\t\t\t\t\t\t\t\t\t<span class=\"bdp-post-meta-innr bdp-user-img\">lotusgolf<\/span>\r\n\t\t\t\t\t\t\t\t<span class=\"bdpp-post-meta-sep\">\/<\/span>\t\t\t\t\t\t\t\t\t<span class=\"bdp-post-meta-innr bdp-time\"> Th\u00e1ng 8 4, 2022 <\/span>\r\n\t\t\t\t\t\t\t\t\t\t\t\t\t\r\n\t\t\t<\/div>\r\n\t\t\t\t\t<div class=\"bdp-post-content\">\r\n\t\t\t\t<div class=\"bdp-post-short-content\">6 n\u0103m k\u1ec3 t\u1eeb ch\u1ee9c v\u00f4 \u0111\u1ecbch Women\u2019s PGA Championship, Brooke Henderson m\u1edbi c\u00f3 l\u1ea7n th\u1ee9 2 \u0111\u0103ng quang t\u1ea1i...<\/div>\r\n\t\t\t\t\t\t\t\t\t<a href=\"https:\/\/lotusgolf.vn\/vi\/2022\/08\/04\/vo-dich-evian-championship-brooke-henderson-co-danh-hieu-major-thu-2-su-nghiep\/\" class=\"bdp-readmorebtn\">Read More<\/a>\r\n\t\t\t\t\t\t\t<\/div>\r\n\t\t\t<\/div>\r\n<\/div><div class=\"bdp-post-grid  bdp-medium-4 bdp-columns \">\t\t\r\n\t<div class=\"bdp-post-grid-content \">\r\n\t\t\t\t<div class=\"bdp-post-image-bg\">\r\n\t\t\t<a href=\"https:\/\/lotusgolf.vn\/vi\/2022\/08\/04\/nguyen-anh-minh-lot-top-500-golfer-nghiep-du-the-gioi\/\">\r\n\t\t\t\t<img decoding=\"async\" src=\"https:\/\/lotusgolf.vn\/wp-content\/uploads\/2022\/08\/Golf-4.jpg\" alt=\"Nguy\u1ec5n Anh Minh l\u1ecdt top 500 golfer Nghi\u1ec7p d\u01b0 Th\u1ebf gi\u1edbi\" \/>\r\n\t\t\t<\/a>\r\n\t\t<\/div>\r\n\t\t\r\n\t\t<h2 class=\"bdp-post-title\">\r\n\t\t\t<a href=\"https:\/\/lotusgolf.vn\/vi\/2022\/08\/04\/nguyen-anh-minh-lot-top-500-golfer-nghiep-du-the-gioi\/\">Nguy\u1ec5n Anh Minh l\u1ecdt top 500 golfer Nghi\u1ec7p d\u01b0 Th\u1ebf gi\u1edbi<\/a>\r\n\t\t<\/h2>\r\n\r\n\t\t\t\t\t<div class=\"bdp-post-meta\">\r\n\t\t\t\t\t\t\t\t\t<span class=\"bdp-post-meta-innr bdp-user-img\">lotusgolf<\/span>\r\n\t\t\t\t\t\t\t\t<span class=\"bdpp-post-meta-sep\">\/<\/span>\t\t\t\t\t\t\t\t\t<span class=\"bdp-post-meta-innr bdp-time\"> Th\u00e1ng 8 4, 2022 <\/span>\r\n\t\t\t\t\t\t\t\t\t\t\t\t\t\r\n\t\t\t<\/div>\r\n\t\t\t\t\t<div class=\"bdp-post-content\">\r\n\t\t\t\t<div class=\"bdp-post-short-content\">Nguy\u1ec5n Anh Minh \u0111\u00e3 l\u1ecdt v\u00e0o Top 500 golfer Nghi\u1ec7p d\u01b0 Th\u1ebf gi\u1edbi \u1edf k\u1ef3 x\u1ebfp h\u1ea1ng m\u1edbi nh\u1ea5t c\u1ee7a...<\/div>\r\n\t\t\t\t\t\t\t\t\t<a href=\"https:\/\/lotusgolf.vn\/vi\/2022\/08\/04\/nguyen-anh-minh-lot-top-500-golfer-nghiep-du-the-gioi\/\" class=\"bdp-readmorebtn\">Read More<\/a>\r\n\t\t\t\t\t\t\t<\/div>\r\n\t\t\t<\/div>\r\n<\/div><div class=\"bdp-post-grid  bdp-medium-4 bdp-columns \">\t\t\r\n\t<div class=\"bdp-post-grid-content \">\r\n\t\t\t\t<div class=\"bdp-post-image-bg\">\r\n\t\t\t<a href=\"https:\/\/lotusgolf.vn\/vi\/2022\/08\/04\/vietnam-junior-open-giup-uom-mam-cac-tai-nang-golf-tre\/\">\r\n\t\t\t\t<img decoding=\"async\" src=\"https:\/\/lotusgolf.vn\/wp-content\/uploads\/2022\/08\/golf-3.jpg\" alt=\"Vietnam Junior Open gi\u00fap \u01b0\u01a1m m\u1ea7m c\u00e1c t\u00e0i n\u0103ng golf tr\u1ebb\" \/>\r\n\t\t\t<\/a>\r\n\t\t<\/div>\r\n\t\t\r\n\t\t<h2 class=\"bdp-post-title\">\r\n\t\t\t<a href=\"https:\/\/lotusgolf.vn\/vi\/2022\/08\/04\/vietnam-junior-open-giup-uom-mam-cac-tai-nang-golf-tre\/\">Vietnam Junior Open gi\u00fap \u01b0\u01a1m m\u1ea7m c\u00e1c t\u00e0i n\u0103ng golf tr\u1ebb<\/a>\r\n\t\t<\/h2>\r\n\r\n\t\t\t\t\t<div class=\"bdp-post-meta\">\r\n\t\t\t\t\t\t\t\t\t<span class=\"bdp-post-meta-innr bdp-user-img\">lotusgolf<\/span>\r\n\t\t\t\t\t\t\t\t<span class=\"bdpp-post-meta-sep\">\/<\/span>\t\t\t\t\t\t\t\t\t<span class=\"bdp-post-meta-innr bdp-time\"> Th\u00e1ng 8 4, 2022 <\/span>\r\n\t\t\t\t\t\t\t\t\t\t\t\t\t\r\n\t\t\t<\/div>\r\n\t\t\t\t\t<div class=\"bdp-post-content\">\r\n\t\t\t\t<div class=\"bdp-post-short-content\">Sau hai gi\u1ea3i V\u00f4 \u0111\u1ecbch Nam - N\u1eef Vi\u1ec7t Nam M\u1edf r\u1ed9ng, trong tu\u1ea7n n\u00e0y t\u1ea1i Vinpearl Golf H\u1ea3i Ph\u00f2ng...<\/div>\r\n\t\t\t\t\t\t\t\t\t<a href=\"https:\/\/lotusgolf.vn\/vi\/2022\/08\/04\/vietnam-junior-open-giup-uom-mam-cac-tai-nang-golf-tre\/\" class=\"bdp-readmorebtn\">Read More<\/a>\r\n\t\t\t\t\t\t\t<\/div>\r\n\t\t\t<\/div>\r\n<\/div><div class=\"bdp-post-grid  bdp-medium-4 bdp-columns  bdp-first\">\t\t\r\n\t<div class=\"bdp-post-grid-content \">\r\n\t\t\t\t<div class=\"bdp-post-image-bg\">\r\n\t\t\t<a href=\"https:\/\/lotusgolf.vn\/vi\/2022\/07\/28\/ra-mat-phien-ban-putter-scotty-cameron-phantom-x-moi-nhat-2022\/\">\r\n\t\t\t\t<img decoding=\"async\" src=\"https:\/\/lotusgolf.vn\/wp-content\/uploads\/2022\/07\/golf_2.jpg\" alt=\"Ra m\u1eaft phi\u00ean b\u1ea3n putter Scotty Cameron Phantom X m\u1edbi nh\u1ea5t (2022)\" \/>\r\n\t\t\t<\/a>\r\n\t\t<\/div>\r\n\t\t\r\n\t\t<h2 class=\"bdp-post-title\">\r\n\t\t\t<a href=\"https:\/\/lotusgolf.vn\/vi\/2022\/07\/28\/ra-mat-phien-ban-putter-scotty-cameron-phantom-x-moi-nhat-2022\/\">Ra m\u1eaft phi\u00ean b\u1ea3n putter Scotty Cameron Phantom X m\u1edbi nh\u1ea5t (2022)<\/a>\r\n\t\t<\/h2>\r\n\r\n\t\t\t\t\t<div class=\"bdp-post-meta\">\r\n\t\t\t\t\t\t\t\t\t<span class=\"bdp-post-meta-innr bdp-user-img\">lotusgolf<\/span>\r\n\t\t\t\t\t\t\t\t<span class=\"bdpp-post-meta-sep\">\/<\/span>\t\t\t\t\t\t\t\t\t<span class=\"bdp-post-meta-innr bdp-time\"> Th\u00e1ng 7 28, 2022 <\/span>\r\n\t\t\t\t\t\t\t\t\t\t\t\t\t\r\n\t\t\t<\/div>\r\n\t\t\t\t\t<div class=\"bdp-post-content\">\r\n\t\t\t\t<div class=\"bdp-post-short-content\">S\u1ea3n ph\u1ea9m:&nbsp;G\u1eady putter Scotty Cameron Phantom X&nbsp;(2022) M\u00f4&nbsp;t\u1ea3:&nbsp;Th\u00e9p kh\u00f4ng g\u1ec9 303 v\u00e0 nh\u00f4m 6061. C\u00f3 s\u1eb5n 7 phi\u00ean b\u1ea3n&nbsp;(5, 5.5,...<\/div>\r\n\t\t\t\t\t\t\t\t\t<a href=\"https:\/\/lotusgolf.vn\/vi\/2022\/07\/28\/ra-mat-phien-ban-putter-scotty-cameron-phantom-x-moi-nhat-2022\/\" class=\"bdp-readmorebtn\">Read More<\/a>\r\n\t\t\t\t\t\t\t<\/div>\r\n\t\t\t<\/div>\r\n<\/div><div class=\"bdp-post-grid  bdp-medium-4 bdp-columns \">\t\t\r\n\t<div class=\"bdp-post-grid-content \">\r\n\t\t\t\t<div class=\"bdp-post-image-bg\">\r\n\t\t\t<a href=\"https:\/\/lotusgolf.vn\/vi\/2022\/07\/28\/honma-ra-mat-bo-ba-mau-gay-sat-moi\/\">\r\n\t\t\t\t<img decoding=\"async\" src=\"https:\/\/lotusgolf.vn\/wp-content\/uploads\/2022\/07\/Golf-1.jpeg\" alt=\"Honma ra m\u1eaft b\u1ed9 ba m\u1eabu g\u1eady s\u1eaft m\u1edbi\" \/>\r\n\t\t\t<\/a>\r\n\t\t<\/div>\r\n\t\t\r\n\t\t<h2 class=\"bdp-post-title\">\r\n\t\t\t<a href=\"https:\/\/lotusgolf.vn\/vi\/2022\/07\/28\/honma-ra-mat-bo-ba-mau-gay-sat-moi\/\">Honma ra m\u1eaft b\u1ed9 ba m\u1eabu g\u1eady s\u1eaft m\u1edbi<\/a>\r\n\t\t<\/h2>\r\n\r\n\t\t\t\t\t<div class=\"bdp-post-meta\">\r\n\t\t\t\t\t\t\t\t\t<span class=\"bdp-post-meta-innr bdp-user-img\">lotusgolf<\/span>\r\n\t\t\t\t\t\t\t\t<span class=\"bdpp-post-meta-sep\">\/<\/span>\t\t\t\t\t\t\t\t\t<span class=\"bdp-post-meta-innr bdp-time\"> Th\u00e1ng 7 28, 2022 <\/span>\r\n\t\t\t\t\t\t\t\t\t\t\t\t\t\r\n\t\t\t<\/div>\r\n\t\t\t\t\t<div class=\"bdp-post-content\">\r\n\t\t\t\t<div class=\"bdp-post-short-content\">H\u00e3ng g\u1eady \u0111\u1ebfn t\u1eeb Nh\u1eadt B\u1ea3n cho ra m\u1eaft g\u1eady s\u1eaft m\u1edbi d\u01b0\u1edbi t\u00ean th\u01b0\u01a1ng hi\u1ec7u con - T\/\/World, v\u1edbi...<\/div>\r\n\t\t\t\t\t\t\t\t\t<a href=\"https:\/\/lotusgolf.vn\/vi\/2022\/07\/28\/honma-ra-mat-bo-ba-mau-gay-sat-moi\/\" class=\"bdp-readmorebtn\">Read More<\/a>\r\n\t\t\t\t\t\t\t<\/div>\r\n\t\t\t<\/div>\r\n<\/div><div class=\"bdp-post-grid  bdp-medium-4 bdp-columns \">\t\t\r\n\t<div class=\"bdp-post-grid-content \">\r\n\t\t\t\t<div class=\"bdp-post-image-bg\">\r\n\t\t\t<a href=\"https:\/\/lotusgolf.vn\/vi\/2022\/07\/28\/ping-i525-chinh-thuc-co-mat-tai-viet-nam\/\">\r\n\t\t\t\t<img decoding=\"async\" src=\"https:\/\/lotusgolf.vn\/wp-content\/uploads\/2022\/08\/image.png\" alt=\"PING i525 ch\u00ednh th\u1ee9c c\u00f3 m\u1eb7t t\u1ea1i Vi\u1ec7t Nam\" \/>\r\n\t\t\t<\/a>\r\n\t\t<\/div>\r\n\t\t\r\n\t\t<h2 class=\"bdp-post-title\">\r\n\t\t\t<a href=\"https:\/\/lotusgolf.vn\/vi\/2022\/07\/28\/ping-i525-chinh-thuc-co-mat-tai-viet-nam\/\">PING i525 ch\u00ednh th\u1ee9c c\u00f3 m\u1eb7t t\u1ea1i Vi\u1ec7t Nam<\/a>\r\n\t\t<\/h2>\r\n\r\n\t\t\t\t\t<div class=\"bdp-post-meta\">\r\n\t\t\t\t\t\t\t\t\t<span class=\"bdp-post-meta-innr bdp-user-img\">lotusgolf<\/span>\r\n\t\t\t\t\t\t\t\t<span class=\"bdpp-post-meta-sep\">\/<\/span>\t\t\t\t\t\t\t\t\t<span class=\"bdp-post-meta-innr bdp-time\"> Th\u00e1ng 7 28, 2022 <\/span>\r\n\t\t\t\t\t\t\t\t\t\t\t\t\t\r\n\t\t\t<\/div>\r\n\t\t\t\t\t<div class=\"bdp-post-content\">\r\n\t\t\t\t<div class=\"bdp-post-short-content\">PING i525 l\u00e0 d\u00f2ng g\u1eady s\u1eaft gi\u00fap t\u0103ng kho\u1ea3ng c\u00e1ch \u0111\u00e1ng k\u1ec3, k\u1ebft h\u1ee3p v\u1edbi c\u1ea3m gi\u00e1c v\u00e0 \u00e2m thanh...<\/div>\r\n\t\t\t\t\t\t\t\t\t<a href=\"https:\/\/lotusgolf.vn\/vi\/2022\/07\/28\/ping-i525-chinh-thuc-co-mat-tai-viet-nam\/\" class=\"bdp-readmorebtn\">Read More<\/a>\r\n\t\t\t\t\t\t\t<\/div>\r\n\t\t\t<\/div>\r\n<\/div><div class=\"bdp-post-grid  bdp-medium-4 bdp-columns  bdp-first\">\t\t\r\n\t<div class=\"bdp-post-grid-content \">\r\n\t\t\t\t<div class=\"bdp-post-image-bg\">\r\n\t\t\t<a href=\"https:\/\/lotusgolf.vn\/vi\/2022\/07\/26\/3m-open-danh-bogey-free-64-gay-scott-piercy-doc-chiem-dinh-bang\/\">\r\n\t\t\t\t<img decoding=\"async\" src=\"https:\/\/lotusgolf.vn\/wp-content\/uploads\/2022\/07\/USATSI_18727706.jpg\" alt=\"3M Open: \u0110\u00e1nh bogey free 64 g\u1eady, Scott Piercy \u0111\u1ed9c chi\u1ebfm \u0111\u1ec9nh b\u1ea3ng\" \/>\r\n\t\t\t<\/a>\r\n\t\t<\/div>\r\n\t\t\r\n\t\t<h2 class=\"bdp-post-title\">\r\n\t\t\t<a href=\"https:\/\/lotusgolf.vn\/vi\/2022\/07\/26\/3m-open-danh-bogey-free-64-gay-scott-piercy-doc-chiem-dinh-bang\/\">3M Open: \u0110\u00e1nh bogey free 64 g\u1eady, Scott Piercy \u0111\u1ed9c chi\u1ebfm \u0111\u1ec9nh b\u1ea3ng<\/a>\r\n\t\t<\/h2>\r\n\r\n\t\t\t\t\t<div class=\"bdp-post-meta\">\r\n\t\t\t\t\t\t\t\t\t<span class=\"bdp-post-meta-innr bdp-user-img\">lotusgolf<\/span>\r\n\t\t\t\t\t\t\t\t<span class=\"bdpp-post-meta-sep\">\/<\/span>\t\t\t\t\t\t\t\t\t<span class=\"bdp-post-meta-innr bdp-time\"> Th\u00e1ng 7 26, 2022 <\/span>\r\n\t\t\t\t\t\t\t\t\t\t\t\t\t\r\n\t\t\t<\/div>\r\n\t\t\t\t\t<div class=\"bdp-post-content\">\r\n\t\t\t\t<div class=\"bdp-post-short-content\">K\u1ebft th\u00fac ng\u00e0y thi \u0111\u1ea5u \u0111\u1ea7u ti\u00ean c\u1ee7a 3M Open, Im Sung Jae v\u00e0 Scott Piercy l\u00e0 nh\u1eefng ng\u01b0\u1eddi \u0111\u00e1nh...<\/div>\r\n\t\t\t\t\t\t\t\t\t<a href=\"https:\/\/lotusgolf.vn\/vi\/2022\/07\/26\/3m-open-danh-bogey-free-64-gay-scott-piercy-doc-chiem-dinh-bang\/\" class=\"bdp-readmorebtn\">Read More<\/a>\r\n\t\t\t\t\t\t\t<\/div>\r\n\t\t\t<\/div>\r\n<\/div><div class=\"bdp-post-grid  bdp-medium-4 bdp-columns \">\t\t\r\n\t<div class=\"bdp-post-grid-content \">\r\n\t\t\t\t<div class=\"bdp-post-image-bg\">\r\n\t\t\t<a href=\"https:\/\/lotusgolf.vn\/vi\/2022\/07\/26\/1087\/\">\r\n\t\t\t\t<img decoding=\"async\" src=\"https:\/\/lotusgolf.vn\/wp-content\/uploads\/2022\/07\/anh-2.png\" alt=\"Nguy\u1ec5n Minh Th\u00e0nh c\u00e2n b\u1eb1ng k\u1ef7 l\u1ee5c c\u1ee7a \u0110o\u00e0n Uy t\u1ea1i gi\u1ea3i V\u00f4 \u0111\u1ecbch Nghi\u1ec7p d\u01b0 Vi\u1ec7t Nam M\u1edf r\u1ed9ng\" \/>\r\n\t\t\t<\/a>\r\n\t\t<\/div>\r\n\t\t\r\n\t\t<h2 class=\"bdp-post-title\">\r\n\t\t\t<a href=\"https:\/\/lotusgolf.vn\/vi\/2022\/07\/26\/1087\/\">Nguy\u1ec5n Minh Th\u00e0nh c\u00e2n b\u1eb1ng k\u1ef7 l\u1ee5c c\u1ee7a \u0110o\u00e0n Uy t\u1ea1i gi\u1ea3i V\u00f4 \u0111\u1ecbch Nghi\u1ec7p d\u01b0 Vi\u1ec7t Nam M\u1edf r\u1ed9ng<\/a>\r\n\t\t<\/h2>\r\n\r\n\t\t\t\t\t<div class=\"bdp-post-meta\">\r\n\t\t\t\t\t\t\t\t\t<span class=\"bdp-post-meta-innr bdp-user-img\">lotusgolf<\/span>\r\n\t\t\t\t\t\t\t\t<span class=\"bdpp-post-meta-sep\">\/<\/span>\t\t\t\t\t\t\t\t\t<span class=\"bdp-post-meta-innr bdp-time\"> Th\u00e1ng 7 26, 2022 <\/span>\r\n\t\t\t\t\t\t\t\t\t\t\t\t\t\r\n\t\t\t<\/div>\r\n\t\t\t\t\t<div class=\"bdp-post-content\">\r\n\t\t\t\t<div class=\"bdp-post-short-content\">Nguy\u1ec5n Minh Th\u00e0nh c\u00e2n b\u1eb1ng k\u1ef7 l\u1ee5c c\u1ee7a \u0110o\u00e0n Uy t\u1ea1i gi\u1ea3i V\u00f4 \u0111\u1ecbch Nghi\u1ec7p d\u01b0 Vi\u1ec7t Nam M\u1edf r\u1ed9ng...<\/div>\r\n\t\t\t\t\t\t\t\t\t<a href=\"https:\/\/lotusgolf.vn\/vi\/2022\/07\/26\/1087\/\" class=\"bdp-readmorebtn\">Read More<\/a>\r\n\t\t\t\t\t\t\t<\/div>\r\n\t\t\t<\/div>\r\n<\/div><div class=\"bdp-post-grid  bdp-medium-4 bdp-columns \">\t\t\r\n\t<div class=\"bdp-post-grid-content \">\r\n\t\t\t\t<div class=\"bdp-post-image-bg\">\r\n\t\t\t<a href=\"https:\/\/lotusgolf.vn\/vi\/2022\/07\/20\/nhung-ung-vien-sang-gia-cho-chuc-vo-dich-vlao-2022\/\">\r\n\t\t\t\t<img decoding=\"async\" src=\"https:\/\/lotusgolf.vn\/wp-content\/uploads\/2022\/07\/albumgolfnewsa-5-16467220269431311171357.jpg\" alt=\"Nh\u1eefng \u1ee9ng vi\u00ean s\u00e1ng gi\u00e1 cho ch\u1ee9c v\u00f4 \u0111\u1ecbch VLAO 2022\" \/>\r\n\t\t\t<\/a>\r\n\t\t<\/div>\r\n\t\t\r\n\t\t<h2 class=\"bdp-post-title\">\r\n\t\t\t<a href=\"https:\/\/lotusgolf.vn\/vi\/2022\/07\/20\/nhung-ung-vien-sang-gia-cho-chuc-vo-dich-vlao-2022\/\">Nh\u1eefng \u1ee9ng vi\u00ean s\u00e1ng gi\u00e1 cho ch\u1ee9c v\u00f4 \u0111\u1ecbch VLAO 2022<\/a>\r\n\t\t<\/h2>\r\n\r\n\t\t\t\t\t<div class=\"bdp-post-meta\">\r\n\t\t\t\t\t\t\t\t\t<span class=\"bdp-post-meta-innr bdp-user-img\">lotusgolf<\/span>\r\n\t\t\t\t\t\t\t\t<span class=\"bdpp-post-meta-sep\">\/<\/span>\t\t\t\t\t\t\t\t\t<span class=\"bdp-post-meta-innr bdp-time\"> Th\u00e1ng 7 20, 2022 <\/span>\r\n\t\t\t\t\t\t\t\t\t\t\t\t\t\r\n\t\t\t<\/div>\r\n\t\t\t\t\t<div class=\"bdp-post-content\">\r\n\t\t\t\t<div class=\"bdp-post-short-content\">Gi\u1ea3i V\u00f4 \u0111\u1ecbch nghi\u1ec7p d\u01b0 N\u1eef Vi\u1ec7t Nam M\u1edf r\u1ed9ng tranh Cup T99 n\u0103m 2022 (VLAO 2022) h\u1ee9a h\u1eb9n s\u1ebd...<\/div>\r\n\t\t\t\t\t\t\t\t\t<a href=\"https:\/\/lotusgolf.vn\/vi\/2022\/07\/20\/nhung-ung-vien-sang-gia-cho-chuc-vo-dich-vlao-2022\/\" class=\"bdp-readmorebtn\">Read More<\/a>\r\n\t\t\t\t\t\t\t<\/div>\r\n\t\t\t<\/div>\r\n<\/div>\t\t<\/div>\r\n\r\n\t\t\n","protected":false},"excerpt":{"rendered":"","protected":false},"author":1,"featured_media":0,"parent":0,"menu_order":0,"comment_status":"closed","ping_status":"closed","template":"","meta":{"footnotes":""},"class_list":["post-782","page","type-page","status-publish","hentry"],"yoast_head":"<!-- This site is optimized with the Yoast SEO plugin v19.0 - https:\/\/yoast.com\/wordpress\/plugins\/seo\/ -->\n<title>Tin T\u1ee9c -<\/title>\n<meta name=\"robots\" content=\"index, follow, max-snippet:-1, max-image-preview:large, max-video-preview:-1\" \/>\n<link rel=\"canonical\" href=\"https:\/\/lotusgolf.vn\/vi\/tin-tuc\/\" \/>\n<meta property=\"og:locale\" content=\"vi_VN\" \/>\n<meta property=\"og:type\" content=\"article\" \/>\n<meta property=\"og:title\" content=\"Tin T\u1ee9c -\" \/>\n<meta property=\"og:url\" content=\"https:\/\/lotusgolf.vn\/vi\/tin-tuc\/\" \/>\n<meta property=\"article:modified_time\" content=\"2022-07-22T10:31:55+00:00\" \/>\n<meta name=\"twitter:card\" content=\"summary_large_image\" \/>\n<meta name=\"twitter:label1\" content=\"\u01af\u1edbc t\u00ednh th\u1eddi gian \u0111\u1ecdc\" \/>\n\t<meta name=\"twitter:data1\" content=\"1 ph\u00fat\" \/>\n<script type=\"application\/ld+json\" class=\"yoast-schema-graph\">{\"@context\":\"https:\/\/schema.org\",\"@graph\":[{\"@type\":\"WebSite\",\"@id\":\"https:\/\/lotusgolf-b23998.ingress-bonde.ewp.live\/#website\",\"url\":\"https:\/\/lotusgolf-b23998.ingress-bonde.ewp.live\/\",\"name\":\"\",\"description\":\"\",\"potentialAction\":[{\"@type\":\"SearchAction\",\"target\":{\"@type\":\"EntryPoint\",\"urlTemplate\":\"https:\/\/lotusgolf-b23998.ingress-bonde.ewp.live\/?s={search_term_string}\"},\"query-input\":\"required name=search_term_string\"}],\"inLanguage\":\"vi\"},{\"@type\":\"WebPage\",\"@id\":\"https:\/\/lotusgolf.vn\/tin-tuc\/#webpage\",\"url\":\"https:\/\/lotusgolf.vn\/tin-tuc\/\",\"name\":\"Tin T\u1ee9c -\",\"isPartOf\":{\"@id\":\"https:\/\/lotusgolf-b23998.ingress-bonde.ewp.live\/#website\"},\"datePublished\":\"2022-07-20T04:28:39+00:00\",\"dateModified\":\"2022-07-22T10:31:55+00:00\",\"breadcrumb\":{\"@id\":\"https:\/\/lotusgolf.vn\/tin-tuc\/#breadcrumb\"},\"inLanguage\":\"vi\",\"potentialAction\":[{\"@type\":\"ReadAction\",\"target\":[\"https:\/\/lotusgolf.vn\/tin-tuc\/\"]}]},{\"@type\":\"BreadcrumbList\",\"@id\":\"https:\/\/lotusgolf.vn\/tin-tuc\/#breadcrumb\",\"itemListElement\":[{\"@type\":\"ListItem\",\"position\":1,\"name\":\"Home\",\"item\":\"https:\/\/lotusgolf.vn\/\"},{\"@type\":\"ListItem\",\"position\":2,\"name\":\"Tin T\u1ee9c\"}]}]}<\/script>\n<!-- \/ Yoast SEO plugin. -->","yoast_head_json":{"title":"Tin T\u1ee9c -","robots":{"index":"index","follow":"follow","max-snippet":"max-snippet:-1","max-image-preview":"max-image-preview:large","max-video-preview":"max-video-preview:-1"},"canonical":"https:\/\/lotusgolf.vn\/vi\/tin-tuc\/","og_locale":"vi_VN","og_type":"article","og_title":"Tin T\u1ee9c -","og_url":"https:\/\/lotusgolf.vn\/vi\/tin-tuc\/","article_modified_time":"2022-07-22T10:31:55+00:00","twitter_card":"summary_large_image","twitter_misc":{"\u01af\u1edbc t\u00ednh th\u1eddi gian \u0111\u1ecdc":"1 ph\u00fat"},"schema":{"@context":"https:\/\/schema.org","@graph":[{"@type":"WebSite","@id":"https:\/\/lotusgolf-b23998.ingress-bonde.ewp.live\/#website","url":"https:\/\/lotusgolf-b23998.ingress-bonde.ewp.live\/","name":"","description":"","potentialAction":[{"@type":"SearchAction","target":{"@type":"EntryPoint","urlTemplate":"https:\/\/lotusgolf-b23998.ingress-bonde.ewp.live\/?s={search_term_string}"},"query-input":"required name=search_term_string"}],"inLanguage":"vi"},{"@type":"WebPage","@id":"https:\/\/lotusgolf.vn\/tin-tuc\/#webpage","url":"https:\/\/lotusgolf.vn\/tin-tuc\/","name":"Tin T\u1ee9c -","isPartOf":{"@id":"https:\/\/lotusgolf-b23998.ingress-bonde.ewp.live\/#website"},"datePublished":"2022-07-20T04:28:39+00:00","dateModified":"2022-07-22T10:31:55+00:00","breadcrumb":{"@id":"https:\/\/lotusgolf.vn\/tin-tuc\/#breadcrumb"},"inLanguage":"vi","potentialAction":[{"@type":"ReadAction","target":["https:\/\/lotusgolf.vn\/tin-tuc\/"]}]},{"@type":"BreadcrumbList","@id":"https:\/\/lotusgolf.vn\/tin-tuc\/#breadcrumb","itemListElement":[{"@type":"ListItem","position":1,"name":"Home","item":"https:\/\/lotusgolf.vn\/"},{"@type":"ListItem","position":2,"name":"Tin T\u1ee9c"}]}]}},"_links":{"self":[{"href":"https:\/\/lotusgolf.vn\/vi\/wp-json\/wp\/v2\/pages\/782","targetHints":{"allow":["GET"]}}],"collection":[{"href":"https:\/\/lotusgolf.vn\/vi\/wp-json\/wp\/v2\/pages"}],"about":[{"href":"https:\/\/lotusgolf.vn\/vi\/wp-json\/wp\/v2\/types\/page"}],"author":[{"embeddable":true,"href":"https:\/\/lotusgolf.vn\/vi\/wp-json\/wp\/v2\/users\/1"}],"replies":[{"embeddable":true,"href":"https:\/\/lotusgolf.vn\/vi\/wp-json\/wp\/v2\/comments?post=782"}],"version-history":[{"count":5,"href":"https:\/\/lotusgolf.vn\/vi\/wp-json\/wp\/v2\/pages\/782\/revisions"}],"predecessor-version":[{"id":966,"href":"https:\/\/lotusgolf.vn\/vi\/wp-json\/wp\/v2\/pages\/782\/revisions\/966"}],"wp:attachment":[{"href":"https:\/\/lotusgolf.vn\/vi\/wp-json\/wp\/v2\/media?parent=782"}],"curies":[{"name":"wp","href":"https:\/\/api.w.org\/{rel}","templated":true}]}}