{"id":964,"date":"2022-07-22T10:20:13","date_gmt":"2022-07-22T10:20:13","guid":{"rendered":"https:\/\/lotusgolf.vn\/?page_id=964"},"modified":"2022-07-22T10:21:48","modified_gmt":"2022-07-22T10:21:48","slug":"khuyen-mai","status":"publish","type":"page","link":"https:\/\/lotusgolf.vn\/vi\/khuyen-mai\/","title":{"rendered":"Khuy\u1ec5n m\u00e3i"},"content":{"rendered":"\n<div class=\"container section-title-container\" ><h2 class=\"section-title section-title-center\"><b><\/b><span class=\"section-title-main\" style=\"color:rgb(219, 28, 28);\">Khuy\u1ec5n m\u00e3i<\/span><b><\/b><\/h2><\/div>\n\n\r\n\t\t<div class=\"bdp-post-grid-main bdp-design-1 bdpgrid-3 bdp-clearfix\">\t\t\t\r\n\t\t\t<div class=\"bdp-post-grid  bdp-medium-4 bdp-columns  bdp-first\">\t\t\r\n\t<div class=\"bdp-post-grid-content \">\r\n\t\t\t\t<div class=\"bdp-post-image-bg\">\r\n\t\t\t<a href=\"https:\/\/lotusgolf.vn\/vi\/2022\/07\/22\/uu-dai-chao-he-2022\/\">\r\n\t\t\t\t<img decoding=\"async\" src=\"https:\/\/lotusgolf.vn\/wp-content\/uploads\/2022\/07\/anh.png\" alt=\"\u01afu \u0111\u00e3i ch\u00e0o h\u00e8 2022\" \/>\r\n\t\t\t<\/a>\r\n\t\t<\/div>\r\n\t\t\r\n\t\t<h2 class=\"bdp-post-title\">\r\n\t\t\t<a href=\"https:\/\/lotusgolf.vn\/vi\/2022\/07\/22\/uu-dai-chao-he-2022\/\">\u01afu \u0111\u00e3i ch\u00e0o h\u00e8 2022<\/a>\r\n\t\t<\/h2>\r\n\r\n\t\t\t\t\t<div class=\"bdp-post-meta\">\r\n\t\t\t\t\t\t\t\t\t<span class=\"bdp-post-meta-innr bdp-user-img\">lotusgolf<\/span>\r\n\t\t\t\t\t\t\t\t<span class=\"bdpp-post-meta-sep\">\/<\/span>\t\t\t\t\t\t\t\t\t<span class=\"bdp-post-meta-innr bdp-time\"> Th\u00e1ng 7 22, 2022 <\/span>\r\n\t\t\t\t\t\t\t\t\t\t\t\t\t\r\n\t\t\t<\/div>\r\n\t\t\t\t\t<div class=\"bdp-post-content\">\r\n\t\t\t\t<div class=\"bdp-post-short-content\">Ch\u00e0o h\u00e8 2022! LOTUSGOLF gi\u1ea3m gi\u00e1 t\u1edbi 20% t\u1ea5t c\u1ea3 s\u1ea3n ph\u1ea9m g\u1eady golfTh\u1eddi gian \u00e1p d\u1ee5ng: T\u1eeb 1\/7 \u0111\u1ebfn...<\/div>\r\n\t\t\t\t\t\t\t\t\t<a href=\"https:\/\/lotusgolf.vn\/vi\/2022\/07\/22\/uu-dai-chao-he-2022\/\" class=\"bdp-readmorebtn\">Read More<\/a>\r\n\t\t\t\t\t\t\t<\/div>\r\n\t\t\t<\/div>\r\n<\/div>\t\t<\/div>\r\n\r\n\t\t\n","protected":false},"excerpt":{"rendered":"","protected":false},"author":1,"featured_media":0,"parent":0,"menu_order":0,"comment_status":"closed","ping_status":"closed","template":"","meta":{"footnotes":""},"class_list":["post-964","page","type-page","status-publish","hentry"],"yoast_head":"<!-- This site is optimized with the Yoast SEO plugin v19.0 - https:\/\/yoast.com\/wordpress\/plugins\/seo\/ -->\n<title>Khuy\u1ec5n m\u00e3i -<\/title>\n<meta name=\"robots\" content=\"index, follow, max-snippet:-1, max-image-preview:large, max-video-preview:-1\" \/>\n<link rel=\"canonical\" href=\"https:\/\/lotusgolf.vn\/vi\/khuyen-mai\/\" \/>\n<meta property=\"og:locale\" content=\"vi_VN\" \/>\n<meta property=\"og:type\" content=\"article\" \/>\n<meta property=\"og:title\" content=\"Khuy\u1ec5n m\u00e3i -\" \/>\n<meta property=\"og:url\" content=\"https:\/\/lotusgolf.vn\/vi\/khuyen-mai\/\" \/>\n<meta property=\"article:modified_time\" content=\"2022-07-22T10:21:48+00:00\" \/>\n<meta name=\"twitter:card\" content=\"summary_large_image\" \/>\n<meta name=\"twitter:label1\" content=\"\u01af\u1edbc t\u00ednh th\u1eddi gian \u0111\u1ecdc\" \/>\n\t<meta name=\"twitter:data1\" content=\"1 ph\u00fat\" \/>\n<script type=\"application\/ld+json\" class=\"yoast-schema-graph\">{\"@context\":\"https:\/\/schema.org\",\"@graph\":[{\"@type\":\"WebSite\",\"@id\":\"https:\/\/lotusgolf-b23998.ingress-bonde.ewp.live\/#website\",\"url\":\"https:\/\/lotusgolf-b23998.ingress-bonde.ewp.live\/\",\"name\":\"\",\"description\":\"\",\"potentialAction\":[{\"@type\":\"SearchAction\",\"target\":{\"@type\":\"EntryPoint\",\"urlTemplate\":\"https:\/\/lotusgolf-b23998.ingress-bonde.ewp.live\/?s={search_term_string}\"},\"query-input\":\"required name=search_term_string\"}],\"inLanguage\":\"vi\"},{\"@type\":\"WebPage\",\"@id\":\"https:\/\/lotusgolf.vn\/khuyen-mai\/#webpage\",\"url\":\"https:\/\/lotusgolf.vn\/khuyen-mai\/\",\"name\":\"Khuy\u1ec5n m\u00e3i -\",\"isPartOf\":{\"@id\":\"https:\/\/lotusgolf-b23998.ingress-bonde.ewp.live\/#website\"},\"datePublished\":\"2022-07-22T10:20:13+00:00\",\"dateModified\":\"2022-07-22T10:21:48+00:00\",\"breadcrumb\":{\"@id\":\"https:\/\/lotusgolf.vn\/khuyen-mai\/#breadcrumb\"},\"inLanguage\":\"vi\",\"potentialAction\":[{\"@type\":\"ReadAction\",\"target\":[\"https:\/\/lotusgolf.vn\/khuyen-mai\/\"]}]},{\"@type\":\"BreadcrumbList\",\"@id\":\"https:\/\/lotusgolf.vn\/khuyen-mai\/#breadcrumb\",\"itemListElement\":[{\"@type\":\"ListItem\",\"position\":1,\"name\":\"Home\",\"item\":\"https:\/\/lotusgolf.vn\/\"},{\"@type\":\"ListItem\",\"position\":2,\"name\":\"Khuy\u1ec5n m\u00e3i\"}]}]}<\/script>\n<!-- \/ Yoast SEO plugin. -->","yoast_head_json":{"title":"Khuy\u1ec5n m\u00e3i -","robots":{"index":"index","follow":"follow","max-snippet":"max-snippet:-1","max-image-preview":"max-image-preview:large","max-video-preview":"max-video-preview:-1"},"canonical":"https:\/\/lotusgolf.vn\/vi\/khuyen-mai\/","og_locale":"vi_VN","og_type":"article","og_title":"Khuy\u1ec5n m\u00e3i -","og_url":"https:\/\/lotusgolf.vn\/vi\/khuyen-mai\/","article_modified_time":"2022-07-22T10:21:48+00:00","twitter_card":"summary_large_image","twitter_misc":{"\u01af\u1edbc t\u00ednh th\u1eddi gian \u0111\u1ecdc":"1 ph\u00fat"},"schema":{"@context":"https:\/\/schema.org","@graph":[{"@type":"WebSite","@id":"https:\/\/lotusgolf-b23998.ingress-bonde.ewp.live\/#website","url":"https:\/\/lotusgolf-b23998.ingress-bonde.ewp.live\/","name":"","description":"","potentialAction":[{"@type":"SearchAction","target":{"@type":"EntryPoint","urlTemplate":"https:\/\/lotusgolf-b23998.ingress-bonde.ewp.live\/?s={search_term_string}"},"query-input":"required name=search_term_string"}],"inLanguage":"vi"},{"@type":"WebPage","@id":"https:\/\/lotusgolf.vn\/khuyen-mai\/#webpage","url":"https:\/\/lotusgolf.vn\/khuyen-mai\/","name":"Khuy\u1ec5n m\u00e3i -","isPartOf":{"@id":"https:\/\/lotusgolf-b23998.ingress-bonde.ewp.live\/#website"},"datePublished":"2022-07-22T10:20:13+00:00","dateModified":"2022-07-22T10:21:48+00:00","breadcrumb":{"@id":"https:\/\/lotusgolf.vn\/khuyen-mai\/#breadcrumb"},"inLanguage":"vi","potentialAction":[{"@type":"ReadAction","target":["https:\/\/lotusgolf.vn\/khuyen-mai\/"]}]},{"@type":"BreadcrumbList","@id":"https:\/\/lotusgolf.vn\/khuyen-mai\/#breadcrumb","itemListElement":[{"@type":"ListItem","position":1,"name":"Home","item":"https:\/\/lotusgolf.vn\/"},{"@type":"ListItem","position":2,"name":"Khuy\u1ec5n m\u00e3i"}]}]}},"_links":{"self":[{"href":"https:\/\/lotusgolf.vn\/vi\/wp-json\/wp\/v2\/pages\/964","targetHints":{"allow":["GET"]}}],"collection":[{"href":"https:\/\/lotusgolf.vn\/vi\/wp-json\/wp\/v2\/pages"}],"about":[{"href":"https:\/\/lotusgolf.vn\/vi\/wp-json\/wp\/v2\/types\/page"}],"author":[{"embeddable":true,"href":"https:\/\/lotusgolf.vn\/vi\/wp-json\/wp\/v2\/users\/1"}],"replies":[{"embeddable":true,"href":"https:\/\/lotusgolf.vn\/vi\/wp-json\/wp\/v2\/comments?post=964"}],"version-history":[{"count":3,"href":"https:\/\/lotusgolf.vn\/vi\/wp-json\/wp\/v2\/pages\/964\/revisions"}],"predecessor-version":[{"id":968,"href":"https:\/\/lotusgolf.vn\/vi\/wp-json\/wp\/v2\/pages\/964\/revisions\/968"}],"wp:attachment":[{"href":"https:\/\/lotusgolf.vn\/vi\/wp-json\/wp\/v2\/media?parent=964"}],"curies":[{"name":"wp","href":"https:\/\/api.w.org\/{rel}","templated":true}]}}