{"id":1672,"date":"2022-08-11T05:59:49","date_gmt":"2022-08-11T05:59:49","guid":{"rendered":"https:\/\/lotusgolf.vn\/?post_type=product&#038;p=1672"},"modified":"2022-08-11T05:59:49","modified_gmt":"2022-08-11T05:59:49","slug":"bo-gay-sat-pxg-0311","status":"publish","type":"product","link":"https:\/\/lotusgolf.vn\/vi\/product\/bo-gay-sat-pxg-0311","title":{"rendered":"B\u1ed9 g\u1eady s\u1eaft PXG 0311"},"content":{"rendered":"<div id=\"tab-description\" class=\"woocommerce-Tabs-panel woocommerce-Tabs-panel--description panel entry-content active\" role=\"tabpanel\" aria-labelledby=\"tab-title-description\">\n<div id=\"tab-description\" class=\"woocommerce-Tabs-panel woocommerce-Tabs-panel--description panel entry-content active\" role=\"tabpanel\" aria-labelledby=\"tab-title-description\">\n<p>H\u00e3ng s\u1ea3n xu\u1ea5t: PXG<\/p>\n<p>C\u00e1n NSPRO 850 R<\/p>\n<p>G\u1ed3m 7 g\u1eady 4-5-6-7-8-9-W<\/p>\n<p>Nguy\u00ean b\u1ea3n, ch\u00ednh h\u00e3ng<\/p>\n<p>T\u00ecnh Tr\u1ea1ng: M\u1edbi 90%<\/p>\n<\/div>\n<\/div>\n","protected":false},"excerpt":{"rendered":"<p>H\u00e3ng s\u1ea3n xu\u1ea5t: PXG C\u00e1n NSPRO 850 R G\u1ed3m 7 g\u1eady 4-5-6-7-8-9-W Nguy\u00ean b\u1ea3n, ch\u00ednh h\u00e3ng T\u00ecnh Tr\u1ea1ng: M\u1edbi 90%<\/p>\n","protected":false},"featured_media":1676,"comment_status":"open","ping_status":"closed","template":"","meta":[],"product_brand":[],"product_cat":[89],"product_tag":[],"class_list":{"0":"post-1672","1":"product","2":"type-product","3":"status-publish","4":"has-post-thumbnail","6":"product_cat-bo-sat","8":"first","9":"instock","10":"shipping-taxable","11":"product-type-simple"},"yoast_head":"<!-- This site is optimized with the Yoast SEO plugin v19.0 - https:\/\/yoast.com\/wordpress\/plugins\/seo\/ -->\n<title>B\u1ed9 g\u1eady s\u1eaft PXG 0311 -<\/title>\n<meta name=\"robots\" content=\"index, follow, max-snippet:-1, max-image-preview:large, max-video-preview:-1\" \/>\n<link rel=\"canonical\" href=\"https:\/\/lotusgolf.vn\/vi\/product\/bo-gay-sat-pxg-0311\/\" \/>\n<meta property=\"og:locale\" content=\"vi_VN\" \/>\n<meta property=\"og:type\" content=\"article\" \/>\n<meta property=\"og:title\" content=\"B\u1ed9 g\u1eady s\u1eaft PXG 0311 -\" \/>\n<meta property=\"og:description\" content=\"H\u00e3ng s\u1ea3n xu\u1ea5t: PXG C\u00e1n NSPRO 850 R G\u1ed3m 7 g\u1eady 4-5-6-7-8-9-W Nguy\u00ean b\u1ea3n, ch\u00ednh h\u00e3ng T\u00ecnh Tr\u1ea1ng: M\u1edbi 90%\" \/>\n<meta property=\"og:url\" content=\"https:\/\/lotusgolf.vn\/vi\/product\/bo-gay-sat-pxg-0311\/\" \/>\n<meta property=\"og:image\" content=\"https:\/\/lotusgolf.vn\/wp-content\/uploads\/2022\/08\/296858095_1384280125394081_7255992363997456052_n.jpg\" \/>\n\t<meta property=\"og:image:width\" content=\"828\" \/>\n\t<meta property=\"og:image:height\" content=\"1104\" \/>\n\t<meta property=\"og:image:type\" content=\"image\/jpeg\" \/>\n<meta name=\"twitter:card\" content=\"summary_large_image\" \/>\n<script type=\"application\/ld+json\" class=\"yoast-schema-graph\">{\"@context\":\"https:\/\/schema.org\",\"@graph\":[{\"@type\":\"WebSite\",\"@id\":\"https:\/\/lotusgolf-b23998.ingress-bonde.ewp.live\/#website\",\"url\":\"https:\/\/lotusgolf-b23998.ingress-bonde.ewp.live\/\",\"name\":\"\",\"description\":\"\",\"potentialAction\":[{\"@type\":\"SearchAction\",\"target\":{\"@type\":\"EntryPoint\",\"urlTemplate\":\"https:\/\/lotusgolf-b23998.ingress-bonde.ewp.live\/?s={search_term_string}\"},\"query-input\":\"required name=search_term_string\"}],\"inLanguage\":\"vi\"},{\"@type\":\"ImageObject\",\"inLanguage\":\"vi\",\"@id\":\"https:\/\/lotusgolf.vn\/product\/bo-gay-sat-pxg-0311\/#primaryimage\",\"url\":\"https:\/\/lotusgolf.vn\/wp-content\/uploads\/2022\/08\/296858095_1384280125394081_7255992363997456052_n.jpg\",\"contentUrl\":\"https:\/\/lotusgolf.vn\/wp-content\/uploads\/2022\/08\/296858095_1384280125394081_7255992363997456052_n.jpg\",\"width\":828,\"height\":1104},{\"@type\":\"WebPage\",\"@id\":\"https:\/\/lotusgolf.vn\/product\/bo-gay-sat-pxg-0311\/#webpage\",\"url\":\"https:\/\/lotusgolf.vn\/product\/bo-gay-sat-pxg-0311\/\",\"name\":\"B\u1ed9 g\u1eady s\u1eaft PXG 0311 -\",\"isPartOf\":{\"@id\":\"https:\/\/lotusgolf-b23998.ingress-bonde.ewp.live\/#website\"},\"primaryImageOfPage\":{\"@id\":\"https:\/\/lotusgolf.vn\/product\/bo-gay-sat-pxg-0311\/#primaryimage\"},\"datePublished\":\"2022-08-11T05:59:49+00:00\",\"dateModified\":\"2022-08-11T05:59:49+00:00\",\"breadcrumb\":{\"@id\":\"https:\/\/lotusgolf.vn\/product\/bo-gay-sat-pxg-0311\/#breadcrumb\"},\"inLanguage\":\"vi\",\"potentialAction\":[{\"@type\":\"ReadAction\",\"target\":[\"https:\/\/lotusgolf.vn\/product\/bo-gay-sat-pxg-0311\/\"]}]},{\"@type\":\"BreadcrumbList\",\"@id\":\"https:\/\/lotusgolf.vn\/product\/bo-gay-sat-pxg-0311\/#breadcrumb\",\"itemListElement\":[{\"@type\":\"ListItem\",\"position\":1,\"name\":\"Home\",\"item\":\"https:\/\/lotusgolf.vn\/\"},{\"@type\":\"ListItem\",\"position\":2,\"name\":\"Shop\",\"item\":\"https:\/\/lotusgolf-b23998.ingress-bonde.ewp.live\/shop\/\"},{\"@type\":\"ListItem\",\"position\":3,\"name\":\"B\u1ed9 g\u1eady s\u1eaft PXG 0311\"}]}]}<\/script>\n<!-- \/ Yoast SEO plugin. -->","yoast_head_json":{"title":"B\u1ed9 g\u1eady s\u1eaft PXG 0311 -","robots":{"index":"index","follow":"follow","max-snippet":"max-snippet:-1","max-image-preview":"max-image-preview:large","max-video-preview":"max-video-preview:-1"},"canonical":"https:\/\/lotusgolf.vn\/vi\/product\/bo-gay-sat-pxg-0311\/","og_locale":"vi_VN","og_type":"article","og_title":"B\u1ed9 g\u1eady s\u1eaft PXG 0311 -","og_description":"H\u00e3ng s\u1ea3n xu\u1ea5t: PXG C\u00e1n NSPRO 850 R G\u1ed3m 7 g\u1eady 4-5-6-7-8-9-W Nguy\u00ean b\u1ea3n, ch\u00ednh h\u00e3ng T\u00ecnh Tr\u1ea1ng: M\u1edbi 90%","og_url":"https:\/\/lotusgolf.vn\/vi\/product\/bo-gay-sat-pxg-0311\/","og_image":[{"width":828,"height":1104,"url":"https:\/\/lotusgolf.vn\/wp-content\/uploads\/2022\/08\/296858095_1384280125394081_7255992363997456052_n.jpg","type":"image\/jpeg"}],"twitter_card":"summary_large_image","schema":{"@context":"https:\/\/schema.org","@graph":[{"@type":"WebSite","@id":"https:\/\/lotusgolf-b23998.ingress-bonde.ewp.live\/#website","url":"https:\/\/lotusgolf-b23998.ingress-bonde.ewp.live\/","name":"","description":"","potentialAction":[{"@type":"SearchAction","target":{"@type":"EntryPoint","urlTemplate":"https:\/\/lotusgolf-b23998.ingress-bonde.ewp.live\/?s={search_term_string}"},"query-input":"required name=search_term_string"}],"inLanguage":"vi"},{"@type":"ImageObject","inLanguage":"vi","@id":"https:\/\/lotusgolf.vn\/product\/bo-gay-sat-pxg-0311\/#primaryimage","url":"https:\/\/lotusgolf.vn\/wp-content\/uploads\/2022\/08\/296858095_1384280125394081_7255992363997456052_n.jpg","contentUrl":"https:\/\/lotusgolf.vn\/wp-content\/uploads\/2022\/08\/296858095_1384280125394081_7255992363997456052_n.jpg","width":828,"height":1104},{"@type":"WebPage","@id":"https:\/\/lotusgolf.vn\/product\/bo-gay-sat-pxg-0311\/#webpage","url":"https:\/\/lotusgolf.vn\/product\/bo-gay-sat-pxg-0311\/","name":"B\u1ed9 g\u1eady s\u1eaft PXG 0311 -","isPartOf":{"@id":"https:\/\/lotusgolf-b23998.ingress-bonde.ewp.live\/#website"},"primaryImageOfPage":{"@id":"https:\/\/lotusgolf.vn\/product\/bo-gay-sat-pxg-0311\/#primaryimage"},"datePublished":"2022-08-11T05:59:49+00:00","dateModified":"2022-08-11T05:59:49+00:00","breadcrumb":{"@id":"https:\/\/lotusgolf.vn\/product\/bo-gay-sat-pxg-0311\/#breadcrumb"},"inLanguage":"vi","potentialAction":[{"@type":"ReadAction","target":["https:\/\/lotusgolf.vn\/product\/bo-gay-sat-pxg-0311\/"]}]},{"@type":"BreadcrumbList","@id":"https:\/\/lotusgolf.vn\/product\/bo-gay-sat-pxg-0311\/#breadcrumb","itemListElement":[{"@type":"ListItem","position":1,"name":"Home","item":"https:\/\/lotusgolf.vn\/"},{"@type":"ListItem","position":2,"name":"Shop","item":"https:\/\/lotusgolf-b23998.ingress-bonde.ewp.live\/shop\/"},{"@type":"ListItem","position":3,"name":"B\u1ed9 g\u1eady s\u1eaft PXG 0311"}]}]}},"_links":{"self":[{"href":"https:\/\/lotusgolf.vn\/vi\/wp-json\/wp\/v2\/product\/1672","targetHints":{"allow":["GET"]}}],"collection":[{"href":"https:\/\/lotusgolf.vn\/vi\/wp-json\/wp\/v2\/product"}],"about":[{"href":"https:\/\/lotusgolf.vn\/vi\/wp-json\/wp\/v2\/types\/product"}],"replies":[{"embeddable":true,"href":"https:\/\/lotusgolf.vn\/vi\/wp-json\/wp\/v2\/comments?post=1672"}],"wp:featuredmedia":[{"embeddable":true,"href":"https:\/\/lotusgolf.vn\/vi\/wp-json\/wp\/v2\/media\/1676"}],"wp:attachment":[{"href":"https:\/\/lotusgolf.vn\/vi\/wp-json\/wp\/v2\/media?parent=1672"}],"wp:term":[{"taxonomy":"product_brand","embeddable":true,"href":"https:\/\/lotusgolf.vn\/vi\/wp-json\/wp\/v2\/product_brand?post=1672"},{"taxonomy":"product_cat","embeddable":true,"href":"https:\/\/lotusgolf.vn\/vi\/wp-json\/wp\/v2\/product_cat?post=1672"},{"taxonomy":"product_tag","embeddable":true,"href":"https:\/\/lotusgolf.vn\/vi\/wp-json\/wp\/v2\/product_tag?post=1672"}],"curies":[{"name":"wp","href":"https:\/\/api.w.org\/{rel}","templated":true}]}}