{"id":1688,"date":"2022-08-16T11:08:17","date_gmt":"2022-08-16T11:08:17","guid":{"rendered":"https:\/\/lotusgolf.vn\/?post_type=product&#038;p=1688"},"modified":"2022-08-16T11:08:17","modified_gmt":"2022-08-16T11:08:17","slug":"gay-putter-taylormade-spider-gt","status":"publish","type":"product","link":"https:\/\/lotusgolf.vn\/vi\/product\/gay-putter-taylormade-spider-gt","title":{"rendered":"G\u1eady Putter TaylorMade Spider GT"},"content":{"rendered":"<div id=\"tab-description\" class=\"woocommerce-Tabs-panel woocommerce-Tabs-panel--description panel entry-content active\" role=\"tabpanel\" aria-labelledby=\"tab-title-description\">\n<div id=\"tab-description\" class=\"woocommerce-Tabs-panel woocommerce-Tabs-panel--description panel entry-content active\" role=\"tabpanel\" aria-labelledby=\"tab-title-description\">\n<div id=\"tab-description\" class=\"woocommerce-Tabs-panel woocommerce-Tabs-panel--description panel entry-content active\" role=\"tabpanel\" aria-labelledby=\"tab-title-description\">\n<div id=\"tab-description\" class=\"woocommerce-Tabs-panel woocommerce-Tabs-panel--description panel entry-content active\" role=\"tabpanel\" aria-labelledby=\"tab-title-description\">\n<div id=\"tab-description\" class=\"woocommerce-Tabs-panel woocommerce-Tabs-panel--description panel entry-content active\" role=\"tabpanel\" aria-labelledby=\"tab-title-description\">\n<div id=\"tab-description\" class=\"woocommerce-Tabs-panel woocommerce-Tabs-panel--description panel entry-content active\" role=\"tabpanel\" aria-labelledby=\"tab-title-description\">\n<p>\u0110\u00e3 c\u00f3 r\u1ea5t nhi\u1ec1u \u0111\u1ed5i m\u1edbi v\u00e0 ph\u00e1t tri\u1ec3n trong d\u00f2ng g\u1eady Putter Spider trong nh\u1eefng n\u0103m qua. Trong \u0111\u00f3 n\u1ed5i b\u1eadt ph\u1ea3i k\u1ec3 t\u1edbi Spider Tour v\u00e0 Spider EX \u0111\u00e3 \u0111\u01b0\u1ee3c x\u00e1c nh\u1eadn b\u1edfi nh\u1eefng ng\u01b0\u1eddi ch\u01a1i nh\u01b0 Rory McIlroy v\u00e0 Dustin Johnson.<\/p>\n<p>Sau khi ph\u00e1t h\u00e0nh th\u00e0nh c\u00f4ng si\u00eau ph\u1ea9m m\u1edbi Stealth v\u00e0o \u0111\u1ea7u n\u0103m 2022, m\u1edbi \u0111\u00e2y TaylorMade l\u1ea1i ti\u1ebfp t\u1ee5c c\u1ea3i ti\u1ebfn d\u00f2ng s\u1ea3n ph\u1ea9m Spider \u0111\u1ec3 cho ra m\u1eaft <a href=\"https:\/\/golfcity.com.vn\/gay-golf-putter\" target=\"_blank\" rel=\"noopener\"><strong>g\u1eady putter<\/strong><\/a> m\u1edbi c\u1ee7a mang t\u00ean Putter Spider GT. Putter TaylorMade Spider GT 2022 mang t\u1edbi 4 t\u00f9y ch\u1ecdn g\u1ed3m: Spider GT, Spider GT Notchback, Spider GT Rollback v\u00e0 Spider GT Splitback. V\u1edbi s\u1ef1 pha tr\u1ed9n nh\u1eefng thi\u1ebft k\u1ebf t\u00e1o b\u1ea1o c\u00f9ng phong c\u00e1ch truy\u1ec1n th\u1ed1ng c\u0169ng nh\u01b0 k\u1ebf th\u1eeba th\u00e0nh c\u00f4ng t\u1eeb m\u1eabu g\u1eady putter Spider Tour, Spider X v\u00e0 Spider ES,\u2026.4 m\u1eabu Spider GT m\u1edbi n\u00e0y \u0111\u01b0\u1ee3c cho l\u00e0 nh\u1eefng m\u1eabu putter g\u00f3c c\u1ea1nh v\u00e0 \u1ed5n \u0111\u1ecbnh nh\u1ea5t m\u00e0 th\u01b0\u01a1ng hi\u1ec7u TaylorMade \u0111\u00e3 s\u1ea3n xu\u1ea5t cho t\u1edbi th\u1eddi \u0111i\u1ec3m hi\u1ec7n t\u1ea1i.<\/p>\n<p>N\u1ed5i b\u1eadt trong s\u1ed1 \u0111\u00f3 ph\u1ea3i k\u1ec3 t\u1edbi phi\u00ean b\u1ea3n Putter TaylorMade Spider GT v\u1edbi thi\u1ebft k\u1ebf c\u00e1nh hi\u1ec7n \u0111\u1ea1i v\u00e0 t\u1ea5m tr\u00ean c\u00f9ng si\u00eau nh\u1eb9. Tr\u1ecdng l\u01b0\u1ee3ng c\u1ee7a g\u1eady c\u0169ng \u0111\u01b0\u1ee3c \u0111\u1ea9y ra t\u1eadn c\u00f9ng c\u1ee7a m\u1eb7t g\u1eady \u0111\u1ec3 c\u00f3 MOI cao h\u01a1n v\u00e0 nhi\u1ec1u h\u01a1n. G\u1eady c\u0169ng cung c\u1ea5p \u0111\u1ea7y \u0111\u1ee7 c\u00e1c phi\u00ean b\u1ea3n d\u00e0nh cho ng\u01b0\u1eddi thu\u1eadn tay tr\u00e1i\/ph\u1ea3i v\u00e0 d\u00e0nh cho n\u1eef v\u1edbi \u0111a d\u1ea1ng t\u00f9y ch\u1ecdn m\u00e0u s\u1eafc, hosel.<\/p>\n<p><b>Th\u00f4ng s\u1ed1 k\u1ef9 thu\u1eadt:<\/b><\/p>\n<ul>\n<li aria-level=\"1\">T\u00ean s\u1ea3n ph\u1ea9m: Putter TaylorMade Spider GT 2022<\/li>\n<li aria-level=\"1\">Th\u01b0\u01a1ng hi\u1ec7u: <a href=\"https:\/\/golfcity.com.vn\/gay-golf-taylormade\" target=\"_blank\" rel=\"noopener\"><strong>G\u1eady golf TaylorMade<\/strong><\/a><\/li>\n<li aria-level=\"1\">Ki\u1ec3u d\u00e1ng putter: Mallet<\/li>\n<li aria-level=\"1\">\u0110\u1ed9 Loft: 3 \u00b0<\/li>\n<li aria-level=\"1\">Lie: 70\u00ba<\/li>\n<li aria-level=\"1\">Toe hang: 21 \u00b0<\/li>\n<li aria-level=\"1\">Chi\u1ec1u d\u00e0i shaft: 33 \u201c, 34\u2033, 35\u201d<\/li>\n<li aria-level=\"1\">Ch\u1ea5t li\u1ec7u: Aluminum 6061, Steel, Vonfram<\/li>\n<li aria-level=\"1\">Shaft: TM Fluted Feel<\/li>\n<li aria-level=\"1\">Hosel: Small Slant\/Single Bend\/ Centre Shafted<\/li>\n<li aria-level=\"1\">Grip: SuperStroke GT 1.0<\/li>\n<li aria-level=\"1\">M\u00e0u s\u1eafc: Black\/ Red\/ Light Blue\/ Gray<\/li>\n<li aria-level=\"1\">Tr\u1ecdng l\u01b0\u1ee3ng \u0111\u1ea7u g\u1eady: 365g, 365g, 350g.<\/li>\n<\/ul>\n<\/div>\n<\/div>\n<\/div>\n<\/div>\n<\/div>\n<\/div>\n","protected":false},"excerpt":{"rendered":"<p>\u0110\u00e3 c\u00f3 r\u1ea5t nhi\u1ec1u \u0111\u1ed5i m\u1edbi v\u00e0 ph\u00e1t tri\u1ec3n trong d\u00f2ng g\u1eady Putter Spider trong nh\u1eefng n\u0103m qua. Trong \u0111\u00f3 n\u1ed5i b\u1eadt ph\u1ea3i k\u1ec3 t\u1edbi Spider Tour v\u00e0 Spider EX \u0111\u00e3 \u0111\u01b0\u1ee3c x\u00e1c nh\u1eadn b\u1edfi nh\u1eefng ng\u01b0\u1eddi ch\u01a1i nh\u01b0 Rory McIlroy v\u00e0 Dustin Johnson. Sau khi ph\u00e1t h\u00e0nh th\u00e0nh c\u00f4ng si\u00eau ph\u1ea9m m\u1edbi Stealth v\u00e0o [&#8230;]\n","protected":false},"featured_media":1692,"comment_status":"open","ping_status":"closed","template":"","meta":[],"product_brand":[],"product_cat":[88],"product_tag":[],"class_list":{"0":"post-1688","1":"product","2":"type-product","3":"status-publish","4":"has-post-thumbnail","6":"product_cat-putter","8":"first","9":"instock","10":"sale","11":"shipping-taxable","12":"purchasable","13":"product-type-simple"},"yoast_head":"<!-- This site is optimized with the Yoast SEO plugin v19.0 - https:\/\/yoast.com\/wordpress\/plugins\/seo\/ -->\n<title>G\u1eady Putter TaylorMade Spider GT -<\/title>\n<meta name=\"robots\" content=\"index, follow, max-snippet:-1, max-image-preview:large, max-video-preview:-1\" \/>\n<link rel=\"canonical\" href=\"https:\/\/lotusgolf.vn\/vi\/product\/gay-putter-taylormade-spider-gt\/\" \/>\n<meta property=\"og:locale\" content=\"vi_VN\" \/>\n<meta property=\"og:type\" content=\"article\" \/>\n<meta property=\"og:title\" content=\"G\u1eady Putter TaylorMade Spider GT -\" \/>\n<meta property=\"og:description\" content=\"\u0110\u00e3 c\u00f3 r\u1ea5t nhi\u1ec1u \u0111\u1ed5i m\u1edbi v\u00e0 ph\u00e1t tri\u1ec3n trong d\u00f2ng g\u1eady Putter Spider trong nh\u1eefng n\u0103m qua. Trong \u0111\u00f3 n\u1ed5i b\u1eadt ph\u1ea3i k\u1ec3 t\u1edbi Spider Tour v\u00e0 Spider EX \u0111\u00e3 \u0111\u01b0\u1ee3c x\u00e1c nh\u1eadn b\u1edfi nh\u1eefng ng\u01b0\u1eddi ch\u01a1i nh\u01b0 Rory McIlroy v\u00e0 Dustin Johnson. Sau khi ph\u00e1t h\u00e0nh th\u00e0nh c\u00f4ng si\u00eau ph\u1ea9m m\u1edbi Stealth v\u00e0o [...]\" \/>\n<meta property=\"og:url\" content=\"https:\/\/lotusgolf.vn\/vi\/product\/gay-putter-taylormade-spider-gt\/\" \/>\n<meta property=\"og:image\" content=\"https:\/\/lotusgolf.vn\/wp-content\/uploads\/2022\/08\/298954457_1042348666466092_6435695080251177066_n.jpg\" \/>\n\t<meta property=\"og:image:width\" content=\"1536\" \/>\n\t<meta property=\"og:image:height\" content=\"2048\" \/>\n\t<meta property=\"og:image:type\" content=\"image\/jpeg\" \/>\n<meta name=\"twitter:card\" content=\"summary_large_image\" \/>\n<meta name=\"twitter:label1\" content=\"\u01af\u1edbc t\u00ednh th\u1eddi gian \u0111\u1ecdc\" \/>\n\t<meta name=\"twitter:data1\" content=\"2 ph\u00fat\" \/>\n<script type=\"application\/ld+json\" class=\"yoast-schema-graph\">{\"@context\":\"https:\/\/schema.org\",\"@graph\":[{\"@type\":\"WebSite\",\"@id\":\"https:\/\/lotusgolf-b23998.ingress-bonde.ewp.live\/#website\",\"url\":\"https:\/\/lotusgolf-b23998.ingress-bonde.ewp.live\/\",\"name\":\"\",\"description\":\"\",\"potentialAction\":[{\"@type\":\"SearchAction\",\"target\":{\"@type\":\"EntryPoint\",\"urlTemplate\":\"https:\/\/lotusgolf-b23998.ingress-bonde.ewp.live\/?s={search_term_string}\"},\"query-input\":\"required name=search_term_string\"}],\"inLanguage\":\"vi\"},{\"@type\":\"ImageObject\",\"inLanguage\":\"vi\",\"@id\":\"https:\/\/lotusgolf.vn\/product\/gay-putter-taylormade-spider-gt\/#primaryimage\",\"url\":\"https:\/\/lotusgolf.vn\/wp-content\/uploads\/2022\/08\/298954457_1042348666466092_6435695080251177066_n.jpg\",\"contentUrl\":\"https:\/\/lotusgolf.vn\/wp-content\/uploads\/2022\/08\/298954457_1042348666466092_6435695080251177066_n.jpg\",\"width\":1536,\"height\":2048},{\"@type\":\"WebPage\",\"@id\":\"https:\/\/lotusgolf.vn\/product\/gay-putter-taylormade-spider-gt\/#webpage\",\"url\":\"https:\/\/lotusgolf.vn\/product\/gay-putter-taylormade-spider-gt\/\",\"name\":\"G\u1eady Putter TaylorMade Spider GT -\",\"isPartOf\":{\"@id\":\"https:\/\/lotusgolf-b23998.ingress-bonde.ewp.live\/#website\"},\"primaryImageOfPage\":{\"@id\":\"https:\/\/lotusgolf.vn\/product\/gay-putter-taylormade-spider-gt\/#primaryimage\"},\"datePublished\":\"2022-08-16T11:08:17+00:00\",\"dateModified\":\"2022-08-16T11:08:17+00:00\",\"breadcrumb\":{\"@id\":\"https:\/\/lotusgolf.vn\/product\/gay-putter-taylormade-spider-gt\/#breadcrumb\"},\"inLanguage\":\"vi\",\"potentialAction\":[{\"@type\":\"ReadAction\",\"target\":[\"https:\/\/lotusgolf.vn\/product\/gay-putter-taylormade-spider-gt\/\"]}]},{\"@type\":\"BreadcrumbList\",\"@id\":\"https:\/\/lotusgolf.vn\/product\/gay-putter-taylormade-spider-gt\/#breadcrumb\",\"itemListElement\":[{\"@type\":\"ListItem\",\"position\":1,\"name\":\"Home\",\"item\":\"https:\/\/lotusgolf.vn\/\"},{\"@type\":\"ListItem\",\"position\":2,\"name\":\"Shop\",\"item\":\"https:\/\/lotusgolf-b23998.ingress-bonde.ewp.live\/shop\/\"},{\"@type\":\"ListItem\",\"position\":3,\"name\":\"G\u1eady Putter TaylorMade Spider GT\"}]}]}<\/script>\n<!-- \/ Yoast SEO plugin. -->","yoast_head_json":{"title":"G\u1eady Putter TaylorMade Spider GT -","robots":{"index":"index","follow":"follow","max-snippet":"max-snippet:-1","max-image-preview":"max-image-preview:large","max-video-preview":"max-video-preview:-1"},"canonical":"https:\/\/lotusgolf.vn\/vi\/product\/gay-putter-taylormade-spider-gt\/","og_locale":"vi_VN","og_type":"article","og_title":"G\u1eady Putter TaylorMade Spider GT -","og_description":"\u0110\u00e3 c\u00f3 r\u1ea5t nhi\u1ec1u \u0111\u1ed5i m\u1edbi v\u00e0 ph\u00e1t tri\u1ec3n trong d\u00f2ng g\u1eady Putter Spider trong nh\u1eefng n\u0103m qua. Trong \u0111\u00f3 n\u1ed5i b\u1eadt ph\u1ea3i k\u1ec3 t\u1edbi Spider Tour v\u00e0 Spider EX \u0111\u00e3 \u0111\u01b0\u1ee3c x\u00e1c nh\u1eadn b\u1edfi nh\u1eefng ng\u01b0\u1eddi ch\u01a1i nh\u01b0 Rory McIlroy v\u00e0 Dustin Johnson. Sau khi ph\u00e1t h\u00e0nh th\u00e0nh c\u00f4ng si\u00eau ph\u1ea9m m\u1edbi Stealth v\u00e0o [...]","og_url":"https:\/\/lotusgolf.vn\/vi\/product\/gay-putter-taylormade-spider-gt\/","og_image":[{"width":1536,"height":2048,"url":"https:\/\/lotusgolf.vn\/wp-content\/uploads\/2022\/08\/298954457_1042348666466092_6435695080251177066_n.jpg","type":"image\/jpeg"}],"twitter_card":"summary_large_image","twitter_misc":{"\u01af\u1edbc t\u00ednh th\u1eddi gian \u0111\u1ecdc":"2 ph\u00fat"},"schema":{"@context":"https:\/\/schema.org","@graph":[{"@type":"WebSite","@id":"https:\/\/lotusgolf-b23998.ingress-bonde.ewp.live\/#website","url":"https:\/\/lotusgolf-b23998.ingress-bonde.ewp.live\/","name":"","description":"","potentialAction":[{"@type":"SearchAction","target":{"@type":"EntryPoint","urlTemplate":"https:\/\/lotusgolf-b23998.ingress-bonde.ewp.live\/?s={search_term_string}"},"query-input":"required name=search_term_string"}],"inLanguage":"vi"},{"@type":"ImageObject","inLanguage":"vi","@id":"https:\/\/lotusgolf.vn\/product\/gay-putter-taylormade-spider-gt\/#primaryimage","url":"https:\/\/lotusgolf.vn\/wp-content\/uploads\/2022\/08\/298954457_1042348666466092_6435695080251177066_n.jpg","contentUrl":"https:\/\/lotusgolf.vn\/wp-content\/uploads\/2022\/08\/298954457_1042348666466092_6435695080251177066_n.jpg","width":1536,"height":2048},{"@type":"WebPage","@id":"https:\/\/lotusgolf.vn\/product\/gay-putter-taylormade-spider-gt\/#webpage","url":"https:\/\/lotusgolf.vn\/product\/gay-putter-taylormade-spider-gt\/","name":"G\u1eady Putter TaylorMade Spider GT -","isPartOf":{"@id":"https:\/\/lotusgolf-b23998.ingress-bonde.ewp.live\/#website"},"primaryImageOfPage":{"@id":"https:\/\/lotusgolf.vn\/product\/gay-putter-taylormade-spider-gt\/#primaryimage"},"datePublished":"2022-08-16T11:08:17+00:00","dateModified":"2022-08-16T11:08:17+00:00","breadcrumb":{"@id":"https:\/\/lotusgolf.vn\/product\/gay-putter-taylormade-spider-gt\/#breadcrumb"},"inLanguage":"vi","potentialAction":[{"@type":"ReadAction","target":["https:\/\/lotusgolf.vn\/product\/gay-putter-taylormade-spider-gt\/"]}]},{"@type":"BreadcrumbList","@id":"https:\/\/lotusgolf.vn\/product\/gay-putter-taylormade-spider-gt\/#breadcrumb","itemListElement":[{"@type":"ListItem","position":1,"name":"Home","item":"https:\/\/lotusgolf.vn\/"},{"@type":"ListItem","position":2,"name":"Shop","item":"https:\/\/lotusgolf-b23998.ingress-bonde.ewp.live\/shop\/"},{"@type":"ListItem","position":3,"name":"G\u1eady Putter TaylorMade Spider GT"}]}]}},"_links":{"self":[{"href":"https:\/\/lotusgolf.vn\/vi\/wp-json\/wp\/v2\/product\/1688","targetHints":{"allow":["GET"]}}],"collection":[{"href":"https:\/\/lotusgolf.vn\/vi\/wp-json\/wp\/v2\/product"}],"about":[{"href":"https:\/\/lotusgolf.vn\/vi\/wp-json\/wp\/v2\/types\/product"}],"replies":[{"embeddable":true,"href":"https:\/\/lotusgolf.vn\/vi\/wp-json\/wp\/v2\/comments?post=1688"}],"wp:featuredmedia":[{"embeddable":true,"href":"https:\/\/lotusgolf.vn\/vi\/wp-json\/wp\/v2\/media\/1692"}],"wp:attachment":[{"href":"https:\/\/lotusgolf.vn\/vi\/wp-json\/wp\/v2\/media?parent=1688"}],"wp:term":[{"taxonomy":"product_brand","embeddable":true,"href":"https:\/\/lotusgolf.vn\/vi\/wp-json\/wp\/v2\/product_brand?post=1688"},{"taxonomy":"product_cat","embeddable":true,"href":"https:\/\/lotusgolf.vn\/vi\/wp-json\/wp\/v2\/product_cat?post=1688"},{"taxonomy":"product_tag","embeddable":true,"href":"https:\/\/lotusgolf.vn\/vi\/wp-json\/wp\/v2\/product_tag?post=1688"}],"curies":[{"name":"wp","href":"https:\/\/api.w.org\/{rel}","templated":true}]}}