{"id":1722,"date":"2022-08-16T11:21:24","date_gmt":"2022-08-16T11:21:24","guid":{"rendered":"https:\/\/lotusgolf.vn\/?post_type=product&#038;p=1722"},"modified":"2022-08-16T11:21:24","modified_gmt":"2022-08-16T11:21:24","slug":"gay-putter-taylormade-spider-ex","status":"publish","type":"product","link":"https:\/\/lotusgolf.vn\/vi\/product\/gay-putter-taylormade-spider-ex","title":{"rendered":"G\u1eady Putter Taylormade Spider EX"},"content":{"rendered":"<p><strong><a title=\"DM - G\u1eady Putter\" href=\"https:\/\/golfgroup.com.vn\/gay-golf-putter\" data-internallinksmanager029f6b8e52c=\"12\">G\u1eady putter<\/a> Taylormade Spider X v\u1edbi nh\u1eefng \u0111\u01b0\u1eddng n\u00e9t thi\u1ebft k\u1ebf tinh x\u1ea3o c\u00f3 kh\u1ea3 n\u0103ng mang t\u1edbi c\u1ea3m gi\u00e1c b\u00f3ng ch\u1eafc ch\u1eafn h\u01a1n khi \u0111\u00e1nh b\u00f3ng. \u0110\u1eb7c bi\u1ec7t nh\u1edd l\u1ed1i thi\u1ebft k\u1ebf gi\u1ea3m tr\u1ecdng l\u01b0\u1ee3ng g\u1eady c\u0169ng gi\u00fap t\u0103ng hi\u1ec7u qu\u1ea3 trong t\u1eebng c\u00fa ph\u00e1t b\u00f3ng. Ngo\u00e0i ra, c\u00f4ng ngh\u1ec7 Pure Roll \u0111\u1ed9c quy\u1ec1n tr\u00ean putter Taylormade Spider X\u00a0 c\u0169ng cho c\u00fa \u0111\u00e1nh m\u1ea1nh m\u1ebd h\u01a1n.<\/strong><\/p>\n<h3><strong>Th\u00f4ng tin v\u1ec1 s\u1ea3n ph\u1ea9m<\/strong><\/h3>\n<div><a title=\"G\u1eady golf Putter ch\u00ednh h\u00e3ng gi\u00e1 t\u1ed1t\" href=\"https:\/\/golfgroup.com.vn\/gay-golf-putter\">G\u1eady putter\u00a0<\/a>Taylormade Spider X\u00a0 l\u00e0 d\u00f2ng g\u1eady m\u1edbi nh\u1ea5t c\u1ee7a Taylormade. S\u1ea3n ph\u1ea9m \u0111\u01b0\u1ee3c thi\u1ebft k\u1ebf \u01b0u Vi\u1ec7t h\u01a1n, mang t\u1edbi cho ng\u01b0\u1eddi ch\u01a1i phong c\u00e1ch m\u1edbi c\u00f9ng s\u1ef1 \u1ed5n \u0111\u1ecbnh v\u00e0 kh\u1ea3 n\u0103ng \u0111\u1ecbnh h\u01b0\u1edbng \u0111\u01b0\u1eddng b\u00f3ng t\u1ed1t h\u01a1n. C\u00e2y putter Taylormade Spider X s\u1edf h\u1eefu nh\u1eefng th\u00f4ng s\u1ed1 c\u01a1 b\u1ea3n g\u1ed3m:<\/div>\n<ul>\n<li>M\u00e0u s\u1eafc: \u0110en\/ tr\u1eafng\/ xanh<\/li>\n<li>Lo\u1ea1i g\u1eady: Putters<\/li>\n<li>G\u00f3c nghi\u00eang: 70 \u0111\u1ed9<\/li>\n<li>Lo\u1ea1i c\u00e1n: Lamkin SINK \u0111\u1ed9c quy\u1ec1n c\u1ee7a h\u00e3ng.<\/li>\n<li>D\u00f9ng cho ng\u01b0\u1eddi thu\u1eadn tay ph\u1ea3i<\/li>\n<li>Th\u01b0\u01a1ng hi\u1ec7u:\u00a0 <a title=\"DM - G\u1eady taylormade\" href=\"https:\/\/golfgroup.com.vn\/gay-golf-taylormade\" data-internallinksmanager029f6b8e52c=\"32\">g\u1eady golf Taylormade<\/a><\/li>\n<li>Kh\u1ed1i l\u01b0\u1ee3ng: t\u01b0\u01a1ng \u0111\u1ed1i nh\u1eb9 v\u1edbi ph\u1ea7n \u0111\u1ea7u n\u1eb7ng 355g.<\/li>\n<li>M\u1edbi 100%<\/li>\n<\/ul>\n","protected":false},"excerpt":{"rendered":"<p>G\u1eady putter Taylormade Spider X v\u1edbi nh\u1eefng \u0111\u01b0\u1eddng n\u00e9t thi\u1ebft k\u1ebf tinh x\u1ea3o c\u00f3 kh\u1ea3 n\u0103ng mang t\u1edbi c\u1ea3m gi\u00e1c b\u00f3ng ch\u1eafc ch\u1eafn h\u01a1n khi \u0111\u00e1nh b\u00f3ng. \u0110\u1eb7c bi\u1ec7t nh\u1edd l\u1ed1i thi\u1ebft k\u1ebf gi\u1ea3m tr\u1ecdng l\u01b0\u1ee3ng g\u1eady c\u0169ng gi\u00fap t\u0103ng hi\u1ec7u qu\u1ea3 trong t\u1eebng c\u00fa ph\u00e1t b\u00f3ng. Ngo\u00e0i ra, c\u00f4ng ngh\u1ec7 Pure Roll \u0111\u1ed9c quy\u1ec1n [&#8230;]\n","protected":false},"featured_media":1726,"comment_status":"open","ping_status":"closed","template":"","meta":[],"product_brand":[],"product_cat":[88],"product_tag":[],"class_list":{"0":"post-1722","1":"product","2":"type-product","3":"status-publish","4":"has-post-thumbnail","6":"product_cat-putter","8":"first","9":"instock","10":"shipping-taxable","11":"product-type-simple"},"yoast_head":"<!-- This site is optimized with the Yoast SEO plugin v19.0 - https:\/\/yoast.com\/wordpress\/plugins\/seo\/ -->\n<title>G\u1eady Putter Taylormade Spider EX -<\/title>\n<meta name=\"robots\" content=\"index, follow, max-snippet:-1, max-image-preview:large, max-video-preview:-1\" \/>\n<link rel=\"canonical\" href=\"https:\/\/lotusgolf.vn\/vi\/product\/gay-putter-taylormade-spider-ex\/\" \/>\n<meta property=\"og:locale\" content=\"vi_VN\" \/>\n<meta property=\"og:type\" content=\"article\" \/>\n<meta property=\"og:title\" content=\"G\u1eady Putter Taylormade Spider EX -\" \/>\n<meta property=\"og:description\" content=\"G\u1eady putter Taylormade Spider X v\u1edbi nh\u1eefng \u0111\u01b0\u1eddng n\u00e9t thi\u1ebft k\u1ebf tinh x\u1ea3o c\u00f3 kh\u1ea3 n\u0103ng mang t\u1edbi c\u1ea3m gi\u00e1c b\u00f3ng ch\u1eafc ch\u1eafn h\u01a1n khi \u0111\u00e1nh b\u00f3ng. \u0110\u1eb7c bi\u1ec7t nh\u1edd l\u1ed1i thi\u1ebft k\u1ebf gi\u1ea3m tr\u1ecdng l\u01b0\u1ee3ng g\u1eady c\u0169ng gi\u00fap t\u0103ng hi\u1ec7u qu\u1ea3 trong t\u1eebng c\u00fa ph\u00e1t b\u00f3ng. Ngo\u00e0i ra, c\u00f4ng ngh\u1ec7 Pure Roll \u0111\u1ed9c quy\u1ec1n [...]\" \/>\n<meta property=\"og:url\" content=\"https:\/\/lotusgolf.vn\/vi\/product\/gay-putter-taylormade-spider-ex\/\" \/>\n<meta property=\"og:image\" content=\"https:\/\/lotusgolf.vn\/wp-content\/uploads\/2022\/08\/298998067_780198239992211_68573885824262025_n.jpg\" \/>\n\t<meta property=\"og:image:width\" content=\"1536\" \/>\n\t<meta property=\"og:image:height\" content=\"2048\" \/>\n\t<meta property=\"og:image:type\" content=\"image\/jpeg\" \/>\n<meta name=\"twitter:card\" content=\"summary_large_image\" \/>\n<meta name=\"twitter:label1\" content=\"\u01af\u1edbc t\u00ednh th\u1eddi gian \u0111\u1ecdc\" \/>\n\t<meta name=\"twitter:data1\" content=\"1 ph\u00fat\" \/>\n<script type=\"application\/ld+json\" class=\"yoast-schema-graph\">{\"@context\":\"https:\/\/schema.org\",\"@graph\":[{\"@type\":\"WebSite\",\"@id\":\"https:\/\/lotusgolf-b23998.ingress-bonde.ewp.live\/#website\",\"url\":\"https:\/\/lotusgolf-b23998.ingress-bonde.ewp.live\/\",\"name\":\"\",\"description\":\"\",\"potentialAction\":[{\"@type\":\"SearchAction\",\"target\":{\"@type\":\"EntryPoint\",\"urlTemplate\":\"https:\/\/lotusgolf-b23998.ingress-bonde.ewp.live\/?s={search_term_string}\"},\"query-input\":\"required name=search_term_string\"}],\"inLanguage\":\"vi\"},{\"@type\":\"ImageObject\",\"inLanguage\":\"vi\",\"@id\":\"https:\/\/lotusgolf.vn\/product\/gay-putter-taylormade-spider-ex\/#primaryimage\",\"url\":\"https:\/\/lotusgolf.vn\/wp-content\/uploads\/2022\/08\/298998067_780198239992211_68573885824262025_n.jpg\",\"contentUrl\":\"https:\/\/lotusgolf.vn\/wp-content\/uploads\/2022\/08\/298998067_780198239992211_68573885824262025_n.jpg\",\"width\":1536,\"height\":2048},{\"@type\":\"WebPage\",\"@id\":\"https:\/\/lotusgolf.vn\/product\/gay-putter-taylormade-spider-ex\/#webpage\",\"url\":\"https:\/\/lotusgolf.vn\/product\/gay-putter-taylormade-spider-ex\/\",\"name\":\"G\u1eady Putter Taylormade Spider EX -\",\"isPartOf\":{\"@id\":\"https:\/\/lotusgolf-b23998.ingress-bonde.ewp.live\/#website\"},\"primaryImageOfPage\":{\"@id\":\"https:\/\/lotusgolf.vn\/product\/gay-putter-taylormade-spider-ex\/#primaryimage\"},\"datePublished\":\"2022-08-16T11:21:24+00:00\",\"dateModified\":\"2022-08-16T11:21:24+00:00\",\"breadcrumb\":{\"@id\":\"https:\/\/lotusgolf.vn\/product\/gay-putter-taylormade-spider-ex\/#breadcrumb\"},\"inLanguage\":\"vi\",\"potentialAction\":[{\"@type\":\"ReadAction\",\"target\":[\"https:\/\/lotusgolf.vn\/product\/gay-putter-taylormade-spider-ex\/\"]}]},{\"@type\":\"BreadcrumbList\",\"@id\":\"https:\/\/lotusgolf.vn\/product\/gay-putter-taylormade-spider-ex\/#breadcrumb\",\"itemListElement\":[{\"@type\":\"ListItem\",\"position\":1,\"name\":\"Home\",\"item\":\"https:\/\/lotusgolf.vn\/\"},{\"@type\":\"ListItem\",\"position\":2,\"name\":\"Shop\",\"item\":\"https:\/\/lotusgolf-b23998.ingress-bonde.ewp.live\/shop\/\"},{\"@type\":\"ListItem\",\"position\":3,\"name\":\"G\u1eady Putter Taylormade Spider EX\"}]}]}<\/script>\n<!-- \/ Yoast SEO plugin. -->","yoast_head_json":{"title":"G\u1eady Putter Taylormade Spider EX -","robots":{"index":"index","follow":"follow","max-snippet":"max-snippet:-1","max-image-preview":"max-image-preview:large","max-video-preview":"max-video-preview:-1"},"canonical":"https:\/\/lotusgolf.vn\/vi\/product\/gay-putter-taylormade-spider-ex\/","og_locale":"vi_VN","og_type":"article","og_title":"G\u1eady Putter Taylormade Spider EX -","og_description":"G\u1eady putter Taylormade Spider X v\u1edbi nh\u1eefng \u0111\u01b0\u1eddng n\u00e9t thi\u1ebft k\u1ebf tinh x\u1ea3o c\u00f3 kh\u1ea3 n\u0103ng mang t\u1edbi c\u1ea3m gi\u00e1c b\u00f3ng ch\u1eafc ch\u1eafn h\u01a1n khi \u0111\u00e1nh b\u00f3ng. \u0110\u1eb7c bi\u1ec7t nh\u1edd l\u1ed1i thi\u1ebft k\u1ebf gi\u1ea3m tr\u1ecdng l\u01b0\u1ee3ng g\u1eady c\u0169ng gi\u00fap t\u0103ng hi\u1ec7u qu\u1ea3 trong t\u1eebng c\u00fa ph\u00e1t b\u00f3ng. Ngo\u00e0i ra, c\u00f4ng ngh\u1ec7 Pure Roll \u0111\u1ed9c quy\u1ec1n [...]","og_url":"https:\/\/lotusgolf.vn\/vi\/product\/gay-putter-taylormade-spider-ex\/","og_image":[{"width":1536,"height":2048,"url":"https:\/\/lotusgolf.vn\/wp-content\/uploads\/2022\/08\/298998067_780198239992211_68573885824262025_n.jpg","type":"image\/jpeg"}],"twitter_card":"summary_large_image","twitter_misc":{"\u01af\u1edbc t\u00ednh th\u1eddi gian \u0111\u1ecdc":"1 ph\u00fat"},"schema":{"@context":"https:\/\/schema.org","@graph":[{"@type":"WebSite","@id":"https:\/\/lotusgolf-b23998.ingress-bonde.ewp.live\/#website","url":"https:\/\/lotusgolf-b23998.ingress-bonde.ewp.live\/","name":"","description":"","potentialAction":[{"@type":"SearchAction","target":{"@type":"EntryPoint","urlTemplate":"https:\/\/lotusgolf-b23998.ingress-bonde.ewp.live\/?s={search_term_string}"},"query-input":"required name=search_term_string"}],"inLanguage":"vi"},{"@type":"ImageObject","inLanguage":"vi","@id":"https:\/\/lotusgolf.vn\/product\/gay-putter-taylormade-spider-ex\/#primaryimage","url":"https:\/\/lotusgolf.vn\/wp-content\/uploads\/2022\/08\/298998067_780198239992211_68573885824262025_n.jpg","contentUrl":"https:\/\/lotusgolf.vn\/wp-content\/uploads\/2022\/08\/298998067_780198239992211_68573885824262025_n.jpg","width":1536,"height":2048},{"@type":"WebPage","@id":"https:\/\/lotusgolf.vn\/product\/gay-putter-taylormade-spider-ex\/#webpage","url":"https:\/\/lotusgolf.vn\/product\/gay-putter-taylormade-spider-ex\/","name":"G\u1eady Putter Taylormade Spider EX -","isPartOf":{"@id":"https:\/\/lotusgolf-b23998.ingress-bonde.ewp.live\/#website"},"primaryImageOfPage":{"@id":"https:\/\/lotusgolf.vn\/product\/gay-putter-taylormade-spider-ex\/#primaryimage"},"datePublished":"2022-08-16T11:21:24+00:00","dateModified":"2022-08-16T11:21:24+00:00","breadcrumb":{"@id":"https:\/\/lotusgolf.vn\/product\/gay-putter-taylormade-spider-ex\/#breadcrumb"},"inLanguage":"vi","potentialAction":[{"@type":"ReadAction","target":["https:\/\/lotusgolf.vn\/product\/gay-putter-taylormade-spider-ex\/"]}]},{"@type":"BreadcrumbList","@id":"https:\/\/lotusgolf.vn\/product\/gay-putter-taylormade-spider-ex\/#breadcrumb","itemListElement":[{"@type":"ListItem","position":1,"name":"Home","item":"https:\/\/lotusgolf.vn\/"},{"@type":"ListItem","position":2,"name":"Shop","item":"https:\/\/lotusgolf-b23998.ingress-bonde.ewp.live\/shop\/"},{"@type":"ListItem","position":3,"name":"G\u1eady Putter Taylormade Spider EX"}]}]}},"_links":{"self":[{"href":"https:\/\/lotusgolf.vn\/vi\/wp-json\/wp\/v2\/product\/1722","targetHints":{"allow":["GET"]}}],"collection":[{"href":"https:\/\/lotusgolf.vn\/vi\/wp-json\/wp\/v2\/product"}],"about":[{"href":"https:\/\/lotusgolf.vn\/vi\/wp-json\/wp\/v2\/types\/product"}],"replies":[{"embeddable":true,"href":"https:\/\/lotusgolf.vn\/vi\/wp-json\/wp\/v2\/comments?post=1722"}],"wp:featuredmedia":[{"embeddable":true,"href":"https:\/\/lotusgolf.vn\/vi\/wp-json\/wp\/v2\/media\/1726"}],"wp:attachment":[{"href":"https:\/\/lotusgolf.vn\/vi\/wp-json\/wp\/v2\/media?parent=1722"}],"wp:term":[{"taxonomy":"product_brand","embeddable":true,"href":"https:\/\/lotusgolf.vn\/vi\/wp-json\/wp\/v2\/product_brand?post=1722"},{"taxonomy":"product_cat","embeddable":true,"href":"https:\/\/lotusgolf.vn\/vi\/wp-json\/wp\/v2\/product_cat?post=1722"},{"taxonomy":"product_tag","embeddable":true,"href":"https:\/\/lotusgolf.vn\/vi\/wp-json\/wp\/v2\/product_tag?post=1722"}],"curies":[{"name":"wp","href":"https:\/\/api.w.org\/{rel}","templated":true}]}}