{"id":1910,"date":"2022-09-17T19:06:56","date_gmt":"2022-09-17T19:06:56","guid":{"rendered":"https:\/\/lotusgolf.vn\/?post_type=product&#038;p=1910"},"modified":"2022-09-17T19:10:20","modified_gmt":"2022-09-17T19:10:20","slug":"set-gay-ping-g400-g700","status":"publish","type":"product","link":"https:\/\/lotusgolf.vn\/vi\/product\/set-gay-ping-g400-g700","title":{"rendered":"Set g\u1eady Ping G400-G700"},"content":{"rendered":"<div id=\"tab-description\" class=\"woocommerce-Tabs-panel woocommerce-Tabs-panel--description panel entry-content active\" role=\"tabpanel\" aria-labelledby=\"tab-title-description\">\n<div id=\"tab-description\" class=\"woocommerce-Tabs-panel woocommerce-Tabs-panel--description panel entry-content active\" role=\"tabpanel\" aria-labelledby=\"tab-title-description\">\n<div id=\"tab-description\" class=\"woocommerce-Tabs-panel woocommerce-Tabs-panel--description panel entry-content active\" role=\"tabpanel\" aria-labelledby=\"tab-title-description\">\n<div id=\"tab-description\" class=\"woocommerce-Tabs-panel woocommerce-Tabs-panel--description panel entry-content active\" role=\"tabpanel\" aria-labelledby=\"tab-title-description\">\n<div id=\"tab-description\" class=\"woocommerce-Tabs-panel woocommerce-Tabs-panel--description panel entry-content active\" role=\"tabpanel\" aria-labelledby=\"tab-title-description\">\n<div id=\"tab-description\" class=\"woocommerce-Tabs-panel woocommerce-Tabs-panel--description panel entry-content active\" role=\"tabpanel\" aria-labelledby=\"tab-title-description\">\n<div id=\"tab-description\" class=\"woocommerce-Tabs-panel woocommerce-Tabs-panel--description panel entry-content active\" role=\"tabpanel\" aria-labelledby=\"tab-title-description\">\n<div id=\"tab-description\" class=\"woocommerce-Tabs-panel woocommerce-Tabs-panel--description panel entry-content active\" role=\"tabpanel\" aria-labelledby=\"tab-title-description\">\n<p>\u26f3set g\u1eady Ping G400-G700 g\u1ed3m 12 g\u1eady<\/p>\n<p>\u2714\ufe0fDriver G400 S<\/p>\n<p>\u2714\ufe0fG\u1ed7 3 S- G\u1ed7 5 SR<\/p>\n<p>\u2714\ufe0fRescue 4 G410 S<\/p>\n<p>\u2714\ufe0fB\u1ed9 s\u1eaft 7 g\u1eady 6.7.8.9.w.u c\u00e1n S<\/p>\n<p>\u2714\ufe0fPutt Tom cat<\/p>\n<p>Ch\u00ednh h\u00e3ng, nguy\u00ean b\u1ea3n<\/p>\n<p>&#8212;&#8212;&#8212;&#8212;&#8212;&#8212;&#8212;&#8212;&#8212;&#8212;&#8212;<\/p>\n<\/div>\n<\/div>\n<\/div>\n<\/div>\n<\/div>\n<\/div>\n<\/div>\n<\/div>\n","protected":false},"excerpt":{"rendered":"<p>\u26f3set g\u1eady Ping G400-G700 g\u1ed3m 12 g\u1eady \u2714\ufe0fDriver G400 S \u2714\ufe0fG\u1ed7 3 S- G\u1ed7 5 SR \u2714\ufe0fRescue 4 G410 S \u2714\ufe0fB\u1ed9 s\u1eaft 7 g\u1eady 6.7.8.9.w.u c\u00e1n S \u2714\ufe0fPutt Tom cat Ch\u00ednh h\u00e3ng, nguy\u00ean b\u1ea3n &#8212;&#8212;&#8212;&#8212;&#8212;&#8212;&#8212;&#8212;&#8212;&#8212;&#8212;<\/p>\n","protected":false},"featured_media":1917,"comment_status":"open","ping_status":"closed","template":"","meta":[],"product_brand":[],"product_cat":[91],"product_tag":[],"class_list":{"0":"post-1910","1":"product","2":"type-product","3":"status-publish","4":"has-post-thumbnail","6":"product_cat-fullset","8":"first","9":"instock","10":"shipping-taxable","11":"product-type-simple"},"yoast_head":"<!-- This site is optimized with the Yoast SEO plugin v19.0 - https:\/\/yoast.com\/wordpress\/plugins\/seo\/ -->\n<title>Set g\u1eady Ping G400-G700 -<\/title>\n<meta name=\"robots\" content=\"index, follow, max-snippet:-1, max-image-preview:large, max-video-preview:-1\" \/>\n<link rel=\"canonical\" href=\"https:\/\/lotusgolf.vn\/vi\/product\/set-gay-ping-g400-g700\/\" \/>\n<meta property=\"og:locale\" content=\"vi_VN\" \/>\n<meta property=\"og:type\" content=\"article\" \/>\n<meta property=\"og:title\" content=\"Set g\u1eady Ping G400-G700 -\" \/>\n<meta property=\"og:description\" content=\"\u26f3set g\u1eady Ping G400-G700 g\u1ed3m 12 g\u1eady \u2714\ufe0fDriver G400 S \u2714\ufe0fG\u1ed7 3 S- G\u1ed7 5 SR \u2714\ufe0fRescue 4 G410 S \u2714\ufe0fB\u1ed9 s\u1eaft 7 g\u1eady 6.7.8.9.w.u c\u00e1n S \u2714\ufe0fPutt Tom cat Ch\u00ednh h\u00e3ng, nguy\u00ean b\u1ea3n &#8212;&#8212;&#8212;&#8212;&#8212;&#8212;&#8212;&#8212;&#8212;&#8212;&#8212;\" \/>\n<meta property=\"og:url\" content=\"https:\/\/lotusgolf.vn\/vi\/product\/set-gay-ping-g400-g700\/\" \/>\n<meta property=\"article:modified_time\" content=\"2022-09-17T19:10:20+00:00\" \/>\n<meta property=\"og:image\" content=\"https:\/\/lotusgolf.vn\/wp-content\/uploads\/2022\/09\/16.png\" \/>\n\t<meta property=\"og:image:width\" content=\"956\" \/>\n\t<meta property=\"og:image:height\" content=\"1276\" \/>\n\t<meta property=\"og:image:type\" content=\"image\/png\" \/>\n<meta name=\"twitter:card\" content=\"summary_large_image\" \/>\n<meta name=\"twitter:label1\" content=\"\u01af\u1edbc t\u00ednh th\u1eddi gian \u0111\u1ecdc\" \/>\n\t<meta name=\"twitter:data1\" content=\"1 ph\u00fat\" \/>\n<script type=\"application\/ld+json\" class=\"yoast-schema-graph\">{\"@context\":\"https:\/\/schema.org\",\"@graph\":[{\"@type\":\"WebSite\",\"@id\":\"https:\/\/lotusgolf-b23998.ingress-bonde.ewp.live\/#website\",\"url\":\"https:\/\/lotusgolf-b23998.ingress-bonde.ewp.live\/\",\"name\":\"\",\"description\":\"\",\"potentialAction\":[{\"@type\":\"SearchAction\",\"target\":{\"@type\":\"EntryPoint\",\"urlTemplate\":\"https:\/\/lotusgolf-b23998.ingress-bonde.ewp.live\/?s={search_term_string}\"},\"query-input\":\"required name=search_term_string\"}],\"inLanguage\":\"vi\"},{\"@type\":\"ImageObject\",\"inLanguage\":\"vi\",\"@id\":\"https:\/\/lotusgolf.vn\/product\/set-gay-ping-g400-g700\/#primaryimage\",\"url\":\"https:\/\/lotusgolf.vn\/wp-content\/uploads\/2022\/09\/16.png\",\"contentUrl\":\"https:\/\/lotusgolf.vn\/wp-content\/uploads\/2022\/09\/16.png\",\"width\":956,\"height\":1276},{\"@type\":\"WebPage\",\"@id\":\"https:\/\/lotusgolf.vn\/product\/set-gay-ping-g400-g700\/#webpage\",\"url\":\"https:\/\/lotusgolf.vn\/product\/set-gay-ping-g400-g700\/\",\"name\":\"Set g\u1eady Ping G400-G700 -\",\"isPartOf\":{\"@id\":\"https:\/\/lotusgolf-b23998.ingress-bonde.ewp.live\/#website\"},\"primaryImageOfPage\":{\"@id\":\"https:\/\/lotusgolf.vn\/product\/set-gay-ping-g400-g700\/#primaryimage\"},\"datePublished\":\"2022-09-17T19:06:56+00:00\",\"dateModified\":\"2022-09-17T19:10:20+00:00\",\"breadcrumb\":{\"@id\":\"https:\/\/lotusgolf.vn\/product\/set-gay-ping-g400-g700\/#breadcrumb\"},\"inLanguage\":\"vi\",\"potentialAction\":[{\"@type\":\"ReadAction\",\"target\":[\"https:\/\/lotusgolf.vn\/product\/set-gay-ping-g400-g700\/\"]}]},{\"@type\":\"BreadcrumbList\",\"@id\":\"https:\/\/lotusgolf.vn\/product\/set-gay-ping-g400-g700\/#breadcrumb\",\"itemListElement\":[{\"@type\":\"ListItem\",\"position\":1,\"name\":\"Home\",\"item\":\"https:\/\/lotusgolf.vn\/\"},{\"@type\":\"ListItem\",\"position\":2,\"name\":\"Shop\",\"item\":\"https:\/\/lotusgolf-b23998.ingress-bonde.ewp.live\/shop\/\"},{\"@type\":\"ListItem\",\"position\":3,\"name\":\"Set g\u1eady Ping G400-G700\"}]}]}<\/script>\n<!-- \/ Yoast SEO plugin. -->","yoast_head_json":{"title":"Set g\u1eady Ping G400-G700 -","robots":{"index":"index","follow":"follow","max-snippet":"max-snippet:-1","max-image-preview":"max-image-preview:large","max-video-preview":"max-video-preview:-1"},"canonical":"https:\/\/lotusgolf.vn\/vi\/product\/set-gay-ping-g400-g700\/","og_locale":"vi_VN","og_type":"article","og_title":"Set g\u1eady Ping G400-G700 -","og_description":"\u26f3set g\u1eady Ping G400-G700 g\u1ed3m 12 g\u1eady \u2714\ufe0fDriver G400 S \u2714\ufe0fG\u1ed7 3 S- G\u1ed7 5 SR \u2714\ufe0fRescue 4 G410 S \u2714\ufe0fB\u1ed9 s\u1eaft 7 g\u1eady 6.7.8.9.w.u c\u00e1n S \u2714\ufe0fPutt Tom cat Ch\u00ednh h\u00e3ng, nguy\u00ean b\u1ea3n &#8212;&#8212;&#8212;&#8212;&#8212;&#8212;&#8212;&#8212;&#8212;&#8212;&#8212;","og_url":"https:\/\/lotusgolf.vn\/vi\/product\/set-gay-ping-g400-g700\/","article_modified_time":"2022-09-17T19:10:20+00:00","og_image":[{"width":956,"height":1276,"url":"https:\/\/lotusgolf.vn\/wp-content\/uploads\/2022\/09\/16.png","type":"image\/png"}],"twitter_card":"summary_large_image","twitter_misc":{"\u01af\u1edbc t\u00ednh th\u1eddi gian \u0111\u1ecdc":"1 ph\u00fat"},"schema":{"@context":"https:\/\/schema.org","@graph":[{"@type":"WebSite","@id":"https:\/\/lotusgolf-b23998.ingress-bonde.ewp.live\/#website","url":"https:\/\/lotusgolf-b23998.ingress-bonde.ewp.live\/","name":"","description":"","potentialAction":[{"@type":"SearchAction","target":{"@type":"EntryPoint","urlTemplate":"https:\/\/lotusgolf-b23998.ingress-bonde.ewp.live\/?s={search_term_string}"},"query-input":"required name=search_term_string"}],"inLanguage":"vi"},{"@type":"ImageObject","inLanguage":"vi","@id":"https:\/\/lotusgolf.vn\/product\/set-gay-ping-g400-g700\/#primaryimage","url":"https:\/\/lotusgolf.vn\/wp-content\/uploads\/2022\/09\/16.png","contentUrl":"https:\/\/lotusgolf.vn\/wp-content\/uploads\/2022\/09\/16.png","width":956,"height":1276},{"@type":"WebPage","@id":"https:\/\/lotusgolf.vn\/product\/set-gay-ping-g400-g700\/#webpage","url":"https:\/\/lotusgolf.vn\/product\/set-gay-ping-g400-g700\/","name":"Set g\u1eady Ping G400-G700 -","isPartOf":{"@id":"https:\/\/lotusgolf-b23998.ingress-bonde.ewp.live\/#website"},"primaryImageOfPage":{"@id":"https:\/\/lotusgolf.vn\/product\/set-gay-ping-g400-g700\/#primaryimage"},"datePublished":"2022-09-17T19:06:56+00:00","dateModified":"2022-09-17T19:10:20+00:00","breadcrumb":{"@id":"https:\/\/lotusgolf.vn\/product\/set-gay-ping-g400-g700\/#breadcrumb"},"inLanguage":"vi","potentialAction":[{"@type":"ReadAction","target":["https:\/\/lotusgolf.vn\/product\/set-gay-ping-g400-g700\/"]}]},{"@type":"BreadcrumbList","@id":"https:\/\/lotusgolf.vn\/product\/set-gay-ping-g400-g700\/#breadcrumb","itemListElement":[{"@type":"ListItem","position":1,"name":"Home","item":"https:\/\/lotusgolf.vn\/"},{"@type":"ListItem","position":2,"name":"Shop","item":"https:\/\/lotusgolf-b23998.ingress-bonde.ewp.live\/shop\/"},{"@type":"ListItem","position":3,"name":"Set g\u1eady Ping G400-G700"}]}]}},"_links":{"self":[{"href":"https:\/\/lotusgolf.vn\/vi\/wp-json\/wp\/v2\/product\/1910","targetHints":{"allow":["GET"]}}],"collection":[{"href":"https:\/\/lotusgolf.vn\/vi\/wp-json\/wp\/v2\/product"}],"about":[{"href":"https:\/\/lotusgolf.vn\/vi\/wp-json\/wp\/v2\/types\/product"}],"replies":[{"embeddable":true,"href":"https:\/\/lotusgolf.vn\/vi\/wp-json\/wp\/v2\/comments?post=1910"}],"wp:featuredmedia":[{"embeddable":true,"href":"https:\/\/lotusgolf.vn\/vi\/wp-json\/wp\/v2\/media\/1917"}],"wp:attachment":[{"href":"https:\/\/lotusgolf.vn\/vi\/wp-json\/wp\/v2\/media?parent=1910"}],"wp:term":[{"taxonomy":"product_brand","embeddable":true,"href":"https:\/\/lotusgolf.vn\/vi\/wp-json\/wp\/v2\/product_brand?post=1910"},{"taxonomy":"product_cat","embeddable":true,"href":"https:\/\/lotusgolf.vn\/vi\/wp-json\/wp\/v2\/product_cat?post=1910"},{"taxonomy":"product_tag","embeddable":true,"href":"https:\/\/lotusgolf.vn\/vi\/wp-json\/wp\/v2\/product_tag?post=1910"}],"curies":[{"name":"wp","href":"https:\/\/api.w.org\/{rel}","templated":true}]}}