{"id":2207,"date":"2022-10-14T08:08:45","date_gmt":"2022-10-14T08:08:45","guid":{"rendered":"https:\/\/lotusgolf.vn\/?post_type=product&#038;p=2207"},"modified":"2022-10-14T08:08:45","modified_gmt":"2022-10-14T08:08:45","slug":"gay-golf-driver-taylormade-stealth","status":"publish","type":"product","link":"https:\/\/lotusgolf.vn\/vi\/product\/gay-golf-driver-taylormade-stealth","title":{"rendered":"G\u1eady golf driver TaylorMade Stealth"},"content":{"rendered":"<div id=\"description\" class=\"data item content\" aria-labelledby=\"tab-label-description-title\">\n<div class=\"product attribute description\">\n<div class=\"value\">\n<p>D\u00f2ng g\u1eady\u00a0STEATH m\u1edbi, v\u1edbi c\u00f4ng ngh\u1ec7 Carbon 60X \u0111\u00e1nh d\u1ea5u s\u1ef1 k\u1ebft th\u00fac c\u1ee7a 20 n\u0103m k\u1ef7 nguy\u00ean Titanium.<\/p>\n<div>M\u1eb7t g\u1eady Twist face ho\u00e0n to\u00e0n m\u1edbi n\u00e0y cho trong l\u01b0\u1ee3ng nh\u1eb9\u00a0h\u01a1n 44% so v\u1edbi Titanium. C\u1ea5u t\u1ea1o t\u1eeb 60 l\u1edbp s\u1ee3i carbon ch\u1ed3ng l\u00ean nhau mang t\u00ednh chi\u1ebfn l\u01b0\u1ee3c, nh\u1eb1m t\u1ed1i \u01b0u vi\u1ec7c d\u1ecbch chuy\u1ec3n n\u0103ng l\u01b0\u1ee3ng, mang l\u1ea1i t\u1ed1c \u0111\u1ed9 b\u00f3ng nhanh h\u01a1n qua nh\u1eefng khu v\u1ef1c r\u1ed9ng l\u1edbn, \u0111em \u0111\u1ebfn kho\u1ea3ng c\u00e1ch v\u00e0 \u0111\u1ed9 \u1ed5n \u0111\u1ecbnh t\u1ed1t nh\u1ea5t.<\/div>\n<h2>\u0110\u1eb7c \u0111i\u1ec3m<\/h2>\n<ul>\n<li>60X CARBON TWIST FACE<\/li>\n<li>M\u1eb7t NANOTEXTTURE<\/li>\n<li>Thi\u1ebft b\u1ecb t\u1ea1o qu\u00e1n t\u00ednh b\u1ea5t c\u00e2n x\u1ee9ng<\/li>\n<li>Thi\u1ebft k\u1ebf High MOI<\/li>\n<li>Khe Speed pocket<\/li>\n<li>Shaft Mistubishi TENSEI AV RED TM20<\/li>\n<\/ul>\n<h2>Th\u00f4ng s\u1ed1 k\u1ef9 thu\u1eadt<\/h2>\n<div>\n<table border=\"1\" cellspacing=\"0\" cellpadding=\"0\">\n<tbody>\n<tr>\n<td colspan=\"2\"><strong>HEAD<\/strong><\/td>\n<td><strong>STEALTH PLUS+ DRIVER<\/strong><\/td>\n<\/tr>\n<tr>\n<td colspan=\"2\">HEAD MATERIAL \/ FACE MATERIAL<\/td>\n<td>9-1-1 Ti + Carbon Crown + Sliding Weight \/ 60x Carbon twist face<\/td>\n<\/tr>\n<tr>\n<td colspan=\"2\">HEAD VOLUME (CM2 &lt; CC&gt;)<\/td>\n<td>460<\/td>\n<\/tr>\n<tr>\n<td colspan=\"2\">LIE ANGLE (\u00b0)<\/td>\n<td>56<\/td>\n<\/tr>\n<tr>\n<td>LENGTH (inch)<\/td>\n<td>TENSEI SILVER TM50 (&#8217;22)<\/td>\n<td>45.75<\/td>\n<\/tr>\n<\/tbody>\n<\/table>\n<h2>So s\u00e1nh gi\u1eefa c\u00e1c driver Stealth<\/h2>\n<\/div>\n<p><img decoding=\"async\" src=\"https:\/\/www.tatgolf.vn\/media\/Screenshot_1_1.jpg\" alt=\"\" \/><\/p>\n<\/div>\n<\/div>\n<\/div>\n<div id=\"additional\" class=\"data item content\" aria-labelledby=\"tab-label-additional-title\">\n<div class=\"additional-attributes-wrapper table-wrapper\">\n<h3 class=\"tab-content-title\">Chi ti\u1ebft s\u1ea3n ph\u1ea9m<\/h3>\n<div id=\"product-attribute-specs-table\" class=\"data table additional-attributes\">\n<ul class=\"attribute-specs-wrapper\">\n<li>Gi\u1edbi t\u00ednh: Nam<\/li>\n<li>H\u00e3ng: TaylorMade<\/li>\n<li>S\u1ea3n xu\u1ea5t : Trung Qu\u1ed1c<\/li>\n<li>B\u1ea3o h\u00e0nh: 1 N\u0103m (L\u1ed7i nh\u00e0 s\u1ea3n xu\u1ea5t)<\/li>\n<\/ul>\n<\/div>\n<\/div>\n<\/div>\n","protected":false},"excerpt":{"rendered":"<p>D\u00f2ng g\u1eady\u00a0STEATH m\u1edbi, v\u1edbi c\u00f4ng ngh\u1ec7 Carbon 60X \u0111\u00e1nh d\u1ea5u s\u1ef1 k\u1ebft th\u00fac c\u1ee7a 20 n\u0103m k\u1ef7 nguy\u00ean Titanium. M\u1eb7t g\u1eady Twist face ho\u00e0n to\u00e0n m\u1edbi n\u00e0y cho trong l\u01b0\u1ee3ng nh\u1eb9\u00a0h\u01a1n 44% so v\u1edbi Titanium. C\u1ea5u t\u1ea1o t\u1eeb 60 l\u1edbp s\u1ee3i carbon ch\u1ed3ng l\u00ean nhau mang t\u00ednh chi\u1ebfn l\u01b0\u1ee3c, nh\u1eb1m t\u1ed1i \u01b0u vi\u1ec7c d\u1ecbch chuy\u1ec3n [&#8230;]\n","protected":false},"featured_media":2209,"comment_status":"open","ping_status":"closed","template":"","meta":[],"product_brand":[],"product_cat":[84],"product_tag":[],"class_list":{"0":"post-2207","1":"product","2":"type-product","3":"status-publish","4":"has-post-thumbnail","6":"product_cat-driver","8":"first","9":"instock","10":"shipping-taxable","11":"product-type-simple"},"yoast_head":"<!-- This site is optimized with the Yoast SEO plugin v19.0 - https:\/\/yoast.com\/wordpress\/plugins\/seo\/ -->\n<title>G\u1eady golf driver TaylorMade Stealth -<\/title>\n<meta name=\"robots\" content=\"index, follow, max-snippet:-1, max-image-preview:large, max-video-preview:-1\" \/>\n<link rel=\"canonical\" href=\"https:\/\/lotusgolf.vn\/vi\/product\/gay-golf-driver-taylormade-stealth\/\" \/>\n<meta property=\"og:locale\" content=\"vi_VN\" \/>\n<meta property=\"og:type\" content=\"article\" \/>\n<meta property=\"og:title\" content=\"G\u1eady golf driver TaylorMade Stealth -\" \/>\n<meta property=\"og:description\" content=\"D\u00f2ng g\u1eady\u00a0STEATH m\u1edbi, v\u1edbi c\u00f4ng ngh\u1ec7 Carbon 60X \u0111\u00e1nh d\u1ea5u s\u1ef1 k\u1ebft th\u00fac c\u1ee7a 20 n\u0103m k\u1ef7 nguy\u00ean Titanium. M\u1eb7t g\u1eady Twist face ho\u00e0n to\u00e0n m\u1edbi n\u00e0y cho trong l\u01b0\u1ee3ng nh\u1eb9\u00a0h\u01a1n 44% so v\u1edbi Titanium. C\u1ea5u t\u1ea1o t\u1eeb 60 l\u1edbp s\u1ee3i carbon ch\u1ed3ng l\u00ean nhau mang t\u00ednh chi\u1ebfn l\u01b0\u1ee3c, nh\u1eb1m t\u1ed1i \u01b0u vi\u1ec7c d\u1ecbch chuy\u1ec3n [...]\" \/>\n<meta property=\"og:url\" content=\"https:\/\/lotusgolf.vn\/vi\/product\/gay-golf-driver-taylormade-stealth\/\" \/>\n<meta property=\"og:image\" content=\"https:\/\/lotusgolf.vn\/wp-content\/uploads\/2022\/10\/taylormade-mens-stealth-driver-at-golf-warehouse-nz.jpg\" \/>\n\t<meta property=\"og:image:width\" content=\"600\" \/>\n\t<meta property=\"og:image:height\" content=\"600\" \/>\n\t<meta property=\"og:image:type\" content=\"image\/jpeg\" \/>\n<meta name=\"twitter:card\" content=\"summary_large_image\" \/>\n<meta name=\"twitter:label1\" content=\"\u01af\u1edbc t\u00ednh th\u1eddi gian \u0111\u1ecdc\" \/>\n\t<meta name=\"twitter:data1\" content=\"2 ph\u00fat\" \/>\n<script type=\"application\/ld+json\" class=\"yoast-schema-graph\">{\"@context\":\"https:\/\/schema.org\",\"@graph\":[{\"@type\":\"WebSite\",\"@id\":\"https:\/\/lotusgolf-b23998.ingress-bonde.ewp.live\/#website\",\"url\":\"https:\/\/lotusgolf-b23998.ingress-bonde.ewp.live\/\",\"name\":\"\",\"description\":\"\",\"potentialAction\":[{\"@type\":\"SearchAction\",\"target\":{\"@type\":\"EntryPoint\",\"urlTemplate\":\"https:\/\/lotusgolf-b23998.ingress-bonde.ewp.live\/?s={search_term_string}\"},\"query-input\":\"required name=search_term_string\"}],\"inLanguage\":\"vi\"},{\"@type\":\"ImageObject\",\"inLanguage\":\"vi\",\"@id\":\"https:\/\/lotusgolf.vn\/product\/gay-golf-driver-taylormade-stealth\/#primaryimage\",\"url\":\"https:\/\/lotusgolf.vn\/wp-content\/uploads\/2022\/10\/taylormade-mens-stealth-driver-at-golf-warehouse-nz.jpg\",\"contentUrl\":\"https:\/\/lotusgolf.vn\/wp-content\/uploads\/2022\/10\/taylormade-mens-stealth-driver-at-golf-warehouse-nz.jpg\",\"width\":600,\"height\":600},{\"@type\":\"WebPage\",\"@id\":\"https:\/\/lotusgolf.vn\/product\/gay-golf-driver-taylormade-stealth\/#webpage\",\"url\":\"https:\/\/lotusgolf.vn\/product\/gay-golf-driver-taylormade-stealth\/\",\"name\":\"G\u1eady golf driver TaylorMade Stealth -\",\"isPartOf\":{\"@id\":\"https:\/\/lotusgolf-b23998.ingress-bonde.ewp.live\/#website\"},\"primaryImageOfPage\":{\"@id\":\"https:\/\/lotusgolf.vn\/product\/gay-golf-driver-taylormade-stealth\/#primaryimage\"},\"datePublished\":\"2022-10-14T08:08:45+00:00\",\"dateModified\":\"2022-10-14T08:08:45+00:00\",\"breadcrumb\":{\"@id\":\"https:\/\/lotusgolf.vn\/product\/gay-golf-driver-taylormade-stealth\/#breadcrumb\"},\"inLanguage\":\"vi\",\"potentialAction\":[{\"@type\":\"ReadAction\",\"target\":[\"https:\/\/lotusgolf.vn\/product\/gay-golf-driver-taylormade-stealth\/\"]}]},{\"@type\":\"BreadcrumbList\",\"@id\":\"https:\/\/lotusgolf.vn\/product\/gay-golf-driver-taylormade-stealth\/#breadcrumb\",\"itemListElement\":[{\"@type\":\"ListItem\",\"position\":1,\"name\":\"Home\",\"item\":\"https:\/\/lotusgolf.vn\/\"},{\"@type\":\"ListItem\",\"position\":2,\"name\":\"Shop\",\"item\":\"https:\/\/lotusgolf-b23998.ingress-bonde.ewp.live\/shop\/\"},{\"@type\":\"ListItem\",\"position\":3,\"name\":\"G\u1eady golf driver TaylorMade Stealth\"}]}]}<\/script>\n<!-- \/ Yoast SEO plugin. -->","yoast_head_json":{"title":"G\u1eady golf driver TaylorMade Stealth -","robots":{"index":"index","follow":"follow","max-snippet":"max-snippet:-1","max-image-preview":"max-image-preview:large","max-video-preview":"max-video-preview:-1"},"canonical":"https:\/\/lotusgolf.vn\/vi\/product\/gay-golf-driver-taylormade-stealth\/","og_locale":"vi_VN","og_type":"article","og_title":"G\u1eady golf driver TaylorMade Stealth -","og_description":"D\u00f2ng g\u1eady\u00a0STEATH m\u1edbi, v\u1edbi c\u00f4ng ngh\u1ec7 Carbon 60X \u0111\u00e1nh d\u1ea5u s\u1ef1 k\u1ebft th\u00fac c\u1ee7a 20 n\u0103m k\u1ef7 nguy\u00ean Titanium. M\u1eb7t g\u1eady Twist face ho\u00e0n to\u00e0n m\u1edbi n\u00e0y cho trong l\u01b0\u1ee3ng nh\u1eb9\u00a0h\u01a1n 44% so v\u1edbi Titanium. C\u1ea5u t\u1ea1o t\u1eeb 60 l\u1edbp s\u1ee3i carbon ch\u1ed3ng l\u00ean nhau mang t\u00ednh chi\u1ebfn l\u01b0\u1ee3c, nh\u1eb1m t\u1ed1i \u01b0u vi\u1ec7c d\u1ecbch chuy\u1ec3n [...]","og_url":"https:\/\/lotusgolf.vn\/vi\/product\/gay-golf-driver-taylormade-stealth\/","og_image":[{"width":600,"height":600,"url":"https:\/\/lotusgolf.vn\/wp-content\/uploads\/2022\/10\/taylormade-mens-stealth-driver-at-golf-warehouse-nz.jpg","type":"image\/jpeg"}],"twitter_card":"summary_large_image","twitter_misc":{"\u01af\u1edbc t\u00ednh th\u1eddi gian \u0111\u1ecdc":"2 ph\u00fat"},"schema":{"@context":"https:\/\/schema.org","@graph":[{"@type":"WebSite","@id":"https:\/\/lotusgolf-b23998.ingress-bonde.ewp.live\/#website","url":"https:\/\/lotusgolf-b23998.ingress-bonde.ewp.live\/","name":"","description":"","potentialAction":[{"@type":"SearchAction","target":{"@type":"EntryPoint","urlTemplate":"https:\/\/lotusgolf-b23998.ingress-bonde.ewp.live\/?s={search_term_string}"},"query-input":"required name=search_term_string"}],"inLanguage":"vi"},{"@type":"ImageObject","inLanguage":"vi","@id":"https:\/\/lotusgolf.vn\/product\/gay-golf-driver-taylormade-stealth\/#primaryimage","url":"https:\/\/lotusgolf.vn\/wp-content\/uploads\/2022\/10\/taylormade-mens-stealth-driver-at-golf-warehouse-nz.jpg","contentUrl":"https:\/\/lotusgolf.vn\/wp-content\/uploads\/2022\/10\/taylormade-mens-stealth-driver-at-golf-warehouse-nz.jpg","width":600,"height":600},{"@type":"WebPage","@id":"https:\/\/lotusgolf.vn\/product\/gay-golf-driver-taylormade-stealth\/#webpage","url":"https:\/\/lotusgolf.vn\/product\/gay-golf-driver-taylormade-stealth\/","name":"G\u1eady golf driver TaylorMade Stealth -","isPartOf":{"@id":"https:\/\/lotusgolf-b23998.ingress-bonde.ewp.live\/#website"},"primaryImageOfPage":{"@id":"https:\/\/lotusgolf.vn\/product\/gay-golf-driver-taylormade-stealth\/#primaryimage"},"datePublished":"2022-10-14T08:08:45+00:00","dateModified":"2022-10-14T08:08:45+00:00","breadcrumb":{"@id":"https:\/\/lotusgolf.vn\/product\/gay-golf-driver-taylormade-stealth\/#breadcrumb"},"inLanguage":"vi","potentialAction":[{"@type":"ReadAction","target":["https:\/\/lotusgolf.vn\/product\/gay-golf-driver-taylormade-stealth\/"]}]},{"@type":"BreadcrumbList","@id":"https:\/\/lotusgolf.vn\/product\/gay-golf-driver-taylormade-stealth\/#breadcrumb","itemListElement":[{"@type":"ListItem","position":1,"name":"Home","item":"https:\/\/lotusgolf.vn\/"},{"@type":"ListItem","position":2,"name":"Shop","item":"https:\/\/lotusgolf-b23998.ingress-bonde.ewp.live\/shop\/"},{"@type":"ListItem","position":3,"name":"G\u1eady golf driver TaylorMade Stealth"}]}]}},"_links":{"self":[{"href":"https:\/\/lotusgolf.vn\/vi\/wp-json\/wp\/v2\/product\/2207","targetHints":{"allow":["GET"]}}],"collection":[{"href":"https:\/\/lotusgolf.vn\/vi\/wp-json\/wp\/v2\/product"}],"about":[{"href":"https:\/\/lotusgolf.vn\/vi\/wp-json\/wp\/v2\/types\/product"}],"replies":[{"embeddable":true,"href":"https:\/\/lotusgolf.vn\/vi\/wp-json\/wp\/v2\/comments?post=2207"}],"wp:featuredmedia":[{"embeddable":true,"href":"https:\/\/lotusgolf.vn\/vi\/wp-json\/wp\/v2\/media\/2209"}],"wp:attachment":[{"href":"https:\/\/lotusgolf.vn\/vi\/wp-json\/wp\/v2\/media?parent=2207"}],"wp:term":[{"taxonomy":"product_brand","embeddable":true,"href":"https:\/\/lotusgolf.vn\/vi\/wp-json\/wp\/v2\/product_brand?post=2207"},{"taxonomy":"product_cat","embeddable":true,"href":"https:\/\/lotusgolf.vn\/vi\/wp-json\/wp\/v2\/product_cat?post=2207"},{"taxonomy":"product_tag","embeddable":true,"href":"https:\/\/lotusgolf.vn\/vi\/wp-json\/wp\/v2\/product_tag?post=2207"}],"curies":[{"name":"wp","href":"https:\/\/api.w.org\/{rel}","templated":true}]}}