{"id":2215,"date":"2022-10-14T08:12:07","date_gmt":"2022-10-14T08:12:07","guid":{"rendered":"https:\/\/lotusgolf.vn\/?post_type=product&#038;p=2215"},"modified":"2022-10-14T08:12:07","modified_gmt":"2022-10-14T08:12:07","slug":"gay-golf-driver-ping-g425-max","status":"publish","type":"product","link":"https:\/\/lotusgolf.vn\/vi\/product\/gay-golf-driver-ping-g425-max","title":{"rendered":"G\u1eady golf driver PING G425 Max"},"content":{"rendered":"<div id=\"description\" class=\"data item content\" aria-labelledby=\"tab-label-description-title\">\n<div class=\"product attribute description\">\n<div class=\"value\">\n<h1>G\u1eady golf driver PING G425 Max<\/h1>\n<p><a href=\"https:\/\/tatgolf.vn\/gay\/driver.html\">D\u00f2ng g\u1eady g\u00f4n\u00a0Ping G425 Max<\/a> \u0111\u01b0\u1ee3c nh\u00e0 s\u1ea3n xu\u1ea5t n\u00e2ng Momen Qu\u00e1n T\u00ednh (MOI) l\u00ean m\u1ee9c cao nh\u1ea5t trong l\u1ecbch s\u1eed c\u1ee7a PING v\u00e0 nh\u1eb1m mang l\u1ea1i cho ng\u01b0\u1eddi ch\u01a1i s\u1ef1 \u1ed5n \u0111\u1ecbnh t\u1ed1t nh\u1ea5t trong game ch\u01a1i c\u1ee7a m\u00ecnh.<\/p>\n<p>\u0110\u1ec3 \u0111\u1ea1t \u0111\u01b0\u1ee3c m\u1ee9c hi\u1ec7u su\u1ea5t m\u1edbi Driver Ping G425 Max t\u1ea1o ra 3 g\u00f3c \u0111\u1ed9 (9*, 10,5*, 12*), c\u00e1c k\u1ef9 s\u01b0 c\u1ee7a PING \u0111\u00e3 k\u1ebft h\u1ee3p c\u00e1c c\u00f4ng ngh\u1ec7 ch\u00ednh t\u1eeb G400 Max v\u00e0 G410 Plus. K\u1ebft qu\u1ea3 l\u00e0 s\u1ef1 gia t\u0103ng MOI trong ph\u1ea7n \u0111\u1ea7u 460cc ch\u1ee7 y\u1ebfu \u0111\u1ebfn t\u1eeb tr\u1ecdng l\u01b0\u1ee3ng di chuy\u1ec3n b\u1eb1ng c\u1ee5c tr\u1ecdng l\u01b0\u1ee3ng vonfram 26 gram, \u0111i\u1ec1u n\u00e0y c\u00f3 th\u1ec3 th\u1ef1c hi\u1ec7n \u0111\u01b0\u1ee3c nh\u1edd vi\u1ec7c ti\u1ebft ki\u1ec7m tr\u1ecdng l\u01b0\u1ee3ng v\u00e0\u00a0nh\u1eefng ti\u1ebfn b\u1ed9 trong c\u00f4ng ngh\u1ec7 Dragonfly Crown\u00a0.<\/p>\n<p>M\u1ee9c t\u0103ng Momen qu\u00e1n t\u00ednh (MOI) trung b\u00ecnh l\u00e0 14% tr\u00ean ba v\u1ecb tr\u00ed tr\u1ecdng l\u01b0\u1ee3ng so v\u1edbi G410 Plus, k\u1ebft h\u1ee3p tr\u1ecdng l\u01b0\u1ee3ng v\u00e0 \u0111\u1ed9 Loft v\u01b0\u1ee3t qu\u00e1 MOI l\u00e0 10.000 (gm-cm\u00b2).<\/p>\n<h2><strong>C\u00e1c t\u00ednh n\u0103ng v\u00e0 \u0110\u1eb7c \u0111i\u1ec3m n\u1ed5i tr\u1ed9i<\/strong>:<\/h2>\n<p>&#8211;\u00a0 \u0110\u1ea7u g\u1eady c\u00f3 k\u00edch th\u01b0\u1edbc 460cc<\/p>\n<p>&#8211; C\u1ee5c tr\u1ecdng l\u01b0\u1ee3ng Vonfram (26 gr) di \u0111\u1ed9ng, c\u00f3 th\u1ec3 \u0111\u1eb7t \u1edf 3\u00a0v\u1ecb tr\u00ed: Neutral &#8211; Draw &#8211; Fade, gi\u00fap \u0111i\u1ec1u ch\u1ec9nh h\u01b0\u1edbng \u0111\u00e1nh b\u00f3ng nh\u01b0 mong mu\u1ed1n<\/p>\n<p>&#8211; C\u00f4ng ngh\u1ec7 Dragonfly Crown cho ph\u00e9p ti\u1ebft ki\u1ec7m tr\u1ecdng l\u01b0\u1ee3ng, gi\u00fap t\u1ed1i \u0111a h\u00f3a Momen qu\u00e1n t\u00ednh (MOI)<\/p>\n<p>&#8211; C\u00f4ng ngh\u1ec7 Crown Turbulators gi\u00fap gi\u1ea3m l\u1ef1c c\u1ea3n kh\u00ed \u0111\u1ed9ng h\u1ecdc, gi\u00fap t\u1ed1c \u0111\u1ed9 \u0111\u1ea7u g\u1eady \u0111\u1ea1t t\u1ed1i \u0111a t\u1ed1t h\u01a1n<\/p>\n<p>&#8211; M\u1eb7t g\u1eady \u0111\u01b0\u1ee3c r\u00e8n b\u1edfi d\u00f2ng th\u00e9p \u0111\u1eb7c bi\u1ec7t T9S+ gi\u00fap t\u0103ng \u0111\u1ed9 u\u1ed1n m\u1eb7t g\u1eady b\u00ean trong, d\u1eabn \u0111\u1ebfn l\u1ef1c \u0111\u00e0n h\u1ed3i \u0111\u1ea9y b\u00f3ng \u0111i \u0111\u01b0\u1ee3c kho\u1ea3ng c\u00e1ch xa h\u01a1n<\/p>\n<p>&#8211; C\u1ea5u tr\u00fac s\u01b0\u1eddn b\u00ean trong \u0111\u1ea7u g\u1eady, \u0111\u01b0\u1ee3c \u00e1p d\u1ee5ng c\u00f4ng ngh\u1ec7 Ti-8-1-1, gi\u00fap c\u1ea3i thi\u1ec7n \u00e2m h\u1ecdc cho \u00e2m thanh ch\u1eafc ch\u1eafn v\u00e0 d\u1ec5 ch\u1ecbu<\/p>\n<p>&#8211; Tr\u1ecdng l\u01b0\u1ee3ng c\u1ed5 g\u1eady nh\u1eb9, c\u00f3 th\u1ec3 \u0111i\u1ec1u ch\u1ec9nh \u0111\u01b0\u1ee3c 8 v\u1ecb tr\u00ed, v\u1edbi bi\u00ean \u0111\u1ed9 3 \u0111\u1ed9. T\u0103ng 8 v\u1ecb tr\u00ed, gi\u00fap \u0111i\u1ec1u ch\u1ec9nh \u0111\u1ed9 Loft (+-1.5*) v\u00e0 Lie Angle (ph\u1eb3ng h\u01a1n l\u00ean \u0111\u1ebfn 3 \u0111\u1ed9).<\/p>\n<h3><strong>Th\u00f4ng s\u1ed1 k\u1ef9 thu\u1eadt:<\/strong><\/h3>\n<p>&#8211; Shaft: PING ALTA CB Slate (R, SR, S, X)<\/p>\n<p>&#8211; Grip: Arccos Caddy Smart Grip (Golf Pride Lite 360* Tour Velvet)<\/p>\n<p>&nbsp;<\/p>\n<\/div>\n<\/div>\n<\/div>\n<div id=\"additional\" class=\"data item content\" aria-labelledby=\"tab-label-additional-title\">\n<div class=\"additional-attributes-wrapper table-wrapper\">\n<h3 class=\"tab-content-title\">Chi ti\u1ebft s\u1ea3n ph\u1ea9m<\/h3>\n<div id=\"product-attribute-specs-table\" class=\"data table additional-attributes\">\n<ul class=\"attribute-specs-wrapper\">\n<li>Gi\u1edbi t\u00ednh: Nam<\/li>\n<li>H\u00e3ng: PING<\/li>\n<li>B\u1ea3o h\u00e0nh: 1 N\u0103m (L\u1ed7i nh\u00e0 s\u1ea3n xu\u1ea5t)<\/li>\n<\/ul>\n<\/div>\n<\/div>\n<\/div>\n","protected":false},"excerpt":{"rendered":"<p>G\u1eady golf driver PING G425 Max D\u00f2ng g\u1eady g\u00f4n\u00a0Ping G425 Max \u0111\u01b0\u1ee3c nh\u00e0 s\u1ea3n xu\u1ea5t n\u00e2ng Momen Qu\u00e1n T\u00ednh (MOI) l\u00ean m\u1ee9c cao nh\u1ea5t trong l\u1ecbch s\u1eed c\u1ee7a PING v\u00e0 nh\u1eb1m mang l\u1ea1i cho ng\u01b0\u1eddi ch\u01a1i s\u1ef1 \u1ed5n \u0111\u1ecbnh t\u1ed1t nh\u1ea5t trong game ch\u01a1i c\u1ee7a m\u00ecnh. \u0110\u1ec3 \u0111\u1ea1t \u0111\u01b0\u1ee3c m\u1ee9c hi\u1ec7u su\u1ea5t m\u1edbi Driver Ping [&#8230;]\n","protected":false},"featured_media":2216,"comment_status":"open","ping_status":"closed","template":"","meta":[],"product_brand":[],"product_cat":[84],"product_tag":[],"class_list":{"0":"post-2215","1":"product","2":"type-product","3":"status-publish","4":"has-post-thumbnail","6":"product_cat-driver","8":"first","9":"instock","10":"shipping-taxable","11":"product-type-simple"},"yoast_head":"<!-- This site is optimized with the Yoast SEO plugin v19.0 - https:\/\/yoast.com\/wordpress\/plugins\/seo\/ -->\n<title>G\u1eady golf driver PING G425 Max -<\/title>\n<meta name=\"robots\" content=\"index, follow, max-snippet:-1, max-image-preview:large, max-video-preview:-1\" \/>\n<link rel=\"canonical\" href=\"https:\/\/lotusgolf.vn\/vi\/product\/gay-golf-driver-ping-g425-max\/\" \/>\n<meta property=\"og:locale\" content=\"vi_VN\" \/>\n<meta property=\"og:type\" content=\"article\" \/>\n<meta property=\"og:title\" content=\"G\u1eady golf driver PING G425 Max -\" \/>\n<meta property=\"og:description\" content=\"G\u1eady golf driver PING G425 Max D\u00f2ng g\u1eady g\u00f4n\u00a0Ping G425 Max \u0111\u01b0\u1ee3c nh\u00e0 s\u1ea3n xu\u1ea5t n\u00e2ng Momen Qu\u00e1n T\u00ednh (MOI) l\u00ean m\u1ee9c cao nh\u1ea5t trong l\u1ecbch s\u1eed c\u1ee7a PING v\u00e0 nh\u1eb1m mang l\u1ea1i cho ng\u01b0\u1eddi ch\u01a1i s\u1ef1 \u1ed5n \u0111\u1ecbnh t\u1ed1t nh\u1ea5t trong game ch\u01a1i c\u1ee7a m\u00ecnh. \u0110\u1ec3 \u0111\u1ea1t \u0111\u01b0\u1ee3c m\u1ee9c hi\u1ec7u su\u1ea5t m\u1edbi Driver Ping [...]\" \/>\n<meta property=\"og:url\" content=\"https:\/\/lotusgolf.vn\/vi\/product\/gay-golf-driver-ping-g425-max\/\" \/>\n<meta property=\"og:image\" content=\"https:\/\/lotusgolf.vn\/wp-content\/uploads\/2022\/10\/425max.jpg\" \/>\n\t<meta property=\"og:image:width\" content=\"600\" \/>\n\t<meta property=\"og:image:height\" content=\"600\" \/>\n\t<meta property=\"og:image:type\" content=\"image\/jpeg\" \/>\n<meta name=\"twitter:card\" content=\"summary_large_image\" \/>\n<meta name=\"twitter:label1\" content=\"\u01af\u1edbc t\u00ednh th\u1eddi gian \u0111\u1ecdc\" \/>\n\t<meta name=\"twitter:data1\" content=\"3 ph\u00fat\" \/>\n<script type=\"application\/ld+json\" class=\"yoast-schema-graph\">{\"@context\":\"https:\/\/schema.org\",\"@graph\":[{\"@type\":\"WebSite\",\"@id\":\"https:\/\/lotusgolf-b23998.ingress-bonde.ewp.live\/#website\",\"url\":\"https:\/\/lotusgolf-b23998.ingress-bonde.ewp.live\/\",\"name\":\"\",\"description\":\"\",\"potentialAction\":[{\"@type\":\"SearchAction\",\"target\":{\"@type\":\"EntryPoint\",\"urlTemplate\":\"https:\/\/lotusgolf-b23998.ingress-bonde.ewp.live\/?s={search_term_string}\"},\"query-input\":\"required name=search_term_string\"}],\"inLanguage\":\"vi\"},{\"@type\":\"ImageObject\",\"inLanguage\":\"vi\",\"@id\":\"https:\/\/lotusgolf.vn\/product\/gay-golf-driver-ping-g425-max\/#primaryimage\",\"url\":\"https:\/\/lotusgolf.vn\/wp-content\/uploads\/2022\/10\/425max.jpg\",\"contentUrl\":\"https:\/\/lotusgolf.vn\/wp-content\/uploads\/2022\/10\/425max.jpg\",\"width\":600,\"height\":600},{\"@type\":\"WebPage\",\"@id\":\"https:\/\/lotusgolf.vn\/product\/gay-golf-driver-ping-g425-max\/#webpage\",\"url\":\"https:\/\/lotusgolf.vn\/product\/gay-golf-driver-ping-g425-max\/\",\"name\":\"G\u1eady golf driver PING G425 Max -\",\"isPartOf\":{\"@id\":\"https:\/\/lotusgolf-b23998.ingress-bonde.ewp.live\/#website\"},\"primaryImageOfPage\":{\"@id\":\"https:\/\/lotusgolf.vn\/product\/gay-golf-driver-ping-g425-max\/#primaryimage\"},\"datePublished\":\"2022-10-14T08:12:07+00:00\",\"dateModified\":\"2022-10-14T08:12:07+00:00\",\"breadcrumb\":{\"@id\":\"https:\/\/lotusgolf.vn\/product\/gay-golf-driver-ping-g425-max\/#breadcrumb\"},\"inLanguage\":\"vi\",\"potentialAction\":[{\"@type\":\"ReadAction\",\"target\":[\"https:\/\/lotusgolf.vn\/product\/gay-golf-driver-ping-g425-max\/\"]}]},{\"@type\":\"BreadcrumbList\",\"@id\":\"https:\/\/lotusgolf.vn\/product\/gay-golf-driver-ping-g425-max\/#breadcrumb\",\"itemListElement\":[{\"@type\":\"ListItem\",\"position\":1,\"name\":\"Home\",\"item\":\"https:\/\/lotusgolf.vn\/\"},{\"@type\":\"ListItem\",\"position\":2,\"name\":\"Shop\",\"item\":\"https:\/\/lotusgolf-b23998.ingress-bonde.ewp.live\/shop\/\"},{\"@type\":\"ListItem\",\"position\":3,\"name\":\"G\u1eady golf driver PING G425 Max\"}]}]}<\/script>\n<!-- \/ Yoast SEO plugin. -->","yoast_head_json":{"title":"G\u1eady golf driver PING G425 Max -","robots":{"index":"index","follow":"follow","max-snippet":"max-snippet:-1","max-image-preview":"max-image-preview:large","max-video-preview":"max-video-preview:-1"},"canonical":"https:\/\/lotusgolf.vn\/vi\/product\/gay-golf-driver-ping-g425-max\/","og_locale":"vi_VN","og_type":"article","og_title":"G\u1eady golf driver PING G425 Max -","og_description":"G\u1eady golf driver PING G425 Max D\u00f2ng g\u1eady g\u00f4n\u00a0Ping G425 Max \u0111\u01b0\u1ee3c nh\u00e0 s\u1ea3n xu\u1ea5t n\u00e2ng Momen Qu\u00e1n T\u00ednh (MOI) l\u00ean m\u1ee9c cao nh\u1ea5t trong l\u1ecbch s\u1eed c\u1ee7a PING v\u00e0 nh\u1eb1m mang l\u1ea1i cho ng\u01b0\u1eddi ch\u01a1i s\u1ef1 \u1ed5n \u0111\u1ecbnh t\u1ed1t nh\u1ea5t trong game ch\u01a1i c\u1ee7a m\u00ecnh. \u0110\u1ec3 \u0111\u1ea1t \u0111\u01b0\u1ee3c m\u1ee9c hi\u1ec7u su\u1ea5t m\u1edbi Driver Ping [...]","og_url":"https:\/\/lotusgolf.vn\/vi\/product\/gay-golf-driver-ping-g425-max\/","og_image":[{"width":600,"height":600,"url":"https:\/\/lotusgolf.vn\/wp-content\/uploads\/2022\/10\/425max.jpg","type":"image\/jpeg"}],"twitter_card":"summary_large_image","twitter_misc":{"\u01af\u1edbc t\u00ednh th\u1eddi gian \u0111\u1ecdc":"3 ph\u00fat"},"schema":{"@context":"https:\/\/schema.org","@graph":[{"@type":"WebSite","@id":"https:\/\/lotusgolf-b23998.ingress-bonde.ewp.live\/#website","url":"https:\/\/lotusgolf-b23998.ingress-bonde.ewp.live\/","name":"","description":"","potentialAction":[{"@type":"SearchAction","target":{"@type":"EntryPoint","urlTemplate":"https:\/\/lotusgolf-b23998.ingress-bonde.ewp.live\/?s={search_term_string}"},"query-input":"required name=search_term_string"}],"inLanguage":"vi"},{"@type":"ImageObject","inLanguage":"vi","@id":"https:\/\/lotusgolf.vn\/product\/gay-golf-driver-ping-g425-max\/#primaryimage","url":"https:\/\/lotusgolf.vn\/wp-content\/uploads\/2022\/10\/425max.jpg","contentUrl":"https:\/\/lotusgolf.vn\/wp-content\/uploads\/2022\/10\/425max.jpg","width":600,"height":600},{"@type":"WebPage","@id":"https:\/\/lotusgolf.vn\/product\/gay-golf-driver-ping-g425-max\/#webpage","url":"https:\/\/lotusgolf.vn\/product\/gay-golf-driver-ping-g425-max\/","name":"G\u1eady golf driver PING G425 Max -","isPartOf":{"@id":"https:\/\/lotusgolf-b23998.ingress-bonde.ewp.live\/#website"},"primaryImageOfPage":{"@id":"https:\/\/lotusgolf.vn\/product\/gay-golf-driver-ping-g425-max\/#primaryimage"},"datePublished":"2022-10-14T08:12:07+00:00","dateModified":"2022-10-14T08:12:07+00:00","breadcrumb":{"@id":"https:\/\/lotusgolf.vn\/product\/gay-golf-driver-ping-g425-max\/#breadcrumb"},"inLanguage":"vi","potentialAction":[{"@type":"ReadAction","target":["https:\/\/lotusgolf.vn\/product\/gay-golf-driver-ping-g425-max\/"]}]},{"@type":"BreadcrumbList","@id":"https:\/\/lotusgolf.vn\/product\/gay-golf-driver-ping-g425-max\/#breadcrumb","itemListElement":[{"@type":"ListItem","position":1,"name":"Home","item":"https:\/\/lotusgolf.vn\/"},{"@type":"ListItem","position":2,"name":"Shop","item":"https:\/\/lotusgolf-b23998.ingress-bonde.ewp.live\/shop\/"},{"@type":"ListItem","position":3,"name":"G\u1eady golf driver PING G425 Max"}]}]}},"_links":{"self":[{"href":"https:\/\/lotusgolf.vn\/vi\/wp-json\/wp\/v2\/product\/2215","targetHints":{"allow":["GET"]}}],"collection":[{"href":"https:\/\/lotusgolf.vn\/vi\/wp-json\/wp\/v2\/product"}],"about":[{"href":"https:\/\/lotusgolf.vn\/vi\/wp-json\/wp\/v2\/types\/product"}],"replies":[{"embeddable":true,"href":"https:\/\/lotusgolf.vn\/vi\/wp-json\/wp\/v2\/comments?post=2215"}],"wp:featuredmedia":[{"embeddable":true,"href":"https:\/\/lotusgolf.vn\/vi\/wp-json\/wp\/v2\/media\/2216"}],"wp:attachment":[{"href":"https:\/\/lotusgolf.vn\/vi\/wp-json\/wp\/v2\/media?parent=2215"}],"wp:term":[{"taxonomy":"product_brand","embeddable":true,"href":"https:\/\/lotusgolf.vn\/vi\/wp-json\/wp\/v2\/product_brand?post=2215"},{"taxonomy":"product_cat","embeddable":true,"href":"https:\/\/lotusgolf.vn\/vi\/wp-json\/wp\/v2\/product_cat?post=2215"},{"taxonomy":"product_tag","embeddable":true,"href":"https:\/\/lotusgolf.vn\/vi\/wp-json\/wp\/v2\/product_tag?post=2215"}],"curies":[{"name":"wp","href":"https:\/\/api.w.org\/{rel}","templated":true}]}}