{"id":2255,"date":"2022-10-14T08:35:21","date_gmt":"2022-10-14T08:35:21","guid":{"rendered":"https:\/\/lotusgolf.vn\/?post_type=product&#038;p=2255"},"modified":"2022-10-14T08:35:21","modified_gmt":"2022-10-14T08:35:21","slug":"tui-dung-gay-golf-honma-cb12207-lady","status":"publish","type":"product","link":"https:\/\/lotusgolf.vn\/vi\/product\/tui-dung-gay-golf-honma-cb12207-lady","title":{"rendered":"T\u00fai \u0111\u1ef1ng g\u1eady golf Honma CB12207 (lady)"},"content":{"rendered":"<div id=\"description\" class=\"data item content\" aria-labelledby=\"tab-label-description-title\">\n<div class=\"product attribute description\">\n<div class=\"value\">\n<h1>T\u00fai \u0111\u1ef1ng g\u1eady g\u00f4n\u00a0Honma CB12207 (lady)<\/h1>\n<p dir=\"ltr\">T\u00fai \u0111\u1ef1ng g\u1eady golf HonmaCB12207 c\u00f3 b\u00e1nh xe \u0111\u01b0\u1ee3c thi\u1ebft k\u1ebf l\u1ea1 m\u1eaft v\u1edbi h\u1ecda ti\u1ebft h\u00ecnh h\u1ecdc ph\u1ea3n quang n\u1ed5i b\u1eadt, th\u1eddi trang. Ch\u1ea5t li\u1ec7u da t\u1ed5ng h\u1ee3p b\u1ec1n b\u1ec9 c\u00f9ng b\u00e1nh xe nh\u1ecf ti\u1ec7n l\u1ee3i cho vi\u1ec7c di chuy\u1ec3n, khe c\u1eafm g\u1eady \u00eam \u00e1i nh\u1eb1m \u0111\u1ea3m b\u1ea3o g\u1eady an to\u00e0n v\u00e0 kh\u00f3a ch\u1ed1ng tr\u01b0\u1ee3t gi\u00fap t\u00fai \u0111\u1ee9ng v\u1eefng\u00a0c\u0169ng l\u00e0 m\u1ed9t trong nh\u1eefng \u0111i\u1ec3m c\u1ed9ng c\u1ee7a s\u1ea3n ph\u1ea9m.<\/p>\n<p dir=\"ltr\">&#8211; Da t\u1ed5ng h\u1ee3p (PVC + Polyester)<\/p>\n<p dir=\"ltr\" role=\"presentation\">&#8211; Size: 9 ( 47\u00a0Inches )<\/p>\n<p dir=\"ltr\" role=\"presentation\">&#8211;\u00a0Tr\u1ecdng l\u01b0\u1ee3ng: 3.9\u00a0Kg<\/p>\n<p dir=\"ltr\" role=\"presentation\">&#8211; Khung mi\u1ec7ng: 6 ng\u0103n ( c\u00f3 d\u1ea3i ph\u00e2n c\u00e1ch )<\/p>\n<p dir=\"ltr\" role=\"presentation\">&#8211; B\u00e1nh xe 360 \u0111\u1ed9<\/p>\n<\/div>\n<\/div>\n<\/div>\n","protected":false},"excerpt":{"rendered":"<p>T\u00fai \u0111\u1ef1ng g\u1eady g\u00f4n\u00a0Honma CB12207 (lady) T\u00fai \u0111\u1ef1ng g\u1eady golf HonmaCB12207 c\u00f3 b\u00e1nh xe \u0111\u01b0\u1ee3c thi\u1ebft k\u1ebf l\u1ea1 m\u1eaft v\u1edbi h\u1ecda ti\u1ebft h\u00ecnh h\u1ecdc ph\u1ea3n quang n\u1ed5i b\u1eadt, th\u1eddi trang. Ch\u1ea5t li\u1ec7u da t\u1ed5ng h\u1ee3p b\u1ec1n b\u1ec9 c\u00f9ng b\u00e1nh xe nh\u1ecf ti\u1ec7n l\u1ee3i cho vi\u1ec7c di chuy\u1ec3n, khe c\u1eafm g\u1eady \u00eam \u00e1i nh\u1eb1m \u0111\u1ea3m b\u1ea3o [&#8230;]\n","protected":false},"featured_media":2256,"comment_status":"open","ping_status":"closed","template":"","meta":[],"product_brand":[],"product_cat":[105],"product_tag":[],"class_list":{"0":"post-2255","1":"product","2":"type-product","3":"status-publish","4":"has-post-thumbnail","6":"product_cat-tui-gay","8":"first","9":"instock","10":"shipping-taxable","11":"product-type-simple"},"yoast_head":"<!-- This site is optimized with the Yoast SEO plugin v19.0 - https:\/\/yoast.com\/wordpress\/plugins\/seo\/ -->\n<title>T\u00fai \u0111\u1ef1ng g\u1eady golf Honma CB12207 (lady) -<\/title>\n<meta name=\"robots\" content=\"index, follow, max-snippet:-1, max-image-preview:large, max-video-preview:-1\" \/>\n<link rel=\"canonical\" href=\"https:\/\/lotusgolf.vn\/vi\/product\/tui-dung-gay-golf-honma-cb12207-lady\/\" \/>\n<meta property=\"og:locale\" content=\"vi_VN\" \/>\n<meta property=\"og:type\" content=\"article\" \/>\n<meta property=\"og:title\" content=\"T\u00fai \u0111\u1ef1ng g\u1eady golf Honma CB12207 (lady) -\" \/>\n<meta property=\"og:description\" content=\"T\u00fai \u0111\u1ef1ng g\u1eady g\u00f4n\u00a0Honma CB12207 (lady) T\u00fai \u0111\u1ef1ng g\u1eady golf HonmaCB12207 c\u00f3 b\u00e1nh xe \u0111\u01b0\u1ee3c thi\u1ebft k\u1ebf l\u1ea1 m\u1eaft v\u1edbi h\u1ecda ti\u1ebft h\u00ecnh h\u1ecdc ph\u1ea3n quang n\u1ed5i b\u1eadt, th\u1eddi trang. Ch\u1ea5t li\u1ec7u da t\u1ed5ng h\u1ee3p b\u1ec1n b\u1ec9 c\u00f9ng b\u00e1nh xe nh\u1ecf ti\u1ec7n l\u1ee3i cho vi\u1ec7c di chuy\u1ec3n, khe c\u1eafm g\u1eady \u00eam \u00e1i nh\u1eb1m \u0111\u1ea3m b\u1ea3o [...]\" \/>\n<meta property=\"og:url\" content=\"https:\/\/lotusgolf.vn\/vi\/product\/tui-dung-gay-golf-honma-cb12207-lady\/\" \/>\n<meta property=\"og:image\" content=\"https:\/\/lotusgolf.vn\/wp-content\/uploads\/2022\/10\/cb12007bk_1.jpg\" \/>\n\t<meta property=\"og:image:width\" content=\"500\" \/>\n\t<meta property=\"og:image:height\" content=\"500\" \/>\n\t<meta property=\"og:image:type\" content=\"image\/jpeg\" \/>\n<meta name=\"twitter:card\" content=\"summary_large_image\" \/>\n<meta name=\"twitter:label1\" content=\"\u01af\u1edbc t\u00ednh th\u1eddi gian \u0111\u1ecdc\" \/>\n\t<meta name=\"twitter:data1\" content=\"1 ph\u00fat\" \/>\n<script type=\"application\/ld+json\" class=\"yoast-schema-graph\">{\"@context\":\"https:\/\/schema.org\",\"@graph\":[{\"@type\":\"WebSite\",\"@id\":\"https:\/\/lotusgolf-b23998.ingress-bonde.ewp.live\/#website\",\"url\":\"https:\/\/lotusgolf-b23998.ingress-bonde.ewp.live\/\",\"name\":\"\",\"description\":\"\",\"potentialAction\":[{\"@type\":\"SearchAction\",\"target\":{\"@type\":\"EntryPoint\",\"urlTemplate\":\"https:\/\/lotusgolf-b23998.ingress-bonde.ewp.live\/?s={search_term_string}\"},\"query-input\":\"required name=search_term_string\"}],\"inLanguage\":\"vi\"},{\"@type\":\"ImageObject\",\"inLanguage\":\"vi\",\"@id\":\"https:\/\/lotusgolf.vn\/product\/tui-dung-gay-golf-honma-cb12207-lady\/#primaryimage\",\"url\":\"https:\/\/lotusgolf.vn\/wp-content\/uploads\/2022\/10\/cb12007bk_1.jpg\",\"contentUrl\":\"https:\/\/lotusgolf.vn\/wp-content\/uploads\/2022\/10\/cb12007bk_1.jpg\",\"width\":500,\"height\":500},{\"@type\":\"WebPage\",\"@id\":\"https:\/\/lotusgolf.vn\/product\/tui-dung-gay-golf-honma-cb12207-lady\/#webpage\",\"url\":\"https:\/\/lotusgolf.vn\/product\/tui-dung-gay-golf-honma-cb12207-lady\/\",\"name\":\"T\u00fai \u0111\u1ef1ng g\u1eady golf Honma CB12207 (lady) -\",\"isPartOf\":{\"@id\":\"https:\/\/lotusgolf-b23998.ingress-bonde.ewp.live\/#website\"},\"primaryImageOfPage\":{\"@id\":\"https:\/\/lotusgolf.vn\/product\/tui-dung-gay-golf-honma-cb12207-lady\/#primaryimage\"},\"datePublished\":\"2022-10-14T08:35:21+00:00\",\"dateModified\":\"2022-10-14T08:35:21+00:00\",\"breadcrumb\":{\"@id\":\"https:\/\/lotusgolf.vn\/product\/tui-dung-gay-golf-honma-cb12207-lady\/#breadcrumb\"},\"inLanguage\":\"vi\",\"potentialAction\":[{\"@type\":\"ReadAction\",\"target\":[\"https:\/\/lotusgolf.vn\/product\/tui-dung-gay-golf-honma-cb12207-lady\/\"]}]},{\"@type\":\"BreadcrumbList\",\"@id\":\"https:\/\/lotusgolf.vn\/product\/tui-dung-gay-golf-honma-cb12207-lady\/#breadcrumb\",\"itemListElement\":[{\"@type\":\"ListItem\",\"position\":1,\"name\":\"Home\",\"item\":\"https:\/\/lotusgolf.vn\/\"},{\"@type\":\"ListItem\",\"position\":2,\"name\":\"Shop\",\"item\":\"https:\/\/lotusgolf-b23998.ingress-bonde.ewp.live\/shop\/\"},{\"@type\":\"ListItem\",\"position\":3,\"name\":\"T\u00fai \u0111\u1ef1ng g\u1eady golf Honma CB12207 (lady)\"}]}]}<\/script>\n<!-- \/ Yoast SEO plugin. -->","yoast_head_json":{"title":"T\u00fai \u0111\u1ef1ng g\u1eady golf Honma CB12207 (lady) -","robots":{"index":"index","follow":"follow","max-snippet":"max-snippet:-1","max-image-preview":"max-image-preview:large","max-video-preview":"max-video-preview:-1"},"canonical":"https:\/\/lotusgolf.vn\/vi\/product\/tui-dung-gay-golf-honma-cb12207-lady\/","og_locale":"vi_VN","og_type":"article","og_title":"T\u00fai \u0111\u1ef1ng g\u1eady golf Honma CB12207 (lady) -","og_description":"T\u00fai \u0111\u1ef1ng g\u1eady g\u00f4n\u00a0Honma CB12207 (lady) T\u00fai \u0111\u1ef1ng g\u1eady golf HonmaCB12207 c\u00f3 b\u00e1nh xe \u0111\u01b0\u1ee3c thi\u1ebft k\u1ebf l\u1ea1 m\u1eaft v\u1edbi h\u1ecda ti\u1ebft h\u00ecnh h\u1ecdc ph\u1ea3n quang n\u1ed5i b\u1eadt, th\u1eddi trang. Ch\u1ea5t li\u1ec7u da t\u1ed5ng h\u1ee3p b\u1ec1n b\u1ec9 c\u00f9ng b\u00e1nh xe nh\u1ecf ti\u1ec7n l\u1ee3i cho vi\u1ec7c di chuy\u1ec3n, khe c\u1eafm g\u1eady \u00eam \u00e1i nh\u1eb1m \u0111\u1ea3m b\u1ea3o [...]","og_url":"https:\/\/lotusgolf.vn\/vi\/product\/tui-dung-gay-golf-honma-cb12207-lady\/","og_image":[{"width":500,"height":500,"url":"https:\/\/lotusgolf.vn\/wp-content\/uploads\/2022\/10\/cb12007bk_1.jpg","type":"image\/jpeg"}],"twitter_card":"summary_large_image","twitter_misc":{"\u01af\u1edbc t\u00ednh th\u1eddi gian \u0111\u1ecdc":"1 ph\u00fat"},"schema":{"@context":"https:\/\/schema.org","@graph":[{"@type":"WebSite","@id":"https:\/\/lotusgolf-b23998.ingress-bonde.ewp.live\/#website","url":"https:\/\/lotusgolf-b23998.ingress-bonde.ewp.live\/","name":"","description":"","potentialAction":[{"@type":"SearchAction","target":{"@type":"EntryPoint","urlTemplate":"https:\/\/lotusgolf-b23998.ingress-bonde.ewp.live\/?s={search_term_string}"},"query-input":"required name=search_term_string"}],"inLanguage":"vi"},{"@type":"ImageObject","inLanguage":"vi","@id":"https:\/\/lotusgolf.vn\/product\/tui-dung-gay-golf-honma-cb12207-lady\/#primaryimage","url":"https:\/\/lotusgolf.vn\/wp-content\/uploads\/2022\/10\/cb12007bk_1.jpg","contentUrl":"https:\/\/lotusgolf.vn\/wp-content\/uploads\/2022\/10\/cb12007bk_1.jpg","width":500,"height":500},{"@type":"WebPage","@id":"https:\/\/lotusgolf.vn\/product\/tui-dung-gay-golf-honma-cb12207-lady\/#webpage","url":"https:\/\/lotusgolf.vn\/product\/tui-dung-gay-golf-honma-cb12207-lady\/","name":"T\u00fai \u0111\u1ef1ng g\u1eady golf Honma CB12207 (lady) -","isPartOf":{"@id":"https:\/\/lotusgolf-b23998.ingress-bonde.ewp.live\/#website"},"primaryImageOfPage":{"@id":"https:\/\/lotusgolf.vn\/product\/tui-dung-gay-golf-honma-cb12207-lady\/#primaryimage"},"datePublished":"2022-10-14T08:35:21+00:00","dateModified":"2022-10-14T08:35:21+00:00","breadcrumb":{"@id":"https:\/\/lotusgolf.vn\/product\/tui-dung-gay-golf-honma-cb12207-lady\/#breadcrumb"},"inLanguage":"vi","potentialAction":[{"@type":"ReadAction","target":["https:\/\/lotusgolf.vn\/product\/tui-dung-gay-golf-honma-cb12207-lady\/"]}]},{"@type":"BreadcrumbList","@id":"https:\/\/lotusgolf.vn\/product\/tui-dung-gay-golf-honma-cb12207-lady\/#breadcrumb","itemListElement":[{"@type":"ListItem","position":1,"name":"Home","item":"https:\/\/lotusgolf.vn\/"},{"@type":"ListItem","position":2,"name":"Shop","item":"https:\/\/lotusgolf-b23998.ingress-bonde.ewp.live\/shop\/"},{"@type":"ListItem","position":3,"name":"T\u00fai \u0111\u1ef1ng g\u1eady golf Honma CB12207 (lady)"}]}]}},"_links":{"self":[{"href":"https:\/\/lotusgolf.vn\/vi\/wp-json\/wp\/v2\/product\/2255","targetHints":{"allow":["GET"]}}],"collection":[{"href":"https:\/\/lotusgolf.vn\/vi\/wp-json\/wp\/v2\/product"}],"about":[{"href":"https:\/\/lotusgolf.vn\/vi\/wp-json\/wp\/v2\/types\/product"}],"replies":[{"embeddable":true,"href":"https:\/\/lotusgolf.vn\/vi\/wp-json\/wp\/v2\/comments?post=2255"}],"wp:featuredmedia":[{"embeddable":true,"href":"https:\/\/lotusgolf.vn\/vi\/wp-json\/wp\/v2\/media\/2256"}],"wp:attachment":[{"href":"https:\/\/lotusgolf.vn\/vi\/wp-json\/wp\/v2\/media?parent=2255"}],"wp:term":[{"taxonomy":"product_brand","embeddable":true,"href":"https:\/\/lotusgolf.vn\/vi\/wp-json\/wp\/v2\/product_brand?post=2255"},{"taxonomy":"product_cat","embeddable":true,"href":"https:\/\/lotusgolf.vn\/vi\/wp-json\/wp\/v2\/product_cat?post=2255"},{"taxonomy":"product_tag","embeddable":true,"href":"https:\/\/lotusgolf.vn\/vi\/wp-json\/wp\/v2\/product_tag?post=2255"}],"curies":[{"name":"wp","href":"https:\/\/api.w.org\/{rel}","templated":true}]}}