{"id":2259,"date":"2022-10-14T08:37:54","date_gmt":"2022-10-14T08:37:54","guid":{"rendered":"https:\/\/lotusgolf.vn\/?post_type=product&#038;p=2259"},"modified":"2022-10-14T08:37:54","modified_gmt":"2022-10-14T08:37:54","slug":"bo-gay-golf-ping-i59-ns-pro-850gh-neo-6gay","status":"publish","type":"product","link":"https:\/\/lotusgolf.vn\/vi\/product\/bo-gay-golf-ping-i59-ns-pro-850gh-neo-6gay","title":{"rendered":"B\u1ed9 g\u1eady golf Ping i59 NS Pro 850GH Neo (6g\u1eady)"},"content":{"rendered":"<h1>B\u1ed9 g\u1eady g\u00f4n Ping i59 NS Pro 850GH Neo (6g\u1eady)<\/h1>\n<h2>Th\u00f4ng tin<\/h2>\n<p>T\u00e1c \u0111\u1ed9ng m\u1ea1nh m\u1ebd, nh\u1ea5t qu\u00e1n, c\u1ea3m gi\u00e1c ch\u1eafc ch\u1eafn v\u00e0 qu\u1ef9 \u0111\u1ea1o bay v\u1edbi s\u1ef1 tha th\u1ee9 b\u1ed5 sung l\u00e0 k\u1ebft qu\u1ea3 c\u1ee7a m\u1ed9t mi\u1ebfng ch\u00e8n b\u1eb1ng nh\u00f4m c\u1ea5p h\u00e0ng kh\u00f4ng v\u0169 tr\u1ee5 (AlumiCore\u2122) \u0111\u01b0\u1ee3c k\u1ebft h\u1ee3p v\u1edbi th\u00e2n th\u00e9p carbon 1025 r\u00e8n v\u00e0 m\u1eb7t c\u1eaft b\u1eb1ng th\u00e9p kh\u00f4ng g\u1ec9 17-4.<\/p>\n<p>\u0110\u1ec3 mang l\u1ea1i kho\u1ea3ng c\u00e1ch v\u00e0 hi\u1ec7u su\u1ea5t ch\u00ednh x\u00e1c, \u0111\u00e1ng tin c\u1eady tr\u00ean m\u1ecdi g\u1eady, m\u1eb7t g\u1eady \u0111\u01b0\u1ee3c thi\u1ebft k\u1ebf v\u1edbi c\u00e1c r\u00e3nh MicroMax\u2122.<\/p>\n<p><strong>THI\u1ebeT K\u1ebe R\u00c8N THEO PHONG C\u00c1CH NG\u01af\u1edcI CH\u01a0I<\/strong><\/p>\n<p>\u0110\u01b0\u1eddng vi\u1ec1n m\u1ecfng v\u00e0 \u0111\u1ed9 l\u1ec7ch ph\u00f9 h\u1ee3p mang l\u1ea1i giao di\u1ec7n g\u1ecdn g\u00e0ng, h\u1ee3p l\u00fd \u0111\u01b0\u1ee3c nh\u1eefng ng\u01b0\u1eddi ch\u01a1i c\u00f3 k\u1ef9 n\u0103ng \u01b0a th\u00edch. L\u1edbp ho\u00e0n thi\u1ec7n hydropearl 2.0 \u0111\u1ea9y l\u00f9i n\u01b0\u1edbc \u0111\u1ec3 \u0111\u1ea3m b\u1ea3o hi\u1ec7u su\u1ea5t nh\u1ea5t qu\u00e1n, c\u00f3 th\u1ec3 d\u1ef1 \u0111o\u00e1n \u0111\u01b0\u1ee3c t\u1eeb c\u00e1c \u0111i\u1ec1u ki\u1ec7n kh\u00f4 v\u00e0 \u01b0\u1edbt.<\/p>\n<p><img decoding=\"async\" src=\"https:\/\/www.tatgolf.vn\/media\/catalog\/Gay\/I59_2.0_Lite13.jpg\" alt=\"\" \/><\/p>\n<p><strong>X\u00c2Y D\u1ef0NG \u0110A V\u1eacT LI\u1ec6U<\/strong><\/p>\n<p>L\u00f5i nh\u00f4m c\u1ea5p h\u00e0ng kh\u00f4ng v\u0169 tr\u1ee5 (t\u1ef7 tr\u1ecdng b\u1eb1ng 1\/3 th\u00e9p kh\u00f4ng g\u1ec9) k\u1ebft h\u1ee3p v\u1edbi th\u00e2n th\u00e9p carbon 1025 v\u00e0 m\u1eb7t c\u1eaft b\u1eb1ng laser 17-4 SS \u0111\u1ec3 \u0111\u1ea3m b\u1ea3o ki\u1ec3m so\u00e1t qu\u1ef9 \u0111\u1ea1o v\u00e0 b\u1eafn ch\u00ednh x\u00e1c.<\/p>\n<p><strong>C\u00d4NG NGH\u1ec6 ALUMICORE<\/strong><\/p>\n<p>M\u1ed9t mi\u1ebfng \u0111\u1ec7m b\u1eb1ng nh\u00f4m c\u1ea5p h\u00e0ng kh\u00f4ng v\u0169 tr\u1ee5 cho ph\u00e9p ph\u00e2n b\u1ed5 l\u1ea1i kho\u1ea3ng 30 gam v\u1eadt li\u1ec7u t\u1eeb t\u00e2m g\u1eady \u0111\u1ebfn chu vi d\u01b0\u1edbi d\u1ea1ng tr\u1ecdng l\u01b0\u1ee3ng \u0111\u1ea7u ng\u00f3n ch\u00e2n v\u00e0 \u0111\u1ea7u tr\u1ee5c, n\u00e2ng MOI \u0111\u1ec3 ph\u00f9 h\u1ee3p v\u1edbi tr\u1ecdng l\u01b0\u1ee3ng c\u1ee7a b\u00e0n \u1ee7i PING i210 l\u1edbn h\u01a1n.<\/p>\n<p><img decoding=\"async\" src=\"https:\/\/www.tatgolf.vn\/media\/catalog\/Gay\/I59_2.0_Lite12.jpg\" alt=\"\" \/><\/p>\n<p><strong>TI\u1ebeT KI\u1ec6M TR\u1eccNG L\u01af\u1ee2NG<\/strong><\/p>\n<p>M\u1ed7i b\u00e0n \u1ee7i \u0111\u01b0\u1ee3c ch\u1ebf t\u1ea1o ch\u00ednh x\u00e1c v\u1edbi m\u1ed9t mi\u1ebfng ch\u00e8n nh\u00f4m \u0111\u1ed9c \u0111\u00e1o, cho ph\u00e9p kho\u1ea3ng 30 gam v\u1eadt li\u1ec7u \u0111\u01b0\u1ee3c \u0111\u1ecbnh v\u1ecb t\u1ed1t h\u01a1n \u0111\u1ec3 ki\u1ec3m so\u00e1t qu\u1ef9 \u0111\u1ea1o v\u00e0 \u0111\u1ed9 tha ma cao h\u01a1n.<\/p>\n<p><img decoding=\"async\" src=\"https:\/\/www.tatgolf.vn\/media\/catalog\/Gay\/I59_2.0_Lite11.jpg\" alt=\"\" \/><\/p>\n<p><strong>MICROMAX \u2122 GROOVES (KHO\u1ea2NG C\u00c1CH H\u1eb8P H\u01a0N, TH\u00caM 4 R\u00c3NH)<\/strong><\/p>\n<p>M\u1eb7t \u0111\u01b0\u1ee3c gia c\u00f4ng ho\u00e0n to\u00e0n v\u1edbi c\u00e1c r\u00e3nh MicroMax gi\u00fap c\u1ea3i thi\u1ec7n kh\u1ea3 n\u0103ng ki\u1ec3m so\u00e1t v\u00e0 t\u00ednh nh\u1ea5t qu\u00e1n trong m\u1ecdi \u0111i\u1ec1u ki\u1ec7n.<\/p>\n<h2><\/h2>\n<h2>Th\u00f4ng S\u1ed1 K\u1ef9 Thu\u1eadt<\/h2>\n<p>&nbsp;<\/p>\n<table class=\"dataTable-table specs-table iron-specs-table data-table-before0\">\n<tbody>\n<tr>\n<th scope=\"col\">CLUB<\/th>\n<th scope=\"col\">LENGTH<\/th>\n<th scope=\"col\">LOFT<\/th>\n<th scope=\"col\">LIE ANGLE<\/th>\n<th scope=\"col\">BOUNCE<\/th>\n<th scope=\"col\">SWINGWEIGHT<\/th>\n<\/tr>\n<tr>\n<td>5-iron<\/td>\n<td>38&#8243;<\/td>\n<td>27.0\u00b0<\/td>\n<td>60.5\u00b0<\/td>\n<td>6.0\u00b0<\/td>\n<td>D1<\/td>\n<\/tr>\n<tr>\n<td>6-iron<\/td>\n<td>37 1\/2&#8243;<span class=\"isVisuallyHidden\">1\/2<\/span><\/td>\n<td>30.5\u00b0<\/td>\n<td><\/td>\n<td>7.0\u00b0<\/td>\n<td>D1<\/td>\n<\/tr>\n<tr>\n<td>7-iron<\/td>\n<td>37&#8243;<\/td>\n<td>34.0\u00b0<\/td>\n<td>62.0\u00b0<\/td>\n<td>8.0\u00b0<\/td>\n<td>D1<\/td>\n<\/tr>\n<tr>\n<td>8-iron<\/td>\n<td>36 1\/2&#8243;<span class=\"isVisuallyHidden\">1\/2<\/span><\/td>\n<td>38.0\u00b0<\/td>\n<td>62.8\u00b0<\/td>\n<td>9.0\u00b0<\/td>\n<td>D1<\/td>\n<\/tr>\n<tr>\n<td>9-iron<\/td>\n<td>36&#8243;<\/td>\n<td>42.0\u00b0<\/td>\n<td>63.5\u00b0<\/td>\n<td>10.5\u00b0<\/td>\n<td>D1<\/td>\n<\/tr>\n<tr>\n<td>PW<\/td>\n<td>35 1\/2&#8243;<span class=\"isVisuallyHidden\">1\/2<\/span><\/td>\n<td>46.0\u00b0<\/td>\n<td>64.1\u00b0<\/td>\n<td>11.5\u00b0<\/td>\n<td>D2<\/td>\n<\/tr>\n<\/tbody>\n<\/table>\n<p><strong>Shaft\u00a0<\/strong><\/p>\n<p>NS Pro 850GH NEO<\/p>\n<p>Flex S : weight :88g<\/p>\n","protected":false},"excerpt":{"rendered":"<p>B\u1ed9 g\u1eady g\u00f4n Ping i59 NS Pro 850GH Neo (6g\u1eady) Th\u00f4ng tin T\u00e1c \u0111\u1ed9ng m\u1ea1nh m\u1ebd, nh\u1ea5t qu\u00e1n, c\u1ea3m gi\u00e1c ch\u1eafc ch\u1eafn v\u00e0 qu\u1ef9 \u0111\u1ea1o bay v\u1edbi s\u1ef1 tha th\u1ee9 b\u1ed5 sung l\u00e0 k\u1ebft qu\u1ea3 c\u1ee7a m\u1ed9t mi\u1ebfng ch\u00e8n b\u1eb1ng nh\u00f4m c\u1ea5p h\u00e0ng kh\u00f4ng v\u0169 tr\u1ee5 (AlumiCore\u2122) \u0111\u01b0\u1ee3c k\u1ebft h\u1ee3p v\u1edbi th\u00e2n th\u00e9p carbon 1025 [&#8230;]\n","protected":false},"featured_media":2261,"comment_status":"open","ping_status":"closed","template":"","meta":[],"product_brand":[],"product_cat":[89],"product_tag":[],"class_list":{"0":"post-2259","1":"product","2":"type-product","3":"status-publish","4":"has-post-thumbnail","6":"product_cat-bo-sat","8":"first","9":"instock","10":"shipping-taxable","11":"product-type-simple"},"yoast_head":"<!-- This site is optimized with the Yoast SEO plugin v19.0 - https:\/\/yoast.com\/wordpress\/plugins\/seo\/ -->\n<title>B\u1ed9 g\u1eady golf Ping i59 NS Pro 850GH Neo (6g\u1eady) -<\/title>\n<meta name=\"robots\" content=\"index, follow, max-snippet:-1, max-image-preview:large, max-video-preview:-1\" \/>\n<link rel=\"canonical\" href=\"https:\/\/lotusgolf.vn\/vi\/product\/bo-gay-golf-ping-i59-ns-pro-850gh-neo-6gay\/\" \/>\n<meta property=\"og:locale\" content=\"vi_VN\" \/>\n<meta property=\"og:type\" content=\"article\" \/>\n<meta property=\"og:title\" content=\"B\u1ed9 g\u1eady golf Ping i59 NS Pro 850GH Neo (6g\u1eady) -\" \/>\n<meta property=\"og:description\" content=\"B\u1ed9 g\u1eady g\u00f4n Ping i59 NS Pro 850GH Neo (6g\u1eady) Th\u00f4ng tin T\u00e1c \u0111\u1ed9ng m\u1ea1nh m\u1ebd, nh\u1ea5t qu\u00e1n, c\u1ea3m gi\u00e1c ch\u1eafc ch\u1eafn v\u00e0 qu\u1ef9 \u0111\u1ea1o bay v\u1edbi s\u1ef1 tha th\u1ee9 b\u1ed5 sung l\u00e0 k\u1ebft qu\u1ea3 c\u1ee7a m\u1ed9t mi\u1ebfng ch\u00e8n b\u1eb1ng nh\u00f4m c\u1ea5p h\u00e0ng kh\u00f4ng v\u0169 tr\u1ee5 (AlumiCore\u2122) \u0111\u01b0\u1ee3c k\u1ebft h\u1ee3p v\u1edbi th\u00e2n th\u00e9p carbon 1025 [...]\" \/>\n<meta property=\"og:url\" content=\"https:\/\/lotusgolf.vn\/vi\/product\/bo-gay-golf-ping-i59-ns-pro-850gh-neo-6gay\/\" \/>\n<meta property=\"og:image\" content=\"https:\/\/lotusgolf.vn\/wp-content\/uploads\/2022\/10\/i59_2.0_lite_2.jpg\" \/>\n\t<meta property=\"og:image:width\" content=\"600\" \/>\n\t<meta property=\"og:image:height\" content=\"600\" \/>\n\t<meta property=\"og:image:type\" content=\"image\/jpeg\" \/>\n<meta name=\"twitter:card\" content=\"summary_large_image\" \/>\n<meta name=\"twitter:label1\" content=\"\u01af\u1edbc t\u00ednh th\u1eddi gian \u0111\u1ecdc\" \/>\n\t<meta name=\"twitter:data1\" content=\"3 ph\u00fat\" \/>\n<script type=\"application\/ld+json\" class=\"yoast-schema-graph\">{\"@context\":\"https:\/\/schema.org\",\"@graph\":[{\"@type\":\"WebSite\",\"@id\":\"https:\/\/lotusgolf-b23998.ingress-bonde.ewp.live\/#website\",\"url\":\"https:\/\/lotusgolf-b23998.ingress-bonde.ewp.live\/\",\"name\":\"\",\"description\":\"\",\"potentialAction\":[{\"@type\":\"SearchAction\",\"target\":{\"@type\":\"EntryPoint\",\"urlTemplate\":\"https:\/\/lotusgolf-b23998.ingress-bonde.ewp.live\/?s={search_term_string}\"},\"query-input\":\"required name=search_term_string\"}],\"inLanguage\":\"vi\"},{\"@type\":\"ImageObject\",\"inLanguage\":\"vi\",\"@id\":\"https:\/\/lotusgolf.vn\/product\/bo-gay-golf-ping-i59-ns-pro-850gh-neo-6gay\/#primaryimage\",\"url\":\"https:\/\/lotusgolf.vn\/wp-content\/uploads\/2022\/10\/i59_2.0_lite_2.jpg\",\"contentUrl\":\"https:\/\/lotusgolf.vn\/wp-content\/uploads\/2022\/10\/i59_2.0_lite_2.jpg\",\"width\":600,\"height\":600},{\"@type\":\"WebPage\",\"@id\":\"https:\/\/lotusgolf.vn\/product\/bo-gay-golf-ping-i59-ns-pro-850gh-neo-6gay\/#webpage\",\"url\":\"https:\/\/lotusgolf.vn\/product\/bo-gay-golf-ping-i59-ns-pro-850gh-neo-6gay\/\",\"name\":\"B\u1ed9 g\u1eady golf Ping i59 NS Pro 850GH Neo (6g\u1eady) -\",\"isPartOf\":{\"@id\":\"https:\/\/lotusgolf-b23998.ingress-bonde.ewp.live\/#website\"},\"primaryImageOfPage\":{\"@id\":\"https:\/\/lotusgolf.vn\/product\/bo-gay-golf-ping-i59-ns-pro-850gh-neo-6gay\/#primaryimage\"},\"datePublished\":\"2022-10-14T08:37:54+00:00\",\"dateModified\":\"2022-10-14T08:37:54+00:00\",\"breadcrumb\":{\"@id\":\"https:\/\/lotusgolf.vn\/product\/bo-gay-golf-ping-i59-ns-pro-850gh-neo-6gay\/#breadcrumb\"},\"inLanguage\":\"vi\",\"potentialAction\":[{\"@type\":\"ReadAction\",\"target\":[\"https:\/\/lotusgolf.vn\/product\/bo-gay-golf-ping-i59-ns-pro-850gh-neo-6gay\/\"]}]},{\"@type\":\"BreadcrumbList\",\"@id\":\"https:\/\/lotusgolf.vn\/product\/bo-gay-golf-ping-i59-ns-pro-850gh-neo-6gay\/#breadcrumb\",\"itemListElement\":[{\"@type\":\"ListItem\",\"position\":1,\"name\":\"Home\",\"item\":\"https:\/\/lotusgolf.vn\/\"},{\"@type\":\"ListItem\",\"position\":2,\"name\":\"Shop\",\"item\":\"https:\/\/lotusgolf-b23998.ingress-bonde.ewp.live\/shop\/\"},{\"@type\":\"ListItem\",\"position\":3,\"name\":\"B\u1ed9 g\u1eady golf Ping i59 NS Pro 850GH Neo (6g\u1eady)\"}]}]}<\/script>\n<!-- \/ Yoast SEO plugin. -->","yoast_head_json":{"title":"B\u1ed9 g\u1eady golf Ping i59 NS Pro 850GH Neo (6g\u1eady) -","robots":{"index":"index","follow":"follow","max-snippet":"max-snippet:-1","max-image-preview":"max-image-preview:large","max-video-preview":"max-video-preview:-1"},"canonical":"https:\/\/lotusgolf.vn\/vi\/product\/bo-gay-golf-ping-i59-ns-pro-850gh-neo-6gay\/","og_locale":"vi_VN","og_type":"article","og_title":"B\u1ed9 g\u1eady golf Ping i59 NS Pro 850GH Neo (6g\u1eady) -","og_description":"B\u1ed9 g\u1eady g\u00f4n Ping i59 NS Pro 850GH Neo (6g\u1eady) Th\u00f4ng tin T\u00e1c \u0111\u1ed9ng m\u1ea1nh m\u1ebd, nh\u1ea5t qu\u00e1n, c\u1ea3m gi\u00e1c ch\u1eafc ch\u1eafn v\u00e0 qu\u1ef9 \u0111\u1ea1o bay v\u1edbi s\u1ef1 tha th\u1ee9 b\u1ed5 sung l\u00e0 k\u1ebft qu\u1ea3 c\u1ee7a m\u1ed9t mi\u1ebfng ch\u00e8n b\u1eb1ng nh\u00f4m c\u1ea5p h\u00e0ng kh\u00f4ng v\u0169 tr\u1ee5 (AlumiCore\u2122) \u0111\u01b0\u1ee3c k\u1ebft h\u1ee3p v\u1edbi th\u00e2n th\u00e9p carbon 1025 [...]","og_url":"https:\/\/lotusgolf.vn\/vi\/product\/bo-gay-golf-ping-i59-ns-pro-850gh-neo-6gay\/","og_image":[{"width":600,"height":600,"url":"https:\/\/lotusgolf.vn\/wp-content\/uploads\/2022\/10\/i59_2.0_lite_2.jpg","type":"image\/jpeg"}],"twitter_card":"summary_large_image","twitter_misc":{"\u01af\u1edbc t\u00ednh th\u1eddi gian \u0111\u1ecdc":"3 ph\u00fat"},"schema":{"@context":"https:\/\/schema.org","@graph":[{"@type":"WebSite","@id":"https:\/\/lotusgolf-b23998.ingress-bonde.ewp.live\/#website","url":"https:\/\/lotusgolf-b23998.ingress-bonde.ewp.live\/","name":"","description":"","potentialAction":[{"@type":"SearchAction","target":{"@type":"EntryPoint","urlTemplate":"https:\/\/lotusgolf-b23998.ingress-bonde.ewp.live\/?s={search_term_string}"},"query-input":"required name=search_term_string"}],"inLanguage":"vi"},{"@type":"ImageObject","inLanguage":"vi","@id":"https:\/\/lotusgolf.vn\/product\/bo-gay-golf-ping-i59-ns-pro-850gh-neo-6gay\/#primaryimage","url":"https:\/\/lotusgolf.vn\/wp-content\/uploads\/2022\/10\/i59_2.0_lite_2.jpg","contentUrl":"https:\/\/lotusgolf.vn\/wp-content\/uploads\/2022\/10\/i59_2.0_lite_2.jpg","width":600,"height":600},{"@type":"WebPage","@id":"https:\/\/lotusgolf.vn\/product\/bo-gay-golf-ping-i59-ns-pro-850gh-neo-6gay\/#webpage","url":"https:\/\/lotusgolf.vn\/product\/bo-gay-golf-ping-i59-ns-pro-850gh-neo-6gay\/","name":"B\u1ed9 g\u1eady golf Ping i59 NS Pro 850GH Neo (6g\u1eady) -","isPartOf":{"@id":"https:\/\/lotusgolf-b23998.ingress-bonde.ewp.live\/#website"},"primaryImageOfPage":{"@id":"https:\/\/lotusgolf.vn\/product\/bo-gay-golf-ping-i59-ns-pro-850gh-neo-6gay\/#primaryimage"},"datePublished":"2022-10-14T08:37:54+00:00","dateModified":"2022-10-14T08:37:54+00:00","breadcrumb":{"@id":"https:\/\/lotusgolf.vn\/product\/bo-gay-golf-ping-i59-ns-pro-850gh-neo-6gay\/#breadcrumb"},"inLanguage":"vi","potentialAction":[{"@type":"ReadAction","target":["https:\/\/lotusgolf.vn\/product\/bo-gay-golf-ping-i59-ns-pro-850gh-neo-6gay\/"]}]},{"@type":"BreadcrumbList","@id":"https:\/\/lotusgolf.vn\/product\/bo-gay-golf-ping-i59-ns-pro-850gh-neo-6gay\/#breadcrumb","itemListElement":[{"@type":"ListItem","position":1,"name":"Home","item":"https:\/\/lotusgolf.vn\/"},{"@type":"ListItem","position":2,"name":"Shop","item":"https:\/\/lotusgolf-b23998.ingress-bonde.ewp.live\/shop\/"},{"@type":"ListItem","position":3,"name":"B\u1ed9 g\u1eady golf Ping i59 NS Pro 850GH Neo (6g\u1eady)"}]}]}},"_links":{"self":[{"href":"https:\/\/lotusgolf.vn\/vi\/wp-json\/wp\/v2\/product\/2259","targetHints":{"allow":["GET"]}}],"collection":[{"href":"https:\/\/lotusgolf.vn\/vi\/wp-json\/wp\/v2\/product"}],"about":[{"href":"https:\/\/lotusgolf.vn\/vi\/wp-json\/wp\/v2\/types\/product"}],"replies":[{"embeddable":true,"href":"https:\/\/lotusgolf.vn\/vi\/wp-json\/wp\/v2\/comments?post=2259"}],"wp:featuredmedia":[{"embeddable":true,"href":"https:\/\/lotusgolf.vn\/vi\/wp-json\/wp\/v2\/media\/2261"}],"wp:attachment":[{"href":"https:\/\/lotusgolf.vn\/vi\/wp-json\/wp\/v2\/media?parent=2259"}],"wp:term":[{"taxonomy":"product_brand","embeddable":true,"href":"https:\/\/lotusgolf.vn\/vi\/wp-json\/wp\/v2\/product_brand?post=2259"},{"taxonomy":"product_cat","embeddable":true,"href":"https:\/\/lotusgolf.vn\/vi\/wp-json\/wp\/v2\/product_cat?post=2259"},{"taxonomy":"product_tag","embeddable":true,"href":"https:\/\/lotusgolf.vn\/vi\/wp-json\/wp\/v2\/product_tag?post=2259"}],"curies":[{"name":"wp","href":"https:\/\/api.w.org\/{rel}","templated":true}]}}