{"id":2266,"date":"2022-10-14T08:39:33","date_gmt":"2022-10-14T08:39:33","guid":{"rendered":"https:\/\/lotusgolf.vn\/?post_type=product&#038;p=2266"},"modified":"2022-10-14T08:41:24","modified_gmt":"2022-10-14T08:41:24","slug":"tui-dung-gay-golf-ping-cb-36238","status":"publish","type":"product","link":"https:\/\/lotusgolf.vn\/vi\/product\/tui-dung-gay-golf-ping-cb-36238","title":{"rendered":"T\u00fai \u0111\u1ef1ng g\u1eady golf Ping CB 36238"},"content":{"rendered":"<div id=\"description\" class=\"data item content\" aria-labelledby=\"tab-label-description-title\">\n<div class=\"product attribute description\">\n<div class=\"value\">\n<h1>T\u00fai \u0111\u1ef1ng g\u1eady g\u00f4n\u00a0Ping CB 36238<\/h1>\n<ul>\n<li>Ping BAG 36238\u00a0s\u1edf h\u1eefu 2 m\u00e0u \u0111\u1ec3 l\u1ef1a ch\u1ecdn: Tr\u1eafng v\u00e0 \u0111en.<\/li>\n<li>T\u00fai golf Cart Bag\u00a0thi\u1ebft k\u1ebf c\u00f3 quai x\u00e1ch v\u00e0 quai \u0111eo thu\u1eadn ti\u1ec7n cho vi\u1ec7c di chuy\u1ec3n.<\/li>\n<li>Ch\u00e2n \u0111\u1ebf d\u1ea1ng tr\u00f2n r\u1ea5t v\u1eefng ch\u1eafc, gi\u00fap \u0111\u1eb7t t\u00fai tho\u1ea3i m\u00e1i tr\u00ean s\u00e2n ch\u01a1i \u0111\u1ec3 l\u1ea5y g\u1eady ra hay c\u1ea5t g\u1eady v\u00e0o thu\u1eadn ti\u1ec7n.<\/li>\n<li>C\u00e1c ng\u0103n ph\u1ee5 ki\u1ec7n c\u1ee7a t\u00fai d\u00f9ng kh\u00f3a k\u00e9o 2 chi\u1ec1u b\u1ec1n b\u1ec9, k\u00e9o tr\u01a1n tru, m\u01b0\u1ee3t m\u00e0.<\/li>\n<li>C\u00e1c khe c\u1eafm g\u1eady r\u1ed9ng r\u00e3i gi\u00fap ch\u1ee9a \u0111\u01b0\u1ee3c nhi\u1ec1u g\u1eady h\u01a1n.<\/li>\n<li>V\u1edbi chi\u1ebfc\u00a0t\u00fai golf Ping\u00a0BAG 36238 s\u1ebd gi\u00fap b\u1ea1n v\u1eeba mang\u00a0g\u1eady golf, v\u1eeba c\u00f3 th\u1ec3 \u0111\u1ef1ng ph\u1ee5 ki\u1ec7n ch\u01a1i golf kh\u00e1c:\u00a0B\u00f3ng golf,\u00a0g\u0103ng tay golf,\u00a0tee golf,&#8230;<\/li>\n<li>\u00a0T\u01b0\u01a1ng th\u00edch 47 inch<\/li>\n<li>Ch\u1ea5t li\u1ec7u: Da t\u1ed5ng h\u1ee3p (PU)<\/li>\n<li>\u0110\u01b0\u1eddng k\u00ednh: 9,5 inch Tr\u1ecdng l\u01b0\u1ee3ng: Kho\u1ea3ng 3,3 kg<\/li>\n<li>5 chia \u0111\u1ea7u<\/li>\n<li>V\u1edbi th\u1ebb t\u00ean<\/li>\n<li>C\u00f3 m\u0169 tr\u00f9m \u0111\u1ea7u<\/li>\n<\/ul>\n<\/div>\n<\/div>\n<\/div>\n<div id=\"additional\" class=\"data item content\" aria-labelledby=\"tab-label-additional-title\">\n<div class=\"additional-attributes-wrapper table-wrapper\">\n<h3 class=\"tab-content-title\">Chi ti\u1ebft s\u1ea3n ph\u1ea9m<\/h3>\n<div id=\"product-attribute-specs-table\" class=\"data table additional-attributes\">\n<ul class=\"attribute-specs-wrapper\">\n<li>Gi\u1edbi t\u00ednh: Nam<\/li>\n<li>Th\u1ec3 lo\u1ea1i: T\u00fai \u0111\u1ef1ng g\u1eady<\/li>\n<li>H\u00e3ng: PING<\/li>\n<li>S\u1ea3n xu\u1ea5t : Trung Qu\u1ed1c<\/li>\n<\/ul>\n<\/div>\n<\/div>\n<\/div>\n","protected":false},"excerpt":{"rendered":"<p>T\u00fai \u0111\u1ef1ng g\u1eady g\u00f4n\u00a0Ping CB 36238 Ping BAG 36238\u00a0s\u1edf h\u1eefu 2 m\u00e0u \u0111\u1ec3 l\u1ef1a ch\u1ecdn: Tr\u1eafng v\u00e0 \u0111en. T\u00fai golf Cart Bag\u00a0thi\u1ebft k\u1ebf c\u00f3 quai x\u00e1ch v\u00e0 quai \u0111eo thu\u1eadn ti\u1ec7n cho vi\u1ec7c di chuy\u1ec3n. Ch\u00e2n \u0111\u1ebf d\u1ea1ng tr\u00f2n r\u1ea5t v\u1eefng ch\u1eafc, gi\u00fap \u0111\u1eb7t t\u00fai tho\u1ea3i m\u00e1i tr\u00ean s\u00e2n ch\u01a1i \u0111\u1ec3 l\u1ea5y g\u1eady ra hay [&#8230;]\n","protected":false},"featured_media":2272,"comment_status":"open","ping_status":"closed","template":"","meta":[],"product_brand":[],"product_cat":[105],"product_tag":[],"class_list":{"0":"post-2266","1":"product","2":"type-product","3":"status-publish","4":"has-post-thumbnail","6":"product_cat-tui-gay","8":"first","9":"instock","10":"shipping-taxable","11":"product-type-simple"},"yoast_head":"<!-- This site is optimized with the Yoast SEO plugin v19.0 - https:\/\/yoast.com\/wordpress\/plugins\/seo\/ -->\n<title>T\u00fai \u0111\u1ef1ng g\u1eady golf Ping CB 36238 -<\/title>\n<meta name=\"robots\" content=\"index, follow, max-snippet:-1, max-image-preview:large, max-video-preview:-1\" \/>\n<link rel=\"canonical\" href=\"https:\/\/lotusgolf.vn\/vi\/product\/tui-dung-gay-golf-ping-cb-36238\/\" \/>\n<meta property=\"og:locale\" content=\"vi_VN\" \/>\n<meta property=\"og:type\" content=\"article\" \/>\n<meta property=\"og:title\" content=\"T\u00fai \u0111\u1ef1ng g\u1eady golf Ping CB 36238 -\" \/>\n<meta property=\"og:description\" content=\"T\u00fai \u0111\u1ef1ng g\u1eady g\u00f4n\u00a0Ping CB 36238 Ping BAG 36238\u00a0s\u1edf h\u1eefu 2 m\u00e0u \u0111\u1ec3 l\u1ef1a ch\u1ecdn: Tr\u1eafng v\u00e0 \u0111en. T\u00fai golf Cart Bag\u00a0thi\u1ebft k\u1ebf c\u00f3 quai x\u00e1ch v\u00e0 quai \u0111eo thu\u1eadn ti\u1ec7n cho vi\u1ec7c di chuy\u1ec3n. Ch\u00e2n \u0111\u1ebf d\u1ea1ng tr\u00f2n r\u1ea5t v\u1eefng ch\u1eafc, gi\u00fap \u0111\u1eb7t t\u00fai tho\u1ea3i m\u00e1i tr\u00ean s\u00e2n ch\u01a1i \u0111\u1ec3 l\u1ea5y g\u1eady ra hay [...]\" \/>\n<meta property=\"og:url\" content=\"https:\/\/lotusgolf.vn\/vi\/product\/tui-dung-gay-golf-ping-cb-36238\/\" \/>\n<meta property=\"article:modified_time\" content=\"2022-10-14T08:41:24+00:00\" \/>\n<meta property=\"og:image\" content=\"https:\/\/lotusgolf.vn\/wp-content\/uploads\/2022\/10\/cb36238bk_1.jpg\" \/>\n\t<meta property=\"og:image:width\" content=\"500\" \/>\n\t<meta property=\"og:image:height\" content=\"500\" \/>\n\t<meta property=\"og:image:type\" content=\"image\/jpeg\" \/>\n<meta name=\"twitter:card\" content=\"summary_large_image\" \/>\n<meta name=\"twitter:label1\" content=\"\u01af\u1edbc t\u00ednh th\u1eddi gian \u0111\u1ecdc\" \/>\n\t<meta name=\"twitter:data1\" content=\"1 ph\u00fat\" \/>\n<script type=\"application\/ld+json\" class=\"yoast-schema-graph\">{\"@context\":\"https:\/\/schema.org\",\"@graph\":[{\"@type\":\"WebSite\",\"@id\":\"https:\/\/lotusgolf-b23998.ingress-bonde.ewp.live\/#website\",\"url\":\"https:\/\/lotusgolf-b23998.ingress-bonde.ewp.live\/\",\"name\":\"\",\"description\":\"\",\"potentialAction\":[{\"@type\":\"SearchAction\",\"target\":{\"@type\":\"EntryPoint\",\"urlTemplate\":\"https:\/\/lotusgolf-b23998.ingress-bonde.ewp.live\/?s={search_term_string}\"},\"query-input\":\"required name=search_term_string\"}],\"inLanguage\":\"vi\"},{\"@type\":\"ImageObject\",\"inLanguage\":\"vi\",\"@id\":\"https:\/\/lotusgolf.vn\/product\/tui-dung-gay-golf-ping-cb-36238\/#primaryimage\",\"url\":\"https:\/\/lotusgolf.vn\/wp-content\/uploads\/2022\/10\/cb36238bk_1.jpg\",\"contentUrl\":\"https:\/\/lotusgolf.vn\/wp-content\/uploads\/2022\/10\/cb36238bk_1.jpg\",\"width\":500,\"height\":500},{\"@type\":\"WebPage\",\"@id\":\"https:\/\/lotusgolf.vn\/product\/tui-dung-gay-golf-ping-cb-36238\/#webpage\",\"url\":\"https:\/\/lotusgolf.vn\/product\/tui-dung-gay-golf-ping-cb-36238\/\",\"name\":\"T\u00fai \u0111\u1ef1ng g\u1eady golf Ping CB 36238 -\",\"isPartOf\":{\"@id\":\"https:\/\/lotusgolf-b23998.ingress-bonde.ewp.live\/#website\"},\"primaryImageOfPage\":{\"@id\":\"https:\/\/lotusgolf.vn\/product\/tui-dung-gay-golf-ping-cb-36238\/#primaryimage\"},\"datePublished\":\"2022-10-14T08:39:33+00:00\",\"dateModified\":\"2022-10-14T08:41:24+00:00\",\"breadcrumb\":{\"@id\":\"https:\/\/lotusgolf.vn\/product\/tui-dung-gay-golf-ping-cb-36238\/#breadcrumb\"},\"inLanguage\":\"vi\",\"potentialAction\":[{\"@type\":\"ReadAction\",\"target\":[\"https:\/\/lotusgolf.vn\/product\/tui-dung-gay-golf-ping-cb-36238\/\"]}]},{\"@type\":\"BreadcrumbList\",\"@id\":\"https:\/\/lotusgolf.vn\/product\/tui-dung-gay-golf-ping-cb-36238\/#breadcrumb\",\"itemListElement\":[{\"@type\":\"ListItem\",\"position\":1,\"name\":\"Home\",\"item\":\"https:\/\/lotusgolf.vn\/\"},{\"@type\":\"ListItem\",\"position\":2,\"name\":\"Shop\",\"item\":\"https:\/\/lotusgolf-b23998.ingress-bonde.ewp.live\/shop\/\"},{\"@type\":\"ListItem\",\"position\":3,\"name\":\"T\u00fai \u0111\u1ef1ng g\u1eady golf Ping CB 36238\"}]}]}<\/script>\n<!-- \/ Yoast SEO plugin. -->","yoast_head_json":{"title":"T\u00fai \u0111\u1ef1ng g\u1eady golf Ping CB 36238 -","robots":{"index":"index","follow":"follow","max-snippet":"max-snippet:-1","max-image-preview":"max-image-preview:large","max-video-preview":"max-video-preview:-1"},"canonical":"https:\/\/lotusgolf.vn\/vi\/product\/tui-dung-gay-golf-ping-cb-36238\/","og_locale":"vi_VN","og_type":"article","og_title":"T\u00fai \u0111\u1ef1ng g\u1eady golf Ping CB 36238 -","og_description":"T\u00fai \u0111\u1ef1ng g\u1eady g\u00f4n\u00a0Ping CB 36238 Ping BAG 36238\u00a0s\u1edf h\u1eefu 2 m\u00e0u \u0111\u1ec3 l\u1ef1a ch\u1ecdn: Tr\u1eafng v\u00e0 \u0111en. T\u00fai golf Cart Bag\u00a0thi\u1ebft k\u1ebf c\u00f3 quai x\u00e1ch v\u00e0 quai \u0111eo thu\u1eadn ti\u1ec7n cho vi\u1ec7c di chuy\u1ec3n. Ch\u00e2n \u0111\u1ebf d\u1ea1ng tr\u00f2n r\u1ea5t v\u1eefng ch\u1eafc, gi\u00fap \u0111\u1eb7t t\u00fai tho\u1ea3i m\u00e1i tr\u00ean s\u00e2n ch\u01a1i \u0111\u1ec3 l\u1ea5y g\u1eady ra hay [...]","og_url":"https:\/\/lotusgolf.vn\/vi\/product\/tui-dung-gay-golf-ping-cb-36238\/","article_modified_time":"2022-10-14T08:41:24+00:00","og_image":[{"width":500,"height":500,"url":"https:\/\/lotusgolf.vn\/wp-content\/uploads\/2022\/10\/cb36238bk_1.jpg","type":"image\/jpeg"}],"twitter_card":"summary_large_image","twitter_misc":{"\u01af\u1edbc t\u00ednh th\u1eddi gian \u0111\u1ecdc":"1 ph\u00fat"},"schema":{"@context":"https:\/\/schema.org","@graph":[{"@type":"WebSite","@id":"https:\/\/lotusgolf-b23998.ingress-bonde.ewp.live\/#website","url":"https:\/\/lotusgolf-b23998.ingress-bonde.ewp.live\/","name":"","description":"","potentialAction":[{"@type":"SearchAction","target":{"@type":"EntryPoint","urlTemplate":"https:\/\/lotusgolf-b23998.ingress-bonde.ewp.live\/?s={search_term_string}"},"query-input":"required name=search_term_string"}],"inLanguage":"vi"},{"@type":"ImageObject","inLanguage":"vi","@id":"https:\/\/lotusgolf.vn\/product\/tui-dung-gay-golf-ping-cb-36238\/#primaryimage","url":"https:\/\/lotusgolf.vn\/wp-content\/uploads\/2022\/10\/cb36238bk_1.jpg","contentUrl":"https:\/\/lotusgolf.vn\/wp-content\/uploads\/2022\/10\/cb36238bk_1.jpg","width":500,"height":500},{"@type":"WebPage","@id":"https:\/\/lotusgolf.vn\/product\/tui-dung-gay-golf-ping-cb-36238\/#webpage","url":"https:\/\/lotusgolf.vn\/product\/tui-dung-gay-golf-ping-cb-36238\/","name":"T\u00fai \u0111\u1ef1ng g\u1eady golf Ping CB 36238 -","isPartOf":{"@id":"https:\/\/lotusgolf-b23998.ingress-bonde.ewp.live\/#website"},"primaryImageOfPage":{"@id":"https:\/\/lotusgolf.vn\/product\/tui-dung-gay-golf-ping-cb-36238\/#primaryimage"},"datePublished":"2022-10-14T08:39:33+00:00","dateModified":"2022-10-14T08:41:24+00:00","breadcrumb":{"@id":"https:\/\/lotusgolf.vn\/product\/tui-dung-gay-golf-ping-cb-36238\/#breadcrumb"},"inLanguage":"vi","potentialAction":[{"@type":"ReadAction","target":["https:\/\/lotusgolf.vn\/product\/tui-dung-gay-golf-ping-cb-36238\/"]}]},{"@type":"BreadcrumbList","@id":"https:\/\/lotusgolf.vn\/product\/tui-dung-gay-golf-ping-cb-36238\/#breadcrumb","itemListElement":[{"@type":"ListItem","position":1,"name":"Home","item":"https:\/\/lotusgolf.vn\/"},{"@type":"ListItem","position":2,"name":"Shop","item":"https:\/\/lotusgolf-b23998.ingress-bonde.ewp.live\/shop\/"},{"@type":"ListItem","position":3,"name":"T\u00fai \u0111\u1ef1ng g\u1eady golf Ping CB 36238"}]}]}},"_links":{"self":[{"href":"https:\/\/lotusgolf.vn\/vi\/wp-json\/wp\/v2\/product\/2266","targetHints":{"allow":["GET"]}}],"collection":[{"href":"https:\/\/lotusgolf.vn\/vi\/wp-json\/wp\/v2\/product"}],"about":[{"href":"https:\/\/lotusgolf.vn\/vi\/wp-json\/wp\/v2\/types\/product"}],"replies":[{"embeddable":true,"href":"https:\/\/lotusgolf.vn\/vi\/wp-json\/wp\/v2\/comments?post=2266"}],"wp:featuredmedia":[{"embeddable":true,"href":"https:\/\/lotusgolf.vn\/vi\/wp-json\/wp\/v2\/media\/2272"}],"wp:attachment":[{"href":"https:\/\/lotusgolf.vn\/vi\/wp-json\/wp\/v2\/media?parent=2266"}],"wp:term":[{"taxonomy":"product_brand","embeddable":true,"href":"https:\/\/lotusgolf.vn\/vi\/wp-json\/wp\/v2\/product_brand?post=2266"},{"taxonomy":"product_cat","embeddable":true,"href":"https:\/\/lotusgolf.vn\/vi\/wp-json\/wp\/v2\/product_cat?post=2266"},{"taxonomy":"product_tag","embeddable":true,"href":"https:\/\/lotusgolf.vn\/vi\/wp-json\/wp\/v2\/product_tag?post=2266"}],"curies":[{"name":"wp","href":"https:\/\/api.w.org\/{rel}","templated":true}]}}