{"id":2315,"date":"2022-10-14T10:21:19","date_gmt":"2022-10-14T10:21:19","guid":{"rendered":"https:\/\/lotusgolf.vn\/?post_type=product&#038;p=2315"},"modified":"2022-10-14T10:21:19","modified_gmt":"2022-10-14T10:21:19","slug":"o-golf-ping-ubr35953","status":"publish","type":"product","link":"https:\/\/lotusgolf.vn\/vi\/product\/o-golf-ping-ubr35953","title":{"rendered":"\u00d4 golf Ping UBR35953"},"content":{"rendered":"<div id=\"description\" class=\"data item content\" aria-labelledby=\"tab-label-description-title\">\n<div class=\"product attribute description\">\n<div class=\"value\">\n<h3><a href=\"https:\/\/www.tatgolf.vn\/phu-kien\/o.html?brand=5652\">\u00d4 golf Ping UBR35953<\/a><\/h3>\n<ul>\n<li>\n<h3>\u00d4 PING ch\u01a1i g\u00f4n 2 l\u01a1\u0301p &#8211; T\u1ea1o lu\u1ed3ng gi\u00f3 v\u00e0o b\u00ean trong d\u00f9 l\u00e0m cho m\u00e1t v\u00e0 kh\u00f4ng b\u1ecb b\u1eadt d\u00f9 khi gi\u00f3 l\u1edbn<\/h3>\n<\/li>\n<li>\n<h3>\u00a0\u0110\u01b0\u1eddng k\u00ednh l\u1edbn nh\u1ea5t: 68 inch (~173cm) &#8211; Si\u00eau r\u1ed9ng &#8211; \u0110\u1ee7 cho 2 ng\u01b0\u1eddi<\/h3>\n<\/li>\n<li>\n<h3>\u00a0V\u1ea3i d\u00f9 m\u1ec1m, cao c\u1ea5p &#8211; Ch\u1ed1ng th\u1ea5m 100%<\/h3>\n<\/li>\n<li>\n<h3>\u00a0Ch\u1ed1ng b\u1ee9c x\u1ea1 UV, an to\u00e0n h\u01a1n khi di chuy\u1ec3n ngo\u00e0i n\u1eafng h\u01a1n 4 ti\u1ebfng tr\u00ean s\u00e2n golf.<\/h3>\n<\/li>\n<li>\n<h3>\u00a0X\u01b0\u01a1ng d\u00f9 b\u1eb1ng ch\u1ea5t li\u1ec7u s\u1ee3i Carbon &#8211; Si\u00eau b\u1ec1n &#8211; Uy\u1ec3n chuy\u1ec3n<\/h3>\n<\/li>\n<li>\n<h3>\u00a0C\u00e1n d\u00f9 b\u1eb1ng cao su foam cao c\u1ea5p &#8211; C\u1ea3m gi\u00e1 \u00eam nh\u01b0ng ch\u1eafc ch\u1eafn<\/h3>\n<\/li>\n<li>\n<h3>\u00a0Logo PING in ch\u1ea5t l\u01b0\u1ee3ng cao<\/h3>\n<\/li>\n<\/ul>\n<\/div>\n<\/div>\n<\/div>\n","protected":false},"excerpt":{"rendered":"<p>\u00d4 golf Ping UBR35953 \u00d4 PING ch\u01a1i g\u00f4n 2 l\u01a1\u0301p &#8211; T\u1ea1o lu\u1ed3ng gi\u00f3 v\u00e0o b\u00ean trong d\u00f9 l\u00e0m cho m\u00e1t v\u00e0 kh\u00f4ng b\u1ecb b\u1eadt d\u00f9 khi gi\u00f3 l\u1edbn \u00a0\u0110\u01b0\u1eddng k\u00ednh l\u1edbn nh\u1ea5t: 68 inch (~173cm) &#8211; Si\u00eau r\u1ed9ng &#8211; \u0110\u1ee7 cho 2 ng\u01b0\u1eddi \u00a0V\u1ea3i d\u00f9 m\u1ec1m, cao c\u1ea5p &#8211; Ch\u1ed1ng th\u1ea5m 100% \u00a0Ch\u1ed1ng b\u1ee9c [&#8230;]\n","protected":false},"featured_media":2316,"comment_status":"open","ping_status":"closed","template":"","meta":[],"product_brand":[],"product_cat":[94],"product_tag":[],"class_list":{"0":"post-2315","1":"product","2":"type-product","3":"status-publish","4":"has-post-thumbnail","6":"product_cat-phu-kien","8":"first","9":"instock","10":"shipping-taxable","11":"product-type-simple"},"yoast_head":"<!-- This site is optimized with the Yoast SEO plugin v19.0 - https:\/\/yoast.com\/wordpress\/plugins\/seo\/ -->\n<title>\u00d4 golf Ping UBR35953 -<\/title>\n<meta name=\"robots\" content=\"index, follow, max-snippet:-1, max-image-preview:large, max-video-preview:-1\" \/>\n<link rel=\"canonical\" href=\"https:\/\/lotusgolf.vn\/vi\/product\/o-golf-ping-ubr35953\/\" \/>\n<meta property=\"og:locale\" content=\"vi_VN\" \/>\n<meta property=\"og:type\" content=\"article\" \/>\n<meta property=\"og:title\" content=\"\u00d4 golf Ping UBR35953 -\" \/>\n<meta property=\"og:description\" content=\"\u00d4 golf Ping UBR35953 \u00d4 PING ch\u01a1i g\u00f4n 2 l\u01a1\u0301p &#8211; T\u1ea1o lu\u1ed3ng gi\u00f3 v\u00e0o b\u00ean trong d\u00f9 l\u00e0m cho m\u00e1t v\u00e0 kh\u00f4ng b\u1ecb b\u1eadt d\u00f9 khi gi\u00f3 l\u1edbn \u00a0\u0110\u01b0\u1eddng k\u00ednh l\u1edbn nh\u1ea5t: 68 inch (~173cm) &#8211; Si\u00eau r\u1ed9ng &#8211; \u0110\u1ee7 cho 2 ng\u01b0\u1eddi \u00a0V\u1ea3i d\u00f9 m\u1ec1m, cao c\u1ea5p &#8211; Ch\u1ed1ng th\u1ea5m 100% \u00a0Ch\u1ed1ng b\u1ee9c [...]\" \/>\n<meta property=\"og:url\" content=\"https:\/\/lotusgolf.vn\/vi\/product\/o-golf-ping-ubr35953\/\" \/>\n<meta property=\"og:image\" content=\"https:\/\/lotusgolf.vn\/wp-content\/uploads\/2022\/10\/ping_ubr35953.jpg\" \/>\n\t<meta property=\"og:image:width\" content=\"600\" \/>\n\t<meta property=\"og:image:height\" content=\"600\" \/>\n\t<meta property=\"og:image:type\" content=\"image\/jpeg\" \/>\n<meta name=\"twitter:card\" content=\"summary_large_image\" \/>\n<meta name=\"twitter:label1\" content=\"\u01af\u1edbc t\u00ednh th\u1eddi gian \u0111\u1ecdc\" \/>\n\t<meta name=\"twitter:data1\" content=\"1 ph\u00fat\" \/>\n<script type=\"application\/ld+json\" class=\"yoast-schema-graph\">{\"@context\":\"https:\/\/schema.org\",\"@graph\":[{\"@type\":\"WebSite\",\"@id\":\"https:\/\/lotusgolf-b23998.ingress-bonde.ewp.live\/#website\",\"url\":\"https:\/\/lotusgolf-b23998.ingress-bonde.ewp.live\/\",\"name\":\"\",\"description\":\"\",\"potentialAction\":[{\"@type\":\"SearchAction\",\"target\":{\"@type\":\"EntryPoint\",\"urlTemplate\":\"https:\/\/lotusgolf-b23998.ingress-bonde.ewp.live\/?s={search_term_string}\"},\"query-input\":\"required name=search_term_string\"}],\"inLanguage\":\"vi\"},{\"@type\":\"ImageObject\",\"inLanguage\":\"vi\",\"@id\":\"https:\/\/lotusgolf.vn\/product\/o-golf-ping-ubr35953\/#primaryimage\",\"url\":\"https:\/\/lotusgolf.vn\/wp-content\/uploads\/2022\/10\/ping_ubr35953.jpg\",\"contentUrl\":\"https:\/\/lotusgolf.vn\/wp-content\/uploads\/2022\/10\/ping_ubr35953.jpg\",\"width\":600,\"height\":600},{\"@type\":\"WebPage\",\"@id\":\"https:\/\/lotusgolf.vn\/product\/o-golf-ping-ubr35953\/#webpage\",\"url\":\"https:\/\/lotusgolf.vn\/product\/o-golf-ping-ubr35953\/\",\"name\":\"\u00d4 golf Ping UBR35953 -\",\"isPartOf\":{\"@id\":\"https:\/\/lotusgolf-b23998.ingress-bonde.ewp.live\/#website\"},\"primaryImageOfPage\":{\"@id\":\"https:\/\/lotusgolf.vn\/product\/o-golf-ping-ubr35953\/#primaryimage\"},\"datePublished\":\"2022-10-14T10:21:19+00:00\",\"dateModified\":\"2022-10-14T10:21:19+00:00\",\"breadcrumb\":{\"@id\":\"https:\/\/lotusgolf.vn\/product\/o-golf-ping-ubr35953\/#breadcrumb\"},\"inLanguage\":\"vi\",\"potentialAction\":[{\"@type\":\"ReadAction\",\"target\":[\"https:\/\/lotusgolf.vn\/product\/o-golf-ping-ubr35953\/\"]}]},{\"@type\":\"BreadcrumbList\",\"@id\":\"https:\/\/lotusgolf.vn\/product\/o-golf-ping-ubr35953\/#breadcrumb\",\"itemListElement\":[{\"@type\":\"ListItem\",\"position\":1,\"name\":\"Home\",\"item\":\"https:\/\/lotusgolf.vn\/\"},{\"@type\":\"ListItem\",\"position\":2,\"name\":\"Shop\",\"item\":\"https:\/\/lotusgolf-b23998.ingress-bonde.ewp.live\/shop\/\"},{\"@type\":\"ListItem\",\"position\":3,\"name\":\"\u00d4 golf Ping UBR35953\"}]}]}<\/script>\n<!-- \/ Yoast SEO plugin. -->","yoast_head_json":{"title":"\u00d4 golf Ping UBR35953 -","robots":{"index":"index","follow":"follow","max-snippet":"max-snippet:-1","max-image-preview":"max-image-preview:large","max-video-preview":"max-video-preview:-1"},"canonical":"https:\/\/lotusgolf.vn\/vi\/product\/o-golf-ping-ubr35953\/","og_locale":"vi_VN","og_type":"article","og_title":"\u00d4 golf Ping UBR35953 -","og_description":"\u00d4 golf Ping UBR35953 \u00d4 PING ch\u01a1i g\u00f4n 2 l\u01a1\u0301p &#8211; T\u1ea1o lu\u1ed3ng gi\u00f3 v\u00e0o b\u00ean trong d\u00f9 l\u00e0m cho m\u00e1t v\u00e0 kh\u00f4ng b\u1ecb b\u1eadt d\u00f9 khi gi\u00f3 l\u1edbn \u00a0\u0110\u01b0\u1eddng k\u00ednh l\u1edbn nh\u1ea5t: 68 inch (~173cm) &#8211; Si\u00eau r\u1ed9ng &#8211; \u0110\u1ee7 cho 2 ng\u01b0\u1eddi \u00a0V\u1ea3i d\u00f9 m\u1ec1m, cao c\u1ea5p &#8211; Ch\u1ed1ng th\u1ea5m 100% \u00a0Ch\u1ed1ng b\u1ee9c [...]","og_url":"https:\/\/lotusgolf.vn\/vi\/product\/o-golf-ping-ubr35953\/","og_image":[{"width":600,"height":600,"url":"https:\/\/lotusgolf.vn\/wp-content\/uploads\/2022\/10\/ping_ubr35953.jpg","type":"image\/jpeg"}],"twitter_card":"summary_large_image","twitter_misc":{"\u01af\u1edbc t\u00ednh th\u1eddi gian \u0111\u1ecdc":"1 ph\u00fat"},"schema":{"@context":"https:\/\/schema.org","@graph":[{"@type":"WebSite","@id":"https:\/\/lotusgolf-b23998.ingress-bonde.ewp.live\/#website","url":"https:\/\/lotusgolf-b23998.ingress-bonde.ewp.live\/","name":"","description":"","potentialAction":[{"@type":"SearchAction","target":{"@type":"EntryPoint","urlTemplate":"https:\/\/lotusgolf-b23998.ingress-bonde.ewp.live\/?s={search_term_string}"},"query-input":"required name=search_term_string"}],"inLanguage":"vi"},{"@type":"ImageObject","inLanguage":"vi","@id":"https:\/\/lotusgolf.vn\/product\/o-golf-ping-ubr35953\/#primaryimage","url":"https:\/\/lotusgolf.vn\/wp-content\/uploads\/2022\/10\/ping_ubr35953.jpg","contentUrl":"https:\/\/lotusgolf.vn\/wp-content\/uploads\/2022\/10\/ping_ubr35953.jpg","width":600,"height":600},{"@type":"WebPage","@id":"https:\/\/lotusgolf.vn\/product\/o-golf-ping-ubr35953\/#webpage","url":"https:\/\/lotusgolf.vn\/product\/o-golf-ping-ubr35953\/","name":"\u00d4 golf Ping UBR35953 -","isPartOf":{"@id":"https:\/\/lotusgolf-b23998.ingress-bonde.ewp.live\/#website"},"primaryImageOfPage":{"@id":"https:\/\/lotusgolf.vn\/product\/o-golf-ping-ubr35953\/#primaryimage"},"datePublished":"2022-10-14T10:21:19+00:00","dateModified":"2022-10-14T10:21:19+00:00","breadcrumb":{"@id":"https:\/\/lotusgolf.vn\/product\/o-golf-ping-ubr35953\/#breadcrumb"},"inLanguage":"vi","potentialAction":[{"@type":"ReadAction","target":["https:\/\/lotusgolf.vn\/product\/o-golf-ping-ubr35953\/"]}]},{"@type":"BreadcrumbList","@id":"https:\/\/lotusgolf.vn\/product\/o-golf-ping-ubr35953\/#breadcrumb","itemListElement":[{"@type":"ListItem","position":1,"name":"Home","item":"https:\/\/lotusgolf.vn\/"},{"@type":"ListItem","position":2,"name":"Shop","item":"https:\/\/lotusgolf-b23998.ingress-bonde.ewp.live\/shop\/"},{"@type":"ListItem","position":3,"name":"\u00d4 golf Ping UBR35953"}]}]}},"_links":{"self":[{"href":"https:\/\/lotusgolf.vn\/vi\/wp-json\/wp\/v2\/product\/2315","targetHints":{"allow":["GET"]}}],"collection":[{"href":"https:\/\/lotusgolf.vn\/vi\/wp-json\/wp\/v2\/product"}],"about":[{"href":"https:\/\/lotusgolf.vn\/vi\/wp-json\/wp\/v2\/types\/product"}],"replies":[{"embeddable":true,"href":"https:\/\/lotusgolf.vn\/vi\/wp-json\/wp\/v2\/comments?post=2315"}],"wp:featuredmedia":[{"embeddable":true,"href":"https:\/\/lotusgolf.vn\/vi\/wp-json\/wp\/v2\/media\/2316"}],"wp:attachment":[{"href":"https:\/\/lotusgolf.vn\/vi\/wp-json\/wp\/v2\/media?parent=2315"}],"wp:term":[{"taxonomy":"product_brand","embeddable":true,"href":"https:\/\/lotusgolf.vn\/vi\/wp-json\/wp\/v2\/product_brand?post=2315"},{"taxonomy":"product_cat","embeddable":true,"href":"https:\/\/lotusgolf.vn\/vi\/wp-json\/wp\/v2\/product_cat?post=2315"},{"taxonomy":"product_tag","embeddable":true,"href":"https:\/\/lotusgolf.vn\/vi\/wp-json\/wp\/v2\/product_tag?post=2315"}],"curies":[{"name":"wp","href":"https:\/\/api.w.org\/{rel}","templated":true}]}}