{"id":2317,"date":"2022-10-14T10:24:59","date_gmt":"2022-10-14T10:24:59","guid":{"rendered":"https:\/\/lotusgolf.vn\/?post_type=product&#038;p=2317"},"modified":"2022-10-14T10:24:59","modified_gmt":"2022-10-14T10:24:59","slug":"o-golf-ping-ubr34785-lady","status":"publish","type":"product","link":"https:\/\/lotusgolf.vn\/vi\/product\/o-golf-ping-ubr34785-lady","title":{"rendered":"\u00d4 golf PING UBR34785 (lady)"},"content":{"rendered":"<div id=\"description\" class=\"data item content\" aria-labelledby=\"tab-label-description-title\">\n<div class=\"product attribute description\">\n<div class=\"value\">\n<h1>\u00d4 g\u00f4n PING UBP34785 (lady)<\/h1>\n<p>Ping Ladies Double Canopy Umbrella c\u00f3 thi\u1ebft k\u1ebf d\u1ea1ng tour du l\u1ecbch \u0111\u01b0\u1ee3c s\u1eed d\u1ee5ng b\u1edfi nh\u1eefng ng\u01b0\u1eddi ch\u01a1i nh\u00e2n vi\u00ean Ping.\u00a0V\u1edbi t\u00e1n \u0111\u00f4i l\u1edbn v\u00e0 tay c\u1ea7m \u0111\u01b0\u1ee3c thi\u1ebft k\u1ebf c\u00f4ng th\u00e1i h\u1ecdc gi\u00fap tho\u1ea3i m\u00e1i h\u01a1n trong qu\u00e1 tr\u00ecnh s\u1eed d\u1ee5ng.<\/p>\n<p>&#8211; T\u00e1n \u0111\u00f4i 62 &#8220;ch\u1ed1ng u\u1ed1n cong trong gi\u00f3<\/p>\n<p>&#8211; M\u1edf b\u1eb1ng n\u00fat b\u1ea5m \u0111\u01a1n gi\u1ea3n<\/p>\n<p>&#8211; V\u1ea3i pongee ch\u1ed1ng th\u1ea5m n\u01b0\u1edbc<\/p>\n<p>&#8211; S\u01b0\u1eddn s\u1ee3i th\u1ee7y tinh m\u1eadt \u0111\u1ed9 cao, linh ho\u1ea1t<\/p>\n<p>&#8211; Tay c\u1ea7m cao su k\u1ebft c\u1ea5u<\/p>\n<\/div>\n<\/div>\n<\/div>\n","protected":false},"excerpt":{"rendered":"<p>\u00d4 g\u00f4n PING UBP34785 (lady) Ping Ladies Double Canopy Umbrella c\u00f3 thi\u1ebft k\u1ebf d\u1ea1ng tour du l\u1ecbch \u0111\u01b0\u1ee3c s\u1eed d\u1ee5ng b\u1edfi nh\u1eefng ng\u01b0\u1eddi ch\u01a1i nh\u00e2n vi\u00ean Ping.\u00a0V\u1edbi t\u00e1n \u0111\u00f4i l\u1edbn v\u00e0 tay c\u1ea7m \u0111\u01b0\u1ee3c thi\u1ebft k\u1ebf c\u00f4ng th\u00e1i h\u1ecdc gi\u00fap tho\u1ea3i m\u00e1i h\u01a1n trong qu\u00e1 tr\u00ecnh s\u1eed d\u1ee5ng. &#8211; T\u00e1n \u0111\u00f4i 62 &#8220;ch\u1ed1ng u\u1ed1n cong [&#8230;]\n","protected":false},"featured_media":2318,"comment_status":"open","ping_status":"closed","template":"","meta":[],"product_brand":[],"product_cat":[94],"product_tag":[],"class_list":{"0":"post-2317","1":"product","2":"type-product","3":"status-publish","4":"has-post-thumbnail","6":"product_cat-phu-kien","8":"first","9":"instock","10":"shipping-taxable","11":"product-type-simple"},"yoast_head":"<!-- This site is optimized with the Yoast SEO plugin v19.0 - https:\/\/yoast.com\/wordpress\/plugins\/seo\/ -->\n<title>\u00d4 golf PING UBR34785 (lady) -<\/title>\n<meta name=\"robots\" content=\"index, follow, max-snippet:-1, max-image-preview:large, max-video-preview:-1\" \/>\n<link rel=\"canonical\" href=\"https:\/\/lotusgolf.vn\/vi\/product\/o-golf-ping-ubr34785-lady\/\" \/>\n<meta property=\"og:locale\" content=\"vi_VN\" \/>\n<meta property=\"og:type\" content=\"article\" \/>\n<meta property=\"og:title\" content=\"\u00d4 golf PING UBR34785 (lady) -\" \/>\n<meta property=\"og:description\" content=\"\u00d4 g\u00f4n PING UBP34785 (lady) Ping Ladies Double Canopy Umbrella c\u00f3 thi\u1ebft k\u1ebf d\u1ea1ng tour du l\u1ecbch \u0111\u01b0\u1ee3c s\u1eed d\u1ee5ng b\u1edfi nh\u1eefng ng\u01b0\u1eddi ch\u01a1i nh\u00e2n vi\u00ean Ping.\u00a0V\u1edbi t\u00e1n \u0111\u00f4i l\u1edbn v\u00e0 tay c\u1ea7m \u0111\u01b0\u1ee3c thi\u1ebft k\u1ebf c\u00f4ng th\u00e1i h\u1ecdc gi\u00fap tho\u1ea3i m\u00e1i h\u01a1n trong qu\u00e1 tr\u00ecnh s\u1eed d\u1ee5ng. &#8211; T\u00e1n \u0111\u00f4i 62 &#8220;ch\u1ed1ng u\u1ed1n cong [...]\" \/>\n<meta property=\"og:url\" content=\"https:\/\/lotusgolf.vn\/vi\/product\/o-golf-ping-ubr34785-lady\/\" \/>\n<meta property=\"og:image\" content=\"https:\/\/lotusgolf.vn\/wp-content\/uploads\/2022\/10\/34785101.jpg\" \/>\n\t<meta property=\"og:image:width\" content=\"600\" \/>\n\t<meta property=\"og:image:height\" content=\"600\" \/>\n\t<meta property=\"og:image:type\" content=\"image\/jpeg\" \/>\n<meta name=\"twitter:card\" content=\"summary_large_image\" \/>\n<meta name=\"twitter:label1\" content=\"\u01af\u1edbc t\u00ednh th\u1eddi gian \u0111\u1ecdc\" \/>\n\t<meta name=\"twitter:data1\" content=\"1 ph\u00fat\" \/>\n<script type=\"application\/ld+json\" class=\"yoast-schema-graph\">{\"@context\":\"https:\/\/schema.org\",\"@graph\":[{\"@type\":\"WebSite\",\"@id\":\"https:\/\/lotusgolf-b23998.ingress-bonde.ewp.live\/#website\",\"url\":\"https:\/\/lotusgolf-b23998.ingress-bonde.ewp.live\/\",\"name\":\"\",\"description\":\"\",\"potentialAction\":[{\"@type\":\"SearchAction\",\"target\":{\"@type\":\"EntryPoint\",\"urlTemplate\":\"https:\/\/lotusgolf-b23998.ingress-bonde.ewp.live\/?s={search_term_string}\"},\"query-input\":\"required name=search_term_string\"}],\"inLanguage\":\"vi\"},{\"@type\":\"ImageObject\",\"inLanguage\":\"vi\",\"@id\":\"https:\/\/lotusgolf.vn\/product\/o-golf-ping-ubr34785-lady\/#primaryimage\",\"url\":\"https:\/\/lotusgolf.vn\/wp-content\/uploads\/2022\/10\/34785101.jpg\",\"contentUrl\":\"https:\/\/lotusgolf.vn\/wp-content\/uploads\/2022\/10\/34785101.jpg\",\"width\":600,\"height\":600},{\"@type\":\"WebPage\",\"@id\":\"https:\/\/lotusgolf.vn\/product\/o-golf-ping-ubr34785-lady\/#webpage\",\"url\":\"https:\/\/lotusgolf.vn\/product\/o-golf-ping-ubr34785-lady\/\",\"name\":\"\u00d4 golf PING UBR34785 (lady) -\",\"isPartOf\":{\"@id\":\"https:\/\/lotusgolf-b23998.ingress-bonde.ewp.live\/#website\"},\"primaryImageOfPage\":{\"@id\":\"https:\/\/lotusgolf.vn\/product\/o-golf-ping-ubr34785-lady\/#primaryimage\"},\"datePublished\":\"2022-10-14T10:24:59+00:00\",\"dateModified\":\"2022-10-14T10:24:59+00:00\",\"breadcrumb\":{\"@id\":\"https:\/\/lotusgolf.vn\/product\/o-golf-ping-ubr34785-lady\/#breadcrumb\"},\"inLanguage\":\"vi\",\"potentialAction\":[{\"@type\":\"ReadAction\",\"target\":[\"https:\/\/lotusgolf.vn\/product\/o-golf-ping-ubr34785-lady\/\"]}]},{\"@type\":\"BreadcrumbList\",\"@id\":\"https:\/\/lotusgolf.vn\/product\/o-golf-ping-ubr34785-lady\/#breadcrumb\",\"itemListElement\":[{\"@type\":\"ListItem\",\"position\":1,\"name\":\"Home\",\"item\":\"https:\/\/lotusgolf.vn\/\"},{\"@type\":\"ListItem\",\"position\":2,\"name\":\"Shop\",\"item\":\"https:\/\/lotusgolf-b23998.ingress-bonde.ewp.live\/shop\/\"},{\"@type\":\"ListItem\",\"position\":3,\"name\":\"\u00d4 golf PING UBR34785 (lady)\"}]}]}<\/script>\n<!-- \/ Yoast SEO plugin. -->","yoast_head_json":{"title":"\u00d4 golf PING UBR34785 (lady) -","robots":{"index":"index","follow":"follow","max-snippet":"max-snippet:-1","max-image-preview":"max-image-preview:large","max-video-preview":"max-video-preview:-1"},"canonical":"https:\/\/lotusgolf.vn\/vi\/product\/o-golf-ping-ubr34785-lady\/","og_locale":"vi_VN","og_type":"article","og_title":"\u00d4 golf PING UBR34785 (lady) -","og_description":"\u00d4 g\u00f4n PING UBP34785 (lady) Ping Ladies Double Canopy Umbrella c\u00f3 thi\u1ebft k\u1ebf d\u1ea1ng tour du l\u1ecbch \u0111\u01b0\u1ee3c s\u1eed d\u1ee5ng b\u1edfi nh\u1eefng ng\u01b0\u1eddi ch\u01a1i nh\u00e2n vi\u00ean Ping.\u00a0V\u1edbi t\u00e1n \u0111\u00f4i l\u1edbn v\u00e0 tay c\u1ea7m \u0111\u01b0\u1ee3c thi\u1ebft k\u1ebf c\u00f4ng th\u00e1i h\u1ecdc gi\u00fap tho\u1ea3i m\u00e1i h\u01a1n trong qu\u00e1 tr\u00ecnh s\u1eed d\u1ee5ng. &#8211; T\u00e1n \u0111\u00f4i 62 &#8220;ch\u1ed1ng u\u1ed1n cong [...]","og_url":"https:\/\/lotusgolf.vn\/vi\/product\/o-golf-ping-ubr34785-lady\/","og_image":[{"width":600,"height":600,"url":"https:\/\/lotusgolf.vn\/wp-content\/uploads\/2022\/10\/34785101.jpg","type":"image\/jpeg"}],"twitter_card":"summary_large_image","twitter_misc":{"\u01af\u1edbc t\u00ednh th\u1eddi gian \u0111\u1ecdc":"1 ph\u00fat"},"schema":{"@context":"https:\/\/schema.org","@graph":[{"@type":"WebSite","@id":"https:\/\/lotusgolf-b23998.ingress-bonde.ewp.live\/#website","url":"https:\/\/lotusgolf-b23998.ingress-bonde.ewp.live\/","name":"","description":"","potentialAction":[{"@type":"SearchAction","target":{"@type":"EntryPoint","urlTemplate":"https:\/\/lotusgolf-b23998.ingress-bonde.ewp.live\/?s={search_term_string}"},"query-input":"required name=search_term_string"}],"inLanguage":"vi"},{"@type":"ImageObject","inLanguage":"vi","@id":"https:\/\/lotusgolf.vn\/product\/o-golf-ping-ubr34785-lady\/#primaryimage","url":"https:\/\/lotusgolf.vn\/wp-content\/uploads\/2022\/10\/34785101.jpg","contentUrl":"https:\/\/lotusgolf.vn\/wp-content\/uploads\/2022\/10\/34785101.jpg","width":600,"height":600},{"@type":"WebPage","@id":"https:\/\/lotusgolf.vn\/product\/o-golf-ping-ubr34785-lady\/#webpage","url":"https:\/\/lotusgolf.vn\/product\/o-golf-ping-ubr34785-lady\/","name":"\u00d4 golf PING UBR34785 (lady) -","isPartOf":{"@id":"https:\/\/lotusgolf-b23998.ingress-bonde.ewp.live\/#website"},"primaryImageOfPage":{"@id":"https:\/\/lotusgolf.vn\/product\/o-golf-ping-ubr34785-lady\/#primaryimage"},"datePublished":"2022-10-14T10:24:59+00:00","dateModified":"2022-10-14T10:24:59+00:00","breadcrumb":{"@id":"https:\/\/lotusgolf.vn\/product\/o-golf-ping-ubr34785-lady\/#breadcrumb"},"inLanguage":"vi","potentialAction":[{"@type":"ReadAction","target":["https:\/\/lotusgolf.vn\/product\/o-golf-ping-ubr34785-lady\/"]}]},{"@type":"BreadcrumbList","@id":"https:\/\/lotusgolf.vn\/product\/o-golf-ping-ubr34785-lady\/#breadcrumb","itemListElement":[{"@type":"ListItem","position":1,"name":"Home","item":"https:\/\/lotusgolf.vn\/"},{"@type":"ListItem","position":2,"name":"Shop","item":"https:\/\/lotusgolf-b23998.ingress-bonde.ewp.live\/shop\/"},{"@type":"ListItem","position":3,"name":"\u00d4 golf PING UBR34785 (lady)"}]}]}},"_links":{"self":[{"href":"https:\/\/lotusgolf.vn\/vi\/wp-json\/wp\/v2\/product\/2317","targetHints":{"allow":["GET"]}}],"collection":[{"href":"https:\/\/lotusgolf.vn\/vi\/wp-json\/wp\/v2\/product"}],"about":[{"href":"https:\/\/lotusgolf.vn\/vi\/wp-json\/wp\/v2\/types\/product"}],"replies":[{"embeddable":true,"href":"https:\/\/lotusgolf.vn\/vi\/wp-json\/wp\/v2\/comments?post=2317"}],"wp:featuredmedia":[{"embeddable":true,"href":"https:\/\/lotusgolf.vn\/vi\/wp-json\/wp\/v2\/media\/2318"}],"wp:attachment":[{"href":"https:\/\/lotusgolf.vn\/vi\/wp-json\/wp\/v2\/media?parent=2317"}],"wp:term":[{"taxonomy":"product_brand","embeddable":true,"href":"https:\/\/lotusgolf.vn\/vi\/wp-json\/wp\/v2\/product_brand?post=2317"},{"taxonomy":"product_cat","embeddable":true,"href":"https:\/\/lotusgolf.vn\/vi\/wp-json\/wp\/v2\/product_cat?post=2317"},{"taxonomy":"product_tag","embeddable":true,"href":"https:\/\/lotusgolf.vn\/vi\/wp-json\/wp\/v2\/product_tag?post=2317"}],"curies":[{"name":"wp","href":"https:\/\/api.w.org\/{rel}","templated":true}]}}