{"id":2321,"date":"2022-10-14T10:27:09","date_gmt":"2022-10-14T10:27:09","guid":{"rendered":"https:\/\/lotusgolf.vn\/?post_type=product&#038;p=2321"},"modified":"2022-10-14T10:27:09","modified_gmt":"2022-10-14T10:27:09","slug":"gang-tay-ping-sport-leather-synthetic-ice-glv34332","status":"publish","type":"product","link":"https:\/\/lotusgolf.vn\/vi\/product\/gang-tay-ping-sport-leather-synthetic-ice-glv34332","title":{"rendered":"G\u0103ng tay Ping Sport Leather\/Synthetic ice GLV34332"},"content":{"rendered":"<div id=\"description\" class=\"data item content\" aria-labelledby=\"tab-label-description-title\">\n<div class=\"product attribute description\">\n<div class=\"value\">\n<h1><a href=\"https:\/\/www.tatgolf.vn\/phu-kien\">G\u0103ng tay n\u01b0\u0303 Ping Sport Leather\/Synthetic ice GLV34332<\/a><\/h1>\n<ul>\n<li>\n<h3>L\u00e0m t\u1eeb da Cabretta cao c\u1ea5p<\/h3>\n<\/li>\n<li>\n<h3>C\u00f4ng ngh\u1ec7 l\u00e0m m\u00e1t c\u1ea3m bi\u1ebfn trong d\u00e2y \u0111eo c\u1ed5 tay \u0111\u1ec3 lo\u1ea1i b\u1ecf \u0111\u1ed9 \u1ea9m<\/h3>\n<\/li>\n<li>\n<h3>Kh\u00f3a d\u00e1n \u0111\u1ee5c l\u1ed7 v\u00e0 l\u1ed7 th\u00f4ng h\u01a1i \u0111\u1ec3 th\u00f4ng gi\u00f3<\/h3>\n<\/li>\n<li>\n<h3>V\u1ea3i thun Lycra<\/h3>\n<\/li>\n<\/ul>\n<\/div>\n<\/div>\n<\/div>\n","protected":false},"excerpt":{"rendered":"<p>G\u0103ng tay n\u01b0\u0303 Ping Sport Leather\/Synthetic ice GLV34332 L\u00e0m t\u1eeb da Cabretta cao c\u1ea5p C\u00f4ng ngh\u1ec7 l\u00e0m m\u00e1t c\u1ea3m bi\u1ebfn trong d\u00e2y \u0111eo c\u1ed5 tay \u0111\u1ec3 lo\u1ea1i b\u1ecf \u0111\u1ed9 \u1ea9m Kh\u00f3a d\u00e1n \u0111\u1ee5c l\u1ed7 v\u00e0 l\u1ed7 th\u00f4ng h\u01a1i \u0111\u1ec3 th\u00f4ng gi\u00f3 V\u1ea3i thun Lycra<\/p>\n","protected":false},"featured_media":2322,"comment_status":"open","ping_status":"closed","template":"","meta":[],"product_brand":[],"product_cat":[102],"product_tag":[],"class_list":{"0":"post-2321","1":"product","2":"type-product","3":"status-publish","4":"has-post-thumbnail","6":"product_cat-https-lotusgolf-vn-vi-product-category-phu-kien-gang-tay","8":"first","9":"instock","10":"shipping-taxable","11":"product-type-simple"},"yoast_head":"<!-- This site is optimized with the Yoast SEO plugin v19.0 - https:\/\/yoast.com\/wordpress\/plugins\/seo\/ -->\n<title>G\u0103ng tay Ping Sport Leather\/Synthetic ice GLV34332 -<\/title>\n<meta name=\"robots\" content=\"index, follow, max-snippet:-1, max-image-preview:large, max-video-preview:-1\" \/>\n<link rel=\"canonical\" href=\"https:\/\/lotusgolf.vn\/vi\/product\/gang-tay-ping-sport-leather-synthetic-ice-glv34332\/\" \/>\n<meta property=\"og:locale\" content=\"vi_VN\" \/>\n<meta property=\"og:type\" content=\"article\" \/>\n<meta property=\"og:title\" content=\"G\u0103ng tay Ping Sport Leather\/Synthetic ice GLV34332 -\" \/>\n<meta property=\"og:description\" content=\"G\u0103ng tay n\u01b0\u0303 Ping Sport Leather\/Synthetic ice GLV34332 L\u00e0m t\u1eeb da Cabretta cao c\u1ea5p C\u00f4ng ngh\u1ec7 l\u00e0m m\u00e1t c\u1ea3m bi\u1ebfn trong d\u00e2y \u0111eo c\u1ed5 tay \u0111\u1ec3 lo\u1ea1i b\u1ecf \u0111\u1ed9 \u1ea9m Kh\u00f3a d\u00e1n \u0111\u1ee5c l\u1ed7 v\u00e0 l\u1ed7 th\u00f4ng h\u01a1i \u0111\u1ec3 th\u00f4ng gi\u00f3 V\u1ea3i thun Lycra\" \/>\n<meta property=\"og:url\" content=\"https:\/\/lotusgolf.vn\/vi\/product\/gang-tay-ping-sport-leather-synthetic-ice-glv34332\/\" \/>\n<meta property=\"og:image\" content=\"https:\/\/lotusgolf.vn\/wp-content\/uploads\/2022\/10\/glv34332_w_pk.jpg\" \/>\n\t<meta property=\"og:image:width\" content=\"692\" \/>\n\t<meta property=\"og:image:height\" content=\"698\" \/>\n\t<meta property=\"og:image:type\" content=\"image\/jpeg\" \/>\n<meta name=\"twitter:card\" content=\"summary_large_image\" \/>\n<meta name=\"twitter:label1\" content=\"\u01af\u1edbc t\u00ednh th\u1eddi gian \u0111\u1ecdc\" \/>\n\t<meta name=\"twitter:data1\" content=\"1 ph\u00fat\" \/>\n<script type=\"application\/ld+json\" class=\"yoast-schema-graph\">{\"@context\":\"https:\/\/schema.org\",\"@graph\":[{\"@type\":\"WebSite\",\"@id\":\"https:\/\/lotusgolf-b23998.ingress-bonde.ewp.live\/#website\",\"url\":\"https:\/\/lotusgolf-b23998.ingress-bonde.ewp.live\/\",\"name\":\"\",\"description\":\"\",\"potentialAction\":[{\"@type\":\"SearchAction\",\"target\":{\"@type\":\"EntryPoint\",\"urlTemplate\":\"https:\/\/lotusgolf-b23998.ingress-bonde.ewp.live\/?s={search_term_string}\"},\"query-input\":\"required name=search_term_string\"}],\"inLanguage\":\"vi\"},{\"@type\":\"ImageObject\",\"inLanguage\":\"vi\",\"@id\":\"https:\/\/lotusgolf.vn\/product\/gang-tay-ping-sport-leather-synthetic-ice-glv34332\/#primaryimage\",\"url\":\"https:\/\/lotusgolf.vn\/wp-content\/uploads\/2022\/10\/glv34332_w_pk.jpg\",\"contentUrl\":\"https:\/\/lotusgolf.vn\/wp-content\/uploads\/2022\/10\/glv34332_w_pk.jpg\",\"width\":692,\"height\":698},{\"@type\":\"WebPage\",\"@id\":\"https:\/\/lotusgolf.vn\/product\/gang-tay-ping-sport-leather-synthetic-ice-glv34332\/#webpage\",\"url\":\"https:\/\/lotusgolf.vn\/product\/gang-tay-ping-sport-leather-synthetic-ice-glv34332\/\",\"name\":\"G\u0103ng tay Ping Sport Leather\/Synthetic ice GLV34332 -\",\"isPartOf\":{\"@id\":\"https:\/\/lotusgolf-b23998.ingress-bonde.ewp.live\/#website\"},\"primaryImageOfPage\":{\"@id\":\"https:\/\/lotusgolf.vn\/product\/gang-tay-ping-sport-leather-synthetic-ice-glv34332\/#primaryimage\"},\"datePublished\":\"2022-10-14T10:27:09+00:00\",\"dateModified\":\"2022-10-14T10:27:09+00:00\",\"breadcrumb\":{\"@id\":\"https:\/\/lotusgolf.vn\/product\/gang-tay-ping-sport-leather-synthetic-ice-glv34332\/#breadcrumb\"},\"inLanguage\":\"vi\",\"potentialAction\":[{\"@type\":\"ReadAction\",\"target\":[\"https:\/\/lotusgolf.vn\/product\/gang-tay-ping-sport-leather-synthetic-ice-glv34332\/\"]}]},{\"@type\":\"BreadcrumbList\",\"@id\":\"https:\/\/lotusgolf.vn\/product\/gang-tay-ping-sport-leather-synthetic-ice-glv34332\/#breadcrumb\",\"itemListElement\":[{\"@type\":\"ListItem\",\"position\":1,\"name\":\"Home\",\"item\":\"https:\/\/lotusgolf.vn\/\"},{\"@type\":\"ListItem\",\"position\":2,\"name\":\"Shop\",\"item\":\"https:\/\/lotusgolf-b23998.ingress-bonde.ewp.live\/shop\/\"},{\"@type\":\"ListItem\",\"position\":3,\"name\":\"G\u0103ng tay Ping Sport Leather\/Synthetic ice GLV34332\"}]}]}<\/script>\n<!-- \/ Yoast SEO plugin. -->","yoast_head_json":{"title":"G\u0103ng tay Ping Sport Leather\/Synthetic ice GLV34332 -","robots":{"index":"index","follow":"follow","max-snippet":"max-snippet:-1","max-image-preview":"max-image-preview:large","max-video-preview":"max-video-preview:-1"},"canonical":"https:\/\/lotusgolf.vn\/vi\/product\/gang-tay-ping-sport-leather-synthetic-ice-glv34332\/","og_locale":"vi_VN","og_type":"article","og_title":"G\u0103ng tay Ping Sport Leather\/Synthetic ice GLV34332 -","og_description":"G\u0103ng tay n\u01b0\u0303 Ping Sport Leather\/Synthetic ice GLV34332 L\u00e0m t\u1eeb da Cabretta cao c\u1ea5p C\u00f4ng ngh\u1ec7 l\u00e0m m\u00e1t c\u1ea3m bi\u1ebfn trong d\u00e2y \u0111eo c\u1ed5 tay \u0111\u1ec3 lo\u1ea1i b\u1ecf \u0111\u1ed9 \u1ea9m Kh\u00f3a d\u00e1n \u0111\u1ee5c l\u1ed7 v\u00e0 l\u1ed7 th\u00f4ng h\u01a1i \u0111\u1ec3 th\u00f4ng gi\u00f3 V\u1ea3i thun Lycra","og_url":"https:\/\/lotusgolf.vn\/vi\/product\/gang-tay-ping-sport-leather-synthetic-ice-glv34332\/","og_image":[{"width":692,"height":698,"url":"https:\/\/lotusgolf.vn\/wp-content\/uploads\/2022\/10\/glv34332_w_pk.jpg","type":"image\/jpeg"}],"twitter_card":"summary_large_image","twitter_misc":{"\u01af\u1edbc t\u00ednh th\u1eddi gian \u0111\u1ecdc":"1 ph\u00fat"},"schema":{"@context":"https:\/\/schema.org","@graph":[{"@type":"WebSite","@id":"https:\/\/lotusgolf-b23998.ingress-bonde.ewp.live\/#website","url":"https:\/\/lotusgolf-b23998.ingress-bonde.ewp.live\/","name":"","description":"","potentialAction":[{"@type":"SearchAction","target":{"@type":"EntryPoint","urlTemplate":"https:\/\/lotusgolf-b23998.ingress-bonde.ewp.live\/?s={search_term_string}"},"query-input":"required name=search_term_string"}],"inLanguage":"vi"},{"@type":"ImageObject","inLanguage":"vi","@id":"https:\/\/lotusgolf.vn\/product\/gang-tay-ping-sport-leather-synthetic-ice-glv34332\/#primaryimage","url":"https:\/\/lotusgolf.vn\/wp-content\/uploads\/2022\/10\/glv34332_w_pk.jpg","contentUrl":"https:\/\/lotusgolf.vn\/wp-content\/uploads\/2022\/10\/glv34332_w_pk.jpg","width":692,"height":698},{"@type":"WebPage","@id":"https:\/\/lotusgolf.vn\/product\/gang-tay-ping-sport-leather-synthetic-ice-glv34332\/#webpage","url":"https:\/\/lotusgolf.vn\/product\/gang-tay-ping-sport-leather-synthetic-ice-glv34332\/","name":"G\u0103ng tay Ping Sport Leather\/Synthetic ice GLV34332 -","isPartOf":{"@id":"https:\/\/lotusgolf-b23998.ingress-bonde.ewp.live\/#website"},"primaryImageOfPage":{"@id":"https:\/\/lotusgolf.vn\/product\/gang-tay-ping-sport-leather-synthetic-ice-glv34332\/#primaryimage"},"datePublished":"2022-10-14T10:27:09+00:00","dateModified":"2022-10-14T10:27:09+00:00","breadcrumb":{"@id":"https:\/\/lotusgolf.vn\/product\/gang-tay-ping-sport-leather-synthetic-ice-glv34332\/#breadcrumb"},"inLanguage":"vi","potentialAction":[{"@type":"ReadAction","target":["https:\/\/lotusgolf.vn\/product\/gang-tay-ping-sport-leather-synthetic-ice-glv34332\/"]}]},{"@type":"BreadcrumbList","@id":"https:\/\/lotusgolf.vn\/product\/gang-tay-ping-sport-leather-synthetic-ice-glv34332\/#breadcrumb","itemListElement":[{"@type":"ListItem","position":1,"name":"Home","item":"https:\/\/lotusgolf.vn\/"},{"@type":"ListItem","position":2,"name":"Shop","item":"https:\/\/lotusgolf-b23998.ingress-bonde.ewp.live\/shop\/"},{"@type":"ListItem","position":3,"name":"G\u0103ng tay Ping Sport Leather\/Synthetic ice GLV34332"}]}]}},"_links":{"self":[{"href":"https:\/\/lotusgolf.vn\/vi\/wp-json\/wp\/v2\/product\/2321","targetHints":{"allow":["GET"]}}],"collection":[{"href":"https:\/\/lotusgolf.vn\/vi\/wp-json\/wp\/v2\/product"}],"about":[{"href":"https:\/\/lotusgolf.vn\/vi\/wp-json\/wp\/v2\/types\/product"}],"replies":[{"embeddable":true,"href":"https:\/\/lotusgolf.vn\/vi\/wp-json\/wp\/v2\/comments?post=2321"}],"wp:featuredmedia":[{"embeddable":true,"href":"https:\/\/lotusgolf.vn\/vi\/wp-json\/wp\/v2\/media\/2322"}],"wp:attachment":[{"href":"https:\/\/lotusgolf.vn\/vi\/wp-json\/wp\/v2\/media?parent=2321"}],"wp:term":[{"taxonomy":"product_brand","embeddable":true,"href":"https:\/\/lotusgolf.vn\/vi\/wp-json\/wp\/v2\/product_brand?post=2321"},{"taxonomy":"product_cat","embeddable":true,"href":"https:\/\/lotusgolf.vn\/vi\/wp-json\/wp\/v2\/product_cat?post=2321"},{"taxonomy":"product_tag","embeddable":true,"href":"https:\/\/lotusgolf.vn\/vi\/wp-json\/wp\/v2\/product_tag?post=2321"}],"curies":[{"name":"wp","href":"https:\/\/api.w.org\/{rel}","templated":true}]}}