{"id":2325,"date":"2022-10-14T10:29:28","date_gmt":"2022-10-14T10:29:28","guid":{"rendered":"https:\/\/lotusgolf.vn\/?post_type=product&#038;p=2325"},"modified":"2022-10-14T10:29:28","modified_gmt":"2022-10-14T10:29:28","slug":"gang-tay-golf-tour-direct-gloves-v34723","status":"publish","type":"product","link":"https:\/\/lotusgolf.vn\/vi\/product\/gang-tay-golf-tour-direct-gloves-v34723","title":{"rendered":"G\u0103ng tay golf Tour Direct Gloves V34723"},"content":{"rendered":"<div id=\"description\" class=\"data item content\" aria-labelledby=\"tab-label-description-title\">\n<div class=\"product attribute description\">\n<div class=\"value\">\n<h1>G\u0103ng tay g\u00f4n\u00a0Tour Direct Gloves V34723<\/h1>\n<p>G\u0103ng tay Golf Ping\u00a0GLV34723 v\u1edbi ch\u1ea5t li\u1ec7u da cao c\u1ea5p c\u00f9ng s\u1ee3i d\u1ec7t t\u1ed5ng h\u1ee3p c\u00f9ng v\u1edbi k\u1ebft c\u1ea5u m\u1ec1m, nh\u1eb9 \u0111\u1ec3 t\u0103ng c\u01b0\u1eddng t\u00ednh linh ho\u1ea1t v\u00e0 \u0111\u1ed9 b\u00e1m tuy\u1ec7t v\u1eddi. Khi \u0111eo c\u00e1c ng\u00f3n tay cong tr\u01b0\u1edbc t\u1ea1o ra m\u1ed9t s\u1ef1 ph\u00f9 h\u1ee3p v\u00e0 c\u1ea3m gi\u00e1c t\u1ef1 nhi\u00ean.<\/p>\n<h2>\u01afU \u0110I\u1ec2M<\/h2>\n<ul>\n<li>Thi\u1ebft k\u1ebf Ng\u00f3n tay cong cho ph\u00f9 h\u1ee3p v\u00e0 c\u1ea3m gi\u00e1c t\u1ef1 nhi\u00ean.<\/li>\n<li>Solite\u00ae Premium Cabretta Leather v\u1edbi c\u00f4ng ngh\u1ec7 Micro-Pur \u2122 \u0111\u01b0\u1ee3c thi\u1ebft k\u1ebf \u0111\u1ec3 mang l\u1ea1i c\u1ea3m gi\u00e1c, s\u1ef1 m\u1ec1m m\u1ea1i v\u00e0 hi\u1ec7u su\u1ea5t cao nh\u1ea5t.<\/li>\n<li>L\u1ed7 th\u00f4ng h\u01a1i k\u1ebb ng\u00f3n tay v\u00e0 chi ti\u1ebft \u0111\u1ee5c l\u1ed7 t\u1ed1i \u01b0u h\u00f3a s\u1ef1 l\u01b0u th\u00f4ng.<\/li>\n<li>Kho\u00e1 d\u00e1n Velcro c\u00f3 \u0111\u1ee5c l\u1ed7, th\u00f4ng tho\u00e1ng\u00a0t\u1ed1i \u0111a.<\/li>\n<li>D\u00e2y chun c\u1ed5 tay c\u00f3 t\u00ednh n\u0103ng ch\u1ed1ng \u1ea9m C\u00f4ng ngh\u1ec7 SensorCool<\/li>\n<\/ul>\n<\/div>\n<\/div>\n<\/div>\n","protected":false},"excerpt":{"rendered":"<p>G\u0103ng tay g\u00f4n\u00a0Tour Direct Gloves V34723 G\u0103ng tay Golf Ping\u00a0GLV34723 v\u1edbi ch\u1ea5t li\u1ec7u da cao c\u1ea5p c\u00f9ng s\u1ee3i d\u1ec7t t\u1ed5ng h\u1ee3p c\u00f9ng v\u1edbi k\u1ebft c\u1ea5u m\u1ec1m, nh\u1eb9 \u0111\u1ec3 t\u0103ng c\u01b0\u1eddng t\u00ednh linh ho\u1ea1t v\u00e0 \u0111\u1ed9 b\u00e1m tuy\u1ec7t v\u1eddi. Khi \u0111eo c\u00e1c ng\u00f3n tay cong tr\u01b0\u1edbc t\u1ea1o ra m\u1ed9t s\u1ef1 ph\u00f9 h\u1ee3p v\u00e0 c\u1ea3m gi\u00e1c t\u1ef1 [&#8230;]\n","protected":false},"featured_media":2326,"comment_status":"open","ping_status":"closed","template":"","meta":[],"product_brand":[],"product_cat":[102],"product_tag":[],"class_list":{"0":"post-2325","1":"product","2":"type-product","3":"status-publish","4":"has-post-thumbnail","6":"product_cat-https-lotusgolf-vn-vi-product-category-phu-kien-gang-tay","8":"first","9":"instock","10":"shipping-taxable","11":"product-type-simple"},"yoast_head":"<!-- This site is optimized with the Yoast SEO plugin v19.0 - https:\/\/yoast.com\/wordpress\/plugins\/seo\/ -->\n<title>G\u0103ng tay golf Tour Direct Gloves V34723 -<\/title>\n<meta name=\"robots\" content=\"index, follow, max-snippet:-1, max-image-preview:large, max-video-preview:-1\" \/>\n<link rel=\"canonical\" href=\"https:\/\/lotusgolf.vn\/vi\/product\/gang-tay-golf-tour-direct-gloves-v34723\/\" \/>\n<meta property=\"og:locale\" content=\"vi_VN\" \/>\n<meta property=\"og:type\" content=\"article\" \/>\n<meta property=\"og:title\" content=\"G\u0103ng tay golf Tour Direct Gloves V34723 -\" \/>\n<meta property=\"og:description\" content=\"G\u0103ng tay g\u00f4n\u00a0Tour Direct Gloves V34723 G\u0103ng tay Golf Ping\u00a0GLV34723 v\u1edbi ch\u1ea5t li\u1ec7u da cao c\u1ea5p c\u00f9ng s\u1ee3i d\u1ec7t t\u1ed5ng h\u1ee3p c\u00f9ng v\u1edbi k\u1ebft c\u1ea5u m\u1ec1m, nh\u1eb9 \u0111\u1ec3 t\u0103ng c\u01b0\u1eddng t\u00ednh linh ho\u1ea1t v\u00e0 \u0111\u1ed9 b\u00e1m tuy\u1ec7t v\u1eddi. Khi \u0111eo c\u00e1c ng\u00f3n tay cong tr\u01b0\u1edbc t\u1ea1o ra m\u1ed9t s\u1ef1 ph\u00f9 h\u1ee3p v\u00e0 c\u1ea3m gi\u00e1c t\u1ef1 [...]\" \/>\n<meta property=\"og:url\" content=\"https:\/\/lotusgolf.vn\/vi\/product\/gang-tay-golf-tour-direct-gloves-v34723\/\" \/>\n<meta property=\"og:image\" content=\"https:\/\/lotusgolf.vn\/wp-content\/uploads\/2022\/10\/34723a.jpg\" \/>\n\t<meta property=\"og:image:width\" content=\"600\" \/>\n\t<meta property=\"og:image:height\" content=\"600\" \/>\n\t<meta property=\"og:image:type\" content=\"image\/jpeg\" \/>\n<meta name=\"twitter:card\" content=\"summary_large_image\" \/>\n<meta name=\"twitter:label1\" content=\"\u01af\u1edbc t\u00ednh th\u1eddi gian \u0111\u1ecdc\" \/>\n\t<meta name=\"twitter:data1\" content=\"1 ph\u00fat\" \/>\n<script type=\"application\/ld+json\" class=\"yoast-schema-graph\">{\"@context\":\"https:\/\/schema.org\",\"@graph\":[{\"@type\":\"WebSite\",\"@id\":\"https:\/\/lotusgolf-b23998.ingress-bonde.ewp.live\/#website\",\"url\":\"https:\/\/lotusgolf-b23998.ingress-bonde.ewp.live\/\",\"name\":\"\",\"description\":\"\",\"potentialAction\":[{\"@type\":\"SearchAction\",\"target\":{\"@type\":\"EntryPoint\",\"urlTemplate\":\"https:\/\/lotusgolf-b23998.ingress-bonde.ewp.live\/?s={search_term_string}\"},\"query-input\":\"required name=search_term_string\"}],\"inLanguage\":\"vi\"},{\"@type\":\"ImageObject\",\"inLanguage\":\"vi\",\"@id\":\"https:\/\/lotusgolf.vn\/product\/gang-tay-golf-tour-direct-gloves-v34723\/#primaryimage\",\"url\":\"https:\/\/lotusgolf.vn\/wp-content\/uploads\/2022\/10\/34723a.jpg\",\"contentUrl\":\"https:\/\/lotusgolf.vn\/wp-content\/uploads\/2022\/10\/34723a.jpg\",\"width\":600,\"height\":600},{\"@type\":\"WebPage\",\"@id\":\"https:\/\/lotusgolf.vn\/product\/gang-tay-golf-tour-direct-gloves-v34723\/#webpage\",\"url\":\"https:\/\/lotusgolf.vn\/product\/gang-tay-golf-tour-direct-gloves-v34723\/\",\"name\":\"G\u0103ng tay golf Tour Direct Gloves V34723 -\",\"isPartOf\":{\"@id\":\"https:\/\/lotusgolf-b23998.ingress-bonde.ewp.live\/#website\"},\"primaryImageOfPage\":{\"@id\":\"https:\/\/lotusgolf.vn\/product\/gang-tay-golf-tour-direct-gloves-v34723\/#primaryimage\"},\"datePublished\":\"2022-10-14T10:29:28+00:00\",\"dateModified\":\"2022-10-14T10:29:28+00:00\",\"breadcrumb\":{\"@id\":\"https:\/\/lotusgolf.vn\/product\/gang-tay-golf-tour-direct-gloves-v34723\/#breadcrumb\"},\"inLanguage\":\"vi\",\"potentialAction\":[{\"@type\":\"ReadAction\",\"target\":[\"https:\/\/lotusgolf.vn\/product\/gang-tay-golf-tour-direct-gloves-v34723\/\"]}]},{\"@type\":\"BreadcrumbList\",\"@id\":\"https:\/\/lotusgolf.vn\/product\/gang-tay-golf-tour-direct-gloves-v34723\/#breadcrumb\",\"itemListElement\":[{\"@type\":\"ListItem\",\"position\":1,\"name\":\"Home\",\"item\":\"https:\/\/lotusgolf.vn\/\"},{\"@type\":\"ListItem\",\"position\":2,\"name\":\"Shop\",\"item\":\"https:\/\/lotusgolf-b23998.ingress-bonde.ewp.live\/shop\/\"},{\"@type\":\"ListItem\",\"position\":3,\"name\":\"G\u0103ng tay golf Tour Direct Gloves V34723\"}]}]}<\/script>\n<!-- \/ Yoast SEO plugin. -->","yoast_head_json":{"title":"G\u0103ng tay golf Tour Direct Gloves V34723 -","robots":{"index":"index","follow":"follow","max-snippet":"max-snippet:-1","max-image-preview":"max-image-preview:large","max-video-preview":"max-video-preview:-1"},"canonical":"https:\/\/lotusgolf.vn\/vi\/product\/gang-tay-golf-tour-direct-gloves-v34723\/","og_locale":"vi_VN","og_type":"article","og_title":"G\u0103ng tay golf Tour Direct Gloves V34723 -","og_description":"G\u0103ng tay g\u00f4n\u00a0Tour Direct Gloves V34723 G\u0103ng tay Golf Ping\u00a0GLV34723 v\u1edbi ch\u1ea5t li\u1ec7u da cao c\u1ea5p c\u00f9ng s\u1ee3i d\u1ec7t t\u1ed5ng h\u1ee3p c\u00f9ng v\u1edbi k\u1ebft c\u1ea5u m\u1ec1m, nh\u1eb9 \u0111\u1ec3 t\u0103ng c\u01b0\u1eddng t\u00ednh linh ho\u1ea1t v\u00e0 \u0111\u1ed9 b\u00e1m tuy\u1ec7t v\u1eddi. Khi \u0111eo c\u00e1c ng\u00f3n tay cong tr\u01b0\u1edbc t\u1ea1o ra m\u1ed9t s\u1ef1 ph\u00f9 h\u1ee3p v\u00e0 c\u1ea3m gi\u00e1c t\u1ef1 [...]","og_url":"https:\/\/lotusgolf.vn\/vi\/product\/gang-tay-golf-tour-direct-gloves-v34723\/","og_image":[{"width":600,"height":600,"url":"https:\/\/lotusgolf.vn\/wp-content\/uploads\/2022\/10\/34723a.jpg","type":"image\/jpeg"}],"twitter_card":"summary_large_image","twitter_misc":{"\u01af\u1edbc t\u00ednh th\u1eddi gian \u0111\u1ecdc":"1 ph\u00fat"},"schema":{"@context":"https:\/\/schema.org","@graph":[{"@type":"WebSite","@id":"https:\/\/lotusgolf-b23998.ingress-bonde.ewp.live\/#website","url":"https:\/\/lotusgolf-b23998.ingress-bonde.ewp.live\/","name":"","description":"","potentialAction":[{"@type":"SearchAction","target":{"@type":"EntryPoint","urlTemplate":"https:\/\/lotusgolf-b23998.ingress-bonde.ewp.live\/?s={search_term_string}"},"query-input":"required name=search_term_string"}],"inLanguage":"vi"},{"@type":"ImageObject","inLanguage":"vi","@id":"https:\/\/lotusgolf.vn\/product\/gang-tay-golf-tour-direct-gloves-v34723\/#primaryimage","url":"https:\/\/lotusgolf.vn\/wp-content\/uploads\/2022\/10\/34723a.jpg","contentUrl":"https:\/\/lotusgolf.vn\/wp-content\/uploads\/2022\/10\/34723a.jpg","width":600,"height":600},{"@type":"WebPage","@id":"https:\/\/lotusgolf.vn\/product\/gang-tay-golf-tour-direct-gloves-v34723\/#webpage","url":"https:\/\/lotusgolf.vn\/product\/gang-tay-golf-tour-direct-gloves-v34723\/","name":"G\u0103ng tay golf Tour Direct Gloves V34723 -","isPartOf":{"@id":"https:\/\/lotusgolf-b23998.ingress-bonde.ewp.live\/#website"},"primaryImageOfPage":{"@id":"https:\/\/lotusgolf.vn\/product\/gang-tay-golf-tour-direct-gloves-v34723\/#primaryimage"},"datePublished":"2022-10-14T10:29:28+00:00","dateModified":"2022-10-14T10:29:28+00:00","breadcrumb":{"@id":"https:\/\/lotusgolf.vn\/product\/gang-tay-golf-tour-direct-gloves-v34723\/#breadcrumb"},"inLanguage":"vi","potentialAction":[{"@type":"ReadAction","target":["https:\/\/lotusgolf.vn\/product\/gang-tay-golf-tour-direct-gloves-v34723\/"]}]},{"@type":"BreadcrumbList","@id":"https:\/\/lotusgolf.vn\/product\/gang-tay-golf-tour-direct-gloves-v34723\/#breadcrumb","itemListElement":[{"@type":"ListItem","position":1,"name":"Home","item":"https:\/\/lotusgolf.vn\/"},{"@type":"ListItem","position":2,"name":"Shop","item":"https:\/\/lotusgolf-b23998.ingress-bonde.ewp.live\/shop\/"},{"@type":"ListItem","position":3,"name":"G\u0103ng tay golf Tour Direct Gloves V34723"}]}]}},"_links":{"self":[{"href":"https:\/\/lotusgolf.vn\/vi\/wp-json\/wp\/v2\/product\/2325","targetHints":{"allow":["GET"]}}],"collection":[{"href":"https:\/\/lotusgolf.vn\/vi\/wp-json\/wp\/v2\/product"}],"about":[{"href":"https:\/\/lotusgolf.vn\/vi\/wp-json\/wp\/v2\/types\/product"}],"replies":[{"embeddable":true,"href":"https:\/\/lotusgolf.vn\/vi\/wp-json\/wp\/v2\/comments?post=2325"}],"wp:featuredmedia":[{"embeddable":true,"href":"https:\/\/lotusgolf.vn\/vi\/wp-json\/wp\/v2\/media\/2326"}],"wp:attachment":[{"href":"https:\/\/lotusgolf.vn\/vi\/wp-json\/wp\/v2\/media?parent=2325"}],"wp:term":[{"taxonomy":"product_brand","embeddable":true,"href":"https:\/\/lotusgolf.vn\/vi\/wp-json\/wp\/v2\/product_brand?post=2325"},{"taxonomy":"product_cat","embeddable":true,"href":"https:\/\/lotusgolf.vn\/vi\/wp-json\/wp\/v2\/product_cat?post=2325"},{"taxonomy":"product_tag","embeddable":true,"href":"https:\/\/lotusgolf.vn\/vi\/wp-json\/wp\/v2\/product_tag?post=2325"}],"curies":[{"name":"wp","href":"https:\/\/api.w.org\/{rel}","templated":true}]}}