{"id":2330,"date":"2022-10-14T10:31:14","date_gmt":"2022-10-14T10:31:14","guid":{"rendered":"https:\/\/lotusgolf.vn\/?post_type=product&#038;p=2330"},"modified":"2022-10-14T10:31:14","modified_gmt":"2022-10-14T10:31:14","slug":"gang-tay-golf-ping-sport-direct-gloves-tech-ice-v34724","status":"publish","type":"product","link":"https:\/\/lotusgolf.vn\/vi\/product\/gang-tay-golf-ping-sport-direct-gloves-tech-ice-v34724","title":{"rendered":"G\u0103ng tay golf Ping Sport Direct Gloves tech ice V34724"},"content":{"rendered":"<div id=\"description\" class=\"data item content\" aria-labelledby=\"tab-label-description-title\">\n<div class=\"product attribute description\">\n<div class=\"value\">\n<h1>G\u0103ng tay g\u00f4n\u00a0Ping Sport Direct Gloves tech ice V34724<\/h1>\n<p>G\u0103ng tay golf Ping Sport Tech l\u00e0 g\u0103ng tay da t\u1ed5ng h\u1ee3p, d\u00f9ng cho m\u1ecdi \u0111i\u1ec1u ki\u1ec7n th\u1eddi ti\u1ebft.\u00a0G\u0103ng tay n\u00e0y c\u00f3 c\u00e1c ng\u00f3n tay cong tr\u01b0\u1edbc \u0111\u01b0\u1ee3c thi\u1ebft k\u1ebf cho ph\u00f9 h\u1ee3p v\u00e0 c\u1ea3m gi\u00e1c t\u1ef1 nhi\u00ean.\u00a0C\u00f4ng ngh\u1ec7 th\u1ea5m \u1ea9m gi\u00fap h\u00fat m\u1ed3 h\u00f4i, gi\u1eef cho b\u1ea1n kh\u00f4 r\u00e1o \u0111\u1ec3 tho\u1ea3i m\u00e1i ho\u00e0n to\u00e0n trong m\u1ed9t tr\u00f2 ch\u01a1i trong m\u00f9a h\u00e8 n\u00f3ng b\u1ee9c.<\/p>\n<p>\u01afU \u0110I\u1ec2M<\/p>\n<ul>\n<li>Da t\u1ed5ng h\u1ee3p tho\u00e1ng kh\u00ed m\u1ecdi th\u1eddi ti\u1ebft mang l\u1ea1i c\u1ea3m gi\u00e1c \u0111\u1eb7c bi\u1ec7t v\u00e0 v\u1eeba v\u1eb7n<\/li>\n<li>Ng\u00f3n tay cong \u0111\u01b0\u1ee3c thi\u1ebft k\u1ebf cho ph\u00f9 h\u1ee3p v\u00e0 c\u1ea3m gi\u00e1c t\u1ef1 nhi\u00ean<\/li>\n<li>L\u1ed7 th\u00f4ng h\u01a1i ng\u00f3n tay v\u00e0 \u0111\u1ee5c l\u1ed7 t\u1ed1i \u01b0u h\u00f3a h\u01a1i th\u1edf<\/li>\n<li>Khu v\u1ef1c Lycra l\u1edbn tr\u00ean \u0111\u1ed1t ng\u00f3n tay cho tho\u1ea3i m\u00e1i v\u00e0 d\u1ec5 th\u1edf<\/li>\n<li>K\u1ebft c\u1ea5u \u0111\u1ee5c l\u1ed7 c\u00f3 k\u1ebft c\u1ea5u Velcro t\u1ed1i \u0111a h\u00f3a th\u00f4ng gi\u00f3<\/li>\n<li>D\u00e2y chun c\u1ed5 tay c\u00f3 t\u00ednh n\u0103ng ch\u1ed1ng \u1ea9m C\u00f4ng ngh\u1ec7 SensorCool<\/li>\n<\/ul>\n<\/div>\n<\/div>\n<\/div>\n","protected":false},"excerpt":{"rendered":"<p>G\u0103ng tay g\u00f4n\u00a0Ping Sport Direct Gloves tech ice V34724 G\u0103ng tay golf Ping Sport Tech l\u00e0 g\u0103ng tay da t\u1ed5ng h\u1ee3p, d\u00f9ng cho m\u1ecdi \u0111i\u1ec1u ki\u1ec7n th\u1eddi ti\u1ebft.\u00a0G\u0103ng tay n\u00e0y c\u00f3 c\u00e1c ng\u00f3n tay cong tr\u01b0\u1edbc \u0111\u01b0\u1ee3c thi\u1ebft k\u1ebf cho ph\u00f9 h\u1ee3p v\u00e0 c\u1ea3m gi\u00e1c t\u1ef1 nhi\u00ean.\u00a0C\u00f4ng ngh\u1ec7 th\u1ea5m \u1ea9m gi\u00fap h\u00fat m\u1ed3 h\u00f4i, gi\u1eef [&#8230;]\n","protected":false},"featured_media":2332,"comment_status":"open","ping_status":"closed","template":"","meta":[],"product_brand":[],"product_cat":[102],"product_tag":[],"class_list":{"0":"post-2330","1":"product","2":"type-product","3":"status-publish","4":"has-post-thumbnail","6":"product_cat-https-lotusgolf-vn-vi-product-category-phu-kien-gang-tay","8":"first","9":"instock","10":"shipping-taxable","11":"purchasable","12":"product-type-simple"},"yoast_head":"<!-- This site is optimized with the Yoast SEO plugin v19.0 - https:\/\/yoast.com\/wordpress\/plugins\/seo\/ -->\n<title>G\u0103ng tay golf Ping Sport Direct Gloves tech ice V34724 -<\/title>\n<meta name=\"robots\" content=\"index, follow, max-snippet:-1, max-image-preview:large, max-video-preview:-1\" \/>\n<link rel=\"canonical\" href=\"https:\/\/lotusgolf.vn\/vi\/product\/gang-tay-golf-ping-sport-direct-gloves-tech-ice-v34724\/\" \/>\n<meta property=\"og:locale\" content=\"vi_VN\" \/>\n<meta property=\"og:type\" content=\"article\" \/>\n<meta property=\"og:title\" content=\"G\u0103ng tay golf Ping Sport Direct Gloves tech ice V34724 -\" \/>\n<meta property=\"og:description\" content=\"G\u0103ng tay g\u00f4n\u00a0Ping Sport Direct Gloves tech ice V34724 G\u0103ng tay golf Ping Sport Tech l\u00e0 g\u0103ng tay da t\u1ed5ng h\u1ee3p, d\u00f9ng cho m\u1ecdi \u0111i\u1ec1u ki\u1ec7n th\u1eddi ti\u1ebft.\u00a0G\u0103ng tay n\u00e0y c\u00f3 c\u00e1c ng\u00f3n tay cong tr\u01b0\u1edbc \u0111\u01b0\u1ee3c thi\u1ebft k\u1ebf cho ph\u00f9 h\u1ee3p v\u00e0 c\u1ea3m gi\u00e1c t\u1ef1 nhi\u00ean.\u00a0C\u00f4ng ngh\u1ec7 th\u1ea5m \u1ea9m gi\u00fap h\u00fat m\u1ed3 h\u00f4i, gi\u1eef [...]\" \/>\n<meta property=\"og:url\" content=\"https:\/\/lotusgolf.vn\/vi\/product\/gang-tay-golf-ping-sport-direct-gloves-tech-ice-v34724\/\" \/>\n<meta property=\"og:image\" content=\"https:\/\/lotusgolf.vn\/wp-content\/uploads\/2022\/10\/v34724a.jpg\" \/>\n\t<meta property=\"og:image:width\" content=\"600\" \/>\n\t<meta property=\"og:image:height\" content=\"600\" \/>\n\t<meta property=\"og:image:type\" content=\"image\/jpeg\" \/>\n<meta name=\"twitter:card\" content=\"summary_large_image\" \/>\n<meta name=\"twitter:label1\" content=\"\u01af\u1edbc t\u00ednh th\u1eddi gian \u0111\u1ecdc\" \/>\n\t<meta name=\"twitter:data1\" content=\"1 ph\u00fat\" \/>\n<script type=\"application\/ld+json\" class=\"yoast-schema-graph\">{\"@context\":\"https:\/\/schema.org\",\"@graph\":[{\"@type\":\"WebSite\",\"@id\":\"https:\/\/lotusgolf-b23998.ingress-bonde.ewp.live\/#website\",\"url\":\"https:\/\/lotusgolf-b23998.ingress-bonde.ewp.live\/\",\"name\":\"\",\"description\":\"\",\"potentialAction\":[{\"@type\":\"SearchAction\",\"target\":{\"@type\":\"EntryPoint\",\"urlTemplate\":\"https:\/\/lotusgolf-b23998.ingress-bonde.ewp.live\/?s={search_term_string}\"},\"query-input\":\"required name=search_term_string\"}],\"inLanguage\":\"vi\"},{\"@type\":\"ImageObject\",\"inLanguage\":\"vi\",\"@id\":\"https:\/\/lotusgolf.vn\/product\/gang-tay-golf-ping-sport-direct-gloves-tech-ice-v34724\/#primaryimage\",\"url\":\"https:\/\/lotusgolf.vn\/wp-content\/uploads\/2022\/10\/v34724a.jpg\",\"contentUrl\":\"https:\/\/lotusgolf.vn\/wp-content\/uploads\/2022\/10\/v34724a.jpg\",\"width\":600,\"height\":600},{\"@type\":\"WebPage\",\"@id\":\"https:\/\/lotusgolf.vn\/product\/gang-tay-golf-ping-sport-direct-gloves-tech-ice-v34724\/#webpage\",\"url\":\"https:\/\/lotusgolf.vn\/product\/gang-tay-golf-ping-sport-direct-gloves-tech-ice-v34724\/\",\"name\":\"G\u0103ng tay golf Ping Sport Direct Gloves tech ice V34724 -\",\"isPartOf\":{\"@id\":\"https:\/\/lotusgolf-b23998.ingress-bonde.ewp.live\/#website\"},\"primaryImageOfPage\":{\"@id\":\"https:\/\/lotusgolf.vn\/product\/gang-tay-golf-ping-sport-direct-gloves-tech-ice-v34724\/#primaryimage\"},\"datePublished\":\"2022-10-14T10:31:14+00:00\",\"dateModified\":\"2022-10-14T10:31:14+00:00\",\"breadcrumb\":{\"@id\":\"https:\/\/lotusgolf.vn\/product\/gang-tay-golf-ping-sport-direct-gloves-tech-ice-v34724\/#breadcrumb\"},\"inLanguage\":\"vi\",\"potentialAction\":[{\"@type\":\"ReadAction\",\"target\":[\"https:\/\/lotusgolf.vn\/product\/gang-tay-golf-ping-sport-direct-gloves-tech-ice-v34724\/\"]}]},{\"@type\":\"BreadcrumbList\",\"@id\":\"https:\/\/lotusgolf.vn\/product\/gang-tay-golf-ping-sport-direct-gloves-tech-ice-v34724\/#breadcrumb\",\"itemListElement\":[{\"@type\":\"ListItem\",\"position\":1,\"name\":\"Home\",\"item\":\"https:\/\/lotusgolf.vn\/\"},{\"@type\":\"ListItem\",\"position\":2,\"name\":\"Shop\",\"item\":\"https:\/\/lotusgolf-b23998.ingress-bonde.ewp.live\/shop\/\"},{\"@type\":\"ListItem\",\"position\":3,\"name\":\"G\u0103ng tay golf Ping Sport Direct Gloves tech ice V34724\"}]}]}<\/script>\n<!-- \/ Yoast SEO plugin. -->","yoast_head_json":{"title":"G\u0103ng tay golf Ping Sport Direct Gloves tech ice V34724 -","robots":{"index":"index","follow":"follow","max-snippet":"max-snippet:-1","max-image-preview":"max-image-preview:large","max-video-preview":"max-video-preview:-1"},"canonical":"https:\/\/lotusgolf.vn\/vi\/product\/gang-tay-golf-ping-sport-direct-gloves-tech-ice-v34724\/","og_locale":"vi_VN","og_type":"article","og_title":"G\u0103ng tay golf Ping Sport Direct Gloves tech ice V34724 -","og_description":"G\u0103ng tay g\u00f4n\u00a0Ping Sport Direct Gloves tech ice V34724 G\u0103ng tay golf Ping Sport Tech l\u00e0 g\u0103ng tay da t\u1ed5ng h\u1ee3p, d\u00f9ng cho m\u1ecdi \u0111i\u1ec1u ki\u1ec7n th\u1eddi ti\u1ebft.\u00a0G\u0103ng tay n\u00e0y c\u00f3 c\u00e1c ng\u00f3n tay cong tr\u01b0\u1edbc \u0111\u01b0\u1ee3c thi\u1ebft k\u1ebf cho ph\u00f9 h\u1ee3p v\u00e0 c\u1ea3m gi\u00e1c t\u1ef1 nhi\u00ean.\u00a0C\u00f4ng ngh\u1ec7 th\u1ea5m \u1ea9m gi\u00fap h\u00fat m\u1ed3 h\u00f4i, gi\u1eef [...]","og_url":"https:\/\/lotusgolf.vn\/vi\/product\/gang-tay-golf-ping-sport-direct-gloves-tech-ice-v34724\/","og_image":[{"width":600,"height":600,"url":"https:\/\/lotusgolf.vn\/wp-content\/uploads\/2022\/10\/v34724a.jpg","type":"image\/jpeg"}],"twitter_card":"summary_large_image","twitter_misc":{"\u01af\u1edbc t\u00ednh th\u1eddi gian \u0111\u1ecdc":"1 ph\u00fat"},"schema":{"@context":"https:\/\/schema.org","@graph":[{"@type":"WebSite","@id":"https:\/\/lotusgolf-b23998.ingress-bonde.ewp.live\/#website","url":"https:\/\/lotusgolf-b23998.ingress-bonde.ewp.live\/","name":"","description":"","potentialAction":[{"@type":"SearchAction","target":{"@type":"EntryPoint","urlTemplate":"https:\/\/lotusgolf-b23998.ingress-bonde.ewp.live\/?s={search_term_string}"},"query-input":"required name=search_term_string"}],"inLanguage":"vi"},{"@type":"ImageObject","inLanguage":"vi","@id":"https:\/\/lotusgolf.vn\/product\/gang-tay-golf-ping-sport-direct-gloves-tech-ice-v34724\/#primaryimage","url":"https:\/\/lotusgolf.vn\/wp-content\/uploads\/2022\/10\/v34724a.jpg","contentUrl":"https:\/\/lotusgolf.vn\/wp-content\/uploads\/2022\/10\/v34724a.jpg","width":600,"height":600},{"@type":"WebPage","@id":"https:\/\/lotusgolf.vn\/product\/gang-tay-golf-ping-sport-direct-gloves-tech-ice-v34724\/#webpage","url":"https:\/\/lotusgolf.vn\/product\/gang-tay-golf-ping-sport-direct-gloves-tech-ice-v34724\/","name":"G\u0103ng tay golf Ping Sport Direct Gloves tech ice V34724 -","isPartOf":{"@id":"https:\/\/lotusgolf-b23998.ingress-bonde.ewp.live\/#website"},"primaryImageOfPage":{"@id":"https:\/\/lotusgolf.vn\/product\/gang-tay-golf-ping-sport-direct-gloves-tech-ice-v34724\/#primaryimage"},"datePublished":"2022-10-14T10:31:14+00:00","dateModified":"2022-10-14T10:31:14+00:00","breadcrumb":{"@id":"https:\/\/lotusgolf.vn\/product\/gang-tay-golf-ping-sport-direct-gloves-tech-ice-v34724\/#breadcrumb"},"inLanguage":"vi","potentialAction":[{"@type":"ReadAction","target":["https:\/\/lotusgolf.vn\/product\/gang-tay-golf-ping-sport-direct-gloves-tech-ice-v34724\/"]}]},{"@type":"BreadcrumbList","@id":"https:\/\/lotusgolf.vn\/product\/gang-tay-golf-ping-sport-direct-gloves-tech-ice-v34724\/#breadcrumb","itemListElement":[{"@type":"ListItem","position":1,"name":"Home","item":"https:\/\/lotusgolf.vn\/"},{"@type":"ListItem","position":2,"name":"Shop","item":"https:\/\/lotusgolf-b23998.ingress-bonde.ewp.live\/shop\/"},{"@type":"ListItem","position":3,"name":"G\u0103ng tay golf Ping Sport Direct Gloves tech ice V34724"}]}]}},"_links":{"self":[{"href":"https:\/\/lotusgolf.vn\/vi\/wp-json\/wp\/v2\/product\/2330","targetHints":{"allow":["GET"]}}],"collection":[{"href":"https:\/\/lotusgolf.vn\/vi\/wp-json\/wp\/v2\/product"}],"about":[{"href":"https:\/\/lotusgolf.vn\/vi\/wp-json\/wp\/v2\/types\/product"}],"replies":[{"embeddable":true,"href":"https:\/\/lotusgolf.vn\/vi\/wp-json\/wp\/v2\/comments?post=2330"}],"wp:featuredmedia":[{"embeddable":true,"href":"https:\/\/lotusgolf.vn\/vi\/wp-json\/wp\/v2\/media\/2332"}],"wp:attachment":[{"href":"https:\/\/lotusgolf.vn\/vi\/wp-json\/wp\/v2\/media?parent=2330"}],"wp:term":[{"taxonomy":"product_brand","embeddable":true,"href":"https:\/\/lotusgolf.vn\/vi\/wp-json\/wp\/v2\/product_brand?post=2330"},{"taxonomy":"product_cat","embeddable":true,"href":"https:\/\/lotusgolf.vn\/vi\/wp-json\/wp\/v2\/product_cat?post=2330"},{"taxonomy":"product_tag","embeddable":true,"href":"https:\/\/lotusgolf.vn\/vi\/wp-json\/wp\/v2\/product_tag?post=2330"}],"curies":[{"name":"wp","href":"https:\/\/api.w.org\/{rel}","templated":true}]}}