{"id":2334,"date":"2022-10-14T10:33:20","date_gmt":"2022-10-14T10:33:20","guid":{"rendered":"https:\/\/lotusgolf.vn\/?post_type=product&#038;p=2334"},"modified":"2022-10-14T10:34:13","modified_gmt":"2022-10-14T10:34:13","slug":"gang-tay-fit39-ex-glove-classic-bk","status":"publish","type":"product","link":"https:\/\/lotusgolf.vn\/vi\/product\/gang-tay-fit39-ex-glove-classic-bk","title":{"rendered":"G\u0103ng tay Fit39 EX Glove Classic (BK)"},"content":{"rendered":"<p>S\u1eed d\u1ee5ng m\u1ed9t thi\u1ebft k\u1ebf mang t\u00ednh c\u00e1ch m\u1ea1ng t\u1ea1i nh\u1eadt b\u1ea3n , Fit39 \u0111\u01b0\u1ee3c thi\u1ebft k\u1ebf co d\u00e3n 4 chi\u1ec1u \u0111\u1ec3 c\u00f3 th\u1ec3 v\u1eeba v\u1eb7n v\u1edbi t\u1ea5t c\u1ea3 c\u00e1c k\u00edch c\u1ee1 tay t\u1eeb l\u1edbn \u0111\u1ebfn b\u00e9, gi\u00fap cho golfer c\u1ea3m th\u1ea5y tho\u1ea3i m\u00e1i v\u00e0 \u0111\u1ea1t \u0111\u01b0\u1ee3c tr\u1ea1ng th\u00e1i t\u1ed1t nh\u1ea5t.Fit39 \u0111\u01b0\u1ee3c l\u00e0m t\u1eeb ch\u1ea5t li\u1ec7u cao c\u1ea5p gi\u00fap g\u0103ng nhanh kh\u00f4, c\u00f3 th\u1ec3 gi\u1eb7t \u0111\u01b0\u1ee3c v\u00e0 \u0111\u1eb7c bi\u1ec7t n\u00f3 l\u00e0 g\u0103ng tay \u0111\u1ea7u ti\u00ean c\u00f3 kh\u1ea3 n\u0103ng kh\u00e1ng m\u00f9i v\u00e0 ch\u1ed1ng khu\u1ea9n, b\u1ea3o v\u1ec7 \u0111\u00f4i tay c\u1ee7a m\u1ecdi golfer.<\/p>\n<p><strong>Fit39EX Classic<\/strong>\u00a0:<\/p>\n<p>\u26a1\u00a0Size M ( 21 ~ 23 ) L ( 24 ~ 26) XL ( 27 ~ 29 )<\/p>\n<p>\u26a1\u00a0C\u1ea7m g\u0103ng ch\u1eafc v\u00e0 kh\u00f4ng b\u1ecb tr\u01a1n tr\u01b0\u1ee3t<br \/>\n\u26a1\u00a0Thi\u1ebft k\u1ebf co d\u00e3n 4 chi\u1ec1u gi\u00fap v\u1eeba v\u1eb7n v\u1edbi nhi\u1ec1u size tay<br \/>\n\u26a1\u00a0\u0110\u1ed9 b\u1ec1n cao<br \/>\n\u26a1\u00a0S\u1eed d\u1ee5ng \u0111\u01b0\u1ee3c trong m\u1ecdi th\u1eddi ti\u1ebft<br \/>\n\u26a1\u00a0Kh\u00e1ng m\u00f9i ch\u1ed1ng khu\u1ea9n<br \/>\n\u26a1\u00a0C\u00f3 th\u1ec3 gi\u1eb7t \u0111\u01b0\u1ee3c<br \/>\n\u26a1\u00a0Nguy\u00ean li\u1ec7u nh\u1eadp t\u1eeb Nh\u1eadt b\u1ea3n<br \/>\n\u26a1\u00a0C\u00f3 th\u1ec3 s\u1eed d\u1ee5ng \u0111\u01b0\u1ee3c \u0111i\u1ec7n tho\u1ea1i c\u1ea3m \u1ee9ng khi \u0111ang \u0111eo Fit39<\/p>\n","protected":false},"excerpt":{"rendered":"<p>S\u1eed d\u1ee5ng m\u1ed9t thi\u1ebft k\u1ebf mang t\u00ednh c\u00e1ch m\u1ea1ng t\u1ea1i nh\u1eadt b\u1ea3n , Fit39 \u0111\u01b0\u1ee3c thi\u1ebft k\u1ebf co d\u00e3n 4 chi\u1ec1u \u0111\u1ec3 c\u00f3 th\u1ec3 v\u1eeba v\u1eb7n v\u1edbi t\u1ea5t c\u1ea3 c\u00e1c k\u00edch c\u1ee1 tay t\u1eeb l\u1edbn \u0111\u1ebfn b\u00e9, gi\u00fap cho golfer c\u1ea3m th\u1ea5y tho\u1ea3i m\u00e1i v\u00e0 \u0111\u1ea1t \u0111\u01b0\u1ee3c tr\u1ea1ng th\u00e1i t\u1ed1t nh\u1ea5t.Fit39 \u0111\u01b0\u1ee3c l\u00e0m t\u1eeb ch\u1ea5t [&#8230;]\n","protected":false},"featured_media":2335,"comment_status":"open","ping_status":"closed","template":"","meta":[],"product_brand":[],"product_cat":[102],"product_tag":[],"class_list":{"0":"post-2334","1":"product","2":"type-product","3":"status-publish","4":"has-post-thumbnail","6":"product_cat-https-lotusgolf-vn-vi-product-category-phu-kien-gang-tay","8":"first","9":"instock","10":"shipping-taxable","11":"purchasable","12":"product-type-simple"},"yoast_head":"<!-- This site is optimized with the Yoast SEO plugin v19.0 - https:\/\/yoast.com\/wordpress\/plugins\/seo\/ -->\n<title>G\u0103ng tay Fit39 EX Glove Classic (BK) -<\/title>\n<meta name=\"robots\" content=\"index, follow, max-snippet:-1, max-image-preview:large, max-video-preview:-1\" \/>\n<link rel=\"canonical\" href=\"https:\/\/lotusgolf.vn\/vi\/product\/gang-tay-fit39-ex-glove-classic-bk\/\" \/>\n<meta property=\"og:locale\" content=\"vi_VN\" \/>\n<meta property=\"og:type\" content=\"article\" \/>\n<meta property=\"og:title\" content=\"G\u0103ng tay Fit39 EX Glove Classic (BK) -\" \/>\n<meta property=\"og:description\" content=\"S\u1eed d\u1ee5ng m\u1ed9t thi\u1ebft k\u1ebf mang t\u00ednh c\u00e1ch m\u1ea1ng t\u1ea1i nh\u1eadt b\u1ea3n , Fit39 \u0111\u01b0\u1ee3c thi\u1ebft k\u1ebf co d\u00e3n 4 chi\u1ec1u \u0111\u1ec3 c\u00f3 th\u1ec3 v\u1eeba v\u1eb7n v\u1edbi t\u1ea5t c\u1ea3 c\u00e1c k\u00edch c\u1ee1 tay t\u1eeb l\u1edbn \u0111\u1ebfn b\u00e9, gi\u00fap cho golfer c\u1ea3m th\u1ea5y tho\u1ea3i m\u00e1i v\u00e0 \u0111\u1ea1t \u0111\u01b0\u1ee3c tr\u1ea1ng th\u00e1i t\u1ed1t nh\u1ea5t.Fit39 \u0111\u01b0\u1ee3c l\u00e0m t\u1eeb ch\u1ea5t [...]\" \/>\n<meta property=\"og:url\" content=\"https:\/\/lotusgolf.vn\/vi\/product\/gang-tay-fit39-ex-glove-classic-bk\/\" \/>\n<meta property=\"article:modified_time\" content=\"2022-10-14T10:34:13+00:00\" \/>\n<meta property=\"og:image\" content=\"https:\/\/lotusgolf.vn\/wp-content\/uploads\/2022\/10\/bk-rd_2_9.jpg\" \/>\n\t<meta property=\"og:image:width\" content=\"600\" \/>\n\t<meta property=\"og:image:height\" content=\"600\" \/>\n\t<meta property=\"og:image:type\" content=\"image\/jpeg\" \/>\n<meta name=\"twitter:card\" content=\"summary_large_image\" \/>\n<meta name=\"twitter:label1\" content=\"\u01af\u1edbc t\u00ednh th\u1eddi gian \u0111\u1ecdc\" \/>\n\t<meta name=\"twitter:data1\" content=\"1 ph\u00fat\" \/>\n<script type=\"application\/ld+json\" class=\"yoast-schema-graph\">{\"@context\":\"https:\/\/schema.org\",\"@graph\":[{\"@type\":\"WebSite\",\"@id\":\"https:\/\/lotusgolf-b23998.ingress-bonde.ewp.live\/#website\",\"url\":\"https:\/\/lotusgolf-b23998.ingress-bonde.ewp.live\/\",\"name\":\"\",\"description\":\"\",\"potentialAction\":[{\"@type\":\"SearchAction\",\"target\":{\"@type\":\"EntryPoint\",\"urlTemplate\":\"https:\/\/lotusgolf-b23998.ingress-bonde.ewp.live\/?s={search_term_string}\"},\"query-input\":\"required name=search_term_string\"}],\"inLanguage\":\"vi\"},{\"@type\":\"ImageObject\",\"inLanguage\":\"vi\",\"@id\":\"https:\/\/lotusgolf.vn\/product\/gang-tay-fit39-ex-glove-classic-bk\/#primaryimage\",\"url\":\"https:\/\/lotusgolf.vn\/wp-content\/uploads\/2022\/10\/bk-rd_2_9.jpg\",\"contentUrl\":\"https:\/\/lotusgolf.vn\/wp-content\/uploads\/2022\/10\/bk-rd_2_9.jpg\",\"width\":600,\"height\":600},{\"@type\":\"WebPage\",\"@id\":\"https:\/\/lotusgolf.vn\/product\/gang-tay-fit39-ex-glove-classic-bk\/#webpage\",\"url\":\"https:\/\/lotusgolf.vn\/product\/gang-tay-fit39-ex-glove-classic-bk\/\",\"name\":\"G\u0103ng tay Fit39 EX Glove Classic (BK) -\",\"isPartOf\":{\"@id\":\"https:\/\/lotusgolf-b23998.ingress-bonde.ewp.live\/#website\"},\"primaryImageOfPage\":{\"@id\":\"https:\/\/lotusgolf.vn\/product\/gang-tay-fit39-ex-glove-classic-bk\/#primaryimage\"},\"datePublished\":\"2022-10-14T10:33:20+00:00\",\"dateModified\":\"2022-10-14T10:34:13+00:00\",\"breadcrumb\":{\"@id\":\"https:\/\/lotusgolf.vn\/product\/gang-tay-fit39-ex-glove-classic-bk\/#breadcrumb\"},\"inLanguage\":\"vi\",\"potentialAction\":[{\"@type\":\"ReadAction\",\"target\":[\"https:\/\/lotusgolf.vn\/product\/gang-tay-fit39-ex-glove-classic-bk\/\"]}]},{\"@type\":\"BreadcrumbList\",\"@id\":\"https:\/\/lotusgolf.vn\/product\/gang-tay-fit39-ex-glove-classic-bk\/#breadcrumb\",\"itemListElement\":[{\"@type\":\"ListItem\",\"position\":1,\"name\":\"Home\",\"item\":\"https:\/\/lotusgolf.vn\/\"},{\"@type\":\"ListItem\",\"position\":2,\"name\":\"Shop\",\"item\":\"https:\/\/lotusgolf-b23998.ingress-bonde.ewp.live\/shop\/\"},{\"@type\":\"ListItem\",\"position\":3,\"name\":\"G\u0103ng tay Fit39 EX Glove Classic (BK)\"}]}]}<\/script>\n<!-- \/ Yoast SEO plugin. -->","yoast_head_json":{"title":"G\u0103ng tay Fit39 EX Glove Classic (BK) -","robots":{"index":"index","follow":"follow","max-snippet":"max-snippet:-1","max-image-preview":"max-image-preview:large","max-video-preview":"max-video-preview:-1"},"canonical":"https:\/\/lotusgolf.vn\/vi\/product\/gang-tay-fit39-ex-glove-classic-bk\/","og_locale":"vi_VN","og_type":"article","og_title":"G\u0103ng tay Fit39 EX Glove Classic (BK) -","og_description":"S\u1eed d\u1ee5ng m\u1ed9t thi\u1ebft k\u1ebf mang t\u00ednh c\u00e1ch m\u1ea1ng t\u1ea1i nh\u1eadt b\u1ea3n , Fit39 \u0111\u01b0\u1ee3c thi\u1ebft k\u1ebf co d\u00e3n 4 chi\u1ec1u \u0111\u1ec3 c\u00f3 th\u1ec3 v\u1eeba v\u1eb7n v\u1edbi t\u1ea5t c\u1ea3 c\u00e1c k\u00edch c\u1ee1 tay t\u1eeb l\u1edbn \u0111\u1ebfn b\u00e9, gi\u00fap cho golfer c\u1ea3m th\u1ea5y tho\u1ea3i m\u00e1i v\u00e0 \u0111\u1ea1t \u0111\u01b0\u1ee3c tr\u1ea1ng th\u00e1i t\u1ed1t nh\u1ea5t.Fit39 \u0111\u01b0\u1ee3c l\u00e0m t\u1eeb ch\u1ea5t [...]","og_url":"https:\/\/lotusgolf.vn\/vi\/product\/gang-tay-fit39-ex-glove-classic-bk\/","article_modified_time":"2022-10-14T10:34:13+00:00","og_image":[{"width":600,"height":600,"url":"https:\/\/lotusgolf.vn\/wp-content\/uploads\/2022\/10\/bk-rd_2_9.jpg","type":"image\/jpeg"}],"twitter_card":"summary_large_image","twitter_misc":{"\u01af\u1edbc t\u00ednh th\u1eddi gian \u0111\u1ecdc":"1 ph\u00fat"},"schema":{"@context":"https:\/\/schema.org","@graph":[{"@type":"WebSite","@id":"https:\/\/lotusgolf-b23998.ingress-bonde.ewp.live\/#website","url":"https:\/\/lotusgolf-b23998.ingress-bonde.ewp.live\/","name":"","description":"","potentialAction":[{"@type":"SearchAction","target":{"@type":"EntryPoint","urlTemplate":"https:\/\/lotusgolf-b23998.ingress-bonde.ewp.live\/?s={search_term_string}"},"query-input":"required name=search_term_string"}],"inLanguage":"vi"},{"@type":"ImageObject","inLanguage":"vi","@id":"https:\/\/lotusgolf.vn\/product\/gang-tay-fit39-ex-glove-classic-bk\/#primaryimage","url":"https:\/\/lotusgolf.vn\/wp-content\/uploads\/2022\/10\/bk-rd_2_9.jpg","contentUrl":"https:\/\/lotusgolf.vn\/wp-content\/uploads\/2022\/10\/bk-rd_2_9.jpg","width":600,"height":600},{"@type":"WebPage","@id":"https:\/\/lotusgolf.vn\/product\/gang-tay-fit39-ex-glove-classic-bk\/#webpage","url":"https:\/\/lotusgolf.vn\/product\/gang-tay-fit39-ex-glove-classic-bk\/","name":"G\u0103ng tay Fit39 EX Glove Classic (BK) -","isPartOf":{"@id":"https:\/\/lotusgolf-b23998.ingress-bonde.ewp.live\/#website"},"primaryImageOfPage":{"@id":"https:\/\/lotusgolf.vn\/product\/gang-tay-fit39-ex-glove-classic-bk\/#primaryimage"},"datePublished":"2022-10-14T10:33:20+00:00","dateModified":"2022-10-14T10:34:13+00:00","breadcrumb":{"@id":"https:\/\/lotusgolf.vn\/product\/gang-tay-fit39-ex-glove-classic-bk\/#breadcrumb"},"inLanguage":"vi","potentialAction":[{"@type":"ReadAction","target":["https:\/\/lotusgolf.vn\/product\/gang-tay-fit39-ex-glove-classic-bk\/"]}]},{"@type":"BreadcrumbList","@id":"https:\/\/lotusgolf.vn\/product\/gang-tay-fit39-ex-glove-classic-bk\/#breadcrumb","itemListElement":[{"@type":"ListItem","position":1,"name":"Home","item":"https:\/\/lotusgolf.vn\/"},{"@type":"ListItem","position":2,"name":"Shop","item":"https:\/\/lotusgolf-b23998.ingress-bonde.ewp.live\/shop\/"},{"@type":"ListItem","position":3,"name":"G\u0103ng tay Fit39 EX Glove Classic (BK)"}]}]}},"_links":{"self":[{"href":"https:\/\/lotusgolf.vn\/vi\/wp-json\/wp\/v2\/product\/2334","targetHints":{"allow":["GET"]}}],"collection":[{"href":"https:\/\/lotusgolf.vn\/vi\/wp-json\/wp\/v2\/product"}],"about":[{"href":"https:\/\/lotusgolf.vn\/vi\/wp-json\/wp\/v2\/types\/product"}],"replies":[{"embeddable":true,"href":"https:\/\/lotusgolf.vn\/vi\/wp-json\/wp\/v2\/comments?post=2334"}],"wp:featuredmedia":[{"embeddable":true,"href":"https:\/\/lotusgolf.vn\/vi\/wp-json\/wp\/v2\/media\/2335"}],"wp:attachment":[{"href":"https:\/\/lotusgolf.vn\/vi\/wp-json\/wp\/v2\/media?parent=2334"}],"wp:term":[{"taxonomy":"product_brand","embeddable":true,"href":"https:\/\/lotusgolf.vn\/vi\/wp-json\/wp\/v2\/product_brand?post=2334"},{"taxonomy":"product_cat","embeddable":true,"href":"https:\/\/lotusgolf.vn\/vi\/wp-json\/wp\/v2\/product_cat?post=2334"},{"taxonomy":"product_tag","embeddable":true,"href":"https:\/\/lotusgolf.vn\/vi\/wp-json\/wp\/v2\/product_tag?post=2334"}],"curies":[{"name":"wp","href":"https:\/\/api.w.org\/{rel}","templated":true}]}}