{"id":2337,"date":"2022-10-14T10:36:00","date_gmt":"2022-10-14T10:36:00","guid":{"rendered":"https:\/\/lotusgolf.vn\/?post_type=product&#038;p=2337"},"modified":"2022-10-14T10:36:00","modified_gmt":"2022-10-14T10:36:00","slug":"gang-tay-golf-footjoy-rain-grip","status":"publish","type":"product","link":"https:\/\/lotusgolf.vn\/vi\/product\/gang-tay-golf-footjoy-rain-grip","title":{"rendered":"G\u0103ng tay golf FootJoy Rain Grip"},"content":{"rendered":"<div id=\"description\" class=\"data item content\" aria-labelledby=\"tab-label-description-title\">\n<div class=\"product attribute description\">\n<div class=\"value\">\n<h1><a href=\"https:\/\/tatgolf.vn\/phu-kien\/gang.html?p=2\"><strong>G\u0103ng tay g\u00f4n FootJoy Rain Grip<\/strong><\/a><\/h1>\n<p>\u2013 D\u00f9ng t\u1ed1t trong \u0111i\u1ec1u ki\u1ec7n th\u1eddi ti\u1ebft \u1ea9m \u01b0\u1edbt.<\/p>\n<p>\u2013 G\u0103ng tay thi\u1ebft k\u1ebf c\u00f3 l\u1ed7 k\u1eb9p Tee.<\/p>\n<p>\u2013 C\u00f4ng ngh\u1ec7 autosuede trong l\u00f2ng g\u0103ng tay cung c\u1ea5p \u0111\u1ed9 b\u00e1m trong \u0111i\u1ec1u ki\u1ec7n \u1ea9m \u01b0\u1edbt ho\u1eb7c \u1ea9m \u01b0\u1edbt, gi\u00fap c\u1ea7m g\u1eady ch\u1eafc ch\u1eafn v\u00e0 ki\u1ec3m so\u00e1t t\u1ed1i \u0111a.<\/p>\n<p>\u2013 V\u1eadt li\u1ec7u \u0111an QuikDry d\u1ecdc theo m\u1eb7t sau c\u1ee7a b\u00e0n tay v\u00e0 c\u00e1c ng\u00f3n tay, \u0111\u1ea3m b\u1ea3o t\u1ed1i \u01b0u s\u1ef1 th\u00f4ng tho\u00e1ng, t\u00ednh linh ho\u1ea1t v\u00e0 kh\u00f4 nhanh.<\/p>\n<p>L\u01b0u \u00fd : M\u1ea7u s\u1eafc\u00a0s\u1ebd l\u00e0 ng\u1eabu nhi\u00ean<\/p>\n<\/div>\n<\/div>\n<\/div>\n<div id=\"additional\" class=\"data item content\" aria-labelledby=\"tab-label-additional-title\">\n<div class=\"additional-attributes-wrapper table-wrapper\">\n<h3 class=\"tab-content-title\">Chi ti\u1ebft s\u1ea3n ph\u1ea9m<\/h3>\n<div id=\"product-attribute-specs-table\" class=\"data table additional-attributes\">\n<ul class=\"attribute-specs-wrapper\">\n<li>Gi\u1edbi t\u00ednh: Nam<\/li>\n<li>H\u00e3ng: FootJoy<\/li>\n<li>S\u1ea3n xu\u1ea5t : \u1ea4n \u0110\u1ed9<\/li>\n<li>B\u1ea3o h\u00e0nh: 3 Th\u00e1ng (L\u1ed7i nh\u00e0 s\u1ea3n xu\u1ea5t)<\/li>\n<\/ul>\n<\/div>\n<\/div>\n<\/div>\n","protected":false},"excerpt":{"rendered":"<p>G\u0103ng tay g\u00f4n FootJoy Rain Grip \u2013 D\u00f9ng t\u1ed1t trong \u0111i\u1ec1u ki\u1ec7n th\u1eddi ti\u1ebft \u1ea9m \u01b0\u1edbt. \u2013 G\u0103ng tay thi\u1ebft k\u1ebf c\u00f3 l\u1ed7 k\u1eb9p Tee. \u2013 C\u00f4ng ngh\u1ec7 autosuede trong l\u00f2ng g\u0103ng tay cung c\u1ea5p \u0111\u1ed9 b\u00e1m trong \u0111i\u1ec1u ki\u1ec7n \u1ea9m \u01b0\u1edbt ho\u1eb7c \u1ea9m \u01b0\u1edbt, gi\u00fap c\u1ea7m g\u1eady ch\u1eafc ch\u1eafn v\u00e0 ki\u1ec3m so\u00e1t t\u1ed1i \u0111a. [&#8230;]\n","protected":false},"featured_media":2341,"comment_status":"open","ping_status":"closed","template":"","meta":[],"product_brand":[],"product_cat":[102],"product_tag":[],"class_list":{"0":"post-2337","1":"product","2":"type-product","3":"status-publish","4":"has-post-thumbnail","6":"product_cat-https-lotusgolf-vn-vi-product-category-phu-kien-gang-tay","8":"first","9":"instock","10":"shipping-taxable","11":"purchasable","12":"product-type-simple"},"yoast_head":"<!-- This site is optimized with the Yoast SEO plugin v19.0 - https:\/\/yoast.com\/wordpress\/plugins\/seo\/ -->\n<title>G\u0103ng tay golf FootJoy Rain Grip -<\/title>\n<meta name=\"robots\" content=\"index, follow, max-snippet:-1, max-image-preview:large, max-video-preview:-1\" \/>\n<link rel=\"canonical\" href=\"https:\/\/lotusgolf.vn\/vi\/product\/gang-tay-golf-footjoy-rain-grip\/\" \/>\n<meta property=\"og:locale\" content=\"vi_VN\" \/>\n<meta property=\"og:type\" content=\"article\" \/>\n<meta property=\"og:title\" content=\"G\u0103ng tay golf FootJoy Rain Grip -\" \/>\n<meta property=\"og:description\" content=\"G\u0103ng tay g\u00f4n FootJoy Rain Grip \u2013 D\u00f9ng t\u1ed1t trong \u0111i\u1ec1u ki\u1ec7n th\u1eddi ti\u1ebft \u1ea9m \u01b0\u1edbt. \u2013 G\u0103ng tay thi\u1ebft k\u1ebf c\u00f3 l\u1ed7 k\u1eb9p Tee. \u2013 C\u00f4ng ngh\u1ec7 autosuede trong l\u00f2ng g\u0103ng tay cung c\u1ea5p \u0111\u1ed9 b\u00e1m trong \u0111i\u1ec1u ki\u1ec7n \u1ea9m \u01b0\u1edbt ho\u1eb7c \u1ea9m \u01b0\u1edbt, gi\u00fap c\u1ea7m g\u1eady ch\u1eafc ch\u1eafn v\u00e0 ki\u1ec3m so\u00e1t t\u1ed1i \u0111a. [...]\" \/>\n<meta property=\"og:url\" content=\"https:\/\/lotusgolf.vn\/vi\/product\/gang-tay-golf-footjoy-rain-grip\/\" \/>\n<meta property=\"og:image\" content=\"https:\/\/lotusgolf.vn\/wp-content\/uploads\/2022\/10\/unnamed_5.jpg\" \/>\n\t<meta property=\"og:image:width\" content=\"600\" \/>\n\t<meta property=\"og:image:height\" content=\"600\" \/>\n\t<meta property=\"og:image:type\" content=\"image\/jpeg\" \/>\n<meta name=\"twitter:card\" content=\"summary_large_image\" \/>\n<meta name=\"twitter:label1\" content=\"\u01af\u1edbc t\u00ednh th\u1eddi gian \u0111\u1ecdc\" \/>\n\t<meta name=\"twitter:data1\" content=\"1 ph\u00fat\" \/>\n<script type=\"application\/ld+json\" class=\"yoast-schema-graph\">{\"@context\":\"https:\/\/schema.org\",\"@graph\":[{\"@type\":\"WebSite\",\"@id\":\"https:\/\/lotusgolf-b23998.ingress-bonde.ewp.live\/#website\",\"url\":\"https:\/\/lotusgolf-b23998.ingress-bonde.ewp.live\/\",\"name\":\"\",\"description\":\"\",\"potentialAction\":[{\"@type\":\"SearchAction\",\"target\":{\"@type\":\"EntryPoint\",\"urlTemplate\":\"https:\/\/lotusgolf-b23998.ingress-bonde.ewp.live\/?s={search_term_string}\"},\"query-input\":\"required name=search_term_string\"}],\"inLanguage\":\"vi\"},{\"@type\":\"ImageObject\",\"inLanguage\":\"vi\",\"@id\":\"https:\/\/lotusgolf.vn\/product\/gang-tay-golf-footjoy-rain-grip\/#primaryimage\",\"url\":\"https:\/\/lotusgolf.vn\/wp-content\/uploads\/2022\/10\/unnamed_5.jpg\",\"contentUrl\":\"https:\/\/lotusgolf.vn\/wp-content\/uploads\/2022\/10\/unnamed_5.jpg\",\"width\":600,\"height\":600},{\"@type\":\"WebPage\",\"@id\":\"https:\/\/lotusgolf.vn\/product\/gang-tay-golf-footjoy-rain-grip\/#webpage\",\"url\":\"https:\/\/lotusgolf.vn\/product\/gang-tay-golf-footjoy-rain-grip\/\",\"name\":\"G\u0103ng tay golf FootJoy Rain Grip -\",\"isPartOf\":{\"@id\":\"https:\/\/lotusgolf-b23998.ingress-bonde.ewp.live\/#website\"},\"primaryImageOfPage\":{\"@id\":\"https:\/\/lotusgolf.vn\/product\/gang-tay-golf-footjoy-rain-grip\/#primaryimage\"},\"datePublished\":\"2022-10-14T10:36:00+00:00\",\"dateModified\":\"2022-10-14T10:36:00+00:00\",\"breadcrumb\":{\"@id\":\"https:\/\/lotusgolf.vn\/product\/gang-tay-golf-footjoy-rain-grip\/#breadcrumb\"},\"inLanguage\":\"vi\",\"potentialAction\":[{\"@type\":\"ReadAction\",\"target\":[\"https:\/\/lotusgolf.vn\/product\/gang-tay-golf-footjoy-rain-grip\/\"]}]},{\"@type\":\"BreadcrumbList\",\"@id\":\"https:\/\/lotusgolf.vn\/product\/gang-tay-golf-footjoy-rain-grip\/#breadcrumb\",\"itemListElement\":[{\"@type\":\"ListItem\",\"position\":1,\"name\":\"Home\",\"item\":\"https:\/\/lotusgolf.vn\/\"},{\"@type\":\"ListItem\",\"position\":2,\"name\":\"Shop\",\"item\":\"https:\/\/lotusgolf-b23998.ingress-bonde.ewp.live\/shop\/\"},{\"@type\":\"ListItem\",\"position\":3,\"name\":\"G\u0103ng tay golf FootJoy Rain Grip\"}]}]}<\/script>\n<!-- \/ Yoast SEO plugin. -->","yoast_head_json":{"title":"G\u0103ng tay golf FootJoy Rain Grip -","robots":{"index":"index","follow":"follow","max-snippet":"max-snippet:-1","max-image-preview":"max-image-preview:large","max-video-preview":"max-video-preview:-1"},"canonical":"https:\/\/lotusgolf.vn\/vi\/product\/gang-tay-golf-footjoy-rain-grip\/","og_locale":"vi_VN","og_type":"article","og_title":"G\u0103ng tay golf FootJoy Rain Grip -","og_description":"G\u0103ng tay g\u00f4n FootJoy Rain Grip \u2013 D\u00f9ng t\u1ed1t trong \u0111i\u1ec1u ki\u1ec7n th\u1eddi ti\u1ebft \u1ea9m \u01b0\u1edbt. \u2013 G\u0103ng tay thi\u1ebft k\u1ebf c\u00f3 l\u1ed7 k\u1eb9p Tee. \u2013 C\u00f4ng ngh\u1ec7 autosuede trong l\u00f2ng g\u0103ng tay cung c\u1ea5p \u0111\u1ed9 b\u00e1m trong \u0111i\u1ec1u ki\u1ec7n \u1ea9m \u01b0\u1edbt ho\u1eb7c \u1ea9m \u01b0\u1edbt, gi\u00fap c\u1ea7m g\u1eady ch\u1eafc ch\u1eafn v\u00e0 ki\u1ec3m so\u00e1t t\u1ed1i \u0111a. [...]","og_url":"https:\/\/lotusgolf.vn\/vi\/product\/gang-tay-golf-footjoy-rain-grip\/","og_image":[{"width":600,"height":600,"url":"https:\/\/lotusgolf.vn\/wp-content\/uploads\/2022\/10\/unnamed_5.jpg","type":"image\/jpeg"}],"twitter_card":"summary_large_image","twitter_misc":{"\u01af\u1edbc t\u00ednh th\u1eddi gian \u0111\u1ecdc":"1 ph\u00fat"},"schema":{"@context":"https:\/\/schema.org","@graph":[{"@type":"WebSite","@id":"https:\/\/lotusgolf-b23998.ingress-bonde.ewp.live\/#website","url":"https:\/\/lotusgolf-b23998.ingress-bonde.ewp.live\/","name":"","description":"","potentialAction":[{"@type":"SearchAction","target":{"@type":"EntryPoint","urlTemplate":"https:\/\/lotusgolf-b23998.ingress-bonde.ewp.live\/?s={search_term_string}"},"query-input":"required name=search_term_string"}],"inLanguage":"vi"},{"@type":"ImageObject","inLanguage":"vi","@id":"https:\/\/lotusgolf.vn\/product\/gang-tay-golf-footjoy-rain-grip\/#primaryimage","url":"https:\/\/lotusgolf.vn\/wp-content\/uploads\/2022\/10\/unnamed_5.jpg","contentUrl":"https:\/\/lotusgolf.vn\/wp-content\/uploads\/2022\/10\/unnamed_5.jpg","width":600,"height":600},{"@type":"WebPage","@id":"https:\/\/lotusgolf.vn\/product\/gang-tay-golf-footjoy-rain-grip\/#webpage","url":"https:\/\/lotusgolf.vn\/product\/gang-tay-golf-footjoy-rain-grip\/","name":"G\u0103ng tay golf FootJoy Rain Grip -","isPartOf":{"@id":"https:\/\/lotusgolf-b23998.ingress-bonde.ewp.live\/#website"},"primaryImageOfPage":{"@id":"https:\/\/lotusgolf.vn\/product\/gang-tay-golf-footjoy-rain-grip\/#primaryimage"},"datePublished":"2022-10-14T10:36:00+00:00","dateModified":"2022-10-14T10:36:00+00:00","breadcrumb":{"@id":"https:\/\/lotusgolf.vn\/product\/gang-tay-golf-footjoy-rain-grip\/#breadcrumb"},"inLanguage":"vi","potentialAction":[{"@type":"ReadAction","target":["https:\/\/lotusgolf.vn\/product\/gang-tay-golf-footjoy-rain-grip\/"]}]},{"@type":"BreadcrumbList","@id":"https:\/\/lotusgolf.vn\/product\/gang-tay-golf-footjoy-rain-grip\/#breadcrumb","itemListElement":[{"@type":"ListItem","position":1,"name":"Home","item":"https:\/\/lotusgolf.vn\/"},{"@type":"ListItem","position":2,"name":"Shop","item":"https:\/\/lotusgolf-b23998.ingress-bonde.ewp.live\/shop\/"},{"@type":"ListItem","position":3,"name":"G\u0103ng tay golf FootJoy Rain Grip"}]}]}},"_links":{"self":[{"href":"https:\/\/lotusgolf.vn\/vi\/wp-json\/wp\/v2\/product\/2337","targetHints":{"allow":["GET"]}}],"collection":[{"href":"https:\/\/lotusgolf.vn\/vi\/wp-json\/wp\/v2\/product"}],"about":[{"href":"https:\/\/lotusgolf.vn\/vi\/wp-json\/wp\/v2\/types\/product"}],"replies":[{"embeddable":true,"href":"https:\/\/lotusgolf.vn\/vi\/wp-json\/wp\/v2\/comments?post=2337"}],"wp:featuredmedia":[{"embeddable":true,"href":"https:\/\/lotusgolf.vn\/vi\/wp-json\/wp\/v2\/media\/2341"}],"wp:attachment":[{"href":"https:\/\/lotusgolf.vn\/vi\/wp-json\/wp\/v2\/media?parent=2337"}],"wp:term":[{"taxonomy":"product_brand","embeddable":true,"href":"https:\/\/lotusgolf.vn\/vi\/wp-json\/wp\/v2\/product_brand?post=2337"},{"taxonomy":"product_cat","embeddable":true,"href":"https:\/\/lotusgolf.vn\/vi\/wp-json\/wp\/v2\/product_cat?post=2337"},{"taxonomy":"product_tag","embeddable":true,"href":"https:\/\/lotusgolf.vn\/vi\/wp-json\/wp\/v2\/product_tag?post=2337"}],"curies":[{"name":"wp","href":"https:\/\/api.w.org\/{rel}","templated":true}]}}