{"id":2371,"date":"2022-10-14T10:59:59","date_gmt":"2022-10-14T10:59:59","guid":{"rendered":"https:\/\/lotusgolf.vn\/?post_type=product&#038;p=2371"},"modified":"2022-10-14T10:59:59","modified_gmt":"2022-10-14T10:59:59","slug":"mu-golf-ping-35559","status":"publish","type":"product","link":"https:\/\/lotusgolf.vn\/vi\/product\/mu-golf-ping-35559","title":{"rendered":"M\u0169 golf PING 35559"},"content":{"rendered":"<div id=\"description\" class=\"data item content\" aria-labelledby=\"tab-label-description-title\">\n<div class=\"product attribute description\">\n<div class=\"value\">\n<h1><a href=\"https:\/\/www.tatgolf.vn\/trang-phuc\/nam\/mu.html\">M\u0169 g\u00f4n<\/a> Ping 35559<\/h1>\n<p>N\u00f3n k\u1ebft form 5 m\u00fai. sau n\u00f3n c\u00f3 kh\u00f3a t\u0103g gi\u1ea3m size snapback<\/p>\n<p>Logo PING in n\u1ed5i 3D PU tr\u01b0\u1edbc n\u00f3n.<\/p>\n<p>M\u1eb7t d\u01b0\u1edbi v\u00e0nh n\u00f3n m\u00e0u x\u00e1m cho c\u1ea3m gi\u00e1c d\u1ecbu m\u1eaft.<\/p>\n<p>Ch\u1ea5t v\u1ea3i khaki thun, m\u1ec1m.<\/p>\n<\/div>\n<\/div>\n<\/div>\n","protected":false},"excerpt":{"rendered":"<p>M\u0169 g\u00f4n Ping 35559 N\u00f3n k\u1ebft form 5 m\u00fai. sau n\u00f3n c\u00f3 kh\u00f3a t\u0103g gi\u1ea3m size snapback Logo PING in n\u1ed5i 3D PU tr\u01b0\u1edbc n\u00f3n. M\u1eb7t d\u01b0\u1edbi v\u00e0nh n\u00f3n m\u00e0u x\u00e1m cho c\u1ea3m gi\u00e1c d\u1ecbu m\u1eaft. Ch\u1ea5t v\u1ea3i khaki thun, m\u1ec1m.<\/p>\n","protected":false},"featured_media":2374,"comment_status":"open","ping_status":"closed","template":"","meta":[],"product_brand":[],"product_cat":[109],"product_tag":[],"class_list":{"0":"post-2371","1":"product","2":"type-product","3":"status-publish","4":"has-post-thumbnail","6":"product_cat-mu","8":"first","9":"instock","10":"shipping-taxable","11":"purchasable","12":"product-type-simple"},"yoast_head":"<!-- This site is optimized with the Yoast SEO plugin v19.0 - https:\/\/yoast.com\/wordpress\/plugins\/seo\/ -->\n<title>M\u0169 golf PING 35559 -<\/title>\n<meta name=\"robots\" content=\"index, follow, max-snippet:-1, max-image-preview:large, max-video-preview:-1\" \/>\n<link rel=\"canonical\" href=\"https:\/\/lotusgolf.vn\/vi\/product\/mu-golf-ping-35559\/\" \/>\n<meta property=\"og:locale\" content=\"vi_VN\" \/>\n<meta property=\"og:type\" content=\"article\" \/>\n<meta property=\"og:title\" content=\"M\u0169 golf PING 35559 -\" \/>\n<meta property=\"og:description\" content=\"M\u0169 g\u00f4n Ping 35559 N\u00f3n k\u1ebft form 5 m\u00fai. sau n\u00f3n c\u00f3 kh\u00f3a t\u0103g gi\u1ea3m size snapback Logo PING in n\u1ed5i 3D PU tr\u01b0\u1edbc n\u00f3n. M\u1eb7t d\u01b0\u1edbi v\u00e0nh n\u00f3n m\u00e0u x\u00e1m cho c\u1ea3m gi\u00e1c d\u1ecbu m\u1eaft. Ch\u1ea5t v\u1ea3i khaki thun, m\u1ec1m.\" \/>\n<meta property=\"og:url\" content=\"https:\/\/lotusgolf.vn\/vi\/product\/mu-golf-ping-35559\/\" \/>\n<meta property=\"og:image\" content=\"https:\/\/lotusgolf.vn\/wp-content\/uploads\/2022\/10\/ping-tour-classic-hat_black_01.jpg__02376.1647267800.jpg\" \/>\n\t<meta property=\"og:image:width\" content=\"960\" \/>\n\t<meta property=\"og:image:height\" content=\"960\" \/>\n\t<meta property=\"og:image:type\" content=\"image\/jpeg\" \/>\n<meta name=\"twitter:card\" content=\"summary_large_image\" \/>\n<script type=\"application\/ld+json\" class=\"yoast-schema-graph\">{\"@context\":\"https:\/\/schema.org\",\"@graph\":[{\"@type\":\"WebSite\",\"@id\":\"https:\/\/lotusgolf-b23998.ingress-bonde.ewp.live\/#website\",\"url\":\"https:\/\/lotusgolf-b23998.ingress-bonde.ewp.live\/\",\"name\":\"\",\"description\":\"\",\"potentialAction\":[{\"@type\":\"SearchAction\",\"target\":{\"@type\":\"EntryPoint\",\"urlTemplate\":\"https:\/\/lotusgolf-b23998.ingress-bonde.ewp.live\/?s={search_term_string}\"},\"query-input\":\"required name=search_term_string\"}],\"inLanguage\":\"vi\"},{\"@type\":\"ImageObject\",\"inLanguage\":\"vi\",\"@id\":\"https:\/\/lotusgolf.vn\/product\/mu-golf-ping-35559\/#primaryimage\",\"url\":\"https:\/\/lotusgolf.vn\/wp-content\/uploads\/2022\/10\/ping-tour-classic-hat_black_01.jpg__02376.1647267800.jpg\",\"contentUrl\":\"https:\/\/lotusgolf.vn\/wp-content\/uploads\/2022\/10\/ping-tour-classic-hat_black_01.jpg__02376.1647267800.jpg\",\"width\":960,\"height\":960},{\"@type\":\"WebPage\",\"@id\":\"https:\/\/lotusgolf.vn\/product\/mu-golf-ping-35559\/#webpage\",\"url\":\"https:\/\/lotusgolf.vn\/product\/mu-golf-ping-35559\/\",\"name\":\"M\u0169 golf PING 35559 -\",\"isPartOf\":{\"@id\":\"https:\/\/lotusgolf-b23998.ingress-bonde.ewp.live\/#website\"},\"primaryImageOfPage\":{\"@id\":\"https:\/\/lotusgolf.vn\/product\/mu-golf-ping-35559\/#primaryimage\"},\"datePublished\":\"2022-10-14T10:59:59+00:00\",\"dateModified\":\"2022-10-14T10:59:59+00:00\",\"breadcrumb\":{\"@id\":\"https:\/\/lotusgolf.vn\/product\/mu-golf-ping-35559\/#breadcrumb\"},\"inLanguage\":\"vi\",\"potentialAction\":[{\"@type\":\"ReadAction\",\"target\":[\"https:\/\/lotusgolf.vn\/product\/mu-golf-ping-35559\/\"]}]},{\"@type\":\"BreadcrumbList\",\"@id\":\"https:\/\/lotusgolf.vn\/product\/mu-golf-ping-35559\/#breadcrumb\",\"itemListElement\":[{\"@type\":\"ListItem\",\"position\":1,\"name\":\"Home\",\"item\":\"https:\/\/lotusgolf.vn\/\"},{\"@type\":\"ListItem\",\"position\":2,\"name\":\"Shop\",\"item\":\"https:\/\/lotusgolf-b23998.ingress-bonde.ewp.live\/shop\/\"},{\"@type\":\"ListItem\",\"position\":3,\"name\":\"M\u0169 golf PING 35559\"}]}]}<\/script>\n<!-- \/ Yoast SEO plugin. -->","yoast_head_json":{"title":"M\u0169 golf PING 35559 -","robots":{"index":"index","follow":"follow","max-snippet":"max-snippet:-1","max-image-preview":"max-image-preview:large","max-video-preview":"max-video-preview:-1"},"canonical":"https:\/\/lotusgolf.vn\/vi\/product\/mu-golf-ping-35559\/","og_locale":"vi_VN","og_type":"article","og_title":"M\u0169 golf PING 35559 -","og_description":"M\u0169 g\u00f4n Ping 35559 N\u00f3n k\u1ebft form 5 m\u00fai. sau n\u00f3n c\u00f3 kh\u00f3a t\u0103g gi\u1ea3m size snapback Logo PING in n\u1ed5i 3D PU tr\u01b0\u1edbc n\u00f3n. M\u1eb7t d\u01b0\u1edbi v\u00e0nh n\u00f3n m\u00e0u x\u00e1m cho c\u1ea3m gi\u00e1c d\u1ecbu m\u1eaft. Ch\u1ea5t v\u1ea3i khaki thun, m\u1ec1m.","og_url":"https:\/\/lotusgolf.vn\/vi\/product\/mu-golf-ping-35559\/","og_image":[{"width":960,"height":960,"url":"https:\/\/lotusgolf.vn\/wp-content\/uploads\/2022\/10\/ping-tour-classic-hat_black_01.jpg__02376.1647267800.jpg","type":"image\/jpeg"}],"twitter_card":"summary_large_image","schema":{"@context":"https:\/\/schema.org","@graph":[{"@type":"WebSite","@id":"https:\/\/lotusgolf-b23998.ingress-bonde.ewp.live\/#website","url":"https:\/\/lotusgolf-b23998.ingress-bonde.ewp.live\/","name":"","description":"","potentialAction":[{"@type":"SearchAction","target":{"@type":"EntryPoint","urlTemplate":"https:\/\/lotusgolf-b23998.ingress-bonde.ewp.live\/?s={search_term_string}"},"query-input":"required name=search_term_string"}],"inLanguage":"vi"},{"@type":"ImageObject","inLanguage":"vi","@id":"https:\/\/lotusgolf.vn\/product\/mu-golf-ping-35559\/#primaryimage","url":"https:\/\/lotusgolf.vn\/wp-content\/uploads\/2022\/10\/ping-tour-classic-hat_black_01.jpg__02376.1647267800.jpg","contentUrl":"https:\/\/lotusgolf.vn\/wp-content\/uploads\/2022\/10\/ping-tour-classic-hat_black_01.jpg__02376.1647267800.jpg","width":960,"height":960},{"@type":"WebPage","@id":"https:\/\/lotusgolf.vn\/product\/mu-golf-ping-35559\/#webpage","url":"https:\/\/lotusgolf.vn\/product\/mu-golf-ping-35559\/","name":"M\u0169 golf PING 35559 -","isPartOf":{"@id":"https:\/\/lotusgolf-b23998.ingress-bonde.ewp.live\/#website"},"primaryImageOfPage":{"@id":"https:\/\/lotusgolf.vn\/product\/mu-golf-ping-35559\/#primaryimage"},"datePublished":"2022-10-14T10:59:59+00:00","dateModified":"2022-10-14T10:59:59+00:00","breadcrumb":{"@id":"https:\/\/lotusgolf.vn\/product\/mu-golf-ping-35559\/#breadcrumb"},"inLanguage":"vi","potentialAction":[{"@type":"ReadAction","target":["https:\/\/lotusgolf.vn\/product\/mu-golf-ping-35559\/"]}]},{"@type":"BreadcrumbList","@id":"https:\/\/lotusgolf.vn\/product\/mu-golf-ping-35559\/#breadcrumb","itemListElement":[{"@type":"ListItem","position":1,"name":"Home","item":"https:\/\/lotusgolf.vn\/"},{"@type":"ListItem","position":2,"name":"Shop","item":"https:\/\/lotusgolf-b23998.ingress-bonde.ewp.live\/shop\/"},{"@type":"ListItem","position":3,"name":"M\u0169 golf PING 35559"}]}]}},"_links":{"self":[{"href":"https:\/\/lotusgolf.vn\/vi\/wp-json\/wp\/v2\/product\/2371","targetHints":{"allow":["GET"]}}],"collection":[{"href":"https:\/\/lotusgolf.vn\/vi\/wp-json\/wp\/v2\/product"}],"about":[{"href":"https:\/\/lotusgolf.vn\/vi\/wp-json\/wp\/v2\/types\/product"}],"replies":[{"embeddable":true,"href":"https:\/\/lotusgolf.vn\/vi\/wp-json\/wp\/v2\/comments?post=2371"}],"wp:featuredmedia":[{"embeddable":true,"href":"https:\/\/lotusgolf.vn\/vi\/wp-json\/wp\/v2\/media\/2374"}],"wp:attachment":[{"href":"https:\/\/lotusgolf.vn\/vi\/wp-json\/wp\/v2\/media?parent=2371"}],"wp:term":[{"taxonomy":"product_brand","embeddable":true,"href":"https:\/\/lotusgolf.vn\/vi\/wp-json\/wp\/v2\/product_brand?post=2371"},{"taxonomy":"product_cat","embeddable":true,"href":"https:\/\/lotusgolf.vn\/vi\/wp-json\/wp\/v2\/product_cat?post=2371"},{"taxonomy":"product_tag","embeddable":true,"href":"https:\/\/lotusgolf.vn\/vi\/wp-json\/wp\/v2\/product_tag?post=2371"}],"curies":[{"name":"wp","href":"https:\/\/api.w.org\/{rel}","templated":true}]}}