{"id":2379,"date":"2022-10-14T11:02:03","date_gmt":"2022-10-14T11:02:03","guid":{"rendered":"https:\/\/lotusgolf.vn\/?post_type=product&#038;p=2379"},"modified":"2022-10-14T11:02:03","modified_gmt":"2022-10-14T11:02:03","slug":"mu-golf-adidas-gu1490","status":"publish","type":"product","link":"https:\/\/lotusgolf.vn\/vi\/product\/mu-golf-adidas-gu1490","title":{"rendered":"M\u0169 golf adidas GU1490"},"content":{"rendered":"<div id=\"description\" class=\"data item content\" aria-labelledby=\"tab-label-description-title\">\n<div class=\"product attribute description\">\n<div class=\"value\">\n<h1>M\u0169 g\u00f4n\u00a0adidas GU1490<\/h1>\n<h2>Th\u00f4ng Tin<\/h2>\n<section class=\"content-item___1H95n full-width-never___3cg9Q overflow___jMM_g visible___2mOxe\">\n<div id=\"navigation-target-description\">\n<div class=\"description___2nN4A\">\n<div class=\"text-content___1EWJO\">\n<h5 class=\"gl-heading--italic gl-heading--s heading___IO3QX\">M\u1ed8T CHI\u1ebeC M\u0168 GOLF V\u1edaI PHONG C\u00c1CH HI\u1ec6N \u0110\u1ea0I.<\/h5>\n<p>N\u00e2ng cao c\u00e1i nh\u00ecn c\u1ee7a b\u1ea1n v\u1ec1 c\u00e1c li\u00ean k\u1ebft.<\/p>\n<p>Chi\u1ebfc m\u0169 g\u00f4n n\u00e0y gi\u00fap che khu\u1ea5t \u00e1nh n\u1eafng m\u1eb7t tr\u1eddi v\u1edbi h\u00ecnh d\u1ea1ng s\u00e1u \u00f4 c\u1ed5 \u0111i\u1ec3n. Huy hi\u1ec7u Th\u1ec3 thao c\u1ee7a adidas tr\u00ean m\u1eb7t tr\u01b0\u1edbc \u0111\u01b0\u1ee3c \u0111an th\u1ec3 hi\u1ec7n s\u1ef1 c\u1ed1ng hi\u1ebfn c\u1ee7a b\u1ea1n cho tr\u00f2 ch\u01a1i.<\/p>\n<p>S\u1ea3n ph\u1ea9m n\u00e0y \u0111\u01b0\u1ee3c l\u00e0m b\u1eb1ng Primegreen, m\u1ed9t lo\u1ea1t v\u1eadt li\u1ec7u t\u00e1i ch\u1ebf hi\u1ec7u su\u1ea5t cao.<\/p>\n<\/div>\n<h2 class=\"media___1ux-z\">TH\u00d4NG S\u1ed0 K\u1ef8 THU\u1eacT<\/h2>\n<\/div>\n<\/div>\n<\/section>\n<section class=\"content-item___1H95n full-width-never___3cg9Q overflow___jMM_g visible___2mOxe\">\n<div id=\"navigation-target-specifications\">\n<div class=\"specifications___1XaPk\">\n<div class=\"bullets___NV9iB\">\n<ul class=\"gl-list gl-list--s\">\n<li class=\"gl-vspace-bpall-small\">C\u1ee1 ph\u1ed5 th\u00f4ng<\/li>\n<li class=\"gl-vspace-bpall-small\">97% polyester t\u00e1i ch\u1ebf, 3% v\u1ea3i d\u1ec7t tr\u01a1n elastane<\/li>\n<li class=\"gl-vspace-bpall-small\">V\u00e0nh cong tr\u01b0\u1edbc<\/li>\n<li class=\"gl-vspace-bpall-small\">\u0110\u00f3ng Snapback<\/li>\n<li class=\"gl-vspace-bpall-small\">M\u1eb7t tr\u01b0\u1edbc \u0111an<\/li>\n<li class=\"gl-vspace-bpall-small\">C\u1ea5u tr\u00fac s\u00e1u b\u1ea3ng \u0111i\u1ec1u khi\u1ec3n<\/li>\n<\/ul>\n<ul class=\"gl-list gl-list--s\">\n<li class=\"gl-vspace-bpall-small\">D\u00e2y qu\u1ea5n b\u00ean trong<\/li>\n<li class=\"gl-vspace-bpall-small\">D\u1ec7t tr\u01a1n<\/li>\n<li class=\"gl-vspace-bpall-small\">Primegreen<\/li>\n<li class=\"gl-vspace-bpall-small\">M\u00e0u s\u1eafc s\u1ea3n ph\u1ea9m: Tr\u1eafng<\/li>\n<li class=\"gl-vspace-bpall-small\">M\u00e3 s\u1ea3n ph\u1ea9m: GU1490<\/li>\n<\/ul>\n<\/div>\n<\/div>\n<\/div>\n<\/section>\n<\/div>\n<\/div>\n<\/div>\n","protected":false},"excerpt":{"rendered":"<p>M\u0169 g\u00f4n\u00a0adidas GU1490 Th\u00f4ng Tin M\u1ed8T CHI\u1ebeC M\u0168 GOLF V\u1edaI PHONG C\u00c1CH HI\u1ec6N \u0110\u1ea0I. N\u00e2ng cao c\u00e1i nh\u00ecn c\u1ee7a b\u1ea1n v\u1ec1 c\u00e1c li\u00ean k\u1ebft. Chi\u1ebfc m\u0169 g\u00f4n n\u00e0y gi\u00fap che khu\u1ea5t \u00e1nh n\u1eafng m\u1eb7t tr\u1eddi v\u1edbi h\u00ecnh d\u1ea1ng s\u00e1u \u00f4 c\u1ed5 \u0111i\u1ec3n. Huy hi\u1ec7u Th\u1ec3 thao c\u1ee7a adidas tr\u00ean m\u1eb7t tr\u01b0\u1edbc \u0111\u01b0\u1ee3c \u0111an th\u1ec3 hi\u1ec7n [&#8230;]\n","protected":false},"featured_media":2380,"comment_status":"open","ping_status":"closed","template":"","meta":[],"product_brand":[],"product_cat":[109],"product_tag":[],"class_list":{"0":"post-2379","1":"product","2":"type-product","3":"status-publish","4":"has-post-thumbnail","6":"product_cat-mu","8":"first","9":"instock","10":"shipping-taxable","11":"purchasable","12":"product-type-simple"},"yoast_head":"<!-- This site is optimized with the Yoast SEO plugin v19.0 - https:\/\/yoast.com\/wordpress\/plugins\/seo\/ -->\n<title>M\u0169 golf adidas GU1490 -<\/title>\n<meta name=\"robots\" content=\"index, follow, max-snippet:-1, max-image-preview:large, max-video-preview:-1\" \/>\n<link rel=\"canonical\" href=\"https:\/\/lotusgolf.vn\/vi\/product\/mu-golf-adidas-gu1490\/\" \/>\n<meta property=\"og:locale\" content=\"vi_VN\" \/>\n<meta property=\"og:type\" content=\"article\" \/>\n<meta property=\"og:title\" content=\"M\u0169 golf adidas GU1490 -\" \/>\n<meta property=\"og:description\" content=\"M\u0169 g\u00f4n\u00a0adidas GU1490 Th\u00f4ng Tin M\u1ed8T CHI\u1ebeC M\u0168 GOLF V\u1edaI PHONG C\u00c1CH HI\u1ec6N \u0110\u1ea0I. N\u00e2ng cao c\u00e1i nh\u00ecn c\u1ee7a b\u1ea1n v\u1ec1 c\u00e1c li\u00ean k\u1ebft. Chi\u1ebfc m\u0169 g\u00f4n n\u00e0y gi\u00fap che khu\u1ea5t \u00e1nh n\u1eafng m\u1eb7t tr\u1eddi v\u1edbi h\u00ecnh d\u1ea1ng s\u00e1u \u00f4 c\u1ed5 \u0111i\u1ec3n. Huy hi\u1ec7u Th\u1ec3 thao c\u1ee7a adidas tr\u00ean m\u1eb7t tr\u01b0\u1edbc \u0111\u01b0\u1ee3c \u0111an th\u1ec3 hi\u1ec7n [...]\" \/>\n<meta property=\"og:url\" content=\"https:\/\/lotusgolf.vn\/vi\/product\/mu-golf-adidas-gu1490\/\" \/>\n<meta property=\"og:image\" content=\"https:\/\/lotusgolf.vn\/wp-content\/uploads\/2022\/10\/gu1490a.jpg\" \/>\n\t<meta property=\"og:image:width\" content=\"600\" \/>\n\t<meta property=\"og:image:height\" content=\"600\" \/>\n\t<meta property=\"og:image:type\" content=\"image\/jpeg\" \/>\n<meta name=\"twitter:card\" content=\"summary_large_image\" \/>\n<meta name=\"twitter:label1\" content=\"\u01af\u1edbc t\u00ednh th\u1eddi gian \u0111\u1ecdc\" \/>\n\t<meta name=\"twitter:data1\" content=\"1 ph\u00fat\" \/>\n<script type=\"application\/ld+json\" class=\"yoast-schema-graph\">{\"@context\":\"https:\/\/schema.org\",\"@graph\":[{\"@type\":\"WebSite\",\"@id\":\"https:\/\/lotusgolf-b23998.ingress-bonde.ewp.live\/#website\",\"url\":\"https:\/\/lotusgolf-b23998.ingress-bonde.ewp.live\/\",\"name\":\"\",\"description\":\"\",\"potentialAction\":[{\"@type\":\"SearchAction\",\"target\":{\"@type\":\"EntryPoint\",\"urlTemplate\":\"https:\/\/lotusgolf-b23998.ingress-bonde.ewp.live\/?s={search_term_string}\"},\"query-input\":\"required name=search_term_string\"}],\"inLanguage\":\"vi\"},{\"@type\":\"ImageObject\",\"inLanguage\":\"vi\",\"@id\":\"https:\/\/lotusgolf.vn\/product\/mu-golf-adidas-gu1490\/#primaryimage\",\"url\":\"https:\/\/lotusgolf.vn\/wp-content\/uploads\/2022\/10\/gu1490a.jpg\",\"contentUrl\":\"https:\/\/lotusgolf.vn\/wp-content\/uploads\/2022\/10\/gu1490a.jpg\",\"width\":600,\"height\":600},{\"@type\":\"WebPage\",\"@id\":\"https:\/\/lotusgolf.vn\/product\/mu-golf-adidas-gu1490\/#webpage\",\"url\":\"https:\/\/lotusgolf.vn\/product\/mu-golf-adidas-gu1490\/\",\"name\":\"M\u0169 golf adidas GU1490 -\",\"isPartOf\":{\"@id\":\"https:\/\/lotusgolf-b23998.ingress-bonde.ewp.live\/#website\"},\"primaryImageOfPage\":{\"@id\":\"https:\/\/lotusgolf.vn\/product\/mu-golf-adidas-gu1490\/#primaryimage\"},\"datePublished\":\"2022-10-14T11:02:03+00:00\",\"dateModified\":\"2022-10-14T11:02:03+00:00\",\"breadcrumb\":{\"@id\":\"https:\/\/lotusgolf.vn\/product\/mu-golf-adidas-gu1490\/#breadcrumb\"},\"inLanguage\":\"vi\",\"potentialAction\":[{\"@type\":\"ReadAction\",\"target\":[\"https:\/\/lotusgolf.vn\/product\/mu-golf-adidas-gu1490\/\"]}]},{\"@type\":\"BreadcrumbList\",\"@id\":\"https:\/\/lotusgolf.vn\/product\/mu-golf-adidas-gu1490\/#breadcrumb\",\"itemListElement\":[{\"@type\":\"ListItem\",\"position\":1,\"name\":\"Home\",\"item\":\"https:\/\/lotusgolf.vn\/\"},{\"@type\":\"ListItem\",\"position\":2,\"name\":\"Shop\",\"item\":\"https:\/\/lotusgolf-b23998.ingress-bonde.ewp.live\/shop\/\"},{\"@type\":\"ListItem\",\"position\":3,\"name\":\"M\u0169 golf adidas GU1490\"}]}]}<\/script>\n<!-- \/ Yoast SEO plugin. -->","yoast_head_json":{"title":"M\u0169 golf adidas GU1490 -","robots":{"index":"index","follow":"follow","max-snippet":"max-snippet:-1","max-image-preview":"max-image-preview:large","max-video-preview":"max-video-preview:-1"},"canonical":"https:\/\/lotusgolf.vn\/vi\/product\/mu-golf-adidas-gu1490\/","og_locale":"vi_VN","og_type":"article","og_title":"M\u0169 golf adidas GU1490 -","og_description":"M\u0169 g\u00f4n\u00a0adidas GU1490 Th\u00f4ng Tin M\u1ed8T CHI\u1ebeC M\u0168 GOLF V\u1edaI PHONG C\u00c1CH HI\u1ec6N \u0110\u1ea0I. N\u00e2ng cao c\u00e1i nh\u00ecn c\u1ee7a b\u1ea1n v\u1ec1 c\u00e1c li\u00ean k\u1ebft. Chi\u1ebfc m\u0169 g\u00f4n n\u00e0y gi\u00fap che khu\u1ea5t \u00e1nh n\u1eafng m\u1eb7t tr\u1eddi v\u1edbi h\u00ecnh d\u1ea1ng s\u00e1u \u00f4 c\u1ed5 \u0111i\u1ec3n. Huy hi\u1ec7u Th\u1ec3 thao c\u1ee7a adidas tr\u00ean m\u1eb7t tr\u01b0\u1edbc \u0111\u01b0\u1ee3c \u0111an th\u1ec3 hi\u1ec7n [...]","og_url":"https:\/\/lotusgolf.vn\/vi\/product\/mu-golf-adidas-gu1490\/","og_image":[{"width":600,"height":600,"url":"https:\/\/lotusgolf.vn\/wp-content\/uploads\/2022\/10\/gu1490a.jpg","type":"image\/jpeg"}],"twitter_card":"summary_large_image","twitter_misc":{"\u01af\u1edbc t\u00ednh th\u1eddi gian \u0111\u1ecdc":"1 ph\u00fat"},"schema":{"@context":"https:\/\/schema.org","@graph":[{"@type":"WebSite","@id":"https:\/\/lotusgolf-b23998.ingress-bonde.ewp.live\/#website","url":"https:\/\/lotusgolf-b23998.ingress-bonde.ewp.live\/","name":"","description":"","potentialAction":[{"@type":"SearchAction","target":{"@type":"EntryPoint","urlTemplate":"https:\/\/lotusgolf-b23998.ingress-bonde.ewp.live\/?s={search_term_string}"},"query-input":"required name=search_term_string"}],"inLanguage":"vi"},{"@type":"ImageObject","inLanguage":"vi","@id":"https:\/\/lotusgolf.vn\/product\/mu-golf-adidas-gu1490\/#primaryimage","url":"https:\/\/lotusgolf.vn\/wp-content\/uploads\/2022\/10\/gu1490a.jpg","contentUrl":"https:\/\/lotusgolf.vn\/wp-content\/uploads\/2022\/10\/gu1490a.jpg","width":600,"height":600},{"@type":"WebPage","@id":"https:\/\/lotusgolf.vn\/product\/mu-golf-adidas-gu1490\/#webpage","url":"https:\/\/lotusgolf.vn\/product\/mu-golf-adidas-gu1490\/","name":"M\u0169 golf adidas GU1490 -","isPartOf":{"@id":"https:\/\/lotusgolf-b23998.ingress-bonde.ewp.live\/#website"},"primaryImageOfPage":{"@id":"https:\/\/lotusgolf.vn\/product\/mu-golf-adidas-gu1490\/#primaryimage"},"datePublished":"2022-10-14T11:02:03+00:00","dateModified":"2022-10-14T11:02:03+00:00","breadcrumb":{"@id":"https:\/\/lotusgolf.vn\/product\/mu-golf-adidas-gu1490\/#breadcrumb"},"inLanguage":"vi","potentialAction":[{"@type":"ReadAction","target":["https:\/\/lotusgolf.vn\/product\/mu-golf-adidas-gu1490\/"]}]},{"@type":"BreadcrumbList","@id":"https:\/\/lotusgolf.vn\/product\/mu-golf-adidas-gu1490\/#breadcrumb","itemListElement":[{"@type":"ListItem","position":1,"name":"Home","item":"https:\/\/lotusgolf.vn\/"},{"@type":"ListItem","position":2,"name":"Shop","item":"https:\/\/lotusgolf-b23998.ingress-bonde.ewp.live\/shop\/"},{"@type":"ListItem","position":3,"name":"M\u0169 golf adidas GU1490"}]}]}},"_links":{"self":[{"href":"https:\/\/lotusgolf.vn\/vi\/wp-json\/wp\/v2\/product\/2379","targetHints":{"allow":["GET"]}}],"collection":[{"href":"https:\/\/lotusgolf.vn\/vi\/wp-json\/wp\/v2\/product"}],"about":[{"href":"https:\/\/lotusgolf.vn\/vi\/wp-json\/wp\/v2\/types\/product"}],"replies":[{"embeddable":true,"href":"https:\/\/lotusgolf.vn\/vi\/wp-json\/wp\/v2\/comments?post=2379"}],"wp:featuredmedia":[{"embeddable":true,"href":"https:\/\/lotusgolf.vn\/vi\/wp-json\/wp\/v2\/media\/2380"}],"wp:attachment":[{"href":"https:\/\/lotusgolf.vn\/vi\/wp-json\/wp\/v2\/media?parent=2379"}],"wp:term":[{"taxonomy":"product_brand","embeddable":true,"href":"https:\/\/lotusgolf.vn\/vi\/wp-json\/wp\/v2\/product_brand?post=2379"},{"taxonomy":"product_cat","embeddable":true,"href":"https:\/\/lotusgolf.vn\/vi\/wp-json\/wp\/v2\/product_cat?post=2379"},{"taxonomy":"product_tag","embeddable":true,"href":"https:\/\/lotusgolf.vn\/vi\/wp-json\/wp\/v2\/product_tag?post=2379"}],"curies":[{"name":"wp","href":"https:\/\/api.w.org\/{rel}","templated":true}]}}