{"id":2384,"date":"2022-10-15T09:18:52","date_gmt":"2022-10-15T09:18:52","guid":{"rendered":"https:\/\/lotusgolf.vn\/?post_type=product&#038;p=2384"},"modified":"2025-09-10T21:32:52","modified_gmt":"2025-09-10T21:32:52","slug":"giay-golf-colehaan-wing-oxford","status":"publish","type":"product","link":"https:\/\/lotusgolf.vn\/vi\/product\/giay-golf-colehaan-wing-oxford","title":{"rendered":"Gi\u00e0y golf Colehaan wing Oxford"},"content":{"rendered":"<div class=\"cusDes\">\n<h4>M\u00f4 t\u1ea3 chi ti\u1ebft<\/h4>\n<p><strong>\u00d8RIGINALGRAND WING OXFORD GOLF<\/strong> &#8211; C\u1ed5 \u0111i\u1ec3n nh\u01b0ng ph\u00e1 c\u00e1ch, \u00e1p d\u1ee5ng c\u00f4ng ngh\u1ec7 \u0111\u1ec7m ti\u00ean ti\u1ebfn <strong>GRANDF\u00d8AM <\/strong>gi\u00fap mang l\u1ea1i c\u1ea3m gi\u00e1c tho\u1ea3i m\u00e1i xuy\u00ean su\u1ed1t tr\u1eadn Golf .<\/p>\n<ul>\n<li>M\u0169 gi\u00e0y long-wing oxford c\u1ed5 \u0111i\u1ec3n, ch\u1ed1ng th\u1ea5m n\u01b0\u1edbc.<\/li>\n<li>L\u1edbp l\u00f3t b\u1eb1ng v\u1ea3i d\u1ec7t h\u00fat \u1ea9m.<\/li>\n<li>\u0110\u1ebf gi\u1eefa EVA t\u1ea1o s\u1ef1 tho\u1ea3i m\u00e1i, \u00eam \u00e1i.<\/li>\n<li>\u0110\u01b0\u1eddng vi\u1ec1n m\u00e9p gi\u00e0y l\u00e0m t\u0103ng t\u00ednh th\u1ee7 c\u00f4ng c\u1ee7a s\u1ea3n ph\u1ea9m.<\/li>\n<li>\u0110\u1ebf ngo\u00e0i v\u1edbi c\u00e1c v\u00f9ng cao su \u0111a h\u01b0\u1edbng t\u0103ng \u0111\u1ed9 b\u00e1m c\u1ea3 tr\u00ean s\u00e2n l\u1eabn ngo\u00e0i s\u00e2n.<\/li>\n<\/ul>\n<\/div>\n","protected":false},"excerpt":{"rendered":"<p>M\u00f4 t\u1ea3 chi ti\u1ebft \u00d8RIGINALGRAND WING OXFORD GOLF &#8211; C\u1ed5 \u0111i\u1ec3n nh\u01b0ng ph\u00e1 c\u00e1ch, \u00e1p d\u1ee5ng c\u00f4ng ngh\u1ec7 \u0111\u1ec7m ti\u00ean ti\u1ebfn GRANDF\u00d8AM gi\u00fap mang l\u1ea1i c\u1ea3m gi\u00e1c tho\u1ea3i m\u00e1i xuy\u00ean su\u1ed1t tr\u1eadn Golf . M\u0169 gi\u00e0y long-wing oxford c\u1ed5 \u0111i\u1ec3n, ch\u1ed1ng th\u1ea5m n\u01b0\u1edbc. L\u1edbp l\u00f3t b\u1eb1ng v\u1ea3i d\u1ec7t h\u00fat \u1ea9m. \u0110\u1ebf gi\u1eefa EVA t\u1ea1o s\u1ef1 [&#8230;]\n","protected":false},"featured_media":2386,"comment_status":"open","ping_status":"closed","template":"","meta":[],"product_brand":[],"product_cat":[104],"product_tag":[],"class_list":{"0":"post-2384","1":"product","2":"type-product","3":"status-publish","4":"has-post-thumbnail","6":"product_cat-giay-golf","8":"first","9":"instock","10":"sale","11":"shipping-taxable","12":"purchasable","13":"product-type-simple"},"yoast_head":"<!-- This site is optimized with the Yoast SEO plugin v19.0 - https:\/\/yoast.com\/wordpress\/plugins\/seo\/ -->\n<title>Gi\u00e0y golf Colehaan wing Oxford -<\/title>\n<meta name=\"robots\" content=\"index, follow, max-snippet:-1, max-image-preview:large, max-video-preview:-1\" \/>\n<link rel=\"canonical\" href=\"https:\/\/lotusgolf.vn\/vi\/product\/giay-golf-colehaan-wing-oxford\/\" \/>\n<meta property=\"og:locale\" content=\"vi_VN\" \/>\n<meta property=\"og:type\" content=\"article\" \/>\n<meta property=\"og:title\" content=\"Gi\u00e0y golf Colehaan wing Oxford -\" \/>\n<meta property=\"og:description\" content=\"M\u00f4 t\u1ea3 chi ti\u1ebft \u00d8RIGINALGRAND WING OXFORD GOLF &#8211; C\u1ed5 \u0111i\u1ec3n nh\u01b0ng ph\u00e1 c\u00e1ch, \u00e1p d\u1ee5ng c\u00f4ng ngh\u1ec7 \u0111\u1ec7m ti\u00ean ti\u1ebfn GRANDF\u00d8AM gi\u00fap mang l\u1ea1i c\u1ea3m gi\u00e1c tho\u1ea3i m\u00e1i xuy\u00ean su\u1ed1t tr\u1eadn Golf . M\u0169 gi\u00e0y long-wing oxford c\u1ed5 \u0111i\u1ec3n, ch\u1ed1ng th\u1ea5m n\u01b0\u1edbc. L\u1edbp l\u00f3t b\u1eb1ng v\u1ea3i d\u1ec7t h\u00fat \u1ea9m. \u0110\u1ebf gi\u1eefa EVA t\u1ea1o s\u1ef1 [...]\" \/>\n<meta property=\"og:url\" content=\"https:\/\/lotusgolf.vn\/vi\/product\/giay-golf-colehaan-wing-oxford\/\" \/>\n<meta property=\"article:modified_time\" content=\"2025-09-10T21:32:52+00:00\" \/>\n<meta property=\"og:image\" content=\"https:\/\/lotusgolf.vn\/wp-content\/uploads\/2022\/10\/z3801847716568_13417f380db8bb2e2300573b2df99de4.jpg\" \/>\n\t<meta property=\"og:image:width\" content=\"1258\" \/>\n\t<meta property=\"og:image:height\" content=\"1199\" \/>\n\t<meta property=\"og:image:type\" content=\"image\/jpeg\" \/>\n<meta name=\"twitter:card\" content=\"summary_large_image\" \/>\n<meta name=\"twitter:label1\" content=\"\u01af\u1edbc t\u00ednh th\u1eddi gian \u0111\u1ecdc\" \/>\n\t<meta name=\"twitter:data1\" content=\"1 ph\u00fat\" \/>\n<script type=\"application\/ld+json\" class=\"yoast-schema-graph\">{\"@context\":\"https:\/\/schema.org\",\"@graph\":[{\"@type\":\"WebSite\",\"@id\":\"https:\/\/lotusgolf-b23998.ingress-bonde.ewp.live\/#website\",\"url\":\"https:\/\/lotusgolf-b23998.ingress-bonde.ewp.live\/\",\"name\":\"\",\"description\":\"\",\"potentialAction\":[{\"@type\":\"SearchAction\",\"target\":{\"@type\":\"EntryPoint\",\"urlTemplate\":\"https:\/\/lotusgolf-b23998.ingress-bonde.ewp.live\/?s={search_term_string}\"},\"query-input\":\"required name=search_term_string\"}],\"inLanguage\":\"vi\"},{\"@type\":\"ImageObject\",\"inLanguage\":\"vi\",\"@id\":\"https:\/\/lotusgolf.vn\/product\/giay-golf-colehaan-wing-oxford\/#primaryimage\",\"url\":\"https:\/\/lotusgolf.vn\/wp-content\/uploads\/2022\/10\/z3801847716568_13417f380db8bb2e2300573b2df99de4.jpg\",\"contentUrl\":\"https:\/\/lotusgolf.vn\/wp-content\/uploads\/2022\/10\/z3801847716568_13417f380db8bb2e2300573b2df99de4.jpg\",\"width\":1258,\"height\":1199},{\"@type\":\"WebPage\",\"@id\":\"https:\/\/lotusgolf.vn\/product\/giay-golf-colehaan-wing-oxford\/#webpage\",\"url\":\"https:\/\/lotusgolf.vn\/product\/giay-golf-colehaan-wing-oxford\/\",\"name\":\"Gi\u00e0y golf Colehaan wing Oxford -\",\"isPartOf\":{\"@id\":\"https:\/\/lotusgolf-b23998.ingress-bonde.ewp.live\/#website\"},\"primaryImageOfPage\":{\"@id\":\"https:\/\/lotusgolf.vn\/product\/giay-golf-colehaan-wing-oxford\/#primaryimage\"},\"datePublished\":\"2022-10-15T09:18:52+00:00\",\"dateModified\":\"2025-09-10T21:32:52+00:00\",\"breadcrumb\":{\"@id\":\"https:\/\/lotusgolf.vn\/product\/giay-golf-colehaan-wing-oxford\/#breadcrumb\"},\"inLanguage\":\"vi\",\"potentialAction\":[{\"@type\":\"ReadAction\",\"target\":[\"https:\/\/lotusgolf.vn\/product\/giay-golf-colehaan-wing-oxford\/\"]}]},{\"@type\":\"BreadcrumbList\",\"@id\":\"https:\/\/lotusgolf.vn\/product\/giay-golf-colehaan-wing-oxford\/#breadcrumb\",\"itemListElement\":[{\"@type\":\"ListItem\",\"position\":1,\"name\":\"Home\",\"item\":\"https:\/\/lotusgolf.vn\/\"},{\"@type\":\"ListItem\",\"position\":2,\"name\":\"Shop\",\"item\":\"https:\/\/lotusgolf-b23998.ingress-bonde.ewp.live\/shop\/\"},{\"@type\":\"ListItem\",\"position\":3,\"name\":\"Gi\u00e0y golf Colehaan wing Oxford\"}]}]}<\/script>\n<!-- \/ Yoast SEO plugin. -->","yoast_head_json":{"title":"Gi\u00e0y golf Colehaan wing Oxford -","robots":{"index":"index","follow":"follow","max-snippet":"max-snippet:-1","max-image-preview":"max-image-preview:large","max-video-preview":"max-video-preview:-1"},"canonical":"https:\/\/lotusgolf.vn\/vi\/product\/giay-golf-colehaan-wing-oxford\/","og_locale":"vi_VN","og_type":"article","og_title":"Gi\u00e0y golf Colehaan wing Oxford -","og_description":"M\u00f4 t\u1ea3 chi ti\u1ebft \u00d8RIGINALGRAND WING OXFORD GOLF &#8211; C\u1ed5 \u0111i\u1ec3n nh\u01b0ng ph\u00e1 c\u00e1ch, \u00e1p d\u1ee5ng c\u00f4ng ngh\u1ec7 \u0111\u1ec7m ti\u00ean ti\u1ebfn GRANDF\u00d8AM gi\u00fap mang l\u1ea1i c\u1ea3m gi\u00e1c tho\u1ea3i m\u00e1i xuy\u00ean su\u1ed1t tr\u1eadn Golf . M\u0169 gi\u00e0y long-wing oxford c\u1ed5 \u0111i\u1ec3n, ch\u1ed1ng th\u1ea5m n\u01b0\u1edbc. L\u1edbp l\u00f3t b\u1eb1ng v\u1ea3i d\u1ec7t h\u00fat \u1ea9m. \u0110\u1ebf gi\u1eefa EVA t\u1ea1o s\u1ef1 [...]","og_url":"https:\/\/lotusgolf.vn\/vi\/product\/giay-golf-colehaan-wing-oxford\/","article_modified_time":"2025-09-10T21:32:52+00:00","og_image":[{"width":1258,"height":1199,"url":"https:\/\/lotusgolf.vn\/wp-content\/uploads\/2022\/10\/z3801847716568_13417f380db8bb2e2300573b2df99de4.jpg","type":"image\/jpeg"}],"twitter_card":"summary_large_image","twitter_misc":{"\u01af\u1edbc t\u00ednh th\u1eddi gian \u0111\u1ecdc":"1 ph\u00fat"},"schema":{"@context":"https:\/\/schema.org","@graph":[{"@type":"WebSite","@id":"https:\/\/lotusgolf-b23998.ingress-bonde.ewp.live\/#website","url":"https:\/\/lotusgolf-b23998.ingress-bonde.ewp.live\/","name":"","description":"","potentialAction":[{"@type":"SearchAction","target":{"@type":"EntryPoint","urlTemplate":"https:\/\/lotusgolf-b23998.ingress-bonde.ewp.live\/?s={search_term_string}"},"query-input":"required name=search_term_string"}],"inLanguage":"vi"},{"@type":"ImageObject","inLanguage":"vi","@id":"https:\/\/lotusgolf.vn\/product\/giay-golf-colehaan-wing-oxford\/#primaryimage","url":"https:\/\/lotusgolf.vn\/wp-content\/uploads\/2022\/10\/z3801847716568_13417f380db8bb2e2300573b2df99de4.jpg","contentUrl":"https:\/\/lotusgolf.vn\/wp-content\/uploads\/2022\/10\/z3801847716568_13417f380db8bb2e2300573b2df99de4.jpg","width":1258,"height":1199},{"@type":"WebPage","@id":"https:\/\/lotusgolf.vn\/product\/giay-golf-colehaan-wing-oxford\/#webpage","url":"https:\/\/lotusgolf.vn\/product\/giay-golf-colehaan-wing-oxford\/","name":"Gi\u00e0y golf Colehaan wing Oxford -","isPartOf":{"@id":"https:\/\/lotusgolf-b23998.ingress-bonde.ewp.live\/#website"},"primaryImageOfPage":{"@id":"https:\/\/lotusgolf.vn\/product\/giay-golf-colehaan-wing-oxford\/#primaryimage"},"datePublished":"2022-10-15T09:18:52+00:00","dateModified":"2025-09-10T21:32:52+00:00","breadcrumb":{"@id":"https:\/\/lotusgolf.vn\/product\/giay-golf-colehaan-wing-oxford\/#breadcrumb"},"inLanguage":"vi","potentialAction":[{"@type":"ReadAction","target":["https:\/\/lotusgolf.vn\/product\/giay-golf-colehaan-wing-oxford\/"]}]},{"@type":"BreadcrumbList","@id":"https:\/\/lotusgolf.vn\/product\/giay-golf-colehaan-wing-oxford\/#breadcrumb","itemListElement":[{"@type":"ListItem","position":1,"name":"Home","item":"https:\/\/lotusgolf.vn\/"},{"@type":"ListItem","position":2,"name":"Shop","item":"https:\/\/lotusgolf-b23998.ingress-bonde.ewp.live\/shop\/"},{"@type":"ListItem","position":3,"name":"Gi\u00e0y golf Colehaan wing Oxford"}]}]}},"_links":{"self":[{"href":"https:\/\/lotusgolf.vn\/vi\/wp-json\/wp\/v2\/product\/2384","targetHints":{"allow":["GET"]}}],"collection":[{"href":"https:\/\/lotusgolf.vn\/vi\/wp-json\/wp\/v2\/product"}],"about":[{"href":"https:\/\/lotusgolf.vn\/vi\/wp-json\/wp\/v2\/types\/product"}],"replies":[{"embeddable":true,"href":"https:\/\/lotusgolf.vn\/vi\/wp-json\/wp\/v2\/comments?post=2384"}],"wp:featuredmedia":[{"embeddable":true,"href":"https:\/\/lotusgolf.vn\/vi\/wp-json\/wp\/v2\/media\/2386"}],"wp:attachment":[{"href":"https:\/\/lotusgolf.vn\/vi\/wp-json\/wp\/v2\/media?parent=2384"}],"wp:term":[{"taxonomy":"product_brand","embeddable":true,"href":"https:\/\/lotusgolf.vn\/vi\/wp-json\/wp\/v2\/product_brand?post=2384"},{"taxonomy":"product_cat","embeddable":true,"href":"https:\/\/lotusgolf.vn\/vi\/wp-json\/wp\/v2\/product_cat?post=2384"},{"taxonomy":"product_tag","embeddable":true,"href":"https:\/\/lotusgolf.vn\/vi\/wp-json\/wp\/v2\/product_tag?post=2384"}],"curies":[{"name":"wp","href":"https:\/\/api.w.org\/{rel}","templated":true}]}}