{"id":2399,"date":"2022-10-15T09:25:48","date_gmt":"2022-10-15T09:25:48","guid":{"rendered":"https:\/\/lotusgolf.vn\/?post_type=product&#038;p=2399"},"modified":"2022-10-15T09:25:48","modified_gmt":"2022-10-15T09:25:48","slug":"giay-golf-nu-colehaan","status":"publish","type":"product","link":"https:\/\/lotusgolf.vn\/vi\/product\/giay-golf-nu-colehaan","title":{"rendered":"Gi\u00e0y golf n\u1eef colehaan"},"content":{"rendered":"<p>Ch\u01a1i golf v\u1edbi phong c\u00e1ch \u1ea5n t\u01b0\u1ee3ng h\u01a1n. \u0110\u1ebf ngo\u00e0i \u0111a n\u0103ng v\u1edbi thi\u1ebft k\u1ebf v\u00e2n \u0111\u1ebf \u0111a chi\u1ec1u \u0111a h\u01b0\u1edbng, cung c\u1ea5p \u0111\u1ed9 b\u00e1m t\u1ed1t v\u00e0 l\u1ef1c k\u00e9o \u1ed5n \u0111\u1ecbnh tr\u00ean \u0111\u1ecba h\u00ecnh s\u00e2n golf gi\u00fap b\u1ea1n t\u1ef1 tin th\u1ef1c hi\u1ec7n c\u00e1c c\u00fa \u0111\u00e1nh c\u1ee7a m\u00ecnh tr\u00ean s\u00e2n. <strong>GrandPr\u00f8 AM Golf<\/strong> mang v\u1ebb \u0111\u1eb9p th\u1eddi trang s\u00e0nh \u0111i\u1ec7u. \u0110\u1ebf gi\u1eefa <strong>GRANDF\u00d8AM<\/strong> \u00eam \u00e1i, mang l\u1ea1i s\u1ef1 tho\u1ea3i m\u00e1i c\u1ea3 ng\u00e0y cho c\u00e1c golfer.<\/p>\n<ul>\n<li><em>M\u0169 gi\u00e0y b\u1eb1ng<strong> da th\u1eadt <\/strong>\u0111\u01b0\u1ee3c x\u1eed l\u00fd ch\u1ed3ng th\u1ea5m n\u01b0\u1edbc, gi\u1eef \u0111\u00f4i ch\u00e2n kh\u00f4 r\u00e1o tr\u00ean m\u1ecdi \u0111\u1ecba h\u00ecnh s\u00e2n g\u00f4n\u00a0<\/em><\/li>\n<li><em>\u0110\u1ec7m l\u00f3t <strong>GRANDF\u00d8AM<\/strong> \u00eam \u00e1i, t\u1ea1o c\u1ea3m gi\u00e1c tho\u1ea3i m\u00e1i v\u1edbi nh\u1eefng cu\u1ed9c ch\u01a1i k\u00e9o d\u00e0i<\/em><\/li>\n<li><em>\u0110\u1ebf ngo\u00e0i b\u1eb1ng <strong>cao su v<\/strong>\u1edbi nh\u1eefng gai cao su \u0111a h\u01b0\u1edbng, \u0111\u1ed3ng h\u00e0nh c\u00f9ng b\u1ea1n trong m\u1ecdi cu\u1ed9c ch\u01a1i tr\u00ean m\u1ecdi \u0111\u1ecba h\u00ecnh s\u00e2n golf.\u200b<\/em><\/li>\n<\/ul>\n","protected":false},"excerpt":{"rendered":"<p>Ch\u01a1i golf v\u1edbi phong c\u00e1ch \u1ea5n t\u01b0\u1ee3ng h\u01a1n. \u0110\u1ebf ngo\u00e0i \u0111a n\u0103ng v\u1edbi thi\u1ebft k\u1ebf v\u00e2n \u0111\u1ebf \u0111a chi\u1ec1u \u0111a h\u01b0\u1edbng, cung c\u1ea5p \u0111\u1ed9 b\u00e1m t\u1ed1t v\u00e0 l\u1ef1c k\u00e9o \u1ed5n \u0111\u1ecbnh tr\u00ean \u0111\u1ecba h\u00ecnh s\u00e2n golf gi\u00fap b\u1ea1n t\u1ef1 tin th\u1ef1c hi\u1ec7n c\u00e1c c\u00fa \u0111\u00e1nh c\u1ee7a m\u00ecnh tr\u00ean s\u00e2n. GrandPr\u00f8 AM Golf mang v\u1ebb \u0111\u1eb9p [&#8230;]\n","protected":false},"featured_media":2401,"comment_status":"open","ping_status":"closed","template":"","meta":[],"product_brand":[],"product_cat":[104],"product_tag":[],"class_list":{"0":"post-2399","1":"product","2":"type-product","3":"status-publish","4":"has-post-thumbnail","6":"product_cat-giay-golf","8":"first","9":"instock","10":"sale","11":"shipping-taxable","12":"purchasable","13":"product-type-simple"},"yoast_head":"<!-- This site is optimized with the Yoast SEO plugin v19.0 - https:\/\/yoast.com\/wordpress\/plugins\/seo\/ -->\n<title>Gi\u00e0y golf n\u1eef colehaan -<\/title>\n<meta name=\"robots\" content=\"index, follow, max-snippet:-1, max-image-preview:large, max-video-preview:-1\" \/>\n<link rel=\"canonical\" href=\"https:\/\/lotusgolf.vn\/vi\/product\/giay-golf-nu-colehaan\/\" \/>\n<meta property=\"og:locale\" content=\"vi_VN\" \/>\n<meta property=\"og:type\" content=\"article\" \/>\n<meta property=\"og:title\" content=\"Gi\u00e0y golf n\u1eef colehaan -\" \/>\n<meta property=\"og:description\" content=\"Ch\u01a1i golf v\u1edbi phong c\u00e1ch \u1ea5n t\u01b0\u1ee3ng h\u01a1n. \u0110\u1ebf ngo\u00e0i \u0111a n\u0103ng v\u1edbi thi\u1ebft k\u1ebf v\u00e2n \u0111\u1ebf \u0111a chi\u1ec1u \u0111a h\u01b0\u1edbng, cung c\u1ea5p \u0111\u1ed9 b\u00e1m t\u1ed1t v\u00e0 l\u1ef1c k\u00e9o \u1ed5n \u0111\u1ecbnh tr\u00ean \u0111\u1ecba h\u00ecnh s\u00e2n golf gi\u00fap b\u1ea1n t\u1ef1 tin th\u1ef1c hi\u1ec7n c\u00e1c c\u00fa \u0111\u00e1nh c\u1ee7a m\u00ecnh tr\u00ean s\u00e2n. GrandPr\u00f8 AM Golf mang v\u1ebb \u0111\u1eb9p [...]\" \/>\n<meta property=\"og:url\" content=\"https:\/\/lotusgolf.vn\/vi\/product\/giay-golf-nu-colehaan\/\" \/>\n<meta property=\"og:image\" content=\"https:\/\/lotusgolf.vn\/wp-content\/uploads\/2022\/10\/z3801848106015_c37e48f58a6baa7ddadd225ad8d77693.jpg\" \/>\n\t<meta property=\"og:image:width\" content=\"1282\" \/>\n\t<meta property=\"og:image:height\" content=\"1099\" \/>\n\t<meta property=\"og:image:type\" content=\"image\/jpeg\" \/>\n<meta name=\"twitter:card\" content=\"summary_large_image\" \/>\n<meta name=\"twitter:label1\" content=\"\u01af\u1edbc t\u00ednh th\u1eddi gian \u0111\u1ecdc\" \/>\n\t<meta name=\"twitter:data1\" content=\"1 ph\u00fat\" \/>\n<script type=\"application\/ld+json\" class=\"yoast-schema-graph\">{\"@context\":\"https:\/\/schema.org\",\"@graph\":[{\"@type\":\"WebSite\",\"@id\":\"https:\/\/lotusgolf-b23998.ingress-bonde.ewp.live\/#website\",\"url\":\"https:\/\/lotusgolf-b23998.ingress-bonde.ewp.live\/\",\"name\":\"\",\"description\":\"\",\"potentialAction\":[{\"@type\":\"SearchAction\",\"target\":{\"@type\":\"EntryPoint\",\"urlTemplate\":\"https:\/\/lotusgolf-b23998.ingress-bonde.ewp.live\/?s={search_term_string}\"},\"query-input\":\"required name=search_term_string\"}],\"inLanguage\":\"vi\"},{\"@type\":\"ImageObject\",\"inLanguage\":\"vi\",\"@id\":\"https:\/\/lotusgolf.vn\/product\/giay-golf-nu-colehaan\/#primaryimage\",\"url\":\"https:\/\/lotusgolf.vn\/wp-content\/uploads\/2022\/10\/z3801848106015_c37e48f58a6baa7ddadd225ad8d77693.jpg\",\"contentUrl\":\"https:\/\/lotusgolf.vn\/wp-content\/uploads\/2022\/10\/z3801848106015_c37e48f58a6baa7ddadd225ad8d77693.jpg\",\"width\":1282,\"height\":1099},{\"@type\":\"WebPage\",\"@id\":\"https:\/\/lotusgolf.vn\/product\/giay-golf-nu-colehaan\/#webpage\",\"url\":\"https:\/\/lotusgolf.vn\/product\/giay-golf-nu-colehaan\/\",\"name\":\"Gi\u00e0y golf n\u1eef colehaan -\",\"isPartOf\":{\"@id\":\"https:\/\/lotusgolf-b23998.ingress-bonde.ewp.live\/#website\"},\"primaryImageOfPage\":{\"@id\":\"https:\/\/lotusgolf.vn\/product\/giay-golf-nu-colehaan\/#primaryimage\"},\"datePublished\":\"2022-10-15T09:25:48+00:00\",\"dateModified\":\"2022-10-15T09:25:48+00:00\",\"breadcrumb\":{\"@id\":\"https:\/\/lotusgolf.vn\/product\/giay-golf-nu-colehaan\/#breadcrumb\"},\"inLanguage\":\"vi\",\"potentialAction\":[{\"@type\":\"ReadAction\",\"target\":[\"https:\/\/lotusgolf.vn\/product\/giay-golf-nu-colehaan\/\"]}]},{\"@type\":\"BreadcrumbList\",\"@id\":\"https:\/\/lotusgolf.vn\/product\/giay-golf-nu-colehaan\/#breadcrumb\",\"itemListElement\":[{\"@type\":\"ListItem\",\"position\":1,\"name\":\"Home\",\"item\":\"https:\/\/lotusgolf.vn\/\"},{\"@type\":\"ListItem\",\"position\":2,\"name\":\"Shop\",\"item\":\"https:\/\/lotusgolf-b23998.ingress-bonde.ewp.live\/shop\/\"},{\"@type\":\"ListItem\",\"position\":3,\"name\":\"Gi\u00e0y golf n\u1eef colehaan\"}]}]}<\/script>\n<!-- \/ Yoast SEO plugin. -->","yoast_head_json":{"title":"Gi\u00e0y golf n\u1eef colehaan -","robots":{"index":"index","follow":"follow","max-snippet":"max-snippet:-1","max-image-preview":"max-image-preview:large","max-video-preview":"max-video-preview:-1"},"canonical":"https:\/\/lotusgolf.vn\/vi\/product\/giay-golf-nu-colehaan\/","og_locale":"vi_VN","og_type":"article","og_title":"Gi\u00e0y golf n\u1eef colehaan -","og_description":"Ch\u01a1i golf v\u1edbi phong c\u00e1ch \u1ea5n t\u01b0\u1ee3ng h\u01a1n. \u0110\u1ebf ngo\u00e0i \u0111a n\u0103ng v\u1edbi thi\u1ebft k\u1ebf v\u00e2n \u0111\u1ebf \u0111a chi\u1ec1u \u0111a h\u01b0\u1edbng, cung c\u1ea5p \u0111\u1ed9 b\u00e1m t\u1ed1t v\u00e0 l\u1ef1c k\u00e9o \u1ed5n \u0111\u1ecbnh tr\u00ean \u0111\u1ecba h\u00ecnh s\u00e2n golf gi\u00fap b\u1ea1n t\u1ef1 tin th\u1ef1c hi\u1ec7n c\u00e1c c\u00fa \u0111\u00e1nh c\u1ee7a m\u00ecnh tr\u00ean s\u00e2n. GrandPr\u00f8 AM Golf mang v\u1ebb \u0111\u1eb9p [...]","og_url":"https:\/\/lotusgolf.vn\/vi\/product\/giay-golf-nu-colehaan\/","og_image":[{"width":1282,"height":1099,"url":"https:\/\/lotusgolf.vn\/wp-content\/uploads\/2022\/10\/z3801848106015_c37e48f58a6baa7ddadd225ad8d77693.jpg","type":"image\/jpeg"}],"twitter_card":"summary_large_image","twitter_misc":{"\u01af\u1edbc t\u00ednh th\u1eddi gian \u0111\u1ecdc":"1 ph\u00fat"},"schema":{"@context":"https:\/\/schema.org","@graph":[{"@type":"WebSite","@id":"https:\/\/lotusgolf-b23998.ingress-bonde.ewp.live\/#website","url":"https:\/\/lotusgolf-b23998.ingress-bonde.ewp.live\/","name":"","description":"","potentialAction":[{"@type":"SearchAction","target":{"@type":"EntryPoint","urlTemplate":"https:\/\/lotusgolf-b23998.ingress-bonde.ewp.live\/?s={search_term_string}"},"query-input":"required name=search_term_string"}],"inLanguage":"vi"},{"@type":"ImageObject","inLanguage":"vi","@id":"https:\/\/lotusgolf.vn\/product\/giay-golf-nu-colehaan\/#primaryimage","url":"https:\/\/lotusgolf.vn\/wp-content\/uploads\/2022\/10\/z3801848106015_c37e48f58a6baa7ddadd225ad8d77693.jpg","contentUrl":"https:\/\/lotusgolf.vn\/wp-content\/uploads\/2022\/10\/z3801848106015_c37e48f58a6baa7ddadd225ad8d77693.jpg","width":1282,"height":1099},{"@type":"WebPage","@id":"https:\/\/lotusgolf.vn\/product\/giay-golf-nu-colehaan\/#webpage","url":"https:\/\/lotusgolf.vn\/product\/giay-golf-nu-colehaan\/","name":"Gi\u00e0y golf n\u1eef colehaan -","isPartOf":{"@id":"https:\/\/lotusgolf-b23998.ingress-bonde.ewp.live\/#website"},"primaryImageOfPage":{"@id":"https:\/\/lotusgolf.vn\/product\/giay-golf-nu-colehaan\/#primaryimage"},"datePublished":"2022-10-15T09:25:48+00:00","dateModified":"2022-10-15T09:25:48+00:00","breadcrumb":{"@id":"https:\/\/lotusgolf.vn\/product\/giay-golf-nu-colehaan\/#breadcrumb"},"inLanguage":"vi","potentialAction":[{"@type":"ReadAction","target":["https:\/\/lotusgolf.vn\/product\/giay-golf-nu-colehaan\/"]}]},{"@type":"BreadcrumbList","@id":"https:\/\/lotusgolf.vn\/product\/giay-golf-nu-colehaan\/#breadcrumb","itemListElement":[{"@type":"ListItem","position":1,"name":"Home","item":"https:\/\/lotusgolf.vn\/"},{"@type":"ListItem","position":2,"name":"Shop","item":"https:\/\/lotusgolf-b23998.ingress-bonde.ewp.live\/shop\/"},{"@type":"ListItem","position":3,"name":"Gi\u00e0y golf n\u1eef colehaan"}]}]}},"_links":{"self":[{"href":"https:\/\/lotusgolf.vn\/vi\/wp-json\/wp\/v2\/product\/2399","targetHints":{"allow":["GET"]}}],"collection":[{"href":"https:\/\/lotusgolf.vn\/vi\/wp-json\/wp\/v2\/product"}],"about":[{"href":"https:\/\/lotusgolf.vn\/vi\/wp-json\/wp\/v2\/types\/product"}],"replies":[{"embeddable":true,"href":"https:\/\/lotusgolf.vn\/vi\/wp-json\/wp\/v2\/comments?post=2399"}],"wp:featuredmedia":[{"embeddable":true,"href":"https:\/\/lotusgolf.vn\/vi\/wp-json\/wp\/v2\/media\/2401"}],"wp:attachment":[{"href":"https:\/\/lotusgolf.vn\/vi\/wp-json\/wp\/v2\/media?parent=2399"}],"wp:term":[{"taxonomy":"product_brand","embeddable":true,"href":"https:\/\/lotusgolf.vn\/vi\/wp-json\/wp\/v2\/product_brand?post=2399"},{"taxonomy":"product_cat","embeddable":true,"href":"https:\/\/lotusgolf.vn\/vi\/wp-json\/wp\/v2\/product_cat?post=2399"},{"taxonomy":"product_tag","embeddable":true,"href":"https:\/\/lotusgolf.vn\/vi\/wp-json\/wp\/v2\/product_tag?post=2399"}],"curies":[{"name":"wp","href":"https:\/\/api.w.org\/{rel}","templated":true}]}}