{"id":2413,"date":"2022-10-15T09:31:48","date_gmt":"2022-10-15T09:31:48","guid":{"rendered":"https:\/\/lotusgolf.vn\/?post_type=product&#038;p=2413"},"modified":"2026-03-18T05:55:54","modified_gmt":"2026-03-18T05:55:54","slug":"tui-xach-golf-ping-p2202-36464","status":"publish","type":"product","link":"https:\/\/lotusgolf.vn\/vi\/product\/tui-xach-golf-ping-p2202-36464","title":{"rendered":"T\u00fai x\u00e1ch golf Ping P2202 36464"},"content":{"rendered":"<div id=\"description\" class=\"data item content\" aria-labelledby=\"tab-label-description-title\">\n<div class=\"product attribute description\">\n<div class=\"value\">\n<h1><a href=\"https:\/\/www.tatgolf.vn\/tui\">T\u00fai x\u00e1ch golf Ping P2202 36464<\/a><\/h1>\n<ul>\n<li>\n<h3>Tu\u0301i xa\u0301ch g\u00f4n PING cho nam ,Hai quai x\u00e1ch\u00a0 r\u1ea5t ch\u1eafc ch\u1eafn gi\u00fap b\u1ea1n x\u00e1ch n\u1eb7ng c\u0169ng kh\u00f4ng lo b\u1ecb \u0111\u1ee9t.<\/h3>\n<\/li>\n<li>\n<h3>Quai \u0111eo d\u1ec5 d\u00e0ng \u0111i\u1ec1u ch\u1ec9nh cho ph\u00f9 h\u1ee3p v\u1edbi v\u00f3c d\u00e1ng c\u1ee7a m\u1ed7i ng\u01b0\u1eddi.<\/h3>\n<\/li>\n<li>\n<h3>Ng\u0103n ch\u00ednh l\u1edbn ch\u1ee9a \u0111\u01b0\u1ee3c r\u1ea5t nhi\u1ec1u \u0111\u1ed3 d\u00f9ng c\u00e1 nh\u00e2n. B\u00ean s\u01b0\u1eddn c\u00f3 ng\u0103n ph\u1ee5 c\u00f3 th\u1ec3 \u0111\u1ef1ng qu\u00e2\u0300n a\u0301o b\u00e2\u0309n<\/h3>\n<\/li>\n<li>\n<h3>Ch\u00e2\u0301t li\u00ea\u0323u da cao c\u00e2\u0301p d\u1ec5 v\u1ec7 sinh, lau ch\u00f9i , kh\u00f4ng th\u00e2\u0301m n\u01b0\u01a1\u0301c trong \u0111i\u00ea\u0300u ki\u00ea\u0323n th\u01a1\u0300i ti\u00ea\u0301t m\u01b0a nho<\/h3>\n<\/li>\n<li>\n<h3>Th\u00f4ng s\u00f4\u0301 ky\u0303 thu\u00e2\u0323t : W51\u00d7D24\u00d7H30cm<\/h3>\n<\/li>\n<\/ul>\n<\/div>\n<\/div>\n<\/div>\n","protected":false},"excerpt":{"rendered":"<p>T\u00fai x\u00e1ch golf Ping P2202 36464 Tu\u0301i xa\u0301ch g\u00f4n PING cho nam ,Hai quai x\u00e1ch\u00a0 r\u1ea5t ch\u1eafc ch\u1eafn gi\u00fap b\u1ea1n x\u00e1ch n\u1eb7ng c\u0169ng kh\u00f4ng lo b\u1ecb \u0111\u1ee9t. Quai \u0111eo d\u1ec5 d\u00e0ng \u0111i\u1ec1u ch\u1ec9nh cho ph\u00f9 h\u1ee3p v\u1edbi v\u00f3c d\u00e1ng c\u1ee7a m\u1ed7i ng\u01b0\u1eddi. Ng\u0103n ch\u00ednh l\u1edbn ch\u1ee9a \u0111\u01b0\u1ee3c r\u1ea5t nhi\u1ec1u \u0111\u1ed3 d\u00f9ng c\u00e1 nh\u00e2n. B\u00ean s\u01b0\u1eddn [&#8230;]\n","protected":false},"featured_media":2414,"comment_status":"open","ping_status":"closed","template":"","meta":[],"product_brand":[],"product_cat":[107],"product_tag":[],"class_list":{"0":"post-2413","1":"product","2":"type-product","3":"status-publish","4":"has-post-thumbnail","6":"product_cat-tui-xach","8":"first","9":"instock","10":"shipping-taxable","11":"purchasable","12":"product-type-simple"},"yoast_head":"<!-- This site is optimized with the Yoast SEO plugin v19.0 - https:\/\/yoast.com\/wordpress\/plugins\/seo\/ -->\n<title>T\u00fai x\u00e1ch golf Ping P2202 36464 -<\/title>\n<meta name=\"robots\" content=\"index, follow, max-snippet:-1, max-image-preview:large, max-video-preview:-1\" \/>\n<link rel=\"canonical\" href=\"https:\/\/lotusgolf.vn\/vi\/product\/tui-xach-golf-ping-p2202-36464\/\" \/>\n<meta property=\"og:locale\" content=\"vi_VN\" \/>\n<meta property=\"og:type\" content=\"article\" \/>\n<meta property=\"og:title\" content=\"T\u00fai x\u00e1ch golf Ping P2202 36464 -\" \/>\n<meta property=\"og:description\" content=\"T\u00fai x\u00e1ch golf Ping P2202 36464 Tu\u0301i xa\u0301ch g\u00f4n PING cho nam ,Hai quai x\u00e1ch\u00a0 r\u1ea5t ch\u1eafc ch\u1eafn gi\u00fap b\u1ea1n x\u00e1ch n\u1eb7ng c\u0169ng kh\u00f4ng lo b\u1ecb \u0111\u1ee9t. Quai \u0111eo d\u1ec5 d\u00e0ng \u0111i\u1ec1u ch\u1ec9nh cho ph\u00f9 h\u1ee3p v\u1edbi v\u00f3c d\u00e1ng c\u1ee7a m\u1ed7i ng\u01b0\u1eddi. Ng\u0103n ch\u00ednh l\u1edbn ch\u1ee9a \u0111\u01b0\u1ee3c r\u1ea5t nhi\u1ec1u \u0111\u1ed3 d\u00f9ng c\u00e1 nh\u00e2n. B\u00ean s\u01b0\u1eddn [...]\" \/>\n<meta property=\"og:url\" content=\"https:\/\/lotusgolf.vn\/vi\/product\/tui-xach-golf-ping-p2202-36464\/\" \/>\n<meta property=\"article:modified_time\" content=\"2026-03-18T05:55:54+00:00\" \/>\n<meta property=\"og:image\" content=\"https:\/\/lotusgolf.vn\/wp-content\/uploads\/2022\/10\/tu_i_xa_ch_puma_golf_p2202_36464_black_black_01.jpg\" \/>\n\t<meta property=\"og:image:width\" content=\"600\" \/>\n\t<meta property=\"og:image:height\" content=\"600\" \/>\n\t<meta property=\"og:image:type\" content=\"image\/jpeg\" \/>\n<meta name=\"twitter:card\" content=\"summary_large_image\" \/>\n<meta name=\"twitter:label1\" content=\"\u01af\u1edbc t\u00ednh th\u1eddi gian \u0111\u1ecdc\" \/>\n\t<meta name=\"twitter:data1\" content=\"1 ph\u00fat\" \/>\n<script type=\"application\/ld+json\" class=\"yoast-schema-graph\">{\"@context\":\"https:\/\/schema.org\",\"@graph\":[{\"@type\":\"WebSite\",\"@id\":\"https:\/\/lotusgolf-b23998.ingress-bonde.ewp.live\/#website\",\"url\":\"https:\/\/lotusgolf-b23998.ingress-bonde.ewp.live\/\",\"name\":\"\",\"description\":\"\",\"potentialAction\":[{\"@type\":\"SearchAction\",\"target\":{\"@type\":\"EntryPoint\",\"urlTemplate\":\"https:\/\/lotusgolf-b23998.ingress-bonde.ewp.live\/?s={search_term_string}\"},\"query-input\":\"required name=search_term_string\"}],\"inLanguage\":\"vi\"},{\"@type\":\"ImageObject\",\"inLanguage\":\"vi\",\"@id\":\"https:\/\/lotusgolf.vn\/product\/tui-xach-golf-ping-p2202-36464\/#primaryimage\",\"url\":\"https:\/\/lotusgolf.vn\/wp-content\/uploads\/2022\/10\/tu_i_xa_ch_puma_golf_p2202_36464_black_black_01.jpg\",\"contentUrl\":\"https:\/\/lotusgolf.vn\/wp-content\/uploads\/2022\/10\/tu_i_xa_ch_puma_golf_p2202_36464_black_black_01.jpg\",\"width\":600,\"height\":600},{\"@type\":\"WebPage\",\"@id\":\"https:\/\/lotusgolf.vn\/product\/tui-xach-golf-ping-p2202-36464\/#webpage\",\"url\":\"https:\/\/lotusgolf.vn\/product\/tui-xach-golf-ping-p2202-36464\/\",\"name\":\"T\u00fai x\u00e1ch golf Ping P2202 36464 -\",\"isPartOf\":{\"@id\":\"https:\/\/lotusgolf-b23998.ingress-bonde.ewp.live\/#website\"},\"primaryImageOfPage\":{\"@id\":\"https:\/\/lotusgolf.vn\/product\/tui-xach-golf-ping-p2202-36464\/#primaryimage\"},\"datePublished\":\"2022-10-15T09:31:48+00:00\",\"dateModified\":\"2026-03-18T05:55:54+00:00\",\"breadcrumb\":{\"@id\":\"https:\/\/lotusgolf.vn\/product\/tui-xach-golf-ping-p2202-36464\/#breadcrumb\"},\"inLanguage\":\"vi\",\"potentialAction\":[{\"@type\":\"ReadAction\",\"target\":[\"https:\/\/lotusgolf.vn\/product\/tui-xach-golf-ping-p2202-36464\/\"]}]},{\"@type\":\"BreadcrumbList\",\"@id\":\"https:\/\/lotusgolf.vn\/product\/tui-xach-golf-ping-p2202-36464\/#breadcrumb\",\"itemListElement\":[{\"@type\":\"ListItem\",\"position\":1,\"name\":\"Home\",\"item\":\"https:\/\/lotusgolf.vn\/\"},{\"@type\":\"ListItem\",\"position\":2,\"name\":\"Shop\",\"item\":\"https:\/\/lotusgolf-b23998.ingress-bonde.ewp.live\/shop\/\"},{\"@type\":\"ListItem\",\"position\":3,\"name\":\"T\u00fai x\u00e1ch golf Ping P2202 36464\"}]}]}<\/script>\n<!-- \/ Yoast SEO plugin. -->","yoast_head_json":{"title":"T\u00fai x\u00e1ch golf Ping P2202 36464 -","robots":{"index":"index","follow":"follow","max-snippet":"max-snippet:-1","max-image-preview":"max-image-preview:large","max-video-preview":"max-video-preview:-1"},"canonical":"https:\/\/lotusgolf.vn\/vi\/product\/tui-xach-golf-ping-p2202-36464\/","og_locale":"vi_VN","og_type":"article","og_title":"T\u00fai x\u00e1ch golf Ping P2202 36464 -","og_description":"T\u00fai x\u00e1ch golf Ping P2202 36464 Tu\u0301i xa\u0301ch g\u00f4n PING cho nam ,Hai quai x\u00e1ch\u00a0 r\u1ea5t ch\u1eafc ch\u1eafn gi\u00fap b\u1ea1n x\u00e1ch n\u1eb7ng c\u0169ng kh\u00f4ng lo b\u1ecb \u0111\u1ee9t. Quai \u0111eo d\u1ec5 d\u00e0ng \u0111i\u1ec1u ch\u1ec9nh cho ph\u00f9 h\u1ee3p v\u1edbi v\u00f3c d\u00e1ng c\u1ee7a m\u1ed7i ng\u01b0\u1eddi. Ng\u0103n ch\u00ednh l\u1edbn ch\u1ee9a \u0111\u01b0\u1ee3c r\u1ea5t nhi\u1ec1u \u0111\u1ed3 d\u00f9ng c\u00e1 nh\u00e2n. B\u00ean s\u01b0\u1eddn [...]","og_url":"https:\/\/lotusgolf.vn\/vi\/product\/tui-xach-golf-ping-p2202-36464\/","article_modified_time":"2026-03-18T05:55:54+00:00","og_image":[{"width":600,"height":600,"url":"https:\/\/lotusgolf.vn\/wp-content\/uploads\/2022\/10\/tu_i_xa_ch_puma_golf_p2202_36464_black_black_01.jpg","type":"image\/jpeg"}],"twitter_card":"summary_large_image","twitter_misc":{"\u01af\u1edbc t\u00ednh th\u1eddi gian \u0111\u1ecdc":"1 ph\u00fat"},"schema":{"@context":"https:\/\/schema.org","@graph":[{"@type":"WebSite","@id":"https:\/\/lotusgolf-b23998.ingress-bonde.ewp.live\/#website","url":"https:\/\/lotusgolf-b23998.ingress-bonde.ewp.live\/","name":"","description":"","potentialAction":[{"@type":"SearchAction","target":{"@type":"EntryPoint","urlTemplate":"https:\/\/lotusgolf-b23998.ingress-bonde.ewp.live\/?s={search_term_string}"},"query-input":"required name=search_term_string"}],"inLanguage":"vi"},{"@type":"ImageObject","inLanguage":"vi","@id":"https:\/\/lotusgolf.vn\/product\/tui-xach-golf-ping-p2202-36464\/#primaryimage","url":"https:\/\/lotusgolf.vn\/wp-content\/uploads\/2022\/10\/tu_i_xa_ch_puma_golf_p2202_36464_black_black_01.jpg","contentUrl":"https:\/\/lotusgolf.vn\/wp-content\/uploads\/2022\/10\/tu_i_xa_ch_puma_golf_p2202_36464_black_black_01.jpg","width":600,"height":600},{"@type":"WebPage","@id":"https:\/\/lotusgolf.vn\/product\/tui-xach-golf-ping-p2202-36464\/#webpage","url":"https:\/\/lotusgolf.vn\/product\/tui-xach-golf-ping-p2202-36464\/","name":"T\u00fai x\u00e1ch golf Ping P2202 36464 -","isPartOf":{"@id":"https:\/\/lotusgolf-b23998.ingress-bonde.ewp.live\/#website"},"primaryImageOfPage":{"@id":"https:\/\/lotusgolf.vn\/product\/tui-xach-golf-ping-p2202-36464\/#primaryimage"},"datePublished":"2022-10-15T09:31:48+00:00","dateModified":"2026-03-18T05:55:54+00:00","breadcrumb":{"@id":"https:\/\/lotusgolf.vn\/product\/tui-xach-golf-ping-p2202-36464\/#breadcrumb"},"inLanguage":"vi","potentialAction":[{"@type":"ReadAction","target":["https:\/\/lotusgolf.vn\/product\/tui-xach-golf-ping-p2202-36464\/"]}]},{"@type":"BreadcrumbList","@id":"https:\/\/lotusgolf.vn\/product\/tui-xach-golf-ping-p2202-36464\/#breadcrumb","itemListElement":[{"@type":"ListItem","position":1,"name":"Home","item":"https:\/\/lotusgolf.vn\/"},{"@type":"ListItem","position":2,"name":"Shop","item":"https:\/\/lotusgolf-b23998.ingress-bonde.ewp.live\/shop\/"},{"@type":"ListItem","position":3,"name":"T\u00fai x\u00e1ch golf Ping P2202 36464"}]}]}},"_links":{"self":[{"href":"https:\/\/lotusgolf.vn\/vi\/wp-json\/wp\/v2\/product\/2413","targetHints":{"allow":["GET"]}}],"collection":[{"href":"https:\/\/lotusgolf.vn\/vi\/wp-json\/wp\/v2\/product"}],"about":[{"href":"https:\/\/lotusgolf.vn\/vi\/wp-json\/wp\/v2\/types\/product"}],"replies":[{"embeddable":true,"href":"https:\/\/lotusgolf.vn\/vi\/wp-json\/wp\/v2\/comments?post=2413"}],"wp:featuredmedia":[{"embeddable":true,"href":"https:\/\/lotusgolf.vn\/vi\/wp-json\/wp\/v2\/media\/2414"}],"wp:attachment":[{"href":"https:\/\/lotusgolf.vn\/vi\/wp-json\/wp\/v2\/media?parent=2413"}],"wp:term":[{"taxonomy":"product_brand","embeddable":true,"href":"https:\/\/lotusgolf.vn\/vi\/wp-json\/wp\/v2\/product_brand?post=2413"},{"taxonomy":"product_cat","embeddable":true,"href":"https:\/\/lotusgolf.vn\/vi\/wp-json\/wp\/v2\/product_cat?post=2413"},{"taxonomy":"product_tag","embeddable":true,"href":"https:\/\/lotusgolf.vn\/vi\/wp-json\/wp\/v2\/product_tag?post=2413"}],"curies":[{"name":"wp","href":"https:\/\/api.w.org\/{rel}","templated":true}]}}