{"id":2424,"date":"2022-10-15T11:05:53","date_gmt":"2022-10-15T11:05:53","guid":{"rendered":"https:\/\/lotusgolf.vn\/?post_type=product&#038;p=2424"},"modified":"2022-10-15T11:08:09","modified_gmt":"2022-10-15T11:08:09","slug":"tui-xach-golf-honma-bb2817","status":"publish","type":"product","link":"https:\/\/lotusgolf.vn\/vi\/product\/tui-xach-golf-honma-bb2817","title":{"rendered":"T\u00fai x\u00e1ch golf Honma BB2817"},"content":{"rendered":"<div id=\"description\" class=\"data item content\" aria-labelledby=\"tab-label-description-title\">\n<div class=\"product attribute description\">\n<div class=\"value\">\n<h1><a href=\"https:\/\/www.tatgolf.vn\/tui\/tui-xach.html\">T\u00fai x\u00e1ch g\u00f4n\u00a0Honma BB2817<\/a><\/h1>\n<p><strong>\u0110\u1eb7c \u0111i\u1ec3m n\u1ed5i b\u1eadt<\/strong><\/p>\n<ul>\n<li>T\u00fai x\u00e1ch Honma BB 2817 mang \u0111\u1ebfn cho ng\u01b0\u1eddi s\u1eed d\u1ee5ng m\u1ed9t phong c\u00e1ch n\u0103ng \u0111\u1ed9ng v\u00e0 l\u1ecbch l\u00e3m c\u0169ng nh\u01b0 r\u1ea5t thu\u1eadn ti\u1ec7n.<\/li>\n<li>S\u1ea3n ph\u1ea9m t\u00fai x\u00e1ch Honma BB 2817 \u0111\u01b0\u1ee3c c\u1ea5u t\u1ea1o t\u1eeb c\u00e1c lo\u1ea1i da t\u1ed5ng h\u1ee3p PVC v\u00e0 da th\u1eadt. V\u1edbi nhi\u1ec1u t\u00f4ng m\u00e0u kh\u00e1c nhau nh\u01b0 m\u00e0u b\u1ed9 \u0111\u1ed9i h\u1ea3i qu\u00e2n, m\u00e0u xanh, m\u00e0u n\u00e2u v\u00e0 m\u00e0u \u0111en.<\/li>\n<li>Logo Honma m\u1eb7t tr\u01b0\u1edbc mang l\u1ea1i v\u1ebb sang tr\u1ecdng cho ng\u01b0\u1eddi d\u00f9ng.<\/li>\n<\/ul>\n<p><strong>M\u00f4 t\u1ea3 SP<\/strong><\/p>\n<ul>\n<li>Tr\u1ecdng l\u01b0\u1ee3ng nh\u1eb9 v\u00e0 ch\u1ea5t li\u1ec7u cao c\u1ea5p s\u1ebd gi\u00fap b\u1ea1n t\u0103ng \u0111\u1ed9 b\u1ec1n, th\u1eddi gian s\u1eed d\u1ee5ng c\u0169ng nh\u01b0 b\u1ea3o qu\u1ea3n c\u00e1c d\u1ee5ng c\u1ee5 ch\u01a1i golf t\u1ed1t nh\u1ea5t. V\u1edbi ng\u0103n r\u1ed9ng b\u1ea1n c\u00f3 th\u1ec3 ch\u1ee9a nhi\u1ec1u ph\u1ee5 ki\u1ec7n h\u01a1n v\u00e0 d\u1ec5 d\u00e0ng v\u1ec7 sinh sau th\u1eddi gian s\u1eed d\u1ee5ng.<\/li>\n<li><\/li>\n<li><a href=\"https:\/\/golflove.net\/collections\/all?q=product_type:(T%C3%BAi%20%C4%91%E1%BB%93)&amp;page=1&amp;view=grid\"><strong>T\u00fai x\u00e1ch Honma BB 2817<\/strong><\/a>\u0111\u01b0\u1ee3c thi\u1ebft k\u1ebf theo phong c\u00e1ch n\u0103ng \u0111\u1ed9ng v\u00e0 lu\u00f4n thu\u1eadn l\u1ee3i cho ng\u01b0\u1eddi s\u1eed d\u1ee5ng, ch\u00ednh v\u00ec v\u1eady khi b\u1ea1n \u0111i \u0111\u00e1nh golf th\u00ec \u0111\u00e2y l\u00e0 m\u1ed9t v\u1eadt d\u1ee5ng m\u00e0 b\u1ea1n nh\u1ea5t \u0111\u1ecbnh ph\u1ea3i c\u00f3 \u0111\u1ec3 b\u1ea3o qu\u1ea3n d\u1ee5ng c\u1ee5 c\u1ee7a m\u00ecnh.<\/li>\n<\/ul>\n<p><strong>Th\u00f4ng s\u1ed1 k\u1ef9 thu\u1eadt<\/strong><\/p>\n<ul>\n<li><em>M\u00e0u s\u1eafc: Navy, \u0111en, n\u00e2u, xanh.<\/em><\/li>\n<li><em>K\u00edch th\u01b0\u1edbc (L x W x H):\u00a049 x 26 x 29 (cm)<\/em><\/li>\n<li><em>Ch\u1ea5t li\u1ec7u: Gi\u1ea3 da.<\/em><\/li>\n<\/ul>\n<ul>\n<li><em>S\u1ea3n xu\u1ea5t: Nh\u1eadt B\u1ea3n<\/em><\/li>\n<\/ul>\n<\/div>\n<\/div>\n<\/div>\n","protected":false},"excerpt":{"rendered":"<p>T\u00fai x\u00e1ch g\u00f4n\u00a0Honma BB2817 \u0110\u1eb7c \u0111i\u1ec3m n\u1ed5i b\u1eadt T\u00fai x\u00e1ch Honma BB 2817 mang \u0111\u1ebfn cho ng\u01b0\u1eddi s\u1eed d\u1ee5ng m\u1ed9t phong c\u00e1ch n\u0103ng \u0111\u1ed9ng v\u00e0 l\u1ecbch l\u00e3m c\u0169ng nh\u01b0 r\u1ea5t thu\u1eadn ti\u1ec7n. S\u1ea3n ph\u1ea9m t\u00fai x\u00e1ch Honma BB 2817 \u0111\u01b0\u1ee3c c\u1ea5u t\u1ea1o t\u1eeb c\u00e1c lo\u1ea1i da t\u1ed5ng h\u1ee3p PVC v\u00e0 da th\u1eadt. V\u1edbi nhi\u1ec1u t\u00f4ng [&#8230;]\n","protected":false},"featured_media":2425,"comment_status":"open","ping_status":"closed","template":"","meta":[],"product_brand":[],"product_cat":[107],"product_tag":[],"class_list":{"0":"post-2424","1":"product","2":"type-product","3":"status-publish","4":"has-post-thumbnail","6":"product_cat-tui-xach","8":"first","9":"instock","10":"sale","11":"shipping-taxable","12":"purchasable","13":"product-type-simple"},"yoast_head":"<!-- This site is optimized with the Yoast SEO plugin v19.0 - https:\/\/yoast.com\/wordpress\/plugins\/seo\/ -->\n<title>T\u00fai x\u00e1ch golf Honma BB2817 -<\/title>\n<meta name=\"robots\" content=\"index, follow, max-snippet:-1, max-image-preview:large, max-video-preview:-1\" \/>\n<link rel=\"canonical\" href=\"https:\/\/lotusgolf.vn\/vi\/product\/tui-xach-golf-honma-bb2817\/\" \/>\n<meta property=\"og:locale\" content=\"vi_VN\" \/>\n<meta property=\"og:type\" content=\"article\" \/>\n<meta property=\"og:title\" content=\"T\u00fai x\u00e1ch golf Honma BB2817 -\" \/>\n<meta property=\"og:description\" content=\"T\u00fai x\u00e1ch g\u00f4n\u00a0Honma BB2817 \u0110\u1eb7c \u0111i\u1ec3m n\u1ed5i b\u1eadt T\u00fai x\u00e1ch Honma BB 2817 mang \u0111\u1ebfn cho ng\u01b0\u1eddi s\u1eed d\u1ee5ng m\u1ed9t phong c\u00e1ch n\u0103ng \u0111\u1ed9ng v\u00e0 l\u1ecbch l\u00e3m c\u0169ng nh\u01b0 r\u1ea5t thu\u1eadn ti\u1ec7n. S\u1ea3n ph\u1ea9m t\u00fai x\u00e1ch Honma BB 2817 \u0111\u01b0\u1ee3c c\u1ea5u t\u1ea1o t\u1eeb c\u00e1c lo\u1ea1i da t\u1ed5ng h\u1ee3p PVC v\u00e0 da th\u1eadt. V\u1edbi nhi\u1ec1u t\u00f4ng [...]\" \/>\n<meta property=\"og:url\" content=\"https:\/\/lotusgolf.vn\/vi\/product\/tui-xach-golf-honma-bb2817\/\" \/>\n<meta property=\"article:modified_time\" content=\"2022-10-15T11:08:09+00:00\" \/>\n<meta property=\"og:image\" content=\"https:\/\/lotusgolf.vn\/wp-content\/uploads\/2022\/10\/bk_1_7_3.jpg\" \/>\n\t<meta property=\"og:image:width\" content=\"600\" \/>\n\t<meta property=\"og:image:height\" content=\"600\" \/>\n\t<meta property=\"og:image:type\" content=\"image\/jpeg\" \/>\n<meta name=\"twitter:card\" content=\"summary_large_image\" \/>\n<meta name=\"twitter:label1\" content=\"\u01af\u1edbc t\u00ednh th\u1eddi gian \u0111\u1ecdc\" \/>\n\t<meta name=\"twitter:data1\" content=\"2 ph\u00fat\" \/>\n<script type=\"application\/ld+json\" class=\"yoast-schema-graph\">{\"@context\":\"https:\/\/schema.org\",\"@graph\":[{\"@type\":\"WebSite\",\"@id\":\"https:\/\/lotusgolf-b23998.ingress-bonde.ewp.live\/#website\",\"url\":\"https:\/\/lotusgolf-b23998.ingress-bonde.ewp.live\/\",\"name\":\"\",\"description\":\"\",\"potentialAction\":[{\"@type\":\"SearchAction\",\"target\":{\"@type\":\"EntryPoint\",\"urlTemplate\":\"https:\/\/lotusgolf-b23998.ingress-bonde.ewp.live\/?s={search_term_string}\"},\"query-input\":\"required name=search_term_string\"}],\"inLanguage\":\"vi\"},{\"@type\":\"ImageObject\",\"inLanguage\":\"vi\",\"@id\":\"https:\/\/lotusgolf.vn\/product\/tui-xach-golf-honma-bb2817\/#primaryimage\",\"url\":\"https:\/\/lotusgolf.vn\/wp-content\/uploads\/2022\/10\/bk_1_7_3.jpg\",\"contentUrl\":\"https:\/\/lotusgolf.vn\/wp-content\/uploads\/2022\/10\/bk_1_7_3.jpg\",\"width\":600,\"height\":600},{\"@type\":\"WebPage\",\"@id\":\"https:\/\/lotusgolf.vn\/product\/tui-xach-golf-honma-bb2817\/#webpage\",\"url\":\"https:\/\/lotusgolf.vn\/product\/tui-xach-golf-honma-bb2817\/\",\"name\":\"T\u00fai x\u00e1ch golf Honma BB2817 -\",\"isPartOf\":{\"@id\":\"https:\/\/lotusgolf-b23998.ingress-bonde.ewp.live\/#website\"},\"primaryImageOfPage\":{\"@id\":\"https:\/\/lotusgolf.vn\/product\/tui-xach-golf-honma-bb2817\/#primaryimage\"},\"datePublished\":\"2022-10-15T11:05:53+00:00\",\"dateModified\":\"2022-10-15T11:08:09+00:00\",\"breadcrumb\":{\"@id\":\"https:\/\/lotusgolf.vn\/product\/tui-xach-golf-honma-bb2817\/#breadcrumb\"},\"inLanguage\":\"vi\",\"potentialAction\":[{\"@type\":\"ReadAction\",\"target\":[\"https:\/\/lotusgolf.vn\/product\/tui-xach-golf-honma-bb2817\/\"]}]},{\"@type\":\"BreadcrumbList\",\"@id\":\"https:\/\/lotusgolf.vn\/product\/tui-xach-golf-honma-bb2817\/#breadcrumb\",\"itemListElement\":[{\"@type\":\"ListItem\",\"position\":1,\"name\":\"Home\",\"item\":\"https:\/\/lotusgolf.vn\/\"},{\"@type\":\"ListItem\",\"position\":2,\"name\":\"Shop\",\"item\":\"https:\/\/lotusgolf-b23998.ingress-bonde.ewp.live\/shop\/\"},{\"@type\":\"ListItem\",\"position\":3,\"name\":\"T\u00fai x\u00e1ch golf Honma BB2817\"}]}]}<\/script>\n<!-- \/ Yoast SEO plugin. -->","yoast_head_json":{"title":"T\u00fai x\u00e1ch golf Honma BB2817 -","robots":{"index":"index","follow":"follow","max-snippet":"max-snippet:-1","max-image-preview":"max-image-preview:large","max-video-preview":"max-video-preview:-1"},"canonical":"https:\/\/lotusgolf.vn\/vi\/product\/tui-xach-golf-honma-bb2817\/","og_locale":"vi_VN","og_type":"article","og_title":"T\u00fai x\u00e1ch golf Honma BB2817 -","og_description":"T\u00fai x\u00e1ch g\u00f4n\u00a0Honma BB2817 \u0110\u1eb7c \u0111i\u1ec3m n\u1ed5i b\u1eadt T\u00fai x\u00e1ch Honma BB 2817 mang \u0111\u1ebfn cho ng\u01b0\u1eddi s\u1eed d\u1ee5ng m\u1ed9t phong c\u00e1ch n\u0103ng \u0111\u1ed9ng v\u00e0 l\u1ecbch l\u00e3m c\u0169ng nh\u01b0 r\u1ea5t thu\u1eadn ti\u1ec7n. S\u1ea3n ph\u1ea9m t\u00fai x\u00e1ch Honma BB 2817 \u0111\u01b0\u1ee3c c\u1ea5u t\u1ea1o t\u1eeb c\u00e1c lo\u1ea1i da t\u1ed5ng h\u1ee3p PVC v\u00e0 da th\u1eadt. V\u1edbi nhi\u1ec1u t\u00f4ng [...]","og_url":"https:\/\/lotusgolf.vn\/vi\/product\/tui-xach-golf-honma-bb2817\/","article_modified_time":"2022-10-15T11:08:09+00:00","og_image":[{"width":600,"height":600,"url":"https:\/\/lotusgolf.vn\/wp-content\/uploads\/2022\/10\/bk_1_7_3.jpg","type":"image\/jpeg"}],"twitter_card":"summary_large_image","twitter_misc":{"\u01af\u1edbc t\u00ednh th\u1eddi gian \u0111\u1ecdc":"2 ph\u00fat"},"schema":{"@context":"https:\/\/schema.org","@graph":[{"@type":"WebSite","@id":"https:\/\/lotusgolf-b23998.ingress-bonde.ewp.live\/#website","url":"https:\/\/lotusgolf-b23998.ingress-bonde.ewp.live\/","name":"","description":"","potentialAction":[{"@type":"SearchAction","target":{"@type":"EntryPoint","urlTemplate":"https:\/\/lotusgolf-b23998.ingress-bonde.ewp.live\/?s={search_term_string}"},"query-input":"required name=search_term_string"}],"inLanguage":"vi"},{"@type":"ImageObject","inLanguage":"vi","@id":"https:\/\/lotusgolf.vn\/product\/tui-xach-golf-honma-bb2817\/#primaryimage","url":"https:\/\/lotusgolf.vn\/wp-content\/uploads\/2022\/10\/bk_1_7_3.jpg","contentUrl":"https:\/\/lotusgolf.vn\/wp-content\/uploads\/2022\/10\/bk_1_7_3.jpg","width":600,"height":600},{"@type":"WebPage","@id":"https:\/\/lotusgolf.vn\/product\/tui-xach-golf-honma-bb2817\/#webpage","url":"https:\/\/lotusgolf.vn\/product\/tui-xach-golf-honma-bb2817\/","name":"T\u00fai x\u00e1ch golf Honma BB2817 -","isPartOf":{"@id":"https:\/\/lotusgolf-b23998.ingress-bonde.ewp.live\/#website"},"primaryImageOfPage":{"@id":"https:\/\/lotusgolf.vn\/product\/tui-xach-golf-honma-bb2817\/#primaryimage"},"datePublished":"2022-10-15T11:05:53+00:00","dateModified":"2022-10-15T11:08:09+00:00","breadcrumb":{"@id":"https:\/\/lotusgolf.vn\/product\/tui-xach-golf-honma-bb2817\/#breadcrumb"},"inLanguage":"vi","potentialAction":[{"@type":"ReadAction","target":["https:\/\/lotusgolf.vn\/product\/tui-xach-golf-honma-bb2817\/"]}]},{"@type":"BreadcrumbList","@id":"https:\/\/lotusgolf.vn\/product\/tui-xach-golf-honma-bb2817\/#breadcrumb","itemListElement":[{"@type":"ListItem","position":1,"name":"Home","item":"https:\/\/lotusgolf.vn\/"},{"@type":"ListItem","position":2,"name":"Shop","item":"https:\/\/lotusgolf-b23998.ingress-bonde.ewp.live\/shop\/"},{"@type":"ListItem","position":3,"name":"T\u00fai x\u00e1ch golf Honma BB2817"}]}]}},"_links":{"self":[{"href":"https:\/\/lotusgolf.vn\/vi\/wp-json\/wp\/v2\/product\/2424","targetHints":{"allow":["GET"]}}],"collection":[{"href":"https:\/\/lotusgolf.vn\/vi\/wp-json\/wp\/v2\/product"}],"about":[{"href":"https:\/\/lotusgolf.vn\/vi\/wp-json\/wp\/v2\/types\/product"}],"replies":[{"embeddable":true,"href":"https:\/\/lotusgolf.vn\/vi\/wp-json\/wp\/v2\/comments?post=2424"}],"wp:featuredmedia":[{"embeddable":true,"href":"https:\/\/lotusgolf.vn\/vi\/wp-json\/wp\/v2\/media\/2425"}],"wp:attachment":[{"href":"https:\/\/lotusgolf.vn\/vi\/wp-json\/wp\/v2\/media?parent=2424"}],"wp:term":[{"taxonomy":"product_brand","embeddable":true,"href":"https:\/\/lotusgolf.vn\/vi\/wp-json\/wp\/v2\/product_brand?post=2424"},{"taxonomy":"product_cat","embeddable":true,"href":"https:\/\/lotusgolf.vn\/vi\/wp-json\/wp\/v2\/product_cat?post=2424"},{"taxonomy":"product_tag","embeddable":true,"href":"https:\/\/lotusgolf.vn\/vi\/wp-json\/wp\/v2\/product_tag?post=2424"}],"curies":[{"name":"wp","href":"https:\/\/api.w.org\/{rel}","templated":true}]}}