{"id":2431,"date":"2022-10-15T11:07:13","date_gmt":"2022-10-15T11:07:13","guid":{"rendered":"https:\/\/lotusgolf.vn\/?post_type=product&#038;p=2431"},"modified":"2022-10-15T11:07:13","modified_gmt":"2022-10-15T11:07:13","slug":"tui-xach-gofl-honma-bb12110-lady","status":"publish","type":"product","link":"https:\/\/lotusgolf.vn\/vi\/product\/tui-xach-gofl-honma-bb12110-lady","title":{"rendered":"T\u00fai x\u00e1ch gofl Honma BB12110 (lady)"},"content":{"rendered":"<h1>T\u00fai x\u00e1ch g\u00f4n\u00a0Honma BB12110 (lady)<\/h1>\n<table class=\"table table-striped\">\n<thead>\n<tr>\n<td scope=\"col\">V\u1eadt ch\u1ea5t<\/td>\n<td scope=\"col\">CHLOROPRENE | TPU<\/td>\n<\/tr>\n<\/thead>\n<tbody>\n<tr class=\"table-active\">\n<th scope=\"row\">K\u00edch th\u01b0\u1edbc<\/th>\n<td>W24 x H23 x D14CM<\/td>\n<\/tr>\n<tr class=\"table-active\">\n<th scope=\"row\">\u0110\u1eb7c \u0111i\u1ec3m<\/th>\n<td>T\u00fai tote 2 l\u1edbp \u0111\u01b0\u1ee3c thi\u1ebft k\u1ebf b\u1eb1ng b\u00f3ng HONMA D1 m\u00e0u hu\u1ef3nh quang v\u1edbi logo DANCING HONMA.<\/p>\n<p>C\u00f3 v\u1eadt li\u1ec7u trong su\u1ed1t tr\u00ean b\u1ec1 m\u1eb7t.<\/p>\n<p>Gi\u1eef hai chai 500ml trong m\u1ed9t t\u00fai v\u1eadt li\u1ec7u gi\u1eef nhi\u1ec7t \/ m\u00e1t \u1edf ph\u00eda d\u01b0\u1edbi.<\/td>\n<\/tr>\n<\/tbody>\n<\/table>\n","protected":false},"excerpt":{"rendered":"<p>T\u00fai x\u00e1ch g\u00f4n\u00a0Honma BB12110 (lady) V\u1eadt ch\u1ea5t CHLOROPRENE | TPU K\u00edch th\u01b0\u1edbc W24 x H23 x D14CM \u0110\u1eb7c \u0111i\u1ec3m T\u00fai tote 2 l\u1edbp \u0111\u01b0\u1ee3c thi\u1ebft k\u1ebf b\u1eb1ng b\u00f3ng HONMA D1 m\u00e0u hu\u1ef3nh quang v\u1edbi logo DANCING HONMA. C\u00f3 v\u1eadt li\u1ec7u trong su\u1ed1t tr\u00ean b\u1ec1 m\u1eb7t. Gi\u1eef hai chai 500ml trong m\u1ed9t t\u00fai v\u1eadt li\u1ec7u gi\u1eef [&#8230;]\n","protected":false},"featured_media":2433,"comment_status":"open","ping_status":"closed","template":"","meta":[],"product_brand":[],"product_cat":[107],"product_tag":[],"class_list":{"0":"post-2431","1":"product","2":"type-product","3":"status-publish","4":"has-post-thumbnail","6":"product_cat-tui-xach","8":"first","9":"instock","10":"shipping-taxable","11":"purchasable","12":"product-type-simple"},"yoast_head":"<!-- This site is optimized with the Yoast SEO plugin v19.0 - https:\/\/yoast.com\/wordpress\/plugins\/seo\/ -->\n<title>T\u00fai x\u00e1ch gofl Honma BB12110 (lady) -<\/title>\n<meta name=\"robots\" content=\"index, follow, max-snippet:-1, max-image-preview:large, max-video-preview:-1\" \/>\n<link rel=\"canonical\" href=\"https:\/\/lotusgolf.vn\/vi\/product\/tui-xach-gofl-honma-bb12110-lady\/\" \/>\n<meta property=\"og:locale\" content=\"vi_VN\" \/>\n<meta property=\"og:type\" content=\"article\" \/>\n<meta property=\"og:title\" content=\"T\u00fai x\u00e1ch gofl Honma BB12110 (lady) -\" \/>\n<meta property=\"og:description\" content=\"T\u00fai x\u00e1ch g\u00f4n\u00a0Honma BB12110 (lady) V\u1eadt ch\u1ea5t CHLOROPRENE | TPU K\u00edch th\u01b0\u1edbc W24 x H23 x D14CM \u0110\u1eb7c \u0111i\u1ec3m T\u00fai tote 2 l\u1edbp \u0111\u01b0\u1ee3c thi\u1ebft k\u1ebf b\u1eb1ng b\u00f3ng HONMA D1 m\u00e0u hu\u1ef3nh quang v\u1edbi logo DANCING HONMA. C\u00f3 v\u1eadt li\u1ec7u trong su\u1ed1t tr\u00ean b\u1ec1 m\u1eb7t. Gi\u1eef hai chai 500ml trong m\u1ed9t t\u00fai v\u1eadt li\u1ec7u gi\u1eef [...]\" \/>\n<meta property=\"og:url\" content=\"https:\/\/lotusgolf.vn\/vi\/product\/tui-xach-gofl-honma-bb12110-lady\/\" \/>\n<meta property=\"og:image\" content=\"https:\/\/lotusgolf.vn\/wp-content\/uploads\/2022\/10\/12110gy_1.jpg\" \/>\n\t<meta property=\"og:image:width\" content=\"600\" \/>\n\t<meta property=\"og:image:height\" content=\"600\" \/>\n\t<meta property=\"og:image:type\" content=\"image\/jpeg\" \/>\n<meta name=\"twitter:card\" content=\"summary_large_image\" \/>\n<script type=\"application\/ld+json\" class=\"yoast-schema-graph\">{\"@context\":\"https:\/\/schema.org\",\"@graph\":[{\"@type\":\"WebSite\",\"@id\":\"https:\/\/lotusgolf-b23998.ingress-bonde.ewp.live\/#website\",\"url\":\"https:\/\/lotusgolf-b23998.ingress-bonde.ewp.live\/\",\"name\":\"\",\"description\":\"\",\"potentialAction\":[{\"@type\":\"SearchAction\",\"target\":{\"@type\":\"EntryPoint\",\"urlTemplate\":\"https:\/\/lotusgolf-b23998.ingress-bonde.ewp.live\/?s={search_term_string}\"},\"query-input\":\"required name=search_term_string\"}],\"inLanguage\":\"vi\"},{\"@type\":\"ImageObject\",\"inLanguage\":\"vi\",\"@id\":\"https:\/\/lotusgolf.vn\/product\/tui-xach-gofl-honma-bb12110-lady\/#primaryimage\",\"url\":\"https:\/\/lotusgolf.vn\/wp-content\/uploads\/2022\/10\/12110gy_1.jpg\",\"contentUrl\":\"https:\/\/lotusgolf.vn\/wp-content\/uploads\/2022\/10\/12110gy_1.jpg\",\"width\":600,\"height\":600},{\"@type\":\"WebPage\",\"@id\":\"https:\/\/lotusgolf.vn\/product\/tui-xach-gofl-honma-bb12110-lady\/#webpage\",\"url\":\"https:\/\/lotusgolf.vn\/product\/tui-xach-gofl-honma-bb12110-lady\/\",\"name\":\"T\u00fai x\u00e1ch gofl Honma BB12110 (lady) -\",\"isPartOf\":{\"@id\":\"https:\/\/lotusgolf-b23998.ingress-bonde.ewp.live\/#website\"},\"primaryImageOfPage\":{\"@id\":\"https:\/\/lotusgolf.vn\/product\/tui-xach-gofl-honma-bb12110-lady\/#primaryimage\"},\"datePublished\":\"2022-10-15T11:07:13+00:00\",\"dateModified\":\"2022-10-15T11:07:13+00:00\",\"breadcrumb\":{\"@id\":\"https:\/\/lotusgolf.vn\/product\/tui-xach-gofl-honma-bb12110-lady\/#breadcrumb\"},\"inLanguage\":\"vi\",\"potentialAction\":[{\"@type\":\"ReadAction\",\"target\":[\"https:\/\/lotusgolf.vn\/product\/tui-xach-gofl-honma-bb12110-lady\/\"]}]},{\"@type\":\"BreadcrumbList\",\"@id\":\"https:\/\/lotusgolf.vn\/product\/tui-xach-gofl-honma-bb12110-lady\/#breadcrumb\",\"itemListElement\":[{\"@type\":\"ListItem\",\"position\":1,\"name\":\"Home\",\"item\":\"https:\/\/lotusgolf.vn\/\"},{\"@type\":\"ListItem\",\"position\":2,\"name\":\"Shop\",\"item\":\"https:\/\/lotusgolf-b23998.ingress-bonde.ewp.live\/shop\/\"},{\"@type\":\"ListItem\",\"position\":3,\"name\":\"T\u00fai x\u00e1ch gofl Honma BB12110 (lady)\"}]}]}<\/script>\n<!-- \/ Yoast SEO plugin. -->","yoast_head_json":{"title":"T\u00fai x\u00e1ch gofl Honma BB12110 (lady) -","robots":{"index":"index","follow":"follow","max-snippet":"max-snippet:-1","max-image-preview":"max-image-preview:large","max-video-preview":"max-video-preview:-1"},"canonical":"https:\/\/lotusgolf.vn\/vi\/product\/tui-xach-gofl-honma-bb12110-lady\/","og_locale":"vi_VN","og_type":"article","og_title":"T\u00fai x\u00e1ch gofl Honma BB12110 (lady) -","og_description":"T\u00fai x\u00e1ch g\u00f4n\u00a0Honma BB12110 (lady) V\u1eadt ch\u1ea5t CHLOROPRENE | TPU K\u00edch th\u01b0\u1edbc W24 x H23 x D14CM \u0110\u1eb7c \u0111i\u1ec3m T\u00fai tote 2 l\u1edbp \u0111\u01b0\u1ee3c thi\u1ebft k\u1ebf b\u1eb1ng b\u00f3ng HONMA D1 m\u00e0u hu\u1ef3nh quang v\u1edbi logo DANCING HONMA. C\u00f3 v\u1eadt li\u1ec7u trong su\u1ed1t tr\u00ean b\u1ec1 m\u1eb7t. Gi\u1eef hai chai 500ml trong m\u1ed9t t\u00fai v\u1eadt li\u1ec7u gi\u1eef [...]","og_url":"https:\/\/lotusgolf.vn\/vi\/product\/tui-xach-gofl-honma-bb12110-lady\/","og_image":[{"width":600,"height":600,"url":"https:\/\/lotusgolf.vn\/wp-content\/uploads\/2022\/10\/12110gy_1.jpg","type":"image\/jpeg"}],"twitter_card":"summary_large_image","schema":{"@context":"https:\/\/schema.org","@graph":[{"@type":"WebSite","@id":"https:\/\/lotusgolf-b23998.ingress-bonde.ewp.live\/#website","url":"https:\/\/lotusgolf-b23998.ingress-bonde.ewp.live\/","name":"","description":"","potentialAction":[{"@type":"SearchAction","target":{"@type":"EntryPoint","urlTemplate":"https:\/\/lotusgolf-b23998.ingress-bonde.ewp.live\/?s={search_term_string}"},"query-input":"required name=search_term_string"}],"inLanguage":"vi"},{"@type":"ImageObject","inLanguage":"vi","@id":"https:\/\/lotusgolf.vn\/product\/tui-xach-gofl-honma-bb12110-lady\/#primaryimage","url":"https:\/\/lotusgolf.vn\/wp-content\/uploads\/2022\/10\/12110gy_1.jpg","contentUrl":"https:\/\/lotusgolf.vn\/wp-content\/uploads\/2022\/10\/12110gy_1.jpg","width":600,"height":600},{"@type":"WebPage","@id":"https:\/\/lotusgolf.vn\/product\/tui-xach-gofl-honma-bb12110-lady\/#webpage","url":"https:\/\/lotusgolf.vn\/product\/tui-xach-gofl-honma-bb12110-lady\/","name":"T\u00fai x\u00e1ch gofl Honma BB12110 (lady) -","isPartOf":{"@id":"https:\/\/lotusgolf-b23998.ingress-bonde.ewp.live\/#website"},"primaryImageOfPage":{"@id":"https:\/\/lotusgolf.vn\/product\/tui-xach-gofl-honma-bb12110-lady\/#primaryimage"},"datePublished":"2022-10-15T11:07:13+00:00","dateModified":"2022-10-15T11:07:13+00:00","breadcrumb":{"@id":"https:\/\/lotusgolf.vn\/product\/tui-xach-gofl-honma-bb12110-lady\/#breadcrumb"},"inLanguage":"vi","potentialAction":[{"@type":"ReadAction","target":["https:\/\/lotusgolf.vn\/product\/tui-xach-gofl-honma-bb12110-lady\/"]}]},{"@type":"BreadcrumbList","@id":"https:\/\/lotusgolf.vn\/product\/tui-xach-gofl-honma-bb12110-lady\/#breadcrumb","itemListElement":[{"@type":"ListItem","position":1,"name":"Home","item":"https:\/\/lotusgolf.vn\/"},{"@type":"ListItem","position":2,"name":"Shop","item":"https:\/\/lotusgolf-b23998.ingress-bonde.ewp.live\/shop\/"},{"@type":"ListItem","position":3,"name":"T\u00fai x\u00e1ch gofl Honma BB12110 (lady)"}]}]}},"_links":{"self":[{"href":"https:\/\/lotusgolf.vn\/vi\/wp-json\/wp\/v2\/product\/2431","targetHints":{"allow":["GET"]}}],"collection":[{"href":"https:\/\/lotusgolf.vn\/vi\/wp-json\/wp\/v2\/product"}],"about":[{"href":"https:\/\/lotusgolf.vn\/vi\/wp-json\/wp\/v2\/types\/product"}],"replies":[{"embeddable":true,"href":"https:\/\/lotusgolf.vn\/vi\/wp-json\/wp\/v2\/comments?post=2431"}],"wp:featuredmedia":[{"embeddable":true,"href":"https:\/\/lotusgolf.vn\/vi\/wp-json\/wp\/v2\/media\/2433"}],"wp:attachment":[{"href":"https:\/\/lotusgolf.vn\/vi\/wp-json\/wp\/v2\/media?parent=2431"}],"wp:term":[{"taxonomy":"product_brand","embeddable":true,"href":"https:\/\/lotusgolf.vn\/vi\/wp-json\/wp\/v2\/product_brand?post=2431"},{"taxonomy":"product_cat","embeddable":true,"href":"https:\/\/lotusgolf.vn\/vi\/wp-json\/wp\/v2\/product_cat?post=2431"},{"taxonomy":"product_tag","embeddable":true,"href":"https:\/\/lotusgolf.vn\/vi\/wp-json\/wp\/v2\/product_tag?post=2431"}],"curies":[{"name":"wp","href":"https:\/\/api.w.org\/{rel}","templated":true}]}}