{"id":2528,"date":"2022-10-20T08:43:34","date_gmt":"2022-10-20T08:43:34","guid":{"rendered":"https:\/\/lotusgolf.vn\/?post_type=product&#038;p=2528"},"modified":"2022-10-20T08:43:34","modified_gmt":"2022-10-20T08:43:34","slug":"bo-gay-honma-bezeal-525-sr","status":"publish","type":"product","link":"https:\/\/lotusgolf.vn\/vi\/product\/bo-gay-honma-bezeal-525-sr","title":{"rendered":"B\u1ed9 g\u1eady Honma bezeal 525 SR"},"content":{"rendered":"<h2 dir=\"ltr\">Fullset Honma bezeal 525 g\u1ed3m 13 g\u1eady<\/h2>\n<h2 dir=\"ltr\">\u26f3\ufe0fDriver<\/h2>\n<h2 dir=\"ltr\">\u26f3\ufe0fG\u1ed7 5- g\u1ed7 7 &#8211; rescue 5<\/h2>\n<h2 dir=\"ltr\">\u26f3\ufe0fB\u1ed9 s\u1eaft g\u1ed3m 8 g\u1eady 6.7.8.9.10.11.aw.sw<\/h2>\n<h2 dir=\"ltr\">\u26f3\ufe0fPutter Honma PP 101 C\u00e1n graphite SR 48 gr<\/h2>\n<h2 dir=\"ltr\"><strong>G\u1eady Honma bezeal 525 driver<\/strong><\/h2>\n<div>\n<figure class=\"image\"><figcaption>G\u1eady golf Driver v\u00e0 g\u1eady g\u1ed7 BEZEAL 525<\/figcaption><\/figure>\n<\/div>\n<p dir=\"ltr\">M\u1ed9t kh\u1ed1i kim lo\u1ea1i c\u00f3 tr\u1ecdng l\u01b0\u1ee3ng 7g \u0111\u01b0\u1ee3c th\u00eam v\u00e0o ph\u1ea7n g\u00f3t g\u1eady. Th\u00eam v\u00e0o \u0111\u00f3, m\u1ed9t ph\u1ea7n tr\u1ecdng l\u01b0\u1ee3ng \u0111\u01b0\u1ee3c th\u00eam v\u00e0o b\u00ean trong \u0111\u1ea7u g\u1eady, r\u00fat ng\u1eafn kho\u1ea3ng c\u00e1ch t\u1edbi tr\u1ecdng t\u00e2m \u0111\u1ea7u g\u1eady.<\/p>\n<p dir=\"ltr\">Vi\u1ec7c ki\u1ec3m so\u00e1t tr\u1ecdng l\u01b0\u1ee3ng v\u00e0 g\u00f3c tr\u1ecdng l\u1ef1c t\u1ed1i \u01b0u gi\u00fap \u0111\u00e1nh tr\u00fang b\u00f3ng d\u1ec5 h\u01a1n.<\/p>\n<p dir=\"ltr\">M\u1eb7t g\u1eady \u0111\u01b0\u1ee3c thi\u1ebft k\u1ebf vu\u00f4ng gi\u00fap ng\u01b0\u1eddi ch\u01a1i d\u1ec5 d\u00e0ng set-up v\u00e0 \u0111i\u1ec1u ch\u1ec9nh \u0111\u01b0\u1eddng m\u1ee5c ti\u00eau. Ph\u1ea7n ph\u00eda sau c\u1ee7a m\u0169 g\u1eady \u0111\u01b0\u1ee3c thi\u1ebft k\u1ebf th\u1ea5p h\u01a1n mang l\u1ea1i c\u1ea3m gi\u00e1c \u0111\u00e1nh b\u00f3ng tho\u1ea3i m\u00e1i v\u00e0 h\u00ecnh d\u00e1ng thanh l\u1ecbch.<\/p>\n<h2 dir=\"ltr\"><strong>G\u1eady Bezeal\u00a0525 Fairway Wood<\/strong><\/h2>\n<p dir=\"ltr\">G\u1eady g\u1ed7 \u0111\u01b0\u1ee3c thi\u1ebft k\u1ebf ph\u00eda sau m\u1eb7t g\u1eady n\u00f4ng cho tr\u1ecdng t\u00e2m \u0111\u1ea7u g\u1eady th\u1ea5p gi\u00fap gia t\u0103ng kho\u1ea3ng c\u00e1ch c\u00f9ng v\u1edbi g\u00f3c ph\u00f3ng cao.<\/p>\n<h2 dir=\"ltr\"><strong>G\u1eady Hybrid Bezeal 525<\/strong><\/h2>\n<p dir=\"ltr\">Thi\u1ebft k\u1ebf \u0111\u1ea7u g\u1eady Hybrid gi\u00fap t\u0103ng c\u01b0\u1eddng kh\u1ea3 n\u0103ng \u0111\u00e1nh tr\u00fang b\u00f3ng v\u00e0 t\u1ea1o \u0111\u01b0\u1eddng b\u00f3ng \u1ed5n \u0111\u1ecbnh. Tr\u1ecdng t\u00e2m \u0111\u1ea7u g\u1eady th\u1ea5p c\u00f9ng v\u1edbi thi\u1ebft k\u1ebf m\u0169 g\u1eady si\u00eau m\u1ecfng l\u00e0m gia t\u0103ng t\u1ed1c \u0111\u1ed9 v\u00e0 \u0111\u01b0\u1eddng b\u00f3ng \u0111i b\u1ed5ng h\u01a1n.<\/p>\n<h2 dir=\"ltr\"><strong>G\u1eady Honma Bezeal\u00a0525 Irons<\/strong><\/h2>\n<div><span style=\"color: #555555;\">B\u1ed9 g\u1eady s\u1eaft \u0111\u01b0\u1ee3c trang b\u1ecb m\u1eb7t g\u1eady titan c\u00f3 k\u00edch th\u01b0\u1edbc l\u1edbn gi\u00fap c\u1ea3i thi\u1ec7n hi\u1ec7u su\u1ea5t cho ng\u01b0\u1eddi ch\u01a1i<\/span><\/div>\n<p dir=\"ltr\">Kh\u1ed1i l\u01b0\u1ee3ng Vonfram \u0111\u01b0\u1ee3c \u0111\u1eb7t b\u00ean trong khoang m\u1eb7t g\u1eady, c\u00f9ng v\u1edbi thi\u1ebft k\u1ebf tr\u1ecdng t\u00e2m \u0111\u1ea7u g\u1eady th\u1ea5p v\u00e0 s\u00e2u gi\u00fap t\u0103ng kh\u1ea3 n\u0103ng \u0111\u00e1nh b\u00f3ng bay l\u00ean ngay c\u1ea3 khi \u0111\u00e1nh tr\u01b0\u1ee3t.<\/p>\n<p dir=\"ltr\">\u0110\u1ed9 MOI cao l\u00e0m t\u0103ng s\u1ef1 \u1ed5n \u0111\u1ecbnh c\u1ee7a \u0111\u1ea7u g\u1eady khi va ch\u1ea1m v\u1edbi b\u00f3ng.<\/p>\n","protected":false},"excerpt":{"rendered":"<p>Fullset Honma bezeal 525 g\u1ed3m 13 g\u1eady \u26f3\ufe0fDriver \u26f3\ufe0fG\u1ed7 5- g\u1ed7 7 &#8211; rescue 5 \u26f3\ufe0fB\u1ed9 s\u1eaft g\u1ed3m 8 g\u1eady 6.7.8.9.10.11.aw.sw \u26f3\ufe0fPutter Honma PP 101 C\u00e1n graphite SR 48 gr G\u1eady Honma bezeal 525 driver G\u1eady golf Driver v\u00e0 g\u1eady g\u1ed7 BEZEAL 525 M\u1ed9t kh\u1ed1i kim lo\u1ea1i c\u00f3 tr\u1ecdng l\u01b0\u1ee3ng 7g \u0111\u01b0\u1ee3c th\u00eam v\u00e0o ph\u1ea7n [&#8230;]\n","protected":false},"featured_media":2530,"comment_status":"open","ping_status":"closed","template":"","meta":[],"product_brand":[],"product_cat":[91],"product_tag":[],"class_list":{"0":"post-2528","1":"product","2":"type-product","3":"status-publish","4":"has-post-thumbnail","6":"product_cat-fullset","8":"first","9":"instock","10":"shipping-taxable","11":"product-type-simple"},"yoast_head":"<!-- This site is optimized with the Yoast SEO plugin v19.0 - https:\/\/yoast.com\/wordpress\/plugins\/seo\/ -->\n<title>B\u1ed9 g\u1eady Honma bezeal 525 SR -<\/title>\n<meta name=\"robots\" content=\"index, follow, max-snippet:-1, max-image-preview:large, max-video-preview:-1\" \/>\n<link rel=\"canonical\" href=\"https:\/\/lotusgolf.vn\/vi\/product\/bo-gay-honma-bezeal-525-sr\/\" \/>\n<meta property=\"og:locale\" content=\"vi_VN\" \/>\n<meta property=\"og:type\" content=\"article\" \/>\n<meta property=\"og:title\" content=\"B\u1ed9 g\u1eady Honma bezeal 525 SR -\" \/>\n<meta property=\"og:description\" content=\"Fullset Honma bezeal 525 g\u1ed3m 13 g\u1eady \u26f3\ufe0fDriver \u26f3\ufe0fG\u1ed7 5- g\u1ed7 7 &#8211; rescue 5 \u26f3\ufe0fB\u1ed9 s\u1eaft g\u1ed3m 8 g\u1eady 6.7.8.9.10.11.aw.sw \u26f3\ufe0fPutter Honma PP 101 C\u00e1n graphite SR 48 gr G\u1eady Honma bezeal 525 driver G\u1eady golf Driver v\u00e0 g\u1eady g\u1ed7 BEZEAL 525 M\u1ed9t kh\u1ed1i kim lo\u1ea1i c\u00f3 tr\u1ecdng l\u01b0\u1ee3ng 7g \u0111\u01b0\u1ee3c th\u00eam v\u00e0o ph\u1ea7n [...]\" \/>\n<meta property=\"og:url\" content=\"https:\/\/lotusgolf.vn\/vi\/product\/bo-gay-honma-bezeal-525-sr\/\" \/>\n<meta property=\"og:image\" content=\"https:\/\/lotusgolf.vn\/wp-content\/uploads\/2022\/10\/z3815184314625_53ed13c0318676bc9bc59f1c03922b0d.jpg\" \/>\n\t<meta property=\"og:image:width\" content=\"956\" \/>\n\t<meta property=\"og:image:height\" content=\"1276\" \/>\n\t<meta property=\"og:image:type\" content=\"image\/jpeg\" \/>\n<meta name=\"twitter:card\" content=\"summary_large_image\" \/>\n<meta name=\"twitter:label1\" content=\"\u01af\u1edbc t\u00ednh th\u1eddi gian \u0111\u1ecdc\" \/>\n\t<meta name=\"twitter:data1\" content=\"2 ph\u00fat\" \/>\n<script type=\"application\/ld+json\" class=\"yoast-schema-graph\">{\"@context\":\"https:\/\/schema.org\",\"@graph\":[{\"@type\":\"WebSite\",\"@id\":\"https:\/\/lotusgolf-b23998.ingress-bonde.ewp.live\/#website\",\"url\":\"https:\/\/lotusgolf-b23998.ingress-bonde.ewp.live\/\",\"name\":\"\",\"description\":\"\",\"potentialAction\":[{\"@type\":\"SearchAction\",\"target\":{\"@type\":\"EntryPoint\",\"urlTemplate\":\"https:\/\/lotusgolf-b23998.ingress-bonde.ewp.live\/?s={search_term_string}\"},\"query-input\":\"required name=search_term_string\"}],\"inLanguage\":\"vi\"},{\"@type\":\"ImageObject\",\"inLanguage\":\"vi\",\"@id\":\"https:\/\/lotusgolf.vn\/product\/bo-gay-honma-bezeal-525-sr\/#primaryimage\",\"url\":\"https:\/\/lotusgolf.vn\/wp-content\/uploads\/2022\/10\/z3815184314625_53ed13c0318676bc9bc59f1c03922b0d.jpg\",\"contentUrl\":\"https:\/\/lotusgolf.vn\/wp-content\/uploads\/2022\/10\/z3815184314625_53ed13c0318676bc9bc59f1c03922b0d.jpg\",\"width\":956,\"height\":1276},{\"@type\":\"WebPage\",\"@id\":\"https:\/\/lotusgolf.vn\/product\/bo-gay-honma-bezeal-525-sr\/#webpage\",\"url\":\"https:\/\/lotusgolf.vn\/product\/bo-gay-honma-bezeal-525-sr\/\",\"name\":\"B\u1ed9 g\u1eady Honma bezeal 525 SR -\",\"isPartOf\":{\"@id\":\"https:\/\/lotusgolf-b23998.ingress-bonde.ewp.live\/#website\"},\"primaryImageOfPage\":{\"@id\":\"https:\/\/lotusgolf.vn\/product\/bo-gay-honma-bezeal-525-sr\/#primaryimage\"},\"datePublished\":\"2022-10-20T08:43:34+00:00\",\"dateModified\":\"2022-10-20T08:43:34+00:00\",\"breadcrumb\":{\"@id\":\"https:\/\/lotusgolf.vn\/product\/bo-gay-honma-bezeal-525-sr\/#breadcrumb\"},\"inLanguage\":\"vi\",\"potentialAction\":[{\"@type\":\"ReadAction\",\"target\":[\"https:\/\/lotusgolf.vn\/product\/bo-gay-honma-bezeal-525-sr\/\"]}]},{\"@type\":\"BreadcrumbList\",\"@id\":\"https:\/\/lotusgolf.vn\/product\/bo-gay-honma-bezeal-525-sr\/#breadcrumb\",\"itemListElement\":[{\"@type\":\"ListItem\",\"position\":1,\"name\":\"Home\",\"item\":\"https:\/\/lotusgolf.vn\/\"},{\"@type\":\"ListItem\",\"position\":2,\"name\":\"Shop\",\"item\":\"https:\/\/lotusgolf-b23998.ingress-bonde.ewp.live\/shop\/\"},{\"@type\":\"ListItem\",\"position\":3,\"name\":\"B\u1ed9 g\u1eady Honma bezeal 525 SR\"}]}]}<\/script>\n<!-- \/ Yoast SEO plugin. -->","yoast_head_json":{"title":"B\u1ed9 g\u1eady Honma bezeal 525 SR -","robots":{"index":"index","follow":"follow","max-snippet":"max-snippet:-1","max-image-preview":"max-image-preview:large","max-video-preview":"max-video-preview:-1"},"canonical":"https:\/\/lotusgolf.vn\/vi\/product\/bo-gay-honma-bezeal-525-sr\/","og_locale":"vi_VN","og_type":"article","og_title":"B\u1ed9 g\u1eady Honma bezeal 525 SR -","og_description":"Fullset Honma bezeal 525 g\u1ed3m 13 g\u1eady \u26f3\ufe0fDriver \u26f3\ufe0fG\u1ed7 5- g\u1ed7 7 &#8211; rescue 5 \u26f3\ufe0fB\u1ed9 s\u1eaft g\u1ed3m 8 g\u1eady 6.7.8.9.10.11.aw.sw \u26f3\ufe0fPutter Honma PP 101 C\u00e1n graphite SR 48 gr G\u1eady Honma bezeal 525 driver G\u1eady golf Driver v\u00e0 g\u1eady g\u1ed7 BEZEAL 525 M\u1ed9t kh\u1ed1i kim lo\u1ea1i c\u00f3 tr\u1ecdng l\u01b0\u1ee3ng 7g \u0111\u01b0\u1ee3c th\u00eam v\u00e0o ph\u1ea7n [...]","og_url":"https:\/\/lotusgolf.vn\/vi\/product\/bo-gay-honma-bezeal-525-sr\/","og_image":[{"width":956,"height":1276,"url":"https:\/\/lotusgolf.vn\/wp-content\/uploads\/2022\/10\/z3815184314625_53ed13c0318676bc9bc59f1c03922b0d.jpg","type":"image\/jpeg"}],"twitter_card":"summary_large_image","twitter_misc":{"\u01af\u1edbc t\u00ednh th\u1eddi gian \u0111\u1ecdc":"2 ph\u00fat"},"schema":{"@context":"https:\/\/schema.org","@graph":[{"@type":"WebSite","@id":"https:\/\/lotusgolf-b23998.ingress-bonde.ewp.live\/#website","url":"https:\/\/lotusgolf-b23998.ingress-bonde.ewp.live\/","name":"","description":"","potentialAction":[{"@type":"SearchAction","target":{"@type":"EntryPoint","urlTemplate":"https:\/\/lotusgolf-b23998.ingress-bonde.ewp.live\/?s={search_term_string}"},"query-input":"required name=search_term_string"}],"inLanguage":"vi"},{"@type":"ImageObject","inLanguage":"vi","@id":"https:\/\/lotusgolf.vn\/product\/bo-gay-honma-bezeal-525-sr\/#primaryimage","url":"https:\/\/lotusgolf.vn\/wp-content\/uploads\/2022\/10\/z3815184314625_53ed13c0318676bc9bc59f1c03922b0d.jpg","contentUrl":"https:\/\/lotusgolf.vn\/wp-content\/uploads\/2022\/10\/z3815184314625_53ed13c0318676bc9bc59f1c03922b0d.jpg","width":956,"height":1276},{"@type":"WebPage","@id":"https:\/\/lotusgolf.vn\/product\/bo-gay-honma-bezeal-525-sr\/#webpage","url":"https:\/\/lotusgolf.vn\/product\/bo-gay-honma-bezeal-525-sr\/","name":"B\u1ed9 g\u1eady Honma bezeal 525 SR -","isPartOf":{"@id":"https:\/\/lotusgolf-b23998.ingress-bonde.ewp.live\/#website"},"primaryImageOfPage":{"@id":"https:\/\/lotusgolf.vn\/product\/bo-gay-honma-bezeal-525-sr\/#primaryimage"},"datePublished":"2022-10-20T08:43:34+00:00","dateModified":"2022-10-20T08:43:34+00:00","breadcrumb":{"@id":"https:\/\/lotusgolf.vn\/product\/bo-gay-honma-bezeal-525-sr\/#breadcrumb"},"inLanguage":"vi","potentialAction":[{"@type":"ReadAction","target":["https:\/\/lotusgolf.vn\/product\/bo-gay-honma-bezeal-525-sr\/"]}]},{"@type":"BreadcrumbList","@id":"https:\/\/lotusgolf.vn\/product\/bo-gay-honma-bezeal-525-sr\/#breadcrumb","itemListElement":[{"@type":"ListItem","position":1,"name":"Home","item":"https:\/\/lotusgolf.vn\/"},{"@type":"ListItem","position":2,"name":"Shop","item":"https:\/\/lotusgolf-b23998.ingress-bonde.ewp.live\/shop\/"},{"@type":"ListItem","position":3,"name":"B\u1ed9 g\u1eady Honma bezeal 525 SR"}]}]}},"_links":{"self":[{"href":"https:\/\/lotusgolf.vn\/vi\/wp-json\/wp\/v2\/product\/2528","targetHints":{"allow":["GET"]}}],"collection":[{"href":"https:\/\/lotusgolf.vn\/vi\/wp-json\/wp\/v2\/product"}],"about":[{"href":"https:\/\/lotusgolf.vn\/vi\/wp-json\/wp\/v2\/types\/product"}],"replies":[{"embeddable":true,"href":"https:\/\/lotusgolf.vn\/vi\/wp-json\/wp\/v2\/comments?post=2528"}],"wp:featuredmedia":[{"embeddable":true,"href":"https:\/\/lotusgolf.vn\/vi\/wp-json\/wp\/v2\/media\/2530"}],"wp:attachment":[{"href":"https:\/\/lotusgolf.vn\/vi\/wp-json\/wp\/v2\/media?parent=2528"}],"wp:term":[{"taxonomy":"product_brand","embeddable":true,"href":"https:\/\/lotusgolf.vn\/vi\/wp-json\/wp\/v2\/product_brand?post=2528"},{"taxonomy":"product_cat","embeddable":true,"href":"https:\/\/lotusgolf.vn\/vi\/wp-json\/wp\/v2\/product_cat?post=2528"},{"taxonomy":"product_tag","embeddable":true,"href":"https:\/\/lotusgolf.vn\/vi\/wp-json\/wp\/v2\/product_tag?post=2528"}],"curies":[{"name":"wp","href":"https:\/\/api.w.org\/{rel}","templated":true}]}}