{"id":2626,"date":"2022-10-20T09:40:13","date_gmt":"2022-10-20T09:40:13","guid":{"rendered":"https:\/\/lotusgolf.vn\/?post_type=product&#038;p=2626"},"modified":"2022-10-20T09:40:14","modified_gmt":"2022-10-20T09:40:14","slug":"gay-golf-putter-ping-tyne-4-2021","status":"publish","type":"product","link":"https:\/\/lotusgolf.vn\/vi\/product\/gay-golf-putter-ping-tyne-4-2021","title":{"rendered":"G\u1eady golf putter Ping Tyne 4 2021"},"content":{"rendered":"<div id=\"description\" class=\"data item content\" aria-labelledby=\"tab-label-description-title\">\n<div class=\"product attribute description\">\n<div class=\"value\">\n<h1>G\u1eady g\u00f4n\u00a0putter Ping Tyne 4 2021<\/h1>\n<p>Thi\u1ebft k\u1ebf \u0111\u1eb7c bi\u1ec7t cung c\u1ea5p m\u1ed9t c\u00e1i nh\u00ecn c\u00e2n b\u1eb1ng v\u1ec1 \u0111\u1ecba ch\u1ec9 trong khi cho ph\u00e9p tr\u1ecdng l\u01b0\u1ee3ng th\u00e9p \u1edf g\u00f3t\u00a0 v\u00e0 vonfram \u1edf d\u1ea7u g\u1eady\u00a0\u0111\u1ec3 \u0111\u1ea3m b\u1ea3o s\u1ef1 \u1ed5n \u0111\u1ecbnh v\u00e0 l\u00e0m cho n\u00f3 c\u00f3 \u0111\u1ed9 tha v\u00e0 ch\u00ednh x\u00e1c cao.\u00a0Hosel \u201cc\u1ed5 ch\u1ea3y\u201d th\u00fac \u0111\u1ea9y chuy\u1ec3n \u0111\u1ed9ng quay v\u00f2ng cung m\u1ea1nh m\u1ebd.<\/p>\n<h2><strong>Th\u00f4ng s\u1ed1 k\u1ef9 thu\u1eadt:<\/strong><\/h2>\n<ul>\n<li><strong>Lo\u1ea1i Putter<\/strong>: Mallet<\/li>\n<li><strong>Chi\u1ec1u d\u00e0i ti\u00eau chu\u1ea9n:<\/strong>\u00a034 Inch<\/li>\n<li><strong>Tr\u1ecdng l\u01b0\u1ee3ng \u0111\u1ea7u (Head Weight)<\/strong><strong>:<\/strong>\u00a0365g<\/li>\n<li><strong>Lie:<\/strong>\u00a020 \u00b0 \u00b1 4 \u00b0<\/li>\n<li><strong>Loft<\/strong>: 3 \u00b0 + 3 \u00b0 \/ -2 \u00b0<\/li>\n<li><strong>Balance:\u00a0<\/strong>Toe Down<\/li>\n<li><strong>Stroke Type:\u00a0<\/strong>Strong Arc (&gt;7.5)<\/li>\n<li><strong>Grip:<\/strong>\u00a0Ping Pistol PP58 Grip.<\/li>\n<\/ul>\n<h2><strong>\u0110\u1eb7c \u0111i\u1ec3m n\u1ed5i b\u1eadt c\u1ee7a s\u1ea3n ph\u1ea9m\u00a0<\/strong><\/h2>\n<ul>\n<li>\n<h3><strong>K\u1ebft c\u1ea5u \u0111a v\u1eadt li\u1ec7u gi\u00fap t\u0103ng \u0111\u1ed9 \u1ed5n \u0111\u1ecbnh<\/strong><\/h3>\n<\/li>\n<\/ul>\n<p>\u0110\u1eb7c tr\u01b0ng c\u1ee7a c\u00e1c m\u1eabu Ping 2021 Putter ch\u00ednh l\u00e0 s\u1edf h\u1eefu c\u1ea5u t\u1ea1o \u0111a v\u1eadt li\u1ec7u v\u1edbi c\u00e1c m\u1eadt \u0111\u1ed9 kh\u00e1c nhau (17-4 SS, vonfram, nh\u00f4m) c\u00f3 kh\u1ea3 n\u0103ng l\u00e0m t\u0103ng MOI v\u00e0 t\u1ed1i \u01b0u h\u00f3a CG \u0111\u1ec3 c\u00f3 \u0111\u1ed9 b\u1ec1n cao h\u01a1n.<\/p>\n<ul>\n<li>\n<h3><strong>Ch\u00e8n l\u1edbp durometer k\u00e9p cho c\u1ea3m gi\u00e1 m\u1ec1m m\u1ea1i, r\u1eafn ch\u1eafc<\/strong><\/h3>\n<\/li>\n<\/ul>\n<p>Trong n\u0103m 2021, c\u00e1c putter c\u1ee7a Ping n\u00f3i chung, m\u1eabu Tyne 4 Putter n\u00f3i ri\u00eang \u0111\u1ec1u s\u1ebd \u0111\u01b0\u1ee3c thi\u1ebft k\u1ebf 2 l\u1edbp\u00a0Pebax Durometer k\u00e9p<strong>.<\/strong>\u00a0Trong \u0111\u00f3, l\u1edbp tr\u01b0\u1edbc c\u1ee7a Pebax m\u1ec1m h\u01a1n \u0111\u1ec3 t\u1ea1o \u0111\u1ed9 ch\u00ednh x\u00e1c cho nh\u1eefng c\u00fa g\u1ea1t b\u00f3ng c\u00f3 qu\u1ef9 \u0111\u1ea1o ng\u1eafn h\u01a1n. \u0110\u1ed3ng th\u1eddi l\u1edbp sau c\u0169ng c\u1ee9ng h\u01a1n \u0111\u1ec3 \u0111\u1ea3m b\u1ea3o ki\u1ec3m so\u00e1t kho\u1ea3ng c\u00e1ch c\u1ea7n thi\u1ebft cho nh\u1eefng c\u00fa \u0111\u00e1nh b\u00f3ng t\u1ea7m xa h\u01a1n, c\u1ea3i thi\u1ec7n t\u00ednh nh\u1ea5t qu\u00e1n t\u1ed5ng th\u1ec3.<\/p>\n<p>Pebax (polyme c\u00f3 \u0111\u1eb7c t\u00ednh \u0111\u00e0n h\u1ed3i) \u1edf m\u1eb7t\u00a0g\u1eady golf\u00a0c\u00f2n gi\u00fap tung c\u00fa putt tr\u1edf n\u00ean c\u1ea3m gi\u00e1c h\u01a1n, nh\u1ea5t l\u00e0 \u1edf nh\u1eefng c\u00fa putt xa<\/p>\n<ul>\n<li>\n<h3><strong>Thi\u1ebft k\u1ebf r\u00e3nh n\u00f4ng, r\u00e3nh \u0111\u1ed3ng \u0111\u1ec1u gi\u00fap t\u1ed1c \u0111\u1ed9 b\u00f3ng nh\u1ea5t qu\u00e1n<\/strong><\/h3>\n<\/li>\n<\/ul>\n<p>So v\u1edbi Heppler Tyne 3 hay Putter Ping Sigma 2 Tyne 4 th\u00ec m\u1eabu putter Tyne 4 2021 l\u1ea1i c\u00f3 thi\u1ebft k\u1ebf c\u00e1c r\u00e3nh dao \u0111\u1ed9ng c\u00f3 \u0111\u1ed9 s\u00e2u \u0111\u1ed3ng \u0111\u1ec1u tr\u00ean m\u1eb7t g\u1eady. K\u1ebft h\u1ee3p c\u00f9ng b\u1ed9 ch\u00e8n durometer k\u00e9p gi\u00fap mang l\u1ea1i c\u1ea3m gi\u00e1c m\u1ec1m m\u1ea1i v\u00e0 cu\u1ed9n ph\u00f9 h\u1ee3p cho ng\u01b0\u1eddi ch\u01a1i.<\/p>\n<p>D\u01b0\u1eddng nh\u01b0 l\u1ed1i thi\u1ebft k\u1ebf tr\u00ean h\u01a1i gi\u1ed1ng v\u1edbi ng\u00f4n ng\u1eef TR c\u1ee7a c\u00e1c th\u1ebf h\u1ec7 tr\u01b0\u1edbc \u0111\u00f3, nh\u01b0ng kh\u00f4ng ho\u00e0n to\u00e0n nh\u01b0 v\u1eady. Tr\u00ean th\u1ef1c t\u1ebf, thi\u1ebft k\u1ebf TR \u0111\u00e3 th\u00fac \u0111\u1ea9y m\u1ed9t m\u1eb7t n\u00f3ng h\u01a1n m\u1ed9t ch\u00fat \u1edf g\u1ea7n c\u00e1c c\u1ea1nh \u0111\u1ec3 \u0111\u1ea1t \u0111\u01b0\u1ee3c kho\u1ea3ng c\u00e1ch b\u1eb1ng nhau tr\u00ean c\u00e1c c\u00fa \u0111\u00e1nh \u1edf gi\u1eefa v\u00e0 ngo\u00e0i t\u00e2m. M\u1ee5c ti\u00eau c\u1ee7a b\u1ed9 ch\u00e8n m\u1edbi n\u00e0y c\u0169ng t\u01b0\u01a1ng t\u1ef1, ch\u1ec9 kh\u00e1c l\u00e0 kh\u00f4ng c\u00f3 m\u00f4 h\u00ecnh r\u00e3nh TR.<\/p>\n<ul>\n<li>\n<h3><strong>Thi\u1ebft k\u1ebf ki\u1ec3u d\u00e1ng mallet \u0111\u1eb9p m\u1eaft<\/strong><\/h3>\n<\/li>\n<\/ul>\n<p>Ping Putter Tyne 4 2021 s\u1edf h\u1eefu l\u1edbp ho\u00e0n thi\u1ec7n PVD t\u1ed1i m\u00e0u, t\u00e0ng h\u00ecnh tr\u00ean \u0111\u1ea7u v\u00e0 tr\u1ee5c m\u1ea1 crom \u0111en. Nh\u1edd \u0111\u00f3 t\u1ea1o n\u00ean ki\u1ec3u d\u00e1ng \u0111\u1eb9p v\u00e0 h\u1ea5p d\u1eabn t\u1eeb \u0111\u1ea7u g\u1eady \u0111\u1ebfn tay c\u1ea7m.<\/p>\n<p>Trong \u0111\u00f3, m\u1eabu Tyne 4 Putter c\u00f3 m\u1ed9t tr\u1ecdng l\u01b0\u1ee3ng th\u00e9p \u0111\u01b0\u1ee3c s\u1eed d\u1ee5ng \u1edf g\u00f3t v\u00e0 vonfram \u0111\u01b0\u1ee3c \u00e1p d\u1ee5ng cho \u0111\u1ea7u g\u1eady \u0111\u1ec3 t\u1ed1i \u01b0u h\u00f3a t\u1ed1t h\u01a1n v\u1ecb tr\u00ed CG. \u0110\u1ed3ng th\u1eddi, h\u01b0\u1edbng t\u1edbi m\u1ee5c \u0111\u00edch t\u0103ng \u0111\u1ed9 \u1ed5n \u0111\u1ecbnh v\u00e0 \u0111\u1ed9 \u1ed5n \u0111\u1ecbnh (forgiveness).<\/p>\n<ul>\n<li><strong>Grip t\u1ed1i \u01b0u, thi\u1ebft k\u1ebf m\u1eb7t vu\u00f4ng<\/strong><\/li>\n<\/ul>\n<\/div>\n<\/div>\n<\/div>\n<div id=\"additional\" class=\"data item content\" aria-labelledby=\"tab-label-additional-title\">\n<div class=\"additional-attributes-wrapper table-wrapper\">\n<h3 class=\"tab-content-title\">Chi ti\u1ebft s\u1ea3n ph\u1ea9m<\/h3>\n<div id=\"product-attribute-specs-table\" class=\"data table additional-attributes\">\n<ul class=\"attribute-specs-wrapper\">\n<li>Th\u1ec3 lo\u1ea1i: Putter<\/li>\n<li>H\u00e3ng: PING<\/li>\n<li>S\u1ea3n xu\u1ea5t : Nh\u1eadt B\u1ea3n<\/li>\n<li>B\u1ea3o h\u00e0nh: 1 N\u0103m (L\u1ed7i nh\u00e0 s\u1ea3n xu\u1ea5t)<\/li>\n<\/ul>\n<\/div>\n<\/div>\n<\/div>\n","protected":false},"excerpt":{"rendered":"<p>G\u1eady g\u00f4n\u00a0putter Ping Tyne 4 2021 Thi\u1ebft k\u1ebf \u0111\u1eb7c bi\u1ec7t cung c\u1ea5p m\u1ed9t c\u00e1i nh\u00ecn c\u00e2n b\u1eb1ng v\u1ec1 \u0111\u1ecba ch\u1ec9 trong khi cho ph\u00e9p tr\u1ecdng l\u01b0\u1ee3ng th\u00e9p \u1edf g\u00f3t\u00a0 v\u00e0 vonfram \u1edf d\u1ea7u g\u1eady\u00a0\u0111\u1ec3 \u0111\u1ea3m b\u1ea3o s\u1ef1 \u1ed5n \u0111\u1ecbnh v\u00e0 l\u00e0m cho n\u00f3 c\u00f3 \u0111\u1ed9 tha v\u00e0 ch\u00ednh x\u00e1c cao.\u00a0Hosel \u201cc\u1ed5 ch\u1ea3y\u201d th\u00fac \u0111\u1ea9y chuy\u1ec3n [&#8230;]\n","protected":false},"featured_media":2630,"comment_status":"open","ping_status":"closed","template":"","meta":[],"product_brand":[],"product_cat":[88],"product_tag":[],"class_list":{"0":"post-2626","1":"product","2":"type-product","3":"status-publish","4":"has-post-thumbnail","6":"product_cat-putter","8":"first","9":"instock","10":"sale","11":"shipping-taxable","12":"purchasable","13":"product-type-simple"},"yoast_head":"<!-- This site is optimized with the Yoast SEO plugin v19.0 - https:\/\/yoast.com\/wordpress\/plugins\/seo\/ -->\n<title>G\u1eady golf putter Ping Tyne 4 2021 -<\/title>\n<meta name=\"robots\" content=\"index, follow, max-snippet:-1, max-image-preview:large, max-video-preview:-1\" \/>\n<link rel=\"canonical\" href=\"https:\/\/lotusgolf.vn\/vi\/product\/gay-golf-putter-ping-tyne-4-2021\/\" \/>\n<meta property=\"og:locale\" content=\"vi_VN\" \/>\n<meta property=\"og:type\" content=\"article\" \/>\n<meta property=\"og:title\" content=\"G\u1eady golf putter Ping Tyne 4 2021 -\" \/>\n<meta property=\"og:description\" content=\"G\u1eady g\u00f4n\u00a0putter Ping Tyne 4 2021 Thi\u1ebft k\u1ebf \u0111\u1eb7c bi\u1ec7t cung c\u1ea5p m\u1ed9t c\u00e1i nh\u00ecn c\u00e2n b\u1eb1ng v\u1ec1 \u0111\u1ecba ch\u1ec9 trong khi cho ph\u00e9p tr\u1ecdng l\u01b0\u1ee3ng th\u00e9p \u1edf g\u00f3t\u00a0 v\u00e0 vonfram \u1edf d\u1ea7u g\u1eady\u00a0\u0111\u1ec3 \u0111\u1ea3m b\u1ea3o s\u1ef1 \u1ed5n \u0111\u1ecbnh v\u00e0 l\u00e0m cho n\u00f3 c\u00f3 \u0111\u1ed9 tha v\u00e0 ch\u00ednh x\u00e1c cao.\u00a0Hosel \u201cc\u1ed5 ch\u1ea3y\u201d th\u00fac \u0111\u1ea9y chuy\u1ec3n [...]\" \/>\n<meta property=\"og:url\" content=\"https:\/\/lotusgolf.vn\/vi\/product\/gay-golf-putter-ping-tyne-4-2021\/\" \/>\n<meta property=\"article:modified_time\" content=\"2022-10-20T09:40:14+00:00\" \/>\n<meta property=\"og:image\" content=\"https:\/\/lotusgolf.vn\/wp-content\/uploads\/2022\/10\/tyne_4d.jpg\" \/>\n\t<meta property=\"og:image:width\" content=\"700\" \/>\n\t<meta property=\"og:image:height\" content=\"700\" \/>\n\t<meta property=\"og:image:type\" content=\"image\/jpeg\" \/>\n<meta name=\"twitter:card\" content=\"summary_large_image\" \/>\n<meta name=\"twitter:label1\" content=\"\u01af\u1edbc t\u00ednh th\u1eddi gian \u0111\u1ecdc\" \/>\n\t<meta name=\"twitter:data1\" content=\"4 ph\u00fat\" \/>\n<script type=\"application\/ld+json\" class=\"yoast-schema-graph\">{\"@context\":\"https:\/\/schema.org\",\"@graph\":[{\"@type\":\"WebSite\",\"@id\":\"https:\/\/lotusgolf-b23998.ingress-bonde.ewp.live\/#website\",\"url\":\"https:\/\/lotusgolf-b23998.ingress-bonde.ewp.live\/\",\"name\":\"\",\"description\":\"\",\"potentialAction\":[{\"@type\":\"SearchAction\",\"target\":{\"@type\":\"EntryPoint\",\"urlTemplate\":\"https:\/\/lotusgolf-b23998.ingress-bonde.ewp.live\/?s={search_term_string}\"},\"query-input\":\"required name=search_term_string\"}],\"inLanguage\":\"vi\"},{\"@type\":\"ImageObject\",\"inLanguage\":\"vi\",\"@id\":\"https:\/\/lotusgolf.vn\/product\/gay-golf-putter-ping-tyne-4-2021\/#primaryimage\",\"url\":\"https:\/\/lotusgolf.vn\/wp-content\/uploads\/2022\/10\/tyne_4d.jpg\",\"contentUrl\":\"https:\/\/lotusgolf.vn\/wp-content\/uploads\/2022\/10\/tyne_4d.jpg\",\"width\":700,\"height\":700},{\"@type\":\"WebPage\",\"@id\":\"https:\/\/lotusgolf.vn\/product\/gay-golf-putter-ping-tyne-4-2021\/#webpage\",\"url\":\"https:\/\/lotusgolf.vn\/product\/gay-golf-putter-ping-tyne-4-2021\/\",\"name\":\"G\u1eady golf putter Ping Tyne 4 2021 -\",\"isPartOf\":{\"@id\":\"https:\/\/lotusgolf-b23998.ingress-bonde.ewp.live\/#website\"},\"primaryImageOfPage\":{\"@id\":\"https:\/\/lotusgolf.vn\/product\/gay-golf-putter-ping-tyne-4-2021\/#primaryimage\"},\"datePublished\":\"2022-10-20T09:40:13+00:00\",\"dateModified\":\"2022-10-20T09:40:14+00:00\",\"breadcrumb\":{\"@id\":\"https:\/\/lotusgolf.vn\/product\/gay-golf-putter-ping-tyne-4-2021\/#breadcrumb\"},\"inLanguage\":\"vi\",\"potentialAction\":[{\"@type\":\"ReadAction\",\"target\":[\"https:\/\/lotusgolf.vn\/product\/gay-golf-putter-ping-tyne-4-2021\/\"]}]},{\"@type\":\"BreadcrumbList\",\"@id\":\"https:\/\/lotusgolf.vn\/product\/gay-golf-putter-ping-tyne-4-2021\/#breadcrumb\",\"itemListElement\":[{\"@type\":\"ListItem\",\"position\":1,\"name\":\"Home\",\"item\":\"https:\/\/lotusgolf.vn\/\"},{\"@type\":\"ListItem\",\"position\":2,\"name\":\"Shop\",\"item\":\"https:\/\/lotusgolf-b23998.ingress-bonde.ewp.live\/shop\/\"},{\"@type\":\"ListItem\",\"position\":3,\"name\":\"G\u1eady golf putter Ping Tyne 4 2021\"}]}]}<\/script>\n<!-- \/ Yoast SEO plugin. -->","yoast_head_json":{"title":"G\u1eady golf putter Ping Tyne 4 2021 -","robots":{"index":"index","follow":"follow","max-snippet":"max-snippet:-1","max-image-preview":"max-image-preview:large","max-video-preview":"max-video-preview:-1"},"canonical":"https:\/\/lotusgolf.vn\/vi\/product\/gay-golf-putter-ping-tyne-4-2021\/","og_locale":"vi_VN","og_type":"article","og_title":"G\u1eady golf putter Ping Tyne 4 2021 -","og_description":"G\u1eady g\u00f4n\u00a0putter Ping Tyne 4 2021 Thi\u1ebft k\u1ebf \u0111\u1eb7c bi\u1ec7t cung c\u1ea5p m\u1ed9t c\u00e1i nh\u00ecn c\u00e2n b\u1eb1ng v\u1ec1 \u0111\u1ecba ch\u1ec9 trong khi cho ph\u00e9p tr\u1ecdng l\u01b0\u1ee3ng th\u00e9p \u1edf g\u00f3t\u00a0 v\u00e0 vonfram \u1edf d\u1ea7u g\u1eady\u00a0\u0111\u1ec3 \u0111\u1ea3m b\u1ea3o s\u1ef1 \u1ed5n \u0111\u1ecbnh v\u00e0 l\u00e0m cho n\u00f3 c\u00f3 \u0111\u1ed9 tha v\u00e0 ch\u00ednh x\u00e1c cao.\u00a0Hosel \u201cc\u1ed5 ch\u1ea3y\u201d th\u00fac \u0111\u1ea9y chuy\u1ec3n [...]","og_url":"https:\/\/lotusgolf.vn\/vi\/product\/gay-golf-putter-ping-tyne-4-2021\/","article_modified_time":"2022-10-20T09:40:14+00:00","og_image":[{"width":700,"height":700,"url":"https:\/\/lotusgolf.vn\/wp-content\/uploads\/2022\/10\/tyne_4d.jpg","type":"image\/jpeg"}],"twitter_card":"summary_large_image","twitter_misc":{"\u01af\u1edbc t\u00ednh th\u1eddi gian \u0111\u1ecdc":"4 ph\u00fat"},"schema":{"@context":"https:\/\/schema.org","@graph":[{"@type":"WebSite","@id":"https:\/\/lotusgolf-b23998.ingress-bonde.ewp.live\/#website","url":"https:\/\/lotusgolf-b23998.ingress-bonde.ewp.live\/","name":"","description":"","potentialAction":[{"@type":"SearchAction","target":{"@type":"EntryPoint","urlTemplate":"https:\/\/lotusgolf-b23998.ingress-bonde.ewp.live\/?s={search_term_string}"},"query-input":"required name=search_term_string"}],"inLanguage":"vi"},{"@type":"ImageObject","inLanguage":"vi","@id":"https:\/\/lotusgolf.vn\/product\/gay-golf-putter-ping-tyne-4-2021\/#primaryimage","url":"https:\/\/lotusgolf.vn\/wp-content\/uploads\/2022\/10\/tyne_4d.jpg","contentUrl":"https:\/\/lotusgolf.vn\/wp-content\/uploads\/2022\/10\/tyne_4d.jpg","width":700,"height":700},{"@type":"WebPage","@id":"https:\/\/lotusgolf.vn\/product\/gay-golf-putter-ping-tyne-4-2021\/#webpage","url":"https:\/\/lotusgolf.vn\/product\/gay-golf-putter-ping-tyne-4-2021\/","name":"G\u1eady golf putter Ping Tyne 4 2021 -","isPartOf":{"@id":"https:\/\/lotusgolf-b23998.ingress-bonde.ewp.live\/#website"},"primaryImageOfPage":{"@id":"https:\/\/lotusgolf.vn\/product\/gay-golf-putter-ping-tyne-4-2021\/#primaryimage"},"datePublished":"2022-10-20T09:40:13+00:00","dateModified":"2022-10-20T09:40:14+00:00","breadcrumb":{"@id":"https:\/\/lotusgolf.vn\/product\/gay-golf-putter-ping-tyne-4-2021\/#breadcrumb"},"inLanguage":"vi","potentialAction":[{"@type":"ReadAction","target":["https:\/\/lotusgolf.vn\/product\/gay-golf-putter-ping-tyne-4-2021\/"]}]},{"@type":"BreadcrumbList","@id":"https:\/\/lotusgolf.vn\/product\/gay-golf-putter-ping-tyne-4-2021\/#breadcrumb","itemListElement":[{"@type":"ListItem","position":1,"name":"Home","item":"https:\/\/lotusgolf.vn\/"},{"@type":"ListItem","position":2,"name":"Shop","item":"https:\/\/lotusgolf-b23998.ingress-bonde.ewp.live\/shop\/"},{"@type":"ListItem","position":3,"name":"G\u1eady golf putter Ping Tyne 4 2021"}]}]}},"_links":{"self":[{"href":"https:\/\/lotusgolf.vn\/vi\/wp-json\/wp\/v2\/product\/2626","targetHints":{"allow":["GET"]}}],"collection":[{"href":"https:\/\/lotusgolf.vn\/vi\/wp-json\/wp\/v2\/product"}],"about":[{"href":"https:\/\/lotusgolf.vn\/vi\/wp-json\/wp\/v2\/types\/product"}],"replies":[{"embeddable":true,"href":"https:\/\/lotusgolf.vn\/vi\/wp-json\/wp\/v2\/comments?post=2626"}],"wp:featuredmedia":[{"embeddable":true,"href":"https:\/\/lotusgolf.vn\/vi\/wp-json\/wp\/v2\/media\/2630"}],"wp:attachment":[{"href":"https:\/\/lotusgolf.vn\/vi\/wp-json\/wp\/v2\/media?parent=2626"}],"wp:term":[{"taxonomy":"product_brand","embeddable":true,"href":"https:\/\/lotusgolf.vn\/vi\/wp-json\/wp\/v2\/product_brand?post=2626"},{"taxonomy":"product_cat","embeddable":true,"href":"https:\/\/lotusgolf.vn\/vi\/wp-json\/wp\/v2\/product_cat?post=2626"},{"taxonomy":"product_tag","embeddable":true,"href":"https:\/\/lotusgolf.vn\/vi\/wp-json\/wp\/v2\/product_tag?post=2626"}],"curies":[{"name":"wp","href":"https:\/\/api.w.org\/{rel}","templated":true}]}}