{"id":2635,"date":"2022-10-20T09:44:14","date_gmt":"2022-10-20T09:44:14","guid":{"rendered":"https:\/\/lotusgolf.vn\/?post_type=product&#038;p=2635"},"modified":"2022-10-20T09:44:15","modified_gmt":"2022-10-20T09:44:15","slug":"gay-golf-putter-ping-ds-72","status":"publish","type":"product","link":"https:\/\/lotusgolf.vn\/vi\/product\/gay-golf-putter-ping-ds-72","title":{"rendered":"G\u1eady golf putter Ping DS 72"},"content":{"rendered":"<div id=\"description\" class=\"data item content\" aria-labelledby=\"tab-label-description-title\">\n<div class=\"product attribute description\">\n<div class=\"value\">\n<h1>G\u1eady g\u00f4n\u00a0putter Ping DS 72 2021<\/h1>\n<div class=\"model-description\">s\u1edf h\u1eefu ki\u1ec3u d\u00e1ng Mid Mallet v\u1edbi nh\u1eefng c\u1ea3i ti\u1ebfn m\u1edbi v\u1ec1 hi\u1ec7u su\u1ea5t v\u00e0 c\u00f4ng ngh\u1ec7, gi\u00fap ng\u01b0\u1eddi ch\u01a1i c\u00f3 nh\u1eefng c\u00fa putt ho\u00e0n h\u1ea3o nh\u1ea5t.<\/div>\n<div class=\"tile-caption-bd tile_technology-caption-bd\">\n<h1><strong>Th\u00f4ng s\u1ed1 k\u1ef9 thu\u1eadt:<\/strong><\/h1>\n<ul>\n<li><strong>Lo\u1ea1i Putter:<\/strong>\u00a0Mid Mallet<\/li>\n<li><strong>Chi\u1ec1u d\u00e0i shaft ti\u00eau chu\u1ea9n:<\/strong>\u00a034 Inch<\/li>\n<li><strong>Tr\u1ecdng l\u01b0\u1ee3ng \u0111\u1ea7u (Head Weight)<\/strong><strong>:\u00a0<\/strong>360g<\/li>\n<li><strong>Lie:<\/strong>\u00a020 \u00b0 \u00b1 4 \u00b0<\/li>\n<li><strong>Loft:<\/strong>\u00a03 \u00b0+\/- 3 \u00b0<\/li>\n<li><strong>Grip:<\/strong>\u00a0PING PP58 Midsize<\/li>\n<li><strong>Tr\u1ecdng l\u01b0\u1ee3ng grip:<\/strong>\u00a087g<\/li>\n<\/ul>\n<h3><strong>\u0110\u1eb7c \u0111i\u1ec3m n\u1ed5i b\u1eadt c\u1ee7a s\u1ea3n ph\u1ea9m<\/strong><\/h3>\n<p>Putter Ping DS 72 2021 v\u1eabn ti\u1ebfp n\u1ed1i nh\u1eefng n\u00e9t \u0111\u1eb9p truy\u1ec1n th\u1ed1ng v\u1ec1 thi\u1ebft k\u1ebf so v\u1edbi putter Ping Heppler. Tuy nhi\u00ean, \u1edf phi\u00ean b\u1ea3n n\u00e0y, h\u00e3ng \u0111\u00e3 b\u1ed5 sung th\u00eam nh\u1eefng ti\u00eau chu\u1ea9n v\u00e0ng c\u1ee7a m\u1ed9t phi\u00ean b\u1ea3n g\u1eady gole cao c\u1ea5p v\u1edbi c\u00e1c t\u00ednh n\u0103ng v\u00e0 hi\u1ec7u su\u1ea5t t\u1ed1t h\u01a1n b\u1ea3n ti\u1ec1n nhi\u1ec7m. N\u00f3i \u0111\u00fang h\u01a1n, Putter Ping DS 72 2021 nh\u01b0 m\u1ed9t s\u1ef1 b\u1ed5 sung c\u1ea7n thi\u1ebft cho phi\u00ean b\u1ea3n Heppler tr\u01b0\u1edbc \u0111\u00e2y.<\/p>\n<ul>\n<li><strong>T\u00edch h\u1ee3p \u0111\u01b0\u1eddng line ng\u1eafm b\u00f3ng d\u1ec5 d\u00e0ng<\/strong><\/li>\n<\/ul>\n<p>Putter Ping DS 72 2021 l\u00e0 m\u1ed9t m\u1eabu Putter Mid Mallet, c\u00f3 t\u00ednh n\u0103ng h\u1ed7 tr\u1ee3 c\u0103n ch\u1ec9nh chi\u1ec1u r\u1ed9ng b\u00f3ng n\u1ed5i b\u1eadt v\u1edbi m\u1ed9t \u0111\u01b0\u1eddng ng\u1eafm duy nh\u1ea5t \u0111\u1ec3 \u0111\u1ea3m b\u1ea3o ng\u01b0\u1eddi ch\u01a1i c\u00f3 th\u1ec3 ng\u1eafm b\u00f3ng t\u1ed1t nh\u1ea5t.<\/p>\n<ul>\n<li><strong>Thi\u1ebft k\u1ebf hosel ph\u00f9 h\u1ee3p cho c\u00fa putt cong nh\u1eb9<\/strong><\/li>\n<\/ul>\n<p>Vi\u1ec7c nh\u1ea5n m\u1ea1nh th\u00eam c\u00e1c v\u1eadt li\u1ec7u Vonfram v\u00e0o \u0111\u1ea7u v\u00e0 g\u00f3t g\u1eady c\u0169ng mang l\u1ea1i s\u1ef1 \u1ed5n \u0111\u1ecbnh \u0111\u1eb7c bi\u1ec7t cho nh\u1eefng c\u00fa \u0111\u00e1nh b\u00f3ng ng\u1eafn. Trong khi thi\u1ebft k\u1ebf hosel ph\u00f9 h\u1ee3p v\u1edbi nh\u1eefng ng\u01b0\u1eddi ch\u01a1i golf c\u00f3 \u0111\u01b0\u1eddng cong nh\u1eb9 trong c\u00fa \u0111\u00e1nh c\u1ee7a h\u1ecd.<\/p>\n<ul>\n<li><strong>Hi\u1ec7u su\u1ea5t t\u1ed1t h\u01a1n nh\u1edd mi\u1ebfng ch\u00e8n k\u00e9p<\/strong><\/li>\n<\/ul>\n<p>Putter Ping DS 72 2021 c\u0169ng n\u00e2ng cao hi\u1ec7u su\u1ea5t c\u1ee7a c\u00fa \u0111\u00e1nh b\u00f3ng. M\u1eb7t ch\u00e8n Dual-Durometer Face gi\u1edd \u0111\u00e2y c\u00f3 l\u1edbp Pebax ph\u00eda tr\u01b0\u1edbc m\u1ec1m h\u01a1n \u0111\u1ec3 c\u00f3 \u0111\u1ed9 ch\u00ednh x\u00e1c v\u00e0 c\u1ea3m gi\u00e1c khi putt ng\u1eafn h\u01a1n, trong khi l\u1edbp sau c\u1ee9ng h\u01a1n mang l\u1ea1i kh\u1ea3 n\u0103ng ki\u1ec3m so\u00e1t kho\u1ea3ng c\u00e1ch \u0111\u1eb7c bi\u1ec7t t\u1eeb t\u1ea7m xa. M\u1eb7t g\u1eady\u00a0\u0111\u01b0\u1ee3c thi\u1ebft k\u1ebf c\u00e1c r\u00e3nh n\u00f4ng v\u1edbi \u0111\u1ed9 s\u00e2u \u0111\u1ed3ng \u0111\u1ec1u t\u1eeb g\u00f3t \u0111\u1ebfn \u0111\u1ea7u g\u1eady nh\u1eb1m t\u1ea1o \u0111\u01b0\u1eddng roll ph\u00f9 h\u1ee3p.<\/p>\n<ul>\n<li><strong>C\u1ea5u tr\u00fac \u0111a v\u1eadt li\u1ec7u gi\u00fap t\u0103ng MOI<\/strong><\/li>\n<\/ul>\n<p>C\u1ea5u tr\u00fac \u0111a v\u1eadt li\u1ec7u k\u1ebft h\u1ee3p c\u00e1c v\u1eadt li\u1ec7u c\u00f3 m\u1eadt \u0111\u1ed9 kh\u00e1c nhau tr\u00ean Putter Ping DS 72 2021 gi\u00fap gia t\u0103ng MOI v\u00e0 t\u1ed1i \u01b0u h\u00f3a v\u1ecb tr\u00ed CG. C\u00e1c v\u1eadt li\u1ec7u t\u1ed5ng h\u1ee3p n\u00e0y \u0111\u01b0\u1ee3c ch\u1ebf t\u1ea1o \u0111\u1eb7c bi\u1ec7t \u0111\u1ec3 ph\u00f9 h\u1ee3p v\u1edbi h\u00ecnh d\u1ea1ng c\u1ee7a g\u1eady. \u0110i\u1ec1u n\u00e0y c\u0169ng mang t\u1edbi \u0111\u1ed9 b\u1ec1n v\u00e0 \u0111\u1ed9 \u1ed5n \u0111\u1ecbnh v\u01b0\u1ee3t tr\u1ed9i ngay c\u1ea3 khi ng\u01b0\u1eddi ch\u01a1i \u0111\u00e1nh kh\u00f4ng t\u1eadp trung.<\/p>\n<ul>\n<li><strong>Grip PP58 ti\u00eau chu\u1ea9n<\/strong><\/li>\n<\/ul>\n<p>&nbsp;<\/p>\n<\/div>\n<\/div>\n<\/div>\n<\/div>\n<div id=\"additional\" class=\"data item content\" aria-labelledby=\"tab-label-additional-title\">\n<div class=\"additional-attributes-wrapper table-wrapper\">\n<h3 class=\"tab-content-title\">Chi ti\u1ebft s\u1ea3n ph\u1ea9m<\/h3>\n<div id=\"product-attribute-specs-table\" class=\"data table additional-attributes\">\n<ul class=\"attribute-specs-wrapper\">\n<li>Th\u1ec3 lo\u1ea1i: Putter<\/li>\n<li>H\u00e3ng: PING<\/li>\n<li>S\u1ea3n xu\u1ea5t : Nh\u1eadt B\u1ea3n<\/li>\n<li>B\u1ea3o h\u00e0nh: 1 N\u0103m (L\u1ed7i nh\u00e0 s\u1ea3n xu\u1ea5t)<\/li>\n<\/ul>\n<\/div>\n<\/div>\n<\/div>\n","protected":false},"excerpt":{"rendered":"<p>G\u1eady g\u00f4n\u00a0putter Ping DS 72 2021 s\u1edf h\u1eefu ki\u1ec3u d\u00e1ng Mid Mallet v\u1edbi nh\u1eefng c\u1ea3i ti\u1ebfn m\u1edbi v\u1ec1 hi\u1ec7u su\u1ea5t v\u00e0 c\u00f4ng ngh\u1ec7, gi\u00fap ng\u01b0\u1eddi ch\u01a1i c\u00f3 nh\u1eefng c\u00fa putt ho\u00e0n h\u1ea3o nh\u1ea5t. Th\u00f4ng s\u1ed1 k\u1ef9 thu\u1eadt: Lo\u1ea1i Putter:\u00a0Mid Mallet Chi\u1ec1u d\u00e0i shaft ti\u00eau chu\u1ea9n:\u00a034 Inch Tr\u1ecdng l\u01b0\u1ee3ng \u0111\u1ea7u (Head Weight):\u00a0360g Lie:\u00a020 \u00b0 \u00b1 4 [&#8230;]\n","protected":false},"featured_media":2636,"comment_status":"open","ping_status":"closed","template":"","meta":[],"product_brand":[],"product_cat":[88],"product_tag":[],"class_list":{"0":"post-2635","1":"product","2":"type-product","3":"status-publish","4":"has-post-thumbnail","6":"product_cat-putter","8":"first","9":"instock","10":"shipping-taxable","11":"product-type-simple"},"yoast_head":"<!-- This site is optimized with the Yoast SEO plugin v19.0 - https:\/\/yoast.com\/wordpress\/plugins\/seo\/ -->\n<title>G\u1eady golf putter Ping DS 72 -<\/title>\n<meta name=\"robots\" content=\"index, follow, max-snippet:-1, max-image-preview:large, max-video-preview:-1\" \/>\n<link rel=\"canonical\" href=\"https:\/\/lotusgolf.vn\/vi\/product\/gay-golf-putter-ping-ds-72\/\" \/>\n<meta property=\"og:locale\" content=\"vi_VN\" \/>\n<meta property=\"og:type\" content=\"article\" \/>\n<meta property=\"og:title\" content=\"G\u1eady golf putter Ping DS 72 -\" \/>\n<meta property=\"og:description\" content=\"G\u1eady g\u00f4n\u00a0putter Ping DS 72 2021 s\u1edf h\u1eefu ki\u1ec3u d\u00e1ng Mid Mallet v\u1edbi nh\u1eefng c\u1ea3i ti\u1ebfn m\u1edbi v\u1ec1 hi\u1ec7u su\u1ea5t v\u00e0 c\u00f4ng ngh\u1ec7, gi\u00fap ng\u01b0\u1eddi ch\u01a1i c\u00f3 nh\u1eefng c\u00fa putt ho\u00e0n h\u1ea3o nh\u1ea5t. Th\u00f4ng s\u1ed1 k\u1ef9 thu\u1eadt: Lo\u1ea1i Putter:\u00a0Mid Mallet Chi\u1ec1u d\u00e0i shaft ti\u00eau chu\u1ea9n:\u00a034 Inch Tr\u1ecdng l\u01b0\u1ee3ng \u0111\u1ea7u (Head Weight):\u00a0360g Lie:\u00a020 \u00b0 \u00b1 4 [...]\" \/>\n<meta property=\"og:url\" content=\"https:\/\/lotusgolf.vn\/vi\/product\/gay-golf-putter-ping-ds-72\/\" \/>\n<meta property=\"article:modified_time\" content=\"2022-10-20T09:44:15+00:00\" \/>\n<meta property=\"og:image\" content=\"https:\/\/lotusgolf.vn\/wp-content\/uploads\/2022\/10\/ds_72a.jpg\" \/>\n\t<meta property=\"og:image:width\" content=\"700\" \/>\n\t<meta property=\"og:image:height\" content=\"700\" \/>\n\t<meta property=\"og:image:type\" content=\"image\/jpeg\" \/>\n<meta name=\"twitter:card\" content=\"summary_large_image\" \/>\n<meta name=\"twitter:label1\" content=\"\u01af\u1edbc t\u00ednh th\u1eddi gian \u0111\u1ecdc\" \/>\n\t<meta name=\"twitter:data1\" content=\"3 ph\u00fat\" \/>\n<script type=\"application\/ld+json\" class=\"yoast-schema-graph\">{\"@context\":\"https:\/\/schema.org\",\"@graph\":[{\"@type\":\"WebSite\",\"@id\":\"https:\/\/lotusgolf-b23998.ingress-bonde.ewp.live\/#website\",\"url\":\"https:\/\/lotusgolf-b23998.ingress-bonde.ewp.live\/\",\"name\":\"\",\"description\":\"\",\"potentialAction\":[{\"@type\":\"SearchAction\",\"target\":{\"@type\":\"EntryPoint\",\"urlTemplate\":\"https:\/\/lotusgolf-b23998.ingress-bonde.ewp.live\/?s={search_term_string}\"},\"query-input\":\"required name=search_term_string\"}],\"inLanguage\":\"vi\"},{\"@type\":\"ImageObject\",\"inLanguage\":\"vi\",\"@id\":\"https:\/\/lotusgolf.vn\/product\/gay-golf-putter-ping-ds-72\/#primaryimage\",\"url\":\"https:\/\/lotusgolf.vn\/wp-content\/uploads\/2022\/10\/ds_72a.jpg\",\"contentUrl\":\"https:\/\/lotusgolf.vn\/wp-content\/uploads\/2022\/10\/ds_72a.jpg\",\"width\":700,\"height\":700},{\"@type\":\"WebPage\",\"@id\":\"https:\/\/lotusgolf.vn\/product\/gay-golf-putter-ping-ds-72\/#webpage\",\"url\":\"https:\/\/lotusgolf.vn\/product\/gay-golf-putter-ping-ds-72\/\",\"name\":\"G\u1eady golf putter Ping DS 72 -\",\"isPartOf\":{\"@id\":\"https:\/\/lotusgolf-b23998.ingress-bonde.ewp.live\/#website\"},\"primaryImageOfPage\":{\"@id\":\"https:\/\/lotusgolf.vn\/product\/gay-golf-putter-ping-ds-72\/#primaryimage\"},\"datePublished\":\"2022-10-20T09:44:14+00:00\",\"dateModified\":\"2022-10-20T09:44:15+00:00\",\"breadcrumb\":{\"@id\":\"https:\/\/lotusgolf.vn\/product\/gay-golf-putter-ping-ds-72\/#breadcrumb\"},\"inLanguage\":\"vi\",\"potentialAction\":[{\"@type\":\"ReadAction\",\"target\":[\"https:\/\/lotusgolf.vn\/product\/gay-golf-putter-ping-ds-72\/\"]}]},{\"@type\":\"BreadcrumbList\",\"@id\":\"https:\/\/lotusgolf.vn\/product\/gay-golf-putter-ping-ds-72\/#breadcrumb\",\"itemListElement\":[{\"@type\":\"ListItem\",\"position\":1,\"name\":\"Home\",\"item\":\"https:\/\/lotusgolf.vn\/\"},{\"@type\":\"ListItem\",\"position\":2,\"name\":\"Shop\",\"item\":\"https:\/\/lotusgolf-b23998.ingress-bonde.ewp.live\/shop\/\"},{\"@type\":\"ListItem\",\"position\":3,\"name\":\"G\u1eady golf putter Ping DS 72\"}]}]}<\/script>\n<!-- \/ Yoast SEO plugin. -->","yoast_head_json":{"title":"G\u1eady golf putter Ping DS 72 -","robots":{"index":"index","follow":"follow","max-snippet":"max-snippet:-1","max-image-preview":"max-image-preview:large","max-video-preview":"max-video-preview:-1"},"canonical":"https:\/\/lotusgolf.vn\/vi\/product\/gay-golf-putter-ping-ds-72\/","og_locale":"vi_VN","og_type":"article","og_title":"G\u1eady golf putter Ping DS 72 -","og_description":"G\u1eady g\u00f4n\u00a0putter Ping DS 72 2021 s\u1edf h\u1eefu ki\u1ec3u d\u00e1ng Mid Mallet v\u1edbi nh\u1eefng c\u1ea3i ti\u1ebfn m\u1edbi v\u1ec1 hi\u1ec7u su\u1ea5t v\u00e0 c\u00f4ng ngh\u1ec7, gi\u00fap ng\u01b0\u1eddi ch\u01a1i c\u00f3 nh\u1eefng c\u00fa putt ho\u00e0n h\u1ea3o nh\u1ea5t. Th\u00f4ng s\u1ed1 k\u1ef9 thu\u1eadt: Lo\u1ea1i Putter:\u00a0Mid Mallet Chi\u1ec1u d\u00e0i shaft ti\u00eau chu\u1ea9n:\u00a034 Inch Tr\u1ecdng l\u01b0\u1ee3ng \u0111\u1ea7u (Head Weight):\u00a0360g Lie:\u00a020 \u00b0 \u00b1 4 [...]","og_url":"https:\/\/lotusgolf.vn\/vi\/product\/gay-golf-putter-ping-ds-72\/","article_modified_time":"2022-10-20T09:44:15+00:00","og_image":[{"width":700,"height":700,"url":"https:\/\/lotusgolf.vn\/wp-content\/uploads\/2022\/10\/ds_72a.jpg","type":"image\/jpeg"}],"twitter_card":"summary_large_image","twitter_misc":{"\u01af\u1edbc t\u00ednh th\u1eddi gian \u0111\u1ecdc":"3 ph\u00fat"},"schema":{"@context":"https:\/\/schema.org","@graph":[{"@type":"WebSite","@id":"https:\/\/lotusgolf-b23998.ingress-bonde.ewp.live\/#website","url":"https:\/\/lotusgolf-b23998.ingress-bonde.ewp.live\/","name":"","description":"","potentialAction":[{"@type":"SearchAction","target":{"@type":"EntryPoint","urlTemplate":"https:\/\/lotusgolf-b23998.ingress-bonde.ewp.live\/?s={search_term_string}"},"query-input":"required name=search_term_string"}],"inLanguage":"vi"},{"@type":"ImageObject","inLanguage":"vi","@id":"https:\/\/lotusgolf.vn\/product\/gay-golf-putter-ping-ds-72\/#primaryimage","url":"https:\/\/lotusgolf.vn\/wp-content\/uploads\/2022\/10\/ds_72a.jpg","contentUrl":"https:\/\/lotusgolf.vn\/wp-content\/uploads\/2022\/10\/ds_72a.jpg","width":700,"height":700},{"@type":"WebPage","@id":"https:\/\/lotusgolf.vn\/product\/gay-golf-putter-ping-ds-72\/#webpage","url":"https:\/\/lotusgolf.vn\/product\/gay-golf-putter-ping-ds-72\/","name":"G\u1eady golf putter Ping DS 72 -","isPartOf":{"@id":"https:\/\/lotusgolf-b23998.ingress-bonde.ewp.live\/#website"},"primaryImageOfPage":{"@id":"https:\/\/lotusgolf.vn\/product\/gay-golf-putter-ping-ds-72\/#primaryimage"},"datePublished":"2022-10-20T09:44:14+00:00","dateModified":"2022-10-20T09:44:15+00:00","breadcrumb":{"@id":"https:\/\/lotusgolf.vn\/product\/gay-golf-putter-ping-ds-72\/#breadcrumb"},"inLanguage":"vi","potentialAction":[{"@type":"ReadAction","target":["https:\/\/lotusgolf.vn\/product\/gay-golf-putter-ping-ds-72\/"]}]},{"@type":"BreadcrumbList","@id":"https:\/\/lotusgolf.vn\/product\/gay-golf-putter-ping-ds-72\/#breadcrumb","itemListElement":[{"@type":"ListItem","position":1,"name":"Home","item":"https:\/\/lotusgolf.vn\/"},{"@type":"ListItem","position":2,"name":"Shop","item":"https:\/\/lotusgolf-b23998.ingress-bonde.ewp.live\/shop\/"},{"@type":"ListItem","position":3,"name":"G\u1eady golf putter Ping DS 72"}]}]}},"_links":{"self":[{"href":"https:\/\/lotusgolf.vn\/vi\/wp-json\/wp\/v2\/product\/2635","targetHints":{"allow":["GET"]}}],"collection":[{"href":"https:\/\/lotusgolf.vn\/vi\/wp-json\/wp\/v2\/product"}],"about":[{"href":"https:\/\/lotusgolf.vn\/vi\/wp-json\/wp\/v2\/types\/product"}],"replies":[{"embeddable":true,"href":"https:\/\/lotusgolf.vn\/vi\/wp-json\/wp\/v2\/comments?post=2635"}],"wp:featuredmedia":[{"embeddable":true,"href":"https:\/\/lotusgolf.vn\/vi\/wp-json\/wp\/v2\/media\/2636"}],"wp:attachment":[{"href":"https:\/\/lotusgolf.vn\/vi\/wp-json\/wp\/v2\/media?parent=2635"}],"wp:term":[{"taxonomy":"product_brand","embeddable":true,"href":"https:\/\/lotusgolf.vn\/vi\/wp-json\/wp\/v2\/product_brand?post=2635"},{"taxonomy":"product_cat","embeddable":true,"href":"https:\/\/lotusgolf.vn\/vi\/wp-json\/wp\/v2\/product_cat?post=2635"},{"taxonomy":"product_tag","embeddable":true,"href":"https:\/\/lotusgolf.vn\/vi\/wp-json\/wp\/v2\/product_tag?post=2635"}],"curies":[{"name":"wp","href":"https:\/\/api.w.org\/{rel}","templated":true}]}}