{"id":2658,"date":"2022-10-20T09:58:15","date_gmt":"2022-10-20T09:58:15","guid":{"rendered":"https:\/\/lotusgolf.vn\/?post_type=product&#038;p=2658"},"modified":"2022-10-20T09:58:16","modified_gmt":"2022-10-20T09:58:16","slug":"fullset-honma-tw747p-13-gay","status":"publish","type":"product","link":"https:\/\/lotusgolf.vn\/vi\/product\/fullset-honma-tw747p-13-gay","title":{"rendered":"Fullset Honma tw747P 13 g\u1eady\u00a0"},"content":{"rendered":"<p><span style=\"font-size: 120%;\"> Fullset Honma tw747 g\u1ed3m 13 g\u1eady\u00a0<\/span><br \/>\n<span style=\"font-size: 120%;\">\u26f3\ufe0fDriver c\u00e1n SR<\/span><br \/>\n<span style=\"font-size: 120%;\">\u26f3\ufe0fG\u1ed7 3- g\u1ed7 5 &#8211; rescue 4 c\u00e1n SR<\/span><br \/>\n<span style=\"font-size: 120%;\">\u26f3\ufe0fB\u1ed9 s\u1eaft g\u1ed3m 8 g\u1eady 5.6.7.8.9.10.K\u0129 thu\u1eadt 53-58 \u0111\u1ee7 m\u1ecdi kho\u1ea3ng c\u00e1ch c\u00e1n nspro 850 S<\/span><br \/>\n<span style=\"font-size: 120%;\">\u26f3\ufe0fPutter Honma Hp2008<\/span><\/p>\n<p><strong><span data-sheets-value=\"{&quot;1&quot;:2,&quot;2&quot;:&quot;g\u1eady golf fullset Honma Tour World 747&quot;}\" data-sheets-userformat=\"{&quot;2&quot;:769,&quot;3&quot;:{&quot;1&quot;:0},&quot;11&quot;:3,&quot;12&quot;:0}\"><a href=\"https:\/\/golfcity.com.vn\/gay-golf-fullset\" data-internallinksmanager029f6b8e52c=\"4\">G\u1eady golf fullset<\/a>\u00a0Honma Tour World 747<\/span>\u00a0l\u00e0 b\u1ed9 g\u1eady golf c\u00f3 kh\u1ea3 n\u0103ng ph\u00e1t b\u00f3ng v\u00e0 l\u00e0m ch\u1ee7 \u0111\u01b0\u1eddng \u0111i t\u1ed1t nh\u1ea5t hi\u1ec7n nay. C\u00f9ng t\u00ecm hi\u1ec3u nh\u1eefng n\u00e9t n\u1ed5i b\u1eadt trong thi\u1ebft k\u1ebf v\u00e0 c\u00f4ng ngh\u1ec7 c\u1ee7a d\u00f2ng g\u1eady tr\u00ean.<\/strong><\/p>\n<h3>Th\u00f4ng tin c\u01a1 b\u1ea3n b\u1ed9 g\u1eady Full Set Honma TW747<\/h3>\n<p><span data-sheets-value=\"{&quot;1&quot;:2,&quot;2&quot;:&quot;g\u1eady golf fullset Honma Tour World 747&quot;}\" data-sheets-userformat=\"{&quot;2&quot;:769,&quot;3&quot;:{&quot;1&quot;:0},&quot;11&quot;:3,&quot;12&quot;:0}\">B\u1ed9 g\u1eady golf fullset Honma Tour World 747 l\u00e0 b\u1ed9 g\u1eady cho kh\u1ea3 n\u0103ng \u0111\u00e1nh t\u1ed1t g\u1ea5p \u0111\u00f4i v\u1edbi nh\u1eefng phi\u00ean b\u1ea3n c\u0169. M\u1eb7t g\u1eady thi\u1ebft k\u1ebf cong gi\u00fap ng\u01b0\u1eddi \u0111em \u0111\u1ebfn cho ng\u01b0\u1eddi ch\u01a1i c\u1ea3m ch\u1eafc ch\u1eafn khi \u0111\u00e1nh b\u00f3ng.<\/span><\/p>\n<figure id=\"attachment_7599\" class=\"wp-caption aligncenter\" aria-describedby=\"caption-attachment-7599\"><img loading=\"lazy\" decoding=\"async\" class=\"wp-image-7599 size-full lazyloaded\" src=\"https:\/\/golfcity.com.vn\/wp-content\/uploads\/2020\/12\/Full-Set-Honma-TW747.jpg\" sizes=\"auto, (max-width: 800px) 100vw, 800px\" srcset=\"https:\/\/golfcity.com.vn\/wp-content\/uploads\/2020\/12\/Full-Set-Honma-TW747.jpg 800w, https:\/\/golfcity.com.vn\/wp-content\/uploads\/2020\/12\/Full-Set-Honma-TW747-445x445.jpg 445w, https:\/\/golfcity.com.vn\/wp-content\/uploads\/2020\/12\/Full-Set-Honma-TW747-768x768.jpg 768w, https:\/\/golfcity.com.vn\/wp-content\/uploads\/2020\/12\/Full-Set-Honma-TW747-65x65.jpg 65w, https:\/\/golfcity.com.vn\/wp-content\/uploads\/2020\/12\/Full-Set-Honma-TW747-150x150.jpg 150w, https:\/\/golfcity.com.vn\/wp-content\/uploads\/2020\/12\/Full-Set-Honma-TW747-300x300.jpg 300w, https:\/\/golfcity.com.vn\/wp-content\/uploads\/2020\/12\/Full-Set-Honma-TW747-100x100.jpg 100w\" alt=\"H\u00ecnh \u1ea3nh Full Set Honma TW747\" width=\"800\" height=\"800\" data-lazy-srcset=\"https:\/\/golfcity.com.vn\/wp-content\/uploads\/2020\/12\/Full-Set-Honma-TW747.jpg 800w, https:\/\/golfcity.com.vn\/wp-content\/uploads\/2020\/12\/Full-Set-Honma-TW747-445x445.jpg 445w, https:\/\/golfcity.com.vn\/wp-content\/uploads\/2020\/12\/Full-Set-Honma-TW747-768x768.jpg 768w, https:\/\/golfcity.com.vn\/wp-content\/uploads\/2020\/12\/Full-Set-Honma-TW747-65x65.jpg 65w, https:\/\/golfcity.com.vn\/wp-content\/uploads\/2020\/12\/Full-Set-Honma-TW747-150x150.jpg 150w, https:\/\/golfcity.com.vn\/wp-content\/uploads\/2020\/12\/Full-Set-Honma-TW747-300x300.jpg 300w, https:\/\/golfcity.com.vn\/wp-content\/uploads\/2020\/12\/Full-Set-Honma-TW747-100x100.jpg 100w\" data-lazy-sizes=\"(max-width: 800px) 100vw, 800px\" data-lazy-src=\"https:\/\/golfcity.com.vn\/wp-content\/uploads\/2020\/12\/Full-Set-Honma-TW747.jpg\" data-was-processed=\"true\" \/><figcaption id=\"caption-attachment-7599\" class=\"wp-caption-text\">H\u00ecnh \u1ea3nh Full Set Honma TW747<\/figcaption><\/figure>\n<p><strong>Th\u00f4ng s\u1ed1 k\u0129 thu\u1eadt c\u1ee7a b\u1ed9 Honma Tour World 747:<\/strong><\/p>\n<ul>\n<li>T\u00ean g\u1eady: Honma Tour World 747<\/li>\n<li>Th\u01b0\u01a1ng hi\u1ec7u: Honma<\/li>\n<li>B\u1ed9 g\u1eady bao g\u1ed3m c\u00e1c lo\u1ea1i g\u1eady: Driver, Fairway Woods, Hybrid, Irons v\u00e0 Putter<\/li>\n<li>C\u00e1n g\u1eady: Graphite VIZARD v\u00e0 NSPRO 950GH<\/li>\n<li>Flex: R\/ SR<\/li>\n<\/ul>\n<h3>Kh\u00e1m ph\u00e1 nh\u1eefng t\u00ednh n\u0103ng v\u01b0\u1ee3t tr\u1ed9i trong t\u1eebng lo\u1ea1i g\u1eady Honma TW747<\/h3>\n<p>Theo \u0111\u00e1nh gi\u00e1 c\u1ee7a c\u00e1c chuy\u00ean gia, m\u1ed7i c\u00e2y g\u1eady trong b\u1ed9 Full Set Honma TW747 l\u1ea1i s\u1edf h\u1eefu nh\u1eefng t\u00ednh n\u0103ng v\u00e0 \u0111i\u1ec3m n\u1ed5i tr\u1ed9i ri\u00eang.<\/p>\n<p><strong><a href=\"https:\/\/golfcity.com.vn\/gay-golf-driver\" data-internallinksmanager029f6b8e52c=\"2\">G\u1eady Driver<\/a><\/strong><\/p>\n<p>G\u1eady c\u00f3 hai phi\u00ean b\u1ea3n l\u00e0 455 v\u00e0 460 \u0111\u01b0\u1ee3c t\u00edch h\u1ee3p c\u00e1c c\u00f4ng ngh\u1ec7 n\u1ed5i b\u1eadt nh\u01b0:<\/p>\n<ul>\n<li>C\u00f4ng ngh\u1ec7 4-Fang: Mang l\u1ea1i s\u1ef1 \u1ed5n \u0111\u1ecbnh v\u00e0 kho\u1ea3ng c\u00e1ch xa h\u01a1n cho c\u00e1c golfer trong t\u1eebng c\u00fa \u0111\u00e1nh. \u0110\u1ed3ng th\u1eddi \u00e2m thanh vang v\u00e0 xa v\u00e0 kh\u1ea3 n\u0103ng \u0111\u00e1nh b\u00f3ng d\u1ec5 d\u00e0ng.<\/li>\n<li>C\u1ea5u tr\u00fac c\u1ee7a g\u1eady t\u01b0\u01a1ng \u0111\u1ed1i \u0111\u01a1n gi\u1ea3n v\u1edbi hai x\u01b0\u01a1ng s\u01b0\u1eddn \u1edf m\u1eb7t tr\u00ean v\u00e0 d\u01b0\u1edbi \u0111\u1ec3 n\u00e2ng cao \u0111\u1ed9 c\u1ee9ng quanh g\u1eady v\u00e0 t\u0103ng hi\u1ec7u su\u1ea5t c\u00fa \u0111\u00e1nh.<\/li>\n<li>H\u1ec7 th\u1ed1ng ROTATING: S\u1eed d\u1ee5ng m\u00f4-men xo\u1eafn \u0111i k\u00e8m v\u1edbi h\u1ec7 th\u1ed1ng Non-Rotating cho ph\u00e9p \u0111i\u1ec1u ch\u1ec9nh g\u00f3c lie angle (t\u1ed1i \u0111a + 2), loft angle (t\u1ed1i \u0111a \u00b1 1)) v\u00e0 face angle (t\u1ed1i \u0111a \u00b1 1,5 \u0111\u1ed9).<\/li>\n<\/ul>\n<div class=\"tab-content\">\n<div id=\"price-tab-content-honma-tw747-vizard-can-graphite\" class=\"tab-pane fade show active\" role=\"tabpanel\" aria-labelledby=\"price-tab-honma-tw747-vizard-can-graphite\">\n<div class=\"price-list-table\">\n<div class=\"price-header price-footer d-flex\">\n<div class=\"col col-total\"><strong style=\"color: #555555;\"><a href=\"https:\/\/golfcity.com.vn\/gay-golf-fairway\" data-internallinksmanager029f6b8e52c=\"3\">G\u1eady Fairway<\/a>\u00a0Woods<\/strong><\/div>\n<\/div>\n<\/div>\n<\/div>\n<\/div>\n<p>Phi\u00ean b\u1ea3n g\u1eady n\u00e0y g\u1ed3m g\u1eady g\u1ed7 3, 5 v\u00e0 7 v\u1edbi nh\u1eefng t\u00ednh n\u0103ng:<\/p>\n<ul>\n<li>Thi\u1ebft k\u1ebf n\u1ed5i b\u1eadt cho qu\u1ef9 \u0111\u1ea1o \u0111\u01b0\u1eddng b\u00f3ng cao v\u00e0 xa h\u01a1n khi ph\u1ea7n Crown l\u00e0m b\u1eb1ng Carbon, tr\u1ecdng t\u00e2m g\u1eady th\u1ea5p.<\/li>\n<li>Ri\u00eang g\u1eady g\u1ed7 5 v\u00e0 g\u1ed7 7 ph\u1ea7n crown kh\u00f4ng l\u00e0m b\u1eb1ng carbon, nh\u01b0ng n\u00f3 t\u1ea1o ra hi\u1ec7u su\u1ea5t t\u1ed1t nh\u1ea5t cho c\u00fa \u0111\u00e1nh g\u1ea7n Green nh\u1ea5t.<\/li>\n<\/ul>\n<div id=\"sticky-after-content\" class=\"sticky-after-content\"><\/div>\n<p><strong><a href=\"https:\/\/golfcity.com.vn\/gay-golf-hybrid\" data-internallinksmanager029f6b8e52c=\"6\">G\u1eady Hybrid<\/a><\/strong><\/p>\n<ul>\n<li>Ph\u1ea7n hosel thi\u1ebft k\u1ebf gi\u1ea3m 5mm so v\u1edbi m\u00f4 h\u00ecnh tr\u01b0\u1edbc \u0111\u00f3 cho c\u00fa \u0111\u00e1nh \u1ed5n \u0111\u1ecbnh h\u01a1n g\u1ea5p 2 l\u1ea7n so v\u1edbi phi\u00ean b\u1ea3n c\u0169.<\/li>\n<li>Tr\u1ecdng t\u00e2m CG s\u00e2u v\u00e0 th\u1ea5p v\u1edbi tr\u1ecdng s\u1ed1 n\u1ed9i b\u1ed9 \u0111\u01b0\u1ee3c c\u1ea3i thi\u1ec7n t\u1ed1c \u0111\u1ed9 swing c\u1ee7a golfer<\/li>\n<\/ul>\n<figure id=\"attachment_7600\" class=\"wp-caption aligncenter\" aria-describedby=\"caption-attachment-7600\"><img loading=\"lazy\" decoding=\"async\" class=\"wp-image-7600 size-full lazyloaded\" src=\"https:\/\/golfcity.com.vn\/wp-content\/uploads\/2020\/12\/Full-Set-Honma-TW7472.jpg\" sizes=\"auto, (max-width: 800px) 100vw, 800px\" srcset=\"https:\/\/golfcity.com.vn\/wp-content\/uploads\/2020\/12\/Full-Set-Honma-TW7472.jpg 800w, https:\/\/golfcity.com.vn\/wp-content\/uploads\/2020\/12\/Full-Set-Honma-TW7472-445x329.jpg 445w, https:\/\/golfcity.com.vn\/wp-content\/uploads\/2020\/12\/Full-Set-Honma-TW7472-768x567.jpg 768w, https:\/\/golfcity.com.vn\/wp-content\/uploads\/2020\/12\/Full-Set-Honma-TW7472-300x222.jpg 300w\" alt=\" Hosel thi\u1ebft k\u1ebf gi\u1ea3m 5mm so v\u1edbi c\u00e1c d\u00f2ng g\u1eady kh\u00e1c\" width=\"800\" height=\"591\" data-lazy-srcset=\"https:\/\/golfcity.com.vn\/wp-content\/uploads\/2020\/12\/Full-Set-Honma-TW7472.jpg 800w, https:\/\/golfcity.com.vn\/wp-content\/uploads\/2020\/12\/Full-Set-Honma-TW7472-445x329.jpg 445w, https:\/\/golfcity.com.vn\/wp-content\/uploads\/2020\/12\/Full-Set-Honma-TW7472-768x567.jpg 768w, https:\/\/golfcity.com.vn\/wp-content\/uploads\/2020\/12\/Full-Set-Honma-TW7472-300x222.jpg 300w\" data-lazy-sizes=\"(max-width: 800px) 100vw, 800px\" data-lazy-src=\"https:\/\/golfcity.com.vn\/wp-content\/uploads\/2020\/12\/Full-Set-Honma-TW7472.jpg\" data-was-processed=\"true\" \/><figcaption id=\"caption-attachment-7600\" class=\"wp-caption-text\">Hosel thi\u1ebft k\u1ebf gi\u1ea3m 5mm so v\u1edbi c\u00e1c d\u00f2ng g\u1eady kh\u00e1c<\/figcaption><\/figure>\n<p><strong>G\u1eady Irons<\/strong><\/p>\n<p>G\u1eady c\u00f3 hai phi\u00ean b\u1ea3n l\u00e0 g\u1eady TW747 \u200b\u200bP v\u00e0 TW747 \u200b\u200bVx bao g\u1ed3m 10 g\u1eady: #3 \u2013 # 11 \u2013 SW<\/p>\n<ul>\n<li>Tr\u1ecdng l\u01b0\u1ee3ng vonfram 20g \u0111\u01b0\u1ee3c \u0111\u1eb7t \u1edf ph\u1ea7n sole (# 4-10) gi\u00fap \u0111\u1ea1t \u0111\u01b0\u1ee3c \u0111\u1ed9 ch\u00ednh x\u00e1c nh\u1ea5t khi \u0111\u00e1nh b\u00f3ng v\u00e0o trung t\u00e2m m\u1eb7t g\u1eady.<\/li>\n<li>M\u1eb7t g\u1eady thi\u1ebft k\u1ebf cong gi\u00fap h\u1ea5p th\u1ee5 c\u00e1c rung \u0111\u1ed9ng kh\u00f4ng mong mu\u1ed1n \u0111\u1ec3 \u0111em \u0111\u1ebfn c\u1ea3m gi\u00e1c v\u00e0 \u00e2m thanh ch\u1eafc ch\u1eafn.<\/li>\n<\/ul>\n<p>Full Set Honma TW747 t\u1eeb khi ra m\u1eaft \u0111\u00e3 nh\u1eadn \u0111\u01b0\u1ee3c s\u1ef1 tin t\u01b0\u1edfng v\u00e0 \u01b0a chu\u1ed9ng t\u1eeb c\u00e1c golfer tr\u00ean to\u00e0n th\u1ebf gi\u1edbi<\/p>\n","protected":false},"excerpt":{"rendered":"<p>Fullset Honma tw747 g\u1ed3m 13 g\u1eady\u00a0 \u26f3\ufe0fDriver c\u00e1n SR \u26f3\ufe0fG\u1ed7 3- g\u1ed7 5 &#8211; rescue 4 c\u00e1n SR \u26f3\ufe0fB\u1ed9 s\u1eaft g\u1ed3m 8 g\u1eady 5.6.7.8.9.10.K\u0129 thu\u1eadt 53-58 \u0111\u1ee7 m\u1ecdi kho\u1ea3ng c\u00e1ch c\u00e1n nspro 850 S \u26f3\ufe0fPutter Honma Hp2008 G\u1eady golf fullset\u00a0Honma Tour World 747\u00a0l\u00e0 b\u1ed9 g\u1eady golf c\u00f3 kh\u1ea3 n\u0103ng ph\u00e1t b\u00f3ng v\u00e0 l\u00e0m ch\u1ee7 \u0111\u01b0\u1eddng [&#8230;]\n","protected":false},"featured_media":2659,"comment_status":"open","ping_status":"closed","template":"","meta":[],"product_brand":[],"product_cat":[91],"product_tag":[],"class_list":{"0":"post-2658","1":"product","2":"type-product","3":"status-publish","4":"has-post-thumbnail","6":"product_cat-fullset","8":"first","9":"instock","10":"shipping-taxable","11":"product-type-simple"},"yoast_head":"<!-- This site is optimized with the Yoast SEO plugin v19.0 - https:\/\/yoast.com\/wordpress\/plugins\/seo\/ -->\n<title>Fullset Honma tw747P 13 g\u1eady\u00a0 -<\/title>\n<meta name=\"robots\" content=\"index, follow, max-snippet:-1, max-image-preview:large, max-video-preview:-1\" \/>\n<link rel=\"canonical\" href=\"https:\/\/lotusgolf.vn\/vi\/product\/fullset-honma-tw747p-13-gay\/\" \/>\n<meta property=\"og:locale\" content=\"vi_VN\" \/>\n<meta property=\"og:type\" content=\"article\" \/>\n<meta property=\"og:title\" content=\"Fullset Honma tw747P 13 g\u1eady\u00a0 -\" \/>\n<meta property=\"og:description\" content=\"Fullset Honma tw747 g\u1ed3m 13 g\u1eady\u00a0 \u26f3\ufe0fDriver c\u00e1n SR \u26f3\ufe0fG\u1ed7 3- g\u1ed7 5 &#8211; rescue 4 c\u00e1n SR \u26f3\ufe0fB\u1ed9 s\u1eaft g\u1ed3m 8 g\u1eady 5.6.7.8.9.10.K\u0129 thu\u1eadt 53-58 \u0111\u1ee7 m\u1ecdi kho\u1ea3ng c\u00e1ch c\u00e1n nspro 850 S \u26f3\ufe0fPutter Honma Hp2008 G\u1eady golf fullset\u00a0Honma Tour World 747\u00a0l\u00e0 b\u1ed9 g\u1eady golf c\u00f3 kh\u1ea3 n\u0103ng ph\u00e1t b\u00f3ng v\u00e0 l\u00e0m ch\u1ee7 \u0111\u01b0\u1eddng [...]\" \/>\n<meta property=\"og:url\" content=\"https:\/\/lotusgolf.vn\/vi\/product\/fullset-honma-tw747p-13-gay\/\" \/>\n<meta property=\"article:modified_time\" content=\"2022-10-20T09:58:16+00:00\" \/>\n<meta property=\"og:image\" content=\"https:\/\/lotusgolf.vn\/wp-content\/uploads\/2022\/10\/z3815360202579_1b4a1387273ef961bec2185a0f806546.jpg\" \/>\n\t<meta property=\"og:image:width\" content=\"956\" \/>\n\t<meta property=\"og:image:height\" content=\"1276\" \/>\n\t<meta property=\"og:image:type\" content=\"image\/jpeg\" \/>\n<meta name=\"twitter:card\" content=\"summary_large_image\" \/>\n<meta name=\"twitter:label1\" content=\"\u01af\u1edbc t\u00ednh th\u1eddi gian \u0111\u1ecdc\" \/>\n\t<meta name=\"twitter:data1\" content=\"4 ph\u00fat\" \/>\n<script type=\"application\/ld+json\" class=\"yoast-schema-graph\">{\"@context\":\"https:\/\/schema.org\",\"@graph\":[{\"@type\":\"WebSite\",\"@id\":\"https:\/\/lotusgolf-b23998.ingress-bonde.ewp.live\/#website\",\"url\":\"https:\/\/lotusgolf-b23998.ingress-bonde.ewp.live\/\",\"name\":\"\",\"description\":\"\",\"potentialAction\":[{\"@type\":\"SearchAction\",\"target\":{\"@type\":\"EntryPoint\",\"urlTemplate\":\"https:\/\/lotusgolf-b23998.ingress-bonde.ewp.live\/?s={search_term_string}\"},\"query-input\":\"required name=search_term_string\"}],\"inLanguage\":\"vi\"},{\"@type\":\"ImageObject\",\"inLanguage\":\"vi\",\"@id\":\"https:\/\/lotusgolf.vn\/product\/fullset-honma-tw747p-13-gay\/#primaryimage\",\"url\":\"https:\/\/lotusgolf.vn\/wp-content\/uploads\/2022\/10\/z3815360202579_1b4a1387273ef961bec2185a0f806546.jpg\",\"contentUrl\":\"https:\/\/lotusgolf.vn\/wp-content\/uploads\/2022\/10\/z3815360202579_1b4a1387273ef961bec2185a0f806546.jpg\",\"width\":956,\"height\":1276},{\"@type\":\"WebPage\",\"@id\":\"https:\/\/lotusgolf.vn\/product\/fullset-honma-tw747p-13-gay\/#webpage\",\"url\":\"https:\/\/lotusgolf.vn\/product\/fullset-honma-tw747p-13-gay\/\",\"name\":\"Fullset Honma tw747P 13 g\u1eady\u00a0 -\",\"isPartOf\":{\"@id\":\"https:\/\/lotusgolf-b23998.ingress-bonde.ewp.live\/#website\"},\"primaryImageOfPage\":{\"@id\":\"https:\/\/lotusgolf.vn\/product\/fullset-honma-tw747p-13-gay\/#primaryimage\"},\"datePublished\":\"2022-10-20T09:58:15+00:00\",\"dateModified\":\"2022-10-20T09:58:16+00:00\",\"breadcrumb\":{\"@id\":\"https:\/\/lotusgolf.vn\/product\/fullset-honma-tw747p-13-gay\/#breadcrumb\"},\"inLanguage\":\"vi\",\"potentialAction\":[{\"@type\":\"ReadAction\",\"target\":[\"https:\/\/lotusgolf.vn\/product\/fullset-honma-tw747p-13-gay\/\"]}]},{\"@type\":\"BreadcrumbList\",\"@id\":\"https:\/\/lotusgolf.vn\/product\/fullset-honma-tw747p-13-gay\/#breadcrumb\",\"itemListElement\":[{\"@type\":\"ListItem\",\"position\":1,\"name\":\"Home\",\"item\":\"https:\/\/lotusgolf.vn\/\"},{\"@type\":\"ListItem\",\"position\":2,\"name\":\"Shop\",\"item\":\"https:\/\/lotusgolf-b23998.ingress-bonde.ewp.live\/shop\/\"},{\"@type\":\"ListItem\",\"position\":3,\"name\":\"Fullset Honma tw747P 13 g\u1eady\u00a0\"}]}]}<\/script>\n<!-- \/ Yoast SEO plugin. -->","yoast_head_json":{"title":"Fullset Honma tw747P 13 g\u1eady\u00a0 -","robots":{"index":"index","follow":"follow","max-snippet":"max-snippet:-1","max-image-preview":"max-image-preview:large","max-video-preview":"max-video-preview:-1"},"canonical":"https:\/\/lotusgolf.vn\/vi\/product\/fullset-honma-tw747p-13-gay\/","og_locale":"vi_VN","og_type":"article","og_title":"Fullset Honma tw747P 13 g\u1eady\u00a0 -","og_description":"Fullset Honma tw747 g\u1ed3m 13 g\u1eady\u00a0 \u26f3\ufe0fDriver c\u00e1n SR \u26f3\ufe0fG\u1ed7 3- g\u1ed7 5 &#8211; rescue 4 c\u00e1n SR \u26f3\ufe0fB\u1ed9 s\u1eaft g\u1ed3m 8 g\u1eady 5.6.7.8.9.10.K\u0129 thu\u1eadt 53-58 \u0111\u1ee7 m\u1ecdi kho\u1ea3ng c\u00e1ch c\u00e1n nspro 850 S \u26f3\ufe0fPutter Honma Hp2008 G\u1eady golf fullset\u00a0Honma Tour World 747\u00a0l\u00e0 b\u1ed9 g\u1eady golf c\u00f3 kh\u1ea3 n\u0103ng ph\u00e1t b\u00f3ng v\u00e0 l\u00e0m ch\u1ee7 \u0111\u01b0\u1eddng [...]","og_url":"https:\/\/lotusgolf.vn\/vi\/product\/fullset-honma-tw747p-13-gay\/","article_modified_time":"2022-10-20T09:58:16+00:00","og_image":[{"width":956,"height":1276,"url":"https:\/\/lotusgolf.vn\/wp-content\/uploads\/2022\/10\/z3815360202579_1b4a1387273ef961bec2185a0f806546.jpg","type":"image\/jpeg"}],"twitter_card":"summary_large_image","twitter_misc":{"\u01af\u1edbc t\u00ednh th\u1eddi gian \u0111\u1ecdc":"4 ph\u00fat"},"schema":{"@context":"https:\/\/schema.org","@graph":[{"@type":"WebSite","@id":"https:\/\/lotusgolf-b23998.ingress-bonde.ewp.live\/#website","url":"https:\/\/lotusgolf-b23998.ingress-bonde.ewp.live\/","name":"","description":"","potentialAction":[{"@type":"SearchAction","target":{"@type":"EntryPoint","urlTemplate":"https:\/\/lotusgolf-b23998.ingress-bonde.ewp.live\/?s={search_term_string}"},"query-input":"required name=search_term_string"}],"inLanguage":"vi"},{"@type":"ImageObject","inLanguage":"vi","@id":"https:\/\/lotusgolf.vn\/product\/fullset-honma-tw747p-13-gay\/#primaryimage","url":"https:\/\/lotusgolf.vn\/wp-content\/uploads\/2022\/10\/z3815360202579_1b4a1387273ef961bec2185a0f806546.jpg","contentUrl":"https:\/\/lotusgolf.vn\/wp-content\/uploads\/2022\/10\/z3815360202579_1b4a1387273ef961bec2185a0f806546.jpg","width":956,"height":1276},{"@type":"WebPage","@id":"https:\/\/lotusgolf.vn\/product\/fullset-honma-tw747p-13-gay\/#webpage","url":"https:\/\/lotusgolf.vn\/product\/fullset-honma-tw747p-13-gay\/","name":"Fullset Honma tw747P 13 g\u1eady\u00a0 -","isPartOf":{"@id":"https:\/\/lotusgolf-b23998.ingress-bonde.ewp.live\/#website"},"primaryImageOfPage":{"@id":"https:\/\/lotusgolf.vn\/product\/fullset-honma-tw747p-13-gay\/#primaryimage"},"datePublished":"2022-10-20T09:58:15+00:00","dateModified":"2022-10-20T09:58:16+00:00","breadcrumb":{"@id":"https:\/\/lotusgolf.vn\/product\/fullset-honma-tw747p-13-gay\/#breadcrumb"},"inLanguage":"vi","potentialAction":[{"@type":"ReadAction","target":["https:\/\/lotusgolf.vn\/product\/fullset-honma-tw747p-13-gay\/"]}]},{"@type":"BreadcrumbList","@id":"https:\/\/lotusgolf.vn\/product\/fullset-honma-tw747p-13-gay\/#breadcrumb","itemListElement":[{"@type":"ListItem","position":1,"name":"Home","item":"https:\/\/lotusgolf.vn\/"},{"@type":"ListItem","position":2,"name":"Shop","item":"https:\/\/lotusgolf-b23998.ingress-bonde.ewp.live\/shop\/"},{"@type":"ListItem","position":3,"name":"Fullset Honma tw747P 13 g\u1eady\u00a0"}]}]}},"_links":{"self":[{"href":"https:\/\/lotusgolf.vn\/vi\/wp-json\/wp\/v2\/product\/2658","targetHints":{"allow":["GET"]}}],"collection":[{"href":"https:\/\/lotusgolf.vn\/vi\/wp-json\/wp\/v2\/product"}],"about":[{"href":"https:\/\/lotusgolf.vn\/vi\/wp-json\/wp\/v2\/types\/product"}],"replies":[{"embeddable":true,"href":"https:\/\/lotusgolf.vn\/vi\/wp-json\/wp\/v2\/comments?post=2658"}],"wp:featuredmedia":[{"embeddable":true,"href":"https:\/\/lotusgolf.vn\/vi\/wp-json\/wp\/v2\/media\/2659"}],"wp:attachment":[{"href":"https:\/\/lotusgolf.vn\/vi\/wp-json\/wp\/v2\/media?parent=2658"}],"wp:term":[{"taxonomy":"product_brand","embeddable":true,"href":"https:\/\/lotusgolf.vn\/vi\/wp-json\/wp\/v2\/product_brand?post=2658"},{"taxonomy":"product_cat","embeddable":true,"href":"https:\/\/lotusgolf.vn\/vi\/wp-json\/wp\/v2\/product_cat?post=2658"},{"taxonomy":"product_tag","embeddable":true,"href":"https:\/\/lotusgolf.vn\/vi\/wp-json\/wp\/v2\/product_tag?post=2658"}],"curies":[{"name":"wp","href":"https:\/\/api.w.org\/{rel}","templated":true}]}}