{"id":2714,"date":"2022-10-20T10:32:06","date_gmt":"2022-10-20T10:32:06","guid":{"rendered":"https:\/\/lotusgolf.vn\/?post_type=product&#038;p=2714"},"modified":"2025-07-03T16:58:55","modified_gmt":"2025-07-03T16:58:55","slug":"bo-gay-fullset-xxio-mp1100-can-r-sr-s","status":"publish","type":"product","link":"https:\/\/lotusgolf.vn\/vi\/product\/bo-gay-fullset-xxio-mp1100-can-r-sr-s","title":{"rendered":"B\u1ed9 g\u1eady fullset XXIO MP1100 c\u00e1n R\/SR\/S"},"content":{"rendered":"<p>\u26f3\ufe0fFullset xxio mp1100 g\u1ed3m 12g\u1eady<br \/>\n\ud83c\udf1fDriver 10.5 \u0111\u1ed9<br \/>\n\u2b50\ufe0fG\u1ed7 5<br \/>\n\ud83c\udf1fH5-H6<br \/>\n\ud83c\udf1fB\u1ed9 s\u1eaft 7 g\u1eady 6.7.8.9.p.a.s<br \/>\n\ud83c\udf1fPutter Xxio<br \/>\n\ud83c\udf1fC\u00e1n R<\/p>\n<p><strong>B\u1ed9 g\u1eady fullset XXIO MP1100 ra m\u1eaft th\u1ecb tr\u01b0\u1eddng v\u00e0o \u0111\u1ea7u n\u0103m 2020. Ngay khi ra m\u1eaft c\u00f4ng ch\u00fang, b\u1ed9 g\u1eady n\u00e0y \u0111\u00e3 \u0111\u01b0\u1ee3c gi\u1edbi Golfer \u0111\u00e1nh gi\u00e1 r\u1ea5t cao b\u1edfi c\u00f4ng ngh\u1ec7 \u0111\u1ed9c \u0111\u00e1o v\u00e0 ngo\u1ea1i h\u00ecnh thi\u1ebft k\u1ebf \u0111\u1eb7c s\u1eafc. H\u00e3y c\u00f9ng t\u00ecm hi\u1ec3u nh\u1eefng \u0111\u1eb7c t\u00ednh n\u1ed5i b\u1eadt v\u00e0 b\u1ea3ng gi\u00e1 c\u1ee7a t\u1eebng lo\u1ea1i\u00a0<a href=\"https:\/\/golfcity.com.vn\/gay-golf-driver\" data-internallinksmanager029f6b8e52c=\"2\">g\u1eady driver<\/a>, Fairway,\u00a0<a href=\"https:\/\/golfcity.com.vn\/gay-golf-sat-iron-sets\" data-internallinksmanager029f6b8e52c=\"5\">g\u1eady s\u1eaft<\/a>\u00a0trong\u00a0<a href=\"https:\/\/golfcity.com.vn\/gay-golf-fullset\" data-internallinksmanager029f6b8e52c=\"4\">b\u1ed9 g\u1eady golf<\/a>\u00a0n\u1ed5i ti\u1ebfng n\u00e0y.<\/strong><\/p>\n<h3>Driver XXIO MP1100 \u2013 Hi\u1ec7u su\u1ea5t \u0111\u00e1nh b\u00f3ng th\u1eb3ng v\u00e0 xa.<\/h3>\n<p>\u0110i\u1ec3m \u1ea5n t\u01b0\u1ee3ng \u0111\u1ea7u ti\u00ean v\u1ec1 XXIO MP 1100 l\u00e0 ti\u1ebfng vang c\u1ee7a b\u00f3ng \u0111\u1ea7y cu\u1ed1n h\u00fat v\u00e0 g\u00e2y nghi\u1ec7n, \u00e2m thanh n\u00e0y kh\u00e1c ho\u00e0n to\u00e0n so v\u1edbi c\u00e1c model tr\u01b0\u1edbc \u0111\u00f3.<\/p>\n<p><strong>Th\u00f4ng s\u1ed1 k\u1ef9 thu\u1eadt:<\/strong><\/p>\n<ul>\n<li>T\u00ean g\u1eady: Driver XXIO MP1100.<\/li>\n<li>Shaft: S, SR, R.<\/li>\n<li>Shaft Weight: 42, 40, 37.<\/li>\n<\/ul>\n<p>&nbsp;<\/p>\n<figure id=\"attachment_7369\" class=\"wp-caption aligncenter\" aria-describedby=\"caption-attachment-7369\"><img loading=\"lazy\" decoding=\"async\" class=\"wp-image-7369 size-full lazyloaded\" src=\"https:\/\/golfcity.com.vn\/wp-content\/uploads\/2020\/12\/full-set-xxio-mp1100.jpg\" sizes=\"auto, (max-width: 800px) 100vw, 800px\" srcset=\"https:\/\/golfcity.com.vn\/wp-content\/uploads\/2020\/12\/full-set-xxio-mp1100.jpg 800w, https:\/\/golfcity.com.vn\/wp-content\/uploads\/2020\/12\/full-set-xxio-mp1100-445x445.jpg 445w, https:\/\/golfcity.com.vn\/wp-content\/uploads\/2020\/12\/full-set-xxio-mp1100-768x768.jpg 768w, https:\/\/golfcity.com.vn\/wp-content\/uploads\/2020\/12\/full-set-xxio-mp1100-65x65.jpg 65w, https:\/\/golfcity.com.vn\/wp-content\/uploads\/2020\/12\/full-set-xxio-mp1100-150x150.jpg 150w, https:\/\/golfcity.com.vn\/wp-content\/uploads\/2020\/12\/full-set-xxio-mp1100-300x300.jpg 300w, https:\/\/golfcity.com.vn\/wp-content\/uploads\/2020\/12\/full-set-xxio-mp1100-100x100.jpg 100w\" alt=\"H\u00ecnh \u1ea3nh g\u1eady golf Driver XXIO MP1100\" width=\"800\" height=\"800\" data-lazy-srcset=\"https:\/\/golfcity.com.vn\/wp-content\/uploads\/2020\/12\/full-set-xxio-mp1100.jpg 800w, https:\/\/golfcity.com.vn\/wp-content\/uploads\/2020\/12\/full-set-xxio-mp1100-445x445.jpg 445w, https:\/\/golfcity.com.vn\/wp-content\/uploads\/2020\/12\/full-set-xxio-mp1100-768x768.jpg 768w, https:\/\/golfcity.com.vn\/wp-content\/uploads\/2020\/12\/full-set-xxio-mp1100-65x65.jpg 65w, https:\/\/golfcity.com.vn\/wp-content\/uploads\/2020\/12\/full-set-xxio-mp1100-150x150.jpg 150w, https:\/\/golfcity.com.vn\/wp-content\/uploads\/2020\/12\/full-set-xxio-mp1100-300x300.jpg 300w, https:\/\/golfcity.com.vn\/wp-content\/uploads\/2020\/12\/full-set-xxio-mp1100-100x100.jpg 100w\" data-lazy-sizes=\"(max-width: 800px) 100vw, 800px\" data-lazy-src=\"https:\/\/golfcity.com.vn\/wp-content\/uploads\/2020\/12\/full-set-xxio-mp1100.jpg\" data-was-processed=\"true\" \/><figcaption id=\"caption-attachment-7369\" class=\"wp-caption-text\">H\u00ecnh \u1ea3nh g\u1eady golf Driver XXIO MP1100<\/figcaption><\/figure>\n<p><strong>\u0110i\u1ec3m n\u1ed5i b\u1eadt<\/strong><\/p>\n<p>Kh\u00f4ng ch\u1ec9 c\u00f3 \u0111i\u1ec3m m\u1ea1nh v\u1ec1 thi\u1ebft k\u1ebf,<strong>\u00a0<a href=\"https:\/\/golfcity.com.vn\/p\/bo-gay-sat-xxio-mp1000-lady\" target=\"_blank\" rel=\"noopener\">XXIO MP100<\/a><\/strong>\u00a0c\u00f2n g\u00e2y \u1ea5n t\u01b0\u1ee3ng v\u1edbi ng\u01b0\u1eddi d\u00f9ng b\u1edfi nh\u1eefng c\u00f4ng ngh\u1ec7 \u0111\u1ec9nh cao, g\u00f3p ph\u1ea7n mang l\u1ea1i hi\u1ec7u su\u1ea5t c\u00fa \u0111\u00e1nh. C\u1ee5 th\u1ec3:<\/p>\n<ul>\n<li><strong>C\u00f4ng ngh\u1ec7 bay Dunlop:<\/strong>\u00a0C\u00f4ng ngh\u1ec7 n\u00e0y \u0111\u01b0\u1ee3c \u1ee9ng d\u1ee5ng g\u00f3p ph\u1ea7n mang \u0111\u1ebfn s\u1ef1 c\u1ea3i thi\u1ec7n swing r\u00f5 r\u1ec7t, t\u1eeb \u0111\u00f3 h\u1ed7 tr\u1ee3 gi\u1ea3m handicap nhanh ch\u00f3ng, \u0111em \u0111\u1ebfn kh\u1ea3 n\u0103ng \u0111\u00e1nh xa v\u00e0 t\u1ed1t h\u01a1n trong c\u00e1c Model tr\u01b0\u1edbc c\u1ee7a XXIO.<\/li>\n<li><strong>C\u00f4ng ngh\u1ec7 Weight Plus Technology:<\/strong>\u00a0Th\u01b0\u01a1ng hi\u1ec7u n\u00e0y s\u1eed d\u1ee5ng thi\u1ebft k\u1ebf t\u1eadp trung tr\u1ecdng l\u01b0\u1ee3ng \u1edf tay c\u1ea7m nh\u1eb1m gi\u1ea3m b\u1edbt tr\u1ecdng l\u01b0\u1ee3ng d\u1ed3n v\u1ec1 \u0111\u1ea7u g\u1eady. T\u1eeb \u0111\u00f3 h\u1ed7 tr\u1ee3 qu\u00e1 tr\u00ecnh swing \u0111\u01b0\u1ee3c tr\u00f2n v\u00e0 c\u00f3 l\u1ef1c \u0111\u00e1nh t\u1ed1t h\u01a1n.<\/li>\n<li><strong>C\u00f4ng ngh\u1ec7 m\u1eb7t g\u1eady Flat Cup Face:<\/strong>\u00a0V\u1edbi c\u1ea5u tr\u00fac ph\u1eb3ng Flat Cup, Driver XXIO MP1100 gi\u00fap ph\u1ea7n \u0111i\u1ec3m ng\u1ecdt \u0111\u01b0\u1ee3c m\u1edf r\u1ed9ng \u0111\u1ed3ng th\u1eddi t\u0103ng tr\u1ecdng t\u00e2m m\u1eb7t l\u1edbn l\u00ean \u0111\u1ebfn 72% so v\u1edbi model tr\u01b0\u1edbc, gi\u00fap n\u00e2ng cao t\u1ed1c \u0111\u1ed9 bay c\u1ee7a \u0111\u1ea7u g\u1eady.<\/li>\n<li><strong>C\u1ea5u tr\u00fac thi\u1ebft k\u1ebf khung ng\u00f4i sao:<\/strong>\u00a0C\u00f4ng ngh\u1ec7 thi\u1ebft k\u1ebf khung \u0111\u1ea7u g\u1eady theo h\u00ecnh ng\u00f4i sao mang l\u1ea1i cho XXIO MP 1100 m\u1ed9t c\u1ea5u tr\u00fac b\u1ec1n v\u1eefng, t\u1ea1o s\u1ef1 di chuy\u1ec3n \u0111\u00e0n h\u1ed3i v\u00e0 linh ho\u1ea1t. \u0110\u01b0\u1ee3c bi\u1ebft c\u00f4ng ngh\u1ec7 \u0111\u1ed9c quy\u1ec1n n\u00e0y c\u00f3 kh\u1ea3 n\u0103ng gi\u00fap golfer \u0111\u00e1nh ch\u00ednh x\u00e1c v\u00e0 xa h\u01a1n nhi\u1ec1u.<\/li>\n<li><strong>K\u1ebft c\u1ea5u Carbon t\u1ed5ng h\u1ee3p:<\/strong> V\u1edbi vi\u1ec7c s\u1eed d\u1ee5ng Carbon t\u1ed5ng h\u1ee3p trong thi\u1ebft k\u1ebf, nh\u00e0 s\u1ea3n xu\u1ea5t \u0111\u00e3 g\u00f3p ph\u1ea7n gi\u00fap \u0111\u1ea7u g\u1eady \u0111\u01b0\u1ee3c nh\u1eb9 h\u01a1n k\u1ebft h\u1ee3p v\u1edbi ph\u1ea7n tr\u1ecdng l\u01b0\u1ee3ng th\u1ea5p \u1edf ph\u1ea7n \u0111\u1ebf \u0111\u1ec3 t\u0103ng MOI l\u00ean \u0111\u00e1ng k\u1ec3<\/li>\n<\/ul>\n<div class=\"tab-content\">\n<div id=\"price-tab-content-xxio-mp1100-can-steel\" class=\"tab-pane fade show active\" role=\"tabpanel\" aria-labelledby=\"price-tab-xxio-mp1100-can-steel\">\n<div class=\"price-list-table\"><\/div>\n<\/div>\n<\/div>\n<h3>G\u1eady Fairway XXIO MP1100- T\u1ea1o c\u1ea3m gi\u00e1c \u0111\u00e1nh d\u1ec5 v\u00e0 ch\u00e2n th\u1ef1c<\/h3>\n<p>Fairway XXIO MP1100 l\u00e0 phi\u00ean b\u1ea3n th\u1ebf h\u1ec7 th\u1ee9 11 c\u1ee7a XXIO, \u0111\u01b0\u1ee3c ph\u00e1t tri\u1ec3n t\u1eeb phi\u00ean b\u1ea3n\u00a0<a href=\"https:\/\/golfcity.com.vn\/p\/bo-gay-fullset-xxio-mp1000\" target=\"_blank\" rel=\"noopener\"><strong>g\u1eady golf XXIO MP1000<\/strong><\/a>. C\u00e2y g\u1eady n\u00e0y s\u1edf h\u1eefu nhi\u1ec1u t\u00ednh n\u0103ng n\u1ed5i tr\u1ed9i, khi\u1ebfn c\u00e1c golfer kh\u00f4ng th\u1ec3 r\u1eddi m\u1eaft. C\u1ee5 th\u1ec3 c\u00e1c th\u00f4ng s\u1ed1 k\u1ef9 thu\u1eadt v\u00e0 t\u00ednh n\u0103ng c\u1ee7a Fairway XXIO MP1100 g\u1ed3m.<\/p>\n<p><strong>Th\u00f4ng s\u1ed1 k\u1ef9 thu\u1eadt<\/strong><\/p>\n<ul>\n<li>Chi\u1ec1u d\u00e0i c\u1ee7a g\u1eady l\u00e0 3,5,7 t\u01b0\u01a1ng \u1ee9ng 43.25, 42.25, 41.75 (inch).<\/li>\n<li>G\u00f3c loft: 15\u00b0, 18\u00b0, 20\u00b0<\/li>\n<li>Lo\u1ea1i c\u00e1n : XXIO MP1100 Fairway s\u1edf h\u1eefu lo\u1ea1i c\u00e1n 3,5,7<\/li>\n<li>\u0110\u1ed9 c\u1ee9ng c\u1ee7a g\u1eady : R, SR, S<\/li>\n<\/ul>\n<figure id=\"attachment_7373\" class=\"wp-caption aligncenter\" aria-describedby=\"caption-attachment-7373\"><img loading=\"lazy\" decoding=\"async\" class=\"wp-image-7373 size-full lazyloaded\" src=\"https:\/\/golfcity.com.vn\/wp-content\/uploads\/2020\/12\/full-set-xxio-mp11002.jpg\" sizes=\"auto, (max-width: 800px) 100vw, 800px\" srcset=\"https:\/\/golfcity.com.vn\/wp-content\/uploads\/2020\/12\/full-set-xxio-mp11002.jpg 800w, https:\/\/golfcity.com.vn\/wp-content\/uploads\/2020\/12\/full-set-xxio-mp11002-445x396.jpg 445w, https:\/\/golfcity.com.vn\/wp-content\/uploads\/2020\/12\/full-set-xxio-mp11002-768x684.jpg 768w, https:\/\/golfcity.com.vn\/wp-content\/uploads\/2020\/12\/full-set-xxio-mp11002-300x267.jpg 300w\" alt=\"H\u00ecnh \u1ea3nh g\u1eady Fairway Full Set XXIO MP1100\" width=\"800\" height=\"712\" data-lazy-srcset=\"https:\/\/golfcity.com.vn\/wp-content\/uploads\/2020\/12\/full-set-xxio-mp11002.jpg 800w, https:\/\/golfcity.com.vn\/wp-content\/uploads\/2020\/12\/full-set-xxio-mp11002-445x396.jpg 445w, https:\/\/golfcity.com.vn\/wp-content\/uploads\/2020\/12\/full-set-xxio-mp11002-768x684.jpg 768w, https:\/\/golfcity.com.vn\/wp-content\/uploads\/2020\/12\/full-set-xxio-mp11002-300x267.jpg 300w\" data-lazy-sizes=\"(max-width: 800px) 100vw, 800px\" data-lazy-src=\"https:\/\/golfcity.com.vn\/wp-content\/uploads\/2020\/12\/full-set-xxio-mp11002.jpg\" data-was-processed=\"true\" \/><figcaption id=\"caption-attachment-7373\" class=\"wp-caption-text\">H\u00ecnh \u1ea3nh\u00a0<a href=\"https:\/\/golfcity.com.vn\/gay-golf-fairway\" data-internallinksmanager029f6b8e52c=\"3\">g\u1eady Fairway<\/a>\u00a0XXIO MP1100<\/figcaption><\/figure>\n<p><strong>T\u00ednh n\u0103ng n\u1ed5i tr\u1ed9i<\/strong>\u00ean c\u1ea1nh v\u1ebb ngo\u00e0i b\u1eaft m\u1eaft v\u1edbi nh\u1eefng \u0111\u01b0\u1eddng n\u00e9t tinh sao, XXIO MP1100 c\u00f2n g\u00e2y \u1ea5n t\u01b0\u1ee3ng v\u1edbi c\u00e1c golfer b\u1edfi nh\u1eefng c\u00f4ng ngh\u1ec7 sau \u0111\u00e2y:<\/p>\n<ul>\n<li>C\u00e2y g\u1eady s\u1edf h\u1eefu ph\u1ea7n Sole si\u00eau m\u1ecfng c\u00f9ng ph\u1ea7n kh\u1edbp t\u1ea1i \u0111\u1ebf \u0111\u01b0\u1ee3c m\u1edf r\u1ed9ng th\u00eam 2mm, gi\u00fap ph\u1ea7n t\u0103ng \u0111\u1ed9 \u0111\u00e0n h\u1ed3i v\u00e0 hi\u1ec7u su\u1ea5t c\u00fa \u0111\u00e1nh l\u00ean g\u1ea5p nhi\u1ec1u l\u1ea7n so v\u1edbi phi\u00ean b\u1ea3n tr\u01b0\u1edbc.<\/li>\n<li><a href=\"https:\/\/golfcity.com.vn\/gay-golf-hybrid\" data-internallinksmanager029f6b8e52c=\"6\">G\u1eady Hybrid<\/a>\u00a0c\u1ee7a XXIO MP 1100 nh\u1eadn \u0111\u01b0\u1ee3c s\u1ef1 \u0111\u00e1nh gi\u00e1 r\u1ea5t cao c\u1ee7a c\u00e1c golfer h\u00e0ng \u0111\u1ea7u Nh\u1eadt B\u1ea3n b\u1edfi kh\u1ea3 n\u0103ng t\u1ed1i \u01b0u h\u00f3a d\u00e0nh cho ng\u01b0\u1eddi m\u1edbi ch\u01a1i.<\/li>\n<li>C\u00e2y n\u00e0y n\u00e0y c\u00f3 di\u1ec7n t\u00edch \u0111i\u1ec3m ng\u1ecdt \u0111\u01b0\u1ee3c t\u0103ng 267% so v\u1edbi model c\u0169, gi\u00fap \u0111em l\u1ea1i c\u1ea3m gi\u00e1c \u0111\u00e1nh tho\u1ea3i m\u00e1i v\u00e0 nh\u1eb9 nh\u00e0ng nh\u1ea5t c\u1ee7a ng\u01b0\u1eddi ch\u01a1i.<\/li>\n<\/ul>\n<h3>B\u1ed9 s\u1eaft XXIO MP1100 \u2013 C\u00f4ng ngh\u1ec7 \u0111\u1ed9t ph\u00e1 Twin Groove<\/h3>\n<p>G\u1eady golf Iron Set XXIO MP 1100 \u0111\u01b0\u1ee3c thi\u1ebft k\u1ebf theo ki\u1ec3u d\u00e1ng m\u1edbi nh\u1ea5t c\u1ee7a XXIO. Ngay khi ra \u0111\u1eddi b\u1ed9 g\u1eady n\u00e0y \u0111\u00e3 \u0111\u01b0\u1ee3c \u0111\u00e1nh gi\u00e1 r\u1ea5t cao v\u1ec1 ki\u1ec3u d\u00e1ng v\u00e0 c\u00f4ng ngh\u1ec7.<\/p>\n<p><strong>Th\u00f4ng s\u1ed1 k\u1ef9 thu\u1eadt<\/strong><\/p>\n<ul>\n<li>T\u00ean s\u1ea3n ph\u1ea9m: Iron Set XXIO MP 1100<\/li>\n<li>Ch\u1ea5t li\u1ec7u c\u1ee7a c\u00e1n: Graphite<\/li>\n<li>Flex (\u0111\u1ed9 c\u1ee9ng): R; S; SR<\/li>\n<li>S\u1ed1 l\u01b0\u1ee3ng g\u1eady: 8 g\u1eady g\u1ed3m #5 \u2013 #6 \u2013 #7 \u2013 #8 -#9 \u2013 #AW \u2013 #SW \u2013 #PW<\/li>\n<\/ul>\n<figure id=\"attachment_7374\" class=\"wp-caption aligncenter\" aria-describedby=\"caption-attachment-7374\"><img loading=\"lazy\" decoding=\"async\" class=\"wp-image-7374 size-full lazyloaded\" src=\"https:\/\/golfcity.com.vn\/wp-content\/uploads\/2020\/12\/full-set-xxio-mp11003.jpg\" sizes=\"auto, (max-width: 800px) 100vw, 800px\" srcset=\"https:\/\/golfcity.com.vn\/wp-content\/uploads\/2020\/12\/full-set-xxio-mp11003.jpg 800w, https:\/\/golfcity.com.vn\/wp-content\/uploads\/2020\/12\/full-set-xxio-mp11003-445x445.jpg 445w, https:\/\/golfcity.com.vn\/wp-content\/uploads\/2020\/12\/full-set-xxio-mp11003-768x768.jpg 768w, https:\/\/golfcity.com.vn\/wp-content\/uploads\/2020\/12\/full-set-xxio-mp11003-65x65.jpg 65w, https:\/\/golfcity.com.vn\/wp-content\/uploads\/2020\/12\/full-set-xxio-mp11003-150x150.jpg 150w, https:\/\/golfcity.com.vn\/wp-content\/uploads\/2020\/12\/full-set-xxio-mp11003-300x300.jpg 300w, https:\/\/golfcity.com.vn\/wp-content\/uploads\/2020\/12\/full-set-xxio-mp11003-100x100.jpg 100w\" alt=\"H\u00ecnh \u1ea3nh b\u1ed9 golf s\u1eaft XXIO MP1100 \" width=\"800\" height=\"800\" data-lazy-srcset=\"https:\/\/golfcity.com.vn\/wp-content\/uploads\/2020\/12\/full-set-xxio-mp11003.jpg 800w, https:\/\/golfcity.com.vn\/wp-content\/uploads\/2020\/12\/full-set-xxio-mp11003-445x445.jpg 445w, https:\/\/golfcity.com.vn\/wp-content\/uploads\/2020\/12\/full-set-xxio-mp11003-768x768.jpg 768w, https:\/\/golfcity.com.vn\/wp-content\/uploads\/2020\/12\/full-set-xxio-mp11003-65x65.jpg 65w, https:\/\/golfcity.com.vn\/wp-content\/uploads\/2020\/12\/full-set-xxio-mp11003-150x150.jpg 150w, https:\/\/golfcity.com.vn\/wp-content\/uploads\/2020\/12\/full-set-xxio-mp11003-300x300.jpg 300w, https:\/\/golfcity.com.vn\/wp-content\/uploads\/2020\/12\/full-set-xxio-mp11003-100x100.jpg 100w\" data-lazy-sizes=\"(max-width: 800px) 100vw, 800px\" data-lazy-src=\"https:\/\/golfcity.com.vn\/wp-content\/uploads\/2020\/12\/full-set-xxio-mp11003.jpg\" data-was-processed=\"true\" \/><figcaption id=\"caption-attachment-7374\" class=\"wp-caption-text\">H\u00ecnh \u1ea3nh b\u1ed9 golf s\u1eaft XXIO MP1100<\/figcaption><\/figure>\n<p><strong>\u0110i\u1ec3m n\u1ed5i b\u1eadt<\/strong><\/p>\n<p>\u1ea4n t\u01b0\u1ee3ng \u0111\u1ea7u ti\u00ean c\u1ee7a g\u1eady s\u1eaft XXIO MP1100 l\u00e0 thi\u1ebft k\u1ebf sang tr\u1ecdng v\u00e0 nh\u1eefng t\u00ednh n\u0103ng n\u1ed5i b\u1eadt nh\u01b0:<\/p>\n<ul>\n<li>B\u00ean c\u1ea1nh c\u00f4ng ngh\u1ec7, th\u00ec \u0111i\u1ec3m nh\u1ea5n cho b\u1ed9 g\u1eady s\u1eaft XXIO MP1100 ch\u00ednh l\u00e0 thi\u1ebft k\u1ebf Twin Groove (thi\u1ebft k\u1ebf r\u00e3nh \u0111\u00f4i). \u0110\u01b0\u1ee3c bi\u1ebft \u0111\u00e2y l\u00e0 thi\u1ebft k\u1ebf ch\u1ec9 c\u00f3 t\u1ea1i model n\u0103m nay nh\u1eb1m t\u1ea1o n\u00ean c\u00fa \u0111\u00e1nh xa v\u00e0 th\u1eb3ng nh\u1ea5t c\u1ee7a g\u1eady s\u1eaft.<\/li>\n<li>C\u00e2y g\u1eady n\u00e0y c\u00f2n s\u1eed d\u1ee5ng nguy\u00ean l\u00fd linh ho\u1ea1t c\u1ea5u tr\u00fac gi\u00fap c\u00fa \u0111\u00e1nh bay \u1ed5n \u0111\u1ecbnh h\u01a1n \u0111\u1ebfn \u0111\u00edch.<\/li>\n<li>M\u1eb7t g\u1eady ngo\u00e0i nh\u1eefng thi\u1ebft k\u1ebf th\u00f4ng th\u01b0\u1eddng c\u00f2n c\u00f3 \u0111i\u1ec3m thay \u0111\u1ed5i \u0111\u1ed9t ph\u00e1 l\u00e0 ph\u1ea7n r\u00e3nh g\u1eady cu\u1ed1i c\u00f9ng s\u00e2u g\u1ea5p \u0111\u00f4i v\u00e0 mang l\u1ea1i hi\u1ec7u su\u1ea5t c\u00fa \u0111\u00e1nh c\u1ef1c t\u1ed1t.<\/li>\n<\/ul>\n","protected":false},"excerpt":{"rendered":"<p>\u26f3\ufe0fFullset xxio mp1100 g\u1ed3m 12g\u1eady \ud83c\udf1fDriver 10.5 \u0111\u1ed9 \u2b50\ufe0fG\u1ed7 5 \ud83c\udf1fH5-H6 \ud83c\udf1fB\u1ed9 s\u1eaft 7 g\u1eady 6.7.8.9.p.a.s \ud83c\udf1fPutter Xxio \ud83c\udf1fC\u00e1n R B\u1ed9 g\u1eady fullset XXIO MP1100 ra m\u1eaft th\u1ecb tr\u01b0\u1eddng v\u00e0o \u0111\u1ea7u n\u0103m 2020. Ngay khi ra m\u1eaft c\u00f4ng ch\u00fang, b\u1ed9 g\u1eady n\u00e0y \u0111\u00e3 \u0111\u01b0\u1ee3c gi\u1edbi Golfer \u0111\u00e1nh gi\u00e1 r\u1ea5t cao b\u1edfi c\u00f4ng ngh\u1ec7 \u0111\u1ed9c \u0111\u00e1o [&#8230;]\n","protected":false},"featured_media":2718,"comment_status":"open","ping_status":"closed","template":"","meta":[],"product_brand":[],"product_cat":[91],"product_tag":[],"class_list":{"0":"post-2714","1":"product","2":"type-product","3":"status-publish","4":"has-post-thumbnail","6":"product_cat-fullset","8":"first","9":"instock","10":"shipping-taxable","11":"product-type-simple"},"yoast_head":"<!-- This site is optimized with the Yoast SEO plugin v19.0 - https:\/\/yoast.com\/wordpress\/plugins\/seo\/ -->\n<title>B\u1ed9 g\u1eady fullset XXIO MP1100 c\u00e1n R\/SR\/S -<\/title>\n<meta name=\"robots\" content=\"index, follow, max-snippet:-1, max-image-preview:large, max-video-preview:-1\" \/>\n<link rel=\"canonical\" href=\"https:\/\/lotusgolf.vn\/vi\/product\/bo-gay-fullset-xxio-mp1100-can-r-sr-s\/\" \/>\n<meta property=\"og:locale\" content=\"vi_VN\" \/>\n<meta property=\"og:type\" content=\"article\" \/>\n<meta property=\"og:title\" content=\"B\u1ed9 g\u1eady fullset XXIO MP1100 c\u00e1n R\/SR\/S -\" \/>\n<meta property=\"og:description\" content=\"\u26f3\ufe0fFullset xxio mp1100 g\u1ed3m 12g\u1eady \ud83c\udf1fDriver 10.5 \u0111\u1ed9 \u2b50\ufe0fG\u1ed7 5 \ud83c\udf1fH5-H6 \ud83c\udf1fB\u1ed9 s\u1eaft 7 g\u1eady 6.7.8.9.p.a.s \ud83c\udf1fPutter Xxio \ud83c\udf1fC\u00e1n R B\u1ed9 g\u1eady fullset XXIO MP1100 ra m\u1eaft th\u1ecb tr\u01b0\u1eddng v\u00e0o \u0111\u1ea7u n\u0103m 2020. Ngay khi ra m\u1eaft c\u00f4ng ch\u00fang, b\u1ed9 g\u1eady n\u00e0y \u0111\u00e3 \u0111\u01b0\u1ee3c gi\u1edbi Golfer \u0111\u00e1nh gi\u00e1 r\u1ea5t cao b\u1edfi c\u00f4ng ngh\u1ec7 \u0111\u1ed9c \u0111\u00e1o [...]\" \/>\n<meta property=\"og:url\" content=\"https:\/\/lotusgolf.vn\/vi\/product\/bo-gay-fullset-xxio-mp1100-can-r-sr-s\/\" \/>\n<meta property=\"article:modified_time\" content=\"2025-07-03T16:58:55+00:00\" \/>\n<meta property=\"og:image\" content=\"https:\/\/lotusgolf.vn\/wp-content\/uploads\/2022\/10\/z3815486790292_4886fc183f0c60e787f122a272d4ad5d.jpg\" \/>\n\t<meta property=\"og:image:width\" content=\"956\" \/>\n\t<meta property=\"og:image:height\" content=\"1276\" \/>\n\t<meta property=\"og:image:type\" content=\"image\/jpeg\" \/>\n<meta name=\"twitter:card\" content=\"summary_large_image\" \/>\n<meta name=\"twitter:label1\" content=\"\u01af\u1edbc t\u00ednh th\u1eddi gian \u0111\u1ecdc\" \/>\n\t<meta name=\"twitter:data1\" content=\"6 ph\u00fat\" \/>\n<script type=\"application\/ld+json\" class=\"yoast-schema-graph\">{\"@context\":\"https:\/\/schema.org\",\"@graph\":[{\"@type\":\"WebSite\",\"@id\":\"https:\/\/lotusgolf-b23998.ingress-bonde.ewp.live\/#website\",\"url\":\"https:\/\/lotusgolf-b23998.ingress-bonde.ewp.live\/\",\"name\":\"\",\"description\":\"\",\"potentialAction\":[{\"@type\":\"SearchAction\",\"target\":{\"@type\":\"EntryPoint\",\"urlTemplate\":\"https:\/\/lotusgolf-b23998.ingress-bonde.ewp.live\/?s={search_term_string}\"},\"query-input\":\"required name=search_term_string\"}],\"inLanguage\":\"vi\"},{\"@type\":\"ImageObject\",\"inLanguage\":\"vi\",\"@id\":\"https:\/\/lotusgolf.vn\/product\/bo-gay-fullset-xxio-mp1100-can-r-sr-s\/#primaryimage\",\"url\":\"https:\/\/lotusgolf.vn\/wp-content\/uploads\/2022\/10\/z3815486790292_4886fc183f0c60e787f122a272d4ad5d.jpg\",\"contentUrl\":\"https:\/\/lotusgolf.vn\/wp-content\/uploads\/2022\/10\/z3815486790292_4886fc183f0c60e787f122a272d4ad5d.jpg\",\"width\":956,\"height\":1276},{\"@type\":\"WebPage\",\"@id\":\"https:\/\/lotusgolf.vn\/product\/bo-gay-fullset-xxio-mp1100-can-r-sr-s\/#webpage\",\"url\":\"https:\/\/lotusgolf.vn\/product\/bo-gay-fullset-xxio-mp1100-can-r-sr-s\/\",\"name\":\"B\u1ed9 g\u1eady fullset XXIO MP1100 c\u00e1n R\/SR\/S -\",\"isPartOf\":{\"@id\":\"https:\/\/lotusgolf-b23998.ingress-bonde.ewp.live\/#website\"},\"primaryImageOfPage\":{\"@id\":\"https:\/\/lotusgolf.vn\/product\/bo-gay-fullset-xxio-mp1100-can-r-sr-s\/#primaryimage\"},\"datePublished\":\"2022-10-20T10:32:06+00:00\",\"dateModified\":\"2025-07-03T16:58:55+00:00\",\"breadcrumb\":{\"@id\":\"https:\/\/lotusgolf.vn\/product\/bo-gay-fullset-xxio-mp1100-can-r-sr-s\/#breadcrumb\"},\"inLanguage\":\"vi\",\"potentialAction\":[{\"@type\":\"ReadAction\",\"target\":[\"https:\/\/lotusgolf.vn\/product\/bo-gay-fullset-xxio-mp1100-can-r-sr-s\/\"]}]},{\"@type\":\"BreadcrumbList\",\"@id\":\"https:\/\/lotusgolf.vn\/product\/bo-gay-fullset-xxio-mp1100-can-r-sr-s\/#breadcrumb\",\"itemListElement\":[{\"@type\":\"ListItem\",\"position\":1,\"name\":\"Home\",\"item\":\"https:\/\/lotusgolf.vn\/\"},{\"@type\":\"ListItem\",\"position\":2,\"name\":\"Shop\",\"item\":\"https:\/\/lotusgolf-b23998.ingress-bonde.ewp.live\/shop\/\"},{\"@type\":\"ListItem\",\"position\":3,\"name\":\"B\u1ed9 g\u1eady fullset XXIO MP1100 c\u00e1n R\/SR\/S\"}]}]}<\/script>\n<!-- \/ Yoast SEO plugin. -->","yoast_head_json":{"title":"B\u1ed9 g\u1eady fullset XXIO MP1100 c\u00e1n R\/SR\/S -","robots":{"index":"index","follow":"follow","max-snippet":"max-snippet:-1","max-image-preview":"max-image-preview:large","max-video-preview":"max-video-preview:-1"},"canonical":"https:\/\/lotusgolf.vn\/vi\/product\/bo-gay-fullset-xxio-mp1100-can-r-sr-s\/","og_locale":"vi_VN","og_type":"article","og_title":"B\u1ed9 g\u1eady fullset XXIO MP1100 c\u00e1n R\/SR\/S -","og_description":"\u26f3\ufe0fFullset xxio mp1100 g\u1ed3m 12g\u1eady \ud83c\udf1fDriver 10.5 \u0111\u1ed9 \u2b50\ufe0fG\u1ed7 5 \ud83c\udf1fH5-H6 \ud83c\udf1fB\u1ed9 s\u1eaft 7 g\u1eady 6.7.8.9.p.a.s \ud83c\udf1fPutter Xxio \ud83c\udf1fC\u00e1n R B\u1ed9 g\u1eady fullset XXIO MP1100 ra m\u1eaft th\u1ecb tr\u01b0\u1eddng v\u00e0o \u0111\u1ea7u n\u0103m 2020. Ngay khi ra m\u1eaft c\u00f4ng ch\u00fang, b\u1ed9 g\u1eady n\u00e0y \u0111\u00e3 \u0111\u01b0\u1ee3c gi\u1edbi Golfer \u0111\u00e1nh gi\u00e1 r\u1ea5t cao b\u1edfi c\u00f4ng ngh\u1ec7 \u0111\u1ed9c \u0111\u00e1o [...]","og_url":"https:\/\/lotusgolf.vn\/vi\/product\/bo-gay-fullset-xxio-mp1100-can-r-sr-s\/","article_modified_time":"2025-07-03T16:58:55+00:00","og_image":[{"width":956,"height":1276,"url":"https:\/\/lotusgolf.vn\/wp-content\/uploads\/2022\/10\/z3815486790292_4886fc183f0c60e787f122a272d4ad5d.jpg","type":"image\/jpeg"}],"twitter_card":"summary_large_image","twitter_misc":{"\u01af\u1edbc t\u00ednh th\u1eddi gian \u0111\u1ecdc":"6 ph\u00fat"},"schema":{"@context":"https:\/\/schema.org","@graph":[{"@type":"WebSite","@id":"https:\/\/lotusgolf-b23998.ingress-bonde.ewp.live\/#website","url":"https:\/\/lotusgolf-b23998.ingress-bonde.ewp.live\/","name":"","description":"","potentialAction":[{"@type":"SearchAction","target":{"@type":"EntryPoint","urlTemplate":"https:\/\/lotusgolf-b23998.ingress-bonde.ewp.live\/?s={search_term_string}"},"query-input":"required name=search_term_string"}],"inLanguage":"vi"},{"@type":"ImageObject","inLanguage":"vi","@id":"https:\/\/lotusgolf.vn\/product\/bo-gay-fullset-xxio-mp1100-can-r-sr-s\/#primaryimage","url":"https:\/\/lotusgolf.vn\/wp-content\/uploads\/2022\/10\/z3815486790292_4886fc183f0c60e787f122a272d4ad5d.jpg","contentUrl":"https:\/\/lotusgolf.vn\/wp-content\/uploads\/2022\/10\/z3815486790292_4886fc183f0c60e787f122a272d4ad5d.jpg","width":956,"height":1276},{"@type":"WebPage","@id":"https:\/\/lotusgolf.vn\/product\/bo-gay-fullset-xxio-mp1100-can-r-sr-s\/#webpage","url":"https:\/\/lotusgolf.vn\/product\/bo-gay-fullset-xxio-mp1100-can-r-sr-s\/","name":"B\u1ed9 g\u1eady fullset XXIO MP1100 c\u00e1n R\/SR\/S -","isPartOf":{"@id":"https:\/\/lotusgolf-b23998.ingress-bonde.ewp.live\/#website"},"primaryImageOfPage":{"@id":"https:\/\/lotusgolf.vn\/product\/bo-gay-fullset-xxio-mp1100-can-r-sr-s\/#primaryimage"},"datePublished":"2022-10-20T10:32:06+00:00","dateModified":"2025-07-03T16:58:55+00:00","breadcrumb":{"@id":"https:\/\/lotusgolf.vn\/product\/bo-gay-fullset-xxio-mp1100-can-r-sr-s\/#breadcrumb"},"inLanguage":"vi","potentialAction":[{"@type":"ReadAction","target":["https:\/\/lotusgolf.vn\/product\/bo-gay-fullset-xxio-mp1100-can-r-sr-s\/"]}]},{"@type":"BreadcrumbList","@id":"https:\/\/lotusgolf.vn\/product\/bo-gay-fullset-xxio-mp1100-can-r-sr-s\/#breadcrumb","itemListElement":[{"@type":"ListItem","position":1,"name":"Home","item":"https:\/\/lotusgolf.vn\/"},{"@type":"ListItem","position":2,"name":"Shop","item":"https:\/\/lotusgolf-b23998.ingress-bonde.ewp.live\/shop\/"},{"@type":"ListItem","position":3,"name":"B\u1ed9 g\u1eady fullset XXIO MP1100 c\u00e1n R\/SR\/S"}]}]}},"_links":{"self":[{"href":"https:\/\/lotusgolf.vn\/vi\/wp-json\/wp\/v2\/product\/2714","targetHints":{"allow":["GET"]}}],"collection":[{"href":"https:\/\/lotusgolf.vn\/vi\/wp-json\/wp\/v2\/product"}],"about":[{"href":"https:\/\/lotusgolf.vn\/vi\/wp-json\/wp\/v2\/types\/product"}],"replies":[{"embeddable":true,"href":"https:\/\/lotusgolf.vn\/vi\/wp-json\/wp\/v2\/comments?post=2714"}],"wp:featuredmedia":[{"embeddable":true,"href":"https:\/\/lotusgolf.vn\/vi\/wp-json\/wp\/v2\/media\/2718"}],"wp:attachment":[{"href":"https:\/\/lotusgolf.vn\/vi\/wp-json\/wp\/v2\/media?parent=2714"}],"wp:term":[{"taxonomy":"product_brand","embeddable":true,"href":"https:\/\/lotusgolf.vn\/vi\/wp-json\/wp\/v2\/product_brand?post=2714"},{"taxonomy":"product_cat","embeddable":true,"href":"https:\/\/lotusgolf.vn\/vi\/wp-json\/wp\/v2\/product_cat?post=2714"},{"taxonomy":"product_tag","embeddable":true,"href":"https:\/\/lotusgolf.vn\/vi\/wp-json\/wp\/v2\/product_tag?post=2714"}],"curies":[{"name":"wp","href":"https:\/\/api.w.org\/{rel}","templated":true}]}}