{"id":2721,"date":"2022-10-20T10:34:41","date_gmt":"2022-10-20T10:34:41","guid":{"rendered":"https:\/\/lotusgolf.vn\/?post_type=product&#038;p=2721"},"modified":"2022-10-20T10:34:42","modified_gmt":"2022-10-20T10:34:42","slug":"gay-driver-ping-gle2-moi","status":"publish","type":"product","link":"https:\/\/lotusgolf.vn\/vi\/product\/gay-driver-ping-gle2-moi","title":{"rendered":"\u00a0G\u1eady Driver PING GLE2 m\u1edbi"},"content":{"rendered":"<div id=\"description\" class=\"data item content\" aria-labelledby=\"tab-label-description-title\">\n<div class=\"product attribute description\">\n<div class=\"value\">\n<p><em><strong>\u00a0G\u1eady Driver PING GLE2<\/strong><\/em><\/p>\n<p>G\u1eady Driver c\u1ee7a GLE2 l\u00e0 phi\u00ean b\u1ea3n n\u1eef c\u00f3\u00a0hi\u1ec7u n\u0103ng cao nh\u1ea5t v\u1edbi tr\u1ecdng l\u01b0\u1ee3ng nh\u1eb9 h\u01a1n, t\u1ed1c \u0111\u1ed9 \u0111\u1ea7u g\u1eady nhanh h\u01a1n v\u00e0 d\u1ec5 \u0111\u00e1nh h\u01a1n (cao h\u01a1n 3% so v\u1edbi d\u00f2ng g\u1eady tr\u01b0\u1edbc). GLE2 t\u1ed1i \u0111a h\u00f3a t\u1ed1c \u0111\u1ed9 swing th\u00f4ng qua t\u1ed5ng tr\u1ecdng l\u01b0\u1ee3ng g\u1eady nh\u1eb9, \u0111\u1ea7u g\u1eady thi\u1ebft k\u1ebf mang t\u00ednh kh\u00ed \u0111\u1ed9ng h\u1ecdc \u0111\u1ec3 gi\u1ea3m l\u1ef1c c\u1ea3n v\u00e0 m\u1eb7t g\u1eady l\u00e0m m\u1ecfng h\u01a1n cho t\u1ed1c \u0111\u1ed9 b\u00f3ng nhanh h\u01a1n. \u0110\u1ed9 loft ti\u00eau chu\u1ea9n 11,5\u02da c\u00f3 th\u1ec3 \u0111i\u1ec1u ch\u1ec9nh + -1,5\u02da b\u1eb1ng t\u00e1m t\u00f9y ch\u1ec9nh. GLE2 Driver c\u00f3 hi\u1ec7u su\u1ea5t cao m\u00e0 kh\u00f4ng c\u1ea7n qu\u00e1 nhi\u1ec1u s\u1ee9c.<\/p>\n<ul>\n<li class=\"\">G\u1eady Ping GLE2 driver \u0111\u01b0\u1ee3c thi\u1ebft k\u1ebf v\u1edbi \u0111\u1ea7u g\u1eady \u0111\u01b0\u1ee3c l\u00e0m b\u1eb1ng Titan c\u00f3 d\u1ea1ng h\u00ecnh tr\u00f2n v\u00e0 t\u0103ng c\u01b0\u1eddng c\u1ea5u tr\u00fac kh\u00ed \u0111\u1ed9ng h\u1ecdc gi\u00fap gi\u1ea3m l\u1ef1c c\u1ea3n. Tr\u1ecdng l\u01b0\u1ee3ng nh\u1eb9 h\u01a1n gi\u00fap ng\u01b0\u1eddi ch\u01a1i d\u1ec5 d\u00e0ng kh\u1edfi \u0111\u1ed9ng.<\/li>\n<li class=\"\">Ch\u1ec9 s\u1ed1 MOI cao l\u00e0m h\u1ea1n ch\u1ebf t\u1ed1c \u0111\u1ed9 xo\u1eafn c\u1ee7a \u0111\u1ea7u g\u1eady mang \u0111\u1ebfn hi\u1ec7u su\u1ea5t cao khi \u0111\u00e1nh b\u00f3ng.<\/li>\n<li>G\u1eady \u0111\u00e1nh golf n\u00e0y c\u00f3 m\u1eb7t g\u1eady l\u00e0m b\u1eb1ng ch\u1ea5t li\u1ec7u th\u00e9p T9S+ m\u1ecfng v\u00e0 \u0111\u01b0\u1ee3c r\u00e8n c\u1ea9n th\u1eadn \u0111\u1ec3 t\u1ed1i \u01b0u t\u1ed1c \u0111\u1ed9 vung, t\u0103ng \u0111\u1ed9 u\u1ed1n c\u1ee7a b\u1ec1 m\u1eb7t v\u00e0 t\u0103ng t\u1ed1c \u0111\u1ed9 \u0111\u1ea9y b\u00f3ng.<\/li>\n<\/ul>\n<p><strong>Th\u00f4ng s\u1ed1 k\u1ef9 thu\u1eadt Driver PING GLE2<\/strong><\/p>\n<ul>\n<li>&#8211; Head size: 460cc<\/li>\n<li>&#8211; Std length: 44.75\u201d<\/li>\n<li>&#8211; Std loft: 11.5\u00b0<\/li>\n<li>&#8211; Std lie: 58.7\u00b0<\/li>\n<li>&#8211; Std swingweight: C2<\/li>\n<\/ul>\n<p>&#8211; Ch\u1ea5t li\u1ec7u \u0111\u1ea7u g\u1eady: Titan + m\u1eb7t g\u1eady th\u00e9p<\/p>\n<p>&#8211; C\u00e1n g\u1eady: Graphite Ping ULT240D<\/p>\n<p>&#8211; \u0110\u1ed9 Loft: 11.5 \/ Flex: A\/L<\/p>\n<p>&#8211; Tay c\u1ea7m: cao su nguy\u00ean ch\u1ea5t ( IOMIC STICKEY ULTRA LIGHT J RED )<\/p>\n<\/div>\n<\/div>\n<\/div>\n<div id=\"additional\" class=\"data item content\" aria-labelledby=\"tab-label-additional-title\">\n<div class=\"additional-attributes-wrapper table-wrapper\">\n<h3 class=\"tab-content-title\">Chi ti\u1ebft s\u1ea3n ph\u1ea9m<\/h3>\n<div id=\"product-attribute-specs-table\" class=\"data table additional-attributes\">\n<ul class=\"attribute-specs-wrapper\">\n<li>Gi\u1edbi t\u00ednh: N\u1eef<\/li>\n<li>Th\u1ec3 lo\u1ea1i: Driver<\/li>\n<li>Loft : 11.5<\/li>\n<li>Hand: Right<\/li>\n<li>Flex: Ladies<\/li>\n<li>H\u00e3ng: PING<\/li>\n<li>S\u1ea3n xu\u1ea5t : Nh\u1eadt B\u1ea3n<\/li>\n<li>B\u1ea3o h\u00e0nh: 1 N\u0103m (L\u1ed7i nh\u00e0 s\u1ea3n xu\u1ea5t)<\/li>\n<\/ul>\n<\/div>\n<\/div>\n<\/div>\n","protected":false},"excerpt":{"rendered":"<p>\u00a0G\u1eady Driver PING GLE2 G\u1eady Driver c\u1ee7a GLE2 l\u00e0 phi\u00ean b\u1ea3n n\u1eef c\u00f3\u00a0hi\u1ec7u n\u0103ng cao nh\u1ea5t v\u1edbi tr\u1ecdng l\u01b0\u1ee3ng nh\u1eb9 h\u01a1n, t\u1ed1c \u0111\u1ed9 \u0111\u1ea7u g\u1eady nhanh h\u01a1n v\u00e0 d\u1ec5 \u0111\u00e1nh h\u01a1n (cao h\u01a1n 3% so v\u1edbi d\u00f2ng g\u1eady tr\u01b0\u1edbc). GLE2 t\u1ed1i \u0111a h\u00f3a t\u1ed1c \u0111\u1ed9 swing th\u00f4ng qua t\u1ed5ng tr\u1ecdng l\u01b0\u1ee3ng g\u1eady nh\u1eb9, \u0111\u1ea7u g\u1eady [&#8230;]\n","protected":false},"featured_media":2722,"comment_status":"open","ping_status":"closed","template":"","meta":[],"product_brand":[],"product_cat":[84,92],"product_tag":[],"class_list":{"0":"post-2721","1":"product","2":"type-product","3":"status-publish","4":"has-post-thumbnail","6":"product_cat-driver","7":"product_cat-gay-nu","9":"first","10":"instock","11":"shipping-taxable","12":"product-type-simple"},"yoast_head":"<!-- This site is optimized with the Yoast SEO plugin v19.0 - https:\/\/yoast.com\/wordpress\/plugins\/seo\/ -->\n<title>\u00a0G\u1eady Driver PING GLE2 m\u1edbi -<\/title>\n<meta name=\"robots\" content=\"index, follow, max-snippet:-1, max-image-preview:large, max-video-preview:-1\" \/>\n<link rel=\"canonical\" href=\"https:\/\/lotusgolf.vn\/vi\/product\/gay-driver-ping-gle2-moi\/\" \/>\n<meta property=\"og:locale\" content=\"vi_VN\" \/>\n<meta property=\"og:type\" content=\"article\" \/>\n<meta property=\"og:title\" content=\"\u00a0G\u1eady Driver PING GLE2 m\u1edbi -\" \/>\n<meta property=\"og:description\" content=\"\u00a0G\u1eady Driver PING GLE2 G\u1eady Driver c\u1ee7a GLE2 l\u00e0 phi\u00ean b\u1ea3n n\u1eef c\u00f3\u00a0hi\u1ec7u n\u0103ng cao nh\u1ea5t v\u1edbi tr\u1ecdng l\u01b0\u1ee3ng nh\u1eb9 h\u01a1n, t\u1ed1c \u0111\u1ed9 \u0111\u1ea7u g\u1eady nhanh h\u01a1n v\u00e0 d\u1ec5 \u0111\u00e1nh h\u01a1n (cao h\u01a1n 3% so v\u1edbi d\u00f2ng g\u1eady tr\u01b0\u1edbc). GLE2 t\u1ed1i \u0111a h\u00f3a t\u1ed1c \u0111\u1ed9 swing th\u00f4ng qua t\u1ed5ng tr\u1ecdng l\u01b0\u1ee3ng g\u1eady nh\u1eb9, \u0111\u1ea7u g\u1eady [...]\" \/>\n<meta property=\"og:url\" content=\"https:\/\/lotusgolf.vn\/vi\/product\/gay-driver-ping-gle2-moi\/\" \/>\n<meta property=\"article:modified_time\" content=\"2022-10-20T10:34:42+00:00\" \/>\n<meta property=\"og:image\" content=\"https:\/\/lotusgolf.vn\/wp-content\/uploads\/2022\/10\/dr2.jpg\" \/>\n\t<meta property=\"og:image:width\" content=\"700\" \/>\n\t<meta property=\"og:image:height\" content=\"700\" \/>\n\t<meta property=\"og:image:type\" content=\"image\/jpeg\" \/>\n<meta name=\"twitter:card\" content=\"summary_large_image\" \/>\n<meta name=\"twitter:label1\" content=\"\u01af\u1edbc t\u00ednh th\u1eddi gian \u0111\u1ecdc\" \/>\n\t<meta name=\"twitter:data1\" content=\"2 ph\u00fat\" \/>\n<script type=\"application\/ld+json\" class=\"yoast-schema-graph\">{\"@context\":\"https:\/\/schema.org\",\"@graph\":[{\"@type\":\"WebSite\",\"@id\":\"https:\/\/lotusgolf-b23998.ingress-bonde.ewp.live\/#website\",\"url\":\"https:\/\/lotusgolf-b23998.ingress-bonde.ewp.live\/\",\"name\":\"\",\"description\":\"\",\"potentialAction\":[{\"@type\":\"SearchAction\",\"target\":{\"@type\":\"EntryPoint\",\"urlTemplate\":\"https:\/\/lotusgolf-b23998.ingress-bonde.ewp.live\/?s={search_term_string}\"},\"query-input\":\"required name=search_term_string\"}],\"inLanguage\":\"vi\"},{\"@type\":\"ImageObject\",\"inLanguage\":\"vi\",\"@id\":\"https:\/\/lotusgolf.vn\/product\/gay-driver-ping-gle2-moi\/#primaryimage\",\"url\":\"https:\/\/lotusgolf.vn\/wp-content\/uploads\/2022\/10\/dr2.jpg\",\"contentUrl\":\"https:\/\/lotusgolf.vn\/wp-content\/uploads\/2022\/10\/dr2.jpg\",\"width\":700,\"height\":700},{\"@type\":\"WebPage\",\"@id\":\"https:\/\/lotusgolf.vn\/product\/gay-driver-ping-gle2-moi\/#webpage\",\"url\":\"https:\/\/lotusgolf.vn\/product\/gay-driver-ping-gle2-moi\/\",\"name\":\"\u00a0G\u1eady Driver PING GLE2 m\u1edbi -\",\"isPartOf\":{\"@id\":\"https:\/\/lotusgolf-b23998.ingress-bonde.ewp.live\/#website\"},\"primaryImageOfPage\":{\"@id\":\"https:\/\/lotusgolf.vn\/product\/gay-driver-ping-gle2-moi\/#primaryimage\"},\"datePublished\":\"2022-10-20T10:34:41+00:00\",\"dateModified\":\"2022-10-20T10:34:42+00:00\",\"breadcrumb\":{\"@id\":\"https:\/\/lotusgolf.vn\/product\/gay-driver-ping-gle2-moi\/#breadcrumb\"},\"inLanguage\":\"vi\",\"potentialAction\":[{\"@type\":\"ReadAction\",\"target\":[\"https:\/\/lotusgolf.vn\/product\/gay-driver-ping-gle2-moi\/\"]}]},{\"@type\":\"BreadcrumbList\",\"@id\":\"https:\/\/lotusgolf.vn\/product\/gay-driver-ping-gle2-moi\/#breadcrumb\",\"itemListElement\":[{\"@type\":\"ListItem\",\"position\":1,\"name\":\"Home\",\"item\":\"https:\/\/lotusgolf.vn\/\"},{\"@type\":\"ListItem\",\"position\":2,\"name\":\"Shop\",\"item\":\"https:\/\/lotusgolf-b23998.ingress-bonde.ewp.live\/shop\/\"},{\"@type\":\"ListItem\",\"position\":3,\"name\":\"\u00a0G\u1eady Driver PING GLE2 m\u1edbi\"}]}]}<\/script>\n<!-- \/ Yoast SEO plugin. -->","yoast_head_json":{"title":"\u00a0G\u1eady Driver PING GLE2 m\u1edbi -","robots":{"index":"index","follow":"follow","max-snippet":"max-snippet:-1","max-image-preview":"max-image-preview:large","max-video-preview":"max-video-preview:-1"},"canonical":"https:\/\/lotusgolf.vn\/vi\/product\/gay-driver-ping-gle2-moi\/","og_locale":"vi_VN","og_type":"article","og_title":"\u00a0G\u1eady Driver PING GLE2 m\u1edbi -","og_description":"\u00a0G\u1eady Driver PING GLE2 G\u1eady Driver c\u1ee7a GLE2 l\u00e0 phi\u00ean b\u1ea3n n\u1eef c\u00f3\u00a0hi\u1ec7u n\u0103ng cao nh\u1ea5t v\u1edbi tr\u1ecdng l\u01b0\u1ee3ng nh\u1eb9 h\u01a1n, t\u1ed1c \u0111\u1ed9 \u0111\u1ea7u g\u1eady nhanh h\u01a1n v\u00e0 d\u1ec5 \u0111\u00e1nh h\u01a1n (cao h\u01a1n 3% so v\u1edbi d\u00f2ng g\u1eady tr\u01b0\u1edbc). GLE2 t\u1ed1i \u0111a h\u00f3a t\u1ed1c \u0111\u1ed9 swing th\u00f4ng qua t\u1ed5ng tr\u1ecdng l\u01b0\u1ee3ng g\u1eady nh\u1eb9, \u0111\u1ea7u g\u1eady [...]","og_url":"https:\/\/lotusgolf.vn\/vi\/product\/gay-driver-ping-gle2-moi\/","article_modified_time":"2022-10-20T10:34:42+00:00","og_image":[{"width":700,"height":700,"url":"https:\/\/lotusgolf.vn\/wp-content\/uploads\/2022\/10\/dr2.jpg","type":"image\/jpeg"}],"twitter_card":"summary_large_image","twitter_misc":{"\u01af\u1edbc t\u00ednh th\u1eddi gian \u0111\u1ecdc":"2 ph\u00fat"},"schema":{"@context":"https:\/\/schema.org","@graph":[{"@type":"WebSite","@id":"https:\/\/lotusgolf-b23998.ingress-bonde.ewp.live\/#website","url":"https:\/\/lotusgolf-b23998.ingress-bonde.ewp.live\/","name":"","description":"","potentialAction":[{"@type":"SearchAction","target":{"@type":"EntryPoint","urlTemplate":"https:\/\/lotusgolf-b23998.ingress-bonde.ewp.live\/?s={search_term_string}"},"query-input":"required name=search_term_string"}],"inLanguage":"vi"},{"@type":"ImageObject","inLanguage":"vi","@id":"https:\/\/lotusgolf.vn\/product\/gay-driver-ping-gle2-moi\/#primaryimage","url":"https:\/\/lotusgolf.vn\/wp-content\/uploads\/2022\/10\/dr2.jpg","contentUrl":"https:\/\/lotusgolf.vn\/wp-content\/uploads\/2022\/10\/dr2.jpg","width":700,"height":700},{"@type":"WebPage","@id":"https:\/\/lotusgolf.vn\/product\/gay-driver-ping-gle2-moi\/#webpage","url":"https:\/\/lotusgolf.vn\/product\/gay-driver-ping-gle2-moi\/","name":"\u00a0G\u1eady Driver PING GLE2 m\u1edbi -","isPartOf":{"@id":"https:\/\/lotusgolf-b23998.ingress-bonde.ewp.live\/#website"},"primaryImageOfPage":{"@id":"https:\/\/lotusgolf.vn\/product\/gay-driver-ping-gle2-moi\/#primaryimage"},"datePublished":"2022-10-20T10:34:41+00:00","dateModified":"2022-10-20T10:34:42+00:00","breadcrumb":{"@id":"https:\/\/lotusgolf.vn\/product\/gay-driver-ping-gle2-moi\/#breadcrumb"},"inLanguage":"vi","potentialAction":[{"@type":"ReadAction","target":["https:\/\/lotusgolf.vn\/product\/gay-driver-ping-gle2-moi\/"]}]},{"@type":"BreadcrumbList","@id":"https:\/\/lotusgolf.vn\/product\/gay-driver-ping-gle2-moi\/#breadcrumb","itemListElement":[{"@type":"ListItem","position":1,"name":"Home","item":"https:\/\/lotusgolf.vn\/"},{"@type":"ListItem","position":2,"name":"Shop","item":"https:\/\/lotusgolf-b23998.ingress-bonde.ewp.live\/shop\/"},{"@type":"ListItem","position":3,"name":"\u00a0G\u1eady Driver PING GLE2 m\u1edbi"}]}]}},"_links":{"self":[{"href":"https:\/\/lotusgolf.vn\/vi\/wp-json\/wp\/v2\/product\/2721","targetHints":{"allow":["GET"]}}],"collection":[{"href":"https:\/\/lotusgolf.vn\/vi\/wp-json\/wp\/v2\/product"}],"about":[{"href":"https:\/\/lotusgolf.vn\/vi\/wp-json\/wp\/v2\/types\/product"}],"replies":[{"embeddable":true,"href":"https:\/\/lotusgolf.vn\/vi\/wp-json\/wp\/v2\/comments?post=2721"}],"wp:featuredmedia":[{"embeddable":true,"href":"https:\/\/lotusgolf.vn\/vi\/wp-json\/wp\/v2\/media\/2722"}],"wp:attachment":[{"href":"https:\/\/lotusgolf.vn\/vi\/wp-json\/wp\/v2\/media?parent=2721"}],"wp:term":[{"taxonomy":"product_brand","embeddable":true,"href":"https:\/\/lotusgolf.vn\/vi\/wp-json\/wp\/v2\/product_brand?post=2721"},{"taxonomy":"product_cat","embeddable":true,"href":"https:\/\/lotusgolf.vn\/vi\/wp-json\/wp\/v2\/product_cat?post=2721"},{"taxonomy":"product_tag","embeddable":true,"href":"https:\/\/lotusgolf.vn\/vi\/wp-json\/wp\/v2\/product_tag?post=2721"}],"curies":[{"name":"wp","href":"https:\/\/api.w.org\/{rel}","templated":true}]}}