{"id":2841,"date":"2022-10-20T11:08:46","date_gmt":"2022-10-20T11:08:46","guid":{"rendered":"https:\/\/lotusgolf.vn\/?post_type=product&#038;p=2841"},"modified":"2022-10-20T11:08:46","modified_gmt":"2022-10-20T11:08:46","slug":"bo-gay-golf-ping-gle-2-lady-12gay-2","status":"publish","type":"product","link":"https:\/\/lotusgolf.vn\/vi\/product\/bo-gay-golf-ping-gle-2-lady-12gay-2","title":{"rendered":"B\u1ed9 g\u1eady golf Ping GLE 2 Lady (12g\u1eady)"},"content":{"rendered":"<div id=\"description\" class=\"data item content\" aria-labelledby=\"tab-label-description-title\">\n<div class=\"product attribute description\">\n<div class=\"value\">\n<h1>B\u1ed9 g\u1eady g\u00f4n fullset\u00a0 Ping GLE 2 Lady (12g\u1eady)<\/h1>\n<h2><em><strong>G\u1eady Driver PING GLE2<\/strong><\/em><\/h2>\n<p>G\u1eady Driver c\u1ee7a GLE2 l\u00e0 phi\u00ean b\u1ea3n n\u1eef c\u00f3\u00a0hi\u1ec7u n\u0103ng cao nh\u1ea5t v\u1edbi tr\u1ecdng l\u01b0\u1ee3ng nh\u1eb9 h\u01a1n, t\u1ed1c \u0111\u1ed9 \u0111\u1ea7u g\u1eady nhanh h\u01a1n v\u00e0 d\u1ec5 \u0111\u00e1nh h\u01a1n (cao h\u01a1n 3% so v\u1edbi d\u00f2ng g\u1eady tr\u01b0\u1edbc). GLE2 t\u1ed1i \u0111a h\u00f3a t\u1ed1c \u0111\u1ed9 swing th\u00f4ng qua t\u1ed5ng tr\u1ecdng l\u01b0\u1ee3ng g\u1eady nh\u1eb9, \u0111\u1ea7u g\u1eady thi\u1ebft k\u1ebf mang t\u00ednh kh\u00ed \u0111\u1ed9ng h\u1ecdc \u0111\u1ec3 gi\u1ea3m l\u1ef1c c\u1ea3n v\u00e0 m\u1eb7t g\u1eady l\u00e0m m\u1ecfng h\u01a1n cho t\u1ed1c \u0111\u1ed9 b\u00f3ng nhanh h\u01a1n. \u0110\u1ed9 loft ti\u00eau chu\u1ea9n 11,5\u02da c\u00f3 th\u1ec3 \u0111i\u1ec1u ch\u1ec9nh + -1,5\u02da b\u1eb1ng t\u00e1m t\u00f9y ch\u1ec9nh. GLE2 Driver c\u00f3 hi\u1ec7u su\u1ea5t cao m\u00e0 kh\u00f4ng c\u1ea7n qu\u00e1 nhi\u1ec1u s\u1ee9c.<\/p>\n<ul>\n<li class=\"\">G\u1eady Ping GLE2 driver \u0111\u01b0\u1ee3c thi\u1ebft k\u1ebf v\u1edbi \u0111\u1ea7u g\u1eady \u0111\u01b0\u1ee3c l\u00e0m b\u1eb1ng Titan c\u00f3 d\u1ea1ng h\u00ecnh tr\u00f2n v\u00e0 t\u0103ng c\u01b0\u1eddng c\u1ea5u tr\u00fac kh\u00ed \u0111\u1ed9ng h\u1ecdc gi\u00fap gi\u1ea3m l\u1ef1c c\u1ea3n. Tr\u1ecdng l\u01b0\u1ee3ng nh\u1eb9 h\u01a1n gi\u00fap ng\u01b0\u1eddi ch\u01a1i d\u1ec5 d\u00e0ng kh\u1edfi \u0111\u1ed9ng.<\/li>\n<li class=\"\">Ch\u1ec9 s\u1ed1 MOI cao l\u00e0m h\u1ea1n ch\u1ebf t\u1ed1c \u0111\u1ed9 xo\u1eafn c\u1ee7a \u0111\u1ea7u g\u1eady mang \u0111\u1ebfn hi\u1ec7u su\u1ea5t cao khi \u0111\u00e1nh b\u00f3ng.<\/li>\n<li>G\u1eady \u0111\u00e1nh golf n\u00e0y c\u00f3 m\u1eb7t g\u1eady l\u00e0m b\u1eb1ng ch\u1ea5t li\u1ec7u th\u00e9p T9S+ m\u1ecfng v\u00e0 \u0111\u01b0\u1ee3c r\u00e8n c\u1ea9n th\u1eadn \u0111\u1ec3 t\u1ed1i \u01b0u t\u1ed1c \u0111\u1ed9 vung, t\u0103ng \u0111\u1ed9 u\u1ed1n c\u1ee7a b\u1ec1 m\u1eb7t v\u00e0 t\u0103ng t\u1ed1c \u0111\u1ed9 \u0111\u1ea9y b\u00f3ng.<\/li>\n<\/ul>\n<p><strong>Th\u00f4ng s\u1ed1 k\u1ef9 thu\u1eadt Driver PING GLE2<\/strong><\/p>\n<ul>\n<li>\u2013 Head size: 460cc<\/li>\n<li>\u2013 Std length: 44.75\u201d<\/li>\n<li>\u2013 Std loft: 11.5\u00b0<\/li>\n<li>\u2013 Std lie: 58.7\u00b0<\/li>\n<li>\u2013 Std swingweight: C2<\/li>\n<\/ul>\n<h2 data-spm-anchor-id=\"a2o4n.pdp.product_detail.i0.4fa1288deB9Uiq\">G\u1eacY FAIRWAY<\/h2>\n<p><strong data-spm-anchor-id=\"a2o4n.pdp.product_\">1 .<\/strong>M\u1eb7t g\u1eady \u0111\u01b0\u1ee3c r\u00e8n c\u1ea9n th\u1eadn t\u1eeb h\u1ee3p kim th\u00e9p C300 c\u00f3 \u0111\u1ed9 b\u1ec1n cao v\u00e0 cho \u0111\u1ed9 cong h\u01a1n gi\u00fap b\u00f3ng bay nhanh, xa v\u00e0 c\u00f3 qu\u1ef9 \u0111\u1ea1o cao h\u01a1n<\/p>\n<p><strong>2<\/strong>.\u0110\u1ea7u g\u1eady c\u00f3 tr\u1ecdng l\u01b0\u1ee3ng nh\u1eb9 cho t\u1ed1c \u0111\u1ed9 vung nhanh v\u00e0 d\u1ec5 d\u00e0ng h\u01a1n.\u00a0 M\u1ed9t ph\u1ea7n tr\u1ecdng l\u01b0\u1ee3ng \u0111\u01b0\u1ee3c \u0111\u1eb7t \u1edf ph\u1ea7n g\u00f3t t\u1ea1o m\u1ed9t g\u00f3c nghi\u00eang d\u1ec5 d\u00e0ng xoay tr\u00f2n t\u1eeb ph\u1ea3i sang tr\u00e1i gi\u00fap ng\u01b0\u1eddi ch\u01a1i d\u1ec5 d\u00e0ng \u0111i\u1ec1u khi\u1ec3n g\u1eady \u0111\u1ec3 b\u00f3ng bay \u0111\u00fang h\u01b0\u1edbng.<\/p>\n<p><strong>3.<\/strong>\u1ed0ng hosel c\u1ee7a \u0111\u1ea7u\u00a0g\u1eady fairway<strong>\u00a0Ping G LE2<\/strong>\u00a0\u0111\u01b0\u1ee3c thi\u1ebft k\u1ebf nh\u1eb9 h\u01a1n \u0111\u1ec3 d\u1ec5 d\u00e0ng \u0111i\u1ec1u ch\u1ec9nh qu\u1ef9 \u0111\u1ea1o c\u1ee7a b\u00f3ng. Thi\u1ebft k\u1ebf m\u1edbi v\u1edbi\u00a0 t\u00e1m v\u1ecb tr\u00ed t\u00f9y ch\u1ec9nh l\u00e0m t\u0103ng gi\u1ea3m \u0111\u1ed9 loft ch\u00eanh l\u1ec7ch + \u2013 1.5 \u0111\u1ec3 \u0111i\u1ec1u ch\u1ec9nh h\u01b0\u1edbng b\u00f3ng theo \u00fd mu\u1ed1n c\u1ee7a ng\u01b0\u1eddi ch\u01a1i.<\/p>\n<h2>G\u1eady rescue Ping GLE 2<\/h2>\n<p>1.Tr\u1ecdng l\u01b0\u1ee3ng \u0111\u1ea7u g\u1eady nh\u1eb9, thi\u1ebft k\u1ebf thon g\u1ecdn, b\u1ec1 m\u1eb7t g\u1eady \u0111\u01b0\u1ee3c l\u00e0m b\u1eb1ng ch\u1ea5t li\u1ec7u Cartec Custom 455 m\u1ecfng l\u00e0m t\u0103ng s\u1ef1 ti\u1ebfp x\u00fac v\u1edbi b\u00f3ng v\u00e0 cho t\u1ed1c \u0111\u1ed9 b\u00f3ng nhanh h\u01a1n.<\/p>\n<div id=\"bd_3\" class=\"com-struct\">\n<div id=\"bd_3_container_0\" class=\"com-struct\">\n<div>\n<div id=\"shell-com-1040310862\" class=\"J_module\">\n<div class=\"module-detailImageText\">\n<div>\n<div data-spm-anchor-id=\"a2o4n.pdp.product_detail.i3.24b8323eWclKkU\">\n<p data-spm-anchor-id=\"a2o4n.pdp.product_detail.i4.24b8323eWclKkU\">2.G\u1eady ch\u01a1i golf n\u00e0y c\u00f3 tr\u1ecdng t\u00e2m c\u1ee7a \u0111\u1ea7u g\u1eady \u0111\u01b0\u1ee3c thi\u1ebft k\u1ebf th\u1ea5p h\u01a1n v\u00e0 s\u00e2u h\u01a1n l\u00e0m t\u0103ng ch\u1ec9 s\u1ed1 MOI gi\u00fap h\u1ea1n ch\u1ebf t\u1ed1i \u0111a \u0111\u1ed9 xo\u1eafn c\u1ee7a \u0111\u1ea7u g\u1eady v\u00e0 c\u00f3 th\u1ec3 thay th\u1ebf c\u00e1c g\u1eady s\u1eaft kh\u00f3 \u0111\u00e1nh gi\u00fap ng\u01b0\u1eddi ch\u01a1i c\u00f3 th\u1ec3 \u0111\u01b0a b\u00f3ng l\u00ean cao h\u01a1n kh\u1ecfi c\u00e1c v\u1ecb tr\u00ed s\u00e2n kh\u00f3.<\/p>\n<p data-spm-anchor-id=\"a2o4n.pdp.product_detail.i4.24b8323eWclKkU\">3.G\u1eady Ping G LE2 Utility m\u1edf r\u1ed9ng c\u00e1c t\u00f9y ch\u1ecdn \u0111\u1ec3 c\u00e1c golfer n\u1eef c\u00f3 th\u1ec3 l\u1ef1a ch\u1ecdn thay th\u1ebf m\u1ed9t s\u1ed1 g\u1eady golf s\u1eaft kh\u00f3 \u0111\u00e1nh. Ph\u1ea7n m\u0169 (crown) \u0111\u01b0\u1ee3c thi\u1ebft k\u1ebf m\u1ec1m h\u01a1n v\u00e0 \u0111\u01b0\u1ee3c t\u1ea1o \u0111i\u1ec3m nh\u1ea5n \u0111\u1ec3 c\u00e2n b\u1eb1ng v\u00e0 gi\u00fap c\u0103n ch\u1ec9nh d\u1ec5 d\u00e0ng h\u01a1n.<\/p>\n<h2 data-spm-anchor-id=\"a2o4n.pdp.product_detail.i4.24b8323eWclKkU\">B\u1ed9 g\u1eady s\u1eaft PING GLE 2<\/h2>\n<p>B\u1ed9\u00a0s\u1eaft GLe2 s\u1eed d\u1ee5ng C\u00f4ng ngh\u1ec7 Eye-COR \u0111\u1ec3 t\u0103ng \u0111\u1ed9 linh ho\u1ea1t cho m\u1eb7t g\u1eady v\u00e0 t\u0103ng 10% MOI. Swing weight nh\u1eb9 h\u01a1n nh\u1eb1m\u00a0t\u0103ng t\u1ed1c \u0111\u1ed9 b\u00f3ng v\u00e0 chi\u1ec1u cao c\u00fa \u0111\u00e1nh gi\u00fap \u0111\u01b0a b\u00f3ng \u0111i xa h\u01a1n. M\u1eb7t g\u1eady \u0111\u01b0\u1ee3c s\u1eed d\u1ee5ng ch\u1ea5t li\u1ec7u CarTec Custom 455\u00a0t\u0103ng c\u01b0\u1eddng c\u1ea3m gi\u00e1c v\u00e0o b\u00f3ng v\u00e0 \u00e2m thanh khi ti\u1ebfp x\u00fac v\u1edbi\u00a0b\u00f3ng.<\/p>\n<p>B\u1ed9 g\u1eady s\u1eaft s\u1ebd c\u00f3 c\u00e1c g\u1eady 6 \u2013 9, PW, UW, SW.<\/p>\n<p><strong>Th\u00f4ng s\u1ed1 k\u1ef9 thu\u1eadt Set S\u1eaft\u00a0PING GLE2<\/strong><\/p>\n<ul>\n<li>\u2013 S\u1eaft 6: std length: 37.13\u201d, std loft: 27\u00b0<\/li>\n<li>\u2013 S\u1eaft 7: std length: 36.5\u201d, std loft: 30.5\u00b0<\/li>\n<li>\u2013 S\u1eaft 8: std length: 36\u201d, std loft: 35\u00b0<\/li>\n<li>\u2013 S\u1eaft 9: std length: 35.5\u201d, std loft: 40\u00b0<\/li>\n<li>\u2013 PW: std length: 35\u201d, std loft: 45\u00b0<\/li>\n<li>\u2013 UW: std length: 35\u201d, std loft: 52\u00b0<\/li>\n<li>\u2013 SW: std length: 34.5\u201d, std loft: 58\u00b0<\/li>\n<\/ul>\n<h2>G\u1eady golf putter Ping GLE 2<\/h2>\n<p>\u2013 G\u1eady putter Ping G LE2 Echo \u0111\u01b0\u1ee3c gia c\u00f4ng t\u1eeb v\u1eadt li\u1ec7u nh\u00f4m 6061 v\u00e0 m\u1ed9t ph\u1ea7n th\u00e9p kh\u00f4ng g\u1ec9 kh\u00f4ng nh\u01b0 g\u1eady Ping G LE2 Shea Putter \u0111\u01b0\u1ee3c l\u00e0m t\u1eeb th\u00e9p kh\u00f4ng g\u1ec9 nguy\u00ean ch\u1ea5t.<\/p>\n<p>\u2013 M\u00e0u h\u1ed3ng r\u1ef1c r\u1ee1 t\u1ea1o \u0111i\u1ec3m n\u1ed5i b\u1eadt cho \u0111\u1ea7u g\u1eady v\u00e0 t\u1ea1o thi\u1ec7n c\u1ea3m cho ng\u01b0\u1eddi ch\u01a1i.<\/p>\n<p>\u2013 Thi\u1ebft k\u1ebf m\u1edbi v\u1edbi b\u1ec1 m\u1eb7t \u0111\u01b0\u1ee3c l\u00e0m b\u1eb1ng c\u00f4ng ngh\u1ec7 TR (True Rall) t\u1ea1o \u00e2m thanh t\u1ed1t khi \u0111\u00e1nh b\u00f3ng.<\/p>\n<div><span class=\"specifications-label\">Putter Type:<\/span>\u00a0\u00a0<span class=\"specifications-value\">Blade<\/span><\/div>\n<div><span class=\"specifications-label\">\u0110\u1ed9 D\u00e0i Shaft:<\/span>\u00a0<span class=\"specifications-value\">33<\/span><\/div>\n<div><span class=\"specifications-label\">Head Weight:<\/span>\u00a0\u00a0<span class=\"specifications-value\">345g<\/span><\/div>\n<div><span class=\"specifications-label\">\u0110\u1ed9 Lie Angle:<\/span>\u00a0\u00a0<span class=\"specifications-value\">20\u00b0 \u00b14\u00b0<\/span><\/div>\n<div><span class=\"specifications-label\">\u0110\u1ed9 Loft:<\/span>\u00a0\u00a0<span class=\"specifications-value\">3\u00b0 \u00b13\u00b0<\/span><\/div>\n<div><\/div>\n<div>\n<h2><strong>B\u1ed9\u00a0g\u1eady golf fullset Ping Gle 2 lady bao g\u1ed3m:\u00a0<\/strong><\/h2>\n<ul>\n<li>1 G\u00e2\u0323y Driver\u00a0Ping Gle2 11,5 \u0111\u1ed9<\/li>\n<li>1 G\u00e2\u0323y Fairway 5 Ping Gle2<\/li>\n<li>2 g\u00e2\u0323y rescue Ping Gle2 (rescue 5 v\u00e0 rescue 6)<\/li>\n<li>7 G\u00e2\u0323y s\u0103\u0301t\u00a0Ping Gle2 (6 \u2013 9, U, W, S)<\/li>\n<li>1 G\u00e2\u0323y Putter\u00a0Ping Gle2<\/li>\n<\/ul>\n<\/div>\n<\/div>\n<\/div>\n<\/div>\n<\/div>\n<\/div>\n<\/div>\n<\/div>\n<div id=\"bd_4\" class=\"com-struct\">\n<div id=\"bd_4_container_0\" class=\"com-struct\">\n<div>\n<div id=\"shell-com-1040310872\" class=\"J_module\">\n<div class=\"module-detailImageText\">\n<div><\/div>\n<\/div>\n<\/div>\n<\/div>\n<\/div>\n<\/div>\n<\/div>\n<\/div>\n<\/div>\n<div id=\"additional\" class=\"data item content\" aria-labelledby=\"tab-label-additional-title\">\n<div class=\"additional-attributes-wrapper table-wrapper\">\n<h3 class=\"tab-content-title\">Chi ti\u1ebft s\u1ea3n ph\u1ea9m<\/h3>\n<div id=\"product-attribute-specs-table\" class=\"data table additional-attributes\">\n<ul class=\"attribute-specs-wrapper\">\n<li>Gi\u1edbi t\u00ednh: N\u1eef<\/li>\n<li>H\u00e3ng: PING<\/li>\n<li>S\u1ea3n xu\u1ea5t : Nh\u1eadt B\u1ea3n<\/li>\n<li>B\u1ea3o h\u00e0nh: 1 N\u0103m (L\u1ed7i nh\u00e0 s\u1ea3n xu\u1ea5t)<\/li>\n<\/ul>\n<\/div>\n<\/div>\n<\/div>\n","protected":false},"excerpt":{"rendered":"<p>B\u1ed9 g\u1eady g\u00f4n fullset\u00a0 Ping GLE 2 Lady (12g\u1eady) G\u1eady Driver PING GLE2 G\u1eady Driver c\u1ee7a GLE2 l\u00e0 phi\u00ean b\u1ea3n n\u1eef c\u00f3\u00a0hi\u1ec7u n\u0103ng cao nh\u1ea5t v\u1edbi tr\u1ecdng l\u01b0\u1ee3ng nh\u1eb9 h\u01a1n, t\u1ed1c \u0111\u1ed9 \u0111\u1ea7u g\u1eady nhanh h\u01a1n v\u00e0 d\u1ec5 \u0111\u00e1nh h\u01a1n (cao h\u01a1n 3% so v\u1edbi d\u00f2ng g\u1eady tr\u01b0\u1edbc). GLE2 t\u1ed1i \u0111a h\u00f3a t\u1ed1c \u0111\u1ed9 swing [&#8230;]\n","protected":false},"featured_media":2842,"comment_status":"open","ping_status":"closed","template":"","meta":[],"product_brand":[],"product_cat":[91,92],"product_tag":[],"class_list":{"0":"post-2841","1":"product","2":"type-product","3":"status-publish","4":"has-post-thumbnail","6":"product_cat-fullset","7":"product_cat-gay-nu","9":"first","10":"instock","11":"shipping-taxable","12":"product-type-simple"},"yoast_head":"<!-- This site is optimized with the Yoast SEO plugin v19.0 - https:\/\/yoast.com\/wordpress\/plugins\/seo\/ -->\n<title>B\u1ed9 g\u1eady golf Ping GLE 2 Lady (12g\u1eady) -<\/title>\n<meta name=\"robots\" content=\"index, follow, max-snippet:-1, max-image-preview:large, max-video-preview:-1\" \/>\n<link rel=\"canonical\" href=\"https:\/\/lotusgolf.vn\/vi\/product\/bo-gay-golf-ping-gle-2-lady-12gay-2\/\" \/>\n<meta property=\"og:locale\" content=\"vi_VN\" \/>\n<meta property=\"og:type\" content=\"article\" \/>\n<meta property=\"og:title\" content=\"B\u1ed9 g\u1eady golf Ping GLE 2 Lady (12g\u1eady) -\" \/>\n<meta property=\"og:description\" content=\"B\u1ed9 g\u1eady g\u00f4n fullset\u00a0 Ping GLE 2 Lady (12g\u1eady) G\u1eady Driver PING GLE2 G\u1eady Driver c\u1ee7a GLE2 l\u00e0 phi\u00ean b\u1ea3n n\u1eef c\u00f3\u00a0hi\u1ec7u n\u0103ng cao nh\u1ea5t v\u1edbi tr\u1ecdng l\u01b0\u1ee3ng nh\u1eb9 h\u01a1n, t\u1ed1c \u0111\u1ed9 \u0111\u1ea7u g\u1eady nhanh h\u01a1n v\u00e0 d\u1ec5 \u0111\u00e1nh h\u01a1n (cao h\u01a1n 3% so v\u1edbi d\u00f2ng g\u1eady tr\u01b0\u1edbc). GLE2 t\u1ed1i \u0111a h\u00f3a t\u1ed1c \u0111\u1ed9 swing [...]\" \/>\n<meta property=\"og:url\" content=\"https:\/\/lotusgolf.vn\/vi\/product\/bo-gay-golf-ping-gle-2-lady-12gay-2\/\" \/>\n<meta property=\"og:image\" content=\"https:\/\/lotusgolf.vn\/wp-content\/uploads\/2022\/10\/z3815494731130_42b5aa6cf09599b012e01ec0fbfd2ce6.jpg\" \/>\n\t<meta property=\"og:image:width\" content=\"720\" \/>\n\t<meta property=\"og:image:height\" content=\"960\" \/>\n\t<meta property=\"og:image:type\" content=\"image\/jpeg\" \/>\n<meta name=\"twitter:card\" content=\"summary_large_image\" \/>\n<meta name=\"twitter:label1\" content=\"\u01af\u1edbc t\u00ednh th\u1eddi gian \u0111\u1ecdc\" \/>\n\t<meta name=\"twitter:data1\" content=\"5 ph\u00fat\" \/>\n<script type=\"application\/ld+json\" class=\"yoast-schema-graph\">{\"@context\":\"https:\/\/schema.org\",\"@graph\":[{\"@type\":\"WebSite\",\"@id\":\"https:\/\/lotusgolf-b23998.ingress-bonde.ewp.live\/#website\",\"url\":\"https:\/\/lotusgolf-b23998.ingress-bonde.ewp.live\/\",\"name\":\"\",\"description\":\"\",\"potentialAction\":[{\"@type\":\"SearchAction\",\"target\":{\"@type\":\"EntryPoint\",\"urlTemplate\":\"https:\/\/lotusgolf-b23998.ingress-bonde.ewp.live\/?s={search_term_string}\"},\"query-input\":\"required name=search_term_string\"}],\"inLanguage\":\"vi\"},{\"@type\":\"ImageObject\",\"inLanguage\":\"vi\",\"@id\":\"https:\/\/lotusgolf.vn\/product\/bo-gay-golf-ping-gle-2-lady-12gay-2\/#primaryimage\",\"url\":\"https:\/\/lotusgolf.vn\/wp-content\/uploads\/2022\/10\/z3815494731130_42b5aa6cf09599b012e01ec0fbfd2ce6.jpg\",\"contentUrl\":\"https:\/\/lotusgolf.vn\/wp-content\/uploads\/2022\/10\/z3815494731130_42b5aa6cf09599b012e01ec0fbfd2ce6.jpg\",\"width\":720,\"height\":960},{\"@type\":\"WebPage\",\"@id\":\"https:\/\/lotusgolf.vn\/product\/bo-gay-golf-ping-gle-2-lady-12gay-2\/#webpage\",\"url\":\"https:\/\/lotusgolf.vn\/product\/bo-gay-golf-ping-gle-2-lady-12gay-2\/\",\"name\":\"B\u1ed9 g\u1eady golf Ping GLE 2 Lady (12g\u1eady) -\",\"isPartOf\":{\"@id\":\"https:\/\/lotusgolf-b23998.ingress-bonde.ewp.live\/#website\"},\"primaryImageOfPage\":{\"@id\":\"https:\/\/lotusgolf.vn\/product\/bo-gay-golf-ping-gle-2-lady-12gay-2\/#primaryimage\"},\"datePublished\":\"2022-10-20T11:08:46+00:00\",\"dateModified\":\"2022-10-20T11:08:46+00:00\",\"breadcrumb\":{\"@id\":\"https:\/\/lotusgolf.vn\/product\/bo-gay-golf-ping-gle-2-lady-12gay-2\/#breadcrumb\"},\"inLanguage\":\"vi\",\"potentialAction\":[{\"@type\":\"ReadAction\",\"target\":[\"https:\/\/lotusgolf.vn\/product\/bo-gay-golf-ping-gle-2-lady-12gay-2\/\"]}]},{\"@type\":\"BreadcrumbList\",\"@id\":\"https:\/\/lotusgolf.vn\/product\/bo-gay-golf-ping-gle-2-lady-12gay-2\/#breadcrumb\",\"itemListElement\":[{\"@type\":\"ListItem\",\"position\":1,\"name\":\"Home\",\"item\":\"https:\/\/lotusgolf.vn\/\"},{\"@type\":\"ListItem\",\"position\":2,\"name\":\"Shop\",\"item\":\"https:\/\/lotusgolf-b23998.ingress-bonde.ewp.live\/shop\/\"},{\"@type\":\"ListItem\",\"position\":3,\"name\":\"B\u1ed9 g\u1eady golf Ping GLE 2 Lady (12g\u1eady)\"}]}]}<\/script>\n<!-- \/ Yoast SEO plugin. -->","yoast_head_json":{"title":"B\u1ed9 g\u1eady golf Ping GLE 2 Lady (12g\u1eady) -","robots":{"index":"index","follow":"follow","max-snippet":"max-snippet:-1","max-image-preview":"max-image-preview:large","max-video-preview":"max-video-preview:-1"},"canonical":"https:\/\/lotusgolf.vn\/vi\/product\/bo-gay-golf-ping-gle-2-lady-12gay-2\/","og_locale":"vi_VN","og_type":"article","og_title":"B\u1ed9 g\u1eady golf Ping GLE 2 Lady (12g\u1eady) -","og_description":"B\u1ed9 g\u1eady g\u00f4n fullset\u00a0 Ping GLE 2 Lady (12g\u1eady) G\u1eady Driver PING GLE2 G\u1eady Driver c\u1ee7a GLE2 l\u00e0 phi\u00ean b\u1ea3n n\u1eef c\u00f3\u00a0hi\u1ec7u n\u0103ng cao nh\u1ea5t v\u1edbi tr\u1ecdng l\u01b0\u1ee3ng nh\u1eb9 h\u01a1n, t\u1ed1c \u0111\u1ed9 \u0111\u1ea7u g\u1eady nhanh h\u01a1n v\u00e0 d\u1ec5 \u0111\u00e1nh h\u01a1n (cao h\u01a1n 3% so v\u1edbi d\u00f2ng g\u1eady tr\u01b0\u1edbc). GLE2 t\u1ed1i \u0111a h\u00f3a t\u1ed1c \u0111\u1ed9 swing [...]","og_url":"https:\/\/lotusgolf.vn\/vi\/product\/bo-gay-golf-ping-gle-2-lady-12gay-2\/","og_image":[{"width":720,"height":960,"url":"https:\/\/lotusgolf.vn\/wp-content\/uploads\/2022\/10\/z3815494731130_42b5aa6cf09599b012e01ec0fbfd2ce6.jpg","type":"image\/jpeg"}],"twitter_card":"summary_large_image","twitter_misc":{"\u01af\u1edbc t\u00ednh th\u1eddi gian \u0111\u1ecdc":"5 ph\u00fat"},"schema":{"@context":"https:\/\/schema.org","@graph":[{"@type":"WebSite","@id":"https:\/\/lotusgolf-b23998.ingress-bonde.ewp.live\/#website","url":"https:\/\/lotusgolf-b23998.ingress-bonde.ewp.live\/","name":"","description":"","potentialAction":[{"@type":"SearchAction","target":{"@type":"EntryPoint","urlTemplate":"https:\/\/lotusgolf-b23998.ingress-bonde.ewp.live\/?s={search_term_string}"},"query-input":"required name=search_term_string"}],"inLanguage":"vi"},{"@type":"ImageObject","inLanguage":"vi","@id":"https:\/\/lotusgolf.vn\/product\/bo-gay-golf-ping-gle-2-lady-12gay-2\/#primaryimage","url":"https:\/\/lotusgolf.vn\/wp-content\/uploads\/2022\/10\/z3815494731130_42b5aa6cf09599b012e01ec0fbfd2ce6.jpg","contentUrl":"https:\/\/lotusgolf.vn\/wp-content\/uploads\/2022\/10\/z3815494731130_42b5aa6cf09599b012e01ec0fbfd2ce6.jpg","width":720,"height":960},{"@type":"WebPage","@id":"https:\/\/lotusgolf.vn\/product\/bo-gay-golf-ping-gle-2-lady-12gay-2\/#webpage","url":"https:\/\/lotusgolf.vn\/product\/bo-gay-golf-ping-gle-2-lady-12gay-2\/","name":"B\u1ed9 g\u1eady golf Ping GLE 2 Lady (12g\u1eady) -","isPartOf":{"@id":"https:\/\/lotusgolf-b23998.ingress-bonde.ewp.live\/#website"},"primaryImageOfPage":{"@id":"https:\/\/lotusgolf.vn\/product\/bo-gay-golf-ping-gle-2-lady-12gay-2\/#primaryimage"},"datePublished":"2022-10-20T11:08:46+00:00","dateModified":"2022-10-20T11:08:46+00:00","breadcrumb":{"@id":"https:\/\/lotusgolf.vn\/product\/bo-gay-golf-ping-gle-2-lady-12gay-2\/#breadcrumb"},"inLanguage":"vi","potentialAction":[{"@type":"ReadAction","target":["https:\/\/lotusgolf.vn\/product\/bo-gay-golf-ping-gle-2-lady-12gay-2\/"]}]},{"@type":"BreadcrumbList","@id":"https:\/\/lotusgolf.vn\/product\/bo-gay-golf-ping-gle-2-lady-12gay-2\/#breadcrumb","itemListElement":[{"@type":"ListItem","position":1,"name":"Home","item":"https:\/\/lotusgolf.vn\/"},{"@type":"ListItem","position":2,"name":"Shop","item":"https:\/\/lotusgolf-b23998.ingress-bonde.ewp.live\/shop\/"},{"@type":"ListItem","position":3,"name":"B\u1ed9 g\u1eady golf Ping GLE 2 Lady (12g\u1eady)"}]}]}},"_links":{"self":[{"href":"https:\/\/lotusgolf.vn\/vi\/wp-json\/wp\/v2\/product\/2841","targetHints":{"allow":["GET"]}}],"collection":[{"href":"https:\/\/lotusgolf.vn\/vi\/wp-json\/wp\/v2\/product"}],"about":[{"href":"https:\/\/lotusgolf.vn\/vi\/wp-json\/wp\/v2\/types\/product"}],"replies":[{"embeddable":true,"href":"https:\/\/lotusgolf.vn\/vi\/wp-json\/wp\/v2\/comments?post=2841"}],"wp:featuredmedia":[{"embeddable":true,"href":"https:\/\/lotusgolf.vn\/vi\/wp-json\/wp\/v2\/media\/2842"}],"wp:attachment":[{"href":"https:\/\/lotusgolf.vn\/vi\/wp-json\/wp\/v2\/media?parent=2841"}],"wp:term":[{"taxonomy":"product_brand","embeddable":true,"href":"https:\/\/lotusgolf.vn\/vi\/wp-json\/wp\/v2\/product_brand?post=2841"},{"taxonomy":"product_cat","embeddable":true,"href":"https:\/\/lotusgolf.vn\/vi\/wp-json\/wp\/v2\/product_cat?post=2841"},{"taxonomy":"product_tag","embeddable":true,"href":"https:\/\/lotusgolf.vn\/vi\/wp-json\/wp\/v2\/product_tag?post=2841"}],"curies":[{"name":"wp","href":"https:\/\/api.w.org\/{rel}","templated":true}]}}