{"id":2911,"date":"2022-10-21T04:23:17","date_gmt":"2022-10-21T04:23:17","guid":{"rendered":"https:\/\/lotusgolf.vn\/?post_type=product&#038;p=2911"},"modified":"2022-10-21T04:23:17","modified_gmt":"2022-10-21T04:23:17","slug":"bo-fulsett-xxio-mp1100-ladies","status":"publish","type":"product","link":"https:\/\/lotusgolf.vn\/vi\/product\/bo-fulsett-xxio-mp1100-ladies","title":{"rendered":"B\u1ed9 Fulsett XXIO MP1100 Ladies"},"content":{"rendered":"<div class=\"chat-item flx me\">\n<div class=\"chat-content flx flx-col flx-cell  me\">\n<div id=\"bb_msg_id_1666312792080\" class=\"chat-message wrap-message rotate-container me  -send-time -reaction\" data-node-type=\"bubble-message\">\n<div class=\"\">\n<div class=\"card  me  last-msg card--text\" data-id=\"div_SentMsg_Text\">\n<div><span id=\"mtc-3816701929332\"><span class=\"text\">Fullset N\u1eef XXIO MP1100 g\u1ed3m 10 g\u1eady<\/span><\/span><\/div>\n<div><span id=\"mtc-3816701929332\"><span class=\"text\"> \u26f3\ufe0fDriver 12.5 \u0111\u1ed9<\/span><\/span><\/div>\n<div><span id=\"mtc-3816701929332\"><span class=\"text\"> \u26f3\ufe0fG\u1ed7 5 <\/span><\/span><\/div>\n<div><span id=\"mtc-3816701929332\"><span class=\"text\">\u26f3\ufe0fRescue 6<\/span><\/span><\/div>\n<div><span id=\"mtc-3816701929332\"><span class=\"text\"> \u26f3\ufe0fB\u1ed9 s\u1eaft g\u1ed3m 6 g\u1eady 7.8.9.p.a.s<\/span><\/span><\/div>\n<div><span id=\"mtc-3816701929332\"><span class=\"text\"> \u26f3\ufe0fPutter xxio <\/span><\/span><\/div>\n<div><span id=\"mtc-3816701929332\"><span class=\"text\">\u26f3\ufe0fC\u00e1n L 45 tr<\/span><\/span><\/div>\n<div>\n<div class=\"card-send-time flx flx-al-c flx-1  me  \">\n<div class=\"card-send-time__spacer\">\n<h2 dir=\"ltr\"><strong>G\u1eady XXIO MP1100 Lady Driver<\/strong><\/h2>\n<h3 dir=\"ltr\"><strong>C\u00f4ng ngh\u1ec7 \u0111\u1eb7c tr\u01b0ng<\/strong><\/h3>\n<h4 dir=\"ltr\"><em><strong>Dunlop\u2019s Flying Technology (c\u00f4ng ngh\u1ec7 bay)<\/strong><\/em><\/h4>\n<p dir=\"ltr\">C\u00f4ng ngh\u1ec7 bay c\u1ee7a Dunlop gi\u00fap c\u1ea3i thi\u1ec7n kh\u1ea3 n\u0103ng \u0111\u00e0n h\u1ed3i c\u1ee7a \u0111\u1ea7u g\u1eady. Nh\u1eb1m \u0111\u1ec3 th\u1ef1c hi\u1ec7n h\u00f3a c\u00f4ng ngh\u1ec7 bay \u0111\u1ed9c quy\u1ec1n nh\u1eb1m t\u1ed1i \u0111a h\u00f3a s\u1ee9c m\u1ea1nh cho Golfer, trong nh\u1eefng n\u0103m g\u1ea7n \u0111\u00e2y, XXIO \u0111\u00e3 nghi\u00ean c\u1ee9u v\u00e0 ph\u00e1t tri\u1ec3n t\u1eadp trung v\u00e0o \u201cTop of Swing\u201d trong m\u00f4 h\u00ecnh XXIO MP 1100 Lady.<\/p>\n<div>\n<figure class=\"image\"><img loading=\"lazy\" decoding=\"async\" class=\"alignnone size-full wp-image-17222\" src=\"https:\/\/stargolfgroup.com\/wp-content\/uploads\/2022\/07\/f34VgNz9MoSyDIy8wvQE-0h1kBg6qJxTOr9U-T-hkzIfuImJ9837ncjUregw2OmADFTGn09oyHOuyybyrW7Jbc-nQQn0sznjLKAvcHcVh6HWON_9bxXNDQedz8_PDfp_85RaYUDn.jpg\" sizes=\"auto, (max-width: 870px) 100vw, 870px\" srcset=\"https:\/\/stargolfgroup.com\/wp-content\/uploads\/2022\/07\/f34VgNz9MoSyDIy8wvQE-0h1kBg6qJxTOr9U-T-hkzIfuImJ9837ncjUregw2OmADFTGn09oyHOuyybyrW7Jbc-nQQn0sznjLKAvcHcVh6HWON_9bxXNDQedz8_PDfp_85RaYUDn.jpg 870w, https:\/\/stargolfgroup.com\/wp-content\/uploads\/2022\/07\/f34VgNz9MoSyDIy8wvQE-0h1kBg6qJxTOr9U-T-hkzIfuImJ9837ncjUregw2OmADFTGn09oyHOuyybyrW7Jbc-nQQn0sznjLKAvcHcVh6HWON_9bxXNDQedz8_PDfp_85RaYUDn-300x300.jpg 300w, https:\/\/stargolfgroup.com\/wp-content\/uploads\/2022\/07\/f34VgNz9MoSyDIy8wvQE-0h1kBg6qJxTOr9U-T-hkzIfuImJ9837ncjUregw2OmADFTGn09oyHOuyybyrW7Jbc-nQQn0sznjLKAvcHcVh6HWON_9bxXNDQedz8_PDfp_85RaYUDn-100x100.jpg 100w, https:\/\/stargolfgroup.com\/wp-content\/uploads\/2022\/07\/f34VgNz9MoSyDIy8wvQE-0h1kBg6qJxTOr9U-T-hkzIfuImJ9837ncjUregw2OmADFTGn09oyHOuyybyrW7Jbc-nQQn0sznjLKAvcHcVh6HWON_9bxXNDQedz8_PDfp_85RaYUDn-600x600.jpg 600w, https:\/\/stargolfgroup.com\/wp-content\/uploads\/2022\/07\/f34VgNz9MoSyDIy8wvQE-0h1kBg6qJxTOr9U-T-hkzIfuImJ9837ncjUregw2OmADFTGn09oyHOuyybyrW7Jbc-nQQn0sznjLKAvcHcVh6HWON_9bxXNDQedz8_PDfp_85RaYUDn-150x150.jpg 150w, https:\/\/stargolfgroup.com\/wp-content\/uploads\/2022\/07\/f34VgNz9MoSyDIy8wvQE-0h1kBg6qJxTOr9U-T-hkzIfuImJ9837ncjUregw2OmADFTGn09oyHOuyybyrW7Jbc-nQQn0sznjLKAvcHcVh6HWON_9bxXNDQedz8_PDfp_85RaYUDn-768x768.jpg 768w\" alt=\"G\u1eady XXIO MP1100 Lady Driver\" width=\"870\" height=\"870\" \/><figcaption>G\u1eady XXIO MP1100 Lady Driver<\/figcaption><\/figure>\n<\/div>\n<h4 dir=\"ltr\"><em><strong>Weight Plus Technology<\/strong><\/em><\/h4>\n<p dir=\"ltr\"><a href=\"https:\/\/stargolfgroup.com\/gay-driver-pc14.html\"><strong>G\u1eady Driver<\/strong><\/a>\u00a0XXIO 1100 Lady \u0111\u01b0\u1ee3c thi\u1ebft k\u1ebf \u0111\u1ec3 t\u1eadp trung tr\u1ecdng l\u01b0\u1ee3ng v\u00e0o tay\u00a0 \u0111\u1ec3 h\u1ed7 tr\u1ee3 cho Golfer khi Backswing.<\/p>\n<h4 dir=\"ltr\"><em><strong>Flat Cup Face<\/strong><\/em><\/h4>\n<p dir=\"ltr\">T\u0103ng c\u01b0\u1eddng kh\u1ea3 n\u0103ng h\u1ed3i ph\u1ee5c h\u1ed3i hi\u1ec7u su\u1ea5t v\u1edbi \u201cFlat Cup Face\u201d. B\u1eb1ng c\u00e1ch l\u00e0m trung t\u00e2m m\u1eb7t g\u1eady m\u1ecfng h\u01a1n so v\u1edbi phi\u00ean b\u1ea3n tr\u01b0\u1edbc \u0111\u00f3. Khu v\u1ef1c gia t\u0103ng t\u1ed1c \u0111\u1ed9 b\u00f3ng l\u1edbn h\u01a1n 72% so v\u1edbi m\u00f4 h\u00ecnh tr\u01b0\u1edbc.<\/p>\n<h4 dir=\"ltr\"><em><strong>Star Frame Structure<\/strong><\/em><\/h4>\n<p dir=\"ltr\">C\u1ea5u tr\u00fac \u201cStar Frame\u201d \u0111\u01b0\u1ee3c ph\u00e1t tri\u1ec3n \u0111\u1ec3 gi\u1ea3m tr\u1ecdng l\u01b0\u1ee3ng c\u1ee7a Sole v\u00e0 Crown. Tr\u1ecdng l\u01b0\u1ee3ng d\u01b0 th\u1eeba \u0111\u01b0\u1ee3c \u0111\u1eb7t \u1edf ph\u00eda sau gi\u00fap gi\u1ea3m tr\u1ecdng t\u00e2m, t\u0103ng MOI t\u1ea1o m\u1ed9t \u0111i\u1ec3m ng\u1ecdt l\u1edbn.<\/p>\n<h3 dir=\"ltr\"><strong>Th\u00f4ng s\u1ed1 k\u1ef9 thu\u1eadt<\/strong><\/h3>\n<div class=\"dtb\">\n<table border=\"1\" cellspacing=\"1\" cellpadding=\"1\" align=\"center\">\n<tbody>\n<tr>\n<td><strong>Number<\/strong><\/td>\n<td colspan=\"3\" rowspan=\"1\"><strong>#1<\/strong><\/td>\n<\/tr>\n<tr>\n<td><strong>Loft angle (\u00b0)<\/strong><\/td>\n<td><strong>10.5<\/strong><\/td>\n<td><strong>11.5<\/strong><\/td>\n<td><strong>12.5<\/strong><\/td>\n<\/tr>\n<tr>\n<td><strong>Lie angle (\u00b0)<\/strong><\/td>\n<td colspan=\"3\" rowspan=\"1\"><strong>58<\/strong><\/td>\n<\/tr>\n<tr>\n<td><strong>Th\u1ec3 t\u00edch \u0111\u1ea7u g\u1eady(cm3)<\/strong><\/td>\n<td colspan=\"3\" rowspan=\"1\"><strong>460<\/strong><\/td>\n<\/tr>\n<tr>\n<td><strong>Chi\u1ec1u d\u00e0i(inch)<\/strong><\/td>\n<td colspan=\"3\" rowspan=\"1\"><strong>44.5 (R) \/ 44.0 ( A ) \/ 43.5 ( L )<\/strong><\/td>\n<\/tr>\n<tr>\n<td><strong>Balance<\/strong><\/td>\n<td colspan=\"2\" rowspan=\"1\"><strong>C7 (R) \/ C5 ( A ) \/ C2 ( L )<\/strong><\/td>\n<td><strong>C5 (R) \/ C2 ( A ) \/ C0 ( L )<\/strong><\/td>\n<\/tr>\n<tr>\n<td><strong>Tr\u1ecdng l\u01b0\u1ee3ng ( L )<\/strong><\/td>\n<td colspan=\"3\" rowspan=\"1\"><strong>259g<\/strong><\/td>\n<\/tr>\n<\/tbody>\n<\/table>\n<\/div>\n<h2 dir=\"ltr\"><strong>G\u1eady XXIO MP1100 Lady Fairway Wood<\/strong><\/h2>\n<p dir=\"ltr\">XXIO MP 1100 Lady Fairway \u0111\u01b0\u1ee3c thi\u1ebft k\u1ebf gi\u00fap c\u00e1c Golfer n\u1eef c\u00f3 nh\u1eefng c\u00fa Swing d\u00e0i v\u00e0 th\u1eb3ng h\u01a1n. C\u00e1c c\u00f4ng ngh\u1ec7 \u0111\u1ed9t ph\u00e1 c\u1ee7a h\u1ecd mang l\u1ea1i l\u1ee3i \u00edch cho c\u00fa \u0111\u00e1nh c\u1ee7a ph\u1ee5 n\u1eef, c\u1ea3i thi\u1ec7n t\u1ed1c \u0111\u1ed9, \u0111\u1ed9 ch\u00ednh x\u00e1c v\u00e0 \u0111\u1ed9 \u1ed5n \u0111\u1ecbnh \u0111\u1ec3 b\u1ea1n c\u00f3 th\u1ec3 ch\u01a1i Golf d\u1ec5 d\u00e0ng h\u01a1n.<\/p>\n<div>\n<figure class=\"image\"><img loading=\"lazy\" decoding=\"async\" class=\"alignnone size-full wp-image-17223\" src=\"https:\/\/stargolfgroup.com\/wp-content\/uploads\/2022\/07\/G8IPMI0D4dd7x2rQU1c9mMk8VghlTaBIWtv-26hs5gFI0Wq4R7ps3kduOFf0fkDP0GyvNVV5Tvjt67CZKx6wr8YHBhHzZyQwA-fvBrKe4oheH4BmsNJ9AAnnX7U2h-KC-fNTAOBQ.jpg\" sizes=\"auto, (max-width: 1280px) 100vw, 1280px\" srcset=\"https:\/\/stargolfgroup.com\/wp-content\/uploads\/2022\/07\/G8IPMI0D4dd7x2rQU1c9mMk8VghlTaBIWtv-26hs5gFI0Wq4R7ps3kduOFf0fkDP0GyvNVV5Tvjt67CZKx6wr8YHBhHzZyQwA-fvBrKe4oheH4BmsNJ9AAnnX7U2h-KC-fNTAOBQ.jpg 1280w, https:\/\/stargolfgroup.com\/wp-content\/uploads\/2022\/07\/G8IPMI0D4dd7x2rQU1c9mMk8VghlTaBIWtv-26hs5gFI0Wq4R7ps3kduOFf0fkDP0GyvNVV5Tvjt67CZKx6wr8YHBhHzZyQwA-fvBrKe4oheH4BmsNJ9AAnnX7U2h-KC-fNTAOBQ-300x300.jpg 300w, https:\/\/stargolfgroup.com\/wp-content\/uploads\/2022\/07\/G8IPMI0D4dd7x2rQU1c9mMk8VghlTaBIWtv-26hs5gFI0Wq4R7ps3kduOFf0fkDP0GyvNVV5Tvjt67CZKx6wr8YHBhHzZyQwA-fvBrKe4oheH4BmsNJ9AAnnX7U2h-KC-fNTAOBQ-100x100.jpg 100w, https:\/\/stargolfgroup.com\/wp-content\/uploads\/2022\/07\/G8IPMI0D4dd7x2rQU1c9mMk8VghlTaBIWtv-26hs5gFI0Wq4R7ps3kduOFf0fkDP0GyvNVV5Tvjt67CZKx6wr8YHBhHzZyQwA-fvBrKe4oheH4BmsNJ9AAnnX7U2h-KC-fNTAOBQ-600x600.jpg 600w, https:\/\/stargolfgroup.com\/wp-content\/uploads\/2022\/07\/G8IPMI0D4dd7x2rQU1c9mMk8VghlTaBIWtv-26hs5gFI0Wq4R7ps3kduOFf0fkDP0GyvNVV5Tvjt67CZKx6wr8YHBhHzZyQwA-fvBrKe4oheH4BmsNJ9AAnnX7U2h-KC-fNTAOBQ-1024x1024.jpg 1024w, https:\/\/stargolfgroup.com\/wp-content\/uploads\/2022\/07\/G8IPMI0D4dd7x2rQU1c9mMk8VghlTaBIWtv-26hs5gFI0Wq4R7ps3kduOFf0fkDP0GyvNVV5Tvjt67CZKx6wr8YHBhHzZyQwA-fvBrKe4oheH4BmsNJ9AAnnX7U2h-KC-fNTAOBQ-150x150.jpg 150w, https:\/\/stargolfgroup.com\/wp-content\/uploads\/2022\/07\/G8IPMI0D4dd7x2rQU1c9mMk8VghlTaBIWtv-26hs5gFI0Wq4R7ps3kduOFf0fkDP0GyvNVV5Tvjt67CZKx6wr8YHBhHzZyQwA-fvBrKe4oheH4BmsNJ9AAnnX7U2h-KC-fNTAOBQ-768x768.jpg 768w\" alt=\"G\u1eady golf XXIO MP1100 Lady Fairway\" width=\"1280\" height=\"1280\" \/><figcaption>G\u1eady golf XXIO MP1100 Lady Fairway<\/figcaption><\/figure>\n<\/div>\n<h3 dir=\"ltr\"><strong>\u0110\u1eb7c \u0111i\u1ec3m c\u00f4ng ngh\u1ec7<\/strong><\/h3>\n<h4 dir=\"ltr\"><em><strong>Cannon Sole &amp; FacePlate<\/strong><\/em><\/h4>\n<p dir=\"ltr\">M\u1ed9t mi\u1ebfng \u0111\u1ec7m tr\u1ecdng l\u01b0\u1ee3ng c\u00f3 h\u00ecnh d\u1ea1ng \u0111\u1ed9c \u0111\u00e1o cung c\u1ea5p g\u00f3c \u0111\u00e1nh l\u00fd t\u01b0\u1edfng ph\u00f9 h\u1ee3p cho c\u00e1c Golfer n\u1eef. Thi\u1ebft k\u1ebf Sole m\u1ecfng h\u01a1n d\u1eabn \u0111\u1ebfn t\u1ed1c \u0111\u1ed9 b\u00f3ng \u0111\u00e1ng kinh ng\u1ea1c m\u00e0 kh\u00f4ng \u1ea3nh h\u01b0\u1edfng \u0111\u1ebfn \u0111\u1ed9 \u1ed5n \u0111\u1ecbnh<\/p>\n<h4 dir=\"ltr\"><em><strong>Weight Plus<\/strong><\/em><\/h4>\n<p dir=\"ltr\">M\u1ed9t c\u1ee5c tr\u1ecdng l\u01b0\u1ee3ng \u0111\u01b0\u1ee3c l\u00e0m b\u1eb1ng \u0111\u1ed3ng v\u00e0 cao su \u0111\u01b0\u1ee3c \u0111\u1eb7t \u1edf cu\u1ed1i Shaft g\u1eady \u0111\u1ec3 h\u1ed7 tr\u1ee3 l\u1ef1c gi\u00fap c\u00e1c c\u00fa \u0111\u00e1nh c\u1ee7a b\u1ea1n \u0111\u1ea1t \u0111\u01b0\u1ee3c t\u1ed1c \u0111\u1ed9, s\u1ee9c m\u1ea1nh v\u00e0 \u0111\u1ed9 \u1ed5n \u0111\u1ecbnh cao.<\/p>\n<h3 dir=\"ltr\"><strong>Th\u00f4ng s\u1ed1 k\u1ef9 thu\u1eadt<\/strong><\/h3>\n<div class=\"dtb\">\n<table border=\"1\" cellspacing=\"1\" cellpadding=\"1\" align=\"center\">\n<tbody>\n<tr>\n<td><strong>MODEL\u00a0<\/strong><\/td>\n<td><strong>LOFT<\/strong><\/td>\n<td><strong>HAND<\/strong><\/td>\n<td><strong>FLEX<\/strong><\/td>\n<\/tr>\n<tr>\n<td><strong>3WD<\/strong><\/td>\n<td><strong>16\u00b0<\/strong><\/td>\n<td><strong>LRH<\/strong><\/td>\n<td><strong>L<\/strong><\/td>\n<\/tr>\n<tr>\n<td><strong>4WD<\/strong><\/td>\n<td><strong>18\u00b0<\/strong><\/td>\n<td><strong>LRH<\/strong><\/td>\n<td><strong>L<\/strong><\/td>\n<\/tr>\n<tr>\n<td><strong>5WD<\/strong><\/td>\n<td><strong>20\u00b0<\/strong><\/td>\n<td><strong>LRH<\/strong><\/td>\n<td><strong>L<\/strong><\/td>\n<\/tr>\n<tr>\n<td><strong>7WD<\/strong><\/td>\n<td><strong>23\u00b0<\/strong><\/td>\n<td><strong>LRH<\/strong><\/td>\n<td><strong>L<\/strong><\/td>\n<\/tr>\n<tr>\n<td><strong>9WD<\/strong><\/td>\n<td><strong>26\u00b0<\/strong><\/td>\n<td><strong>LRH<\/strong><\/td>\n<td><strong>L<\/strong><\/td>\n<\/tr>\n<\/tbody>\n<\/table>\n<\/div>\n<h2 dir=\"ltr\"><strong>G\u1eady XXIO MP1100 Lady Irons<\/strong><\/h2>\n<p>\u0110\u01b0\u1ee3c ch\u1ebf t\u1ea1o \u0111\u1ec3 c\u1ea3i thi\u1ec7n t\u1ed1c \u0111\u1ed9 \u0111\u00e1nh v\u00e0 \u0111\u1ed9 \u1ed5n \u0111\u1ecbnh cho c\u00e1c Golfer n\u1eef. XXIO MP 1100 Lady Iron v\u1edbi tr\u1ecdng l\u01b0\u1ee3ng t\u01b0\u01a1ng \u0111\u1ed1i nh\u1eb9 gi\u00fap nh\u1eefng Golfer c\u00f3 t\u1ed1c \u0111\u1ed9 Swing trung b\u00ecnh \u0111ang t\u00ecm ki\u1ebfm nh\u1eefng c\u00fa \u0111\u00e1nh t\u1ed1t h\u01a1n.<\/p>\n<div>\n<figure class=\"image\"><img loading=\"lazy\" decoding=\"async\" class=\"alignnone size-full wp-image-17224\" src=\"https:\/\/stargolfgroup.com\/wp-content\/uploads\/2022\/07\/bW2eBdxz8N1sDBG8EdrfbWPtoCOis6J-vzVIWImOUgD3sgOqFsthgEZcyH2sZl2TooGE9T-Fx4z2T06BkyGSJMk2JxZI89M1Uw0ZSWsCZgsSRBqiOsaGvxXzehZhvsG_5nvf6T-J.jpg\" sizes=\"auto, (max-width: 700px) 100vw, 700px\" srcset=\"https:\/\/stargolfgroup.com\/wp-content\/uploads\/2022\/07\/bW2eBdxz8N1sDBG8EdrfbWPtoCOis6J-vzVIWImOUgD3sgOqFsthgEZcyH2sZl2TooGE9T-Fx4z2T06BkyGSJMk2JxZI89M1Uw0ZSWsCZgsSRBqiOsaGvxXzehZhvsG_5nvf6T-J.jpg 700w, https:\/\/stargolfgroup.com\/wp-content\/uploads\/2022\/07\/bW2eBdxz8N1sDBG8EdrfbWPtoCOis6J-vzVIWImOUgD3sgOqFsthgEZcyH2sZl2TooGE9T-Fx4z2T06BkyGSJMk2JxZI89M1Uw0ZSWsCZgsSRBqiOsaGvxXzehZhvsG_5nvf6T-J-300x300.jpg 300w, https:\/\/stargolfgroup.com\/wp-content\/uploads\/2022\/07\/bW2eBdxz8N1sDBG8EdrfbWPtoCOis6J-vzVIWImOUgD3sgOqFsthgEZcyH2sZl2TooGE9T-Fx4z2T06BkyGSJMk2JxZI89M1Uw0ZSWsCZgsSRBqiOsaGvxXzehZhvsG_5nvf6T-J-100x100.jpg 100w, https:\/\/stargolfgroup.com\/wp-content\/uploads\/2022\/07\/bW2eBdxz8N1sDBG8EdrfbWPtoCOis6J-vzVIWImOUgD3sgOqFsthgEZcyH2sZl2TooGE9T-Fx4z2T06BkyGSJMk2JxZI89M1Uw0ZSWsCZgsSRBqiOsaGvxXzehZhvsG_5nvf6T-J-600x600.jpg 600w, https:\/\/stargolfgroup.com\/wp-content\/uploads\/2022\/07\/bW2eBdxz8N1sDBG8EdrfbWPtoCOis6J-vzVIWImOUgD3sgOqFsthgEZcyH2sZl2TooGE9T-Fx4z2T06BkyGSJMk2JxZI89M1Uw0ZSWsCZgsSRBqiOsaGvxXzehZhvsG_5nvf6T-J-150x150.jpg 150w\" alt=\"G\u1eady XXIO MP1100 Lady Irons\" width=\"700\" height=\"700\" \/><figcaption>G\u1eady XXIO MP1100 Lady Irons<\/figcaption><\/figure>\n<\/div>\n<h3 dir=\"ltr\"><strong>\u0110\u1eb7c \u0111i\u1ec3m c\u00f4ng ngh\u1ec7<\/strong><\/h3>\n<h4 dir=\"ltr\"><em><strong>Dunlop\u2019s Flying Technology<\/strong><\/em><\/h4>\n<p dir=\"ltr\">C\u00f4ng ngh\u1ec7 bay c\u1ee7a Dunlop tr\u00ean g\u1eady Golf XXIO \u0111\u00e3 gi\u00fap c\u1ea3i thi\u1ec7n \u0111\u00e1ng k\u1ec3 kh\u1ea3 n\u0103ng \u0111\u00e0n h\u1ed3i c\u1ee7a m\u1eb7t g\u1eady gi\u00fap t\u1ed1i \u0111a h\u00f3a s\u1ee9c m\u1ea1nh tr\u00ean t\u1eebng c\u00fa \u0111\u00e1nh.<\/p>\n<h4 dir=\"ltr\"><strong><em>Twin Groove<\/em><\/strong><\/h4>\n<p dir=\"ltr\">XXIO MP1100 Iron \u0111\u01b0\u1ee3c ph\u00e1t tri\u1ec3n s\u1eed d\u1ee5ng kh\u1ea3 n\u0103ng u\u1ed1n cong c\u1ee7a m\u1eb7t g\u1eady \u0111\u1ec3 \u0111\u1ea1t \u0111\u01b0\u1ee3c kho\u1ea3ng c\u00e1ch l\u1edbn v\u00e0 \u0111\u1ed9 \u1ed5n \u0111\u1ecbnh cao. B\u00ean trong m\u1eb7t sau, ngo\u00e0i c\u00e1c r\u00e3nh th\u00f4ng th\u01b0\u1eddng, m\u1ed9t r\u00e3nh s\u00e2u g\u1ea5p \u0111\u00f4i \u0111\u01b0\u1ee3c thi\u1ebft k\u1ebf v\u00e0 kh\u1ea3 n\u0103ng \u0111\u00e0n h\u1ed3i \u0111\u01b0\u1ee3c t\u0103ng c\u01b0\u1eddng b\u1eb1ng c\u00e1ch t\u0103ng \u0111\u1ed9 l\u1ec7ch c\u1ee7a Sole khi va ch\u1ea1m.<\/p>\n<h4 dir=\"ltr\"><em><strong>Double Undercut Cavity<\/strong><\/em><\/h4>\n<p dir=\"ltr\">C\u1ea5u tr\u00fac 4 m\u1ea3nh c\u1eaft \u0111\u1ea7u g\u1eady gi\u00fap t\u0103ng \u0111\u1ed9 linh ho\u1ea1t cho t\u1ed1c \u0111\u1ed9 v\u00e0 kho\u1ea3ng c\u00e1ch b\u00f9ng n\u1ed5.<\/p>\n<\/div>\n<\/div>\n<\/div>\n<div class=\"message-reaction-container has-send-time  me  show-react-btn\">\n<div data-id=\"btn_SentMsg_React\">\n<div class=\"msg-reaction-icon\">\n<div class=\"default-react-icon-thumb\"><\/div>\n<\/div>\n<div class=\"emoji-list-wrapper  me  hide-elist\">\n<div class=\"reaction-emoji-list \">\n<div class=\"reaction-emoji-icon\"><\/div>\n<div class=\"reaction-emoji-icon\"><\/div>\n<div class=\"reaction-emoji-icon\"><\/div>\n<div class=\"reaction-emoji-icon\"><\/div>\n<div class=\"reaction-emoji-icon\"><\/div>\n<div class=\"reaction-emoji-icon\"><\/div>\n<\/div>\n<\/div>\n<\/div>\n<\/div>\n<\/div>\n<\/div>\n<\/div>\n<\/div>\n<\/div>\n<div class=\"chat-date\"><\/div>\n<div class=\"chat-item flx me\">\n<div class=\"chat-content flx flx-col flx-cell  me\">\n<div id=\"bb_msg_id_1666319428678\" class=\"chat-message wrap-message rotate-container me  -reaction\" data-node-type=\"bubble-message\">\n<div class=\"\">\n<div class=\"card  me  card--text\" data-id=\"div_SentMsg_Text\"><\/div>\n<\/div>\n<\/div>\n<\/div>\n<\/div>\n","protected":false},"excerpt":{"rendered":"<p>Fullset N\u1eef XXIO MP1100 g\u1ed3m 10 g\u1eady \u26f3\ufe0fDriver 12.5 \u0111\u1ed9 \u26f3\ufe0fG\u1ed7 5 \u26f3\ufe0fRescue 6 \u26f3\ufe0fB\u1ed9 s\u1eaft g\u1ed3m 6 g\u1eady 7.8.9.p.a.s \u26f3\ufe0fPutter xxio \u26f3\ufe0fC\u00e1n L 45 tr G\u1eady XXIO MP1100 Lady Driver C\u00f4ng ngh\u1ec7 \u0111\u1eb7c tr\u01b0ng Dunlop\u2019s Flying Technology (c\u00f4ng ngh\u1ec7 bay) C\u00f4ng ngh\u1ec7 bay c\u1ee7a Dunlop gi\u00fap c\u1ea3i thi\u1ec7n kh\u1ea3 n\u0103ng \u0111\u00e0n h\u1ed3i c\u1ee7a \u0111\u1ea7u [&#8230;]\n","protected":false},"featured_media":2912,"comment_status":"open","ping_status":"closed","template":"","meta":[],"product_brand":[],"product_cat":[91,92],"product_tag":[],"class_list":{"0":"post-2911","1":"product","2":"type-product","3":"status-publish","4":"has-post-thumbnail","6":"product_cat-fullset","7":"product_cat-gay-nu","9":"first","10":"instock","11":"shipping-taxable","12":"product-type-simple"},"yoast_head":"<!-- This site is optimized with the Yoast SEO plugin v19.0 - https:\/\/yoast.com\/wordpress\/plugins\/seo\/ -->\n<title>B\u1ed9 Fulsett XXIO MP1100 Ladies -<\/title>\n<meta name=\"robots\" content=\"index, follow, max-snippet:-1, max-image-preview:large, max-video-preview:-1\" \/>\n<link rel=\"canonical\" href=\"https:\/\/lotusgolf.vn\/vi\/product\/bo-fulsett-xxio-mp1100-ladies\/\" \/>\n<meta property=\"og:locale\" content=\"vi_VN\" \/>\n<meta property=\"og:type\" content=\"article\" \/>\n<meta property=\"og:title\" content=\"B\u1ed9 Fulsett XXIO MP1100 Ladies -\" \/>\n<meta property=\"og:description\" content=\"Fullset N\u1eef XXIO MP1100 g\u1ed3m 10 g\u1eady \u26f3\ufe0fDriver 12.5 \u0111\u1ed9 \u26f3\ufe0fG\u1ed7 5 \u26f3\ufe0fRescue 6 \u26f3\ufe0fB\u1ed9 s\u1eaft g\u1ed3m 6 g\u1eady 7.8.9.p.a.s \u26f3\ufe0fPutter xxio \u26f3\ufe0fC\u00e1n L 45 tr G\u1eady XXIO MP1100 Lady Driver C\u00f4ng ngh\u1ec7 \u0111\u1eb7c tr\u01b0ng Dunlop\u2019s Flying Technology (c\u00f4ng ngh\u1ec7 bay) C\u00f4ng ngh\u1ec7 bay c\u1ee7a Dunlop gi\u00fap c\u1ea3i thi\u1ec7n kh\u1ea3 n\u0103ng \u0111\u00e0n h\u1ed3i c\u1ee7a \u0111\u1ea7u [...]\" \/>\n<meta property=\"og:url\" content=\"https:\/\/lotusgolf.vn\/vi\/product\/bo-fulsett-xxio-mp1100-ladies\/\" \/>\n<meta property=\"og:image\" content=\"https:\/\/lotusgolf.vn\/wp-content\/uploads\/2022\/10\/z3816701732674_3398ad07ba2014629d6c7756832f7302.jpg\" \/>\n\t<meta property=\"og:image:width\" content=\"956\" \/>\n\t<meta property=\"og:image:height\" content=\"1276\" \/>\n\t<meta property=\"og:image:type\" content=\"image\/jpeg\" \/>\n<meta name=\"twitter:card\" content=\"summary_large_image\" \/>\n<meta name=\"twitter:label1\" content=\"\u01af\u1edbc t\u00ednh th\u1eddi gian \u0111\u1ecdc\" \/>\n\t<meta name=\"twitter:data1\" content=\"5 ph\u00fat\" \/>\n<script type=\"application\/ld+json\" class=\"yoast-schema-graph\">{\"@context\":\"https:\/\/schema.org\",\"@graph\":[{\"@type\":\"WebSite\",\"@id\":\"https:\/\/lotusgolf-b23998.ingress-bonde.ewp.live\/#website\",\"url\":\"https:\/\/lotusgolf-b23998.ingress-bonde.ewp.live\/\",\"name\":\"\",\"description\":\"\",\"potentialAction\":[{\"@type\":\"SearchAction\",\"target\":{\"@type\":\"EntryPoint\",\"urlTemplate\":\"https:\/\/lotusgolf-b23998.ingress-bonde.ewp.live\/?s={search_term_string}\"},\"query-input\":\"required name=search_term_string\"}],\"inLanguage\":\"vi\"},{\"@type\":\"ImageObject\",\"inLanguage\":\"vi\",\"@id\":\"https:\/\/lotusgolf.vn\/product\/bo-fulsett-xxio-mp1100-ladies\/#primaryimage\",\"url\":\"https:\/\/lotusgolf.vn\/wp-content\/uploads\/2022\/10\/z3816701732674_3398ad07ba2014629d6c7756832f7302.jpg\",\"contentUrl\":\"https:\/\/lotusgolf.vn\/wp-content\/uploads\/2022\/10\/z3816701732674_3398ad07ba2014629d6c7756832f7302.jpg\",\"width\":956,\"height\":1276},{\"@type\":\"WebPage\",\"@id\":\"https:\/\/lotusgolf.vn\/product\/bo-fulsett-xxio-mp1100-ladies\/#webpage\",\"url\":\"https:\/\/lotusgolf.vn\/product\/bo-fulsett-xxio-mp1100-ladies\/\",\"name\":\"B\u1ed9 Fulsett XXIO MP1100 Ladies -\",\"isPartOf\":{\"@id\":\"https:\/\/lotusgolf-b23998.ingress-bonde.ewp.live\/#website\"},\"primaryImageOfPage\":{\"@id\":\"https:\/\/lotusgolf.vn\/product\/bo-fulsett-xxio-mp1100-ladies\/#primaryimage\"},\"datePublished\":\"2022-10-21T04:23:17+00:00\",\"dateModified\":\"2022-10-21T04:23:17+00:00\",\"breadcrumb\":{\"@id\":\"https:\/\/lotusgolf.vn\/product\/bo-fulsett-xxio-mp1100-ladies\/#breadcrumb\"},\"inLanguage\":\"vi\",\"potentialAction\":[{\"@type\":\"ReadAction\",\"target\":[\"https:\/\/lotusgolf.vn\/product\/bo-fulsett-xxio-mp1100-ladies\/\"]}]},{\"@type\":\"BreadcrumbList\",\"@id\":\"https:\/\/lotusgolf.vn\/product\/bo-fulsett-xxio-mp1100-ladies\/#breadcrumb\",\"itemListElement\":[{\"@type\":\"ListItem\",\"position\":1,\"name\":\"Home\",\"item\":\"https:\/\/lotusgolf.vn\/\"},{\"@type\":\"ListItem\",\"position\":2,\"name\":\"Shop\",\"item\":\"https:\/\/lotusgolf-b23998.ingress-bonde.ewp.live\/shop\/\"},{\"@type\":\"ListItem\",\"position\":3,\"name\":\"B\u1ed9 Fulsett XXIO MP1100 Ladies\"}]}]}<\/script>\n<!-- \/ Yoast SEO plugin. -->","yoast_head_json":{"title":"B\u1ed9 Fulsett XXIO MP1100 Ladies -","robots":{"index":"index","follow":"follow","max-snippet":"max-snippet:-1","max-image-preview":"max-image-preview:large","max-video-preview":"max-video-preview:-1"},"canonical":"https:\/\/lotusgolf.vn\/vi\/product\/bo-fulsett-xxio-mp1100-ladies\/","og_locale":"vi_VN","og_type":"article","og_title":"B\u1ed9 Fulsett XXIO MP1100 Ladies -","og_description":"Fullset N\u1eef XXIO MP1100 g\u1ed3m 10 g\u1eady \u26f3\ufe0fDriver 12.5 \u0111\u1ed9 \u26f3\ufe0fG\u1ed7 5 \u26f3\ufe0fRescue 6 \u26f3\ufe0fB\u1ed9 s\u1eaft g\u1ed3m 6 g\u1eady 7.8.9.p.a.s \u26f3\ufe0fPutter xxio \u26f3\ufe0fC\u00e1n L 45 tr G\u1eady XXIO MP1100 Lady Driver C\u00f4ng ngh\u1ec7 \u0111\u1eb7c tr\u01b0ng Dunlop\u2019s Flying Technology (c\u00f4ng ngh\u1ec7 bay) C\u00f4ng ngh\u1ec7 bay c\u1ee7a Dunlop gi\u00fap c\u1ea3i thi\u1ec7n kh\u1ea3 n\u0103ng \u0111\u00e0n h\u1ed3i c\u1ee7a \u0111\u1ea7u [...]","og_url":"https:\/\/lotusgolf.vn\/vi\/product\/bo-fulsett-xxio-mp1100-ladies\/","og_image":[{"width":956,"height":1276,"url":"https:\/\/lotusgolf.vn\/wp-content\/uploads\/2022\/10\/z3816701732674_3398ad07ba2014629d6c7756832f7302.jpg","type":"image\/jpeg"}],"twitter_card":"summary_large_image","twitter_misc":{"\u01af\u1edbc t\u00ednh th\u1eddi gian \u0111\u1ecdc":"5 ph\u00fat"},"schema":{"@context":"https:\/\/schema.org","@graph":[{"@type":"WebSite","@id":"https:\/\/lotusgolf-b23998.ingress-bonde.ewp.live\/#website","url":"https:\/\/lotusgolf-b23998.ingress-bonde.ewp.live\/","name":"","description":"","potentialAction":[{"@type":"SearchAction","target":{"@type":"EntryPoint","urlTemplate":"https:\/\/lotusgolf-b23998.ingress-bonde.ewp.live\/?s={search_term_string}"},"query-input":"required name=search_term_string"}],"inLanguage":"vi"},{"@type":"ImageObject","inLanguage":"vi","@id":"https:\/\/lotusgolf.vn\/product\/bo-fulsett-xxio-mp1100-ladies\/#primaryimage","url":"https:\/\/lotusgolf.vn\/wp-content\/uploads\/2022\/10\/z3816701732674_3398ad07ba2014629d6c7756832f7302.jpg","contentUrl":"https:\/\/lotusgolf.vn\/wp-content\/uploads\/2022\/10\/z3816701732674_3398ad07ba2014629d6c7756832f7302.jpg","width":956,"height":1276},{"@type":"WebPage","@id":"https:\/\/lotusgolf.vn\/product\/bo-fulsett-xxio-mp1100-ladies\/#webpage","url":"https:\/\/lotusgolf.vn\/product\/bo-fulsett-xxio-mp1100-ladies\/","name":"B\u1ed9 Fulsett XXIO MP1100 Ladies -","isPartOf":{"@id":"https:\/\/lotusgolf-b23998.ingress-bonde.ewp.live\/#website"},"primaryImageOfPage":{"@id":"https:\/\/lotusgolf.vn\/product\/bo-fulsett-xxio-mp1100-ladies\/#primaryimage"},"datePublished":"2022-10-21T04:23:17+00:00","dateModified":"2022-10-21T04:23:17+00:00","breadcrumb":{"@id":"https:\/\/lotusgolf.vn\/product\/bo-fulsett-xxio-mp1100-ladies\/#breadcrumb"},"inLanguage":"vi","potentialAction":[{"@type":"ReadAction","target":["https:\/\/lotusgolf.vn\/product\/bo-fulsett-xxio-mp1100-ladies\/"]}]},{"@type":"BreadcrumbList","@id":"https:\/\/lotusgolf.vn\/product\/bo-fulsett-xxio-mp1100-ladies\/#breadcrumb","itemListElement":[{"@type":"ListItem","position":1,"name":"Home","item":"https:\/\/lotusgolf.vn\/"},{"@type":"ListItem","position":2,"name":"Shop","item":"https:\/\/lotusgolf-b23998.ingress-bonde.ewp.live\/shop\/"},{"@type":"ListItem","position":3,"name":"B\u1ed9 Fulsett XXIO MP1100 Ladies"}]}]}},"_links":{"self":[{"href":"https:\/\/lotusgolf.vn\/vi\/wp-json\/wp\/v2\/product\/2911","targetHints":{"allow":["GET"]}}],"collection":[{"href":"https:\/\/lotusgolf.vn\/vi\/wp-json\/wp\/v2\/product"}],"about":[{"href":"https:\/\/lotusgolf.vn\/vi\/wp-json\/wp\/v2\/types\/product"}],"replies":[{"embeddable":true,"href":"https:\/\/lotusgolf.vn\/vi\/wp-json\/wp\/v2\/comments?post=2911"}],"wp:featuredmedia":[{"embeddable":true,"href":"https:\/\/lotusgolf.vn\/vi\/wp-json\/wp\/v2\/media\/2912"}],"wp:attachment":[{"href":"https:\/\/lotusgolf.vn\/vi\/wp-json\/wp\/v2\/media?parent=2911"}],"wp:term":[{"taxonomy":"product_brand","embeddable":true,"href":"https:\/\/lotusgolf.vn\/vi\/wp-json\/wp\/v2\/product_brand?post=2911"},{"taxonomy":"product_cat","embeddable":true,"href":"https:\/\/lotusgolf.vn\/vi\/wp-json\/wp\/v2\/product_cat?post=2911"},{"taxonomy":"product_tag","embeddable":true,"href":"https:\/\/lotusgolf.vn\/vi\/wp-json\/wp\/v2\/product_tag?post=2911"}],"curies":[{"name":"wp","href":"https:\/\/api.w.org\/{rel}","templated":true}]}}