{"id":2946,"date":"2022-10-21T04:43:31","date_gmt":"2022-10-21T04:43:31","guid":{"rendered":"https:\/\/lotusgolf.vn\/?post_type=product&#038;p=2946"},"modified":"2022-10-21T04:43:31","modified_gmt":"2022-10-21T04:43:31","slug":"bo-gay-golf-fullset-xxio-mp1200","status":"publish","type":"product","link":"https:\/\/lotusgolf.vn\/vi\/product\/bo-gay-golf-fullset-xxio-mp1200","title":{"rendered":"B\u1ed9 g\u1eady golf fullset XXIO MP1200"},"content":{"rendered":"<div id=\"description\" class=\"data item content\" aria-labelledby=\"tab-label-description-title\">\n<div class=\"product attribute description\">\n<div class=\"value\">\n<h1><a href=\"https:\/\/www.tatgolf.vn\/gay\/driver.html\"><strong>C\u00f4ng ngh\u00ea\u0323 XXIO MP1200<\/strong><\/a><\/h1>\n<p><strong>C\u00f4ng ngh\u1ec7 Lightweight Crown:<\/strong>\u00a0c\u00f4ng ngh\u1ec7 Lightweight Crown kh\u1ed1i l\u01b0\u1ee3ng c\u1ee7a XXIO Mp1200 \u0111\u1ec3 gi\u1ea3m tr\u1ecdng t\u00e2m v\u00e0 t\u0103ng MOI gi\u00fap c\u00e1c c\u00fa \u0111\u00e1nh \u0111\u01b0\u1ee3c hi\u1ec7u qu\u1ea3 h\u01a1n.<\/p>\n<p><strong>6-Section Bulge and Roll Design:<\/strong>\u00a0C\u00f4ng ngh\u1ec7 n\u00e0y c\u00f3 t\u00e1c d\u1ee5ng gi\u00fap c\u00e1c c\u00fa \u0111\u00e1nh \u0111\u01b0\u1ee3c th\u1eb3ng v\u00e0 xa h\u01a1n. \u0110i\u1ec1u n\u00e0y \u0111\u00e3 \u0111\u01b0\u1ee3c c\u00e1c chuy\u00ean gia v\u1ec1 golf ki\u1ec3m nghi\u1ec7m t\u1ed1c \u0111\u1ed9 xa h\u01a1n so v\u1edbi phi\u00ean b\u1ea3n 11 l\u00e0 +36 yards v\u00e0 t\u1ed1c \u0111\u1ed9 c\u1ee7a \u0111\u1ea7u g\u1eady l\u00ean t\u1edbi 38m\/s.<\/p>\n<p><strong>Dual Speed Technology:\u00a0<\/strong>V\u1edbi c\u00f4ng ngh\u1ec7 Dual Speed Technology ng\u01b0\u1eddi ch\u01a1i c\u00f3 th\u1ec3 c\u1ea3m nh\u1eadn r\u00f5 s\u1ef1 t\u0103ng t\u1ed1c c\u1ee7a b\u00f3ng c\u00f9ng v\u1edbi \u0111\u00f3 l\u00e0 s\u1ef1 gi\u1ea3m c\u00fa xo\u00e1y c\u1ee7a b\u00f3ng 1 c\u00e1ch t\u1ed1t nh\u1ea5t.<\/p>\n<h3><strong>C\u00f4ng ngh\u1ec7 Dunlop v\u00e0 Weight Plus Technology<\/strong><\/h3>\n<p>S\u1ef1 c\u1ea3i ti\u1ebfn v\u00e0 n\u00e2ng c\u1ea5p c\u1ee7a c\u00f4ng ngh\u1ec7 Dunlop gi\u00fap ng\u01b0\u1eddi ch\u01a1i \u0111\u1ea1t hi\u1ec7u su\u1ea5t chi\u1ebfn th\u1eafng cao. \u0110\u1ed3ng th\u1eddi gi\u1ea3m h\u1ed7 tr\u1ee3 Handicap h\u01a1n 20% so v\u1edbi phi\u00ean b\u1ea3n tr\u01b0\u1edbc \u0111\u00f3. Trong phi\u00ean b\u1ea3n m\u1edbi n\u00e0y, XXIO t\u1eadp trung gia t\u0103ng tr\u1ecdng l\u01b0\u1ee3ng tay c\u1ea7m v\u00e0 gi\u1ea3m tr\u1ecdng l\u01b0\u1ee3ng ri\u00eang c\u1ee7a shaft. \u0110\u00e2y l\u00e0 1 b\u01b0\u1edbc c\u1ea3i ti\u1ebfn tuy\u1ec7t v\u1eddi gi\u00fap ng\u01b0\u1eddi ch\u01a1i th\u1ecfa \u01b0\u1edbc \u0111am m\u00ea v\u1edbi nh\u1eefng c\u00fa ph\u00e1t b\u00f3ng \u0111i v\u00e0o l\u00f2ng ng\u01b0\u1eddi.<\/p>\n<p><strong>C\u00f4ng ngh\u1ec7 Flat Cup Face gi\u00fap gia t\u0103ng \u0111i\u1ec3m ng\u1ecdt:<\/strong>C\u00f4ng ngh\u1ec7 n\u00e0y \u0111\u00e3 xu\u1ea5t hi\u1ec7n trong phi\u00ean b\u1ea3n th\u1ebf h\u1ec7 11. Tuy nhi\u00ean sang \u0111\u1ebfn phi\u00ean b\u1ea3n Mp1200, c\u00f4ng ngh\u1ec7 Flat Cup Face \u0111\u01b0\u1ee3c c\u1ea3i ti\u1ebfn r\u00f5 r\u1ec7t. \u0110i\u1ec1u n\u00e0y \u0111\u01b0\u1ee3c th\u1ec3 hi\u1ec7n r\u00f5 qua ph\u1ea7n \u0111i\u1ec3m ng\u1ecdt \u1edf m\u1eb7t g\u1eady, so v\u1edbi phi\u00ean b\u1ea3n c\u0169, phi\u00ean b\u1ea3n m\u1edbi m\u1ecfng h\u01a1n 15%. K\u00e8m theo \u0111\u00f3 l\u00e0 \u0111\u1ea9y nhanh t\u1ed1c \u0111\u1ed9 bay c\u1ee7a \u0111\u1ea7u g\u1eady XXIO MP1200 l\u00ean \u0111\u1ebfn 12%.<\/p>\n<p><strong>Shaft nh\u1eb9 h\u01a1n, linh ho\u1ea1t h\u01a1n:\u00a0<\/strong>\u0110\u00e2y l\u00e0 1 \u0111i\u1ec3m n\u1ed5i b\u1eadt m\u1edbi l\u00e0 d\u00f2ng XXIO tr\u01b0\u1edbc \u0111\u00e2y ch\u01b0a c\u00f3. Shaft \u0111\u01b0\u1ee3c qu\u1ea5n th\u00eam 1 l\u1edbp c\u00e1c s\u1ee3i carbon t\u1ed5ng h\u1ee3p v\u00f4 c\u00f9ng ch\u1eafc ch\u1eafn. \u0110i\u1ec1u n\u00e0y gi\u00fap shaft tr\u1edf n\u00ean \u0111\u1eb1m h\u01a1n, c\u00e1c golfer c\u00f9ng c\u00f3 th\u1ec3 c\u1ea3m nh\u1eadn \u0111\u1ed9 \u0111\u01b0\u1ee3c b\u00f3ng 1 c\u00e1ch ch\u00e2n th\u1eadt nh\u1ea5t. \u0110i\u1ec3m \u0111\u00e1ng n\u00f3i \u1edf \u0111\u00e2y l\u00e0 ph\u1ea7n \u0111\u1ea7u v\u00e0 \u0111\u1ebf nh\u1eb9 h\u01a1n t\u1ea1o ti\u1ec1n \u0111\u1ec1 cho MOI t\u0103ng b\u1edfi v\u1eady c\u00e1c c\u00fa \u0111\u00e1nh s\u1ebd d\u1ee9t kho\u00e1t v\u00e0\u00a0 linh ho\u1ea1t h\u01a1n. So v\u1edbi phi\u00ean b\u1ea3n th\u1ebf h\u1ec7 11, XXIO Mp1200 qu\u00e1n t\u00ednh cao h\u01a1n 8%, h\u1ed7 tr\u1ee3 \u0111\u01b0\u1eddng \u0111i c\u1ee7a b\u00f3ng xa h\u01a1n.<\/p>\n<p><strong>C\u00f4ng ngh\u1ec7 Sound Ribs :<\/strong>Mang \u0111\u1ebfn s\u1ef1 ho\u00e0n h\u1ea3o v\u00e0 ti\u1ec7n l\u1ee3i h\u01a1n b\u1ea3n MP1100, XXIO MP1200 \u0111\u00e3 d\u00f9ng c\u00f4ng ngh\u1ec7 Sound Ribs \u0111\u1ec3 c\u00f3 1 k\u1ebft qu\u1ea3 chi\u1ebfn th\u1eafng ho\u00e0n h\u1ea3o. B\u1edfi v\u1eady, m\u1ed7i c\u1ee9 \u0111\u00e1nh s\u1ebd ph\u00e1t ra \u00e2m thanh ng\u1ecdt v\u00e0 vang h\u01a1n.<\/p>\n<p><span style=\"font-size: 20.16px; color: #333333;\">Chi ti\u1ebft s\u1ea3n ph\u1ea9m<\/span><\/p>\n<\/div>\n<\/div>\n<\/div>\n<div id=\"additional\" class=\"data item content\" aria-labelledby=\"tab-label-additional-title\">\n<div class=\"additional-attributes-wrapper table-wrapper\">\n<div id=\"product-attribute-specs-table\" class=\"data table additional-attributes\">\n<ul class=\"attribute-specs-wrapper\">\n<li>Gi\u1edbi t\u00ednh: Nam<\/li>\n<li>H\u00e3ng: XXIO<\/li>\n<li>S\u1ea3n xu\u1ea5t : Nh\u1eadt B\u1ea3<\/li>\n<\/ul>\n<p>Fullset XXIO MP1200\u00a0 g\u1ed3m 12 g\u1eady m\u1edbi 90%<\/p>\n<p>\u26f3\ufe0fDriver<\/p>\n<p>\u26f3\ufe0fG\u1ed7 5<\/p>\n<p>\u26f3\ufe0fRescue 4<\/p>\n<p>\u26f3\ufe0fB\u1ed9 s\u1eaft g\u1ed3m 8 g\u1eady 5.67.8.9.p.a.s<\/p>\n<p>\u26f3\ufe0fPutter xxio<\/p>\n<p>\u26f3\ufe0fC\u00e1n R<\/p>\n<\/div>\n<\/div>\n<\/div>\n","protected":false},"excerpt":{"rendered":"<p>C\u00f4ng ngh\u00ea\u0323 XXIO MP1200 C\u00f4ng ngh\u1ec7 Lightweight Crown:\u00a0c\u00f4ng ngh\u1ec7 Lightweight Crown kh\u1ed1i l\u01b0\u1ee3ng c\u1ee7a XXIO Mp1200 \u0111\u1ec3 gi\u1ea3m tr\u1ecdng t\u00e2m v\u00e0 t\u0103ng MOI gi\u00fap c\u00e1c c\u00fa \u0111\u00e1nh \u0111\u01b0\u1ee3c hi\u1ec7u qu\u1ea3 h\u01a1n. 6-Section Bulge and Roll Design:\u00a0C\u00f4ng ngh\u1ec7 n\u00e0y c\u00f3 t\u00e1c d\u1ee5ng gi\u00fap c\u00e1c c\u00fa \u0111\u00e1nh \u0111\u01b0\u1ee3c th\u1eb3ng v\u00e0 xa h\u01a1n. \u0110i\u1ec1u n\u00e0y \u0111\u00e3 \u0111\u01b0\u1ee3c c\u00e1c [&#8230;]\n","protected":false},"featured_media":2948,"comment_status":"open","ping_status":"closed","template":"","meta":[],"product_brand":[],"product_cat":[91],"product_tag":[],"class_list":{"0":"post-2946","1":"product","2":"type-product","3":"status-publish","4":"has-post-thumbnail","6":"product_cat-fullset","8":"first","9":"instock","10":"shipping-taxable","11":"product-type-simple"},"yoast_head":"<!-- This site is optimized with the Yoast SEO plugin v19.0 - https:\/\/yoast.com\/wordpress\/plugins\/seo\/ -->\n<title>B\u1ed9 g\u1eady golf fullset XXIO MP1200 -<\/title>\n<meta name=\"robots\" content=\"index, follow, max-snippet:-1, max-image-preview:large, max-video-preview:-1\" \/>\n<link rel=\"canonical\" href=\"https:\/\/lotusgolf.vn\/vi\/product\/bo-gay-golf-fullset-xxio-mp1200\/\" \/>\n<meta property=\"og:locale\" content=\"vi_VN\" \/>\n<meta property=\"og:type\" content=\"article\" \/>\n<meta property=\"og:title\" content=\"B\u1ed9 g\u1eady golf fullset XXIO MP1200 -\" \/>\n<meta property=\"og:description\" content=\"C\u00f4ng ngh\u00ea\u0323 XXIO MP1200 C\u00f4ng ngh\u1ec7 Lightweight Crown:\u00a0c\u00f4ng ngh\u1ec7 Lightweight Crown kh\u1ed1i l\u01b0\u1ee3ng c\u1ee7a XXIO Mp1200 \u0111\u1ec3 gi\u1ea3m tr\u1ecdng t\u00e2m v\u00e0 t\u0103ng MOI gi\u00fap c\u00e1c c\u00fa \u0111\u00e1nh \u0111\u01b0\u1ee3c hi\u1ec7u qu\u1ea3 h\u01a1n. 6-Section Bulge and Roll Design:\u00a0C\u00f4ng ngh\u1ec7 n\u00e0y c\u00f3 t\u00e1c d\u1ee5ng gi\u00fap c\u00e1c c\u00fa \u0111\u00e1nh \u0111\u01b0\u1ee3c th\u1eb3ng v\u00e0 xa h\u01a1n. \u0110i\u1ec1u n\u00e0y \u0111\u00e3 \u0111\u01b0\u1ee3c c\u00e1c [...]\" \/>\n<meta property=\"og:url\" content=\"https:\/\/lotusgolf.vn\/vi\/product\/bo-gay-golf-fullset-xxio-mp1200\/\" \/>\n<meta property=\"og:image\" content=\"https:\/\/lotusgolf.vn\/wp-content\/uploads\/2022\/10\/z3816990832515_00296a90f7e03d4e7fd3b9a4317711d0.jpg\" \/>\n\t<meta property=\"og:image:width\" content=\"956\" \/>\n\t<meta property=\"og:image:height\" content=\"1276\" \/>\n\t<meta property=\"og:image:type\" content=\"image\/jpeg\" \/>\n<meta name=\"twitter:card\" content=\"summary_large_image\" \/>\n<meta name=\"twitter:label1\" content=\"\u01af\u1edbc t\u00ednh th\u1eddi gian \u0111\u1ecdc\" \/>\n\t<meta name=\"twitter:data1\" content=\"3 ph\u00fat\" \/>\n<script type=\"application\/ld+json\" class=\"yoast-schema-graph\">{\"@context\":\"https:\/\/schema.org\",\"@graph\":[{\"@type\":\"WebSite\",\"@id\":\"https:\/\/lotusgolf-b23998.ingress-bonde.ewp.live\/#website\",\"url\":\"https:\/\/lotusgolf-b23998.ingress-bonde.ewp.live\/\",\"name\":\"\",\"description\":\"\",\"potentialAction\":[{\"@type\":\"SearchAction\",\"target\":{\"@type\":\"EntryPoint\",\"urlTemplate\":\"https:\/\/lotusgolf-b23998.ingress-bonde.ewp.live\/?s={search_term_string}\"},\"query-input\":\"required name=search_term_string\"}],\"inLanguage\":\"vi\"},{\"@type\":\"ImageObject\",\"inLanguage\":\"vi\",\"@id\":\"https:\/\/lotusgolf.vn\/product\/bo-gay-golf-fullset-xxio-mp1200\/#primaryimage\",\"url\":\"https:\/\/lotusgolf.vn\/wp-content\/uploads\/2022\/10\/z3816990832515_00296a90f7e03d4e7fd3b9a4317711d0.jpg\",\"contentUrl\":\"https:\/\/lotusgolf.vn\/wp-content\/uploads\/2022\/10\/z3816990832515_00296a90f7e03d4e7fd3b9a4317711d0.jpg\",\"width\":956,\"height\":1276},{\"@type\":\"WebPage\",\"@id\":\"https:\/\/lotusgolf.vn\/product\/bo-gay-golf-fullset-xxio-mp1200\/#webpage\",\"url\":\"https:\/\/lotusgolf.vn\/product\/bo-gay-golf-fullset-xxio-mp1200\/\",\"name\":\"B\u1ed9 g\u1eady golf fullset XXIO MP1200 -\",\"isPartOf\":{\"@id\":\"https:\/\/lotusgolf-b23998.ingress-bonde.ewp.live\/#website\"},\"primaryImageOfPage\":{\"@id\":\"https:\/\/lotusgolf.vn\/product\/bo-gay-golf-fullset-xxio-mp1200\/#primaryimage\"},\"datePublished\":\"2022-10-21T04:43:31+00:00\",\"dateModified\":\"2022-10-21T04:43:31+00:00\",\"breadcrumb\":{\"@id\":\"https:\/\/lotusgolf.vn\/product\/bo-gay-golf-fullset-xxio-mp1200\/#breadcrumb\"},\"inLanguage\":\"vi\",\"potentialAction\":[{\"@type\":\"ReadAction\",\"target\":[\"https:\/\/lotusgolf.vn\/product\/bo-gay-golf-fullset-xxio-mp1200\/\"]}]},{\"@type\":\"BreadcrumbList\",\"@id\":\"https:\/\/lotusgolf.vn\/product\/bo-gay-golf-fullset-xxio-mp1200\/#breadcrumb\",\"itemListElement\":[{\"@type\":\"ListItem\",\"position\":1,\"name\":\"Home\",\"item\":\"https:\/\/lotusgolf.vn\/\"},{\"@type\":\"ListItem\",\"position\":2,\"name\":\"Shop\",\"item\":\"https:\/\/lotusgolf-b23998.ingress-bonde.ewp.live\/shop\/\"},{\"@type\":\"ListItem\",\"position\":3,\"name\":\"B\u1ed9 g\u1eady golf fullset XXIO MP1200\"}]}]}<\/script>\n<!-- \/ Yoast SEO plugin. -->","yoast_head_json":{"title":"B\u1ed9 g\u1eady golf fullset XXIO MP1200 -","robots":{"index":"index","follow":"follow","max-snippet":"max-snippet:-1","max-image-preview":"max-image-preview:large","max-video-preview":"max-video-preview:-1"},"canonical":"https:\/\/lotusgolf.vn\/vi\/product\/bo-gay-golf-fullset-xxio-mp1200\/","og_locale":"vi_VN","og_type":"article","og_title":"B\u1ed9 g\u1eady golf fullset XXIO MP1200 -","og_description":"C\u00f4ng ngh\u00ea\u0323 XXIO MP1200 C\u00f4ng ngh\u1ec7 Lightweight Crown:\u00a0c\u00f4ng ngh\u1ec7 Lightweight Crown kh\u1ed1i l\u01b0\u1ee3ng c\u1ee7a XXIO Mp1200 \u0111\u1ec3 gi\u1ea3m tr\u1ecdng t\u00e2m v\u00e0 t\u0103ng MOI gi\u00fap c\u00e1c c\u00fa \u0111\u00e1nh \u0111\u01b0\u1ee3c hi\u1ec7u qu\u1ea3 h\u01a1n. 6-Section Bulge and Roll Design:\u00a0C\u00f4ng ngh\u1ec7 n\u00e0y c\u00f3 t\u00e1c d\u1ee5ng gi\u00fap c\u00e1c c\u00fa \u0111\u00e1nh \u0111\u01b0\u1ee3c th\u1eb3ng v\u00e0 xa h\u01a1n. \u0110i\u1ec1u n\u00e0y \u0111\u00e3 \u0111\u01b0\u1ee3c c\u00e1c [...]","og_url":"https:\/\/lotusgolf.vn\/vi\/product\/bo-gay-golf-fullset-xxio-mp1200\/","og_image":[{"width":956,"height":1276,"url":"https:\/\/lotusgolf.vn\/wp-content\/uploads\/2022\/10\/z3816990832515_00296a90f7e03d4e7fd3b9a4317711d0.jpg","type":"image\/jpeg"}],"twitter_card":"summary_large_image","twitter_misc":{"\u01af\u1edbc t\u00ednh th\u1eddi gian \u0111\u1ecdc":"3 ph\u00fat"},"schema":{"@context":"https:\/\/schema.org","@graph":[{"@type":"WebSite","@id":"https:\/\/lotusgolf-b23998.ingress-bonde.ewp.live\/#website","url":"https:\/\/lotusgolf-b23998.ingress-bonde.ewp.live\/","name":"","description":"","potentialAction":[{"@type":"SearchAction","target":{"@type":"EntryPoint","urlTemplate":"https:\/\/lotusgolf-b23998.ingress-bonde.ewp.live\/?s={search_term_string}"},"query-input":"required name=search_term_string"}],"inLanguage":"vi"},{"@type":"ImageObject","inLanguage":"vi","@id":"https:\/\/lotusgolf.vn\/product\/bo-gay-golf-fullset-xxio-mp1200\/#primaryimage","url":"https:\/\/lotusgolf.vn\/wp-content\/uploads\/2022\/10\/z3816990832515_00296a90f7e03d4e7fd3b9a4317711d0.jpg","contentUrl":"https:\/\/lotusgolf.vn\/wp-content\/uploads\/2022\/10\/z3816990832515_00296a90f7e03d4e7fd3b9a4317711d0.jpg","width":956,"height":1276},{"@type":"WebPage","@id":"https:\/\/lotusgolf.vn\/product\/bo-gay-golf-fullset-xxio-mp1200\/#webpage","url":"https:\/\/lotusgolf.vn\/product\/bo-gay-golf-fullset-xxio-mp1200\/","name":"B\u1ed9 g\u1eady golf fullset XXIO MP1200 -","isPartOf":{"@id":"https:\/\/lotusgolf-b23998.ingress-bonde.ewp.live\/#website"},"primaryImageOfPage":{"@id":"https:\/\/lotusgolf.vn\/product\/bo-gay-golf-fullset-xxio-mp1200\/#primaryimage"},"datePublished":"2022-10-21T04:43:31+00:00","dateModified":"2022-10-21T04:43:31+00:00","breadcrumb":{"@id":"https:\/\/lotusgolf.vn\/product\/bo-gay-golf-fullset-xxio-mp1200\/#breadcrumb"},"inLanguage":"vi","potentialAction":[{"@type":"ReadAction","target":["https:\/\/lotusgolf.vn\/product\/bo-gay-golf-fullset-xxio-mp1200\/"]}]},{"@type":"BreadcrumbList","@id":"https:\/\/lotusgolf.vn\/product\/bo-gay-golf-fullset-xxio-mp1200\/#breadcrumb","itemListElement":[{"@type":"ListItem","position":1,"name":"Home","item":"https:\/\/lotusgolf.vn\/"},{"@type":"ListItem","position":2,"name":"Shop","item":"https:\/\/lotusgolf-b23998.ingress-bonde.ewp.live\/shop\/"},{"@type":"ListItem","position":3,"name":"B\u1ed9 g\u1eady golf fullset XXIO MP1200"}]}]}},"_links":{"self":[{"href":"https:\/\/lotusgolf.vn\/vi\/wp-json\/wp\/v2\/product\/2946","targetHints":{"allow":["GET"]}}],"collection":[{"href":"https:\/\/lotusgolf.vn\/vi\/wp-json\/wp\/v2\/product"}],"about":[{"href":"https:\/\/lotusgolf.vn\/vi\/wp-json\/wp\/v2\/types\/product"}],"replies":[{"embeddable":true,"href":"https:\/\/lotusgolf.vn\/vi\/wp-json\/wp\/v2\/comments?post=2946"}],"wp:featuredmedia":[{"embeddable":true,"href":"https:\/\/lotusgolf.vn\/vi\/wp-json\/wp\/v2\/media\/2948"}],"wp:attachment":[{"href":"https:\/\/lotusgolf.vn\/vi\/wp-json\/wp\/v2\/media?parent=2946"}],"wp:term":[{"taxonomy":"product_brand","embeddable":true,"href":"https:\/\/lotusgolf.vn\/vi\/wp-json\/wp\/v2\/product_brand?post=2946"},{"taxonomy":"product_cat","embeddable":true,"href":"https:\/\/lotusgolf.vn\/vi\/wp-json\/wp\/v2\/product_cat?post=2946"},{"taxonomy":"product_tag","embeddable":true,"href":"https:\/\/lotusgolf.vn\/vi\/wp-json\/wp\/v2\/product_tag?post=2946"}],"curies":[{"name":"wp","href":"https:\/\/api.w.org\/{rel}","templated":true}]}}