{"id":3077,"date":"2022-10-21T05:19:36","date_gmt":"2022-10-21T05:19:36","guid":{"rendered":"https:\/\/lotusgolf.vn\/?post_type=product&#038;p=3077"},"modified":"2023-02-09T03:48:50","modified_gmt":"2023-02-09T03:48:50","slug":"gay-golf-rescues-ping-g425","status":"publish","type":"product","link":"https:\/\/lotusgolf.vn\/vi\/product\/gay-golf-rescues-ping-g425","title":{"rendered":"G\u1eady golf Rescue Ping G425"},"content":{"rendered":"<div id=\"description\" class=\"data item content\" aria-labelledby=\"tab-label-description-title\">\n<div class=\"product attribute description\">\n<div class=\"value\">\n<h1>G\u1eady g\u00f4n\u00a0Rescues Ping G425<\/h1>\n<p><a href=\"https:\/\/tatgolf.vn\/gay\/fairway.html\">Hybrid G425<\/a>\u00a0c\u00f9ng chia s\u1ebb c\u1ea3i ti\u1ebfn Facewrap Technology v\u00e0 Spinsistency\u00a0\u0111\u1ec3 mang \u0111\u1ebfn kho\u1ea3ng c\u00e1ch v\u00e0 \u0111\u1ed9 spin \u1ed5n \u0111\u1ecbnh h\u01a1n \u0111\u1ed3ng th\u1eddi cung c\u1ea5p nhi\u1ec1u s\u1ef1 l\u1ef1a ch\u1ecdn h\u01a1n v\u1ec1 kho\u1ea3ng c\u00e1ch.<\/p>\n<p>&#8211; V\u1edbi thi\u1ebft k\u1ebf Facewrap, m\u1eb7t g\u1eady m\u1ecfng, c\u00f3 \u0111\u1ed9 b\u1ec1n cao v\u1edbi nh\u1eefng g\u1edd n\u1ed5i b\u00ean trong h\u00ecnh v\u01b0\u01a1ng mi\u1ec7n v\u00e0 \u0111\u00e1y g\u1eady l\u00e0m t\u0103ng \u0111\u1ed9 linh ho\u1ea1t gi\u00fap cho t\u1ed1c \u0111\u1ed9 b\u00f3ng bay nhanh h\u01a1n v\u00e0 kho\u1ea3ng c\u00e1ch b\u00f3ng \u0111i xa h\u01a1n.<\/p>\n<p>&#8211; \u0110\u1ec3 mang l\u1ea1i \u0111\u1ed9 spin \u1ed5n \u0111\u1ecbnh h\u01a1n, m\u1eb7t g\u1eady c\u1ee7a fairway v\u00e0 hybrids \u0111\u01b0\u1ee3c thi\u1ebft k\u1ebf v\u1edbi \u0111\u1ed9 cong c\u1ee7a m\u1eb7t g\u1eady \u0111\u1eb7c bi\u1ec7t h\u01a1n, ch\u1ee7 y\u1ebfu \u1edf m\u1eb7t d\u01b0\u1edbi c\u1ee7a g\u1eady n\u01a1i \u0111\u1ed9 loft gi\u1ea3m xu\u1ed1ng 2,40 \u0111\u1ec3 t\u0103ng t\u1ed1c \u0111\u1ed9 b\u00f3ng cho kho\u1ea3ng c\u00e1ch xa h\u01a1n.<\/p>\n<p>&#8211; Chi ti\u1ebft c\u00e2n b\u1eb1ng swing weight \u0111\u01b0\u1ee3c \u0111\u1eb7t \u1edf v\u1ecb tr\u00ed r\u00eca \u0111\u00e1y g\u1eady l\u00e0m t\u0103ng m\u00f4 mem qu\u00e1n t\u00ednh (MOI) trong \u0111\u1ea7u g\u1eady gi\u00fap g\u1eady c\u00f3 \u0111\u1ed9 \u1ed5n \u0111\u1ecbnh cao h\u01a1n. Ph\u1ea7n tr\u00ean \u0111\u1ea7u g\u1eady v\u1edbi 3 \u0111i\u1ec3m c\u0103n ch\u1ec9nh r\u1ea5t tr\u1ef1c quan, \u0111\u00e2y l\u00e0 m\u1ed9t d\u1ea5u hi\u1ec7u gi\u00fap golfer ng\u1eafm h\u01b0\u1edbng d\u1ec5 d\u00e0ng h\u01a1n.<\/p>\n<p>&#8211; c\u00f4ng ngh\u1ec7 b\u1ecdc khu\u00f4n m\u1eb7t gi\u00fap m\u1edf r\u1ed9ng di\u1ec7n t\u00edch c\u1ee7a khu\u00f4n m\u1eb7t C300, l\u00e0 v\u1eadt li\u1ec7u si\u00eau m\u1ecfng v\u00e0 c\u00f3 \u0111\u1ed9 b\u1ec1n cao, cho \u0111\u1ebf v\u00e0 v\u01b0\u01a1ng mi\u1ec7n, n\u00f3 \u0111\u1ea1t \u0111\u01b0\u1ee3c hi\u1ec7u su\u1ea5t bay tuy\u1ec7t v\u1eddi v\u1edbi l\u01b0\u1ee3ng l\u1ec7ch t\u1ed1i \u0111a v\u00e0 t\u1ed1c \u0111\u1ed9 ban \u0111\u1ea7u t\u1ed1i \u0111a.<\/p>\n<p>&#8211; Ngo\u00e0i ra, c\u00f4ng ngh\u1ec7 h\u1ec7 th\u1ed1ng quay b\u1eb1ng thi\u1ebft k\u1ebf ph\u1ed3ng &amp; cu\u1ed9n m\u1edbi \u0111\u01b0\u1ee3c \u00e1p d\u1ee5ng, gi\u1ea3m kho\u1ea3ng c\u00e1ch bay m\u1ea5t m\u00e1t ngay c\u1ea3 trong tr\u01b0\u1eddng h\u1ee3p \u0111\u00e1nh tr\u01b0\u1ee3t, \u0111\u1ed3ng th\u1eddi th\u1ec3 hi\u1ec7n kho\u1ea3ng c\u00e1ch mang v\u00e0 bay t\u1ed1i \u0111a v\u1edbi qu\u1ef9 \u0111\u1ea1o t\u1ed1i \u01b0u.<\/p>\n<p><img decoding=\"async\" src=\"https:\/\/www.tatgolf.vn\/media\/catalog\/Gay\/thong_so_rs.jpg\" alt=\"\" \/><\/p>\n<p>&nbsp;<\/p>\n<\/div>\n<\/div>\n<\/div>\n<div id=\"additional\" class=\"data item content\" aria-labelledby=\"tab-label-additional-title\">\n<div class=\"additional-attributes-wrapper table-wrapper\">\n<h3 class=\"tab-content-title\">Chi ti\u1ebft s\u1ea3n ph\u1ea9m<\/h3>\n<div id=\"product-attribute-specs-table\" class=\"data table additional-attributes\">\n<ul class=\"attribute-specs-wrapper\">\n<li>Gi\u1edbi t\u00ednh: Nam<\/li>\n<li>H\u00e3ng: PING<\/li>\n<li>S\u1ea3n xu\u1ea5t : Nh\u1eadt B\u1ea3n<\/li>\n<li>B\u1ea3o h\u00e0nh: 1 N\u0103m (L\u1ed7i nh\u00e0 s\u1ea3n xu\u1ea5t)<\/li>\n<\/ul>\n<\/div>\n<\/div>\n<\/div>\n","protected":false},"excerpt":{"rendered":"<p>G\u1eady g\u00f4n\u00a0Rescues Ping G425 Hybrid G425\u00a0c\u00f9ng chia s\u1ebb c\u1ea3i ti\u1ebfn Facewrap Technology v\u00e0 Spinsistency\u00a0\u0111\u1ec3 mang \u0111\u1ebfn kho\u1ea3ng c\u00e1ch v\u00e0 \u0111\u1ed9 spin \u1ed5n \u0111\u1ecbnh h\u01a1n \u0111\u1ed3ng th\u1eddi cung c\u1ea5p nhi\u1ec1u s\u1ef1 l\u1ef1a ch\u1ecdn h\u01a1n v\u1ec1 kho\u1ea3ng c\u00e1ch. &#8211; V\u1edbi thi\u1ebft k\u1ebf Facewrap, m\u1eb7t g\u1eady m\u1ecfng, c\u00f3 \u0111\u1ed9 b\u1ec1n cao v\u1edbi nh\u1eefng g\u1edd n\u1ed5i b\u00ean trong h\u00ecnh [&#8230;]\n","protected":false},"featured_media":3078,"comment_status":"open","ping_status":"closed","template":"","meta":[],"product_brand":[],"product_cat":[87],"product_tag":[],"class_list":{"0":"post-3077","1":"product","2":"type-product","3":"status-publish","4":"has-post-thumbnail","6":"product_cat-rescue-hybrid","8":"first","9":"instock","10":"sale","11":"shipping-taxable","12":"purchasable","13":"product-type-simple"},"yoast_head":"<!-- This site is optimized with the Yoast SEO plugin v19.0 - https:\/\/yoast.com\/wordpress\/plugins\/seo\/ -->\n<title>G\u1eady golf Rescue Ping G425 -<\/title>\n<meta name=\"robots\" content=\"index, follow, max-snippet:-1, max-image-preview:large, max-video-preview:-1\" \/>\n<link rel=\"canonical\" href=\"https:\/\/lotusgolf.vn\/vi\/product\/gay-golf-rescues-ping-g425\/\" \/>\n<meta property=\"og:locale\" content=\"vi_VN\" \/>\n<meta property=\"og:type\" content=\"article\" \/>\n<meta property=\"og:title\" content=\"G\u1eady golf Rescue Ping G425 -\" \/>\n<meta property=\"og:description\" content=\"G\u1eady g\u00f4n\u00a0Rescues Ping G425 Hybrid G425\u00a0c\u00f9ng chia s\u1ebb c\u1ea3i ti\u1ebfn Facewrap Technology v\u00e0 Spinsistency\u00a0\u0111\u1ec3 mang \u0111\u1ebfn kho\u1ea3ng c\u00e1ch v\u00e0 \u0111\u1ed9 spin \u1ed5n \u0111\u1ecbnh h\u01a1n \u0111\u1ed3ng th\u1eddi cung c\u1ea5p nhi\u1ec1u s\u1ef1 l\u1ef1a ch\u1ecdn h\u01a1n v\u1ec1 kho\u1ea3ng c\u00e1ch. &#8211; V\u1edbi thi\u1ebft k\u1ebf Facewrap, m\u1eb7t g\u1eady m\u1ecfng, c\u00f3 \u0111\u1ed9 b\u1ec1n cao v\u1edbi nh\u1eefng g\u1edd n\u1ed5i b\u00ean trong h\u00ecnh [...]\" \/>\n<meta property=\"og:url\" content=\"https:\/\/lotusgolf.vn\/vi\/product\/gay-golf-rescues-ping-g425\/\" \/>\n<meta property=\"article:modified_time\" content=\"2023-02-09T03:48:50+00:00\" \/>\n<meta property=\"og:image\" content=\"https:\/\/lotusgolf.vn\/wp-content\/uploads\/2022\/10\/rs425max_1.jpg\" \/>\n\t<meta property=\"og:image:width\" content=\"700\" \/>\n\t<meta property=\"og:image:height\" content=\"700\" \/>\n\t<meta property=\"og:image:type\" content=\"image\/jpeg\" \/>\n<meta name=\"twitter:card\" content=\"summary_large_image\" \/>\n<meta name=\"twitter:label1\" content=\"\u01af\u1edbc t\u00ednh th\u1eddi gian \u0111\u1ecdc\" \/>\n\t<meta name=\"twitter:data1\" content=\"2 ph\u00fat\" \/>\n<script type=\"application\/ld+json\" class=\"yoast-schema-graph\">{\"@context\":\"https:\/\/schema.org\",\"@graph\":[{\"@type\":\"WebSite\",\"@id\":\"https:\/\/lotusgolf-b23998.ingress-bonde.ewp.live\/#website\",\"url\":\"https:\/\/lotusgolf-b23998.ingress-bonde.ewp.live\/\",\"name\":\"\",\"description\":\"\",\"potentialAction\":[{\"@type\":\"SearchAction\",\"target\":{\"@type\":\"EntryPoint\",\"urlTemplate\":\"https:\/\/lotusgolf-b23998.ingress-bonde.ewp.live\/?s={search_term_string}\"},\"query-input\":\"required name=search_term_string\"}],\"inLanguage\":\"vi\"},{\"@type\":\"ImageObject\",\"inLanguage\":\"vi\",\"@id\":\"https:\/\/lotusgolf.vn\/product\/gay-golf-rescues-ping-g425\/#primaryimage\",\"url\":\"https:\/\/lotusgolf.vn\/wp-content\/uploads\/2022\/10\/rs425max_1.jpg\",\"contentUrl\":\"https:\/\/lotusgolf.vn\/wp-content\/uploads\/2022\/10\/rs425max_1.jpg\",\"width\":700,\"height\":700},{\"@type\":\"WebPage\",\"@id\":\"https:\/\/lotusgolf.vn\/product\/gay-golf-rescues-ping-g425\/#webpage\",\"url\":\"https:\/\/lotusgolf.vn\/product\/gay-golf-rescues-ping-g425\/\",\"name\":\"G\u1eady golf Rescue Ping G425 -\",\"isPartOf\":{\"@id\":\"https:\/\/lotusgolf-b23998.ingress-bonde.ewp.live\/#website\"},\"primaryImageOfPage\":{\"@id\":\"https:\/\/lotusgolf.vn\/product\/gay-golf-rescues-ping-g425\/#primaryimage\"},\"datePublished\":\"2022-10-21T05:19:36+00:00\",\"dateModified\":\"2023-02-09T03:48:50+00:00\",\"breadcrumb\":{\"@id\":\"https:\/\/lotusgolf.vn\/product\/gay-golf-rescues-ping-g425\/#breadcrumb\"},\"inLanguage\":\"vi\",\"potentialAction\":[{\"@type\":\"ReadAction\",\"target\":[\"https:\/\/lotusgolf.vn\/product\/gay-golf-rescues-ping-g425\/\"]}]},{\"@type\":\"BreadcrumbList\",\"@id\":\"https:\/\/lotusgolf.vn\/product\/gay-golf-rescues-ping-g425\/#breadcrumb\",\"itemListElement\":[{\"@type\":\"ListItem\",\"position\":1,\"name\":\"Home\",\"item\":\"https:\/\/lotusgolf.vn\/\"},{\"@type\":\"ListItem\",\"position\":2,\"name\":\"Shop\",\"item\":\"https:\/\/lotusgolf-b23998.ingress-bonde.ewp.live\/shop\/\"},{\"@type\":\"ListItem\",\"position\":3,\"name\":\"G\u1eady golf Rescue Ping G425\"}]}]}<\/script>\n<!-- \/ Yoast SEO plugin. -->","yoast_head_json":{"title":"G\u1eady golf Rescue Ping G425 -","robots":{"index":"index","follow":"follow","max-snippet":"max-snippet:-1","max-image-preview":"max-image-preview:large","max-video-preview":"max-video-preview:-1"},"canonical":"https:\/\/lotusgolf.vn\/vi\/product\/gay-golf-rescues-ping-g425\/","og_locale":"vi_VN","og_type":"article","og_title":"G\u1eady golf Rescue Ping G425 -","og_description":"G\u1eady g\u00f4n\u00a0Rescues Ping G425 Hybrid G425\u00a0c\u00f9ng chia s\u1ebb c\u1ea3i ti\u1ebfn Facewrap Technology v\u00e0 Spinsistency\u00a0\u0111\u1ec3 mang \u0111\u1ebfn kho\u1ea3ng c\u00e1ch v\u00e0 \u0111\u1ed9 spin \u1ed5n \u0111\u1ecbnh h\u01a1n \u0111\u1ed3ng th\u1eddi cung c\u1ea5p nhi\u1ec1u s\u1ef1 l\u1ef1a ch\u1ecdn h\u01a1n v\u1ec1 kho\u1ea3ng c\u00e1ch. &#8211; V\u1edbi thi\u1ebft k\u1ebf Facewrap, m\u1eb7t g\u1eady m\u1ecfng, c\u00f3 \u0111\u1ed9 b\u1ec1n cao v\u1edbi nh\u1eefng g\u1edd n\u1ed5i b\u00ean trong h\u00ecnh [...]","og_url":"https:\/\/lotusgolf.vn\/vi\/product\/gay-golf-rescues-ping-g425\/","article_modified_time":"2023-02-09T03:48:50+00:00","og_image":[{"width":700,"height":700,"url":"https:\/\/lotusgolf.vn\/wp-content\/uploads\/2022\/10\/rs425max_1.jpg","type":"image\/jpeg"}],"twitter_card":"summary_large_image","twitter_misc":{"\u01af\u1edbc t\u00ednh th\u1eddi gian \u0111\u1ecdc":"2 ph\u00fat"},"schema":{"@context":"https:\/\/schema.org","@graph":[{"@type":"WebSite","@id":"https:\/\/lotusgolf-b23998.ingress-bonde.ewp.live\/#website","url":"https:\/\/lotusgolf-b23998.ingress-bonde.ewp.live\/","name":"","description":"","potentialAction":[{"@type":"SearchAction","target":{"@type":"EntryPoint","urlTemplate":"https:\/\/lotusgolf-b23998.ingress-bonde.ewp.live\/?s={search_term_string}"},"query-input":"required name=search_term_string"}],"inLanguage":"vi"},{"@type":"ImageObject","inLanguage":"vi","@id":"https:\/\/lotusgolf.vn\/product\/gay-golf-rescues-ping-g425\/#primaryimage","url":"https:\/\/lotusgolf.vn\/wp-content\/uploads\/2022\/10\/rs425max_1.jpg","contentUrl":"https:\/\/lotusgolf.vn\/wp-content\/uploads\/2022\/10\/rs425max_1.jpg","width":700,"height":700},{"@type":"WebPage","@id":"https:\/\/lotusgolf.vn\/product\/gay-golf-rescues-ping-g425\/#webpage","url":"https:\/\/lotusgolf.vn\/product\/gay-golf-rescues-ping-g425\/","name":"G\u1eady golf Rescue Ping G425 -","isPartOf":{"@id":"https:\/\/lotusgolf-b23998.ingress-bonde.ewp.live\/#website"},"primaryImageOfPage":{"@id":"https:\/\/lotusgolf.vn\/product\/gay-golf-rescues-ping-g425\/#primaryimage"},"datePublished":"2022-10-21T05:19:36+00:00","dateModified":"2023-02-09T03:48:50+00:00","breadcrumb":{"@id":"https:\/\/lotusgolf.vn\/product\/gay-golf-rescues-ping-g425\/#breadcrumb"},"inLanguage":"vi","potentialAction":[{"@type":"ReadAction","target":["https:\/\/lotusgolf.vn\/product\/gay-golf-rescues-ping-g425\/"]}]},{"@type":"BreadcrumbList","@id":"https:\/\/lotusgolf.vn\/product\/gay-golf-rescues-ping-g425\/#breadcrumb","itemListElement":[{"@type":"ListItem","position":1,"name":"Home","item":"https:\/\/lotusgolf.vn\/"},{"@type":"ListItem","position":2,"name":"Shop","item":"https:\/\/lotusgolf-b23998.ingress-bonde.ewp.live\/shop\/"},{"@type":"ListItem","position":3,"name":"G\u1eady golf Rescue Ping G425"}]}]}},"_links":{"self":[{"href":"https:\/\/lotusgolf.vn\/vi\/wp-json\/wp\/v2\/product\/3077","targetHints":{"allow":["GET"]}}],"collection":[{"href":"https:\/\/lotusgolf.vn\/vi\/wp-json\/wp\/v2\/product"}],"about":[{"href":"https:\/\/lotusgolf.vn\/vi\/wp-json\/wp\/v2\/types\/product"}],"replies":[{"embeddable":true,"href":"https:\/\/lotusgolf.vn\/vi\/wp-json\/wp\/v2\/comments?post=3077"}],"wp:featuredmedia":[{"embeddable":true,"href":"https:\/\/lotusgolf.vn\/vi\/wp-json\/wp\/v2\/media\/3078"}],"wp:attachment":[{"href":"https:\/\/lotusgolf.vn\/vi\/wp-json\/wp\/v2\/media?parent=3077"}],"wp:term":[{"taxonomy":"product_brand","embeddable":true,"href":"https:\/\/lotusgolf.vn\/vi\/wp-json\/wp\/v2\/product_brand?post=3077"},{"taxonomy":"product_cat","embeddable":true,"href":"https:\/\/lotusgolf.vn\/vi\/wp-json\/wp\/v2\/product_cat?post=3077"},{"taxonomy":"product_tag","embeddable":true,"href":"https:\/\/lotusgolf.vn\/vi\/wp-json\/wp\/v2\/product_tag?post=3077"}],"curies":[{"name":"wp","href":"https:\/\/api.w.org\/{rel}","templated":true}]}}