{"id":3092,"date":"2022-10-21T05:24:15","date_gmt":"2022-10-21T05:24:15","guid":{"rendered":"https:\/\/lotusgolf.vn\/?post_type=product&#038;p=3092"},"modified":"2022-10-21T05:24:15","modified_gmt":"2022-10-21T05:24:15","slug":"gay-golf-putter-ping-pld-milled-anser-2-satin","status":"publish","type":"product","link":"https:\/\/lotusgolf.vn\/vi\/product\/gay-golf-putter-ping-pld-milled-anser-2-satin","title":{"rendered":"G\u1eady golf putter Ping PLD Milled Anser 2 Satin"},"content":{"rendered":"<div id=\"description\" class=\"data item content\" aria-labelledby=\"tab-label-description-title\">\n<div class=\"product attribute description\">\n<div class=\"value\">\n<h1>G\u1eady g\u00f4n\u00a0putter Ping PLD Milled Anser 2 Satin<\/h1>\n<h2>Th\u00f4ng Tin S\u1ea3n Ph\u1ea9m<\/h2>\n<p>V\u1edbi thi\u1ebft k\u1ebf \u0111\u1ea7u putter truy\u1ec1n th\u1ed1ng v\u00e0 c\u00f3 ph\u1ea7n toe v\u1eeba, g\u1eady putter Ping PLD Anser ph\u00f9 h\u1ee3p v\u1edbi nh\u1eefng golfer c\u00f3 c\u00e1ch \u0111\u00e1nh v\u00f2ng cung nh\u1eb9 Putting Stroke.<\/p>\n<p><strong>T\u00edch h\u1ee3p thi\u1ebft k\u1ebf 3 \u0111\u01b0\u1eddng line h\u1ed7 tr\u1ee3 ng\u1eafm m\u1ee5c ti\u00eau d\u1ec5 d\u00e0ng<\/strong><\/p>\n<p>V\u1edbi thi\u1ebft k\u1ebf t\u00edch h\u1ee3p 3 \u0111\u01b0\u1eddng line tr\u00ean l\u01b0ng g\u1eady h\u1ed7 tr\u1ee3 ng\u01b0\u1eddi d\u00f9ng \u0111\u01a1n gi\u1ea3n ho\u00e1 vi\u1ec7c nh\u1eafm m\u1ee5c ti\u00eau. \u0110i\u1ec1u n\u00e0y h\u1ed7 tr\u1ee3 golfer nhanh ch\u00f3ng x\u00e1c \u0111\u1ecbnh m\u1ee5c ti\u00eau m\u1ed9t c\u00e1ch d\u1ec5 d\u00e0ng. Ngo\u00e0i ra, m\u1eabu g\u1eady putter Ping PLD Anser 2 v\u1edbi \u0111\u1ed9 b\u1ec1n \u1ed5n \u0111\u1ecbnh, khi s\u1eed d\u1ee5ng, mang l\u1ea1i c\u1ea3m gi\u00e1c \u201c\u0111\u1ea7m tay\u201d cho nh\u1eefng c\u00fa g\u1ea1t b\u00f3ng cu\u1ed1i c\u00f9ng.<\/p>\n<p><strong>Ph\u1ea7n tr\u1ecdng t\u00e2m \u0111\u01b0\u1ee3c t\u1ed1i \u01b0u ho\u00e1<\/strong><\/p>\n<p>\u0110\u1ec3 golfer t\u1ea1o n\u00ean nh\u1eefng c\u00fa \u0111\u00e1nh b\u00f3ng th\u1eb3ng v\u00e0 nh\u1eb9, g\u1eady putter Ping PLD Anser 2 \u0111\u01b0\u1ee3c s\u1ea3n xu\u1ea5t v\u00e0 ch\u1ebf t\u00e1c v\u1edbi c\u00e1c c\u00e1c ch\u1ea5t li\u1ec7u kh\u00e1c nhau, gi\u00fap t\u0103ng MOI v\u00e0 t\u1ed1i \u01b0u ho\u00e1 tr\u1ecdng t\u00e2m g\u1eady.<\/p>\n<p><strong>Xoay c\u1ed5 tay linh ho\u1ea1t<\/strong><\/p>\n<p>G\u1eady putter Ping PLD Anser 2 \u1ee9ng d\u1ee5ng nhi\u1ec1u c\u00f4ng ngh\u1ec7 ti\u00ean ti\u1ebfn gi\u00fap t\u0103ng \u0111\u1ed9 b\u00e1m v\u00e0 h\u1ed7 tr\u1ee3 golfer chuy\u1ec3n \u0111\u1ed9ng c\u1ed5 tay linh ho\u1ea1t. Qua \u0111\u00f3, ng\u01b0\u1eddi ch\u01a1i d\u1ec5 d\u00e0ng c\u1ea3m nh\u1eadn g\u1eady v\u00e0 nh\u1eefng c\u00fa va ch\u1ea1m b\u00f3ng t\u1ed1t h\u01a1n, g\u00f3p ph\u1ea7n t\u1ea1o n\u00ean nh\u1eefng c\u00fa \u0111\u00e1nh \u1ed5n \u0111\u1ecbnh.<\/p>\n<p><strong>\u1ee8ng d\u1ee5ng c\u00f4ng ngh\u1ec7 Deep AMP m\u1edbi nh\u1ea5t<\/strong><\/p>\n<p>G\u1eady putter Ping PLD Anser 2 \u0111\u01b0\u1ee3c \u1ee9ng d\u1ee5ng c\u00f4ng ngh\u1ec7 Deep AMP mang l\u1ea1i nhi\u1ec1u c\u1ea3i ti\u1ebfn t\u1ed1i \u01b0u cho m\u1eb7t g\u1eady. Khi s\u1eed d\u1ee5ng, nh\u1eefng c\u00fa va ch\u1ea1m b\u00f3ng tr\u1edf n\u00ean nh\u1eb9 nh\u00e0ng v\u00e0 t\u1ea1o n\u00ean nh\u1eefng \u00e2m thanh gi\u00fap golfer c\u1ea3m nh\u1eadn b\u00f3ng t\u1ed1t h\u01a1n.<\/p>\n<h2>Th\u00f4ng s\u1ed1 k\u1ef9 thu\u1eadt:<\/h2>\n<ul>\n<li aria-level=\"1\">Lo\u1ea1i putter: Blade<\/li>\n<li aria-level=\"1\">Chi\u1ec1u d\u00e0i ti\u00eau chu\u1ea9n: 34 \u201c<\/li>\n<li aria-level=\"1\">Head Weight (tr\u1ecdng l\u01b0\u1ee3ng \u0111\u1ea7u):\u00a0 350g<\/li>\n<li aria-level=\"1\">Lo\u1ea1i \u0111\u1ed9t qu\u1ef5: V\u00f2ng cung nh\u1eb9<\/li>\n<li aria-level=\"1\">G\u00f3c n\u1eb1m: 20 \u00b0 \u00b1 4 \u00b0<\/li>\n<\/ul>\n<\/div>\n<\/div>\n<\/div>\n<div id=\"additional\" class=\"data item content\" aria-labelledby=\"tab-label-additional-title\">\n<div class=\"additional-attributes-wrapper table-wrapper\">\n<h3 class=\"tab-content-title\">Chi ti\u1ebft s\u1ea3n ph\u1ea9m<\/h3>\n<div id=\"product-attribute-specs-table\" class=\"data table additional-attributes\">\n<ul class=\"attribute-specs-wrapper\">\n<li>H\u00e3ng: PING<\/li>\n<li>S\u1ea3n xu\u1ea5t : Nh\u1eadt B\u1ea3n<\/li>\n<\/ul>\n<\/div>\n<\/div>\n<\/div>\n","protected":false},"excerpt":{"rendered":"<p>G\u1eady g\u00f4n\u00a0putter Ping PLD Milled Anser 2 Satin Th\u00f4ng Tin S\u1ea3n Ph\u1ea9m V\u1edbi thi\u1ebft k\u1ebf \u0111\u1ea7u putter truy\u1ec1n th\u1ed1ng v\u00e0 c\u00f3 ph\u1ea7n toe v\u1eeba, g\u1eady putter Ping PLD Anser ph\u00f9 h\u1ee3p v\u1edbi nh\u1eefng golfer c\u00f3 c\u00e1ch \u0111\u00e1nh v\u00f2ng cung nh\u1eb9 Putting Stroke. T\u00edch h\u1ee3p thi\u1ebft k\u1ebf 3 \u0111\u01b0\u1eddng line h\u1ed7 tr\u1ee3 ng\u1eafm m\u1ee5c ti\u00eau d\u1ec5 [&#8230;]\n","protected":false},"featured_media":3093,"comment_status":"open","ping_status":"closed","template":"","meta":[],"product_brand":[],"product_cat":[88],"product_tag":[],"class_list":{"0":"post-3092","1":"product","2":"type-product","3":"status-publish","4":"has-post-thumbnail","6":"product_cat-putter","8":"first","9":"instock","10":"sale","11":"shipping-taxable","12":"purchasable","13":"product-type-simple"},"yoast_head":"<!-- This site is optimized with the Yoast SEO plugin v19.0 - https:\/\/yoast.com\/wordpress\/plugins\/seo\/ -->\n<title>G\u1eady golf putter Ping PLD Milled Anser 2 Satin -<\/title>\n<meta name=\"robots\" content=\"index, follow, max-snippet:-1, max-image-preview:large, max-video-preview:-1\" \/>\n<link rel=\"canonical\" href=\"https:\/\/lotusgolf.vn\/vi\/product\/gay-golf-putter-ping-pld-milled-anser-2-satin\/\" \/>\n<meta property=\"og:locale\" content=\"vi_VN\" \/>\n<meta property=\"og:type\" content=\"article\" \/>\n<meta property=\"og:title\" content=\"G\u1eady golf putter Ping PLD Milled Anser 2 Satin -\" \/>\n<meta property=\"og:description\" content=\"G\u1eady g\u00f4n\u00a0putter Ping PLD Milled Anser 2 Satin Th\u00f4ng Tin S\u1ea3n Ph\u1ea9m V\u1edbi thi\u1ebft k\u1ebf \u0111\u1ea7u putter truy\u1ec1n th\u1ed1ng v\u00e0 c\u00f3 ph\u1ea7n toe v\u1eeba, g\u1eady putter Ping PLD Anser ph\u00f9 h\u1ee3p v\u1edbi nh\u1eefng golfer c\u00f3 c\u00e1ch \u0111\u00e1nh v\u00f2ng cung nh\u1eb9 Putting Stroke. T\u00edch h\u1ee3p thi\u1ebft k\u1ebf 3 \u0111\u01b0\u1eddng line h\u1ed7 tr\u1ee3 ng\u1eafm m\u1ee5c ti\u00eau d\u1ec5 [...]\" \/>\n<meta property=\"og:url\" content=\"https:\/\/lotusgolf.vn\/vi\/product\/gay-golf-putter-ping-pld-milled-anser-2-satin\/\" \/>\n<meta property=\"og:image\" content=\"https:\/\/lotusgolf.vn\/wp-content\/uploads\/2022\/10\/pld_anser_2a2.jpeg\" \/>\n\t<meta property=\"og:image:width\" content=\"700\" \/>\n\t<meta property=\"og:image:height\" content=\"700\" \/>\n\t<meta property=\"og:image:type\" content=\"image\/jpeg\" \/>\n<meta name=\"twitter:card\" content=\"summary_large_image\" \/>\n<meta name=\"twitter:label1\" content=\"\u01af\u1edbc t\u00ednh th\u1eddi gian \u0111\u1ecdc\" \/>\n\t<meta name=\"twitter:data1\" content=\"2 ph\u00fat\" \/>\n<script type=\"application\/ld+json\" class=\"yoast-schema-graph\">{\"@context\":\"https:\/\/schema.org\",\"@graph\":[{\"@type\":\"WebSite\",\"@id\":\"https:\/\/lotusgolf-b23998.ingress-bonde.ewp.live\/#website\",\"url\":\"https:\/\/lotusgolf-b23998.ingress-bonde.ewp.live\/\",\"name\":\"\",\"description\":\"\",\"potentialAction\":[{\"@type\":\"SearchAction\",\"target\":{\"@type\":\"EntryPoint\",\"urlTemplate\":\"https:\/\/lotusgolf-b23998.ingress-bonde.ewp.live\/?s={search_term_string}\"},\"query-input\":\"required name=search_term_string\"}],\"inLanguage\":\"vi\"},{\"@type\":\"ImageObject\",\"inLanguage\":\"vi\",\"@id\":\"https:\/\/lotusgolf.vn\/product\/gay-golf-putter-ping-pld-milled-anser-2-satin\/#primaryimage\",\"url\":\"https:\/\/lotusgolf.vn\/wp-content\/uploads\/2022\/10\/pld_anser_2a2.jpeg\",\"contentUrl\":\"https:\/\/lotusgolf.vn\/wp-content\/uploads\/2022\/10\/pld_anser_2a2.jpeg\",\"width\":700,\"height\":700},{\"@type\":\"WebPage\",\"@id\":\"https:\/\/lotusgolf.vn\/product\/gay-golf-putter-ping-pld-milled-anser-2-satin\/#webpage\",\"url\":\"https:\/\/lotusgolf.vn\/product\/gay-golf-putter-ping-pld-milled-anser-2-satin\/\",\"name\":\"G\u1eady golf putter Ping PLD Milled Anser 2 Satin -\",\"isPartOf\":{\"@id\":\"https:\/\/lotusgolf-b23998.ingress-bonde.ewp.live\/#website\"},\"primaryImageOfPage\":{\"@id\":\"https:\/\/lotusgolf.vn\/product\/gay-golf-putter-ping-pld-milled-anser-2-satin\/#primaryimage\"},\"datePublished\":\"2022-10-21T05:24:15+00:00\",\"dateModified\":\"2022-10-21T05:24:15+00:00\",\"breadcrumb\":{\"@id\":\"https:\/\/lotusgolf.vn\/product\/gay-golf-putter-ping-pld-milled-anser-2-satin\/#breadcrumb\"},\"inLanguage\":\"vi\",\"potentialAction\":[{\"@type\":\"ReadAction\",\"target\":[\"https:\/\/lotusgolf.vn\/product\/gay-golf-putter-ping-pld-milled-anser-2-satin\/\"]}]},{\"@type\":\"BreadcrumbList\",\"@id\":\"https:\/\/lotusgolf.vn\/product\/gay-golf-putter-ping-pld-milled-anser-2-satin\/#breadcrumb\",\"itemListElement\":[{\"@type\":\"ListItem\",\"position\":1,\"name\":\"Home\",\"item\":\"https:\/\/lotusgolf.vn\/\"},{\"@type\":\"ListItem\",\"position\":2,\"name\":\"Shop\",\"item\":\"https:\/\/lotusgolf-b23998.ingress-bonde.ewp.live\/shop\/\"},{\"@type\":\"ListItem\",\"position\":3,\"name\":\"G\u1eady golf putter Ping PLD Milled Anser 2 Satin\"}]}]}<\/script>\n<!-- \/ Yoast SEO plugin. -->","yoast_head_json":{"title":"G\u1eady golf putter Ping PLD Milled Anser 2 Satin -","robots":{"index":"index","follow":"follow","max-snippet":"max-snippet:-1","max-image-preview":"max-image-preview:large","max-video-preview":"max-video-preview:-1"},"canonical":"https:\/\/lotusgolf.vn\/vi\/product\/gay-golf-putter-ping-pld-milled-anser-2-satin\/","og_locale":"vi_VN","og_type":"article","og_title":"G\u1eady golf putter Ping PLD Milled Anser 2 Satin -","og_description":"G\u1eady g\u00f4n\u00a0putter Ping PLD Milled Anser 2 Satin Th\u00f4ng Tin S\u1ea3n Ph\u1ea9m V\u1edbi thi\u1ebft k\u1ebf \u0111\u1ea7u putter truy\u1ec1n th\u1ed1ng v\u00e0 c\u00f3 ph\u1ea7n toe v\u1eeba, g\u1eady putter Ping PLD Anser ph\u00f9 h\u1ee3p v\u1edbi nh\u1eefng golfer c\u00f3 c\u00e1ch \u0111\u00e1nh v\u00f2ng cung nh\u1eb9 Putting Stroke. T\u00edch h\u1ee3p thi\u1ebft k\u1ebf 3 \u0111\u01b0\u1eddng line h\u1ed7 tr\u1ee3 ng\u1eafm m\u1ee5c ti\u00eau d\u1ec5 [...]","og_url":"https:\/\/lotusgolf.vn\/vi\/product\/gay-golf-putter-ping-pld-milled-anser-2-satin\/","og_image":[{"width":700,"height":700,"url":"https:\/\/lotusgolf.vn\/wp-content\/uploads\/2022\/10\/pld_anser_2a2.jpeg","type":"image\/jpeg"}],"twitter_card":"summary_large_image","twitter_misc":{"\u01af\u1edbc t\u00ednh th\u1eddi gian \u0111\u1ecdc":"2 ph\u00fat"},"schema":{"@context":"https:\/\/schema.org","@graph":[{"@type":"WebSite","@id":"https:\/\/lotusgolf-b23998.ingress-bonde.ewp.live\/#website","url":"https:\/\/lotusgolf-b23998.ingress-bonde.ewp.live\/","name":"","description":"","potentialAction":[{"@type":"SearchAction","target":{"@type":"EntryPoint","urlTemplate":"https:\/\/lotusgolf-b23998.ingress-bonde.ewp.live\/?s={search_term_string}"},"query-input":"required name=search_term_string"}],"inLanguage":"vi"},{"@type":"ImageObject","inLanguage":"vi","@id":"https:\/\/lotusgolf.vn\/product\/gay-golf-putter-ping-pld-milled-anser-2-satin\/#primaryimage","url":"https:\/\/lotusgolf.vn\/wp-content\/uploads\/2022\/10\/pld_anser_2a2.jpeg","contentUrl":"https:\/\/lotusgolf.vn\/wp-content\/uploads\/2022\/10\/pld_anser_2a2.jpeg","width":700,"height":700},{"@type":"WebPage","@id":"https:\/\/lotusgolf.vn\/product\/gay-golf-putter-ping-pld-milled-anser-2-satin\/#webpage","url":"https:\/\/lotusgolf.vn\/product\/gay-golf-putter-ping-pld-milled-anser-2-satin\/","name":"G\u1eady golf putter Ping PLD Milled Anser 2 Satin -","isPartOf":{"@id":"https:\/\/lotusgolf-b23998.ingress-bonde.ewp.live\/#website"},"primaryImageOfPage":{"@id":"https:\/\/lotusgolf.vn\/product\/gay-golf-putter-ping-pld-milled-anser-2-satin\/#primaryimage"},"datePublished":"2022-10-21T05:24:15+00:00","dateModified":"2022-10-21T05:24:15+00:00","breadcrumb":{"@id":"https:\/\/lotusgolf.vn\/product\/gay-golf-putter-ping-pld-milled-anser-2-satin\/#breadcrumb"},"inLanguage":"vi","potentialAction":[{"@type":"ReadAction","target":["https:\/\/lotusgolf.vn\/product\/gay-golf-putter-ping-pld-milled-anser-2-satin\/"]}]},{"@type":"BreadcrumbList","@id":"https:\/\/lotusgolf.vn\/product\/gay-golf-putter-ping-pld-milled-anser-2-satin\/#breadcrumb","itemListElement":[{"@type":"ListItem","position":1,"name":"Home","item":"https:\/\/lotusgolf.vn\/"},{"@type":"ListItem","position":2,"name":"Shop","item":"https:\/\/lotusgolf-b23998.ingress-bonde.ewp.live\/shop\/"},{"@type":"ListItem","position":3,"name":"G\u1eady golf putter Ping PLD Milled Anser 2 Satin"}]}]}},"_links":{"self":[{"href":"https:\/\/lotusgolf.vn\/vi\/wp-json\/wp\/v2\/product\/3092","targetHints":{"allow":["GET"]}}],"collection":[{"href":"https:\/\/lotusgolf.vn\/vi\/wp-json\/wp\/v2\/product"}],"about":[{"href":"https:\/\/lotusgolf.vn\/vi\/wp-json\/wp\/v2\/types\/product"}],"replies":[{"embeddable":true,"href":"https:\/\/lotusgolf.vn\/vi\/wp-json\/wp\/v2\/comments?post=3092"}],"wp:featuredmedia":[{"embeddable":true,"href":"https:\/\/lotusgolf.vn\/vi\/wp-json\/wp\/v2\/media\/3093"}],"wp:attachment":[{"href":"https:\/\/lotusgolf.vn\/vi\/wp-json\/wp\/v2\/media?parent=3092"}],"wp:term":[{"taxonomy":"product_brand","embeddable":true,"href":"https:\/\/lotusgolf.vn\/vi\/wp-json\/wp\/v2\/product_brand?post=3092"},{"taxonomy":"product_cat","embeddable":true,"href":"https:\/\/lotusgolf.vn\/vi\/wp-json\/wp\/v2\/product_cat?post=3092"},{"taxonomy":"product_tag","embeddable":true,"href":"https:\/\/lotusgolf.vn\/vi\/wp-json\/wp\/v2\/product_tag?post=3092"}],"curies":[{"name":"wp","href":"https:\/\/api.w.org\/{rel}","templated":true}]}}