{"id":3099,"date":"2022-10-21T05:26:05","date_gmt":"2022-10-21T05:26:05","guid":{"rendered":"https:\/\/lotusgolf.vn\/?post_type=product&#038;p=3099"},"modified":"2022-10-21T05:26:05","modified_gmt":"2022-10-21T05:26:05","slug":"gay-golf-putter-ping-pld-milled-prime-tyne-4-mtte-blk","status":"publish","type":"product","link":"https:\/\/lotusgolf.vn\/vi\/product\/gay-golf-putter-ping-pld-milled-prime-tyne-4-mtte-blk","title":{"rendered":"G\u1eady golf putter Ping PLD Milled Prime Tyne 4 MTTE BLK"},"content":{"rendered":"<div id=\"description\" class=\"data item content\" aria-labelledby=\"tab-label-description-title\">\n<div class=\"product attribute description\">\n<div class=\"value\">\n<h1>G\u1eady g\u00f4n putter Ping PLD Milled Prime Tyne 4 MTTE BLK<\/h1>\n<p>Th\u00f4ng Tin s\u1ea3n ph\u1ea9m<\/p>\n<p>d\u00f2ng PLD TYNE 4 nh\u1eb1m t\u00f4n vinh tay golf Cameron Champ,<\/p>\n<h3><strong>\u0110\u1eb7c \u0111i\u1ec3m n\u1ed5i b\u1eadt c\u1ee7a Ping Putter PLD PRIME TYNE 4<\/strong><\/h3>\n<p>Ping Putter PLD PRIME TYNE 4 s\u1eed d\u1ee5ng thi\u1ebft k\u1ebf Hosel \u201cc\u1ed5 ch\u1ea3y\u201d th\u00fac \u0111\u1ea9y chuy\u1ec3n \u0111\u1ed9ng quay v\u00f2ng cung m\u1ea1nh m\u1ebd ph\u00f9 h\u1ee3p v\u1edbi nh\u1eefng ng\u01b0\u1eddi ch\u01a1i c\u00f3 ki\u1ec3u \u0111\u00e1nh Strong Arc.<\/p>\n<p>C\u00f9ng v\u1edbi \u0111\u00f3, thi\u1ebft k\u1ebf ki\u1ec3u mallet v\u1edbi \u0111\u1ea7u g\u1eady to h\u01a1n cho ph\u00e9p c\u00e1c golfler \u0111\u01b0a qu\u1ea3 b\u00f3ng c\u00f3 khuynh h\u01b0\u1edbng nh\u1eafm v\u00e0o \u0111\u00fang m\u1ee5c ti\u00eau nh\u1eafm t\u1edbi \u0111\u1ed3ng th\u1eddi t\u1ea1o ra l\u1ef1c b\u1ed5 sung gi\u00fap d\u1ec5 d\u00e0ng \u0111\u01b0a qu\u1ea3 b\u00f3ng v\u00e0o l\u1ed7.<\/p>\n<p><strong>Ngo\u1ea1i h\u00ecnh nh\u1ecf g\u1ecdn, thi\u1ebft k\u1ebf t\u1ec9 m\u1ec9 ch\u00e2n th\u1ef1c<\/strong><\/p>\n<p>M\u1eabu g\u1eady putter n\u00e0y c\u1ee7a nh\u00e0 Ping kh\u00e1 gi\u1ed1ng v\u1edbi ng\u01b0\u1eddi ti\u1ec1n nhi\u1ec7m c\u1ee7a n\u00f3 l\u00e0 PLD TYNE 4, v\u1ec1 m\u1eb7t t\u1ed5ng th\u1ec3 c\u00e2y g\u1eady v\u1eabn gi\u1eef l\u1ea1i s\u1eafc \u0111en huy\u1ec1n b\u00ed \u0111\u00e3 l\u00e0m n\u00ean th\u01b0\u01a1ng hi\u1ec7u.<\/p>\n<p>Tuy nhi\u00ean k\u00edch th\u01b0\u1edbc c\u1ee7a PLD Prime Tyne 4 c\u00f3 c\u1ea5u h\u00ecnh t\u1ed5ng th\u1ec3 nh\u1ecf h\u01a1n Tyne 4 nh\u01b0ng ch\u1ec9 n\u1eb7ng h\u01a1n 10 gram so v\u1edbi ng\u01b0\u1eddi anh em c\u1ee7a n\u00f3.<\/p>\n<p>M\u1ed9t ph\u1ea7n c\u1ee7a \u0111i\u1ec1u n\u00e0y l\u00e0 do s\u1ef1 kh\u00e1c bi\u1ec7t v\u1ec1 v\u1eadt li\u1ec7u v\u00e0 m\u1ed9t s\u1ed1 thay \u0111\u1ed5i \u0111\u1ebfn t\u1eeb vi\u1ec7c thay \u0111\u1ed5i k\u1ebft c\u1ea5u. Kh\u00f4ng nh\u01b0 PLD Tyne 4, c\u00e2y g\u1eady putter PING PLD PRIME TYNE 4 n\u00e0y\u00a0 \u0111\u01b0\u1ee3c ch\u1ebf t\u1ea1o b\u1eb1ng s\u1ef1 k\u1ebft h\u1ee3p gi\u1eefa nh\u00f4m v\u00e0 th\u00e9p gi\u00fap t\u0103ng ch\u1ec9 s\u1ed1 MOI v\u00e0 t\u1ed1i \u01b0u h\u00f3a tr\u1ecdng t\u00e2m \u0111\u1ec3 gi\u00fap \u0111\u1ea3m b\u1ea3o s\u1ef1 \u1ed5n \u0111\u1ecbnh v\u01b0\u1ee3t tr\u1ed9i.<\/p>\n<p>C\u00f3 th\u1ec3 n\u00f3i, PLD Prime Tyne l\u00e0 phi\u00ean b\u1ea3n nh\u1ecf h\u01a1n, d\u00e0y h\u01a1n v\u00e0 g\u1ea7n nh\u01b0 to\u00e0n b\u1ed9 b\u1eb1ng th\u00e9p kh\u00f4ng g\u1ec9 c\u1ee7a Tyne 4.<\/p>\n<p>Ngo\u00e0i thay \u0111\u1ed5i v\u1ec1 m\u1eb7t ngo\u1ea1i h\u00ecnh, PING c\u0169ng \u0111\u00e3 ho\u00e0n thi\u1ec7n v\u1ec1 m\u1eb7t th\u1ea9m m\u1ef9 cho PLD Prime Tyne.<\/p>\n<p>Thi\u1ebft k\u1ebf mang m\u00e0u s\u1eafc t\u1ed1i ch\u1ee7 \u0111\u1ea1o \u0111\u01b0\u1ee3c l\u00e0m n\u1ed5i b\u1eadt b\u1edfi l\u1edbp s\u01a1n PVD \u0111en tuy\u1ec1n.<\/p>\n<p>Th\u00eam v\u00e0o \u0111\u00f3 l\u00e0 ph\u1ea7n tr\u1ee5c m\u00e0u \u0111en v\u00e0 tay c\u1ea7m c\u1ee1 trung PING PP58 gi\u00fap thi\u1ebft k\u1ebf th\u00eam ph\u1ea7n sang tr\u1ecdng.<\/p>\n<p>Ph\u1ea7n m\u1eb7t ti\u1ebfp b\u00f3ng c\u0169ng \u0111\u01b0\u1ee3c \u0111\u00e1nh b\u00f3ng nh\u01b0ng kh\u00f4ng qu\u00e1 s\u00e1ng ch\u00f3i d\u01b0\u1edbi \u00e1nh n\u1eafng m\u1eb7t tr\u1eddi.<\/p>\n<p><strong>C\u00f4ng ngh\u1ec7 v\u01b0\u1ee3t tr\u1ed9i<\/strong><\/p>\n<p>PING PLD PRIME TYNE 4 s\u1eed d\u1ee5ng k\u1ebft c\u1ea5u AMP s\u00e2u cho ph\u1ea7n m\u1eb7t ti\u1ebfp b\u00f3ng gi\u00fap t\u0103ng kh\u1ea3 n\u0103ng ki\u1ec3m so\u00e1t v\u00e0 \u0111\u1ed9 ch\u00ednh x\u00e1c c\u1ee7a m\u1ed7i pha \u0111\u00e1nh. Th\u1ef1c t\u1ebf PING ph\u1ea3i m\u1ea5t 4 ti\u1ebfng \u0111\u1ed3ng h\u1ed3 ch\u1ec9 \u0111\u1ec3 th\u1ef1c hi\u1ec7n ph\u1ea7n phay tr\u00ean m\u1ed7i chi\u1ebfc putter n\u00e0y. Th\u00eam v\u00e0o \u0111\u00f3, m\u1ed7i c\u00e2y putter \u0111\u1ec1u \u0111\u01b0\u1ee3c ch\u1ebf t\u1ea1o ch\u00ednh x\u00e1c theo ti\u00eau chu\u1ea9n \u0111\u00e3 \u0111\u01b0\u1ee3c nghi\u00ean c\u1ee9u k\u0129 t\u1eeb PING v\u00e0 c\u00f3 th\u1ec3 t\u00f9y ch\u1ec9nh \u0111\u1ec3 ph\u00f9 h\u1ee3p v\u1edbi ng\u01b0\u1eddi s\u1eed d\u1ee5ng \u0111\u1ec3 t\u1ea1o n\u00ean tr\u1ea3i nghi\u1ec7m t\u1ed1t nh\u1ea5t.<\/p>\n<p>PUTTERS PLD PRIME TYNE 4 c\u00f2n c\u00f3 thi\u1ebft k\u1ebf c\u00e1c r\u00e3nh dao \u0111\u1ed9ng, \u0111\u1ed9 s\u00e2u \u0111\u1ed3ng \u0111\u1ec1u tr\u00ean m\u1eb7t g\u1eady gi\u00fap t\u1ea1o khung cho qu\u1ea3 b\u00f3ng v\u00e0 d\u1ec5 d\u00e0ng \u0111\u1ecbnh v\u1ecb cho c\u00e1c c\u00fa \u0111\u00e1nh chu\u1ea9n. K\u1ebft h\u1ee3p b\u1ed9 ch\u00e8n durometer k\u00e9p, s\u1eed d\u1ee5ng thi\u1ebft k\u1ebf 2 l\u1edbp Pebax v\u1edbi m\u1eb7t tr\u01b0\u1edbc m\u1ec1m m\u1ea1i nh\u1eb1m t\u1ea1o \u0111\u1ed9 chu\u1ea9n x\u00e1c v\u00e0 l\u1edbp sau c\u1ee9ng h\u01a1n \u0111\u1ec3 ki\u1ec3m so\u00e1t l\u1ef1c gi\u00fap c\u00e1c golfer c\u00f3 c\u00e1c c\u00fa \u0111\u00e1nh tuy\u1ec7t v\u1eddi nh\u1ea5t.<\/p>\n<p><strong>Ch\u1ea5t li\u1ec7u cao c\u1ea5p<\/strong><\/p>\n<p>PING \u0111\u00e3 s\u1eed d\u1ee5ng lo\u1ea1i th\u00e9p kh\u00f4ng g\u1ec9 303 \u0111\u1ec3 t\u1ea1o n\u00ean nh\u1eefng c\u00e2y putter n\u00e0y, \u0111em l\u1ea1i kh\u1ea3 n\u0103ng \u0111\u00e1p \u1ee9ng v\u00e0 c\u1ea3m gi\u00e1c nh\u1eb9 nh\u00e0ng m\u1ed9t c\u00e1ch \u0111\u00e1ng kinh ng\u1ea1c khi \u0111\u00e1nh b\u00f3ng.<\/p>\n<p><strong>Thi\u1ebft k\u1ebf r\u00e3nh n\u00f4ng, \u0111\u1ed3ng \u0111\u1ec1u gi\u00fap gia t\u0103ng t\u1ed1c \u0111\u1ed9 b\u00f3ng<\/strong><\/p>\n<p>G\u1eady golf\u00a0PUTTERS PLD PRIME TYNE 4 c\u00f3 thi\u1ebft k\u1ebf c\u00e1c r\u00e3nh dao \u0111\u1ed9ng, \u0111\u1ed9 s\u00e2u \u0111\u1ed3ng \u0111\u1ec1u tr\u00ean m\u1eb7t g\u1eady. K\u1ebft h\u1ee3p c\u00f9ng b\u1ed9 ch\u00e8n durometer k\u00e9p gi\u00fap mang l\u1ea1i c\u1ea3m gi\u00e1c m\u1ec1m m\u1ea1i v\u00e0 cu\u1ed9n ph\u00f9 h\u1ee3p cho ng\u01b0\u1eddi ch\u01a1i.<\/p>\n<ul>\n<li aria-level=\"1\">\n<div class=\"grid grid-1-1\">\n<div class=\"grid-item grid-item-1-1\">\n<div class=\"grid-content grid-content-1\">\n<h2>N\u1eafm ch\u1eb7t<\/h2>\n<p><img loading=\"lazy\" decoding=\"async\" src=\"https:\/\/www.customclubs.eu\/userfiles\/image\/ping_pp58-midsize-silver_1000x100.png\" alt=\"\" width=\"500\" height=\"50\" \/><\/p>\n<p>&nbsp;<\/p>\n<\/div>\n<\/div>\n<\/div>\n<h3 dir=\"ltr\" data-fulltext=\"\" data-placeholder=\"\u00d6vers\u00e4ttning\"><strong>\u0110\u1eb6C \u0110I\u1ec2M K\u1ef8 THU\u1eacT<\/strong><\/h3>\n<\/li>\n<\/ul>\n<h3 dir=\"ltr\" data-fulltext=\"\" data-placeholder=\"\u00d6vers\u00e4ttning\"><strong>\u00a0<\/strong><\/h3>\n<table border=\"0\" cellspacing=\"0\" cellpadding=\"0\" align=\"center\">\n<tbody>\n<tr>\n<td><strong>Modell<\/strong><\/td>\n<td><strong>Lenght<\/strong><\/td>\n<td><strong>Loft<\/strong><\/td>\n<td><strong>Lie<\/strong><\/td>\n<td><strong>Weight<\/strong><\/td>\n<\/tr>\n<tr>\n<td>PLD Milled Anser<\/td>\n<td>34&#8243;<\/td>\n<td>3\u00b0 +3\u00b0\/-2\u00b0<\/td>\n<td>20\u00b0 \u00b14\u00b0<\/td>\n<td>350g<\/td>\n<\/tr>\n<tr>\n<td>PLD Milled Anser 2<\/td>\n<td>&nbsp;<\/p>\n<p>34&#8243;<\/td>\n<td>3\u00b0 +3\u00b0\/-2\u00b0<\/td>\n<td>20\u00b0 \u00b14\u00b0<\/td>\n<td>350g<\/td>\n<\/tr>\n<tr>\n<td>PLD Milled DS72<\/p>\n<p>&nbsp;<\/td>\n<td>34&#8243;<\/td>\n<td>3\u00b0 +3\u00b0\/-2\u00b0<\/td>\n<td>20\u00b0 \u00b12\u00b0<\/td>\n<td>365g<\/td>\n<\/tr>\n<tr>\n<td>PLD Milled Prime Tyne 4<\/td>\n<td>&nbsp;<\/p>\n<p>34&#8243;<\/td>\n<td>3\u00b0 +3\u00b0\/-2\u00b0<\/td>\n<td>20\u00b0 \u00b12\u00b0<\/td>\n<td>360g<\/td>\n<\/tr>\n<\/tbody>\n<\/table>\n<\/div>\n<\/div>\n<\/div>\n<div id=\"additional\" class=\"data item content\" aria-labelledby=\"tab-label-additional-title\">\n<div class=\"additional-attributes-wrapper table-wrapper\">\n<h3 class=\"tab-content-title\">Chi ti\u1ebft s\u1ea3n ph\u1ea9m<\/h3>\n<div id=\"product-attribute-specs-table\" class=\"data table additional-attributes\">\n<ul class=\"attribute-specs-wrapper\">\n<li>H\u00e3ng: adidas Golf<\/li>\n<li>S\u1ea3n xu\u1ea5t : Nh\u1eadt B\u1ea3n<\/li>\n<li>B\u1ea3o h\u00e0nh: 1 N\u0103m (L\u1ed7i nh\u00e0 s\u1ea3n xu\u1ea5t)<\/li>\n<\/ul>\n<\/div>\n<\/div>\n<\/div>\n","protected":false},"excerpt":{"rendered":"<p>G\u1eady g\u00f4n putter Ping PLD Milled Prime Tyne 4 MTTE BLK Th\u00f4ng Tin s\u1ea3n ph\u1ea9m d\u00f2ng PLD TYNE 4 nh\u1eb1m t\u00f4n vinh tay golf Cameron Champ, \u0110\u1eb7c \u0111i\u1ec3m n\u1ed5i b\u1eadt c\u1ee7a Ping Putter PLD PRIME TYNE 4 Ping Putter PLD PRIME TYNE 4 s\u1eed d\u1ee5ng thi\u1ebft k\u1ebf Hosel \u201cc\u1ed5 ch\u1ea3y\u201d th\u00fac \u0111\u1ea9y chuy\u1ec3n \u0111\u1ed9ng quay [&#8230;]\n","protected":false},"featured_media":3103,"comment_status":"open","ping_status":"closed","template":"","meta":[],"product_brand":[],"product_cat":[88],"product_tag":[],"class_list":{"0":"post-3099","1":"product","2":"type-product","3":"status-publish","4":"has-post-thumbnail","6":"product_cat-putter","8":"first","9":"instock","10":"shipping-taxable","11":"product-type-simple"},"yoast_head":"<!-- This site is optimized with the Yoast SEO plugin v19.0 - https:\/\/yoast.com\/wordpress\/plugins\/seo\/ -->\n<title>G\u1eady golf putter Ping PLD Milled Prime Tyne 4 MTTE BLK -<\/title>\n<meta name=\"robots\" content=\"index, follow, max-snippet:-1, max-image-preview:large, max-video-preview:-1\" \/>\n<link rel=\"canonical\" href=\"https:\/\/lotusgolf.vn\/vi\/product\/gay-golf-putter-ping-pld-milled-prime-tyne-4-mtte-blk\/\" \/>\n<meta property=\"og:locale\" content=\"vi_VN\" \/>\n<meta property=\"og:type\" content=\"article\" \/>\n<meta property=\"og:title\" content=\"G\u1eady golf putter Ping PLD Milled Prime Tyne 4 MTTE BLK -\" \/>\n<meta property=\"og:description\" content=\"G\u1eady g\u00f4n putter Ping PLD Milled Prime Tyne 4 MTTE BLK Th\u00f4ng Tin s\u1ea3n ph\u1ea9m d\u00f2ng PLD TYNE 4 nh\u1eb1m t\u00f4n vinh tay golf Cameron Champ, \u0110\u1eb7c \u0111i\u1ec3m n\u1ed5i b\u1eadt c\u1ee7a Ping Putter PLD PRIME TYNE 4 Ping Putter PLD PRIME TYNE 4 s\u1eed d\u1ee5ng thi\u1ebft k\u1ebf Hosel \u201cc\u1ed5 ch\u1ea3y\u201d th\u00fac \u0111\u1ea9y chuy\u1ec3n \u0111\u1ed9ng quay [...]\" \/>\n<meta property=\"og:url\" content=\"https:\/\/lotusgolf.vn\/vi\/product\/gay-golf-putter-ping-pld-milled-prime-tyne-4-mtte-blk\/\" \/>\n<meta property=\"og:image\" content=\"https:\/\/lotusgolf.vn\/wp-content\/uploads\/2022\/10\/pld_tyne_4_blka2.jpg\" \/>\n\t<meta property=\"og:image:width\" content=\"700\" \/>\n\t<meta property=\"og:image:height\" content=\"700\" \/>\n\t<meta property=\"og:image:type\" content=\"image\/jpeg\" \/>\n<meta name=\"twitter:card\" content=\"summary_large_image\" \/>\n<meta name=\"twitter:label1\" content=\"\u01af\u1edbc t\u00ednh th\u1eddi gian \u0111\u1ecdc\" \/>\n\t<meta name=\"twitter:data1\" content=\"5 ph\u00fat\" \/>\n<script type=\"application\/ld+json\" class=\"yoast-schema-graph\">{\"@context\":\"https:\/\/schema.org\",\"@graph\":[{\"@type\":\"WebSite\",\"@id\":\"https:\/\/lotusgolf-b23998.ingress-bonde.ewp.live\/#website\",\"url\":\"https:\/\/lotusgolf-b23998.ingress-bonde.ewp.live\/\",\"name\":\"\",\"description\":\"\",\"potentialAction\":[{\"@type\":\"SearchAction\",\"target\":{\"@type\":\"EntryPoint\",\"urlTemplate\":\"https:\/\/lotusgolf-b23998.ingress-bonde.ewp.live\/?s={search_term_string}\"},\"query-input\":\"required name=search_term_string\"}],\"inLanguage\":\"vi\"},{\"@type\":\"ImageObject\",\"inLanguage\":\"vi\",\"@id\":\"https:\/\/lotusgolf.vn\/product\/gay-golf-putter-ping-pld-milled-prime-tyne-4-mtte-blk\/#primaryimage\",\"url\":\"https:\/\/lotusgolf.vn\/wp-content\/uploads\/2022\/10\/pld_tyne_4_blka2.jpg\",\"contentUrl\":\"https:\/\/lotusgolf.vn\/wp-content\/uploads\/2022\/10\/pld_tyne_4_blka2.jpg\",\"width\":700,\"height\":700},{\"@type\":\"WebPage\",\"@id\":\"https:\/\/lotusgolf.vn\/product\/gay-golf-putter-ping-pld-milled-prime-tyne-4-mtte-blk\/#webpage\",\"url\":\"https:\/\/lotusgolf.vn\/product\/gay-golf-putter-ping-pld-milled-prime-tyne-4-mtte-blk\/\",\"name\":\"G\u1eady golf putter Ping PLD Milled Prime Tyne 4 MTTE BLK -\",\"isPartOf\":{\"@id\":\"https:\/\/lotusgolf-b23998.ingress-bonde.ewp.live\/#website\"},\"primaryImageOfPage\":{\"@id\":\"https:\/\/lotusgolf.vn\/product\/gay-golf-putter-ping-pld-milled-prime-tyne-4-mtte-blk\/#primaryimage\"},\"datePublished\":\"2022-10-21T05:26:05+00:00\",\"dateModified\":\"2022-10-21T05:26:05+00:00\",\"breadcrumb\":{\"@id\":\"https:\/\/lotusgolf.vn\/product\/gay-golf-putter-ping-pld-milled-prime-tyne-4-mtte-blk\/#breadcrumb\"},\"inLanguage\":\"vi\",\"potentialAction\":[{\"@type\":\"ReadAction\",\"target\":[\"https:\/\/lotusgolf.vn\/product\/gay-golf-putter-ping-pld-milled-prime-tyne-4-mtte-blk\/\"]}]},{\"@type\":\"BreadcrumbList\",\"@id\":\"https:\/\/lotusgolf.vn\/product\/gay-golf-putter-ping-pld-milled-prime-tyne-4-mtte-blk\/#breadcrumb\",\"itemListElement\":[{\"@type\":\"ListItem\",\"position\":1,\"name\":\"Home\",\"item\":\"https:\/\/lotusgolf.vn\/\"},{\"@type\":\"ListItem\",\"position\":2,\"name\":\"Shop\",\"item\":\"https:\/\/lotusgolf-b23998.ingress-bonde.ewp.live\/shop\/\"},{\"@type\":\"ListItem\",\"position\":3,\"name\":\"G\u1eady golf putter Ping PLD Milled Prime Tyne 4 MTTE BLK\"}]}]}<\/script>\n<!-- \/ Yoast SEO plugin. -->","yoast_head_json":{"title":"G\u1eady golf putter Ping PLD Milled Prime Tyne 4 MTTE BLK -","robots":{"index":"index","follow":"follow","max-snippet":"max-snippet:-1","max-image-preview":"max-image-preview:large","max-video-preview":"max-video-preview:-1"},"canonical":"https:\/\/lotusgolf.vn\/vi\/product\/gay-golf-putter-ping-pld-milled-prime-tyne-4-mtte-blk\/","og_locale":"vi_VN","og_type":"article","og_title":"G\u1eady golf putter Ping PLD Milled Prime Tyne 4 MTTE BLK -","og_description":"G\u1eady g\u00f4n putter Ping PLD Milled Prime Tyne 4 MTTE BLK Th\u00f4ng Tin s\u1ea3n ph\u1ea9m d\u00f2ng PLD TYNE 4 nh\u1eb1m t\u00f4n vinh tay golf Cameron Champ, \u0110\u1eb7c \u0111i\u1ec3m n\u1ed5i b\u1eadt c\u1ee7a Ping Putter PLD PRIME TYNE 4 Ping Putter PLD PRIME TYNE 4 s\u1eed d\u1ee5ng thi\u1ebft k\u1ebf Hosel \u201cc\u1ed5 ch\u1ea3y\u201d th\u00fac \u0111\u1ea9y chuy\u1ec3n \u0111\u1ed9ng quay [...]","og_url":"https:\/\/lotusgolf.vn\/vi\/product\/gay-golf-putter-ping-pld-milled-prime-tyne-4-mtte-blk\/","og_image":[{"width":700,"height":700,"url":"https:\/\/lotusgolf.vn\/wp-content\/uploads\/2022\/10\/pld_tyne_4_blka2.jpg","type":"image\/jpeg"}],"twitter_card":"summary_large_image","twitter_misc":{"\u01af\u1edbc t\u00ednh th\u1eddi gian \u0111\u1ecdc":"5 ph\u00fat"},"schema":{"@context":"https:\/\/schema.org","@graph":[{"@type":"WebSite","@id":"https:\/\/lotusgolf-b23998.ingress-bonde.ewp.live\/#website","url":"https:\/\/lotusgolf-b23998.ingress-bonde.ewp.live\/","name":"","description":"","potentialAction":[{"@type":"SearchAction","target":{"@type":"EntryPoint","urlTemplate":"https:\/\/lotusgolf-b23998.ingress-bonde.ewp.live\/?s={search_term_string}"},"query-input":"required name=search_term_string"}],"inLanguage":"vi"},{"@type":"ImageObject","inLanguage":"vi","@id":"https:\/\/lotusgolf.vn\/product\/gay-golf-putter-ping-pld-milled-prime-tyne-4-mtte-blk\/#primaryimage","url":"https:\/\/lotusgolf.vn\/wp-content\/uploads\/2022\/10\/pld_tyne_4_blka2.jpg","contentUrl":"https:\/\/lotusgolf.vn\/wp-content\/uploads\/2022\/10\/pld_tyne_4_blka2.jpg","width":700,"height":700},{"@type":"WebPage","@id":"https:\/\/lotusgolf.vn\/product\/gay-golf-putter-ping-pld-milled-prime-tyne-4-mtte-blk\/#webpage","url":"https:\/\/lotusgolf.vn\/product\/gay-golf-putter-ping-pld-milled-prime-tyne-4-mtte-blk\/","name":"G\u1eady golf putter Ping PLD Milled Prime Tyne 4 MTTE BLK -","isPartOf":{"@id":"https:\/\/lotusgolf-b23998.ingress-bonde.ewp.live\/#website"},"primaryImageOfPage":{"@id":"https:\/\/lotusgolf.vn\/product\/gay-golf-putter-ping-pld-milled-prime-tyne-4-mtte-blk\/#primaryimage"},"datePublished":"2022-10-21T05:26:05+00:00","dateModified":"2022-10-21T05:26:05+00:00","breadcrumb":{"@id":"https:\/\/lotusgolf.vn\/product\/gay-golf-putter-ping-pld-milled-prime-tyne-4-mtte-blk\/#breadcrumb"},"inLanguage":"vi","potentialAction":[{"@type":"ReadAction","target":["https:\/\/lotusgolf.vn\/product\/gay-golf-putter-ping-pld-milled-prime-tyne-4-mtte-blk\/"]}]},{"@type":"BreadcrumbList","@id":"https:\/\/lotusgolf.vn\/product\/gay-golf-putter-ping-pld-milled-prime-tyne-4-mtte-blk\/#breadcrumb","itemListElement":[{"@type":"ListItem","position":1,"name":"Home","item":"https:\/\/lotusgolf.vn\/"},{"@type":"ListItem","position":2,"name":"Shop","item":"https:\/\/lotusgolf-b23998.ingress-bonde.ewp.live\/shop\/"},{"@type":"ListItem","position":3,"name":"G\u1eady golf putter Ping PLD Milled Prime Tyne 4 MTTE BLK"}]}]}},"_links":{"self":[{"href":"https:\/\/lotusgolf.vn\/vi\/wp-json\/wp\/v2\/product\/3099","targetHints":{"allow":["GET"]}}],"collection":[{"href":"https:\/\/lotusgolf.vn\/vi\/wp-json\/wp\/v2\/product"}],"about":[{"href":"https:\/\/lotusgolf.vn\/vi\/wp-json\/wp\/v2\/types\/product"}],"replies":[{"embeddable":true,"href":"https:\/\/lotusgolf.vn\/vi\/wp-json\/wp\/v2\/comments?post=3099"}],"wp:featuredmedia":[{"embeddable":true,"href":"https:\/\/lotusgolf.vn\/vi\/wp-json\/wp\/v2\/media\/3103"}],"wp:attachment":[{"href":"https:\/\/lotusgolf.vn\/vi\/wp-json\/wp\/v2\/media?parent=3099"}],"wp:term":[{"taxonomy":"product_brand","embeddable":true,"href":"https:\/\/lotusgolf.vn\/vi\/wp-json\/wp\/v2\/product_brand?post=3099"},{"taxonomy":"product_cat","embeddable":true,"href":"https:\/\/lotusgolf.vn\/vi\/wp-json\/wp\/v2\/product_cat?post=3099"},{"taxonomy":"product_tag","embeddable":true,"href":"https:\/\/lotusgolf.vn\/vi\/wp-json\/wp\/v2\/product_tag?post=3099"}],"curies":[{"name":"wp","href":"https:\/\/api.w.org\/{rel}","templated":true}]}}