{"id":3217,"date":"2022-10-25T04:02:15","date_gmt":"2022-10-25T04:02:15","guid":{"rendered":"https:\/\/lotusgolf.vn\/?post_type=product&#038;p=3217"},"modified":"2022-10-25T04:10:25","modified_gmt":"2022-10-25T04:10:25","slug":"may-do-khoang-cach-bushnell-pro-x3","status":"publish","type":"product","link":"https:\/\/lotusgolf.vn\/vi\/product\/may-do-khoang-cach-bushnell-pro-x3","title":{"rendered":"M\u00e1y \u0111o kho\u1ea3ng c\u00e1ch Bushnell Pro X3"},"content":{"rendered":"<h2 class=\"heading-title\">Th\u00f4ng tin s\u1ea3n ph\u1ea9m<\/h2>\n<div class=\"entry product-content-text\">\n<p><b>M\u00e1y \u0111o kho\u1ea3ng c\u00e1ch Bushnell Pro X3 n\u1ed5i b\u1eadt v\u1edbi kh\u1ea3 n\u0103ng \u0111o kho\u1ea3ng c\u00e1ch v\u01b0\u1ee3t tr\u1ed9i cho \u0111\u1ed9 ch\u00ednh x\u00e1c cao, \u0110\u1eb7c bi\u1ec7t, m\u1eabu \u1ed1ng nh\u00f2m golf n\u00e0y c\u00f2n \u0111\u01b0\u1ee3c \u1ee9ng d\u1ee5ng th\u00eam t\u00ednh n\u0103ng \u0111o h\u01b0\u1edbng gi\u00f3 hi\u1ec7n \u0111\u1ea1i nh\u1ea5t. B\u1edfi v\u1eady, kh\u00f4ng qu\u00e1 ng\u1ea1c nhi\u00ean khi Bushnell Pro X3 \u0111\u01b0\u1ee3c \u0111\u00e1nh gi\u00e1 l\u00e0 tr\u1ee3 th\u1ee7 \u0111\u1eafc l\u1ef1c gi\u00fap golfer chinh ph\u1ee5c h\u00e0nh tr\u00ecnh 18 h\u1ed1 golf m\u1ed9t c\u00e1ch ho\u00e0n h\u1ea3o.\u00a0\u00a0<\/b><\/p>\n<h3>T\u1ed5ng quan m\u00e1y \u0111o kho\u1ea3ng c\u00e1ch Bushnell Pro X3<\/h3>\n<p>C\u00f3 t\u1edbi h\u01a1n 65 n\u0103m b\u1ec1 d\u00e0y kinh nghi\u1ec7m ph\u00e1t tri\u1ec3n v\u00e0 ho\u1ea1t \u0111\u1ed9ng, Bushnell hi\u1ec7n l\u00e0 th\u01b0\u01a1ng hi\u1ec7u d\u1eabn \u0111\u1ea7u trong ng\u00e0nh s\u1ea3n xu\u1ea5t thi\u1ebft b\u1ecb quang h\u1ecdc th\u1ec3 thao tr\u00ean to\u00e0n th\u1ebf gi\u1edbi. C\u00e1c s\u1ea3n ph\u1ea9m <a href=\"https:\/\/golfgroup.com.vn\/phu-kien-golf\" target=\"_blank\" rel=\"noopener\"><strong>ph\u1ee5 ki\u1ec7n golf<\/strong><\/a>, h\u1ed7 tr\u1ee3 c\u00f4ng ngh\u1ec7 cao \u0111\u1ebfn t\u1eeb th\u01b0\u01a1ng hi\u1ec7u n\u00e0y d\u1ea7n g\u00f3p m\u1eb7t trong cu\u1ed9c ch\u01a1i c\u1ee7a golfer \u1edf m\u1ecdi c\u1ea5p \u0111\u1ed9 kh\u1ea3 n\u0103ng.<\/p>\n<p>M\u1ed9t trong nh\u1eefng d\u00f2ng s\u1ea3n ph\u1ea9m n\u1ed5i b\u1eadt c\u1ee7a h\u00e3ng, m\u00e1y \u0111o kho\u1ea3ng c\u00e1ch golf \u0111\u00e3 v\u00e0 \u0111ang nh\u1eadn \u0111\u01b0\u1ee3c \u01b0a chu\u1ed9ng \u0111\u00f4ng \u0111\u1ea3o tr\u00ean kh\u1eafp th\u1ecb tr\u01b0\u1eddng golf th\u1ebf gi\u1edbi nh\u1edd mang t\u1edbi \u0111\u1ed9 chu\u1ea9n x\u00e1c \u1ea5n t\u01b0\u1ee3ng, cung c\u1ea5p h\u00ecnh \u1ea3nh v\u00f4 c\u00f9ng s\u1eafc n\u00e9t c\u00f9ng thi\u1ebft k\u1ebf nh\u1ecf g\u1ecdn hi\u1ec7n \u0111\u1ea1i.<\/p>\n<p>K\u1ebf th\u1eeba nh\u1eefng \u01b0u \u0111i\u1ec3m l\u00e0m n\u00ean th\u1ebf m\u1ea1nh th\u01b0\u01a1ng hi\u1ec7u, m\u00e1y \u0111o kho\u1ea3ng c\u00e1ch Bushnell Pro X3 \u0111\u01b0\u1ee3c gi\u1edbi thi\u1ec7u l\u00e0 phi\u00ean b\u1ea3n c\u1ea3i ti\u1ebfn c\u1ee7a \u201c\u0111\u00e0n anh\u201d \u0111\u00ecnh \u0111\u00e1m Bushnell Pro XE, n\u1eb1m trong top nh\u1eefng m\u00e1y \u0111o kho\u1ea3ng c\u00e1ch golf b\u1eb1ng laser t\u1ed1t nh\u1ea5t m\u00e0 nh\u00e0 s\u1ea3n xu\u1ea5t h\u00e0ng \u0111\u1ea7u \u0111\u00e3 t\u1eebng ra m\u1eaft th\u1ecb tr\u01b0\u1eddng.<\/p>\n<p>\u0110\u01b0\u1ee3c l\u00e0m b\u1eb1ng nh\u1eefng v\u1eadt li\u1ec7u ch\u1ea5t l\u01b0\u1ee3ng cao, v\u1ecf kim lo\u1ea1i b\u1ecdc th\u00e9p cao su cho \u0111\u1ed9 b\u1ec1n s\u1ea3n ph\u1ea9m t\u1ed1t, \u0111\u00e1p \u1ee9ng ti\u00eau chu\u1ea9n th\u1ea5m n\u01b0\u1edbc IPX7 c\u00f3 th\u1ec3 s\u1eed d\u1ee5ng d\u01b0\u1edbi m\u1ecdi \u0111i\u1ec1u ki\u1ec7n th\u1eddi ti\u1ebft, m\u00e1y \u0111o kho\u1ea3ng c\u00e1ch Bushnell Pro X3 s\u1ebd l\u00e0 thi\u1ebft b\u1ecb hi\u1ec7n \u0111\u1ea1i gi\u00fap \u00edch cho golfer trong su\u1ed1t qu\u00e1 tr\u00ecnh t\u1eadp luy\u1ec7n c\u0169ng nh\u01b0 tr\u1ea3i nghi\u1ec7m s\u1ef1 th\u00fa v\u1ecb c\u1ee7a m\u00f4n th\u1ec3 thao xanh.<\/p>\n<p><b>Th\u00f4ng s\u1ed1 k\u1ef9 thu\u1eadt:<\/b><\/p>\n<ul>\n<li aria-level=\"1\"><strong>T\u00ean s\u1ea3n ph\u1ea9m<\/strong>: \u1ed0ng nh\u00f2m \u0111o kho\u1ea3ng c\u00e1ch laser Bushnell Pro X3<\/li>\n<li aria-level=\"1\"><strong>Th\u01b0\u01a1ng hi\u1ec7u:<\/strong> Bushnell.<\/li>\n<li aria-level=\"1\"><strong>Lo\u1ea1i pin<\/strong>: CR2 lithium.<\/li>\n<li aria-level=\"1\"><strong>Ph\u1ea1m vi \u0111o<\/strong>: 5 \u2013 1.300 yards.<\/li>\n<li aria-level=\"1\"><strong>Ch\u1ed1ng th\u1ea5m n\u01b0\u1edbc<\/strong>: IPX7.<\/li>\n<li aria-level=\"1\"><strong>\u0110\u1ed9 ph\u00f3ng \u0111\u1ea1i<\/strong>: 7x.<\/li>\n<li aria-level=\"1\"><strong>\u0110\u1ed9 ch\u00ednh x\u00e1c<\/strong>: +\/-1 yard.<\/li>\n<li aria-level=\"1\"><strong>\u0110\u01b0\u1eddng k\u00ednh v\u1eadt k\u00ednh<\/strong>: 25mm.<\/li>\n<li aria-level=\"1\"><strong>Tr\u1ecdng l\u01b0\u1ee3ng s\u1ea3n ph\u1ea9m<\/strong>: 0,3 kg.<\/li>\n<li aria-level=\"1\"><strong>M\u00e0u<\/strong>: B\u1ea1c.<\/li>\n<li aria-level=\"1\">\n<h3>Bushnell Pro X3 s\u1edf h\u1eefu c\u00f4ng ngh\u1ec7 hi\u1ec7n \u0111\u1ea1i cho t\u00ednh n\u0103ng \u1ea5n t\u01b0\u1ee3ng<\/h3>\n<p>Theo kh\u1eb3ng \u0111\u1ecbnh t\u1eeb nh\u00e0 s\u1ea3n xu\u1ea5t, m\u00e1y \u0111o kho\u1ea3ng c\u00e1ch Bushnell Pro X3 \u0111\u01b0\u1ee3c trang b\u1ecb th\u00eam nhi\u1ec1u c\u00f4ng ngh\u1ec7 hi\u1ec7n \u0111\u1ea1i, \u0111\u1eb7c bi\u1ec7t c\u00f3 th\u00eam t\u00ednh n\u0103ng \u0111o h\u01b0\u1edbng gi\u00f3 s\u1ebd cung c\u1ea5p kho\u1ea3ng c\u00e1ch v\u1edbi \u0111\u1ed9 ch\u00ednh x\u00e1c v\u00e0 hi\u1ec7u su\u1ea5t t\u1ed1t nh\u1ea5t. <a href=\"https:\/\/golfgroup.com.vn\/ong-nhom-may-do-khoang-cach\" target=\"_blank\" rel=\"noopener\"><strong>\u1ed0ng nh\u00f2m<\/strong><\/a> c\u00f3 th\u1ec3 ph\u00e1t huy t\u00e1c d\u1ee5ng tuy\u1ec7t \u0111\u1ed1i kh\u1ea3 n\u0103ng b\u1eafn kho\u1ea3ng c\u00e1ch trong m\u1ecdi \u0111i\u1ec1u ki\u1ec7n thi\u1ebfu s\u00e1ng, h\u1ea1n ch\u1ebf t\u1ea7m nh\u00ecn nh\u01b0 s\u01b0\u01a1ng m\u00f9 hay ban \u0111\u00eam.<\/p>\n<ul>\n<li aria-level=\"1\"><b>\u1ed0ng k\u00ednh ch\u1ea5t l\u01b0\u1ee3ng cao c\u00f9ng kh\u1ea3 n\u0103ng ph\u00f3ng \u0111\u1ea1i 7 l\u1ea7n<\/b><\/li>\n<\/ul>\n<p>Nh\u00e0 s\u1ea3n xu\u1ea5t \u0111\u00e3 s\u1eed d\u1ee5ng \u1ed1ng k\u00ednh quang h\u1ecdc ch\u1ea5t l\u01b0\u1ee3ng cao nh\u1ea5t t\u1ea1o cho s\u1ea3n ph\u1ea9m n\u00e0y kh\u1ea3 n\u0103ng cung c\u1ea5p \u0111\u1ed9 r\u00f5 n\u00e9t v\u00e0 \u0111\u1ed9 ph\u00e2n gi\u1ea3i v\u01b0\u1ee3t tr\u1ed9i. C\u00f9ng v\u1edbi \u0111\u1ed9 ph\u00f3ng \u0111\u1ea1i 7 l\u1ea7n, ng\u01b0\u1eddi ch\u01a1i ho\u00e0n to\u00e0n c\u00f3 th\u1ec3 d\u1ec5 d\u00e0ng l\u1ea5y n\u00e9t nhanh v\u00e0 nh\u1eafm v\u00e0o m\u1ee5c ti\u00eau.<\/p>\n<ul>\n<li aria-level=\"1\"><b>C\u00f4ng ngh\u1ec7 Slope with Elements cho \u0111\u1ed9 chu\u1ea9n x\u00e1c cao\u00a0<\/b><\/li>\n<\/ul>\n<p>Nh\u1edd vi\u1ec7c c\u1ea3i ti\u1ebfn kh\u1ea3 n\u0103ng \u0111o kho\u1ea3ng c\u00e1ch \u1edf nhi\u1ec1u c\u1ea5p \u0111\u1ed9 kh\u00e1c nhau, trong m\u1ecdi ho\u00e0n c\u1ea3nh nh\u01b0 n\u01a1i c\u00f3 \u0111\u1ed9 d\u1ed1c, ch\u00eanh l\u1ec7ch nhi\u1ec7t \u0111\u1ed9, \u00e1p su\u1ea5t,\u2026 Bushnell Pro X3 \u0111\u1ec1u \u0111o \u0111\u01b0\u1ee3c v\u1edbi \u0111\u1ed9 ch\u00ednh x\u00e1c cao h\u01a1n r\u1ea5t nhi\u1ec1u so v\u1edbi c\u00e1c s\u1ea3n ph\u1ea9m kh\u00e1c. \u1ed0ng nh\u00f2m \u0111o kho\u1ea3ng c\u00e1ch laser n\u00e0y c\u00f3 th\u1ec3 \u0111o ch\u00ednh x\u00e1c trong ph\u1ea1m vi t\u1edbi h\u01a1n 500m.<\/p>\n<ul>\n<li aria-level=\"1\"><b>T\u00ednh n\u0103ng \u0111o h\u01b0\u1edbng gi\u00f3\u00a0<\/b><\/li>\n<\/ul>\n<p>Bushnell Pro X3 \u0111\u01b0\u1ee3c \u1ee9ng d\u1ee5ng c\u00f4ng ngh\u1ec7 hi\u1ec7n \u0111\u1ea1i gi\u00fap ng\u01b0\u1eddi d\u00f9ng d\u1ec5 d\u00e0ng \u0111o kho\u1ea3ng c\u00e1ch ch\u00ednh x\u00e1c t\u1eeb v\u1ecb tr\u00ed \u0111\u1ee9ng \u0111\u1ebfn l\u00e1 c\u1edd ngay c\u1ea3 khi th\u1eddi ti\u1ebft c\u00f3 gi\u00f3 l\u1edbn. Khi l\u00e1 c\u1edd \u0111\u00e3 trong t\u1ea7m ng\u1eafm, m\u00e1y \u0111o kho\u1ea3ng c\u00e1ch n\u00e0y s\u1ebd rung l\u00ean v\u00e0 hi\u1ec3n th\u1ecb k\u1ebft qu\u1ea3 ngay tr\u00ean m\u00e0n h\u00ecnh, cung c\u1ea5p cho cho golfer ph\u1ea3n h\u1ed3i ch\u00ednh x\u00e1c v\u1ec1 m\u1ee5c ti\u00eau nh\u1edd v\u1eady gia t\u0103ng kh\u1ea3 n\u0103ng \u0111\u00e1nh v\u00e0o l\u1ed7 ch\u00ednh x\u00e1c.<\/p>\n<figure id=\"attachment_20207\" class=\"wp-caption aligncenter\" aria-describedby=\"caption-attachment-20207\"><img loading=\"lazy\" decoding=\"async\" class=\"size-full wp-image-20207 entered lazyloaded\" src=\"https:\/\/golfgroup.com.vn\/wp-content\/uploads\/2022\/05\/hinh-anh-may-do-khoang-cach-bushnell-pro-x3-4.jpg\" sizes=\"auto, (max-width: 800px) 100vw, 800px\" srcset=\"https:\/\/golfgroup.com.vn\/wp-content\/uploads\/2022\/05\/hinh-anh-may-do-khoang-cach-bushnell-pro-x3-4.jpg 800w, https:\/\/golfgroup.com.vn\/wp-content\/uploads\/2022\/05\/hinh-anh-may-do-khoang-cach-bushnell-pro-x3-4-445x389.jpg 445w, https:\/\/golfgroup.com.vn\/wp-content\/uploads\/2022\/05\/hinh-anh-may-do-khoang-cach-bushnell-pro-x3-4-768x672.jpg 768w, https:\/\/golfgroup.com.vn\/wp-content\/uploads\/2022\/05\/hinh-anh-may-do-khoang-cach-bushnell-pro-x3-4-300x263.jpg 300w\" alt=\"M\u00e1y \u0111o kho\u1ea3ng c\u00e1ch Bushnell Pro X3 \u0111\u01b0\u1ee3c nhi\u1ec1u golfer l\u1ef1a ch\u1ecdn\" width=\"800\" height=\"700\" data-lazy-srcset=\"https:\/\/golfgroup.com.vn\/wp-content\/uploads\/2022\/05\/hinh-anh-may-do-khoang-cach-bushnell-pro-x3-4.jpg 800w, https:\/\/golfgroup.com.vn\/wp-content\/uploads\/2022\/05\/hinh-anh-may-do-khoang-cach-bushnell-pro-x3-4-445x389.jpg 445w, https:\/\/golfgroup.com.vn\/wp-content\/uploads\/2022\/05\/hinh-anh-may-do-khoang-cach-bushnell-pro-x3-4-768x672.jpg 768w, https:\/\/golfgroup.com.vn\/wp-content\/uploads\/2022\/05\/hinh-anh-may-do-khoang-cach-bushnell-pro-x3-4-300x263.jpg 300w\" data-lazy-sizes=\"(max-width: 800px) 100vw, 800px\" data-lazy-src=\"https:\/\/golfgroup.com.vn\/wp-content\/uploads\/2022\/05\/hinh-anh-may-do-khoang-cach-bushnell-pro-x3-4.jpg\" data-ll-status=\"loaded\" \/><figcaption id=\"caption-attachment-20207\" class=\"wp-caption-text\">M\u00e1y \u0111o kho\u1ea3ng c\u00e1ch Bushnell Pro X3 \u0111\u01b0\u1ee3c nhi\u1ec1u golfer l\u1ef1a ch\u1ecdn<\/figcaption><\/figure>\n<ul>\n<li aria-level=\"1\"><b>C\u00f4ng ngh\u1ec7 PinSeeker v\u00e0 Visual JOLT<\/b><\/li>\n<\/ul>\n<p>C\u00f4ng ngh\u1ec7 Visual JOLT \u0111\u01b0\u1ee3c \u1ee9ng d\u1ee5ng \u0111\u1ec3 ng\u01b0\u1eddi ch\u01a1i kh\u00f4ng ph\u1ea3i m\u1ea5t nhi\u1ec1u th\u1eddi gian \u0111o m\u00e0 v\u1eabn c\u00f3 th\u1ec3 x\u00e1c \u0111\u1ecbnh \u0111\u01b0\u1ee3c kho\u1ea3ng c\u00e1ch \u0111\u1ebfn c\u1edd ngay c\u1ea3 khi l\u00e1 c\u1edd kh\u00f4ng \u0111\u1ee9ng y\u00ean. C\u00f9ng t\u00ednh n\u0103ng PinSeeker, golfer s\u1ebd c\u00f3 c\u00e1i nh\u00ecn tr\u1ef1c quan h\u01a1n v\u1ec1 ph\u00e9p \u0111o th\u00f4ng qua nh\u1eefng b\u1ee9c \u1ea3nh 3D ho\u00e0n h\u1ea3o.<\/p>\n<ul>\n<li aria-level=\"1\"><b>C\u00f4ng ngh\u1ec7 Slope \u2013 Switch\u00a0<\/b><\/li>\n<\/ul>\n<p>V\u1edbi c\u00f4ng ngh\u1ec7 Slope \u2013 Switch, m\u00e1y \u0111o kho\u1ea3ng c\u00e1ch n\u00e0y c\u00f3 th\u1ec3 thu\u1eadn ti\u1ec7n h\u01a1n trong vi\u1ec7c chuy\u1ec3n \u0111\u1ed5i \u0111\u1ed9 d\u1ed1c v\u00e0 x\u00e1c \u0111\u1ecbnh \u0111\u01b0\u1ee3c kho\u1ea3ng c\u00e1ch b\u00f9 xung quanh s\u00e2n qua \u0111\u00f3 gi\u00fap ng\u01b0\u1eddi ch\u01a1i \u0111\u01b0a ra c\u00fa \u0111\u00e1nh ch\u00ednh x\u00e1c h\u01a1n. N\u1ebfu golfer th\u01b0\u1eddng xuy\u00ean tham gia c\u00e1c gi\u1ea3i \u0111\u1ea5u chuy\u00ean nghi\u1ec7p, \u0111\u00e2y s\u1ebd l\u00e0 m\u1ed9t t\u00ednh n\u0103ng ghi \u0111i\u1ec3m c\u1ee7a s\u1ea3n ph\u1ea9m.<\/p>\n<ul>\n<li aria-level=\"1\"><b>M\u00e0n h\u00ecnh LCD<\/b><\/li>\n<\/ul>\n<p>Golf th\u1ee7 c\u00f3 th\u1ec3 d\u1ec5 d\u00e0ng t\u00f9y ch\u1ec9nh hi\u1ec3n th\u1ecb theo \u0111i\u1ec1u ki\u1ec7n \u00e1nh s\u00e1ng xung quanh nh\u1edd m\u00e0n h\u00ecnh LCD \u0111\u01b0\u1ee3c \u1ee9ng d\u1ee5ng c\u00f4ng ngh\u1ec7 Dual Display DDT v\u1edbi hai m\u00e0u \u0111\u1ecf v\u00e0 \u0111en. Trong \u0111\u00f3, \u0111\u00e8n n\u1ec1n v\u1edbi \u0111\u1ed9 s\u00e1ng c\u1ee7a m\u00e0n h\u00ecnh c\u0169ng \u0111\u00e3 \u0111\u01b0\u1ee3c n\u00e2ng c\u1ea5p cao h\u01a1n h\u1eb3n so v\u1edbi c\u00e1c s\u1ea3n ph\u1ea9m kh\u00e1c.<\/li>\n<\/ul>\n<\/div>\n","protected":false},"excerpt":{"rendered":"<p>Th\u00f4ng tin s\u1ea3n ph\u1ea9m M\u00e1y \u0111o kho\u1ea3ng c\u00e1ch Bushnell Pro X3 n\u1ed5i b\u1eadt v\u1edbi kh\u1ea3 n\u0103ng \u0111o kho\u1ea3ng c\u00e1ch v\u01b0\u1ee3t tr\u1ed9i cho \u0111\u1ed9 ch\u00ednh x\u00e1c cao, \u0110\u1eb7c bi\u1ec7t, m\u1eabu \u1ed1ng nh\u00f2m golf n\u00e0y c\u00f2n \u0111\u01b0\u1ee3c \u1ee9ng d\u1ee5ng th\u00eam t\u00ednh n\u0103ng \u0111o h\u01b0\u1edbng gi\u00f3 hi\u1ec7n \u0111\u1ea1i nh\u1ea5t. B\u1edfi v\u1eady, kh\u00f4ng qu\u00e1 ng\u1ea1c nhi\u00ean khi Bushnell Pro [&#8230;]\n","protected":false},"featured_media":3222,"comment_status":"open","ping_status":"closed","template":"","meta":[],"product_brand":[],"product_cat":[94],"product_tag":[],"class_list":{"0":"post-3217","1":"product","2":"type-product","3":"status-publish","4":"has-post-thumbnail","6":"product_cat-phu-kien","8":"first","9":"instock","10":"sale","11":"shipping-taxable","12":"purchasable","13":"product-type-simple"},"yoast_head":"<!-- This site is optimized with the Yoast SEO plugin v19.0 - https:\/\/yoast.com\/wordpress\/plugins\/seo\/ -->\n<title>M\u00e1y \u0111o kho\u1ea3ng c\u00e1ch Bushnell Pro X3 -<\/title>\n<meta name=\"robots\" content=\"index, follow, max-snippet:-1, max-image-preview:large, max-video-preview:-1\" \/>\n<link rel=\"canonical\" href=\"https:\/\/lotusgolf.vn\/vi\/product\/may-do-khoang-cach-bushnell-pro-x3\/\" \/>\n<meta property=\"og:locale\" content=\"vi_VN\" \/>\n<meta property=\"og:type\" content=\"article\" \/>\n<meta property=\"og:title\" content=\"M\u00e1y \u0111o kho\u1ea3ng c\u00e1ch Bushnell Pro X3 -\" \/>\n<meta property=\"og:description\" content=\"Th\u00f4ng tin s\u1ea3n ph\u1ea9m M\u00e1y \u0111o kho\u1ea3ng c\u00e1ch Bushnell Pro X3 n\u1ed5i b\u1eadt v\u1edbi kh\u1ea3 n\u0103ng \u0111o kho\u1ea3ng c\u00e1ch v\u01b0\u1ee3t tr\u1ed9i cho \u0111\u1ed9 ch\u00ednh x\u00e1c cao, \u0110\u1eb7c bi\u1ec7t, m\u1eabu \u1ed1ng nh\u00f2m golf n\u00e0y c\u00f2n \u0111\u01b0\u1ee3c \u1ee9ng d\u1ee5ng th\u00eam t\u00ednh n\u0103ng \u0111o h\u01b0\u1edbng gi\u00f3 hi\u1ec7n \u0111\u1ea1i nh\u1ea5t. B\u1edfi v\u1eady, kh\u00f4ng qu\u00e1 ng\u1ea1c nhi\u00ean khi Bushnell Pro [...]\" \/>\n<meta property=\"og:url\" content=\"https:\/\/lotusgolf.vn\/vi\/product\/may-do-khoang-cach-bushnell-pro-x3\/\" \/>\n<meta property=\"article:modified_time\" content=\"2022-10-25T04:10:25+00:00\" \/>\n<meta property=\"og:image\" content=\"https:\/\/lotusgolf.vn\/wp-content\/uploads\/2022\/10\/312738885_3095561534069364_8600528219796645913_n.jpg\" \/>\n\t<meta property=\"og:image:width\" content=\"1536\" \/>\n\t<meta property=\"og:image:height\" content=\"2048\" \/>\n\t<meta property=\"og:image:type\" content=\"image\/jpeg\" \/>\n<meta name=\"twitter:card\" content=\"summary_large_image\" \/>\n<meta name=\"twitter:label1\" content=\"\u01af\u1edbc t\u00ednh th\u1eddi gian \u0111\u1ecdc\" \/>\n\t<meta name=\"twitter:data1\" content=\"7 ph\u00fat\" \/>\n<script type=\"application\/ld+json\" class=\"yoast-schema-graph\">{\"@context\":\"https:\/\/schema.org\",\"@graph\":[{\"@type\":\"WebSite\",\"@id\":\"https:\/\/lotusgolf-b23998.ingress-bonde.ewp.live\/#website\",\"url\":\"https:\/\/lotusgolf-b23998.ingress-bonde.ewp.live\/\",\"name\":\"\",\"description\":\"\",\"potentialAction\":[{\"@type\":\"SearchAction\",\"target\":{\"@type\":\"EntryPoint\",\"urlTemplate\":\"https:\/\/lotusgolf-b23998.ingress-bonde.ewp.live\/?s={search_term_string}\"},\"query-input\":\"required name=search_term_string\"}],\"inLanguage\":\"vi\"},{\"@type\":\"ImageObject\",\"inLanguage\":\"vi\",\"@id\":\"https:\/\/lotusgolf.vn\/product\/may-do-khoang-cach-bushnell-pro-x3\/#primaryimage\",\"url\":\"https:\/\/lotusgolf.vn\/wp-content\/uploads\/2022\/10\/312738885_3095561534069364_8600528219796645913_n.jpg\",\"contentUrl\":\"https:\/\/lotusgolf.vn\/wp-content\/uploads\/2022\/10\/312738885_3095561534069364_8600528219796645913_n.jpg\",\"width\":1536,\"height\":2048},{\"@type\":\"WebPage\",\"@id\":\"https:\/\/lotusgolf.vn\/product\/may-do-khoang-cach-bushnell-pro-x3\/#webpage\",\"url\":\"https:\/\/lotusgolf.vn\/product\/may-do-khoang-cach-bushnell-pro-x3\/\",\"name\":\"M\u00e1y \u0111o kho\u1ea3ng c\u00e1ch Bushnell Pro X3 -\",\"isPartOf\":{\"@id\":\"https:\/\/lotusgolf-b23998.ingress-bonde.ewp.live\/#website\"},\"primaryImageOfPage\":{\"@id\":\"https:\/\/lotusgolf.vn\/product\/may-do-khoang-cach-bushnell-pro-x3\/#primaryimage\"},\"datePublished\":\"2022-10-25T04:02:15+00:00\",\"dateModified\":\"2022-10-25T04:10:25+00:00\",\"breadcrumb\":{\"@id\":\"https:\/\/lotusgolf.vn\/product\/may-do-khoang-cach-bushnell-pro-x3\/#breadcrumb\"},\"inLanguage\":\"vi\",\"potentialAction\":[{\"@type\":\"ReadAction\",\"target\":[\"https:\/\/lotusgolf.vn\/product\/may-do-khoang-cach-bushnell-pro-x3\/\"]}]},{\"@type\":\"BreadcrumbList\",\"@id\":\"https:\/\/lotusgolf.vn\/product\/may-do-khoang-cach-bushnell-pro-x3\/#breadcrumb\",\"itemListElement\":[{\"@type\":\"ListItem\",\"position\":1,\"name\":\"Home\",\"item\":\"https:\/\/lotusgolf.vn\/\"},{\"@type\":\"ListItem\",\"position\":2,\"name\":\"Shop\",\"item\":\"https:\/\/lotusgolf-b23998.ingress-bonde.ewp.live\/shop\/\"},{\"@type\":\"ListItem\",\"position\":3,\"name\":\"M\u00e1y \u0111o kho\u1ea3ng c\u00e1ch Bushnell Pro X3\"}]}]}<\/script>\n<!-- \/ Yoast SEO plugin. -->","yoast_head_json":{"title":"M\u00e1y \u0111o kho\u1ea3ng c\u00e1ch Bushnell Pro X3 -","robots":{"index":"index","follow":"follow","max-snippet":"max-snippet:-1","max-image-preview":"max-image-preview:large","max-video-preview":"max-video-preview:-1"},"canonical":"https:\/\/lotusgolf.vn\/vi\/product\/may-do-khoang-cach-bushnell-pro-x3\/","og_locale":"vi_VN","og_type":"article","og_title":"M\u00e1y \u0111o kho\u1ea3ng c\u00e1ch Bushnell Pro X3 -","og_description":"Th\u00f4ng tin s\u1ea3n ph\u1ea9m M\u00e1y \u0111o kho\u1ea3ng c\u00e1ch Bushnell Pro X3 n\u1ed5i b\u1eadt v\u1edbi kh\u1ea3 n\u0103ng \u0111o kho\u1ea3ng c\u00e1ch v\u01b0\u1ee3t tr\u1ed9i cho \u0111\u1ed9 ch\u00ednh x\u00e1c cao, \u0110\u1eb7c bi\u1ec7t, m\u1eabu \u1ed1ng nh\u00f2m golf n\u00e0y c\u00f2n \u0111\u01b0\u1ee3c \u1ee9ng d\u1ee5ng th\u00eam t\u00ednh n\u0103ng \u0111o h\u01b0\u1edbng gi\u00f3 hi\u1ec7n \u0111\u1ea1i nh\u1ea5t. B\u1edfi v\u1eady, kh\u00f4ng qu\u00e1 ng\u1ea1c nhi\u00ean khi Bushnell Pro [...]","og_url":"https:\/\/lotusgolf.vn\/vi\/product\/may-do-khoang-cach-bushnell-pro-x3\/","article_modified_time":"2022-10-25T04:10:25+00:00","og_image":[{"width":1536,"height":2048,"url":"https:\/\/lotusgolf.vn\/wp-content\/uploads\/2022\/10\/312738885_3095561534069364_8600528219796645913_n.jpg","type":"image\/jpeg"}],"twitter_card":"summary_large_image","twitter_misc":{"\u01af\u1edbc t\u00ednh th\u1eddi gian \u0111\u1ecdc":"7 ph\u00fat"},"schema":{"@context":"https:\/\/schema.org","@graph":[{"@type":"WebSite","@id":"https:\/\/lotusgolf-b23998.ingress-bonde.ewp.live\/#website","url":"https:\/\/lotusgolf-b23998.ingress-bonde.ewp.live\/","name":"","description":"","potentialAction":[{"@type":"SearchAction","target":{"@type":"EntryPoint","urlTemplate":"https:\/\/lotusgolf-b23998.ingress-bonde.ewp.live\/?s={search_term_string}"},"query-input":"required name=search_term_string"}],"inLanguage":"vi"},{"@type":"ImageObject","inLanguage":"vi","@id":"https:\/\/lotusgolf.vn\/product\/may-do-khoang-cach-bushnell-pro-x3\/#primaryimage","url":"https:\/\/lotusgolf.vn\/wp-content\/uploads\/2022\/10\/312738885_3095561534069364_8600528219796645913_n.jpg","contentUrl":"https:\/\/lotusgolf.vn\/wp-content\/uploads\/2022\/10\/312738885_3095561534069364_8600528219796645913_n.jpg","width":1536,"height":2048},{"@type":"WebPage","@id":"https:\/\/lotusgolf.vn\/product\/may-do-khoang-cach-bushnell-pro-x3\/#webpage","url":"https:\/\/lotusgolf.vn\/product\/may-do-khoang-cach-bushnell-pro-x3\/","name":"M\u00e1y \u0111o kho\u1ea3ng c\u00e1ch Bushnell Pro X3 -","isPartOf":{"@id":"https:\/\/lotusgolf-b23998.ingress-bonde.ewp.live\/#website"},"primaryImageOfPage":{"@id":"https:\/\/lotusgolf.vn\/product\/may-do-khoang-cach-bushnell-pro-x3\/#primaryimage"},"datePublished":"2022-10-25T04:02:15+00:00","dateModified":"2022-10-25T04:10:25+00:00","breadcrumb":{"@id":"https:\/\/lotusgolf.vn\/product\/may-do-khoang-cach-bushnell-pro-x3\/#breadcrumb"},"inLanguage":"vi","potentialAction":[{"@type":"ReadAction","target":["https:\/\/lotusgolf.vn\/product\/may-do-khoang-cach-bushnell-pro-x3\/"]}]},{"@type":"BreadcrumbList","@id":"https:\/\/lotusgolf.vn\/product\/may-do-khoang-cach-bushnell-pro-x3\/#breadcrumb","itemListElement":[{"@type":"ListItem","position":1,"name":"Home","item":"https:\/\/lotusgolf.vn\/"},{"@type":"ListItem","position":2,"name":"Shop","item":"https:\/\/lotusgolf-b23998.ingress-bonde.ewp.live\/shop\/"},{"@type":"ListItem","position":3,"name":"M\u00e1y \u0111o kho\u1ea3ng c\u00e1ch Bushnell Pro X3"}]}]}},"_links":{"self":[{"href":"https:\/\/lotusgolf.vn\/vi\/wp-json\/wp\/v2\/product\/3217","targetHints":{"allow":["GET"]}}],"collection":[{"href":"https:\/\/lotusgolf.vn\/vi\/wp-json\/wp\/v2\/product"}],"about":[{"href":"https:\/\/lotusgolf.vn\/vi\/wp-json\/wp\/v2\/types\/product"}],"replies":[{"embeddable":true,"href":"https:\/\/lotusgolf.vn\/vi\/wp-json\/wp\/v2\/comments?post=3217"}],"wp:featuredmedia":[{"embeddable":true,"href":"https:\/\/lotusgolf.vn\/vi\/wp-json\/wp\/v2\/media\/3222"}],"wp:attachment":[{"href":"https:\/\/lotusgolf.vn\/vi\/wp-json\/wp\/v2\/media?parent=3217"}],"wp:term":[{"taxonomy":"product_brand","embeddable":true,"href":"https:\/\/lotusgolf.vn\/vi\/wp-json\/wp\/v2\/product_brand?post=3217"},{"taxonomy":"product_cat","embeddable":true,"href":"https:\/\/lotusgolf.vn\/vi\/wp-json\/wp\/v2\/product_cat?post=3217"},{"taxonomy":"product_tag","embeddable":true,"href":"https:\/\/lotusgolf.vn\/vi\/wp-json\/wp\/v2\/product_tag?post=3217"}],"curies":[{"name":"wp","href":"https:\/\/api.w.org\/{rel}","templated":true}]}}