{"id":4262,"date":"2022-12-15T09:26:05","date_gmt":"2022-12-15T09:26:05","guid":{"rendered":"https:\/\/lotusgolf.vn\/?post_type=product&#038;p=4262"},"modified":"2022-12-15T09:26:05","modified_gmt":"2022-12-15T09:26:05","slug":"bo-gay-ping-g430-model-2022-12-gay","status":"publish","type":"product","link":"https:\/\/lotusgolf.vn\/vi\/product\/bo-gay-ping-g430-model-2022-12-gay","title":{"rendered":"B\u1ed9 G\u1eady Ping G430 model 2022 (12 G\u1eady)"},"content":{"rendered":"<p>Fullset Ping G430 model 2022 ch\u00ednh h\u00e3ng (c\u00f3 tem ch\u1ed1ng h\u00e0ng gi\u1ea3) g\u1ed3m 12 g\u1eady m\u1edbi 100%<br \/>\n\u26f3\ufe0fDriver S<br \/>\n\u26f3\ufe0fG\u1ed7 5 S<br \/>\n\u26f3\ufe0fCiu 4 S<br \/>\n\u26f3\ufe0fB\u1ed9 s\u1eaft g\u1ed3m 5 g\u1eady 6.7.8.9.W c\u00e1n 850S<br \/>\n\u26f3\ufe0fK\u0129 thu\u1eadt 50 \u0111\u1ed9<br \/>\n\u26f3\ufe0fK\u0129 thu\u1eadt 54 \u0111\u1ed9<br \/>\n\u26f3\ufe0fK\u0129 thu\u1eadt 58 \u0111\u1ed9<br \/>\n\u26f3\ufe0fPutter<\/p>\n","protected":false},"excerpt":{"rendered":"<p>Fullset Ping G430 model 2022 ch\u00ednh h\u00e3ng (c\u00f3 tem ch\u1ed1ng h\u00e0ng gi\u1ea3) g\u1ed3m 12 g\u1eady m\u1edbi 100% \u26f3\ufe0fDriver S \u26f3\ufe0fG\u1ed7 5 S \u26f3\ufe0fCiu 4 S \u26f3\ufe0fB\u1ed9 s\u1eaft g\u1ed3m 5 g\u1eady 6.7.8.9.W c\u00e1n 850S \u26f3\ufe0fK\u0129 thu\u1eadt 50 \u0111\u1ed9 \u26f3\ufe0fK\u0129 thu\u1eadt 54 \u0111\u1ed9 \u26f3\ufe0fK\u0129 thu\u1eadt 58 \u0111\u1ed9 \u26f3\ufe0fPutter<\/p>\n","protected":false},"featured_media":4269,"comment_status":"open","ping_status":"closed","template":"","meta":[],"product_brand":[],"product_cat":[91],"product_tag":[],"class_list":{"0":"post-4262","1":"product","2":"type-product","3":"status-publish","4":"has-post-thumbnail","6":"product_cat-fullset","8":"first","9":"instock","10":"shipping-taxable","11":"product-type-simple"},"yoast_head":"<!-- This site is optimized with the Yoast SEO plugin v19.0 - https:\/\/yoast.com\/wordpress\/plugins\/seo\/ -->\n<title>B\u1ed9 G\u1eady Ping G430 model 2022 (12 G\u1eady) -<\/title>\n<meta name=\"robots\" content=\"index, follow, max-snippet:-1, max-image-preview:large, max-video-preview:-1\" \/>\n<link rel=\"canonical\" href=\"https:\/\/lotusgolf.vn\/vi\/product\/bo-gay-ping-g430-model-2022-12-gay\/\" \/>\n<meta property=\"og:locale\" content=\"vi_VN\" \/>\n<meta property=\"og:type\" content=\"article\" \/>\n<meta property=\"og:title\" content=\"B\u1ed9 G\u1eady Ping G430 model 2022 (12 G\u1eady) -\" \/>\n<meta property=\"og:description\" content=\"Fullset Ping G430 model 2022 ch\u00ednh h\u00e3ng (c\u00f3 tem ch\u1ed1ng h\u00e0ng gi\u1ea3) g\u1ed3m 12 g\u1eady m\u1edbi 100% \u26f3\ufe0fDriver S \u26f3\ufe0fG\u1ed7 5 S \u26f3\ufe0fCiu 4 S \u26f3\ufe0fB\u1ed9 s\u1eaft g\u1ed3m 5 g\u1eady 6.7.8.9.W c\u00e1n 850S \u26f3\ufe0fK\u0129 thu\u1eadt 50 \u0111\u1ed9 \u26f3\ufe0fK\u0129 thu\u1eadt 54 \u0111\u1ed9 \u26f3\ufe0fK\u0129 thu\u1eadt 58 \u0111\u1ed9 \u26f3\ufe0fPutter\" \/>\n<meta property=\"og:url\" content=\"https:\/\/lotusgolf.vn\/vi\/product\/bo-gay-ping-g430-model-2022-12-gay\/\" \/>\n<meta property=\"og:image\" content=\"https:\/\/lotusgolf.vn\/wp-content\/uploads\/2022\/12\/z3961633351362_a2cba4c552d99893a79a6244d289d2b7.jpg\" \/>\n\t<meta property=\"og:image:width\" content=\"956\" \/>\n\t<meta property=\"og:image:height\" content=\"1276\" \/>\n\t<meta property=\"og:image:type\" content=\"image\/jpeg\" \/>\n<meta name=\"twitter:card\" content=\"summary_large_image\" \/>\n<script type=\"application\/ld+json\" class=\"yoast-schema-graph\">{\"@context\":\"https:\/\/schema.org\",\"@graph\":[{\"@type\":\"WebSite\",\"@id\":\"https:\/\/lotusgolf-b23998.ingress-bonde.ewp.live\/#website\",\"url\":\"https:\/\/lotusgolf-b23998.ingress-bonde.ewp.live\/\",\"name\":\"\",\"description\":\"\",\"potentialAction\":[{\"@type\":\"SearchAction\",\"target\":{\"@type\":\"EntryPoint\",\"urlTemplate\":\"https:\/\/lotusgolf-b23998.ingress-bonde.ewp.live\/?s={search_term_string}\"},\"query-input\":\"required name=search_term_string\"}],\"inLanguage\":\"vi\"},{\"@type\":\"ImageObject\",\"inLanguage\":\"vi\",\"@id\":\"https:\/\/lotusgolf.vn\/product\/bo-gay-ping-g430-model-2022-12-gay\/#primaryimage\",\"url\":\"https:\/\/lotusgolf.vn\/wp-content\/uploads\/2022\/12\/z3961633351362_a2cba4c552d99893a79a6244d289d2b7.jpg\",\"contentUrl\":\"https:\/\/lotusgolf.vn\/wp-content\/uploads\/2022\/12\/z3961633351362_a2cba4c552d99893a79a6244d289d2b7.jpg\",\"width\":956,\"height\":1276},{\"@type\":\"WebPage\",\"@id\":\"https:\/\/lotusgolf.vn\/product\/bo-gay-ping-g430-model-2022-12-gay\/#webpage\",\"url\":\"https:\/\/lotusgolf.vn\/product\/bo-gay-ping-g430-model-2022-12-gay\/\",\"name\":\"B\u1ed9 G\u1eady Ping G430 model 2022 (12 G\u1eady) -\",\"isPartOf\":{\"@id\":\"https:\/\/lotusgolf-b23998.ingress-bonde.ewp.live\/#website\"},\"primaryImageOfPage\":{\"@id\":\"https:\/\/lotusgolf.vn\/product\/bo-gay-ping-g430-model-2022-12-gay\/#primaryimage\"},\"datePublished\":\"2022-12-15T09:26:05+00:00\",\"dateModified\":\"2022-12-15T09:26:05+00:00\",\"breadcrumb\":{\"@id\":\"https:\/\/lotusgolf.vn\/product\/bo-gay-ping-g430-model-2022-12-gay\/#breadcrumb\"},\"inLanguage\":\"vi\",\"potentialAction\":[{\"@type\":\"ReadAction\",\"target\":[\"https:\/\/lotusgolf.vn\/product\/bo-gay-ping-g430-model-2022-12-gay\/\"]}]},{\"@type\":\"BreadcrumbList\",\"@id\":\"https:\/\/lotusgolf.vn\/product\/bo-gay-ping-g430-model-2022-12-gay\/#breadcrumb\",\"itemListElement\":[{\"@type\":\"ListItem\",\"position\":1,\"name\":\"Home\",\"item\":\"https:\/\/lotusgolf.vn\/\"},{\"@type\":\"ListItem\",\"position\":2,\"name\":\"Shop\",\"item\":\"https:\/\/lotusgolf-b23998.ingress-bonde.ewp.live\/shop\/\"},{\"@type\":\"ListItem\",\"position\":3,\"name\":\"B\u1ed9 G\u1eady Ping G430 model 2022 (12 G\u1eady)\"}]}]}<\/script>\n<!-- \/ Yoast SEO plugin. -->","yoast_head_json":{"title":"B\u1ed9 G\u1eady Ping G430 model 2022 (12 G\u1eady) -","robots":{"index":"index","follow":"follow","max-snippet":"max-snippet:-1","max-image-preview":"max-image-preview:large","max-video-preview":"max-video-preview:-1"},"canonical":"https:\/\/lotusgolf.vn\/vi\/product\/bo-gay-ping-g430-model-2022-12-gay\/","og_locale":"vi_VN","og_type":"article","og_title":"B\u1ed9 G\u1eady Ping G430 model 2022 (12 G\u1eady) -","og_description":"Fullset Ping G430 model 2022 ch\u00ednh h\u00e3ng (c\u00f3 tem ch\u1ed1ng h\u00e0ng gi\u1ea3) g\u1ed3m 12 g\u1eady m\u1edbi 100% \u26f3\ufe0fDriver S \u26f3\ufe0fG\u1ed7 5 S \u26f3\ufe0fCiu 4 S \u26f3\ufe0fB\u1ed9 s\u1eaft g\u1ed3m 5 g\u1eady 6.7.8.9.W c\u00e1n 850S \u26f3\ufe0fK\u0129 thu\u1eadt 50 \u0111\u1ed9 \u26f3\ufe0fK\u0129 thu\u1eadt 54 \u0111\u1ed9 \u26f3\ufe0fK\u0129 thu\u1eadt 58 \u0111\u1ed9 \u26f3\ufe0fPutter","og_url":"https:\/\/lotusgolf.vn\/vi\/product\/bo-gay-ping-g430-model-2022-12-gay\/","og_image":[{"width":956,"height":1276,"url":"https:\/\/lotusgolf.vn\/wp-content\/uploads\/2022\/12\/z3961633351362_a2cba4c552d99893a79a6244d289d2b7.jpg","type":"image\/jpeg"}],"twitter_card":"summary_large_image","schema":{"@context":"https:\/\/schema.org","@graph":[{"@type":"WebSite","@id":"https:\/\/lotusgolf-b23998.ingress-bonde.ewp.live\/#website","url":"https:\/\/lotusgolf-b23998.ingress-bonde.ewp.live\/","name":"","description":"","potentialAction":[{"@type":"SearchAction","target":{"@type":"EntryPoint","urlTemplate":"https:\/\/lotusgolf-b23998.ingress-bonde.ewp.live\/?s={search_term_string}"},"query-input":"required name=search_term_string"}],"inLanguage":"vi"},{"@type":"ImageObject","inLanguage":"vi","@id":"https:\/\/lotusgolf.vn\/product\/bo-gay-ping-g430-model-2022-12-gay\/#primaryimage","url":"https:\/\/lotusgolf.vn\/wp-content\/uploads\/2022\/12\/z3961633351362_a2cba4c552d99893a79a6244d289d2b7.jpg","contentUrl":"https:\/\/lotusgolf.vn\/wp-content\/uploads\/2022\/12\/z3961633351362_a2cba4c552d99893a79a6244d289d2b7.jpg","width":956,"height":1276},{"@type":"WebPage","@id":"https:\/\/lotusgolf.vn\/product\/bo-gay-ping-g430-model-2022-12-gay\/#webpage","url":"https:\/\/lotusgolf.vn\/product\/bo-gay-ping-g430-model-2022-12-gay\/","name":"B\u1ed9 G\u1eady Ping G430 model 2022 (12 G\u1eady) -","isPartOf":{"@id":"https:\/\/lotusgolf-b23998.ingress-bonde.ewp.live\/#website"},"primaryImageOfPage":{"@id":"https:\/\/lotusgolf.vn\/product\/bo-gay-ping-g430-model-2022-12-gay\/#primaryimage"},"datePublished":"2022-12-15T09:26:05+00:00","dateModified":"2022-12-15T09:26:05+00:00","breadcrumb":{"@id":"https:\/\/lotusgolf.vn\/product\/bo-gay-ping-g430-model-2022-12-gay\/#breadcrumb"},"inLanguage":"vi","potentialAction":[{"@type":"ReadAction","target":["https:\/\/lotusgolf.vn\/product\/bo-gay-ping-g430-model-2022-12-gay\/"]}]},{"@type":"BreadcrumbList","@id":"https:\/\/lotusgolf.vn\/product\/bo-gay-ping-g430-model-2022-12-gay\/#breadcrumb","itemListElement":[{"@type":"ListItem","position":1,"name":"Home","item":"https:\/\/lotusgolf.vn\/"},{"@type":"ListItem","position":2,"name":"Shop","item":"https:\/\/lotusgolf-b23998.ingress-bonde.ewp.live\/shop\/"},{"@type":"ListItem","position":3,"name":"B\u1ed9 G\u1eady Ping G430 model 2022 (12 G\u1eady)"}]}]}},"_links":{"self":[{"href":"https:\/\/lotusgolf.vn\/vi\/wp-json\/wp\/v2\/product\/4262","targetHints":{"allow":["GET"]}}],"collection":[{"href":"https:\/\/lotusgolf.vn\/vi\/wp-json\/wp\/v2\/product"}],"about":[{"href":"https:\/\/lotusgolf.vn\/vi\/wp-json\/wp\/v2\/types\/product"}],"replies":[{"embeddable":true,"href":"https:\/\/lotusgolf.vn\/vi\/wp-json\/wp\/v2\/comments?post=4262"}],"wp:featuredmedia":[{"embeddable":true,"href":"https:\/\/lotusgolf.vn\/vi\/wp-json\/wp\/v2\/media\/4269"}],"wp:attachment":[{"href":"https:\/\/lotusgolf.vn\/vi\/wp-json\/wp\/v2\/media?parent=4262"}],"wp:term":[{"taxonomy":"product_brand","embeddable":true,"href":"https:\/\/lotusgolf.vn\/vi\/wp-json\/wp\/v2\/product_brand?post=4262"},{"taxonomy":"product_cat","embeddable":true,"href":"https:\/\/lotusgolf.vn\/vi\/wp-json\/wp\/v2\/product_cat?post=4262"},{"taxonomy":"product_tag","embeddable":true,"href":"https:\/\/lotusgolf.vn\/vi\/wp-json\/wp\/v2\/product_tag?post=4262"}],"curies":[{"name":"wp","href":"https:\/\/api.w.org\/{rel}","templated":true}]}}