{"id":5929,"date":"2023-03-16T08:58:12","date_gmt":"2023-03-16T08:58:12","guid":{"rendered":"https:\/\/lotusgolf.vn\/?post_type=product&#038;p=5929"},"modified":"2023-03-16T08:58:12","modified_gmt":"2023-03-16T08:58:12","slug":"may-do-khoang-cach-bushnell-tour-v5","status":"publish","type":"product","link":"https:\/\/lotusgolf.vn\/vi\/product\/may-do-khoang-cach-bushnell-tour-v5","title":{"rendered":"M\u00e1y \u0111o kho\u1ea3ng c\u00e1ch Bushnell Tour V5"},"content":{"rendered":"<ul>\n<li><strong>T\u00ean s\u1ea3n ph\u1ea9m<\/strong>: M\u00e1y \u0111o kho\u1ea3ng c\u00e1ch Bushnell Tour V5.<\/li>\n<li><strong>Th\u01b0\u01a1ng hi\u1ec7u<\/strong>: Bushnell.<\/li>\n<li><strong>Lo\u1ea1i pin<\/strong>: PinSeeker v\u1edbi C\u00f4ng ngh\u1ec7 Visual JOLT.<\/li>\n<li><strong>\u0110\u1ed9 ph\u00f3ng \u0111\u1ea1i<\/strong>: 6x.<\/li>\n<li><strong>\u0110\u1ed9 ch\u00ednh x\u00e1c:<\/strong>\u00a0Ch\u00ednh x\u00e1c \u0111\u1ebfn 1 yard.<\/li>\n<li><strong>Hi\u1ec3n th\u1ecb kho\u1ea3ng c\u00e1ch<\/strong>: 5 \u2013 1300 yard.<\/li>\n<li><strong>\u0110\u01b0\u1eddng k\u00ednh v\u1eadt k\u00ednh:<\/strong>\u00a020mm.<\/li>\n<li><strong>Tr\u1ecdng l\u01b0\u1ee3ng:<\/strong>\u00a0Kho\u1ea3ng 495g.<\/li>\n<li><strong>Ph\u1ee5 ki\u1ec7n \u0111i k\u00e8m:<\/strong>\u00a0Pin,\u00a0<a title=\"DM - T\u00fai golf\" href=\"https:\/\/golfgroup.com.vn\/tui-golf\" data-internallinksmanager029f6b8e52c=\"52\">t\u00fai<\/a>\u00a0\u0111\u1ef1ng ch\u1ed1ng tr\u1ea7y x\u01b0\u1edbc.<\/li>\n<li><strong>T\u00ecnh tr\u1ea1ng<\/strong>: New 100%.<\/li>\n<\/ul>\n","protected":false},"excerpt":{"rendered":"<p>T\u00ean s\u1ea3n ph\u1ea9m: M\u00e1y \u0111o kho\u1ea3ng c\u00e1ch Bushnell Tour V5. Th\u01b0\u01a1ng hi\u1ec7u: Bushnell. Lo\u1ea1i pin: PinSeeker v\u1edbi C\u00f4ng ngh\u1ec7 Visual JOLT. \u0110\u1ed9 ph\u00f3ng \u0111\u1ea1i: 6x. \u0110\u1ed9 ch\u00ednh x\u00e1c:\u00a0Ch\u00ednh x\u00e1c \u0111\u1ebfn 1 yard. Hi\u1ec3n th\u1ecb kho\u1ea3ng c\u00e1ch: 5 \u2013 1300 yard. \u0110\u01b0\u1eddng k\u00ednh v\u1eadt k\u00ednh:\u00a020mm. Tr\u1ecdng l\u01b0\u1ee3ng:\u00a0Kho\u1ea3ng 495g. Ph\u1ee5 ki\u1ec7n \u0111i k\u00e8m:\u00a0Pin,\u00a0t\u00fai\u00a0\u0111\u1ef1ng ch\u1ed1ng tr\u1ea7y x\u01b0\u1edbc. T\u00ecnh [&#8230;]\n","protected":false},"featured_media":5933,"comment_status":"open","ping_status":"closed","template":"","meta":[],"product_brand":[],"product_cat":[94],"product_tag":[],"class_list":{"0":"post-5929","1":"product","2":"type-product","3":"status-publish","4":"has-post-thumbnail","6":"product_cat-phu-kien","8":"first","9":"instock","10":"shipping-taxable","11":"product-type-simple"},"yoast_head":"<!-- This site is optimized with the Yoast SEO plugin v19.0 - https:\/\/yoast.com\/wordpress\/plugins\/seo\/ -->\n<title>M\u00e1y \u0111o kho\u1ea3ng c\u00e1ch Bushnell Tour V5 -<\/title>\n<meta name=\"robots\" content=\"index, follow, max-snippet:-1, max-image-preview:large, max-video-preview:-1\" \/>\n<link rel=\"canonical\" href=\"https:\/\/lotusgolf.vn\/vi\/product\/may-do-khoang-cach-bushnell-tour-v5\/\" \/>\n<meta property=\"og:locale\" content=\"vi_VN\" \/>\n<meta property=\"og:type\" content=\"article\" \/>\n<meta property=\"og:title\" content=\"M\u00e1y \u0111o kho\u1ea3ng c\u00e1ch Bushnell Tour V5 -\" \/>\n<meta property=\"og:description\" content=\"T\u00ean s\u1ea3n ph\u1ea9m: M\u00e1y \u0111o kho\u1ea3ng c\u00e1ch Bushnell Tour V5. Th\u01b0\u01a1ng hi\u1ec7u: Bushnell. Lo\u1ea1i pin: PinSeeker v\u1edbi C\u00f4ng ngh\u1ec7 Visual JOLT. \u0110\u1ed9 ph\u00f3ng \u0111\u1ea1i: 6x. \u0110\u1ed9 ch\u00ednh x\u00e1c:\u00a0Ch\u00ednh x\u00e1c \u0111\u1ebfn 1 yard. Hi\u1ec3n th\u1ecb kho\u1ea3ng c\u00e1ch: 5 \u2013 1300 yard. \u0110\u01b0\u1eddng k\u00ednh v\u1eadt k\u00ednh:\u00a020mm. Tr\u1ecdng l\u01b0\u1ee3ng:\u00a0Kho\u1ea3ng 495g. Ph\u1ee5 ki\u1ec7n \u0111i k\u00e8m:\u00a0Pin,\u00a0t\u00fai\u00a0\u0111\u1ef1ng ch\u1ed1ng tr\u1ea7y x\u01b0\u1edbc. T\u00ecnh [...]\" \/>\n<meta property=\"og:url\" content=\"https:\/\/lotusgolf.vn\/vi\/product\/may-do-khoang-cach-bushnell-tour-v5\/\" \/>\n<meta property=\"og:image\" content=\"https:\/\/lotusgolf.vn\/wp-content\/uploads\/2023\/03\/ong-nhom-golf-bushnell-tour-v5-4-255x330-1.jpg\" \/>\n\t<meta property=\"og:image:width\" content=\"255\" \/>\n\t<meta property=\"og:image:height\" content=\"330\" \/>\n\t<meta property=\"og:image:type\" content=\"image\/jpeg\" \/>\n<meta name=\"twitter:card\" content=\"summary_large_image\" \/>\n<script type=\"application\/ld+json\" class=\"yoast-schema-graph\">{\"@context\":\"https:\/\/schema.org\",\"@graph\":[{\"@type\":\"WebSite\",\"@id\":\"https:\/\/lotusgolf-b23998.ingress-bonde.ewp.live\/#website\",\"url\":\"https:\/\/lotusgolf-b23998.ingress-bonde.ewp.live\/\",\"name\":\"\",\"description\":\"\",\"potentialAction\":[{\"@type\":\"SearchAction\",\"target\":{\"@type\":\"EntryPoint\",\"urlTemplate\":\"https:\/\/lotusgolf-b23998.ingress-bonde.ewp.live\/?s={search_term_string}\"},\"query-input\":\"required name=search_term_string\"}],\"inLanguage\":\"vi\"},{\"@type\":\"ImageObject\",\"inLanguage\":\"vi\",\"@id\":\"https:\/\/lotusgolf.vn\/product\/may-do-khoang-cach-bushnell-tour-v5\/#primaryimage\",\"url\":\"https:\/\/lotusgolf.vn\/wp-content\/uploads\/2023\/03\/ong-nhom-golf-bushnell-tour-v5-4-255x330-1.jpg\",\"contentUrl\":\"https:\/\/lotusgolf.vn\/wp-content\/uploads\/2023\/03\/ong-nhom-golf-bushnell-tour-v5-4-255x330-1.jpg\",\"width\":255,\"height\":330},{\"@type\":\"WebPage\",\"@id\":\"https:\/\/lotusgolf.vn\/product\/may-do-khoang-cach-bushnell-tour-v5\/#webpage\",\"url\":\"https:\/\/lotusgolf.vn\/product\/may-do-khoang-cach-bushnell-tour-v5\/\",\"name\":\"M\u00e1y \u0111o kho\u1ea3ng c\u00e1ch Bushnell Tour V5 -\",\"isPartOf\":{\"@id\":\"https:\/\/lotusgolf-b23998.ingress-bonde.ewp.live\/#website\"},\"primaryImageOfPage\":{\"@id\":\"https:\/\/lotusgolf.vn\/product\/may-do-khoang-cach-bushnell-tour-v5\/#primaryimage\"},\"datePublished\":\"2023-03-16T08:58:12+00:00\",\"dateModified\":\"2023-03-16T08:58:12+00:00\",\"breadcrumb\":{\"@id\":\"https:\/\/lotusgolf.vn\/product\/may-do-khoang-cach-bushnell-tour-v5\/#breadcrumb\"},\"inLanguage\":\"vi\",\"potentialAction\":[{\"@type\":\"ReadAction\",\"target\":[\"https:\/\/lotusgolf.vn\/product\/may-do-khoang-cach-bushnell-tour-v5\/\"]}]},{\"@type\":\"BreadcrumbList\",\"@id\":\"https:\/\/lotusgolf.vn\/product\/may-do-khoang-cach-bushnell-tour-v5\/#breadcrumb\",\"itemListElement\":[{\"@type\":\"ListItem\",\"position\":1,\"name\":\"Home\",\"item\":\"https:\/\/lotusgolf.vn\/\"},{\"@type\":\"ListItem\",\"position\":2,\"name\":\"Shop\",\"item\":\"https:\/\/lotusgolf-b23998.ingress-bonde.ewp.live\/shop\/\"},{\"@type\":\"ListItem\",\"position\":3,\"name\":\"M\u00e1y \u0111o kho\u1ea3ng c\u00e1ch Bushnell Tour V5\"}]}]}<\/script>\n<!-- \/ Yoast SEO plugin. -->","yoast_head_json":{"title":"M\u00e1y \u0111o kho\u1ea3ng c\u00e1ch Bushnell Tour V5 -","robots":{"index":"index","follow":"follow","max-snippet":"max-snippet:-1","max-image-preview":"max-image-preview:large","max-video-preview":"max-video-preview:-1"},"canonical":"https:\/\/lotusgolf.vn\/vi\/product\/may-do-khoang-cach-bushnell-tour-v5\/","og_locale":"vi_VN","og_type":"article","og_title":"M\u00e1y \u0111o kho\u1ea3ng c\u00e1ch Bushnell Tour V5 -","og_description":"T\u00ean s\u1ea3n ph\u1ea9m: M\u00e1y \u0111o kho\u1ea3ng c\u00e1ch Bushnell Tour V5. Th\u01b0\u01a1ng hi\u1ec7u: Bushnell. Lo\u1ea1i pin: PinSeeker v\u1edbi C\u00f4ng ngh\u1ec7 Visual JOLT. \u0110\u1ed9 ph\u00f3ng \u0111\u1ea1i: 6x. \u0110\u1ed9 ch\u00ednh x\u00e1c:\u00a0Ch\u00ednh x\u00e1c \u0111\u1ebfn 1 yard. Hi\u1ec3n th\u1ecb kho\u1ea3ng c\u00e1ch: 5 \u2013 1300 yard. \u0110\u01b0\u1eddng k\u00ednh v\u1eadt k\u00ednh:\u00a020mm. Tr\u1ecdng l\u01b0\u1ee3ng:\u00a0Kho\u1ea3ng 495g. Ph\u1ee5 ki\u1ec7n \u0111i k\u00e8m:\u00a0Pin,\u00a0t\u00fai\u00a0\u0111\u1ef1ng ch\u1ed1ng tr\u1ea7y x\u01b0\u1edbc. T\u00ecnh [...]","og_url":"https:\/\/lotusgolf.vn\/vi\/product\/may-do-khoang-cach-bushnell-tour-v5\/","og_image":[{"width":255,"height":330,"url":"https:\/\/lotusgolf.vn\/wp-content\/uploads\/2023\/03\/ong-nhom-golf-bushnell-tour-v5-4-255x330-1.jpg","type":"image\/jpeg"}],"twitter_card":"summary_large_image","schema":{"@context":"https:\/\/schema.org","@graph":[{"@type":"WebSite","@id":"https:\/\/lotusgolf-b23998.ingress-bonde.ewp.live\/#website","url":"https:\/\/lotusgolf-b23998.ingress-bonde.ewp.live\/","name":"","description":"","potentialAction":[{"@type":"SearchAction","target":{"@type":"EntryPoint","urlTemplate":"https:\/\/lotusgolf-b23998.ingress-bonde.ewp.live\/?s={search_term_string}"},"query-input":"required name=search_term_string"}],"inLanguage":"vi"},{"@type":"ImageObject","inLanguage":"vi","@id":"https:\/\/lotusgolf.vn\/product\/may-do-khoang-cach-bushnell-tour-v5\/#primaryimage","url":"https:\/\/lotusgolf.vn\/wp-content\/uploads\/2023\/03\/ong-nhom-golf-bushnell-tour-v5-4-255x330-1.jpg","contentUrl":"https:\/\/lotusgolf.vn\/wp-content\/uploads\/2023\/03\/ong-nhom-golf-bushnell-tour-v5-4-255x330-1.jpg","width":255,"height":330},{"@type":"WebPage","@id":"https:\/\/lotusgolf.vn\/product\/may-do-khoang-cach-bushnell-tour-v5\/#webpage","url":"https:\/\/lotusgolf.vn\/product\/may-do-khoang-cach-bushnell-tour-v5\/","name":"M\u00e1y \u0111o kho\u1ea3ng c\u00e1ch Bushnell Tour V5 -","isPartOf":{"@id":"https:\/\/lotusgolf-b23998.ingress-bonde.ewp.live\/#website"},"primaryImageOfPage":{"@id":"https:\/\/lotusgolf.vn\/product\/may-do-khoang-cach-bushnell-tour-v5\/#primaryimage"},"datePublished":"2023-03-16T08:58:12+00:00","dateModified":"2023-03-16T08:58:12+00:00","breadcrumb":{"@id":"https:\/\/lotusgolf.vn\/product\/may-do-khoang-cach-bushnell-tour-v5\/#breadcrumb"},"inLanguage":"vi","potentialAction":[{"@type":"ReadAction","target":["https:\/\/lotusgolf.vn\/product\/may-do-khoang-cach-bushnell-tour-v5\/"]}]},{"@type":"BreadcrumbList","@id":"https:\/\/lotusgolf.vn\/product\/may-do-khoang-cach-bushnell-tour-v5\/#breadcrumb","itemListElement":[{"@type":"ListItem","position":1,"name":"Home","item":"https:\/\/lotusgolf.vn\/"},{"@type":"ListItem","position":2,"name":"Shop","item":"https:\/\/lotusgolf-b23998.ingress-bonde.ewp.live\/shop\/"},{"@type":"ListItem","position":3,"name":"M\u00e1y \u0111o kho\u1ea3ng c\u00e1ch Bushnell Tour V5"}]}]}},"_links":{"self":[{"href":"https:\/\/lotusgolf.vn\/vi\/wp-json\/wp\/v2\/product\/5929","targetHints":{"allow":["GET"]}}],"collection":[{"href":"https:\/\/lotusgolf.vn\/vi\/wp-json\/wp\/v2\/product"}],"about":[{"href":"https:\/\/lotusgolf.vn\/vi\/wp-json\/wp\/v2\/types\/product"}],"replies":[{"embeddable":true,"href":"https:\/\/lotusgolf.vn\/vi\/wp-json\/wp\/v2\/comments?post=5929"}],"wp:featuredmedia":[{"embeddable":true,"href":"https:\/\/lotusgolf.vn\/vi\/wp-json\/wp\/v2\/media\/5933"}],"wp:attachment":[{"href":"https:\/\/lotusgolf.vn\/vi\/wp-json\/wp\/v2\/media?parent=5929"}],"wp:term":[{"taxonomy":"product_brand","embeddable":true,"href":"https:\/\/lotusgolf.vn\/vi\/wp-json\/wp\/v2\/product_brand?post=5929"},{"taxonomy":"product_cat","embeddable":true,"href":"https:\/\/lotusgolf.vn\/vi\/wp-json\/wp\/v2\/product_cat?post=5929"},{"taxonomy":"product_tag","embeddable":true,"href":"https:\/\/lotusgolf.vn\/vi\/wp-json\/wp\/v2\/product_tag?post=5929"}],"curies":[{"name":"wp","href":"https:\/\/api.w.org\/{rel}","templated":true}]}}