{"id":737,"date":"2022-07-20T04:02:21","date_gmt":"2022-07-20T04:02:21","guid":{"rendered":"https:\/\/lotusgolf.vn\/?post_type=product&#038;p=737"},"modified":"2022-07-20T04:02:21","modified_gmt":"2022-07-20T04:02:21","slug":"driver-titleist-ts3","status":"publish","type":"product","link":"https:\/\/lotusgolf.vn\/vi\/product\/driver-titleist-ts3","title":{"rendered":"Driver Titleist TS3"},"content":{"rendered":"<p>H\u00e3ng s\u1ea3n xu\u1ea5t: Titleist<\/p>\n<p>Loft: 10.5 \u0111\u1ed9<\/p>\n<p>C\u00e1n: Tour AD &#8211; VR 6S<\/p>\n<p>Nguy\u00ean b\u1ea3n, ch\u00ednh h\u00e3ng<\/p>\n<p>T\u00ecnh Tr\u1ea1ng: M\u1edbi 90%<\/p>\n","protected":false},"excerpt":{"rendered":"<p>H\u00e3ng s\u1ea3n xu\u1ea5t: Titleist Loft: 10.5 \u0111\u1ed9 C\u00e1n: Tour AD &#8211; VR 6S Nguy\u00ean b\u1ea3n, ch\u00ednh h\u00e3ng T\u00ecnh Tr\u1ea1ng: M\u1edbi 90%<\/p>\n","protected":false},"featured_media":0,"comment_status":"open","ping_status":"closed","template":"","meta":[],"product_brand":[],"product_cat":[84],"product_tag":[],"class_list":{"0":"post-737","1":"product","2":"type-product","3":"status-publish","5":"product_cat-driver","7":"first","8":"instock","9":"sale","10":"shipping-taxable","11":"purchasable","12":"product-type-simple"},"yoast_head":"<!-- This site is optimized with the Yoast SEO plugin v19.0 - https:\/\/yoast.com\/wordpress\/plugins\/seo\/ -->\n<title>Driver Titleist TS3 -<\/title>\n<meta name=\"robots\" content=\"index, follow, max-snippet:-1, max-image-preview:large, max-video-preview:-1\" \/>\n<link rel=\"canonical\" href=\"https:\/\/lotusgolf.vn\/vi\/product\/driver-titleist-ts3\/\" \/>\n<meta property=\"og:locale\" content=\"vi_VN\" \/>\n<meta property=\"og:type\" content=\"article\" \/>\n<meta property=\"og:title\" content=\"Driver Titleist TS3 -\" \/>\n<meta property=\"og:description\" content=\"H\u00e3ng s\u1ea3n xu\u1ea5t: Titleist Loft: 10.5 \u0111\u1ed9 C\u00e1n: Tour AD &#8211; VR 6S Nguy\u00ean b\u1ea3n, ch\u00ednh h\u00e3ng T\u00ecnh Tr\u1ea1ng: M\u1edbi 90%\" \/>\n<meta property=\"og:url\" content=\"https:\/\/lotusgolf.vn\/vi\/product\/driver-titleist-ts3\/\" \/>\n<meta property=\"og:image\" content=\"https:\/\/lotusgolf.vn\/wp-content\/uploads\/2022\/07\/293761288_746603286566527_3031567069396146767_n.jpg\" \/>\n\t<meta property=\"og:image:width\" content=\"1536\" \/>\n\t<meta property=\"og:image:height\" content=\"2048\" \/>\n\t<meta property=\"og:image:type\" content=\"image\/jpeg\" \/>\n<meta name=\"twitter:card\" content=\"summary_large_image\" \/>\n<meta name=\"twitter:label1\" content=\"\u01af\u1edbc t\u00ednh th\u1eddi gian \u0111\u1ecdc\" \/>\n\t<meta name=\"twitter:data1\" content=\"1 ph\u00fat\" \/>\n<script type=\"application\/ld+json\" class=\"yoast-schema-graph\">{\"@context\":\"https:\/\/schema.org\",\"@graph\":[{\"@type\":\"WebSite\",\"@id\":\"https:\/\/lotusgolf-b23998.ingress-bonde.ewp.live\/#website\",\"url\":\"https:\/\/lotusgolf-b23998.ingress-bonde.ewp.live\/\",\"name\":\"\",\"description\":\"\",\"potentialAction\":[{\"@type\":\"SearchAction\",\"target\":{\"@type\":\"EntryPoint\",\"urlTemplate\":\"https:\/\/lotusgolf-b23998.ingress-bonde.ewp.live\/?s={search_term_string}\"},\"query-input\":\"required name=search_term_string\"}],\"inLanguage\":\"vi\"},{\"@type\":\"WebPage\",\"@id\":\"https:\/\/lotusgolf.vn\/product\/driver-titleist-ts3\/#webpage\",\"url\":\"https:\/\/lotusgolf.vn\/product\/driver-titleist-ts3\/\",\"name\":\"Driver Titleist TS3 -\",\"isPartOf\":{\"@id\":\"https:\/\/lotusgolf-b23998.ingress-bonde.ewp.live\/#website\"},\"datePublished\":\"2022-07-20T04:02:21+00:00\",\"dateModified\":\"2022-07-20T04:02:21+00:00\",\"breadcrumb\":{\"@id\":\"https:\/\/lotusgolf.vn\/product\/driver-titleist-ts3\/#breadcrumb\"},\"inLanguage\":\"vi\",\"potentialAction\":[{\"@type\":\"ReadAction\",\"target\":[\"https:\/\/lotusgolf.vn\/product\/driver-titleist-ts3\/\"]}]},{\"@type\":\"BreadcrumbList\",\"@id\":\"https:\/\/lotusgolf.vn\/product\/driver-titleist-ts3\/#breadcrumb\",\"itemListElement\":[{\"@type\":\"ListItem\",\"position\":1,\"name\":\"Home\",\"item\":\"https:\/\/lotusgolf.vn\/\"},{\"@type\":\"ListItem\",\"position\":2,\"name\":\"Shop\",\"item\":\"https:\/\/lotusgolf-b23998.ingress-bonde.ewp.live\/shop\/\"},{\"@type\":\"ListItem\",\"position\":3,\"name\":\"Driver Titleist TS3\"}]}]}<\/script>\n<!-- \/ Yoast SEO plugin. -->","yoast_head_json":{"title":"Driver Titleist TS3 -","robots":{"index":"index","follow":"follow","max-snippet":"max-snippet:-1","max-image-preview":"max-image-preview:large","max-video-preview":"max-video-preview:-1"},"canonical":"https:\/\/lotusgolf.vn\/vi\/product\/driver-titleist-ts3\/","og_locale":"vi_VN","og_type":"article","og_title":"Driver Titleist TS3 -","og_description":"H\u00e3ng s\u1ea3n xu\u1ea5t: Titleist Loft: 10.5 \u0111\u1ed9 C\u00e1n: Tour AD &#8211; VR 6S Nguy\u00ean b\u1ea3n, ch\u00ednh h\u00e3ng T\u00ecnh Tr\u1ea1ng: M\u1edbi 90%","og_url":"https:\/\/lotusgolf.vn\/vi\/product\/driver-titleist-ts3\/","og_image":[{"width":1536,"height":2048,"url":"https:\/\/lotusgolf.vn\/wp-content\/uploads\/2022\/07\/293761288_746603286566527_3031567069396146767_n.jpg","type":"image\/jpeg"}],"twitter_card":"summary_large_image","twitter_misc":{"\u01af\u1edbc t\u00ednh th\u1eddi gian \u0111\u1ecdc":"1 ph\u00fat"},"schema":{"@context":"https:\/\/schema.org","@graph":[{"@type":"WebSite","@id":"https:\/\/lotusgolf-b23998.ingress-bonde.ewp.live\/#website","url":"https:\/\/lotusgolf-b23998.ingress-bonde.ewp.live\/","name":"","description":"","potentialAction":[{"@type":"SearchAction","target":{"@type":"EntryPoint","urlTemplate":"https:\/\/lotusgolf-b23998.ingress-bonde.ewp.live\/?s={search_term_string}"},"query-input":"required name=search_term_string"}],"inLanguage":"vi"},{"@type":"WebPage","@id":"https:\/\/lotusgolf.vn\/product\/driver-titleist-ts3\/#webpage","url":"https:\/\/lotusgolf.vn\/product\/driver-titleist-ts3\/","name":"Driver Titleist TS3 -","isPartOf":{"@id":"https:\/\/lotusgolf-b23998.ingress-bonde.ewp.live\/#website"},"datePublished":"2022-07-20T04:02:21+00:00","dateModified":"2022-07-20T04:02:21+00:00","breadcrumb":{"@id":"https:\/\/lotusgolf.vn\/product\/driver-titleist-ts3\/#breadcrumb"},"inLanguage":"vi","potentialAction":[{"@type":"ReadAction","target":["https:\/\/lotusgolf.vn\/product\/driver-titleist-ts3\/"]}]},{"@type":"BreadcrumbList","@id":"https:\/\/lotusgolf.vn\/product\/driver-titleist-ts3\/#breadcrumb","itemListElement":[{"@type":"ListItem","position":1,"name":"Home","item":"https:\/\/lotusgolf.vn\/"},{"@type":"ListItem","position":2,"name":"Shop","item":"https:\/\/lotusgolf-b23998.ingress-bonde.ewp.live\/shop\/"},{"@type":"ListItem","position":3,"name":"Driver Titleist TS3"}]}]}},"_links":{"self":[{"href":"https:\/\/lotusgolf.vn\/vi\/wp-json\/wp\/v2\/product\/737","targetHints":{"allow":["GET"]}}],"collection":[{"href":"https:\/\/lotusgolf.vn\/vi\/wp-json\/wp\/v2\/product"}],"about":[{"href":"https:\/\/lotusgolf.vn\/vi\/wp-json\/wp\/v2\/types\/product"}],"replies":[{"embeddable":true,"href":"https:\/\/lotusgolf.vn\/vi\/wp-json\/wp\/v2\/comments?post=737"}],"wp:attachment":[{"href":"https:\/\/lotusgolf.vn\/vi\/wp-json\/wp\/v2\/media?parent=737"}],"wp:term":[{"taxonomy":"product_brand","embeddable":true,"href":"https:\/\/lotusgolf.vn\/vi\/wp-json\/wp\/v2\/product_brand?post=737"},{"taxonomy":"product_cat","embeddable":true,"href":"https:\/\/lotusgolf.vn\/vi\/wp-json\/wp\/v2\/product_cat?post=737"},{"taxonomy":"product_tag","embeddable":true,"href":"https:\/\/lotusgolf.vn\/vi\/wp-json\/wp\/v2\/product_tag?post=737"}],"curies":[{"name":"wp","href":"https:\/\/api.w.org\/{rel}","templated":true}]}}