{"id":8681,"date":"2023-06-14T09:30:43","date_gmt":"2023-06-14T09:30:43","guid":{"rendered":"https:\/\/lotusgolf.vn\/?post_type=product&#038;p=8681"},"modified":"2023-06-14T09:39:43","modified_gmt":"2023-06-14T09:39:43","slug":"fullset-honma-3-sao-s-05-gom-12-gay-rieng-go-5-va-rescue-s-05-cung-thong-so-can","status":"publish","type":"product","link":"https:\/\/lotusgolf.vn\/vi\/product\/fullset-honma-3-sao-s-05-gom-12-gay-rieng-go-5-va-rescue-s-05-cung-thong-so-can","title":{"rendered":"Fullset Honma 3 sao S-03 12 g\u1eady 54S"},"content":{"rendered":"<p>Fullset Honma 3 sao S-05 g\u1ed3m 12 g\u1eady (ri\u00eang g\u1ed7 5 v\u00e0 rescue S-05 c\u00f9ng th\u00f4ng s\u1ed1 c\u00e1n)<br \/>\n\u26f3\ufe0fDriver<br \/>\n\u26f3\ufe0fG\u1ed7 5<br \/>\n\u26f3\ufe0fRescue 4<br \/>\n\u26f3\ufe0fB\u1ed9 s\u1eaft g\u1ed3m 9 g\u1eady 5.6.7.8.9.10.11.Aw.Sw<br \/>\n\u26f3\ufe0fPutter Honma<br \/>\n\u2714\ufe0fC\u00e1n 54 S<\/p>\n","protected":false},"excerpt":{"rendered":"<p>Fullset Honma 3 sao S-05 g\u1ed3m 12 g\u1eady (ri\u00eang g\u1ed7 5 v\u00e0 rescue S-05 c\u00f9ng th\u00f4ng s\u1ed1 c\u00e1n) \u26f3\ufe0fDriver \u26f3\ufe0fG\u1ed7 5 \u26f3\ufe0fRescue 4 \u26f3\ufe0fB\u1ed9 s\u1eaft g\u1ed3m 9 g\u1eady 5.6.7.8.9.10.11.Aw.Sw \u26f3\ufe0fPutter Honma \u2714\ufe0fC\u00e1n 54 S<\/p>\n","protected":false},"featured_media":8683,"comment_status":"open","ping_status":"closed","template":"","meta":[],"product_brand":[],"product_cat":[91],"product_tag":[],"class_list":{"0":"post-8681","1":"product","2":"type-product","3":"status-publish","4":"has-post-thumbnail","6":"product_cat-fullset","8":"first","9":"instock","10":"shipping-taxable","11":"product-type-simple"},"yoast_head":"<!-- This site is optimized with the Yoast SEO plugin v19.0 - https:\/\/yoast.com\/wordpress\/plugins\/seo\/ -->\n<title>Fullset Honma 3 sao S-03 12 g\u1eady 54S -<\/title>\n<meta name=\"robots\" content=\"index, follow, max-snippet:-1, max-image-preview:large, max-video-preview:-1\" \/>\n<link rel=\"canonical\" href=\"https:\/\/lotusgolf.vn\/vi\/product\/fullset-honma-3-sao-s-05-gom-12-gay-rieng-go-5-va-rescue-s-05-cung-thong-so-can\/\" \/>\n<meta property=\"og:locale\" content=\"vi_VN\" \/>\n<meta property=\"og:type\" content=\"article\" \/>\n<meta property=\"og:title\" content=\"Fullset Honma 3 sao S-03 12 g\u1eady 54S -\" \/>\n<meta property=\"og:description\" content=\"Fullset Honma 3 sao S-05 g\u1ed3m 12 g\u1eady (ri\u00eang g\u1ed7 5 v\u00e0 rescue S-05 c\u00f9ng th\u00f4ng s\u1ed1 c\u00e1n) \u26f3\ufe0fDriver \u26f3\ufe0fG\u1ed7 5 \u26f3\ufe0fRescue 4 \u26f3\ufe0fB\u1ed9 s\u1eaft g\u1ed3m 9 g\u1eady 5.6.7.8.9.10.11.Aw.Sw \u26f3\ufe0fPutter Honma \u2714\ufe0fC\u00e1n 54 S\" \/>\n<meta property=\"og:url\" content=\"https:\/\/lotusgolf.vn\/vi\/product\/fullset-honma-3-sao-s-05-gom-12-gay-rieng-go-5-va-rescue-s-05-cung-thong-so-can\/\" \/>\n<meta property=\"article:modified_time\" content=\"2023-06-14T09:39:43+00:00\" \/>\n<meta property=\"og:image\" content=\"https:\/\/lotusgolf.vn\/wp-content\/uploads\/2023\/06\/z4412482553726_b27442f1460c295b85f8d0739d4d17df.jpg\" \/>\n\t<meta property=\"og:image:width\" content=\"1920\" \/>\n\t<meta property=\"og:image:height\" content=\"2560\" \/>\n\t<meta property=\"og:image:type\" content=\"image\/jpeg\" \/>\n<meta name=\"twitter:card\" content=\"summary_large_image\" \/>\n<script type=\"application\/ld+json\" class=\"yoast-schema-graph\">{\"@context\":\"https:\/\/schema.org\",\"@graph\":[{\"@type\":\"WebSite\",\"@id\":\"https:\/\/lotusgolf-b23998.ingress-bonde.ewp.live\/#website\",\"url\":\"https:\/\/lotusgolf-b23998.ingress-bonde.ewp.live\/\",\"name\":\"\",\"description\":\"\",\"potentialAction\":[{\"@type\":\"SearchAction\",\"target\":{\"@type\":\"EntryPoint\",\"urlTemplate\":\"https:\/\/lotusgolf-b23998.ingress-bonde.ewp.live\/?s={search_term_string}\"},\"query-input\":\"required name=search_term_string\"}],\"inLanguage\":\"vi\"},{\"@type\":\"ImageObject\",\"inLanguage\":\"vi\",\"@id\":\"https:\/\/lotusgolf.vn\/product\/fullset-honma-3-sao-s-05-gom-12-gay-rieng-go-5-va-rescue-s-05-cung-thong-so-can\/#primaryimage\",\"url\":\"https:\/\/lotusgolf.vn\/wp-content\/uploads\/2023\/06\/z4412482553726_b27442f1460c295b85f8d0739d4d17df.jpg\",\"contentUrl\":\"https:\/\/lotusgolf.vn\/wp-content\/uploads\/2023\/06\/z4412482553726_b27442f1460c295b85f8d0739d4d17df.jpg\",\"width\":1920,\"height\":2560},{\"@type\":\"WebPage\",\"@id\":\"https:\/\/lotusgolf.vn\/product\/fullset-honma-3-sao-s-05-gom-12-gay-rieng-go-5-va-rescue-s-05-cung-thong-so-can\/#webpage\",\"url\":\"https:\/\/lotusgolf.vn\/product\/fullset-honma-3-sao-s-05-gom-12-gay-rieng-go-5-va-rescue-s-05-cung-thong-so-can\/\",\"name\":\"Fullset Honma 3 sao S-03 12 g\u1eady 54S -\",\"isPartOf\":{\"@id\":\"https:\/\/lotusgolf-b23998.ingress-bonde.ewp.live\/#website\"},\"primaryImageOfPage\":{\"@id\":\"https:\/\/lotusgolf.vn\/product\/fullset-honma-3-sao-s-05-gom-12-gay-rieng-go-5-va-rescue-s-05-cung-thong-so-can\/#primaryimage\"},\"datePublished\":\"2023-06-14T09:30:43+00:00\",\"dateModified\":\"2023-06-14T09:39:43+00:00\",\"breadcrumb\":{\"@id\":\"https:\/\/lotusgolf.vn\/product\/fullset-honma-3-sao-s-05-gom-12-gay-rieng-go-5-va-rescue-s-05-cung-thong-so-can\/#breadcrumb\"},\"inLanguage\":\"vi\",\"potentialAction\":[{\"@type\":\"ReadAction\",\"target\":[\"https:\/\/lotusgolf.vn\/product\/fullset-honma-3-sao-s-05-gom-12-gay-rieng-go-5-va-rescue-s-05-cung-thong-so-can\/\"]}]},{\"@type\":\"BreadcrumbList\",\"@id\":\"https:\/\/lotusgolf.vn\/product\/fullset-honma-3-sao-s-05-gom-12-gay-rieng-go-5-va-rescue-s-05-cung-thong-so-can\/#breadcrumb\",\"itemListElement\":[{\"@type\":\"ListItem\",\"position\":1,\"name\":\"Home\",\"item\":\"https:\/\/lotusgolf.vn\/\"},{\"@type\":\"ListItem\",\"position\":2,\"name\":\"Shop\",\"item\":\"https:\/\/lotusgolf-b23998.ingress-bonde.ewp.live\/shop\/\"},{\"@type\":\"ListItem\",\"position\":3,\"name\":\"Fullset Honma 3 sao S-03 12 g\u1eady 54S\"}]}]}<\/script>\n<!-- \/ Yoast SEO plugin. -->","yoast_head_json":{"title":"Fullset Honma 3 sao S-03 12 g\u1eady 54S -","robots":{"index":"index","follow":"follow","max-snippet":"max-snippet:-1","max-image-preview":"max-image-preview:large","max-video-preview":"max-video-preview:-1"},"canonical":"https:\/\/lotusgolf.vn\/vi\/product\/fullset-honma-3-sao-s-05-gom-12-gay-rieng-go-5-va-rescue-s-05-cung-thong-so-can\/","og_locale":"vi_VN","og_type":"article","og_title":"Fullset Honma 3 sao S-03 12 g\u1eady 54S -","og_description":"Fullset Honma 3 sao S-05 g\u1ed3m 12 g\u1eady (ri\u00eang g\u1ed7 5 v\u00e0 rescue S-05 c\u00f9ng th\u00f4ng s\u1ed1 c\u00e1n) \u26f3\ufe0fDriver \u26f3\ufe0fG\u1ed7 5 \u26f3\ufe0fRescue 4 \u26f3\ufe0fB\u1ed9 s\u1eaft g\u1ed3m 9 g\u1eady 5.6.7.8.9.10.11.Aw.Sw \u26f3\ufe0fPutter Honma \u2714\ufe0fC\u00e1n 54 S","og_url":"https:\/\/lotusgolf.vn\/vi\/product\/fullset-honma-3-sao-s-05-gom-12-gay-rieng-go-5-va-rescue-s-05-cung-thong-so-can\/","article_modified_time":"2023-06-14T09:39:43+00:00","og_image":[{"width":1920,"height":2560,"url":"https:\/\/lotusgolf.vn\/wp-content\/uploads\/2023\/06\/z4412482553726_b27442f1460c295b85f8d0739d4d17df.jpg","type":"image\/jpeg"}],"twitter_card":"summary_large_image","schema":{"@context":"https:\/\/schema.org","@graph":[{"@type":"WebSite","@id":"https:\/\/lotusgolf-b23998.ingress-bonde.ewp.live\/#website","url":"https:\/\/lotusgolf-b23998.ingress-bonde.ewp.live\/","name":"","description":"","potentialAction":[{"@type":"SearchAction","target":{"@type":"EntryPoint","urlTemplate":"https:\/\/lotusgolf-b23998.ingress-bonde.ewp.live\/?s={search_term_string}"},"query-input":"required name=search_term_string"}],"inLanguage":"vi"},{"@type":"ImageObject","inLanguage":"vi","@id":"https:\/\/lotusgolf.vn\/product\/fullset-honma-3-sao-s-05-gom-12-gay-rieng-go-5-va-rescue-s-05-cung-thong-so-can\/#primaryimage","url":"https:\/\/lotusgolf.vn\/wp-content\/uploads\/2023\/06\/z4412482553726_b27442f1460c295b85f8d0739d4d17df.jpg","contentUrl":"https:\/\/lotusgolf.vn\/wp-content\/uploads\/2023\/06\/z4412482553726_b27442f1460c295b85f8d0739d4d17df.jpg","width":1920,"height":2560},{"@type":"WebPage","@id":"https:\/\/lotusgolf.vn\/product\/fullset-honma-3-sao-s-05-gom-12-gay-rieng-go-5-va-rescue-s-05-cung-thong-so-can\/#webpage","url":"https:\/\/lotusgolf.vn\/product\/fullset-honma-3-sao-s-05-gom-12-gay-rieng-go-5-va-rescue-s-05-cung-thong-so-can\/","name":"Fullset Honma 3 sao S-03 12 g\u1eady 54S -","isPartOf":{"@id":"https:\/\/lotusgolf-b23998.ingress-bonde.ewp.live\/#website"},"primaryImageOfPage":{"@id":"https:\/\/lotusgolf.vn\/product\/fullset-honma-3-sao-s-05-gom-12-gay-rieng-go-5-va-rescue-s-05-cung-thong-so-can\/#primaryimage"},"datePublished":"2023-06-14T09:30:43+00:00","dateModified":"2023-06-14T09:39:43+00:00","breadcrumb":{"@id":"https:\/\/lotusgolf.vn\/product\/fullset-honma-3-sao-s-05-gom-12-gay-rieng-go-5-va-rescue-s-05-cung-thong-so-can\/#breadcrumb"},"inLanguage":"vi","potentialAction":[{"@type":"ReadAction","target":["https:\/\/lotusgolf.vn\/product\/fullset-honma-3-sao-s-05-gom-12-gay-rieng-go-5-va-rescue-s-05-cung-thong-so-can\/"]}]},{"@type":"BreadcrumbList","@id":"https:\/\/lotusgolf.vn\/product\/fullset-honma-3-sao-s-05-gom-12-gay-rieng-go-5-va-rescue-s-05-cung-thong-so-can\/#breadcrumb","itemListElement":[{"@type":"ListItem","position":1,"name":"Home","item":"https:\/\/lotusgolf.vn\/"},{"@type":"ListItem","position":2,"name":"Shop","item":"https:\/\/lotusgolf-b23998.ingress-bonde.ewp.live\/shop\/"},{"@type":"ListItem","position":3,"name":"Fullset Honma 3 sao S-03 12 g\u1eady 54S"}]}]}},"_links":{"self":[{"href":"https:\/\/lotusgolf.vn\/vi\/wp-json\/wp\/v2\/product\/8681","targetHints":{"allow":["GET"]}}],"collection":[{"href":"https:\/\/lotusgolf.vn\/vi\/wp-json\/wp\/v2\/product"}],"about":[{"href":"https:\/\/lotusgolf.vn\/vi\/wp-json\/wp\/v2\/types\/product"}],"replies":[{"embeddable":true,"href":"https:\/\/lotusgolf.vn\/vi\/wp-json\/wp\/v2\/comments?post=8681"}],"wp:featuredmedia":[{"embeddable":true,"href":"https:\/\/lotusgolf.vn\/vi\/wp-json\/wp\/v2\/media\/8683"}],"wp:attachment":[{"href":"https:\/\/lotusgolf.vn\/vi\/wp-json\/wp\/v2\/media?parent=8681"}],"wp:term":[{"taxonomy":"product_brand","embeddable":true,"href":"https:\/\/lotusgolf.vn\/vi\/wp-json\/wp\/v2\/product_brand?post=8681"},{"taxonomy":"product_cat","embeddable":true,"href":"https:\/\/lotusgolf.vn\/vi\/wp-json\/wp\/v2\/product_cat?post=8681"},{"taxonomy":"product_tag","embeddable":true,"href":"https:\/\/lotusgolf.vn\/vi\/wp-json\/wp\/v2\/product_tag?post=8681"}],"curies":[{"name":"wp","href":"https:\/\/api.w.org\/{rel}","templated":true}]}}