{"id":9502,"date":"2023-10-28T08:39:24","date_gmt":"2023-10-28T08:39:24","guid":{"rendered":"https:\/\/lotusgolf.vn\/?post_type=product&#038;p=9502"},"modified":"2025-08-10T21:15:27","modified_gmt":"2025-08-10T21:15:27","slug":"driver-ryoma-maxima-moi-ban-special-tunning","status":"publish","type":"product","link":"https:\/\/lotusgolf.vn\/vi\/product\/driver-ryoma-maxima-moi-ban-special-tunning","title":{"rendered":"Driver Ryoma maxima m\u1edbi B\u1ea3n special tunning m\u1edbi c\u00e1n v\u00f4 c\u1ef1c beyond power m\u1edbi"},"content":{"rendered":"<p>Driver Ryoma maxima m\u1edbi B\u1ea3n special tunning<br \/>\n10.5 \u0111\u1ed9 c\u00e1n v\u00f4 c\u1ef1c<\/p>\n<p>T\u00ecnh tr\u1ea1ng m\u1edbi 100%<\/p>\n<p>\ud83c\udfcc \ud835\udc69\ud835\udc8a\u0301 \ud835\udc8e\ud835\udc82\u0323\u0302\ud835\udc95 \u0111\ud835\udc82\u0306\u0300\ud835\udc8f\ud835\udc88 \ud835\udc94\ud835\udc82\ud835\udc96 \ud835\udc6a\ud835\udc82\u0301\ud835\udc8f \ud835\udc7d\ud835\udc90\u0302 \ud835\udc84\ud835\udc96\u031b\u0323\ud835\udc84 \ud835\udc69\ud835\udc86\ud835\udc9a\ud835\udc90\ud835\udc8f\ud835\udc85 \ud835\udc77\ud835\udc90\ud835\udc98\ud835\udc86\ud835\udc93 \ud835\udc84\ud835\udc96\u0309\ud835\udc82 \ud835\udc79\ud835\udc9a\ud835\udc90\ud835\udc8e\ud835\udc82 \u2013 \ud835\udc74\ud835\udc90\u0323\u0302\ud835\udc95 \ud835\udc84\ud835\udc89\ud835\udc90 \ud835\udc95\ud835\udc82\u0302\u0301\ud835\udc95 \ud835\udc84\ud835\udc82\u0309<br \/>\nNh\u1eefng chi\u1ebfc c\u00e1n v\u00f4 c\u1ef1c v\u1edbi h\u1ecda ti\u1ebft v\u1eb7n xo\u1eafn nh\u01b0 nh\u1eefng ng\u1ecdn l\u1eeda l\u00e0 c\u00e1i t\u00ean \u0111\u01b0\u1ee3c quan t\u00e2m nh\u1ea5t c\u1ee7a Ryoma t\u1ea1i Vi\u1ec7t Nam. B\u00ed m\u1eadt n\u1eb1m \u1edf v\u1eadt li\u1ec7u \u0111\u1eb7c ch\u1ebf c\u00f9ng thi\u1ebft k\u1ebf chuy\u00ean bi\u1ec7t, Ryoma Golf \u0111\u00e3 t\u1ea1o ra c\u00e1n g\u1eady mang t\u00ednh \u0111\u1ed9t ph\u00e1 l\u00e0m thay \u0111\u1ed5i kh\u00e1i ni\u1ec7m v\u1ec1 g\u1eady g\u00f4n.<br \/>\n\ud83d\udc49 C\u00e1n v\u00f4 c\u1ef1c Beyond Power n\u1ed5i ti\u1ebfng v\u1edbi l\u1ef1c u\u1ed1n c\u1ef1c cao nh\u1edd \u1ee9ng d\u1ee5ng t\u00ednh n\u0103ng u\u1ed1n cong c\u1ee7a roi da \u0111\u00e3 gi\u00fap t\u0103ng t\u1ed1c \u0111\u1ed9 \u0111\u1ea7u g\u1eady th\u00eam 1,2 m\/s.<br \/>\n\ud83d\udc49 Nh\u1edd \u0111\u1ed9 Flex \u221e (v\u00f4 c\u1ef1c) v\u00e0 chi\u1ec1u d\u00e0i 46 inch, c\u00e1n Beyond Power ph\u00f9 h\u1ee3p v\u1edbi t\u1ea5t c\u1ea3 c\u00e1c ki\u1ec3u swing. V\u1edbi nh\u1eefng c\u00fa swing nhanh, c\u00e1n g\u1eady s\u1ebd gi\u00fap \u0111\u1ea7u g\u1eady kh\u00f4ng b\u1ecb tr\u1ec5. C\u00f2n khi t\u1ed1c \u0111\u1ed9 \u0111\u1ea7u g\u1eady ch\u1eadm, c\u00e1n g\u1eady s\u1ebd gi\u00fap t\u1ea1o ra qu\u1ef9 \u0111\u1ea1o m\u1ea1nh m\u1ebd v\u1edbi ti\u1ebfp x\u00fac \u0111\u1ea7y uy l\u1ef1c. M\u1eb7c d\u00f9 m\u1ec1m nh\u01b0ng c\u00e1n g\u1eady kh\u00f4ng b\u1ecb v\u1eaby, b\u00f3ng kh\u00f4ng b\u1ecb bay l\u00ean qu\u00e1 cao d\u00f9 \u0111\u00e1nh m\u1ea1nh.<\/p>\n","protected":false},"excerpt":{"rendered":"<p>Driver Ryoma maxima m\u1edbi B\u1ea3n special tunning 10.5 \u0111\u1ed9 c\u00e1n v\u00f4 c\u1ef1c T\u00ecnh tr\u1ea1ng m\u1edbi 100% \ud83c\udfcc \ud835\udc69\ud835\udc8a\u0301 \ud835\udc8e\ud835\udc82\u0323\u0302\ud835\udc95 \u0111\ud835\udc82\u0306\u0300\ud835\udc8f\ud835\udc88 \ud835\udc94\ud835\udc82\ud835\udc96 \ud835\udc6a\ud835\udc82\u0301\ud835\udc8f \ud835\udc7d\ud835\udc90\u0302 \ud835\udc84\ud835\udc96\u031b\u0323\ud835\udc84 \ud835\udc69\ud835\udc86\ud835\udc9a\ud835\udc90\ud835\udc8f\ud835\udc85 \ud835\udc77\ud835\udc90\ud835\udc98\ud835\udc86\ud835\udc93 \ud835\udc84\ud835\udc96\u0309\ud835\udc82 \ud835\udc79\ud835\udc9a\ud835\udc90\ud835\udc8e\ud835\udc82 \u2013 \ud835\udc74\ud835\udc90\u0323\u0302\ud835\udc95 \ud835\udc84\ud835\udc89\ud835\udc90 \ud835\udc95\ud835\udc82\u0302\u0301\ud835\udc95 \ud835\udc84\ud835\udc82\u0309 Nh\u1eefng chi\u1ebfc c\u00e1n v\u00f4 c\u1ef1c v\u1edbi h\u1ecda ti\u1ebft v\u1eb7n xo\u1eafn nh\u01b0 nh\u1eefng ng\u1ecdn l\u1eeda l\u00e0 c\u00e1i t\u00ean \u0111\u01b0\u1ee3c quan t\u00e2m nh\u1ea5t c\u1ee7a [&#8230;]\n","protected":false},"featured_media":9508,"comment_status":"open","ping_status":"closed","template":"","meta":[],"product_brand":[],"product_cat":[84],"product_tag":[],"class_list":{"0":"post-9502","1":"product","2":"type-product","3":"status-publish","4":"has-post-thumbnail","6":"product_cat-driver","8":"first","9":"instock","10":"shipping-taxable","11":"product-type-simple"},"yoast_head":"<!-- This site is optimized with the Yoast SEO plugin v19.0 - https:\/\/yoast.com\/wordpress\/plugins\/seo\/ -->\n<title>Driver Ryoma maxima m\u1edbi B\u1ea3n special tunning m\u1edbi c\u00e1n v\u00f4 c\u1ef1c beyond power m\u1edbi -<\/title>\n<meta name=\"robots\" content=\"index, follow, max-snippet:-1, max-image-preview:large, max-video-preview:-1\" \/>\n<link rel=\"canonical\" href=\"https:\/\/lotusgolf.vn\/vi\/product\/driver-ryoma-maxima-moi-ban-special-tunning\/\" \/>\n<meta property=\"og:locale\" content=\"vi_VN\" \/>\n<meta property=\"og:type\" content=\"article\" \/>\n<meta property=\"og:title\" content=\"Driver Ryoma maxima m\u1edbi B\u1ea3n special tunning m\u1edbi c\u00e1n v\u00f4 c\u1ef1c beyond power m\u1edbi -\" \/>\n<meta property=\"og:description\" content=\"Driver Ryoma maxima m\u1edbi B\u1ea3n special tunning 10.5 \u0111\u1ed9 c\u00e1n v\u00f4 c\u1ef1c T\u00ecnh tr\u1ea1ng m\u1edbi 100% \ud83c\udfcc \ud835\udc69\ud835\udc8a\u0301 \ud835\udc8e\ud835\udc82\u0323\u0302\ud835\udc95 \u0111\ud835\udc82\u0306\u0300\ud835\udc8f\ud835\udc88 \ud835\udc94\ud835\udc82\ud835\udc96 \ud835\udc6a\ud835\udc82\u0301\ud835\udc8f \ud835\udc7d\ud835\udc90\u0302 \ud835\udc84\ud835\udc96\u031b\u0323\ud835\udc84 \ud835\udc69\ud835\udc86\ud835\udc9a\ud835\udc90\ud835\udc8f\ud835\udc85 \ud835\udc77\ud835\udc90\ud835\udc98\ud835\udc86\ud835\udc93 \ud835\udc84\ud835\udc96\u0309\ud835\udc82 \ud835\udc79\ud835\udc9a\ud835\udc90\ud835\udc8e\ud835\udc82 \u2013 \ud835\udc74\ud835\udc90\u0323\u0302\ud835\udc95 \ud835\udc84\ud835\udc89\ud835\udc90 \ud835\udc95\ud835\udc82\u0302\u0301\ud835\udc95 \ud835\udc84\ud835\udc82\u0309 Nh\u1eefng chi\u1ebfc c\u00e1n v\u00f4 c\u1ef1c v\u1edbi h\u1ecda ti\u1ebft v\u1eb7n xo\u1eafn nh\u01b0 nh\u1eefng ng\u1ecdn l\u1eeda l\u00e0 c\u00e1i t\u00ean \u0111\u01b0\u1ee3c quan t\u00e2m nh\u1ea5t c\u1ee7a [...]\" \/>\n<meta property=\"og:url\" content=\"https:\/\/lotusgolf.vn\/vi\/product\/driver-ryoma-maxima-moi-ban-special-tunning\/\" \/>\n<meta property=\"article:modified_time\" content=\"2025-08-10T21:15:27+00:00\" \/>\n<meta property=\"og:image\" content=\"https:\/\/lotusgolf.vn\/wp-content\/uploads\/2023\/10\/z4816807561602_c319b1c1835b6088987ceb8443f178d1.jpg\" \/>\n\t<meta property=\"og:image:width\" content=\"960\" \/>\n\t<meta property=\"og:image:height\" content=\"1280\" \/>\n\t<meta property=\"og:image:type\" content=\"image\/jpeg\" \/>\n<meta name=\"twitter:card\" content=\"summary_large_image\" \/>\n<meta name=\"twitter:label1\" content=\"\u01af\u1edbc t\u00ednh th\u1eddi gian \u0111\u1ecdc\" \/>\n\t<meta name=\"twitter:data1\" content=\"1 ph\u00fat\" \/>\n<script type=\"application\/ld+json\" class=\"yoast-schema-graph\">{\"@context\":\"https:\/\/schema.org\",\"@graph\":[{\"@type\":\"WebSite\",\"@id\":\"https:\/\/lotusgolf-b23998.ingress-bonde.ewp.live\/#website\",\"url\":\"https:\/\/lotusgolf-b23998.ingress-bonde.ewp.live\/\",\"name\":\"\",\"description\":\"\",\"potentialAction\":[{\"@type\":\"SearchAction\",\"target\":{\"@type\":\"EntryPoint\",\"urlTemplate\":\"https:\/\/lotusgolf-b23998.ingress-bonde.ewp.live\/?s={search_term_string}\"},\"query-input\":\"required name=search_term_string\"}],\"inLanguage\":\"vi\"},{\"@type\":\"ImageObject\",\"inLanguage\":\"vi\",\"@id\":\"https:\/\/lotusgolf.vn\/product\/driver-ryoma-maxima-moi-ban-special-tunning\/#primaryimage\",\"url\":\"https:\/\/lotusgolf.vn\/wp-content\/uploads\/2023\/10\/z4816807561602_c319b1c1835b6088987ceb8443f178d1.jpg\",\"contentUrl\":\"https:\/\/lotusgolf.vn\/wp-content\/uploads\/2023\/10\/z4816807561602_c319b1c1835b6088987ceb8443f178d1.jpg\",\"width\":960,\"height\":1280},{\"@type\":\"WebPage\",\"@id\":\"https:\/\/lotusgolf.vn\/product\/driver-ryoma-maxima-moi-ban-special-tunning\/#webpage\",\"url\":\"https:\/\/lotusgolf.vn\/product\/driver-ryoma-maxima-moi-ban-special-tunning\/\",\"name\":\"Driver Ryoma maxima m\u1edbi B\u1ea3n special tunning m\u1edbi c\u00e1n v\u00f4 c\u1ef1c beyond power m\u1edbi -\",\"isPartOf\":{\"@id\":\"https:\/\/lotusgolf-b23998.ingress-bonde.ewp.live\/#website\"},\"primaryImageOfPage\":{\"@id\":\"https:\/\/lotusgolf.vn\/product\/driver-ryoma-maxima-moi-ban-special-tunning\/#primaryimage\"},\"datePublished\":\"2023-10-28T08:39:24+00:00\",\"dateModified\":\"2025-08-10T21:15:27+00:00\",\"breadcrumb\":{\"@id\":\"https:\/\/lotusgolf.vn\/product\/driver-ryoma-maxima-moi-ban-special-tunning\/#breadcrumb\"},\"inLanguage\":\"vi\",\"potentialAction\":[{\"@type\":\"ReadAction\",\"target\":[\"https:\/\/lotusgolf.vn\/product\/driver-ryoma-maxima-moi-ban-special-tunning\/\"]}]},{\"@type\":\"BreadcrumbList\",\"@id\":\"https:\/\/lotusgolf.vn\/product\/driver-ryoma-maxima-moi-ban-special-tunning\/#breadcrumb\",\"itemListElement\":[{\"@type\":\"ListItem\",\"position\":1,\"name\":\"Home\",\"item\":\"https:\/\/lotusgolf.vn\/\"},{\"@type\":\"ListItem\",\"position\":2,\"name\":\"Shop\",\"item\":\"https:\/\/lotusgolf-b23998.ingress-bonde.ewp.live\/shop\/\"},{\"@type\":\"ListItem\",\"position\":3,\"name\":\"Driver Ryoma maxima m\u1edbi B\u1ea3n special tunning m\u1edbi c\u00e1n v\u00f4 c\u1ef1c beyond power m\u1edbi\"}]}]}<\/script>\n<!-- \/ Yoast SEO plugin. -->","yoast_head_json":{"title":"Driver Ryoma maxima m\u1edbi B\u1ea3n special tunning m\u1edbi c\u00e1n v\u00f4 c\u1ef1c beyond power m\u1edbi -","robots":{"index":"index","follow":"follow","max-snippet":"max-snippet:-1","max-image-preview":"max-image-preview:large","max-video-preview":"max-video-preview:-1"},"canonical":"https:\/\/lotusgolf.vn\/vi\/product\/driver-ryoma-maxima-moi-ban-special-tunning\/","og_locale":"vi_VN","og_type":"article","og_title":"Driver Ryoma maxima m\u1edbi B\u1ea3n special tunning m\u1edbi c\u00e1n v\u00f4 c\u1ef1c beyond power m\u1edbi -","og_description":"Driver Ryoma maxima m\u1edbi B\u1ea3n special tunning 10.5 \u0111\u1ed9 c\u00e1n v\u00f4 c\u1ef1c T\u00ecnh tr\u1ea1ng m\u1edbi 100% \ud83c\udfcc \ud835\udc69\ud835\udc8a\u0301 \ud835\udc8e\ud835\udc82\u0323\u0302\ud835\udc95 \u0111\ud835\udc82\u0306\u0300\ud835\udc8f\ud835\udc88 \ud835\udc94\ud835\udc82\ud835\udc96 \ud835\udc6a\ud835\udc82\u0301\ud835\udc8f \ud835\udc7d\ud835\udc90\u0302 \ud835\udc84\ud835\udc96\u031b\u0323\ud835\udc84 \ud835\udc69\ud835\udc86\ud835\udc9a\ud835\udc90\ud835\udc8f\ud835\udc85 \ud835\udc77\ud835\udc90\ud835\udc98\ud835\udc86\ud835\udc93 \ud835\udc84\ud835\udc96\u0309\ud835\udc82 \ud835\udc79\ud835\udc9a\ud835\udc90\ud835\udc8e\ud835\udc82 \u2013 \ud835\udc74\ud835\udc90\u0323\u0302\ud835\udc95 \ud835\udc84\ud835\udc89\ud835\udc90 \ud835\udc95\ud835\udc82\u0302\u0301\ud835\udc95 \ud835\udc84\ud835\udc82\u0309 Nh\u1eefng chi\u1ebfc c\u00e1n v\u00f4 c\u1ef1c v\u1edbi h\u1ecda ti\u1ebft v\u1eb7n xo\u1eafn nh\u01b0 nh\u1eefng ng\u1ecdn l\u1eeda l\u00e0 c\u00e1i t\u00ean \u0111\u01b0\u1ee3c quan t\u00e2m nh\u1ea5t c\u1ee7a [...]","og_url":"https:\/\/lotusgolf.vn\/vi\/product\/driver-ryoma-maxima-moi-ban-special-tunning\/","article_modified_time":"2025-08-10T21:15:27+00:00","og_image":[{"width":960,"height":1280,"url":"https:\/\/lotusgolf.vn\/wp-content\/uploads\/2023\/10\/z4816807561602_c319b1c1835b6088987ceb8443f178d1.jpg","type":"image\/jpeg"}],"twitter_card":"summary_large_image","twitter_misc":{"\u01af\u1edbc t\u00ednh th\u1eddi gian \u0111\u1ecdc":"1 ph\u00fat"},"schema":{"@context":"https:\/\/schema.org","@graph":[{"@type":"WebSite","@id":"https:\/\/lotusgolf-b23998.ingress-bonde.ewp.live\/#website","url":"https:\/\/lotusgolf-b23998.ingress-bonde.ewp.live\/","name":"","description":"","potentialAction":[{"@type":"SearchAction","target":{"@type":"EntryPoint","urlTemplate":"https:\/\/lotusgolf-b23998.ingress-bonde.ewp.live\/?s={search_term_string}"},"query-input":"required name=search_term_string"}],"inLanguage":"vi"},{"@type":"ImageObject","inLanguage":"vi","@id":"https:\/\/lotusgolf.vn\/product\/driver-ryoma-maxima-moi-ban-special-tunning\/#primaryimage","url":"https:\/\/lotusgolf.vn\/wp-content\/uploads\/2023\/10\/z4816807561602_c319b1c1835b6088987ceb8443f178d1.jpg","contentUrl":"https:\/\/lotusgolf.vn\/wp-content\/uploads\/2023\/10\/z4816807561602_c319b1c1835b6088987ceb8443f178d1.jpg","width":960,"height":1280},{"@type":"WebPage","@id":"https:\/\/lotusgolf.vn\/product\/driver-ryoma-maxima-moi-ban-special-tunning\/#webpage","url":"https:\/\/lotusgolf.vn\/product\/driver-ryoma-maxima-moi-ban-special-tunning\/","name":"Driver Ryoma maxima m\u1edbi B\u1ea3n special tunning m\u1edbi c\u00e1n v\u00f4 c\u1ef1c beyond power m\u1edbi -","isPartOf":{"@id":"https:\/\/lotusgolf-b23998.ingress-bonde.ewp.live\/#website"},"primaryImageOfPage":{"@id":"https:\/\/lotusgolf.vn\/product\/driver-ryoma-maxima-moi-ban-special-tunning\/#primaryimage"},"datePublished":"2023-10-28T08:39:24+00:00","dateModified":"2025-08-10T21:15:27+00:00","breadcrumb":{"@id":"https:\/\/lotusgolf.vn\/product\/driver-ryoma-maxima-moi-ban-special-tunning\/#breadcrumb"},"inLanguage":"vi","potentialAction":[{"@type":"ReadAction","target":["https:\/\/lotusgolf.vn\/product\/driver-ryoma-maxima-moi-ban-special-tunning\/"]}]},{"@type":"BreadcrumbList","@id":"https:\/\/lotusgolf.vn\/product\/driver-ryoma-maxima-moi-ban-special-tunning\/#breadcrumb","itemListElement":[{"@type":"ListItem","position":1,"name":"Home","item":"https:\/\/lotusgolf.vn\/"},{"@type":"ListItem","position":2,"name":"Shop","item":"https:\/\/lotusgolf-b23998.ingress-bonde.ewp.live\/shop\/"},{"@type":"ListItem","position":3,"name":"Driver Ryoma maxima m\u1edbi B\u1ea3n special tunning m\u1edbi c\u00e1n v\u00f4 c\u1ef1c beyond power m\u1edbi"}]}]}},"_links":{"self":[{"href":"https:\/\/lotusgolf.vn\/vi\/wp-json\/wp\/v2\/product\/9502","targetHints":{"allow":["GET"]}}],"collection":[{"href":"https:\/\/lotusgolf.vn\/vi\/wp-json\/wp\/v2\/product"}],"about":[{"href":"https:\/\/lotusgolf.vn\/vi\/wp-json\/wp\/v2\/types\/product"}],"replies":[{"embeddable":true,"href":"https:\/\/lotusgolf.vn\/vi\/wp-json\/wp\/v2\/comments?post=9502"}],"wp:featuredmedia":[{"embeddable":true,"href":"https:\/\/lotusgolf.vn\/vi\/wp-json\/wp\/v2\/media\/9508"}],"wp:attachment":[{"href":"https:\/\/lotusgolf.vn\/vi\/wp-json\/wp\/v2\/media?parent=9502"}],"wp:term":[{"taxonomy":"product_brand","embeddable":true,"href":"https:\/\/lotusgolf.vn\/vi\/wp-json\/wp\/v2\/product_brand?post=9502"},{"taxonomy":"product_cat","embeddable":true,"href":"https:\/\/lotusgolf.vn\/vi\/wp-json\/wp\/v2\/product_cat?post=9502"},{"taxonomy":"product_tag","embeddable":true,"href":"https:\/\/lotusgolf.vn\/vi\/wp-json\/wp\/v2\/product_tag?post=9502"}],"curies":[{"name":"wp","href":"https:\/\/api.w.org\/{rel}","templated":true}]}}