{"id":976,"date":"2022-07-23T08:41:49","date_gmt":"2022-07-23T08:41:49","guid":{"rendered":"https:\/\/lotusgolf.vn\/?post_type=product&#038;p=976"},"modified":"2022-07-23T10:53:22","modified_gmt":"2022-07-23T10:53:22","slug":"driver-mizuno-st200-2","status":"publish","type":"product","link":"https:\/\/lotusgolf.vn\/vi\/product\/driver-mizuno-st200-2","title":{"rendered":"Driver Mizuno ST200"},"content":{"rendered":"<p>H\u00e3ng s\u1ea3n xu\u1ea5t: Mizuno<\/p>\n<p>Loft: 10.5 \u0111\u1ed9<\/p>\n<p>C\u00e1n: S<\/p>\n<p>Nguy\u00ean b\u1ea3n, ch\u00ednh h\u00e3ng<\/p>\n<p>T\u00ecnh Tr\u1ea1ng: M\u1edbi 90%<\/p>\n","protected":false},"excerpt":{"rendered":"<p>H\u00e3ng s\u1ea3n xu\u1ea5t: Mizuno Loft: 10.5 \u0111\u1ed9 C\u00e1n: S Nguy\u00ean b\u1ea3n, ch\u00ednh h\u00e3ng T\u00ecnh Tr\u1ea1ng: M\u1edbi 90%<\/p>\n","protected":false},"featured_media":0,"comment_status":"open","ping_status":"closed","template":"","meta":[],"product_brand":[],"product_cat":[84],"product_tag":[],"class_list":{"0":"post-976","1":"product","2":"type-product","3":"status-publish","5":"product_cat-driver","7":"first","8":"instock","9":"sale","10":"shipping-taxable","11":"purchasable","12":"product-type-variable"},"yoast_head":"<!-- This site is optimized with the Yoast SEO plugin v19.0 - https:\/\/yoast.com\/wordpress\/plugins\/seo\/ -->\n<title>Driver Mizuno ST200 -<\/title>\n<meta name=\"robots\" content=\"index, follow, max-snippet:-1, max-image-preview:large, max-video-preview:-1\" \/>\n<link rel=\"canonical\" href=\"https:\/\/lotusgolf.vn\/vi\/product\/driver-mizuno-st200-2\/\" \/>\n<meta property=\"og:locale\" content=\"vi_VN\" \/>\n<meta property=\"og:type\" content=\"article\" \/>\n<meta property=\"og:title\" content=\"Driver Mizuno ST200 -\" \/>\n<meta property=\"og:description\" content=\"H\u00e3ng s\u1ea3n xu\u1ea5t: Mizuno Loft: 10.5 \u0111\u1ed9 C\u00e1n: S Nguy\u00ean b\u1ea3n, ch\u00ednh h\u00e3ng T\u00ecnh Tr\u1ea1ng: M\u1edbi 90%\" \/>\n<meta property=\"og:url\" content=\"https:\/\/lotusgolf.vn\/vi\/product\/driver-mizuno-st200-2\/\" \/>\n<meta property=\"article:modified_time\" content=\"2022-07-23T10:53:22+00:00\" \/>\n<meta property=\"og:image\" content=\"https:\/\/lotusgolf.vn\/wp-content\/uploads\/2022\/07\/294464528_591456882700537_1271348200372977098_n.jpg\" \/>\n\t<meta property=\"og:image:width\" content=\"1536\" \/>\n\t<meta property=\"og:image:height\" content=\"2048\" \/>\n\t<meta property=\"og:image:type\" content=\"image\/jpeg\" \/>\n<meta name=\"twitter:card\" content=\"summary_large_image\" \/>\n<meta name=\"twitter:label1\" content=\"\u01af\u1edbc t\u00ednh th\u1eddi gian \u0111\u1ecdc\" \/>\n\t<meta name=\"twitter:data1\" content=\"1 ph\u00fat\" \/>\n<script type=\"application\/ld+json\" class=\"yoast-schema-graph\">{\"@context\":\"https:\/\/schema.org\",\"@graph\":[{\"@type\":\"WebSite\",\"@id\":\"https:\/\/lotusgolf-b23998.ingress-bonde.ewp.live\/#website\",\"url\":\"https:\/\/lotusgolf-b23998.ingress-bonde.ewp.live\/\",\"name\":\"\",\"description\":\"\",\"potentialAction\":[{\"@type\":\"SearchAction\",\"target\":{\"@type\":\"EntryPoint\",\"urlTemplate\":\"https:\/\/lotusgolf-b23998.ingress-bonde.ewp.live\/?s={search_term_string}\"},\"query-input\":\"required name=search_term_string\"}],\"inLanguage\":\"vi\"},{\"@type\":\"WebPage\",\"@id\":\"https:\/\/lotusgolf.vn\/product\/driver-mizuno-st200-2\/#webpage\",\"url\":\"https:\/\/lotusgolf.vn\/product\/driver-mizuno-st200-2\/\",\"name\":\"Driver Mizuno ST200 -\",\"isPartOf\":{\"@id\":\"https:\/\/lotusgolf-b23998.ingress-bonde.ewp.live\/#website\"},\"datePublished\":\"2022-07-23T08:41:49+00:00\",\"dateModified\":\"2022-07-23T10:53:22+00:00\",\"breadcrumb\":{\"@id\":\"https:\/\/lotusgolf.vn\/product\/driver-mizuno-st200-2\/#breadcrumb\"},\"inLanguage\":\"vi\",\"potentialAction\":[{\"@type\":\"ReadAction\",\"target\":[\"https:\/\/lotusgolf.vn\/product\/driver-mizuno-st200-2\/\"]}]},{\"@type\":\"BreadcrumbList\",\"@id\":\"https:\/\/lotusgolf.vn\/product\/driver-mizuno-st200-2\/#breadcrumb\",\"itemListElement\":[{\"@type\":\"ListItem\",\"position\":1,\"name\":\"Home\",\"item\":\"https:\/\/lotusgolf.vn\/\"},{\"@type\":\"ListItem\",\"position\":2,\"name\":\"Shop\",\"item\":\"https:\/\/lotusgolf-b23998.ingress-bonde.ewp.live\/shop\/\"},{\"@type\":\"ListItem\",\"position\":3,\"name\":\"Driver Mizuno ST200\"}]}]}<\/script>\n<!-- \/ Yoast SEO plugin. -->","yoast_head_json":{"title":"Driver Mizuno ST200 -","robots":{"index":"index","follow":"follow","max-snippet":"max-snippet:-1","max-image-preview":"max-image-preview:large","max-video-preview":"max-video-preview:-1"},"canonical":"https:\/\/lotusgolf.vn\/vi\/product\/driver-mizuno-st200-2\/","og_locale":"vi_VN","og_type":"article","og_title":"Driver Mizuno ST200 -","og_description":"H\u00e3ng s\u1ea3n xu\u1ea5t: Mizuno Loft: 10.5 \u0111\u1ed9 C\u00e1n: S Nguy\u00ean b\u1ea3n, ch\u00ednh h\u00e3ng T\u00ecnh Tr\u1ea1ng: M\u1edbi 90%","og_url":"https:\/\/lotusgolf.vn\/vi\/product\/driver-mizuno-st200-2\/","article_modified_time":"2022-07-23T10:53:22+00:00","og_image":[{"width":1536,"height":2048,"url":"https:\/\/lotusgolf.vn\/wp-content\/uploads\/2022\/07\/294464528_591456882700537_1271348200372977098_n.jpg","type":"image\/jpeg"}],"twitter_card":"summary_large_image","twitter_misc":{"\u01af\u1edbc t\u00ednh th\u1eddi gian \u0111\u1ecdc":"1 ph\u00fat"},"schema":{"@context":"https:\/\/schema.org","@graph":[{"@type":"WebSite","@id":"https:\/\/lotusgolf-b23998.ingress-bonde.ewp.live\/#website","url":"https:\/\/lotusgolf-b23998.ingress-bonde.ewp.live\/","name":"","description":"","potentialAction":[{"@type":"SearchAction","target":{"@type":"EntryPoint","urlTemplate":"https:\/\/lotusgolf-b23998.ingress-bonde.ewp.live\/?s={search_term_string}"},"query-input":"required name=search_term_string"}],"inLanguage":"vi"},{"@type":"WebPage","@id":"https:\/\/lotusgolf.vn\/product\/driver-mizuno-st200-2\/#webpage","url":"https:\/\/lotusgolf.vn\/product\/driver-mizuno-st200-2\/","name":"Driver Mizuno ST200 -","isPartOf":{"@id":"https:\/\/lotusgolf-b23998.ingress-bonde.ewp.live\/#website"},"datePublished":"2022-07-23T08:41:49+00:00","dateModified":"2022-07-23T10:53:22+00:00","breadcrumb":{"@id":"https:\/\/lotusgolf.vn\/product\/driver-mizuno-st200-2\/#breadcrumb"},"inLanguage":"vi","potentialAction":[{"@type":"ReadAction","target":["https:\/\/lotusgolf.vn\/product\/driver-mizuno-st200-2\/"]}]},{"@type":"BreadcrumbList","@id":"https:\/\/lotusgolf.vn\/product\/driver-mizuno-st200-2\/#breadcrumb","itemListElement":[{"@type":"ListItem","position":1,"name":"Home","item":"https:\/\/lotusgolf.vn\/"},{"@type":"ListItem","position":2,"name":"Shop","item":"https:\/\/lotusgolf-b23998.ingress-bonde.ewp.live\/shop\/"},{"@type":"ListItem","position":3,"name":"Driver Mizuno ST200"}]}]}},"_links":{"self":[{"href":"https:\/\/lotusgolf.vn\/vi\/wp-json\/wp\/v2\/product\/976","targetHints":{"allow":["GET"]}}],"collection":[{"href":"https:\/\/lotusgolf.vn\/vi\/wp-json\/wp\/v2\/product"}],"about":[{"href":"https:\/\/lotusgolf.vn\/vi\/wp-json\/wp\/v2\/types\/product"}],"replies":[{"embeddable":true,"href":"https:\/\/lotusgolf.vn\/vi\/wp-json\/wp\/v2\/comments?post=976"}],"wp:attachment":[{"href":"https:\/\/lotusgolf.vn\/vi\/wp-json\/wp\/v2\/media?parent=976"}],"wp:term":[{"taxonomy":"product_brand","embeddable":true,"href":"https:\/\/lotusgolf.vn\/vi\/wp-json\/wp\/v2\/product_brand?post=976"},{"taxonomy":"product_cat","embeddable":true,"href":"https:\/\/lotusgolf.vn\/vi\/wp-json\/wp\/v2\/product_cat?post=976"},{"taxonomy":"product_tag","embeddable":true,"href":"https:\/\/lotusgolf.vn\/vi\/wp-json\/wp\/v2\/product_tag?post=976"}],"curies":[{"name":"wp","href":"https:\/\/api.w.org\/{rel}","templated":true}]}}